{"id":33048,"date":"2021-06-23T08:13:08","date_gmt":"2021-06-23T06:13:08","guid":{"rendered":"https:\/\/www.softub.ch\/?post_type=product&#038;p=33048"},"modified":"2024-09-18T16:19:52","modified_gmt":"2024-09-18T14:19:52","slug":"weka-thermometer-fuer-ir-kabinen","status":"publish","type":"product","link":"https:\/\/www.softub.ch\/fr\/produit\/weka-thermometer-fuer-ir-kabinen\/","title":{"rendered":"Weka Thermometer f\u00fcr IR-Kabinen &#8211; sportlich und einfach"},"content":{"rendered":"<h1><span style=\"color: #429bba\">Weka Thermometer f\u00fcr IR Kabinen<\/span><\/h1>\n<p>Der Weka Thermometer f\u00fcr IR-Kabinen bestimmt zur jederzeit genau die Temperatur. Nutzen Sie das sportliche Thermometer speziell f\u00fcr IR Kabinen.<\/p>\n<p>&nbsp;<\/p>\n<h3 class=\"fusion-responsive-typography-calculated\" data-fontsize=\"18\" data-lineheight=\"27px\">Weiteres Zubeh\u00f6r von Weka:<\/h3>\n<p>Wir haben ein reichhaltiges Zubeh\u00f6rsortiment f\u00fcr Sie zusammengestellt, so dass Sie sich die passenden Produkte in Ruhe in unserem Onlineshop ausw\u00e4hlen k\u00f6nnen. Wenn Sie sich dar\u00fcber hinaus Ihre ganz pers\u00f6nliche Wellness-Oase schaffen wollen, so schauen Sie sich doch einfach unsere Softub\u00a0<a href=\"https:\/\/softub.ch\/simply-relaxing\/softub-whirlpools\/\">Whirlpools<\/a>\u00a0an \u2013 eventuell auch in Kombination mit einem\u00a0<a href=\"https:\/\/meinschattenspender.ch\/\">Unosider-<\/a><a href=\"https:\/\/meinschattenspender.ch\/\">Pavillon<\/a>.<\/p>\n<p>Wir beraten Sie gerne, telefonisch, in einem unserer Showrooms oder bei Ihnen Zuhause.<\/p>\n","protected":false},"excerpt":{"rendered":"<h1><span style=\"color: #429bba\">Weka Thermometer f\u00fcr IR Kabinen<\/span><\/h1>\n<p>F\u00fcr Infrarotkabinen.<\/p>\n","protected":false},"featured_media":33050,"template":"","meta":{"_acf_changed":false},"product_brand":[],"product_cat":[591],"product_tag":[490,1889,4081,430,778,567,1179,3040,4080,83,4072,4075,1202,4077,4074,4076,4073,184,1125,3742],"woo-feed-brand":[],"class_list":{"0":"post-33048","1":"product","2":"type-product","3":"status-publish","4":"has-post-thumbnail","6":"product_cat-saunazubehoer","7":"product_tag-infrarotkabine","8":"product_tag-infrarotkabine-von-weka","9":"product_tag-runder-thermometer","10":"product_tag-sauna","11":"product_tag-saunawelt","12":"product_tag-softub","13":"product_tag-softub-schweiz","14":"product_tag-softub-schweiz-ag","15":"product_tag-sportlicher-thermometer","16":"product_tag-thermometer","17":"product_tag-thermometer-fuer-infrarot-waermekabine","18":"product_tag-weka-infrarotkbaine","19":"product_tag-weka-sauna","20":"product_tag-weka-schweiz","21":"product_tag-weka-thermometer","22":"product_tag-weka-thermometer-fuer-infrarot-kabine","23":"product_tag-weka-thermometer-fuer-ir-kabinen","24":"product_tag-wellness","25":"product_tag-wellnessoase","26":"product_tag-wohlfuehloase","27":"product_shipping_class-post-20","29":"first","30":"instock","31":"taxable","32":"shipping-taxable","33":"purchasable","34":"product-type-simple"},"acf":[],"yoast_head":"<!-- This site is optimized with the Yoast SEO Premium plugin v27.5 (Yoast SEO v27.5) - https:\/\/yoast.com\/product\/yoast-seo-premium-wordpress\/ -->\n<title>Weka Thermometer f\u00fcr IR Kabinen - sportlich und einfach<\/title>\n<meta name=\"description\" content=\"Der Weka Thermometer f\u00fcr IR-Kabinen bestimmt zur jederzeit genau die Temperatur. Sportlich und einfach anzubauen.\" \/>\n<meta name=\"robots\" content=\"index, follow, max-snippet:-1, max-image-preview:large, max-video-preview:-1\" \/>\n<link rel=\"canonical\" href=\"https:\/\/www.softub.ch\/produkt\/weka-thermometer-fuer-ir-kabinen\/\" \/>\n<meta property=\"og:locale\" content=\"fr_FR\" \/>\n<meta property=\"og:type\" content=\"article\" \/>\n<meta property=\"og:title\" content=\"Weka Thermometer f\u00fcr IR-Kabinen - sportlich und einfach\" \/>\n<meta property=\"og:description\" content=\"Der Weka Thermometer f\u00fcr IR-Kabinen bestimmt zur jederzeit genau die Temperatur. Sportlich und einfach anzubauen.\" \/>\n<meta property=\"og:url\" content=\"https:\/\/www.softub.ch\/produkt\/weka-thermometer-fuer-ir-kabinen\/\" \/>\n<meta property=\"og:site_name\" content=\"Softub Schweiz\" \/>\n<meta property=\"article:publisher\" content=\"https:\/\/www.facebook.com\/softubschweiz\" \/>\n<meta property=\"article:modified_time\" content=\"2024-09-18T14:19:52+00:00\" \/>\n<meta property=\"og:image\" content=\"https:\/\/www.softub.ch\/wp-content\/uploads\/Weka-Thermometer-fuer-IR-Kabinen-Softub-Schweiz.jpg\" \/>\n\t<meta property=\"og:image:width\" content=\"1920\" \/>\n\t<meta property=\"og:image:height\" content=\"1080\" \/>\n\t<meta property=\"og:image:type\" content=\"image\/jpeg\" \/>\n<meta name=\"twitter:card\" content=\"summary_large_image\" \/>\n<meta name=\"twitter:label1\" content=\"Dur\u00e9e de lecture estim\u00e9e\" \/>\n\t<meta name=\"twitter:data1\" content=\"1 minute\" \/>\n<script type=\"application\/ld+json\" class=\"yoast-schema-graph\">{\"@context\":\"https:\\\/\\\/schema.org\",\"@graph\":[{\"@type\":\"WebPage\",\"@id\":\"https:\\\/\\\/www.softub.ch\\\/produkt\\\/weka-thermometer-fuer-ir-kabinen\\\/\",\"url\":\"https:\\\/\\\/www.softub.ch\\\/produkt\\\/weka-thermometer-fuer-ir-kabinen\\\/\",\"name\":\"Weka Thermometer f\u00fcr IR Kabinen - sportlich und einfach\",\"isPartOf\":{\"@id\":\"https:\\\/\\\/www.softub.ch\\\/fr\\\/#website\"},\"primaryImageOfPage\":{\"@id\":\"https:\\\/\\\/www.softub.ch\\\/produkt\\\/weka-thermometer-fuer-ir-kabinen\\\/#primaryimage\"},\"image\":{\"@id\":\"https:\\\/\\\/www.softub.ch\\\/produkt\\\/weka-thermometer-fuer-ir-kabinen\\\/#primaryimage\"},\"thumbnailUrl\":\"https:\\\/\\\/www.softub.ch\\\/wp-content\\\/uploads\\\/Weka-Thermometer-fuer-IR-Kabinen-Softub-Schweiz.jpg\",\"datePublished\":\"2021-06-23T06:13:08+00:00\",\"dateModified\":\"2024-09-18T14:19:52+00:00\",\"description\":\"Der Weka Thermometer f\u00fcr IR-Kabinen bestimmt zur jederzeit genau die Temperatur. Sportlich und einfach anzubauen.\",\"breadcrumb\":{\"@id\":\"https:\\\/\\\/www.softub.ch\\\/produkt\\\/weka-thermometer-fuer-ir-kabinen\\\/#breadcrumb\"},\"inLanguage\":\"fr-FR\",\"potentialAction\":[{\"@type\":\"ReadAction\",\"target\":[\"https:\\\/\\\/www.softub.ch\\\/produkt\\\/weka-thermometer-fuer-ir-kabinen\\\/\"]}]},{\"@type\":\"ImageObject\",\"inLanguage\":\"fr-FR\",\"@id\":\"https:\\\/\\\/www.softub.ch\\\/produkt\\\/weka-thermometer-fuer-ir-kabinen\\\/#primaryimage\",\"url\":\"https:\\\/\\\/www.softub.ch\\\/wp-content\\\/uploads\\\/Weka-Thermometer-fuer-IR-Kabinen-Softub-Schweiz.jpg\",\"contentUrl\":\"https:\\\/\\\/www.softub.ch\\\/wp-content\\\/uploads\\\/Weka-Thermometer-fuer-IR-Kabinen-Softub-Schweiz.jpg\",\"width\":1920,\"height\":1080,\"caption\":\"Weka Thermometer f\u00fcr IR Kabinen. Eine weisser runder Thermometer an einer Holzwand angebracht.\"},{\"@type\":\"BreadcrumbList\",\"@id\":\"https:\\\/\\\/www.softub.ch\\\/produkt\\\/weka-thermometer-fuer-ir-kabinen\\\/#breadcrumb\",\"itemListElement\":[{\"@type\":\"ListItem\",\"position\":1,\"name\":\"Startseite\",\"item\":\"https:\\\/\\\/www.softub.ch\\\/fr\\\/\"},{\"@type\":\"ListItem\",\"position\":2,\"name\":\"Shop\",\"item\":\"https:\\\/\\\/www.softub.ch\\\/fr\\\/softub-suisse-shop\\\/\"},{\"@type\":\"ListItem\",\"position\":3,\"name\":\"Weka Thermometer f\u00fcr IR-Kabinen &#8211; sportlich und einfach\"}]},{\"@type\":\"WebSite\",\"@id\":\"https:\\\/\\\/www.softub.ch\\\/fr\\\/#website\",\"url\":\"https:\\\/\\\/www.softub.ch\\\/fr\\\/\",\"name\":\"Softub Schweiz\",\"description\":\"Softub - Wir machen Ferien Zuhause\",\"publisher\":{\"@id\":\"https:\\\/\\\/www.softub.ch\\\/fr\\\/#organization\"},\"potentialAction\":[{\"@type\":\"SearchAction\",\"target\":{\"@type\":\"EntryPoint\",\"urlTemplate\":\"https:\\\/\\\/www.softub.ch\\\/fr\\\/?s={search_term_string}\"},\"query-input\":{\"@type\":\"PropertyValueSpecification\",\"valueRequired\":true,\"valueName\":\"search_term_string\"}}],\"inLanguage\":\"fr-FR\"},{\"@type\":\"Organization\",\"@id\":\"https:\\\/\\\/www.softub.ch\\\/fr\\\/#organization\",\"name\":\"Softub Schweiz AG\",\"url\":\"https:\\\/\\\/www.softub.ch\\\/fr\\\/\",\"logo\":{\"@type\":\"ImageObject\",\"inLanguage\":\"fr-FR\",\"@id\":\"https:\\\/\\\/www.softub.ch\\\/fr\\\/#\\\/schema\\\/logo\\\/image\\\/\",\"url\":\"https:\\\/\\\/www.softub.ch\\\/wp-content\\\/uploads\\\/Softub-Logo-Softub-Schweiz-.png\",\"contentUrl\":\"https:\\\/\\\/www.softub.ch\\\/wp-content\\\/uploads\\\/Softub-Logo-Softub-Schweiz-.png\",\"width\":200,\"height\":73,\"caption\":\"Softub Schweiz AG\"},\"image\":{\"@id\":\"https:\\\/\\\/www.softub.ch\\\/fr\\\/#\\\/schema\\\/logo\\\/image\\\/\"},\"sameAs\":[\"https:\\\/\\\/www.facebook.com\\\/softubschweiz\",\"https:\\\/\\\/www.instagram.com\\\/softub_schweiz\\\/\",\"https:\\\/\\\/ch.pinterest.com\\\/softub_schweiz\\\/\",\"https:\\\/\\\/www.linkedin.com\\\/company\\\/softub-schweiz-ag\\\/\"]}]}<\/script>\n<!-- \/ Yoast SEO Premium plugin. -->","yoast_head_json":{"title":"Weka Thermometer f\u00fcr IR Kabinen - sportlich und einfach","description":"Der Weka Thermometer f\u00fcr IR-Kabinen bestimmt zur jederzeit genau die Temperatur. Sportlich und einfach anzubauen.","robots":{"index":"index","follow":"follow","max-snippet":"max-snippet:-1","max-image-preview":"max-image-preview:large","max-video-preview":"max-video-preview:-1"},"canonical":"https:\/\/www.softub.ch\/produkt\/weka-thermometer-fuer-ir-kabinen\/","og_locale":"fr_FR","og_type":"article","og_title":"Weka Thermometer f\u00fcr IR-Kabinen - sportlich und einfach","og_description":"Der Weka Thermometer f\u00fcr IR-Kabinen bestimmt zur jederzeit genau die Temperatur. Sportlich und einfach anzubauen.","og_url":"https:\/\/www.softub.ch\/produkt\/weka-thermometer-fuer-ir-kabinen\/","og_site_name":"Softub Schweiz","article_publisher":"https:\/\/www.facebook.com\/softubschweiz","article_modified_time":"2024-09-18T14:19:52+00:00","og_image":[{"width":1920,"height":1080,"url":"https:\/\/www.softub.ch\/wp-content\/uploads\/Weka-Thermometer-fuer-IR-Kabinen-Softub-Schweiz.jpg","type":"image\/jpeg"}],"twitter_card":"summary_large_image","twitter_misc":{"Dur\u00e9e de lecture estim\u00e9e":"1 minute"},"schema":{"@context":"https:\/\/schema.org","@graph":[{"@type":"WebPage","@id":"https:\/\/www.softub.ch\/produkt\/weka-thermometer-fuer-ir-kabinen\/","url":"https:\/\/www.softub.ch\/produkt\/weka-thermometer-fuer-ir-kabinen\/","name":"Weka Thermometer f\u00fcr IR Kabinen - sportlich und einfach","isPartOf":{"@id":"https:\/\/www.softub.ch\/fr\/#website"},"primaryImageOfPage":{"@id":"https:\/\/www.softub.ch\/produkt\/weka-thermometer-fuer-ir-kabinen\/#primaryimage"},"image":{"@id":"https:\/\/www.softub.ch\/produkt\/weka-thermometer-fuer-ir-kabinen\/#primaryimage"},"thumbnailUrl":"https:\/\/www.softub.ch\/wp-content\/uploads\/Weka-Thermometer-fuer-IR-Kabinen-Softub-Schweiz.jpg","datePublished":"2021-06-23T06:13:08+00:00","dateModified":"2024-09-18T14:19:52+00:00","description":"Der Weka Thermometer f\u00fcr IR-Kabinen bestimmt zur jederzeit genau die Temperatur. Sportlich und einfach anzubauen.","breadcrumb":{"@id":"https:\/\/www.softub.ch\/produkt\/weka-thermometer-fuer-ir-kabinen\/#breadcrumb"},"inLanguage":"fr-FR","potentialAction":[{"@type":"ReadAction","target":["https:\/\/www.softub.ch\/produkt\/weka-thermometer-fuer-ir-kabinen\/"]}]},{"@type":"ImageObject","inLanguage":"fr-FR","@id":"https:\/\/www.softub.ch\/produkt\/weka-thermometer-fuer-ir-kabinen\/#primaryimage","url":"https:\/\/www.softub.ch\/wp-content\/uploads\/Weka-Thermometer-fuer-IR-Kabinen-Softub-Schweiz.jpg","contentUrl":"https:\/\/www.softub.ch\/wp-content\/uploads\/Weka-Thermometer-fuer-IR-Kabinen-Softub-Schweiz.jpg","width":1920,"height":1080,"caption":"Weka Thermometer f\u00fcr IR Kabinen. Eine weisser runder Thermometer an einer Holzwand angebracht."},{"@type":"BreadcrumbList","@id":"https:\/\/www.softub.ch\/produkt\/weka-thermometer-fuer-ir-kabinen\/#breadcrumb","itemListElement":[{"@type":"ListItem","position":1,"name":"Startseite","item":"https:\/\/www.softub.ch\/fr\/"},{"@type":"ListItem","position":2,"name":"Shop","item":"https:\/\/www.softub.ch\/fr\/softub-suisse-shop\/"},{"@type":"ListItem","position":3,"name":"Weka Thermometer f\u00fcr IR-Kabinen &#8211; sportlich und einfach"}]},{"@type":"WebSite","@id":"https:\/\/www.softub.ch\/fr\/#website","url":"https:\/\/www.softub.ch\/fr\/","name":"Softub Schweiz","description":"Softub - Wir machen Ferien Zuhause","publisher":{"@id":"https:\/\/www.softub.ch\/fr\/#organization"},"potentialAction":[{"@type":"SearchAction","target":{"@type":"EntryPoint","urlTemplate":"https:\/\/www.softub.ch\/fr\/?s={search_term_string}"},"query-input":{"@type":"PropertyValueSpecification","valueRequired":true,"valueName":"search_term_string"}}],"inLanguage":"fr-FR"},{"@type":"Organization","@id":"https:\/\/www.softub.ch\/fr\/#organization","name":"Softub Schweiz AG","url":"https:\/\/www.softub.ch\/fr\/","logo":{"@type":"ImageObject","inLanguage":"fr-FR","@id":"https:\/\/www.softub.ch\/fr\/#\/schema\/logo\/image\/","url":"https:\/\/www.softub.ch\/wp-content\/uploads\/Softub-Logo-Softub-Schweiz-.png","contentUrl":"https:\/\/www.softub.ch\/wp-content\/uploads\/Softub-Logo-Softub-Schweiz-.png","width":200,"height":73,"caption":"Softub Schweiz AG"},"image":{"@id":"https:\/\/www.softub.ch\/fr\/#\/schema\/logo\/image\/"},"sameAs":["https:\/\/www.facebook.com\/softubschweiz","https:\/\/www.instagram.com\/softub_schweiz\/","https:\/\/ch.pinterest.com\/softub_schweiz\/","https:\/\/www.linkedin.com\/company\/softub-schweiz-ag\/"]}]}},"_links":{"self":[{"href":"https:\/\/www.softub.ch\/fr\/wp-json\/wp\/v2\/product\/33048","targetHints":{"allow":["GET"]}}],"collection":[{"href":"https:\/\/www.softub.ch\/fr\/wp-json\/wp\/v2\/product"}],"about":[{"href":"https:\/\/www.softub.ch\/fr\/wp-json\/wp\/v2\/types\/product"}],"wp:featuredmedia":[{"embeddable":true,"href":"https:\/\/www.softub.ch\/fr\/wp-json\/wp\/v2\/media\/33050"}],"wp:attachment":[{"href":"https:\/\/www.softub.ch\/fr\/wp-json\/wp\/v2\/media?parent=33048"}],"wp:term":[{"taxonomy":"product_brand","embeddable":true,"href":"https:\/\/www.softub.ch\/fr\/wp-json\/wp\/v2\/product_brand?post=33048"},{"taxonomy":"product_cat","embeddable":true,"href":"https:\/\/www.softub.ch\/fr\/wp-json\/wp\/v2\/product_cat?post=33048"},{"taxonomy":"product_tag","embeddable":true,"href":"https:\/\/www.softub.ch\/fr\/wp-json\/wp\/v2\/product_tag?post=33048"},{"taxonomy":"woo-feed-brand","embeddable":true,"href":"https:\/\/www.softub.ch\/fr\/wp-json\/wp\/v2\/woo-feed-brand?post=33048"}],"curies":[{"name":"wp","href":"https:\/\/api.w.org\/{rel}","templated":true}]}}