{"id":4096,"date":"2019-10-02T17:31:02","date_gmt":"2019-10-02T17:31:02","guid":{"rendered":"https:\/\/softub.reachmedia-web.ch\/?post_type=product&#038;p=4096"},"modified":"2021-04-17T08:38:11","modified_gmt":"2021-04-17T08:38:11","slug":"runder-marinoir-hocker","status":"publish","type":"product","link":"https:\/\/www.softub.ch\/fr\/produit\/runder-marinoir-hocker\/","title":{"rendered":"Runder Marinoir Hocker &#8211; rund und ideal neben Ihrem Whirlpool"},"content":{"rendered":"<div align=\"left\">\n<div align=\"left\">\n<h1><span style=\"color: #429bba\">Runder Marinoir Hocker<\/span><\/h1>\n<\/div>\n<div align=\"left\">\n<div align=\"left\">\n<p align=\"left\">Sie suchen einen runden Hocker zum einfacheren An- und Ausziehen neben Ihrem Whirlpool, oder ein kleine Ablage f\u00fcr Ihre Bekleidung? Der Runder Marinoir Hocker ist genau das Richtige f\u00fcr Sie. Dieser elegante und zugleich praktische Hocker ist die ideale Hilfe f\u00fcr Sie um ein entspanntes Whirlpoolbad zu nehmen. Dank des mitgelieferten Sitzkissens, das nat\u00fcrlich waschbar ist und einer Sitzh\u00f6he von 40 cm, k\u00f6nnen Sie bequem platz nehmen. L\u00e4stiges An- und Ausziehen im Stehen geh\u00f6rt somit der Vergangenheit an.<\/p>\n<p align=\"left\">Dieser Hocker der Marke \u00ab\u00a0MARINOIR\u00a0\u00bb ist aus Polyrattan gefertigt und kommt im modernen Design daher. Polyrattan ist eine witterungstrotzende Kunststofffaser, die verwendet wird, um Ihnen m\u00f6glichst lange Freude an diesem Produkt zu bereiten. Jeder Hocker wird in m\u00fchsamer Handarbeit f\u00fcr Sie als unseren Kunden gefertigt. In Kombination mit den anderen Polyrattanprodukten der MARINOIR-Serie, stellt dieser Hocker neue Massst\u00e4be in punkto Design und Qualit\u00e4t dar. Selbstverst\u00e4ndlich wird f\u00fcr alle Produkte der MARINOIR-Serie das gleiche Geflecht verwendet, so dass Sie diese Produkte beliebig kombinieren k\u00f6nnen.<\/p>\n<div align=\"left\">\n<h3 align=\"left\"><span style=\"color: #429bba\">Eine echte Bereicherung f\u00fcr Ihren Garten oder Ihre Terrasse!<\/span><\/h3>\n<\/div>\n<\/div>\n<\/div>\n<\/div>\n<p>&nbsp;<\/p>\n<div align=\"left\">\n<div align=\"left\">\n<div align=\"left\">\n<div align=\"left\">\n<h3><span style=\"color: #429bba\">Beschreibung:<\/span><\/h3>\n<ul>\n<li>Witterungstrotzendes PE-Rattan<\/li>\n<li>H\u00f6he: ca. 40 cm<\/li>\n<li>Durchmesser oben: ca. 45 cm<\/li>\n<li>Durchmesser unten: ca. 40 cm<\/li>\n<li>F\u00fcsse: Kunststoff<\/li>\n<li>Kissen waschbar bei 30 \u00b0C<\/li>\n<li>Inkl. beige-farbenem Kissen bei der Farbvariante mocca<\/li>\n<\/ul>\n<\/div>\n<\/div>\n<\/div>\n<\/div>\n<p>Lieferfrist ca. 4 Wochen<\/p>\n<p>&nbsp;<\/p>\n<h3 data-fontsize=\"18\" data-lineheight=\"25\"><span style=\"color: #429bba\">Zus\u00e4tzliches Zubeh\u00f6r f\u00fcr Ihre pers\u00f6nliche Gartenoase:<\/span><\/h3>\n<p>Wir haben ein reichhaltiges Zubeh\u00f6rsortiment f\u00fcr Sie zusammengestellt, so dass Sie sich die passenden Produkte in Ruhe in unserem Onlineshop ausw\u00e4hlen k\u00f6nnen.<\/p>\n<p>Wenn Sie sich dar\u00fcber hinaus Ihre ganz pers\u00f6nliche Gartenoase schaffen wollen, so schauen Sie sich doch einfach unsere Softub <a href=\"https:\/\/softub.ch\/simply-relaxing\/softub-whirlpools\/\">Whirlpools<\/a> an \u2013 eventuell auch in Kombination mit einem <a href=\"https:\/\/meinschattenspender.ch\/\">Unosider-<\/a><a href=\"https:\/\/meinschattenspender.ch\/\">Pavillon<\/a>. Unsere Softubs sind bestens f\u00fcr den Sommer wie auch f\u00fcr den Winter geeignet.<\/p>\n<p>Wenn Sie zus\u00e4tzlichen Stauraum f\u00fcr Ihr pers\u00f6nliches Gartenzubeh\u00f6r brauchen, dann schauen Sie sich unseren\u00a0<a href=\"https:\/\/softub.ch\/produkt\/biohort-storemax-maximalen-stauraum-auf-wenig-platz\/\">biohort STOREMAX<\/a>\u00a0oder auch den<a href=\"https:\/\/softub.ch\/produkt\/biohort-highboard-das-formvollendete-multitalent-zum-aufbewahren\/\"> biohort HIGHBOARD<\/a> an. Ob als Stauraum f\u00fcr Kissen oder Gartenutensilien oder auch als ideale Erg\u00e4nzung zu Ihrer Outdoor-K\u00fcche \u2013 alles ist witterungsgesch\u00fctzt und ordentlich verstaut.<\/p>\n<p>Wir beraten Sie gerne, telefonisch, in einem unserer Showrooms oder bei Ihnen Zuhause.<\/p>\n","protected":false},"excerpt":{"rendered":"<div align=\"left\">\n<div align=\"left\">\n<h1><span style=\"color: #429bba\">Runder Marinoir Hocker<\/span><\/h1>\n<p>Der runde Marinoir Hocker bietet die optimale Sitzfl\u00e4che in Ihrem Garten f\u00fcr Ihre pers\u00f6nliche Gartenlounge oder f\u00fcr neben Ihrem Softub Whirlpool.<\/p>\n<\/div>\n<\/div>\n","protected":false},"featured_media":4097,"template":"","meta":{"_acf_changed":false},"product_brand":[],"product_cat":[1172],"product_tag":[1114,1216,835,183,1942,1941,148,1937,1936,1940,1939,1938,567,1179,569,184,1125,180],"woo-feed-brand":[],"class_list":{"0":"post-4096","1":"product","2":"type-product","3":"status-publish","4":"has-post-thumbnail","6":"product_cat-gartenmoebel-accessoires","7":"product_tag-entspannung","8":"product_tag-gartenmoebel","9":"product_tag-gartenoase","10":"product_tag-jacuzzi","11":"product_tag-polyrattan-gartenmoebel","12":"product_tag-polyrattan-moebel","13":"product_tag-rattanmoebel","14":"product_tag-runder-hocker","15":"product_tag-runder-marinoir-hocker","16":"product_tag-runder-polyrattan-hocker","17":"product_tag-runder-polyrattan-stuhl","18":"product_tag-runder-stuhl","19":"product_tag-softub","20":"product_tag-softub-schweiz","21":"product_tag-softub-whirlpool","22":"product_tag-wellness","23":"product_tag-wellnessoase","24":"product_tag-whirlpool","25":"product_shipping_class-lkw","27":"first","28":"instock","29":"taxable","30":"shipping-taxable","31":"purchasable","32":"product-type-simple"},"acf":[],"yoast_head":"<!-- This site is optimized with the Yoast SEO Premium plugin v27.5 (Yoast SEO v27.5) - https:\/\/yoast.com\/product\/yoast-seo-premium-wordpress\/ -->\n<title>Runder Marinoir Hocker - rund und ideal neben Ihrem Whirlpool<\/title>\n<meta name=\"description\" content=\"Runder Marinoir Hocker! Der perfekte polyrattan Hocker f\u00fcr Ihren Garten. Schlicht, elegant und ideal mit einem weissen Sitzkissen.\" \/>\n<meta name=\"robots\" content=\"index, follow, max-snippet:-1, max-image-preview:large, max-video-preview:-1\" \/>\n<link rel=\"canonical\" href=\"https:\/\/www.softub.ch\/fr\/produkt\/runder-marinoir-hocker\/\" \/>\n<meta property=\"og:locale\" content=\"fr_FR\" \/>\n<meta property=\"og:type\" content=\"article\" \/>\n<meta property=\"og:title\" content=\"Runder Marinoir Hocker - rund und ideal neben Ihrem Whirlpool\" \/>\n<meta property=\"og:description\" content=\"Runder Marinoir Hocker! Der perfekte polyrattan Hocker f\u00fcr Ihren Garten. Schlicht, elegant und ideal mit einem weissen Sitzkissen.\" \/>\n<meta property=\"og:url\" content=\"https:\/\/www.softub.ch\/fr\/produkt\/runder-marinoir-hocker\/\" \/>\n<meta property=\"og:site_name\" content=\"Softub Schweiz\" \/>\n<meta property=\"article:publisher\" content=\"https:\/\/www.facebook.com\/softubschweiz\" \/>\n<meta property=\"article:modified_time\" content=\"2021-04-17T08:38:11+00:00\" \/>\n<meta property=\"og:image\" content=\"https:\/\/www.softub.ch\/wp-content\/uploads\/Hocker-rund.jpg\" \/>\n\t<meta property=\"og:image:width\" content=\"665\" \/>\n\t<meta property=\"og:image:height\" content=\"465\" \/>\n\t<meta property=\"og:image:type\" content=\"image\/jpeg\" \/>\n<meta name=\"twitter:card\" content=\"summary_large_image\" \/>\n<meta name=\"twitter:label1\" content=\"Dur\u00e9e de lecture estim\u00e9e\" \/>\n\t<meta name=\"twitter:data1\" content=\"2 minutes\" \/>\n<script type=\"application\/ld+json\" class=\"yoast-schema-graph\">{\"@context\":\"https:\\\/\\\/schema.org\",\"@graph\":[{\"@type\":\"WebPage\",\"@id\":\"https:\\\/\\\/www.softub.ch\\\/fr\\\/produkt\\\/runder-marinoir-hocker\\\/\",\"url\":\"https:\\\/\\\/www.softub.ch\\\/fr\\\/produkt\\\/runder-marinoir-hocker\\\/\",\"name\":\"Runder Marinoir Hocker - rund und ideal neben Ihrem Whirlpool\",\"isPartOf\":{\"@id\":\"https:\\\/\\\/www.softub.ch\\\/fr\\\/#website\"},\"primaryImageOfPage\":{\"@id\":\"https:\\\/\\\/www.softub.ch\\\/fr\\\/produkt\\\/runder-marinoir-hocker\\\/#primaryimage\"},\"image\":{\"@id\":\"https:\\\/\\\/www.softub.ch\\\/fr\\\/produkt\\\/runder-marinoir-hocker\\\/#primaryimage\"},\"thumbnailUrl\":\"https:\\\/\\\/www.softub.ch\\\/wp-content\\\/uploads\\\/Hocker-rund.jpg\",\"datePublished\":\"2019-10-02T17:31:02+00:00\",\"dateModified\":\"2021-04-17T08:38:11+00:00\",\"description\":\"Runder Marinoir Hocker! Der perfekte polyrattan Hocker f\u00fcr Ihren Garten. Schlicht, elegant und ideal mit einem weissen Sitzkissen.\",\"breadcrumb\":{\"@id\":\"https:\\\/\\\/www.softub.ch\\\/fr\\\/produkt\\\/runder-marinoir-hocker\\\/#breadcrumb\"},\"inLanguage\":\"fr-FR\",\"potentialAction\":[{\"@type\":\"ReadAction\",\"target\":[\"https:\\\/\\\/www.softub.ch\\\/fr\\\/produkt\\\/runder-marinoir-hocker\\\/\"]}]},{\"@type\":\"ImageObject\",\"inLanguage\":\"fr-FR\",\"@id\":\"https:\\\/\\\/www.softub.ch\\\/fr\\\/produkt\\\/runder-marinoir-hocker\\\/#primaryimage\",\"url\":\"https:\\\/\\\/www.softub.ch\\\/wp-content\\\/uploads\\\/Hocker-rund.jpg\",\"contentUrl\":\"https:\\\/\\\/www.softub.ch\\\/wp-content\\\/uploads\\\/Hocker-rund.jpg\",\"width\":665,\"height\":465,\"caption\":\"Runder Polyrattan Hocker in dunkler Farbe mit einem weissen Sitzkissen\"},{\"@type\":\"BreadcrumbList\",\"@id\":\"https:\\\/\\\/www.softub.ch\\\/fr\\\/produkt\\\/runder-marinoir-hocker\\\/#breadcrumb\",\"itemListElement\":[{\"@type\":\"ListItem\",\"position\":1,\"name\":\"Startseite\",\"item\":\"https:\\\/\\\/www.softub.ch\\\/fr\\\/\"},{\"@type\":\"ListItem\",\"position\":2,\"name\":\"Shop\",\"item\":\"https:\\\/\\\/www.softub.ch\\\/fr\\\/softub-suisse-shop\\\/\"},{\"@type\":\"ListItem\",\"position\":3,\"name\":\"Runder Marinoir Hocker &#8211; rund und ideal neben Ihrem Whirlpool\"}]},{\"@type\":\"WebSite\",\"@id\":\"https:\\\/\\\/www.softub.ch\\\/fr\\\/#website\",\"url\":\"https:\\\/\\\/www.softub.ch\\\/fr\\\/\",\"name\":\"Softub Schweiz\",\"description\":\"Softub - Wir machen Ferien Zuhause\",\"publisher\":{\"@id\":\"https:\\\/\\\/www.softub.ch\\\/fr\\\/#organization\"},\"potentialAction\":[{\"@type\":\"SearchAction\",\"target\":{\"@type\":\"EntryPoint\",\"urlTemplate\":\"https:\\\/\\\/www.softub.ch\\\/fr\\\/?s={search_term_string}\"},\"query-input\":{\"@type\":\"PropertyValueSpecification\",\"valueRequired\":true,\"valueName\":\"search_term_string\"}}],\"inLanguage\":\"fr-FR\"},{\"@type\":\"Organization\",\"@id\":\"https:\\\/\\\/www.softub.ch\\\/fr\\\/#organization\",\"name\":\"Softub Schweiz AG\",\"url\":\"https:\\\/\\\/www.softub.ch\\\/fr\\\/\",\"logo\":{\"@type\":\"ImageObject\",\"inLanguage\":\"fr-FR\",\"@id\":\"https:\\\/\\\/www.softub.ch\\\/fr\\\/#\\\/schema\\\/logo\\\/image\\\/\",\"url\":\"https:\\\/\\\/www.softub.ch\\\/wp-content\\\/uploads\\\/Softub-Logo-Softub-Schweiz-.png\",\"contentUrl\":\"https:\\\/\\\/www.softub.ch\\\/wp-content\\\/uploads\\\/Softub-Logo-Softub-Schweiz-.png\",\"width\":200,\"height\":73,\"caption\":\"Softub Schweiz AG\"},\"image\":{\"@id\":\"https:\\\/\\\/www.softub.ch\\\/fr\\\/#\\\/schema\\\/logo\\\/image\\\/\"},\"sameAs\":[\"https:\\\/\\\/www.facebook.com\\\/softubschweiz\",\"https:\\\/\\\/www.instagram.com\\\/softub_schweiz\\\/\",\"https:\\\/\\\/ch.pinterest.com\\\/softub_schweiz\\\/\",\"https:\\\/\\\/www.linkedin.com\\\/company\\\/softub-schweiz-ag\\\/\"]}]}<\/script>\n<!-- \/ Yoast SEO Premium plugin. -->","yoast_head_json":{"title":"Runder Marinoir Hocker - rund und ideal neben Ihrem Whirlpool","description":"Runder Marinoir Hocker! Der perfekte polyrattan Hocker f\u00fcr Ihren Garten. Schlicht, elegant und ideal mit einem weissen Sitzkissen.","robots":{"index":"index","follow":"follow","max-snippet":"max-snippet:-1","max-image-preview":"max-image-preview:large","max-video-preview":"max-video-preview:-1"},"canonical":"https:\/\/www.softub.ch\/fr\/produkt\/runder-marinoir-hocker\/","og_locale":"fr_FR","og_type":"article","og_title":"Runder Marinoir Hocker - rund und ideal neben Ihrem Whirlpool","og_description":"Runder Marinoir Hocker! Der perfekte polyrattan Hocker f\u00fcr Ihren Garten. Schlicht, elegant und ideal mit einem weissen Sitzkissen.","og_url":"https:\/\/www.softub.ch\/fr\/produkt\/runder-marinoir-hocker\/","og_site_name":"Softub Schweiz","article_publisher":"https:\/\/www.facebook.com\/softubschweiz","article_modified_time":"2021-04-17T08:38:11+00:00","og_image":[{"width":665,"height":465,"url":"https:\/\/www.softub.ch\/wp-content\/uploads\/Hocker-rund.jpg","type":"image\/jpeg"}],"twitter_card":"summary_large_image","twitter_misc":{"Dur\u00e9e de lecture estim\u00e9e":"2 minutes"},"schema":{"@context":"https:\/\/schema.org","@graph":[{"@type":"WebPage","@id":"https:\/\/www.softub.ch\/fr\/produkt\/runder-marinoir-hocker\/","url":"https:\/\/www.softub.ch\/fr\/produkt\/runder-marinoir-hocker\/","name":"Runder Marinoir Hocker - rund und ideal neben Ihrem Whirlpool","isPartOf":{"@id":"https:\/\/www.softub.ch\/fr\/#website"},"primaryImageOfPage":{"@id":"https:\/\/www.softub.ch\/fr\/produkt\/runder-marinoir-hocker\/#primaryimage"},"image":{"@id":"https:\/\/www.softub.ch\/fr\/produkt\/runder-marinoir-hocker\/#primaryimage"},"thumbnailUrl":"https:\/\/www.softub.ch\/wp-content\/uploads\/Hocker-rund.jpg","datePublished":"2019-10-02T17:31:02+00:00","dateModified":"2021-04-17T08:38:11+00:00","description":"Runder Marinoir Hocker! Der perfekte polyrattan Hocker f\u00fcr Ihren Garten. Schlicht, elegant und ideal mit einem weissen Sitzkissen.","breadcrumb":{"@id":"https:\/\/www.softub.ch\/fr\/produkt\/runder-marinoir-hocker\/#breadcrumb"},"inLanguage":"fr-FR","potentialAction":[{"@type":"ReadAction","target":["https:\/\/www.softub.ch\/fr\/produkt\/runder-marinoir-hocker\/"]}]},{"@type":"ImageObject","inLanguage":"fr-FR","@id":"https:\/\/www.softub.ch\/fr\/produkt\/runder-marinoir-hocker\/#primaryimage","url":"https:\/\/www.softub.ch\/wp-content\/uploads\/Hocker-rund.jpg","contentUrl":"https:\/\/www.softub.ch\/wp-content\/uploads\/Hocker-rund.jpg","width":665,"height":465,"caption":"Runder Polyrattan Hocker in dunkler Farbe mit einem weissen Sitzkissen"},{"@type":"BreadcrumbList","@id":"https:\/\/www.softub.ch\/fr\/produkt\/runder-marinoir-hocker\/#breadcrumb","itemListElement":[{"@type":"ListItem","position":1,"name":"Startseite","item":"https:\/\/www.softub.ch\/fr\/"},{"@type":"ListItem","position":2,"name":"Shop","item":"https:\/\/www.softub.ch\/fr\/softub-suisse-shop\/"},{"@type":"ListItem","position":3,"name":"Runder Marinoir Hocker &#8211; rund und ideal neben Ihrem Whirlpool"}]},{"@type":"WebSite","@id":"https:\/\/www.softub.ch\/fr\/#website","url":"https:\/\/www.softub.ch\/fr\/","name":"Softub Schweiz","description":"Softub - Wir machen Ferien Zuhause","publisher":{"@id":"https:\/\/www.softub.ch\/fr\/#organization"},"potentialAction":[{"@type":"SearchAction","target":{"@type":"EntryPoint","urlTemplate":"https:\/\/www.softub.ch\/fr\/?s={search_term_string}"},"query-input":{"@type":"PropertyValueSpecification","valueRequired":true,"valueName":"search_term_string"}}],"inLanguage":"fr-FR"},{"@type":"Organization","@id":"https:\/\/www.softub.ch\/fr\/#organization","name":"Softub Schweiz AG","url":"https:\/\/www.softub.ch\/fr\/","logo":{"@type":"ImageObject","inLanguage":"fr-FR","@id":"https:\/\/www.softub.ch\/fr\/#\/schema\/logo\/image\/","url":"https:\/\/www.softub.ch\/wp-content\/uploads\/Softub-Logo-Softub-Schweiz-.png","contentUrl":"https:\/\/www.softub.ch\/wp-content\/uploads\/Softub-Logo-Softub-Schweiz-.png","width":200,"height":73,"caption":"Softub Schweiz AG"},"image":{"@id":"https:\/\/www.softub.ch\/fr\/#\/schema\/logo\/image\/"},"sameAs":["https:\/\/www.facebook.com\/softubschweiz","https:\/\/www.instagram.com\/softub_schweiz\/","https:\/\/ch.pinterest.com\/softub_schweiz\/","https:\/\/www.linkedin.com\/company\/softub-schweiz-ag\/"]}]}},"_links":{"self":[{"href":"https:\/\/www.softub.ch\/fr\/wp-json\/wp\/v2\/product\/4096","targetHints":{"allow":["GET"]}}],"collection":[{"href":"https:\/\/www.softub.ch\/fr\/wp-json\/wp\/v2\/product"}],"about":[{"href":"https:\/\/www.softub.ch\/fr\/wp-json\/wp\/v2\/types\/product"}],"wp:featuredmedia":[{"embeddable":true,"href":"https:\/\/www.softub.ch\/fr\/wp-json\/wp\/v2\/media\/4097"}],"wp:attachment":[{"href":"https:\/\/www.softub.ch\/fr\/wp-json\/wp\/v2\/media?parent=4096"}],"wp:term":[{"taxonomy":"product_brand","embeddable":true,"href":"https:\/\/www.softub.ch\/fr\/wp-json\/wp\/v2\/product_brand?post=4096"},{"taxonomy":"product_cat","embeddable":true,"href":"https:\/\/www.softub.ch\/fr\/wp-json\/wp\/v2\/product_cat?post=4096"},{"taxonomy":"product_tag","embeddable":true,"href":"https:\/\/www.softub.ch\/fr\/wp-json\/wp\/v2\/product_tag?post=4096"},{"taxonomy":"woo-feed-brand","embeddable":true,"href":"https:\/\/www.softub.ch\/fr\/wp-json\/wp\/v2\/woo-feed-brand?post=4096"}],"curies":[{"name":"wp","href":"https:\/\/api.w.org\/{rel}","templated":true}]}}