{"id":43480,"date":"2019-10-14T06:33:36","date_gmt":"2019-10-14T06:33:36","guid":{"rendered":"https:\/\/www.softub.ch\/product\/der-unosider-pavillon-resort\/"},"modified":"2022-08-18T13:10:34","modified_gmt":"2022-08-18T13:10:34","slug":"der-unosider-pavillon-resort","status":"publish","type":"product","link":"https:\/\/www.softub.ch\/fr\/produit\/der-unosider-pavillon-resort\/","title":{"rendered":"Unosider Pavillon RESORT &#8211; Sonnenschutz f\u00fcr alle"},"content":{"rendered":"<h1><span style=\"color: #3c9bba;\">Der Unosider Pavillon Resort<\/span><\/h1>\n<div class=\"fusion-text\">\n<p>Der Unosider Pavillon Resort mit Aluminiumkonstruktion ist f\u00fcr diejenigen gedacht, die auf essentielle Linien Wert legen.<\/p>\n<p>Das Markisentuch aus fein gelochtem SOLTIS 86 gew\u00e4hrleistet hervorragenden Schutz vor UV-Strahlung und ist dank des durchdachten Befestigungssystems in nur 10 Minuten montiert.<\/p>\n<p>&nbsp;<\/p>\n<h3><span style=\"color: #3c9bba;\">Beschreibung:<\/span><\/h3>\n<\/div>\n<div class=\"fusion-text\">\n<p><strong>Tragende Konstruktion:<\/strong><\/p>\n<ul>\n<li>Aluminium<\/li>\n<li>Polyester-Pulverbeschichtet<\/li>\n<\/ul>\n<p><strong>Markisentuch:<\/strong><\/p>\n<ul>\n<li>Festes Tuch mit schneller Montage-Mechanik erh\u00e4ltlich aus SOLTIS\u00a086 (Sonnenschutz)<\/li>\n<\/ul>\n<p><strong>Optionen:<\/strong><\/p>\n<ul>\n<li>Dekor-Seitenteile<\/li>\n<li>Seitenteile mit Reissverschluss<\/li>\n<\/ul>\n<p><strong>Standardmasse:<\/strong>\u00a0 ab 3\u00d73\u00a0Meter bis 4\u00d74 Meter<br \/>\nM<strong>assanfertigung m\u00f6glich<\/strong><\/p>\n<p>&nbsp;<\/p>\n<h3><span style=\"color: #3c9bba;\">Montage Ihres neuen Pavillons:<\/span><\/h3>\n<\/div>\n<p>F\u00fcr die Installation Ihres neuen Pavillons m\u00fcssen Sie sich keine Gedanken machen! Wir stellen Ihnen gerne unser Hauseigen, fachm\u00e4nnisches Installationsteam f\u00fcr die Montage zur Verf\u00fcgung.<\/p>\n<p>&nbsp;<\/p>\n<h3><span style=\"color: #3c9bba;\">Unosider \u2013 Pavillons, Pergolen, Sonnen- und Wetterschutzsysteme:<\/span><\/h3>\n<p>Seit 1998 entwirft und fertigt Unosider in echter italienischer Handwerkstradition Pavillons, Pergolen, Sonnen- und Wetterschutzsysteme.<\/p>\n<p>F\u00fcr besonders anspruchsvolle Kunden bietet Unosider komplette schl\u00fcsselfertige L\u00f6sungen f\u00fcr die vollst\u00e4ndige M\u00f6blierung von Aufenthaltsbereichen im Freien an.<\/p>\n<p>Eigene Werkst\u00e4tten und betriebsinterne Produktion sind der ganze Stolz von Unosider. Trotz unserer grossen Produktionskapazit\u00e4ten legen wir grossen Wert auf unsere Wurzeln, die in der italienische Handwerkstradition liegen. Dies setzt sich mit hochwertiger Qualit\u00e4t, Flexibilit\u00e4t und massgefertigten L\u00f6sungen um.<\/p>\n<p>&nbsp;<\/p>\n<h3><span style=\"color: #3c9bba;\">Zubeh\u00f6r f\u00fcr Ihr Zuhause:<\/span><\/h3>\n<p>Wir haben ein reichhaltiges Zubeh\u00f6rsortiment f\u00fcr Sie zusammengestellt, so dass Sie sich die passenden Produkte in Ruhe in unserem Onlineshop ausw\u00e4hlen k\u00f6nnen.<\/p>\n<p>Wenn Sie sich dar\u00fcber hinaus Ihre ganz pers\u00f6nliche Wellness-Oase schaffen wollen, so schauen Sie sich doch einfach unsere Softub <a href=\"https:\/\/softub.ch\/shop\/softub-whirlpools\/\">Whirlpools<\/a> an der perfekt zur Ihrem <a href=\"https:\/\/meinschattenspender.ch\/produkte\/?gclid=CjwKCAjw1ej5BRBhEiwAfHyh1FyNoXomQkHu2GME98CwLcO_OgE_hwYoztHKgUOakGNSRDMRONVJYRoCDVEQAvD_BwE\">Unosider Pavillon<\/a> passen k\u00f6nnte.<\/p>\n<p>Wir beraten Sie gerne, telefonisch, in einem unserer Showrooms oder bei Ihnen Zuhause.<\/p>\n","protected":false},"excerpt":{"rendered":"<div class=\"fusion-text\">\n<h1 class=\"fusion-responsive-typography-calculated\" data-fontsize=\"24\" data-lineheight=\"33.6px\"><span style=\"color: #429bba;\">Pavillons von UNOSIDER<\/span><\/h1>\n<p>UNOSIDER ist der Spezialist f\u00fcr Aussenbeschattungen im unverwechselbaren italienischen Design.<\/p>\n<\/div>\n","protected":false},"featured_media":27037,"template":"","meta":{"_acf_changed":false},"product_brand":[],"product_cat":[6469],"product_tag":[259,4948,290,352,6351,2315,4949,351,349,270,256],"woo-feed-brand":[],"class_list":{"0":"post-43480","1":"product","2":"type-product","3":"status-publish","4":"has-post-thumbnail","6":"product_cat-non-categorise","7":"product_tag-jacuzzi-fr-2","8":"product_tag-oasis-de-wellness","9":"product_tag-pavillon-fr-2","10":"product_tag-protection-contre-le-soleil","11":"product_tag-relax-fr","12":"product_tag-softub-fr-2","13":"product_tag-softub-suisse","14":"product_tag-surveillance","15":"product_tag-unosider-fr","16":"product_tag-wellness-fr","17":"product_tag-whirlpool-fr","18":"product_shipping_class-lkw","20":"first","21":"instock","22":"taxable","23":"shipping-taxable","24":"purchasable","25":"product-type-variable"},"acf":[],"yoast_head":"<!-- This site is optimized with the Yoast SEO Premium plugin v27.5 (Yoast SEO v27.5) - https:\/\/yoast.com\/product\/yoast-seo-premium-wordpress\/ -->\n<title>Der Unosider Pavillon Resort - Sonnenschutz f\u00fcr den Sommer<\/title>\n<meta name=\"description\" content=\"Der Unosider Pavillon Resort gew\u00e4hrleistet hervorragenden Schutz vor UV-Strahlung. Kann in verschiedenen Gr\u00f6ssen und Farben bestellt werden.\" \/>\n<meta name=\"robots\" content=\"index, follow, max-snippet:-1, max-image-preview:large, max-video-preview:-1\" \/>\n<link rel=\"canonical\" href=\"https:\/\/www.softub.ch\/fr\/produit\/der-unosider-pavillon-resort\/\" \/>\n<meta property=\"og:locale\" content=\"fr_FR\" \/>\n<meta property=\"og:type\" content=\"article\" \/>\n<meta property=\"og:title\" content=\"Unosider Pavillon RESORT - Sonnenschutz f\u00fcr alle\" \/>\n<meta property=\"og:description\" content=\"Der Unosider Pavillon Resort gew\u00e4hrleistet hervorragenden Schutz vor UV-Strahlung. Kann in verschiedenen Gr\u00f6ssen und Farben bestellt werden.\" \/>\n<meta property=\"og:url\" content=\"https:\/\/www.softub.ch\/fr\/produit\/der-unosider-pavillon-resort\/\" \/>\n<meta property=\"og:site_name\" content=\"Softub Schweiz\" \/>\n<meta property=\"article:publisher\" content=\"https:\/\/www.facebook.com\/softubschweiz\" \/>\n<meta property=\"article:modified_time\" content=\"2022-08-18T13:10:34+00:00\" \/>\n<meta property=\"og:image\" content=\"https:\/\/www.softub.ch\/wp-content\/uploads\/Unosider-Pavillon-Resort-Softub-Schweiz-0-.jpg\" \/>\n\t<meta property=\"og:image:width\" content=\"1200\" \/>\n\t<meta property=\"og:image:height\" content=\"801\" \/>\n\t<meta property=\"og:image:type\" content=\"image\/jpeg\" \/>\n<meta name=\"twitter:card\" content=\"summary_large_image\" \/>\n<meta name=\"twitter:label1\" content=\"Dur\u00e9e de lecture estim\u00e9e\" \/>\n\t<meta name=\"twitter:data1\" content=\"2 minutes\" \/>\n<script type=\"application\/ld+json\" class=\"yoast-schema-graph\">{\"@context\":\"https:\\\/\\\/schema.org\",\"@graph\":[{\"@type\":\"WebPage\",\"@id\":\"https:\\\/\\\/www.softub.ch\\\/fr\\\/produit\\\/der-unosider-pavillon-resort\\\/\",\"url\":\"https:\\\/\\\/www.softub.ch\\\/fr\\\/produit\\\/der-unosider-pavillon-resort\\\/\",\"name\":\"Der Unosider Pavillon Resort - Sonnenschutz f\u00fcr den Sommer\",\"isPartOf\":{\"@id\":\"https:\\\/\\\/www.softub.ch\\\/fr\\\/#website\"},\"primaryImageOfPage\":{\"@id\":\"https:\\\/\\\/www.softub.ch\\\/fr\\\/produit\\\/der-unosider-pavillon-resort\\\/#primaryimage\"},\"image\":{\"@id\":\"https:\\\/\\\/www.softub.ch\\\/fr\\\/produit\\\/der-unosider-pavillon-resort\\\/#primaryimage\"},\"thumbnailUrl\":\"https:\\\/\\\/www.softub.ch\\\/wp-content\\\/uploads\\\/Unosider-Pavillon-Resort-Softub-Schweiz-0-.jpg\",\"datePublished\":\"2019-10-14T06:33:36+00:00\",\"dateModified\":\"2022-08-18T13:10:34+00:00\",\"description\":\"Der Unosider Pavillon Resort gew\u00e4hrleistet hervorragenden Schutz vor UV-Strahlung. Kann in verschiedenen Gr\u00f6ssen und Farben bestellt werden.\",\"breadcrumb\":{\"@id\":\"https:\\\/\\\/www.softub.ch\\\/fr\\\/produit\\\/der-unosider-pavillon-resort\\\/#breadcrumb\"},\"inLanguage\":\"fr-FR\",\"potentialAction\":[{\"@type\":\"ReadAction\",\"target\":[\"https:\\\/\\\/www.softub.ch\\\/fr\\\/produit\\\/der-unosider-pavillon-resort\\\/\"]}]},{\"@type\":\"ImageObject\",\"inLanguage\":\"fr-FR\",\"@id\":\"https:\\\/\\\/www.softub.ch\\\/fr\\\/produit\\\/der-unosider-pavillon-resort\\\/#primaryimage\",\"url\":\"https:\\\/\\\/www.softub.ch\\\/wp-content\\\/uploads\\\/Unosider-Pavillon-Resort-Softub-Schweiz-0-.jpg\",\"contentUrl\":\"https:\\\/\\\/www.softub.ch\\\/wp-content\\\/uploads\\\/Unosider-Pavillon-Resort-Softub-Schweiz-0-.jpg\",\"width\":1200,\"height\":801,\"caption\":\"DTBGG3 Pool outside modern house\"},{\"@type\":\"BreadcrumbList\",\"@id\":\"https:\\\/\\\/www.softub.ch\\\/fr\\\/produit\\\/der-unosider-pavillon-resort\\\/#breadcrumb\",\"itemListElement\":[{\"@type\":\"ListItem\",\"position\":1,\"name\":\"Startseite\",\"item\":\"https:\\\/\\\/www.softub.ch\\\/fr\\\/\"},{\"@type\":\"ListItem\",\"position\":2,\"name\":\"Shop\",\"item\":\"https:\\\/\\\/www.softub.ch\\\/fr\\\/softub-suisse-shop\\\/\"},{\"@type\":\"ListItem\",\"position\":3,\"name\":\"Unosider Pavillon RESORT &#8211; Sonnenschutz f\u00fcr alle\"}]},{\"@type\":\"WebSite\",\"@id\":\"https:\\\/\\\/www.softub.ch\\\/fr\\\/#website\",\"url\":\"https:\\\/\\\/www.softub.ch\\\/fr\\\/\",\"name\":\"Softub Schweiz\",\"description\":\"Softub - Wir machen Ferien Zuhause\",\"publisher\":{\"@id\":\"https:\\\/\\\/www.softub.ch\\\/fr\\\/#organization\"},\"potentialAction\":[{\"@type\":\"SearchAction\",\"target\":{\"@type\":\"EntryPoint\",\"urlTemplate\":\"https:\\\/\\\/www.softub.ch\\\/fr\\\/?s={search_term_string}\"},\"query-input\":{\"@type\":\"PropertyValueSpecification\",\"valueRequired\":true,\"valueName\":\"search_term_string\"}}],\"inLanguage\":\"fr-FR\"},{\"@type\":\"Organization\",\"@id\":\"https:\\\/\\\/www.softub.ch\\\/fr\\\/#organization\",\"name\":\"Softub Schweiz AG\",\"url\":\"https:\\\/\\\/www.softub.ch\\\/fr\\\/\",\"logo\":{\"@type\":\"ImageObject\",\"inLanguage\":\"fr-FR\",\"@id\":\"https:\\\/\\\/www.softub.ch\\\/fr\\\/#\\\/schema\\\/logo\\\/image\\\/\",\"url\":\"https:\\\/\\\/www.softub.ch\\\/wp-content\\\/uploads\\\/Softub-Logo-Softub-Schweiz-.png\",\"contentUrl\":\"https:\\\/\\\/www.softub.ch\\\/wp-content\\\/uploads\\\/Softub-Logo-Softub-Schweiz-.png\",\"width\":200,\"height\":73,\"caption\":\"Softub Schweiz AG\"},\"image\":{\"@id\":\"https:\\\/\\\/www.softub.ch\\\/fr\\\/#\\\/schema\\\/logo\\\/image\\\/\"},\"sameAs\":[\"https:\\\/\\\/www.facebook.com\\\/softubschweiz\",\"https:\\\/\\\/www.instagram.com\\\/softub_schweiz\\\/\",\"https:\\\/\\\/ch.pinterest.com\\\/softub_schweiz\\\/\",\"https:\\\/\\\/www.linkedin.com\\\/company\\\/softub-schweiz-ag\\\/\"]}]}<\/script>\n<!-- \/ Yoast SEO Premium plugin. -->","yoast_head_json":{"title":"Der Unosider Pavillon Resort - Sonnenschutz f\u00fcr den Sommer","description":"Der Unosider Pavillon Resort gew\u00e4hrleistet hervorragenden Schutz vor UV-Strahlung. Kann in verschiedenen Gr\u00f6ssen und Farben bestellt werden.","robots":{"index":"index","follow":"follow","max-snippet":"max-snippet:-1","max-image-preview":"max-image-preview:large","max-video-preview":"max-video-preview:-1"},"canonical":"https:\/\/www.softub.ch\/fr\/produit\/der-unosider-pavillon-resort\/","og_locale":"fr_FR","og_type":"article","og_title":"Unosider Pavillon RESORT - Sonnenschutz f\u00fcr alle","og_description":"Der Unosider Pavillon Resort gew\u00e4hrleistet hervorragenden Schutz vor UV-Strahlung. Kann in verschiedenen Gr\u00f6ssen und Farben bestellt werden.","og_url":"https:\/\/www.softub.ch\/fr\/produit\/der-unosider-pavillon-resort\/","og_site_name":"Softub Schweiz","article_publisher":"https:\/\/www.facebook.com\/softubschweiz","article_modified_time":"2022-08-18T13:10:34+00:00","og_image":[{"width":1200,"height":801,"url":"https:\/\/www.softub.ch\/wp-content\/uploads\/Unosider-Pavillon-Resort-Softub-Schweiz-0-.jpg","type":"image\/jpeg"}],"twitter_card":"summary_large_image","twitter_misc":{"Dur\u00e9e de lecture estim\u00e9e":"2 minutes"},"schema":{"@context":"https:\/\/schema.org","@graph":[{"@type":"WebPage","@id":"https:\/\/www.softub.ch\/fr\/produit\/der-unosider-pavillon-resort\/","url":"https:\/\/www.softub.ch\/fr\/produit\/der-unosider-pavillon-resort\/","name":"Der Unosider Pavillon Resort - Sonnenschutz f\u00fcr den Sommer","isPartOf":{"@id":"https:\/\/www.softub.ch\/fr\/#website"},"primaryImageOfPage":{"@id":"https:\/\/www.softub.ch\/fr\/produit\/der-unosider-pavillon-resort\/#primaryimage"},"image":{"@id":"https:\/\/www.softub.ch\/fr\/produit\/der-unosider-pavillon-resort\/#primaryimage"},"thumbnailUrl":"https:\/\/www.softub.ch\/wp-content\/uploads\/Unosider-Pavillon-Resort-Softub-Schweiz-0-.jpg","datePublished":"2019-10-14T06:33:36+00:00","dateModified":"2022-08-18T13:10:34+00:00","description":"Der Unosider Pavillon Resort gew\u00e4hrleistet hervorragenden Schutz vor UV-Strahlung. Kann in verschiedenen Gr\u00f6ssen und Farben bestellt werden.","breadcrumb":{"@id":"https:\/\/www.softub.ch\/fr\/produit\/der-unosider-pavillon-resort\/#breadcrumb"},"inLanguage":"fr-FR","potentialAction":[{"@type":"ReadAction","target":["https:\/\/www.softub.ch\/fr\/produit\/der-unosider-pavillon-resort\/"]}]},{"@type":"ImageObject","inLanguage":"fr-FR","@id":"https:\/\/www.softub.ch\/fr\/produit\/der-unosider-pavillon-resort\/#primaryimage","url":"https:\/\/www.softub.ch\/wp-content\/uploads\/Unosider-Pavillon-Resort-Softub-Schweiz-0-.jpg","contentUrl":"https:\/\/www.softub.ch\/wp-content\/uploads\/Unosider-Pavillon-Resort-Softub-Schweiz-0-.jpg","width":1200,"height":801,"caption":"DTBGG3 Pool outside modern house"},{"@type":"BreadcrumbList","@id":"https:\/\/www.softub.ch\/fr\/produit\/der-unosider-pavillon-resort\/#breadcrumb","itemListElement":[{"@type":"ListItem","position":1,"name":"Startseite","item":"https:\/\/www.softub.ch\/fr\/"},{"@type":"ListItem","position":2,"name":"Shop","item":"https:\/\/www.softub.ch\/fr\/softub-suisse-shop\/"},{"@type":"ListItem","position":3,"name":"Unosider Pavillon RESORT &#8211; Sonnenschutz f\u00fcr alle"}]},{"@type":"WebSite","@id":"https:\/\/www.softub.ch\/fr\/#website","url":"https:\/\/www.softub.ch\/fr\/","name":"Softub Schweiz","description":"Softub - Wir machen Ferien Zuhause","publisher":{"@id":"https:\/\/www.softub.ch\/fr\/#organization"},"potentialAction":[{"@type":"SearchAction","target":{"@type":"EntryPoint","urlTemplate":"https:\/\/www.softub.ch\/fr\/?s={search_term_string}"},"query-input":{"@type":"PropertyValueSpecification","valueRequired":true,"valueName":"search_term_string"}}],"inLanguage":"fr-FR"},{"@type":"Organization","@id":"https:\/\/www.softub.ch\/fr\/#organization","name":"Softub Schweiz AG","url":"https:\/\/www.softub.ch\/fr\/","logo":{"@type":"ImageObject","inLanguage":"fr-FR","@id":"https:\/\/www.softub.ch\/fr\/#\/schema\/logo\/image\/","url":"https:\/\/www.softub.ch\/wp-content\/uploads\/Softub-Logo-Softub-Schweiz-.png","contentUrl":"https:\/\/www.softub.ch\/wp-content\/uploads\/Softub-Logo-Softub-Schweiz-.png","width":200,"height":73,"caption":"Softub Schweiz AG"},"image":{"@id":"https:\/\/www.softub.ch\/fr\/#\/schema\/logo\/image\/"},"sameAs":["https:\/\/www.facebook.com\/softubschweiz","https:\/\/www.instagram.com\/softub_schweiz\/","https:\/\/ch.pinterest.com\/softub_schweiz\/","https:\/\/www.linkedin.com\/company\/softub-schweiz-ag\/"]}]}},"_links":{"self":[{"href":"https:\/\/www.softub.ch\/fr\/wp-json\/wp\/v2\/product\/43480","targetHints":{"allow":["GET"]}}],"collection":[{"href":"https:\/\/www.softub.ch\/fr\/wp-json\/wp\/v2\/product"}],"about":[{"href":"https:\/\/www.softub.ch\/fr\/wp-json\/wp\/v2\/types\/product"}],"wp:featuredmedia":[{"embeddable":true,"href":"https:\/\/www.softub.ch\/fr\/wp-json\/wp\/v2\/media\/27037"}],"wp:attachment":[{"href":"https:\/\/www.softub.ch\/fr\/wp-json\/wp\/v2\/media?parent=43480"}],"wp:term":[{"taxonomy":"product_brand","embeddable":true,"href":"https:\/\/www.softub.ch\/fr\/wp-json\/wp\/v2\/product_brand?post=43480"},{"taxonomy":"product_cat","embeddable":true,"href":"https:\/\/www.softub.ch\/fr\/wp-json\/wp\/v2\/product_cat?post=43480"},{"taxonomy":"product_tag","embeddable":true,"href":"https:\/\/www.softub.ch\/fr\/wp-json\/wp\/v2\/product_tag?post=43480"},{"taxonomy":"woo-feed-brand","embeddable":true,"href":"https:\/\/www.softub.ch\/fr\/wp-json\/wp\/v2\/woo-feed-brand?post=43480"}],"curies":[{"name":"wp","href":"https:\/\/api.w.org\/{rel}","templated":true}]}}