{"id":43521,"date":"2021-03-22T09:41:35","date_gmt":"2021-03-22T09:41:35","guid":{"rendered":"https:\/\/www.softub.ch\/product\/delphin-folien-und-kunststoffreiniger\/"},"modified":"2022-08-18T14:32:04","modified_gmt":"2022-08-18T14:32:04","slug":"delphin-folien-und-kunststoffreiniger","status":"publish","type":"product","link":"https:\/\/www.softub.ch\/fr\/produit\/delphin-folien-und-kunststoffreiniger\/","title":{"rendered":"Delphin Folien- u. Kunststoffreiniger &#8211; Hochwirksamer Reiniger"},"content":{"rendered":"<h1><span style=\"color: #429bba;\">Delphin Folien und Konststoffreiniger<\/span><\/h1>\n<p>Dieser Delphin Folien und Konststoffreiniger ist ein hochwirksamer, materialschonender Reiniger f\u00fcr alle empfindlichen Materialien. Diese Fl\u00fcssigkeit ist hervorragend geeignet zum Entfernen von fettigen Substanzen.<\/p>\n<p>&nbsp;<\/p>\n<h3>Anwendung:<\/h3>\n<p>Je nach Verschmutzung im Verh\u00e4ltnis 1:3 bis 1:30 mit Wasser verd\u00fcnnen. Warmes Wasser steigert die Reinigungswirkung. Nach der Reinigung gut mit Wasser absp\u00fclen.<\/p>\n<p>&nbsp;<\/p>\n<h3>Gefahrenhinweis:<\/h3>\n<p><a href=\"https:\/\/softub.ch\/wp-content\/uploads\/SDB-DELPHIN-Folien-und-KunststoffreinigerSoftub-Schweiz.pdf\">Sicherheitsdatenblatt<\/a><\/p>\n<p>&nbsp;<\/p>\n<h3>Warum Wasserpflege &amp; Reinigung?<\/h3>\n<p>Eine gr\u00fcndliche und regelm\u00e4ssige Wasserpflege und Reinigung Ihres Pools ist das wichtigste, um eine langanhaltende Sch\u00f6nheit, Schutz und Langlebigkeit Ihres Whirlpools zu gew\u00e4hrleisten. Vor allem ist sie die erste Voraussetzung f\u00fcr einen einzigartigen Bade und Sprudel Spass! Dazu ist der Einsatz der geeigneten Pflegeprodukte von Softub und deren richtige Anwendung essentiell.<\/p>\n<p>Die Wasserpflege Produkte haben viele verschiedene Aufgaben. Unter anderem das Wachstum von Mikroorganismen zu verhindern, organische Verunreinigungen zu beseitigen oder den pH-Wert des Wassers zu regulieren usw. Wichtig ist auch das die angegebenen Dosierungen in der jeweiligen Produktenbeschreibung eingehalten werden.<\/p>\n<p>G\u00f6nnen Sie Ihrem Whirlpool die richtige Pflege und informieren Sie sich ausgiebig zum Thema Wasserpflege. Bei weiteren Fragen beraten wir Sie auch gerne telefonisch, in einem unserer Showrooms oder auch bei Ihnen Zuhause.<\/p>\n<p>&nbsp;<\/p>\n<h3>Weitere Wasserpflege und Reinigungs Produkte von Softub:<\/h3>\n<p>Wir haben ein reichhaltiges Zubeh\u00f6rsortiment f\u00fcr Sie zusammengestellt, so dass Sie sich die passenden Produkte zur <a href=\"https:\/\/softub.ch\/shop\/wasserpflege-reinigung\/\">Wasserpflege und Reinigung<\/a> in Ruhe in unserem Onlineshop ausw\u00e4hlen k\u00f6nnen.<\/p>\n<p>Wenn Sie sich dar\u00fcber hinaus Ihre ganz pers\u00f6nliche Wellness-Oase schaffen wollen und Ihren Softub besonders in Szene setzen m\u00f6chten, so schauen Sie sich doch einfach unsere <a href=\"https:\/\/meinschattenspender.ch\/\">Unosider-<\/a><a href=\"https:\/\/meinschattenspender.ch\/\">Pavillon<\/a> an.<\/p>\n<p>Wir beraten Sie gerne, telefonisch, in einem unserer Showrooms\u00a0 oder aber bei Ihnen Zuhause.<\/p>\n","protected":false},"excerpt":{"rendered":"<h1><span style=\"color: #429bba;\">Delphin Folien und Konststoffreiniger<\/span><\/h1>\n<p>Dieser Delphin Folien und Konststoffreiniger ist ein hochwirksamer, materialschonender Reiniger f\u00fcr alle empfindlichen Materialien. Diese Fl\u00fcssigkeit ist hervorragend geeignet zum Entfernen von fettigen Substanzen.<\/p>\n","protected":false},"featured_media":27208,"template":"","meta":{"_acf_changed":false},"product_brand":[],"product_cat":[213],"product_tag":[4950,6360,259,2315,4949,257,6380],"woo-feed-brand":[],"class_list":{"0":"post-43521","1":"product","2":"type-product","3":"status-publish","4":"has-post-thumbnail","6":"product_cat-entretien-de-leau-nettoyage-des-spas-a-coque-dure","7":"product_tag-spas-a-coque-rigide","8":"product_tag-delphin-spa-fr","9":"product_tag-jacuzzi-fr-2","10":"product_tag-softub-fr-2","11":"product_tag-softub-suisse","12":"product_tag-spa-fr-2","13":"product_tag-whirlpools-fr","14":"product_shipping_class-post-15","16":"first","17":"instock","18":"taxable","19":"shipping-taxable","20":"purchasable","21":"product-type-simple"},"acf":[],"yoast_head":"<!-- This site is optimized with the Yoast SEO Premium plugin v27.5 (Yoast SEO v27.5) - https:\/\/yoast.com\/product\/yoast-seo-premium-wordpress\/ -->\n<title>Delphin Folien und Konststoffreiniger - hochwirksamer Reiniger<\/title>\n<meta name=\"description\" content=\"Der Delphin Folien und Kunststoffreiniger ist ein hochwirksames Mittel zum Entfernen von fettigen Substanzen.\u00a0\" \/>\n<meta name=\"robots\" content=\"index, follow, max-snippet:-1, max-image-preview:large, max-video-preview:-1\" \/>\n<link rel=\"canonical\" href=\"https:\/\/www.softub.ch\/fr\/produit\/delphin-folien-und-kunststoffreiniger\/\" \/>\n<meta property=\"og:locale\" content=\"fr_FR\" \/>\n<meta property=\"og:type\" content=\"article\" \/>\n<meta property=\"og:title\" content=\"Delphin Folien- u. Kunststoffreiniger - Hochwirksamer Reiniger\" \/>\n<meta property=\"og:description\" content=\"Der Delphin Folien und Kunststoffreiniger ist ein hochwirksames Mittel zum Entfernen von fettigen Substanzen.\u00a0\" \/>\n<meta property=\"og:url\" content=\"https:\/\/www.softub.ch\/fr\/produit\/delphin-folien-und-kunststoffreiniger\/\" \/>\n<meta property=\"og:site_name\" content=\"Softub Schweiz\" \/>\n<meta property=\"article:publisher\" content=\"https:\/\/www.facebook.com\/softubschweiz\" \/>\n<meta property=\"article:modified_time\" content=\"2022-08-18T14:32:04+00:00\" \/>\n<meta property=\"og:image\" content=\"https:\/\/www.softub.ch\/wp-content\/uploads\/Delphin-Spa-Folien-und-Kunststoffreiniger-Softub-Schweiz-0-.jpg\" \/>\n\t<meta property=\"og:image:width\" content=\"800\" \/>\n\t<meta property=\"og:image:height\" content=\"800\" \/>\n\t<meta property=\"og:image:type\" content=\"image\/jpeg\" \/>\n<meta name=\"twitter:card\" content=\"summary_large_image\" \/>\n<meta name=\"twitter:label1\" content=\"Dur\u00e9e de lecture estim\u00e9e\" \/>\n\t<meta name=\"twitter:data1\" content=\"2 minutes\" \/>\n<script type=\"application\/ld+json\" class=\"yoast-schema-graph\">{\"@context\":\"https:\\\/\\\/schema.org\",\"@graph\":[{\"@type\":\"WebPage\",\"@id\":\"https:\\\/\\\/www.softub.ch\\\/fr\\\/produit\\\/delphin-folien-und-kunststoffreiniger\\\/\",\"url\":\"https:\\\/\\\/www.softub.ch\\\/fr\\\/produit\\\/delphin-folien-und-kunststoffreiniger\\\/\",\"name\":\"Delphin Folien und Konststoffreiniger - hochwirksamer Reiniger\",\"isPartOf\":{\"@id\":\"https:\\\/\\\/www.softub.ch\\\/fr\\\/#website\"},\"primaryImageOfPage\":{\"@id\":\"https:\\\/\\\/www.softub.ch\\\/fr\\\/produit\\\/delphin-folien-und-kunststoffreiniger\\\/#primaryimage\"},\"image\":{\"@id\":\"https:\\\/\\\/www.softub.ch\\\/fr\\\/produit\\\/delphin-folien-und-kunststoffreiniger\\\/#primaryimage\"},\"thumbnailUrl\":\"https:\\\/\\\/www.softub.ch\\\/wp-content\\\/uploads\\\/Delphin-Spa-Folien-und-Kunststoffreiniger-Softub-Schweiz-0-.jpg\",\"datePublished\":\"2021-03-22T09:41:35+00:00\",\"dateModified\":\"2022-08-18T14:32:04+00:00\",\"description\":\"Der Delphin Folien und Kunststoffreiniger ist ein hochwirksames Mittel zum Entfernen von fettigen Substanzen.\u00a0\",\"breadcrumb\":{\"@id\":\"https:\\\/\\\/www.softub.ch\\\/fr\\\/produit\\\/delphin-folien-und-kunststoffreiniger\\\/#breadcrumb\"},\"inLanguage\":\"fr-FR\",\"potentialAction\":[{\"@type\":\"ReadAction\",\"target\":[\"https:\\\/\\\/www.softub.ch\\\/fr\\\/produit\\\/delphin-folien-und-kunststoffreiniger\\\/\"]}]},{\"@type\":\"ImageObject\",\"inLanguage\":\"fr-FR\",\"@id\":\"https:\\\/\\\/www.softub.ch\\\/fr\\\/produit\\\/delphin-folien-und-kunststoffreiniger\\\/#primaryimage\",\"url\":\"https:\\\/\\\/www.softub.ch\\\/wp-content\\\/uploads\\\/Delphin-Spa-Folien-und-Kunststoffreiniger-Softub-Schweiz-0-.jpg\",\"contentUrl\":\"https:\\\/\\\/www.softub.ch\\\/wp-content\\\/uploads\\\/Delphin-Spa-Folien-und-Kunststoffreiniger-Softub-Schweiz-0-.jpg\",\"width\":800,\"height\":800,\"caption\":\"Delphin Folien und Konststoffreiniger.\"},{\"@type\":\"BreadcrumbList\",\"@id\":\"https:\\\/\\\/www.softub.ch\\\/fr\\\/produit\\\/delphin-folien-und-kunststoffreiniger\\\/#breadcrumb\",\"itemListElement\":[{\"@type\":\"ListItem\",\"position\":1,\"name\":\"Startseite\",\"item\":\"https:\\\/\\\/www.softub.ch\\\/fr\\\/\"},{\"@type\":\"ListItem\",\"position\":2,\"name\":\"Shop\",\"item\":\"https:\\\/\\\/www.softub.ch\\\/fr\\\/softub-suisse-shop\\\/\"},{\"@type\":\"ListItem\",\"position\":3,\"name\":\"Delphin Folien- u. Kunststoffreiniger &#8211; Hochwirksamer Reiniger\"}]},{\"@type\":\"WebSite\",\"@id\":\"https:\\\/\\\/www.softub.ch\\\/fr\\\/#website\",\"url\":\"https:\\\/\\\/www.softub.ch\\\/fr\\\/\",\"name\":\"Softub Schweiz\",\"description\":\"Softub - Wir machen Ferien Zuhause\",\"publisher\":{\"@id\":\"https:\\\/\\\/www.softub.ch\\\/fr\\\/#organization\"},\"potentialAction\":[{\"@type\":\"SearchAction\",\"target\":{\"@type\":\"EntryPoint\",\"urlTemplate\":\"https:\\\/\\\/www.softub.ch\\\/fr\\\/?s={search_term_string}\"},\"query-input\":{\"@type\":\"PropertyValueSpecification\",\"valueRequired\":true,\"valueName\":\"search_term_string\"}}],\"inLanguage\":\"fr-FR\"},{\"@type\":\"Organization\",\"@id\":\"https:\\\/\\\/www.softub.ch\\\/fr\\\/#organization\",\"name\":\"Softub Schweiz AG\",\"url\":\"https:\\\/\\\/www.softub.ch\\\/fr\\\/\",\"logo\":{\"@type\":\"ImageObject\",\"inLanguage\":\"fr-FR\",\"@id\":\"https:\\\/\\\/www.softub.ch\\\/fr\\\/#\\\/schema\\\/logo\\\/image\\\/\",\"url\":\"https:\\\/\\\/www.softub.ch\\\/wp-content\\\/uploads\\\/Softub-Logo-Softub-Schweiz-.png\",\"contentUrl\":\"https:\\\/\\\/www.softub.ch\\\/wp-content\\\/uploads\\\/Softub-Logo-Softub-Schweiz-.png\",\"width\":200,\"height\":73,\"caption\":\"Softub Schweiz AG\"},\"image\":{\"@id\":\"https:\\\/\\\/www.softub.ch\\\/fr\\\/#\\\/schema\\\/logo\\\/image\\\/\"},\"sameAs\":[\"https:\\\/\\\/www.facebook.com\\\/softubschweiz\",\"https:\\\/\\\/www.instagram.com\\\/softub_schweiz\\\/\",\"https:\\\/\\\/ch.pinterest.com\\\/softub_schweiz\\\/\",\"https:\\\/\\\/www.linkedin.com\\\/company\\\/softub-schweiz-ag\\\/\"]}]}<\/script>\n<!-- \/ Yoast SEO Premium plugin. -->","yoast_head_json":{"title":"Delphin Folien und Konststoffreiniger - hochwirksamer Reiniger","description":"Der Delphin Folien und Kunststoffreiniger ist ein hochwirksames Mittel zum Entfernen von fettigen Substanzen.\u00a0","robots":{"index":"index","follow":"follow","max-snippet":"max-snippet:-1","max-image-preview":"max-image-preview:large","max-video-preview":"max-video-preview:-1"},"canonical":"https:\/\/www.softub.ch\/fr\/produit\/delphin-folien-und-kunststoffreiniger\/","og_locale":"fr_FR","og_type":"article","og_title":"Delphin Folien- u. Kunststoffreiniger - Hochwirksamer Reiniger","og_description":"Der Delphin Folien und Kunststoffreiniger ist ein hochwirksames Mittel zum Entfernen von fettigen Substanzen.\u00a0","og_url":"https:\/\/www.softub.ch\/fr\/produit\/delphin-folien-und-kunststoffreiniger\/","og_site_name":"Softub Schweiz","article_publisher":"https:\/\/www.facebook.com\/softubschweiz","article_modified_time":"2022-08-18T14:32:04+00:00","og_image":[{"width":800,"height":800,"url":"https:\/\/www.softub.ch\/wp-content\/uploads\/Delphin-Spa-Folien-und-Kunststoffreiniger-Softub-Schweiz-0-.jpg","type":"image\/jpeg"}],"twitter_card":"summary_large_image","twitter_misc":{"Dur\u00e9e de lecture estim\u00e9e":"2 minutes"},"schema":{"@context":"https:\/\/schema.org","@graph":[{"@type":"WebPage","@id":"https:\/\/www.softub.ch\/fr\/produit\/delphin-folien-und-kunststoffreiniger\/","url":"https:\/\/www.softub.ch\/fr\/produit\/delphin-folien-und-kunststoffreiniger\/","name":"Delphin Folien und Konststoffreiniger - hochwirksamer Reiniger","isPartOf":{"@id":"https:\/\/www.softub.ch\/fr\/#website"},"primaryImageOfPage":{"@id":"https:\/\/www.softub.ch\/fr\/produit\/delphin-folien-und-kunststoffreiniger\/#primaryimage"},"image":{"@id":"https:\/\/www.softub.ch\/fr\/produit\/delphin-folien-und-kunststoffreiniger\/#primaryimage"},"thumbnailUrl":"https:\/\/www.softub.ch\/wp-content\/uploads\/Delphin-Spa-Folien-und-Kunststoffreiniger-Softub-Schweiz-0-.jpg","datePublished":"2021-03-22T09:41:35+00:00","dateModified":"2022-08-18T14:32:04+00:00","description":"Der Delphin Folien und Kunststoffreiniger ist ein hochwirksames Mittel zum Entfernen von fettigen Substanzen.\u00a0","breadcrumb":{"@id":"https:\/\/www.softub.ch\/fr\/produit\/delphin-folien-und-kunststoffreiniger\/#breadcrumb"},"inLanguage":"fr-FR","potentialAction":[{"@type":"ReadAction","target":["https:\/\/www.softub.ch\/fr\/produit\/delphin-folien-und-kunststoffreiniger\/"]}]},{"@type":"ImageObject","inLanguage":"fr-FR","@id":"https:\/\/www.softub.ch\/fr\/produit\/delphin-folien-und-kunststoffreiniger\/#primaryimage","url":"https:\/\/www.softub.ch\/wp-content\/uploads\/Delphin-Spa-Folien-und-Kunststoffreiniger-Softub-Schweiz-0-.jpg","contentUrl":"https:\/\/www.softub.ch\/wp-content\/uploads\/Delphin-Spa-Folien-und-Kunststoffreiniger-Softub-Schweiz-0-.jpg","width":800,"height":800,"caption":"Delphin Folien und Konststoffreiniger."},{"@type":"BreadcrumbList","@id":"https:\/\/www.softub.ch\/fr\/produit\/delphin-folien-und-kunststoffreiniger\/#breadcrumb","itemListElement":[{"@type":"ListItem","position":1,"name":"Startseite","item":"https:\/\/www.softub.ch\/fr\/"},{"@type":"ListItem","position":2,"name":"Shop","item":"https:\/\/www.softub.ch\/fr\/softub-suisse-shop\/"},{"@type":"ListItem","position":3,"name":"Delphin Folien- u. Kunststoffreiniger &#8211; Hochwirksamer Reiniger"}]},{"@type":"WebSite","@id":"https:\/\/www.softub.ch\/fr\/#website","url":"https:\/\/www.softub.ch\/fr\/","name":"Softub Schweiz","description":"Softub - Wir machen Ferien Zuhause","publisher":{"@id":"https:\/\/www.softub.ch\/fr\/#organization"},"potentialAction":[{"@type":"SearchAction","target":{"@type":"EntryPoint","urlTemplate":"https:\/\/www.softub.ch\/fr\/?s={search_term_string}"},"query-input":{"@type":"PropertyValueSpecification","valueRequired":true,"valueName":"search_term_string"}}],"inLanguage":"fr-FR"},{"@type":"Organization","@id":"https:\/\/www.softub.ch\/fr\/#organization","name":"Softub Schweiz AG","url":"https:\/\/www.softub.ch\/fr\/","logo":{"@type":"ImageObject","inLanguage":"fr-FR","@id":"https:\/\/www.softub.ch\/fr\/#\/schema\/logo\/image\/","url":"https:\/\/www.softub.ch\/wp-content\/uploads\/Softub-Logo-Softub-Schweiz-.png","contentUrl":"https:\/\/www.softub.ch\/wp-content\/uploads\/Softub-Logo-Softub-Schweiz-.png","width":200,"height":73,"caption":"Softub Schweiz AG"},"image":{"@id":"https:\/\/www.softub.ch\/fr\/#\/schema\/logo\/image\/"},"sameAs":["https:\/\/www.facebook.com\/softubschweiz","https:\/\/www.instagram.com\/softub_schweiz\/","https:\/\/ch.pinterest.com\/softub_schweiz\/","https:\/\/www.linkedin.com\/company\/softub-schweiz-ag\/"]}]}},"_links":{"self":[{"href":"https:\/\/www.softub.ch\/fr\/wp-json\/wp\/v2\/product\/43521","targetHints":{"allow":["GET"]}}],"collection":[{"href":"https:\/\/www.softub.ch\/fr\/wp-json\/wp\/v2\/product"}],"about":[{"href":"https:\/\/www.softub.ch\/fr\/wp-json\/wp\/v2\/types\/product"}],"wp:featuredmedia":[{"embeddable":true,"href":"https:\/\/www.softub.ch\/fr\/wp-json\/wp\/v2\/media\/27208"}],"wp:attachment":[{"href":"https:\/\/www.softub.ch\/fr\/wp-json\/wp\/v2\/media?parent=43521"}],"wp:term":[{"taxonomy":"product_brand","embeddable":true,"href":"https:\/\/www.softub.ch\/fr\/wp-json\/wp\/v2\/product_brand?post=43521"},{"taxonomy":"product_cat","embeddable":true,"href":"https:\/\/www.softub.ch\/fr\/wp-json\/wp\/v2\/product_cat?post=43521"},{"taxonomy":"product_tag","embeddable":true,"href":"https:\/\/www.softub.ch\/fr\/wp-json\/wp\/v2\/product_tag?post=43521"},{"taxonomy":"woo-feed-brand","embeddable":true,"href":"https:\/\/www.softub.ch\/fr\/wp-json\/wp\/v2\/woo-feed-brand?post=43521"}],"curies":[{"name":"wp","href":"https:\/\/api.w.org\/{rel}","templated":true}]}}