{"id":43522,"date":"2021-06-01T12:47:45","date_gmt":"2021-06-01T12:47:45","guid":{"rendered":"https:\/\/www.softub.ch\/product\/spabalancer-ultrashock\/"},"modified":"2022-08-18T14:33:09","modified_gmt":"2022-08-18T14:33:09","slug":"spabalancer-ultrashock","status":"publish","type":"product","link":"https:\/\/www.softub.ch\/fr\/produit\/spabalancer-ultrashock\/","title":{"rendered":"SpaBalancer UltraShock &#8211; hoch wirksame Fl\u00fcssigkeit"},"content":{"rendered":"<h1><span style=\"color: #429bba;\">SpaBalancer UltraShock<\/span><\/h1>\n<p>Der SpaBalancer UltraShock ist ein Reiniger auf Basis von CI2Oxid. Es t\u00f6tet zuverl\u00e4ssig Keime, Bakterien und Legionellen ab.<\/p>\n<p>Eine Desinfizierung von Wasser mit herk\u00f6mmlichen Desinfektionsmitteln wie z.B. Chlor oder Brom macht die darin befindlichen Bakterien zun\u00e4chst unsch\u00e4dlich. Nach einer gewissen Zeit ist jedoch wieder ein Aufwuchs von Legionellen oder anderen Bakterien festzustellen. Die Ursache ist der so genannte Biofilm. Der Biofilm dient den Bakterien als \u201eR\u00fcckzugsort und Aufzuchtstation\u201c und sch\u00fctzt die Bakterien vor den Desinfektionsmitteln.<\/p>\n<p>Ausserdem, ist es das einzige Desinfektionsprodukt, das in den Biofilm eindringt, die darin enthaltenen Polysaccharide (Mehrfachzucker) zerst\u00f6rt und damit den Biofilm abl\u00f6st.<\/p>\n<p>&nbsp;<\/p>\n<h3>Wie f\u00fchren Sie eine Schockbehandlung durch?<\/h3>\n<p>Geben Sie 50 ml SpaBalancer UltraShock pro 1000 Liter Wasserinhalt in das Wasser. Bei der Zugabe, lassen Sie f\u00fcr eine bessere Durchmischung die Pumpen laufen. Es ist wichtig, dass die Fl\u00fcssigkeit mindestens 8 Stunden einwirken kann. (Sollte es weniger als 8 Stunden einwirken, k\u00f6nnen sich immer noch Bakterien und Verschmutzungen im Whirlpool befinden).<\/p>\n<p>Die Konzentration k\u00f6nnen Sie mit den Test Stripes kontrollieren. Nach 8 Stunden sollten die Teststreifen noch mindestens 1 ppm Konzentration anzeigen. Falls sich vor Ablauf der acht Stunden kein SpaBalancer UltraShock mehr im Wasser befindet, wiederholen Sie die Schockbehandlung. Wichtig: Diese Werte beziehen sich auf 37 Grad Celsius warmes Wasser. Bei k\u00e4lterem Wasser baut sich dieser langsamer ab.<\/p>\n<p>Sollte nach der zweiten Anwendung das SpaBalancer UltraShock sich immer noch zu schnell abbauen, kann das auf eine starke Verschmutzung mit viel Biofilm in den Rohrleitungen hinweisen. Hier sind h\u00f6here Dosierungen angezeigt. (Maximal 200 ml f\u00fcr 1000 Liter Wasserinhalt.)<\/p>\n<p>Achtung! Die Konzentration sollte nicht h\u00f6her als 5 ppm sein. Dann k\u00f6nnen Sie in den Whirlpool gehen. Bei h\u00f6herer Konzentration sind Hautreizungen m\u00f6glich.<\/p>\n<p>&nbsp;<\/p>\n<h3>Als\u00a0 Zusatzreiniger bei \u201eproblematischen\u201c Whirlpools<\/h3>\n<p>Problematische Whirlpools sind Whirlpools mit einer nicht ausreichenden Filterung, z. B. aufblasbare Whirlpools oder auch Whirlpools aus Holz (Hot Tubs). Bei der Verwendung von SpaBalancer sind eine ausreichende Filterung (mindestens 6 Stunden am Tag) und saubere Filter entscheidende Faktoren f\u00fcr den Erfolg. Bei einigen Whirlpools l\u00e4sst sich die Filterlaufzeit nicht einstellen \u2013 das kann zu schmierigen Ablagerungen und Eintr\u00fcbungen f\u00fchren. In diesen F\u00e4llen kann regelm\u00e4\u00dfig nach Bedarf eine Schockbehandlung durchgef\u00fchrt werden.<\/p>\n<p>Nach der erfolgreichen Schockbehandlung warten Sie, bis kein SpaBalancer UltraShock mehr im Wasser ist. Geben Sie danach die \u00fcbliche Menge SpaBalancer in das Wasser (40 ml bis 60 ml).<\/p>\n<p>Sie k\u00f6nnen auch nach jedem Bad 20 ml bis 40 ml ins Wasser geben. Die Menge ist abh\u00e4ngig von der Anzahl der Personen, die im Whirlpool waren. Dar\u00fcber hinaus geben Sie einmal in der Woche ca. 20 ml bis 60 ml SpaBalancer hinzu. Bei dieser Verfahrensweise nutzen Sie die Vorteile beider Systeme: SpaBalancer UltraShock ist ein schnell wirkendes Oxidationsmittel, das sich nach kurzer Zeit abbaut, SpaBalancer ist ein langsam und kontinuierlich wirkendes, hautfreundliches Wasserpflege- und Reinigungsmittel.<\/p>\n<p>&nbsp;<\/p>\n<h3>SpaBalancer UltraShock als alleiniges Desinfektionsmittel<\/h3>\n<p>SpaBalancer UltraShock kann auch als alleiniges Desinfektionsmittel ohne SpaBalancer verwendet werden, z. B. bei Whirlpools ohne Filteranlage wie Hot Tubs aus Holz.<\/p>\n<p>Geben Sie nach der Benutzung des Whirlpools 20 ml SpaBalancer UltraShock pro Person in das Wasser. Da diese Fl\u00fcssigkeit keine Depotwirkung hat, sollten Sie bei Nichtbenutzung des Whirlpools mindestens alle drei Tage 15 ml UltraShock in das Wasser geben. Achten Sie darauf, dass die Dosierung nicht unter 1,0 ppm sinkt.<\/p>\n<p>&nbsp;<\/p>\n<h3>SpaBalancer UltraShock als Schockmittel bei anderen Desinfektionsarten<\/h3>\n<p>Da die meisten Desinfektionsarten (Chlor, Brom, Akivsauerstoff) das Wachstum von Biofilm zul\u00e4sst, ist es empfehlenswert, regelm\u00e4ssig eine Schockbehandlung mit SpaBalancer Ultrashock durchzuf\u00fchren. Diese beseitigt nicht nur den Biofilm, sondern auch viele R\u00fcckst\u00e4nde der vorangegangenen Desinfektionen und verbessert so die Wasserqualit\u00e4t erheblich.<\/p>\n<p>&nbsp;<\/p>\n<h3>SpaBalancer UltraShock als Geruchsvernichter<\/h3>\n<p>SpaBalancer UltraShock hat die F\u00e4higkeit Aromamolek\u00fcle zu zerst\u00f6ren. Durch diese einzigartige F\u00e4higkeit k\u00f6nnen Sie bei Zugabe von 10 bis 20 ml UltraShock auf 1000 Liter Wasser auch schlecht riechendes Wasser wieder erfrischen.<\/p>\n<p>&nbsp;<\/p>\n<h3>Haltbarkeit<\/h3>\n<p>SpaBalancer UltraShock verliert monatlich ca. 8% an Wirksamkeit und ist maximal 1 Jahr haltbar. Es soll k\u00fchl und dunkel aufbewahrt werden. Die angegebenen Mengen sollten dann erh\u00f6ht werden, um die nachlassende Wirksamkeit nach Haltbarkeitsdatum zu kompensieren. Auf dem Boden jeder Flasche befindet sich ein Datumsetikett mit dem Ablaufdatum.<\/p>\n<p>&nbsp;<\/p>\n<h3>Gefahrenhinweis:<\/h3>\n<p>Biozide sicher verwenden. Vor Gebrauch stets Kennzeichnung und Produktinformation lesen.<\/p>\n<p>&nbsp;<\/p>\n<h3 class=\"fusion-responsive-typography-calculated\" data-fontsize=\"18\" data-lineheight=\"27px\">Weitere Wasserpflege und Reinigungs Produkte von Softub:<\/h3>\n<p>Wir haben ein reichhaltiges Zubeh\u00f6rsortiment f\u00fcr Sie zusammengestellt, so dass Sie sich die passenden Produkte zur\u00a0<a href=\"https:\/\/softub.ch\/shop\/wasserpflege-reinigung\/\">Wasserpflege und Reinigung<\/a>\u00a0in Ruhe in unserem Onlineshop ausw\u00e4hlen k\u00f6nnen.<\/p>\n<p>Wenn Sie sich dar\u00fcber hinaus Ihre ganz pers\u00f6nliche Wellness-Oase schaffen wollen und Ihren Softub besonders in Szene setzen m\u00f6chten, so schauen Sie sich doch einfach unsere\u00a0<a href=\"https:\/\/meinschattenspender.ch\/\">Unosider-<\/a><a href=\"https:\/\/meinschattenspender.ch\/\">Pavillon<\/a>\u00a0an.<\/p>\n<p>Wir beraten Sie gerne, telefonisch, in einem unserer Showrooms oder bei Ihnen Zuhause.<\/p>\n","protected":false},"excerpt":{"rendered":"<h1><span style=\"color: #429bba;\">SpaBalancer UltraShock<\/span><\/h1>\n<p><strong>Wann eine Schockbehandlung n\u00f6tig ist:<\/strong><\/p>\n<p>\u2022 Nach der Erstbef\u00fcllung des Whirlpools.<\/p>\n<p>\u2022 Falls das Wasser nicht kristallklar sein sollte.<\/p>\n<p>\u2022 Falls das Wasser unangenehm riecht.<\/p>\n<p>\u2022 Falls Sie schmierige Ablagerungen an der Whirlpoolwand haben sollten.<\/p>\n<p>\u2022 Wenn durch eine \u201eWhirlpoolparty\u201c das Wasser sehr stark verschmutzt wurde.<\/p>\n<p>\u2022 Regelm\u00e4ssig, wenn Sie Desinfektionsmittel wie Chlor, Brom, Aktivsauerstoff etc. verwenden.<\/p>\n","protected":false},"featured_media":31686,"template":"","meta":{"_acf_changed":false},"product_brand":[],"product_cat":[210,213],"product_tag":[326,322,6396,259,2315,4949,6402,6403,6404,256],"woo-feed-brand":[],"class_list":{"0":"post-43522","1":"product","2":"type-product","3":"status-publish","4":"has-post-thumbnail","6":"product_cat-entretien-traitement-deau-softub","7":"product_cat-entretien-de-leau-nettoyage-des-spas-a-coque-dure","8":"product_tag-chimie","9":"product_tag-entretien-de-leau","10":"product_tag-hot-tub-fr","11":"product_tag-jacuzzi-fr-2","12":"product_tag-softub-fr-2","13":"product_tag-softub-suisse","14":"product_tag-spabalancer-fr","15":"product_tag-spabalancer-ultrashock-fr","16":"product_tag-ultrashock-fr","17":"product_tag-whirlpool-fr","18":"product_shipping_class-post-15","20":"first","21":"instock","22":"taxable","23":"shipping-taxable","24":"purchasable","25":"product-type-simple"},"acf":[],"yoast_head":"<!-- This site is optimized with the Yoast SEO Premium plugin v27.5 (Yoast SEO v27.5) - https:\/\/yoast.com\/product\/yoast-seo-premium-wordpress\/ -->\n<title>SpaBalancer UltraShock - t\u00f6tet Keime, Bakterien und Legionellen ab<\/title>\n<meta name=\"description\" content=\"Der SpaBalancer UltraShock t\u00f6tet zuverl\u00e4ssig Keime, Bakterien und Legionellen ab. Es ist das einzige Desinfektionsprodukt, das in den Biofilm eindringt.\" \/>\n<meta name=\"robots\" content=\"index, follow, max-snippet:-1, max-image-preview:large, max-video-preview:-1\" \/>\n<link rel=\"canonical\" href=\"https:\/\/www.softub.ch\/fr\/produit\/spabalancer-ultrashock\/\" \/>\n<meta property=\"og:locale\" content=\"fr_FR\" \/>\n<meta property=\"og:type\" content=\"article\" \/>\n<meta property=\"og:title\" content=\"SpaBalancer UltraShock - hoch wirksame Fl\u00fcssigkeit\" \/>\n<meta property=\"og:description\" content=\"Der SpaBalancer UltraShock t\u00f6tet zuverl\u00e4ssig Keime, Bakterien und Legionellen ab. Es ist das einzige Desinfektionsprodukt, das in den Biofilm eindringt.\" \/>\n<meta property=\"og:url\" content=\"https:\/\/www.softub.ch\/fr\/produit\/spabalancer-ultrashock\/\" \/>\n<meta property=\"og:site_name\" content=\"Softub Schweiz\" \/>\n<meta property=\"article:publisher\" content=\"https:\/\/www.facebook.com\/softubschweiz\" \/>\n<meta property=\"article:modified_time\" content=\"2022-08-18T14:33:09+00:00\" \/>\n<meta property=\"og:image\" content=\"https:\/\/www.softub.ch\/wp-content\/uploads\/SpaBalancer-UltraShock-Softub-Schweiz.jpg\" \/>\n\t<meta property=\"og:image:width\" content=\"1200\" \/>\n\t<meta property=\"og:image:height\" content=\"1200\" \/>\n\t<meta property=\"og:image:type\" content=\"image\/jpeg\" \/>\n<meta name=\"twitter:card\" content=\"summary_large_image\" \/>\n<meta name=\"twitter:label1\" content=\"Dur\u00e9e de lecture estim\u00e9e\" \/>\n\t<meta name=\"twitter:data1\" content=\"4 minutes\" \/>\n<script type=\"application\/ld+json\" class=\"yoast-schema-graph\">{\"@context\":\"https:\\\/\\\/schema.org\",\"@graph\":[{\"@type\":\"WebPage\",\"@id\":\"https:\\\/\\\/www.softub.ch\\\/fr\\\/produit\\\/spabalancer-ultrashock\\\/\",\"url\":\"https:\\\/\\\/www.softub.ch\\\/fr\\\/produit\\\/spabalancer-ultrashock\\\/\",\"name\":\"SpaBalancer UltraShock - t\u00f6tet Keime, Bakterien und Legionellen ab\",\"isPartOf\":{\"@id\":\"https:\\\/\\\/www.softub.ch\\\/fr\\\/#website\"},\"primaryImageOfPage\":{\"@id\":\"https:\\\/\\\/www.softub.ch\\\/fr\\\/produit\\\/spabalancer-ultrashock\\\/#primaryimage\"},\"image\":{\"@id\":\"https:\\\/\\\/www.softub.ch\\\/fr\\\/produit\\\/spabalancer-ultrashock\\\/#primaryimage\"},\"thumbnailUrl\":\"https:\\\/\\\/www.softub.ch\\\/wp-content\\\/uploads\\\/SpaBalancer-UltraShock-Softub-Schweiz.jpg\",\"datePublished\":\"2021-06-01T12:47:45+00:00\",\"dateModified\":\"2022-08-18T14:33:09+00:00\",\"description\":\"Der SpaBalancer UltraShock t\u00f6tet zuverl\u00e4ssig Keime, Bakterien und Legionellen ab. Es ist das einzige Desinfektionsprodukt, das in den Biofilm eindringt.\",\"breadcrumb\":{\"@id\":\"https:\\\/\\\/www.softub.ch\\\/fr\\\/produit\\\/spabalancer-ultrashock\\\/#breadcrumb\"},\"inLanguage\":\"fr-FR\",\"potentialAction\":[{\"@type\":\"ReadAction\",\"target\":[\"https:\\\/\\\/www.softub.ch\\\/fr\\\/produit\\\/spabalancer-ultrashock\\\/\"]}]},{\"@type\":\"ImageObject\",\"inLanguage\":\"fr-FR\",\"@id\":\"https:\\\/\\\/www.softub.ch\\\/fr\\\/produit\\\/spabalancer-ultrashock\\\/#primaryimage\",\"url\":\"https:\\\/\\\/www.softub.ch\\\/wp-content\\\/uploads\\\/SpaBalancer-UltraShock-Softub-Schweiz.jpg\",\"contentUrl\":\"https:\\\/\\\/www.softub.ch\\\/wp-content\\\/uploads\\\/SpaBalancer-UltraShock-Softub-Schweiz.jpg\",\"width\":1200,\"height\":1200,\"caption\":\"Weisse Flasche mit Pinker Etikette.\"},{\"@type\":\"BreadcrumbList\",\"@id\":\"https:\\\/\\\/www.softub.ch\\\/fr\\\/produit\\\/spabalancer-ultrashock\\\/#breadcrumb\",\"itemListElement\":[{\"@type\":\"ListItem\",\"position\":1,\"name\":\"Startseite\",\"item\":\"https:\\\/\\\/www.softub.ch\\\/fr\\\/\"},{\"@type\":\"ListItem\",\"position\":2,\"name\":\"Shop\",\"item\":\"https:\\\/\\\/www.softub.ch\\\/fr\\\/softub-suisse-shop\\\/\"},{\"@type\":\"ListItem\",\"position\":3,\"name\":\"SpaBalancer UltraShock &#8211; hoch wirksame Fl\u00fcssigkeit\"}]},{\"@type\":\"WebSite\",\"@id\":\"https:\\\/\\\/www.softub.ch\\\/fr\\\/#website\",\"url\":\"https:\\\/\\\/www.softub.ch\\\/fr\\\/\",\"name\":\"Softub Schweiz\",\"description\":\"Softub - Wir machen Ferien Zuhause\",\"publisher\":{\"@id\":\"https:\\\/\\\/www.softub.ch\\\/fr\\\/#organization\"},\"potentialAction\":[{\"@type\":\"SearchAction\",\"target\":{\"@type\":\"EntryPoint\",\"urlTemplate\":\"https:\\\/\\\/www.softub.ch\\\/fr\\\/?s={search_term_string}\"},\"query-input\":{\"@type\":\"PropertyValueSpecification\",\"valueRequired\":true,\"valueName\":\"search_term_string\"}}],\"inLanguage\":\"fr-FR\"},{\"@type\":\"Organization\",\"@id\":\"https:\\\/\\\/www.softub.ch\\\/fr\\\/#organization\",\"name\":\"Softub Schweiz AG\",\"url\":\"https:\\\/\\\/www.softub.ch\\\/fr\\\/\",\"logo\":{\"@type\":\"ImageObject\",\"inLanguage\":\"fr-FR\",\"@id\":\"https:\\\/\\\/www.softub.ch\\\/fr\\\/#\\\/schema\\\/logo\\\/image\\\/\",\"url\":\"https:\\\/\\\/www.softub.ch\\\/wp-content\\\/uploads\\\/Softub-Logo-Softub-Schweiz-.png\",\"contentUrl\":\"https:\\\/\\\/www.softub.ch\\\/wp-content\\\/uploads\\\/Softub-Logo-Softub-Schweiz-.png\",\"width\":200,\"height\":73,\"caption\":\"Softub Schweiz AG\"},\"image\":{\"@id\":\"https:\\\/\\\/www.softub.ch\\\/fr\\\/#\\\/schema\\\/logo\\\/image\\\/\"},\"sameAs\":[\"https:\\\/\\\/www.facebook.com\\\/softubschweiz\",\"https:\\\/\\\/www.instagram.com\\\/softub_schweiz\\\/\",\"https:\\\/\\\/ch.pinterest.com\\\/softub_schweiz\\\/\",\"https:\\\/\\\/www.linkedin.com\\\/company\\\/softub-schweiz-ag\\\/\"]}]}<\/script>\n<!-- \/ Yoast SEO Premium plugin. -->","yoast_head_json":{"title":"SpaBalancer UltraShock - t\u00f6tet Keime, Bakterien und Legionellen ab","description":"Der SpaBalancer UltraShock t\u00f6tet zuverl\u00e4ssig Keime, Bakterien und Legionellen ab. Es ist das einzige Desinfektionsprodukt, das in den Biofilm eindringt.","robots":{"index":"index","follow":"follow","max-snippet":"max-snippet:-1","max-image-preview":"max-image-preview:large","max-video-preview":"max-video-preview:-1"},"canonical":"https:\/\/www.softub.ch\/fr\/produit\/spabalancer-ultrashock\/","og_locale":"fr_FR","og_type":"article","og_title":"SpaBalancer UltraShock - hoch wirksame Fl\u00fcssigkeit","og_description":"Der SpaBalancer UltraShock t\u00f6tet zuverl\u00e4ssig Keime, Bakterien und Legionellen ab. Es ist das einzige Desinfektionsprodukt, das in den Biofilm eindringt.","og_url":"https:\/\/www.softub.ch\/fr\/produit\/spabalancer-ultrashock\/","og_site_name":"Softub Schweiz","article_publisher":"https:\/\/www.facebook.com\/softubschweiz","article_modified_time":"2022-08-18T14:33:09+00:00","og_image":[{"width":1200,"height":1200,"url":"https:\/\/www.softub.ch\/wp-content\/uploads\/SpaBalancer-UltraShock-Softub-Schweiz.jpg","type":"image\/jpeg"}],"twitter_card":"summary_large_image","twitter_misc":{"Dur\u00e9e de lecture estim\u00e9e":"4 minutes"},"schema":{"@context":"https:\/\/schema.org","@graph":[{"@type":"WebPage","@id":"https:\/\/www.softub.ch\/fr\/produit\/spabalancer-ultrashock\/","url":"https:\/\/www.softub.ch\/fr\/produit\/spabalancer-ultrashock\/","name":"SpaBalancer UltraShock - t\u00f6tet Keime, Bakterien und Legionellen ab","isPartOf":{"@id":"https:\/\/www.softub.ch\/fr\/#website"},"primaryImageOfPage":{"@id":"https:\/\/www.softub.ch\/fr\/produit\/spabalancer-ultrashock\/#primaryimage"},"image":{"@id":"https:\/\/www.softub.ch\/fr\/produit\/spabalancer-ultrashock\/#primaryimage"},"thumbnailUrl":"https:\/\/www.softub.ch\/wp-content\/uploads\/SpaBalancer-UltraShock-Softub-Schweiz.jpg","datePublished":"2021-06-01T12:47:45+00:00","dateModified":"2022-08-18T14:33:09+00:00","description":"Der SpaBalancer UltraShock t\u00f6tet zuverl\u00e4ssig Keime, Bakterien und Legionellen ab. Es ist das einzige Desinfektionsprodukt, das in den Biofilm eindringt.","breadcrumb":{"@id":"https:\/\/www.softub.ch\/fr\/produit\/spabalancer-ultrashock\/#breadcrumb"},"inLanguage":"fr-FR","potentialAction":[{"@type":"ReadAction","target":["https:\/\/www.softub.ch\/fr\/produit\/spabalancer-ultrashock\/"]}]},{"@type":"ImageObject","inLanguage":"fr-FR","@id":"https:\/\/www.softub.ch\/fr\/produit\/spabalancer-ultrashock\/#primaryimage","url":"https:\/\/www.softub.ch\/wp-content\/uploads\/SpaBalancer-UltraShock-Softub-Schweiz.jpg","contentUrl":"https:\/\/www.softub.ch\/wp-content\/uploads\/SpaBalancer-UltraShock-Softub-Schweiz.jpg","width":1200,"height":1200,"caption":"Weisse Flasche mit Pinker Etikette."},{"@type":"BreadcrumbList","@id":"https:\/\/www.softub.ch\/fr\/produit\/spabalancer-ultrashock\/#breadcrumb","itemListElement":[{"@type":"ListItem","position":1,"name":"Startseite","item":"https:\/\/www.softub.ch\/fr\/"},{"@type":"ListItem","position":2,"name":"Shop","item":"https:\/\/www.softub.ch\/fr\/softub-suisse-shop\/"},{"@type":"ListItem","position":3,"name":"SpaBalancer UltraShock &#8211; hoch wirksame Fl\u00fcssigkeit"}]},{"@type":"WebSite","@id":"https:\/\/www.softub.ch\/fr\/#website","url":"https:\/\/www.softub.ch\/fr\/","name":"Softub Schweiz","description":"Softub - Wir machen Ferien Zuhause","publisher":{"@id":"https:\/\/www.softub.ch\/fr\/#organization"},"potentialAction":[{"@type":"SearchAction","target":{"@type":"EntryPoint","urlTemplate":"https:\/\/www.softub.ch\/fr\/?s={search_term_string}"},"query-input":{"@type":"PropertyValueSpecification","valueRequired":true,"valueName":"search_term_string"}}],"inLanguage":"fr-FR"},{"@type":"Organization","@id":"https:\/\/www.softub.ch\/fr\/#organization","name":"Softub Schweiz AG","url":"https:\/\/www.softub.ch\/fr\/","logo":{"@type":"ImageObject","inLanguage":"fr-FR","@id":"https:\/\/www.softub.ch\/fr\/#\/schema\/logo\/image\/","url":"https:\/\/www.softub.ch\/wp-content\/uploads\/Softub-Logo-Softub-Schweiz-.png","contentUrl":"https:\/\/www.softub.ch\/wp-content\/uploads\/Softub-Logo-Softub-Schweiz-.png","width":200,"height":73,"caption":"Softub Schweiz AG"},"image":{"@id":"https:\/\/www.softub.ch\/fr\/#\/schema\/logo\/image\/"},"sameAs":["https:\/\/www.facebook.com\/softubschweiz","https:\/\/www.instagram.com\/softub_schweiz\/","https:\/\/ch.pinterest.com\/softub_schweiz\/","https:\/\/www.linkedin.com\/company\/softub-schweiz-ag\/"]}]}},"_links":{"self":[{"href":"https:\/\/www.softub.ch\/fr\/wp-json\/wp\/v2\/product\/43522","targetHints":{"allow":["GET"]}}],"collection":[{"href":"https:\/\/www.softub.ch\/fr\/wp-json\/wp\/v2\/product"}],"about":[{"href":"https:\/\/www.softub.ch\/fr\/wp-json\/wp\/v2\/types\/product"}],"wp:featuredmedia":[{"embeddable":true,"href":"https:\/\/www.softub.ch\/fr\/wp-json\/wp\/v2\/media\/31686"}],"wp:attachment":[{"href":"https:\/\/www.softub.ch\/fr\/wp-json\/wp\/v2\/media?parent=43522"}],"wp:term":[{"taxonomy":"product_brand","embeddable":true,"href":"https:\/\/www.softub.ch\/fr\/wp-json\/wp\/v2\/product_brand?post=43522"},{"taxonomy":"product_cat","embeddable":true,"href":"https:\/\/www.softub.ch\/fr\/wp-json\/wp\/v2\/product_cat?post=43522"},{"taxonomy":"product_tag","embeddable":true,"href":"https:\/\/www.softub.ch\/fr\/wp-json\/wp\/v2\/product_tag?post=43522"},{"taxonomy":"woo-feed-brand","embeddable":true,"href":"https:\/\/www.softub.ch\/fr\/wp-json\/wp\/v2\/woo-feed-brand?post=43522"}],"curies":[{"name":"wp","href":"https:\/\/api.w.org\/{rel}","templated":true}]}}