{"id":43524,"date":"2021-06-01T13:39:28","date_gmt":"2021-06-01T13:39:28","guid":{"rendered":"https:\/\/www.softub.ch\/product\/spabalancer-basic\/"},"modified":"2022-08-18T14:33:37","modified_gmt":"2022-08-18T14:33:37","slug":"spabalancer-basic","status":"publish","type":"product","link":"https:\/\/www.softub.ch\/fr\/produit\/spabalancer-basic\/","title":{"rendered":"SpaBalancer Basic &#8211; komplett biologisch und chlorfrei"},"content":{"rendered":"<h1><span style=\"color: #429bba;\">SpaBalancer Basic<\/span><\/h1>\n<p>SpaBalancer Basic ist die Innovation, mit der Sie das Wasser in Ihrem Whirlpool klar, sauber und geruchsfrei halten &#8211; komplett biologisch und chlorfrei.<\/p>\n<p>Durch SpaBalancer Basic ist Ihr Whirlpoolwasser besonders weich und ihre Haut wird nicht mehr gereizt. Damit geh\u00f6ren auch Hautirritationen der Vergangenheit an: Ihre Haut beh\u00e4lt ihren nat\u00fcrlichen S\u00e4ureschutzmantel und trocknet nicht mehr aus. Selbst mit empfindlicher Haut oder mit Neurodermitis k\u00f6nnen Sie Ihren Whirlpool jetzt wieder geniessen. SpaBalancer Basic ver\u00e4ndert den vorhandenen Kalk im Wasser und sch\u00fctzt so die Technik Ihres Whirlpools. Dadurch erh\u00f6ht sich die Lebensdauer Ihres Whirlpools erheblich und kann Sie vor teuren Reparaturen verkalkter Pumpen und korrodierter Heizungen bewahren.<\/p>\n<p>Auch die Kissen und die Isolierabdeckung Ihres Whirlpools werden eine viel l\u00e4ngere Lebensdauer haben, da sie nicht mehr den aggressiven D\u00e4mpfen der Desinfektionsmittel ausgesetzt sind. Statt alle zwei bis vier Monate Ihr Whirlpoolwasser auszutauschen, k\u00f6nnen Sie das Wasser mit SpaBalancer viel l\u00e4nger nutzen. So schonen Sie die Umwelt und sparen zugleich Energie und Geld.<\/p>\n<p>&nbsp;<\/p>\n<h3>Vorteile:<\/h3>\n<ul>\n<li>Extrem einfache Wasserpflege: ein Messbecher pro Woche.<\/li>\n<li>SpaBalancer erh\u00e4lt den nat\u00fcrlichen pH-Wert des Wassers und funktioniert bei jedem pH-Wert.<\/li>\n<li>Funktioniert bei jeder Wasserh\u00e4rte.<\/li>\n<li>Das Whirlpoolwasser ist geruchsfrei.<\/li>\n<li>Keine Kalk- und Schmutzablagerungen oberhalb der Wasserlinie mehr.<\/li>\n<li>Nie mehr eincremen: Das Wasser ist angenehm weich und hautfreundlich.<\/li>\n<li>Keine Hautprobleme: kein Kratzen, kein Jucken, kein Spannen. Auch bei Neurodermitis k\u00f6nnen Sie Ihren Whirlpool geniessen.<\/li>\n<li>Keine roten oder entz\u00fcndeten Augen mehr.<\/li>\n<li>Keine Atemprobleme.<\/li>\n<li>Kein Abduschen des \u00fcblichen Chlorgeruchs nach dem Whirlpoolbad.<\/li>\n<li>Kissen, Isolierabdeckung und Kunststoffschale des Whirlpools werden nicht mehr angegriffen.<\/li>\n<li>Kein h\u00e4ufiger Wasserwechsel mehr n\u00f6tig: Wasserwechsel nur ein Mal im Jahr.<\/li>\n<li>Bei Nichtbenutzung (z. B. Urlaub) bleibt das Wasser \u00fcber vier Wochen kristallklar \u2013 ohne Zugabe von SpaBalancer in dieser Zeit.<\/li>\n<\/ul>\n<p><strong>SpaBalancer ist kein Biozid und sollte immer in Verbindung mit Ultrashock oder einem anderen im jeweiligem Land zugelassenem Biozid verwendet werden.<\/strong><\/p>\n<p>&nbsp;<\/p>\n<h3>Warum Wasserpflege &amp; Reinigung?<\/h3>\n<p>Eine gr\u00fcndliche und regelm\u00e4ssige Wasserpflege und Reinigung Ihres Pools ist das wichtigste, um eine langanhaltende Sch\u00f6nheit, Schutz und Langlebigkeit Ihres Whirlpools zu gew\u00e4hrleisten. Vor allem ist sie die erste Voraussetzung f\u00fcr einen einzigartigen Bade und Sprudel Spass! Dazu ist der Einsatz der geeigneten Pflegeprodukte von Softub und deren richtige Anwendung essentiell.<\/p>\n<p>Die Wasserpflege Produkte haben viele verschiedene Aufgaben. Unter anderem das Wachstum von Mikroorganismen zu verhindern, organische Verunreinigungen zu beseitigen oder den pH-Wert des Wassers zu regulieren usw. Wichtig ist auch das die angegebenen Dosierungen in der jeweiligen Produktenbeschreibung eingehalten werden.<\/p>\n<p>G\u00f6nnen Sie Ihrem Whirlpool die richtige Pflege und informieren Sie sich ausgiebig zum Thema Wasserpflege. Bei weiteren Fragen beraten wir Sie auch gerne telefonisch, in einem unserer Showrooms oder auch bei Ihnen Zuhause.<\/p>\n<p>&nbsp;<\/p>\n<h3 class=\"\" data-fontsize=\"18\" data-lineheight=\"27px\">Weitere Wasserpflege und Reinigungs Produkte von Softub:<\/h3>\n<p>Wir haben ein reichhaltiges Zubeh\u00f6rsortiment f\u00fcr Sie zusammengestellt, so dass Sie sich die passenden Produkte zur\u00a0<a href=\"https:\/\/softub.ch\/shop\/wasserpflege-reinigung\/\">Wasserpflege und Reinigung<\/a>\u00a0in Ruhe in unserem Onlineshop ausw\u00e4hlen k\u00f6nnen.<\/p>\n<p>Wenn Sie sich dar\u00fcber hinaus Ihre ganz pers\u00f6nliche Wellness-Oase schaffen wollen und Ihren Softub besonders in Szene setzen m\u00f6chten, so schauen Sie sich doch einfach unsere\u00a0<a href=\"https:\/\/meinschattenspender.ch\/\">Unosider-<\/a><a href=\"https:\/\/meinschattenspender.ch\/\">Pavillon<\/a>\u00a0an.<\/p>\n<p>Wir beraten Sie gerne, telefonisch, in einem unserer Showrooms oder bei Ihnen Zuhause.<\/p>\n","protected":false},"excerpt":{"rendered":"<h1><span style=\"color: #429bba;\">SpaBalancer Basic<\/span><\/h1>\n<ul>\n<li>Nie mehr eincremen: Das Wasser ist angenehm weich und hautfreundlich.<\/li>\n<li>Keine Hautprobleme: kein Kratzen, kein Jucken, kein Spannen. Auch bei Neurodermitis k\u00f6nnen Sie Ihren Whirlpool geniessen.<\/li>\n<li>Keine roten oder entz\u00fcndeten Augen mehr.<\/li>\n<li>Keine Atemprobleme.<\/li>\n<li>Kein Abduschen des \u00fcblichen Chlorgeruchs nach dem Whirlpoolbad.<\/li>\n<\/ul>\n","protected":false},"featured_media":31690,"template":"","meta":{"_acf_changed":false},"product_brand":[],"product_cat":[210,213],"product_tag":[326,6396,259,2315,4949,6402,6418,256],"woo-feed-brand":[],"class_list":{"0":"post-43524","1":"product","2":"type-product","3":"status-publish","4":"has-post-thumbnail","6":"product_cat-entretien-traitement-deau-softub","7":"product_cat-entretien-de-leau-nettoyage-des-spas-a-coque-dure","8":"product_tag-chimie","9":"product_tag-hot-tub-fr","10":"product_tag-jacuzzi-fr-2","11":"product_tag-softub-fr-2","12":"product_tag-softub-suisse","13":"product_tag-spabalancer-fr","14":"product_tag-spabalancer-basic-fr","15":"product_tag-whirlpool-fr","16":"product_shipping_class-post-15","18":"first","19":"instock","20":"taxable","21":"shipping-taxable","22":"purchasable","23":"product-type-simple"},"acf":[],"yoast_head":"<!-- This site is optimized with the Yoast SEO Premium plugin v27.5 (Yoast SEO v27.5) - https:\/\/yoast.com\/product\/yoast-seo-premium-wordpress\/ -->\n<title>SpaBalancer Basic - komplett biologisch und chlorfrei<\/title>\n<meta name=\"description\" content=\"Der SpaBalancer Basic ist komplett biologisch und chlorfrei. Diese Fl\u00fcssigkeit ist innovative und sorgt f\u00fcr klares, sauberes und geruchfreies Wasser.\" \/>\n<meta name=\"robots\" content=\"index, follow, max-snippet:-1, max-image-preview:large, max-video-preview:-1\" \/>\n<link rel=\"canonical\" href=\"https:\/\/www.softub.ch\/fr\/produit\/spabalancer-basic\/\" \/>\n<meta property=\"og:locale\" content=\"fr_FR\" \/>\n<meta property=\"og:type\" content=\"article\" \/>\n<meta property=\"og:title\" content=\"SpaBalancer Basic - komplett biologisch und chlorfrei\" \/>\n<meta property=\"og:description\" content=\"Der SpaBalancer Basic ist komplett biologisch und chlorfrei. Diese Fl\u00fcssigkeit ist innovative und sorgt f\u00fcr klares, sauberes und geruchfreies Wasser.\" \/>\n<meta property=\"og:url\" content=\"https:\/\/www.softub.ch\/fr\/produit\/spabalancer-basic\/\" \/>\n<meta property=\"og:site_name\" content=\"Softub Schweiz\" \/>\n<meta property=\"article:publisher\" content=\"https:\/\/www.facebook.com\/softubschweiz\" \/>\n<meta property=\"article:modified_time\" content=\"2022-08-18T14:33:37+00:00\" \/>\n<meta property=\"og:image\" content=\"https:\/\/www.softub.ch\/wp-content\/uploads\/Spa-Balancer-Basic-chlorfrei-und-biologisch-Softub-Schweiz.jpg\" \/>\n\t<meta property=\"og:image:width\" content=\"1500\" \/>\n\t<meta property=\"og:image:height\" content=\"1500\" \/>\n\t<meta property=\"og:image:type\" content=\"image\/jpeg\" \/>\n<meta name=\"twitter:card\" content=\"summary_large_image\" \/>\n<meta name=\"twitter:label1\" content=\"Dur\u00e9e de lecture estim\u00e9e\" \/>\n\t<meta name=\"twitter:data1\" content=\"3 minutes\" \/>\n<script type=\"application\/ld+json\" class=\"yoast-schema-graph\">{\"@context\":\"https:\\\/\\\/schema.org\",\"@graph\":[{\"@type\":\"WebPage\",\"@id\":\"https:\\\/\\\/www.softub.ch\\\/fr\\\/produit\\\/spabalancer-basic\\\/\",\"url\":\"https:\\\/\\\/www.softub.ch\\\/fr\\\/produit\\\/spabalancer-basic\\\/\",\"name\":\"SpaBalancer Basic - komplett biologisch und chlorfrei\",\"isPartOf\":{\"@id\":\"https:\\\/\\\/www.softub.ch\\\/fr\\\/#website\"},\"primaryImageOfPage\":{\"@id\":\"https:\\\/\\\/www.softub.ch\\\/fr\\\/produit\\\/spabalancer-basic\\\/#primaryimage\"},\"image\":{\"@id\":\"https:\\\/\\\/www.softub.ch\\\/fr\\\/produit\\\/spabalancer-basic\\\/#primaryimage\"},\"thumbnailUrl\":\"https:\\\/\\\/www.softub.ch\\\/wp-content\\\/uploads\\\/Spa-Balancer-Basic-chlorfrei-und-biologisch-Softub-Schweiz.jpg\",\"datePublished\":\"2021-06-01T13:39:28+00:00\",\"dateModified\":\"2022-08-18T14:33:37+00:00\",\"description\":\"Der SpaBalancer Basic ist komplett biologisch und chlorfrei. Diese Fl\u00fcssigkeit ist innovative und sorgt f\u00fcr klares, sauberes und geruchfreies Wasser.\",\"breadcrumb\":{\"@id\":\"https:\\\/\\\/www.softub.ch\\\/fr\\\/produit\\\/spabalancer-basic\\\/#breadcrumb\"},\"inLanguage\":\"fr-FR\",\"potentialAction\":[{\"@type\":\"ReadAction\",\"target\":[\"https:\\\/\\\/www.softub.ch\\\/fr\\\/produit\\\/spabalancer-basic\\\/\"]}]},{\"@type\":\"ImageObject\",\"inLanguage\":\"fr-FR\",\"@id\":\"https:\\\/\\\/www.softub.ch\\\/fr\\\/produit\\\/spabalancer-basic\\\/#primaryimage\",\"url\":\"https:\\\/\\\/www.softub.ch\\\/wp-content\\\/uploads\\\/Spa-Balancer-Basic-chlorfrei-und-biologisch-Softub-Schweiz.jpg\",\"contentUrl\":\"https:\\\/\\\/www.softub.ch\\\/wp-content\\\/uploads\\\/Spa-Balancer-Basic-chlorfrei-und-biologisch-Softub-Schweiz.jpg\",\"width\":1500,\"height\":1500,\"caption\":\"SpaBalancer Basic. Weisse ein Liter Flasche mit blauem Etikett.\"},{\"@type\":\"BreadcrumbList\",\"@id\":\"https:\\\/\\\/www.softub.ch\\\/fr\\\/produit\\\/spabalancer-basic\\\/#breadcrumb\",\"itemListElement\":[{\"@type\":\"ListItem\",\"position\":1,\"name\":\"Startseite\",\"item\":\"https:\\\/\\\/www.softub.ch\\\/fr\\\/\"},{\"@type\":\"ListItem\",\"position\":2,\"name\":\"Shop\",\"item\":\"https:\\\/\\\/www.softub.ch\\\/fr\\\/softub-suisse-shop\\\/\"},{\"@type\":\"ListItem\",\"position\":3,\"name\":\"SpaBalancer Basic &#8211; komplett biologisch und chlorfrei\"}]},{\"@type\":\"WebSite\",\"@id\":\"https:\\\/\\\/www.softub.ch\\\/fr\\\/#website\",\"url\":\"https:\\\/\\\/www.softub.ch\\\/fr\\\/\",\"name\":\"Softub Schweiz\",\"description\":\"Softub - Wir machen Ferien Zuhause\",\"publisher\":{\"@id\":\"https:\\\/\\\/www.softub.ch\\\/fr\\\/#organization\"},\"potentialAction\":[{\"@type\":\"SearchAction\",\"target\":{\"@type\":\"EntryPoint\",\"urlTemplate\":\"https:\\\/\\\/www.softub.ch\\\/fr\\\/?s={search_term_string}\"},\"query-input\":{\"@type\":\"PropertyValueSpecification\",\"valueRequired\":true,\"valueName\":\"search_term_string\"}}],\"inLanguage\":\"fr-FR\"},{\"@type\":\"Organization\",\"@id\":\"https:\\\/\\\/www.softub.ch\\\/fr\\\/#organization\",\"name\":\"Softub Schweiz AG\",\"url\":\"https:\\\/\\\/www.softub.ch\\\/fr\\\/\",\"logo\":{\"@type\":\"ImageObject\",\"inLanguage\":\"fr-FR\",\"@id\":\"https:\\\/\\\/www.softub.ch\\\/fr\\\/#\\\/schema\\\/logo\\\/image\\\/\",\"url\":\"https:\\\/\\\/www.softub.ch\\\/wp-content\\\/uploads\\\/Softub-Logo-Softub-Schweiz-.png\",\"contentUrl\":\"https:\\\/\\\/www.softub.ch\\\/wp-content\\\/uploads\\\/Softub-Logo-Softub-Schweiz-.png\",\"width\":200,\"height\":73,\"caption\":\"Softub Schweiz AG\"},\"image\":{\"@id\":\"https:\\\/\\\/www.softub.ch\\\/fr\\\/#\\\/schema\\\/logo\\\/image\\\/\"},\"sameAs\":[\"https:\\\/\\\/www.facebook.com\\\/softubschweiz\",\"https:\\\/\\\/www.instagram.com\\\/softub_schweiz\\\/\",\"https:\\\/\\\/ch.pinterest.com\\\/softub_schweiz\\\/\",\"https:\\\/\\\/www.linkedin.com\\\/company\\\/softub-schweiz-ag\\\/\"]}]}<\/script>\n<!-- \/ Yoast SEO Premium plugin. -->","yoast_head_json":{"title":"SpaBalancer Basic - komplett biologisch und chlorfrei","description":"Der SpaBalancer Basic ist komplett biologisch und chlorfrei. Diese Fl\u00fcssigkeit ist innovative und sorgt f\u00fcr klares, sauberes und geruchfreies Wasser.","robots":{"index":"index","follow":"follow","max-snippet":"max-snippet:-1","max-image-preview":"max-image-preview:large","max-video-preview":"max-video-preview:-1"},"canonical":"https:\/\/www.softub.ch\/fr\/produit\/spabalancer-basic\/","og_locale":"fr_FR","og_type":"article","og_title":"SpaBalancer Basic - komplett biologisch und chlorfrei","og_description":"Der SpaBalancer Basic ist komplett biologisch und chlorfrei. Diese Fl\u00fcssigkeit ist innovative und sorgt f\u00fcr klares, sauberes und geruchfreies Wasser.","og_url":"https:\/\/www.softub.ch\/fr\/produit\/spabalancer-basic\/","og_site_name":"Softub Schweiz","article_publisher":"https:\/\/www.facebook.com\/softubschweiz","article_modified_time":"2022-08-18T14:33:37+00:00","og_image":[{"width":1500,"height":1500,"url":"https:\/\/www.softub.ch\/wp-content\/uploads\/Spa-Balancer-Basic-chlorfrei-und-biologisch-Softub-Schweiz.jpg","type":"image\/jpeg"}],"twitter_card":"summary_large_image","twitter_misc":{"Dur\u00e9e de lecture estim\u00e9e":"3 minutes"},"schema":{"@context":"https:\/\/schema.org","@graph":[{"@type":"WebPage","@id":"https:\/\/www.softub.ch\/fr\/produit\/spabalancer-basic\/","url":"https:\/\/www.softub.ch\/fr\/produit\/spabalancer-basic\/","name":"SpaBalancer Basic - komplett biologisch und chlorfrei","isPartOf":{"@id":"https:\/\/www.softub.ch\/fr\/#website"},"primaryImageOfPage":{"@id":"https:\/\/www.softub.ch\/fr\/produit\/spabalancer-basic\/#primaryimage"},"image":{"@id":"https:\/\/www.softub.ch\/fr\/produit\/spabalancer-basic\/#primaryimage"},"thumbnailUrl":"https:\/\/www.softub.ch\/wp-content\/uploads\/Spa-Balancer-Basic-chlorfrei-und-biologisch-Softub-Schweiz.jpg","datePublished":"2021-06-01T13:39:28+00:00","dateModified":"2022-08-18T14:33:37+00:00","description":"Der SpaBalancer Basic ist komplett biologisch und chlorfrei. Diese Fl\u00fcssigkeit ist innovative und sorgt f\u00fcr klares, sauberes und geruchfreies Wasser.","breadcrumb":{"@id":"https:\/\/www.softub.ch\/fr\/produit\/spabalancer-basic\/#breadcrumb"},"inLanguage":"fr-FR","potentialAction":[{"@type":"ReadAction","target":["https:\/\/www.softub.ch\/fr\/produit\/spabalancer-basic\/"]}]},{"@type":"ImageObject","inLanguage":"fr-FR","@id":"https:\/\/www.softub.ch\/fr\/produit\/spabalancer-basic\/#primaryimage","url":"https:\/\/www.softub.ch\/wp-content\/uploads\/Spa-Balancer-Basic-chlorfrei-und-biologisch-Softub-Schweiz.jpg","contentUrl":"https:\/\/www.softub.ch\/wp-content\/uploads\/Spa-Balancer-Basic-chlorfrei-und-biologisch-Softub-Schweiz.jpg","width":1500,"height":1500,"caption":"SpaBalancer Basic. Weisse ein Liter Flasche mit blauem Etikett."},{"@type":"BreadcrumbList","@id":"https:\/\/www.softub.ch\/fr\/produit\/spabalancer-basic\/#breadcrumb","itemListElement":[{"@type":"ListItem","position":1,"name":"Startseite","item":"https:\/\/www.softub.ch\/fr\/"},{"@type":"ListItem","position":2,"name":"Shop","item":"https:\/\/www.softub.ch\/fr\/softub-suisse-shop\/"},{"@type":"ListItem","position":3,"name":"SpaBalancer Basic &#8211; komplett biologisch und chlorfrei"}]},{"@type":"WebSite","@id":"https:\/\/www.softub.ch\/fr\/#website","url":"https:\/\/www.softub.ch\/fr\/","name":"Softub Schweiz","description":"Softub - Wir machen Ferien Zuhause","publisher":{"@id":"https:\/\/www.softub.ch\/fr\/#organization"},"potentialAction":[{"@type":"SearchAction","target":{"@type":"EntryPoint","urlTemplate":"https:\/\/www.softub.ch\/fr\/?s={search_term_string}"},"query-input":{"@type":"PropertyValueSpecification","valueRequired":true,"valueName":"search_term_string"}}],"inLanguage":"fr-FR"},{"@type":"Organization","@id":"https:\/\/www.softub.ch\/fr\/#organization","name":"Softub Schweiz AG","url":"https:\/\/www.softub.ch\/fr\/","logo":{"@type":"ImageObject","inLanguage":"fr-FR","@id":"https:\/\/www.softub.ch\/fr\/#\/schema\/logo\/image\/","url":"https:\/\/www.softub.ch\/wp-content\/uploads\/Softub-Logo-Softub-Schweiz-.png","contentUrl":"https:\/\/www.softub.ch\/wp-content\/uploads\/Softub-Logo-Softub-Schweiz-.png","width":200,"height":73,"caption":"Softub Schweiz AG"},"image":{"@id":"https:\/\/www.softub.ch\/fr\/#\/schema\/logo\/image\/"},"sameAs":["https:\/\/www.facebook.com\/softubschweiz","https:\/\/www.instagram.com\/softub_schweiz\/","https:\/\/ch.pinterest.com\/softub_schweiz\/","https:\/\/www.linkedin.com\/company\/softub-schweiz-ag\/"]}]}},"_links":{"self":[{"href":"https:\/\/www.softub.ch\/fr\/wp-json\/wp\/v2\/product\/43524","targetHints":{"allow":["GET"]}}],"collection":[{"href":"https:\/\/www.softub.ch\/fr\/wp-json\/wp\/v2\/product"}],"about":[{"href":"https:\/\/www.softub.ch\/fr\/wp-json\/wp\/v2\/types\/product"}],"wp:featuredmedia":[{"embeddable":true,"href":"https:\/\/www.softub.ch\/fr\/wp-json\/wp\/v2\/media\/31690"}],"wp:attachment":[{"href":"https:\/\/www.softub.ch\/fr\/wp-json\/wp\/v2\/media?parent=43524"}],"wp:term":[{"taxonomy":"product_brand","embeddable":true,"href":"https:\/\/www.softub.ch\/fr\/wp-json\/wp\/v2\/product_brand?post=43524"},{"taxonomy":"product_cat","embeddable":true,"href":"https:\/\/www.softub.ch\/fr\/wp-json\/wp\/v2\/product_cat?post=43524"},{"taxonomy":"product_tag","embeddable":true,"href":"https:\/\/www.softub.ch\/fr\/wp-json\/wp\/v2\/product_tag?post=43524"},{"taxonomy":"woo-feed-brand","embeddable":true,"href":"https:\/\/www.softub.ch\/fr\/wp-json\/wp\/v2\/woo-feed-brand?post=43524"}],"curies":[{"name":"wp","href":"https:\/\/api.w.org\/{rel}","templated":true}]}}