{"id":43527,"date":"2022-06-09T11:49:50","date_gmt":"2022-06-09T11:49:50","guid":{"rendered":"https:\/\/www.softub.ch\/product\/delphin-spa-ph-stabil\/"},"modified":"2022-08-18T14:34:48","modified_gmt":"2022-08-18T14:34:48","slug":"delphin-spa-ph-stabil","status":"publish","type":"product","link":"https:\/\/www.softub.ch\/fr\/produit\/delphin-spa-ph-stabil\/","title":{"rendered":"Delphin Spa &#8211; pH Stabil zur Anhebung der Karbonh\u00e4rte"},"content":{"rendered":"<h1 class=\"fusion-responsive-typography-calculated\" data-fontsize=\"24\" data-lineheight=\"33.6px\">Delphin Spa pH Stabil<\/h1>\n<h3 class=\"fusion-responsive-typography-calculated\" data-fontsize=\"18\" data-lineheight=\"27px\">Eigenschaften:<\/h3>\n<p>Das Delphin Spa pH Stabil dient zur Anhebung der Karbonh\u00e4rte (S\u00e4urekapazit\u00e4t) des Schwimmbadwassers.<\/p>\n<p>&nbsp;<\/p>\n<h3 class=\"fusion-responsive-typography-calculated\" data-fontsize=\"18\" data-lineheight=\"27px\">Dosierung:<\/h3>\n<p>Der Idealwert liegt bei mind. 4 \u00b0dH Karbonh\u00e4rte (0,7 mmol\/l)<\/p>\n<p>&nbsp;<\/p>\n<h3 class=\"fusion-responsive-typography-calculated\" data-fontsize=\"18\" data-lineheight=\"27px\">Anwendung:<\/h3>\n<p>Produkt in Wasser aufl\u00f6sen und gleichm\u00e4ssig \u00fcber die Wasseroberfl\u00e4che verteilen. 1 Essl\u00f6ffel entspricht ca. 8 g.<\/p>\n<p>&nbsp;<\/p>\n<h3 class=\"fusion-responsive-typography-calculated\" data-fontsize=\"18\" data-lineheight=\"27px\">Sicherheitshinweis:<\/h3>\n<p>Dieses Produkt ist kein gef\u00e4hrlicher Stoff \/ kein gef\u00e4hrliches Gemisch im Sinne der EU-Verordnung 1272\/2008 (CLP). Wir empfehlen dennoch, die bei der Handhabung von Chemikalien \u00fcblichen Sicherheitsmassnahmen zu treffen &#8211; Augen und Haut zu sch\u00fctzen.<\/p>\n<p>&nbsp;<\/p>\n<h3 class=\"fusion-responsive-typography-calculated\" data-fontsize=\"18\" data-lineheight=\"27px\">Inhaltsstoffe:<\/h3>\n<p>Natriumhydrogencarbonat 1 kg.<\/p>\n<p>&nbsp;<\/p>\n<h3 class=\"fusion-responsive-typography-calculated\" data-fontsize=\"18\" data-lineheight=\"27px\">Warum Wasserpflege &amp; Reinigung?<\/h3>\n<p>Eine gr\u00fcndliche und regelm\u00e4ssige Wasserpflege und Reinigung Ihres Pools ist das wichtigste, um eine langanhaltende Sch\u00f6nheit, Schutz und Langlebigkeit Ihres Whirlpools zu gew\u00e4hrleisten. Vor allem ist sie die erste Voraussetzung f\u00fcr einen einzigartigen Bade und Sprudel Spass! Dazu ist der Einsatz der geeigneten Pflegeprodukte von Softub und deren richtige Anwendung essentiell.<\/p>\n<p>Die Wasserpflege Produkte haben viele verschiedene Aufgaben. Unter anderem das Wachstum von Mikroorganismen zu verhindern, organische Verunreinigungen zu beseitigen oder den pH-Wert des Wassers zu regulieren usw. Wichtig ist auch das die angegebenen Dosierungen in der jeweiligen Produktenbeschreibung eingehalten werden.<\/p>\n<p>G\u00f6nnen Sie Ihrem Whirlpool die richtige Pflege und informieren Sie sich ausgiebig zum Thema Wasserpflege. Bei weiteren Fragen beraten wir Sie auch gerne telefonisch, in einem unserer Showrooms oder auch bei Ihnen Zuhause.<\/p>\n<p>&nbsp;<\/p>\n<h3 class=\"fusion-responsive-typography-calculated\" data-fontsize=\"18\" data-lineheight=\"27px\">Weitere Wasserpflege und Reinigungs Produkte von Softub:<\/h3>\n<p>Wir haben ein reichhaltiges Zubeh\u00f6rsortiment f\u00fcr Sie zusammengestellt, so dass Sie sich die passenden Produkte zur\u00a0<a href=\"https:\/\/softub.ch\/shop\/wasserpflege-reinigung\/\">Wasserpflege und Reinigung<\/a>\u00a0in Ruhe in unserem Onlineshop ausw\u00e4hlen k\u00f6nnen.<\/p>\n<p>Wenn Sie sich dar\u00fcber hinaus Ihre ganz pers\u00f6nliche Wellness-Oase schaffen wollen und Ihren Softub besonders in Szene setzen m\u00f6chten, so schauen Sie sich doch einfach unsere\u00a0<a href=\"https:\/\/meinschattenspender.ch\/\">Unosider-<\/a><a href=\"https:\/\/meinschattenspender.ch\/\">Pavillon<\/a>\u00a0an.<\/p>\n<p>Wir beraten Sie gerne, telefonisch, in einem unserer Showrooms oder bei Ihnen Zuhause.<\/p>\n","protected":false},"excerpt":{"rendered":"<h1 class=\"fusion-responsive-typography-calculated\" data-fontsize=\"24\" data-lineheight=\"33.6px\">Delphin Spa pH Stabil<\/h1>\n<p>Das Delphin Spa pH Stabil &#8211; zur Anhebung der Karbonh\u00e4rte.<\/p>\n<p>Schwimmbadwasserpflege<\/p>\n","protected":false},"featured_media":41641,"template":"","meta":{"_acf_changed":false},"product_brand":[],"product_cat":[213],"product_tag":[6436,6360,319,259,2315,4949],"woo-feed-brand":[],"class_list":{"0":"post-43527","1":"product","2":"type-product","3":"status-publish","4":"has-post-thumbnail","6":"product_cat-entretien-de-leau-nettoyage-des-spas-a-coque-dure","7":"product_tag-chemoform-fr","8":"product_tag-delphin-spa-fr","9":"product_tag-entretien-piscine","10":"product_tag-jacuzzi-fr-2","11":"product_tag-softub-fr-2","12":"product_tag-softub-suisse","13":"product_shipping_class-post-15","15":"first","16":"instock","17":"taxable","18":"shipping-taxable","19":"purchasable","20":"product-type-simple"},"acf":[],"yoast_head":"<!-- This site is optimized with the Yoast SEO Premium plugin v27.5 (Yoast SEO v27.5) - https:\/\/yoast.com\/product\/yoast-seo-premium-wordpress\/ -->\n<title>Delphin Spa - pH Stabil zur Anhebung der Karbonh\u00e4rte - Softub Schweiz<\/title>\n<meta name=\"description\" content=\"Das Delphin Spa pH Stabil dient zur Anhebung der Karbonh\u00e4rte des Whirlpoolwassers. Hier finden Sie alle Produkte zur Schwimmbadwasserpflege.\" \/>\n<meta name=\"robots\" content=\"index, follow, max-snippet:-1, max-image-preview:large, max-video-preview:-1\" \/>\n<link rel=\"canonical\" href=\"https:\/\/www.softub.ch\/fr\/produit\/delphin-spa-ph-stabil\/\" \/>\n<meta property=\"og:locale\" content=\"fr_FR\" \/>\n<meta property=\"og:type\" content=\"article\" \/>\n<meta property=\"og:title\" content=\"Delphin Spa - pH Stabil zur Anhebung der Karbonh\u00e4rte\" \/>\n<meta property=\"og:description\" content=\"Das Delphin Spa pH Stabil dient zur Anhebung der Karbonh\u00e4rte des Whirlpoolwassers. Hier finden Sie alle Produkte zur Schwimmbadwasserpflege.\" \/>\n<meta property=\"og:url\" content=\"https:\/\/www.softub.ch\/fr\/produit\/delphin-spa-ph-stabil\/\" \/>\n<meta property=\"og:site_name\" content=\"Softub Schweiz\" \/>\n<meta property=\"article:publisher\" content=\"https:\/\/www.facebook.com\/softubschweiz\" \/>\n<meta property=\"article:modified_time\" content=\"2022-08-18T14:34:48+00:00\" \/>\n<meta property=\"og:image\" content=\"https:\/\/www.softub.ch\/wp-content\/uploads\/delphin_ph_stabil_granulat_1kg_softub_schweiz_ag.jpg\" \/>\n\t<meta property=\"og:image:width\" content=\"800\" \/>\n\t<meta property=\"og:image:height\" content=\"800\" \/>\n\t<meta property=\"og:image:type\" content=\"image\/jpeg\" \/>\n<meta name=\"twitter:card\" content=\"summary_large_image\" \/>\n<meta name=\"twitter:label1\" content=\"Dur\u00e9e de lecture estim\u00e9e\" \/>\n\t<meta name=\"twitter:data1\" content=\"2 minutes\" \/>\n<script type=\"application\/ld+json\" class=\"yoast-schema-graph\">{\"@context\":\"https:\\\/\\\/schema.org\",\"@graph\":[{\"@type\":\"WebPage\",\"@id\":\"https:\\\/\\\/www.softub.ch\\\/fr\\\/produit\\\/delphin-spa-ph-stabil\\\/\",\"url\":\"https:\\\/\\\/www.softub.ch\\\/fr\\\/produit\\\/delphin-spa-ph-stabil\\\/\",\"name\":\"Delphin Spa - pH Stabil zur Anhebung der Karbonh\u00e4rte - Softub Schweiz\",\"isPartOf\":{\"@id\":\"https:\\\/\\\/www.softub.ch\\\/fr\\\/#website\"},\"primaryImageOfPage\":{\"@id\":\"https:\\\/\\\/www.softub.ch\\\/fr\\\/produit\\\/delphin-spa-ph-stabil\\\/#primaryimage\"},\"image\":{\"@id\":\"https:\\\/\\\/www.softub.ch\\\/fr\\\/produit\\\/delphin-spa-ph-stabil\\\/#primaryimage\"},\"thumbnailUrl\":\"https:\\\/\\\/www.softub.ch\\\/wp-content\\\/uploads\\\/delphin_ph_stabil_granulat_1kg_softub_schweiz_ag.jpg\",\"datePublished\":\"2022-06-09T11:49:50+00:00\",\"dateModified\":\"2022-08-18T14:34:48+00:00\",\"description\":\"Das Delphin Spa pH Stabil dient zur Anhebung der Karbonh\u00e4rte des Whirlpoolwassers. Hier finden Sie alle Produkte zur Schwimmbadwasserpflege.\",\"breadcrumb\":{\"@id\":\"https:\\\/\\\/www.softub.ch\\\/fr\\\/produit\\\/delphin-spa-ph-stabil\\\/#breadcrumb\"},\"inLanguage\":\"fr-FR\",\"potentialAction\":[{\"@type\":\"ReadAction\",\"target\":[\"https:\\\/\\\/www.softub.ch\\\/fr\\\/produit\\\/delphin-spa-ph-stabil\\\/\"]}]},{\"@type\":\"ImageObject\",\"inLanguage\":\"fr-FR\",\"@id\":\"https:\\\/\\\/www.softub.ch\\\/fr\\\/produit\\\/delphin-spa-ph-stabil\\\/#primaryimage\",\"url\":\"https:\\\/\\\/www.softub.ch\\\/wp-content\\\/uploads\\\/delphin_ph_stabil_granulat_1kg_softub_schweiz_ag.jpg\",\"contentUrl\":\"https:\\\/\\\/www.softub.ch\\\/wp-content\\\/uploads\\\/delphin_ph_stabil_granulat_1kg_softub_schweiz_ag.jpg\",\"width\":800,\"height\":800,\"caption\":\"Delphin Spa pH Stabil. Weisser Beh\u00e4lter mit blauem Deckel und hellblauer Ett\"},{\"@type\":\"BreadcrumbList\",\"@id\":\"https:\\\/\\\/www.softub.ch\\\/fr\\\/produit\\\/delphin-spa-ph-stabil\\\/#breadcrumb\",\"itemListElement\":[{\"@type\":\"ListItem\",\"position\":1,\"name\":\"Startseite\",\"item\":\"https:\\\/\\\/www.softub.ch\\\/fr\\\/\"},{\"@type\":\"ListItem\",\"position\":2,\"name\":\"Shop\",\"item\":\"https:\\\/\\\/www.softub.ch\\\/fr\\\/softub-suisse-shop\\\/\"},{\"@type\":\"ListItem\",\"position\":3,\"name\":\"Delphin Spa &#8211; pH Stabil zur Anhebung der Karbonh\u00e4rte\"}]},{\"@type\":\"WebSite\",\"@id\":\"https:\\\/\\\/www.softub.ch\\\/fr\\\/#website\",\"url\":\"https:\\\/\\\/www.softub.ch\\\/fr\\\/\",\"name\":\"Softub Schweiz\",\"description\":\"Softub - Wir machen Ferien Zuhause\",\"publisher\":{\"@id\":\"https:\\\/\\\/www.softub.ch\\\/fr\\\/#organization\"},\"potentialAction\":[{\"@type\":\"SearchAction\",\"target\":{\"@type\":\"EntryPoint\",\"urlTemplate\":\"https:\\\/\\\/www.softub.ch\\\/fr\\\/?s={search_term_string}\"},\"query-input\":{\"@type\":\"PropertyValueSpecification\",\"valueRequired\":true,\"valueName\":\"search_term_string\"}}],\"inLanguage\":\"fr-FR\"},{\"@type\":\"Organization\",\"@id\":\"https:\\\/\\\/www.softub.ch\\\/fr\\\/#organization\",\"name\":\"Softub Schweiz AG\",\"url\":\"https:\\\/\\\/www.softub.ch\\\/fr\\\/\",\"logo\":{\"@type\":\"ImageObject\",\"inLanguage\":\"fr-FR\",\"@id\":\"https:\\\/\\\/www.softub.ch\\\/fr\\\/#\\\/schema\\\/logo\\\/image\\\/\",\"url\":\"https:\\\/\\\/www.softub.ch\\\/wp-content\\\/uploads\\\/Softub-Logo-Softub-Schweiz-.png\",\"contentUrl\":\"https:\\\/\\\/www.softub.ch\\\/wp-content\\\/uploads\\\/Softub-Logo-Softub-Schweiz-.png\",\"width\":200,\"height\":73,\"caption\":\"Softub Schweiz AG\"},\"image\":{\"@id\":\"https:\\\/\\\/www.softub.ch\\\/fr\\\/#\\\/schema\\\/logo\\\/image\\\/\"},\"sameAs\":[\"https:\\\/\\\/www.facebook.com\\\/softubschweiz\",\"https:\\\/\\\/www.instagram.com\\\/softub_schweiz\\\/\",\"https:\\\/\\\/ch.pinterest.com\\\/softub_schweiz\\\/\",\"https:\\\/\\\/www.linkedin.com\\\/company\\\/softub-schweiz-ag\\\/\"]}]}<\/script>\n<!-- \/ Yoast SEO Premium plugin. -->","yoast_head_json":{"title":"Delphin Spa - pH Stabil zur Anhebung der Karbonh\u00e4rte - Softub Schweiz","description":"Das Delphin Spa pH Stabil dient zur Anhebung der Karbonh\u00e4rte des Whirlpoolwassers. Hier finden Sie alle Produkte zur Schwimmbadwasserpflege.","robots":{"index":"index","follow":"follow","max-snippet":"max-snippet:-1","max-image-preview":"max-image-preview:large","max-video-preview":"max-video-preview:-1"},"canonical":"https:\/\/www.softub.ch\/fr\/produit\/delphin-spa-ph-stabil\/","og_locale":"fr_FR","og_type":"article","og_title":"Delphin Spa - pH Stabil zur Anhebung der Karbonh\u00e4rte","og_description":"Das Delphin Spa pH Stabil dient zur Anhebung der Karbonh\u00e4rte des Whirlpoolwassers. Hier finden Sie alle Produkte zur Schwimmbadwasserpflege.","og_url":"https:\/\/www.softub.ch\/fr\/produit\/delphin-spa-ph-stabil\/","og_site_name":"Softub Schweiz","article_publisher":"https:\/\/www.facebook.com\/softubschweiz","article_modified_time":"2022-08-18T14:34:48+00:00","og_image":[{"width":800,"height":800,"url":"https:\/\/www.softub.ch\/wp-content\/uploads\/delphin_ph_stabil_granulat_1kg_softub_schweiz_ag.jpg","type":"image\/jpeg"}],"twitter_card":"summary_large_image","twitter_misc":{"Dur\u00e9e de lecture estim\u00e9e":"2 minutes"},"schema":{"@context":"https:\/\/schema.org","@graph":[{"@type":"WebPage","@id":"https:\/\/www.softub.ch\/fr\/produit\/delphin-spa-ph-stabil\/","url":"https:\/\/www.softub.ch\/fr\/produit\/delphin-spa-ph-stabil\/","name":"Delphin Spa - pH Stabil zur Anhebung der Karbonh\u00e4rte - Softub Schweiz","isPartOf":{"@id":"https:\/\/www.softub.ch\/fr\/#website"},"primaryImageOfPage":{"@id":"https:\/\/www.softub.ch\/fr\/produit\/delphin-spa-ph-stabil\/#primaryimage"},"image":{"@id":"https:\/\/www.softub.ch\/fr\/produit\/delphin-spa-ph-stabil\/#primaryimage"},"thumbnailUrl":"https:\/\/www.softub.ch\/wp-content\/uploads\/delphin_ph_stabil_granulat_1kg_softub_schweiz_ag.jpg","datePublished":"2022-06-09T11:49:50+00:00","dateModified":"2022-08-18T14:34:48+00:00","description":"Das Delphin Spa pH Stabil dient zur Anhebung der Karbonh\u00e4rte des Whirlpoolwassers. Hier finden Sie alle Produkte zur Schwimmbadwasserpflege.","breadcrumb":{"@id":"https:\/\/www.softub.ch\/fr\/produit\/delphin-spa-ph-stabil\/#breadcrumb"},"inLanguage":"fr-FR","potentialAction":[{"@type":"ReadAction","target":["https:\/\/www.softub.ch\/fr\/produit\/delphin-spa-ph-stabil\/"]}]},{"@type":"ImageObject","inLanguage":"fr-FR","@id":"https:\/\/www.softub.ch\/fr\/produit\/delphin-spa-ph-stabil\/#primaryimage","url":"https:\/\/www.softub.ch\/wp-content\/uploads\/delphin_ph_stabil_granulat_1kg_softub_schweiz_ag.jpg","contentUrl":"https:\/\/www.softub.ch\/wp-content\/uploads\/delphin_ph_stabil_granulat_1kg_softub_schweiz_ag.jpg","width":800,"height":800,"caption":"Delphin Spa pH Stabil. Weisser Beh\u00e4lter mit blauem Deckel und hellblauer Ett"},{"@type":"BreadcrumbList","@id":"https:\/\/www.softub.ch\/fr\/produit\/delphin-spa-ph-stabil\/#breadcrumb","itemListElement":[{"@type":"ListItem","position":1,"name":"Startseite","item":"https:\/\/www.softub.ch\/fr\/"},{"@type":"ListItem","position":2,"name":"Shop","item":"https:\/\/www.softub.ch\/fr\/softub-suisse-shop\/"},{"@type":"ListItem","position":3,"name":"Delphin Spa &#8211; pH Stabil zur Anhebung der Karbonh\u00e4rte"}]},{"@type":"WebSite","@id":"https:\/\/www.softub.ch\/fr\/#website","url":"https:\/\/www.softub.ch\/fr\/","name":"Softub Schweiz","description":"Softub - Wir machen Ferien Zuhause","publisher":{"@id":"https:\/\/www.softub.ch\/fr\/#organization"},"potentialAction":[{"@type":"SearchAction","target":{"@type":"EntryPoint","urlTemplate":"https:\/\/www.softub.ch\/fr\/?s={search_term_string}"},"query-input":{"@type":"PropertyValueSpecification","valueRequired":true,"valueName":"search_term_string"}}],"inLanguage":"fr-FR"},{"@type":"Organization","@id":"https:\/\/www.softub.ch\/fr\/#organization","name":"Softub Schweiz AG","url":"https:\/\/www.softub.ch\/fr\/","logo":{"@type":"ImageObject","inLanguage":"fr-FR","@id":"https:\/\/www.softub.ch\/fr\/#\/schema\/logo\/image\/","url":"https:\/\/www.softub.ch\/wp-content\/uploads\/Softub-Logo-Softub-Schweiz-.png","contentUrl":"https:\/\/www.softub.ch\/wp-content\/uploads\/Softub-Logo-Softub-Schweiz-.png","width":200,"height":73,"caption":"Softub Schweiz AG"},"image":{"@id":"https:\/\/www.softub.ch\/fr\/#\/schema\/logo\/image\/"},"sameAs":["https:\/\/www.facebook.com\/softubschweiz","https:\/\/www.instagram.com\/softub_schweiz\/","https:\/\/ch.pinterest.com\/softub_schweiz\/","https:\/\/www.linkedin.com\/company\/softub-schweiz-ag\/"]}]}},"_links":{"self":[{"href":"https:\/\/www.softub.ch\/fr\/wp-json\/wp\/v2\/product\/43527","targetHints":{"allow":["GET"]}}],"collection":[{"href":"https:\/\/www.softub.ch\/fr\/wp-json\/wp\/v2\/product"}],"about":[{"href":"https:\/\/www.softub.ch\/fr\/wp-json\/wp\/v2\/types\/product"}],"wp:featuredmedia":[{"embeddable":true,"href":"https:\/\/www.softub.ch\/fr\/wp-json\/wp\/v2\/media\/41641"}],"wp:attachment":[{"href":"https:\/\/www.softub.ch\/fr\/wp-json\/wp\/v2\/media?parent=43527"}],"wp:term":[{"taxonomy":"product_brand","embeddable":true,"href":"https:\/\/www.softub.ch\/fr\/wp-json\/wp\/v2\/product_brand?post=43527"},{"taxonomy":"product_cat","embeddable":true,"href":"https:\/\/www.softub.ch\/fr\/wp-json\/wp\/v2\/product_cat?post=43527"},{"taxonomy":"product_tag","embeddable":true,"href":"https:\/\/www.softub.ch\/fr\/wp-json\/wp\/v2\/product_tag?post=43527"},{"taxonomy":"woo-feed-brand","embeddable":true,"href":"https:\/\/www.softub.ch\/fr\/wp-json\/wp\/v2\/woo-feed-brand?post=43527"}],"curies":[{"name":"wp","href":"https:\/\/api.w.org\/{rel}","templated":true}]}}