{"id":43531,"date":"2021-03-19T11:11:41","date_gmt":"2021-03-19T11:11:41","guid":{"rendered":"https:\/\/www.softub.ch\/product\/delphin-chlor-granulat-65\/"},"modified":"2021-03-19T11:11:41","modified_gmt":"2021-03-19T11:11:41","slug":"delphin-chlor-granulat-65","status":"publish","type":"product","link":"https:\/\/www.softub.ch\/fr\/produit\/delphin-chlor-granulat-65\/","title":{"rendered":"Delphin Chlor-Granulat 65 &#8211; zur Stoff und Dauerchlorung"},"content":{"rendered":"<h1><span style=\"color: #429bba;\">Delphin Chlor Granulat 65<\/span><\/h1>\n<p>Das Delphin Chlor Granulat 65 dient zur Stoff und Dauerchlorung.<\/p>\n<p>&nbsp;<\/p>\n<h3>Eigenschaften:<\/h3>\n<ul>\n<li>Organische Chlorverbindung, ca. 55% Aktivchlor<\/li>\n<li>Schnell und r\u00fcckstandsfrei l\u00f6slich<\/li>\n<li>Kann unabh\u00e4ngig von der Wasserh\u00e4rte eingesetzt werden<\/li>\n<\/ul>\n<p>&nbsp;<\/p>\n<h3>Dosierung:<\/h3>\n<p>Zugabemenge bei Neuf\u00fcllung und der etwa alle zwei Wochen zu erfolgenden Stosschlorung<\/p>\n<ul>\n<li>50 bis 90 g \/ 10 m3 (5-9 g \/ m3)<\/li>\n<\/ul>\n<p>&nbsp;<\/p>\n<h3>Laufender Betrieb:<\/h3>\n<p>25 g pro 10 m3 ca alle 3 Tage. Jedoch so viel zugeben, dass am Beckenauslauf mind. 0,3 mg\/l freies Chlor nachzuweisen sind.<\/p>\n<p>&nbsp;<\/p>\n<h3>Anwendung:<\/h3>\n<p>Manuell. Das Granulat kann direkt oder in vorgel\u00f6ster Form gleichm\u00e4ssig \u00fcber die Wasseroberfl\u00e4che verteilt werden.<\/p>\n<p>Nach jeder Zugabe des Produktes ins Beckenwasser sollte zur vollst\u00e4ndigen Durchmischung die Umw\u00e4lzanlage so lange eingeschaltet bleiben, bis das gesamte Wasservolumen des Schwimmbeckens umgew\u00e4lzt ist, mindestens jedoch 3 Stunden.<\/p>\n<p>&nbsp;<\/p>\n<h3>Hinweis:<\/h3>\n<p>Festes Produkt darf in Kunststoff-ausgekleideten oder gestrichenen Becken nicht direkt und l\u00e4ngere Zeit mit der Wandung \/ Boden in Ber\u00fchrung kommen, da es zu Entf\u00e4rbungen f\u00fchren kann.<\/p>\n<p>Vor Zugabe von Chlor 65 + Granulat den pH-Wert messen und gegebenenfalls auf 7,0 bis 7,4 einstellen.<\/p>\n<p><a href=\"https:\/\/softub.ch\/wp-content\/uploads\/Sicherheitsdatenblatt-DELPHIN-Spa-Chlor-Granulat-05010_DE.pdf\">Sicherheitsdatenblatt<\/a><\/p>\n<p>&nbsp;<\/p>\n<h3>Warum Wasserpflege &amp; Reinigung?<\/h3>\n<p>Eine gr\u00fcndliche und regelm\u00e4ssige Wasserpflege und Reinigung Ihres Pools ist das wichtigste, um eine langanhaltende Sch\u00f6nheit, Schutz und Langlebigkeit Ihres Whirlpools zu gew\u00e4hrleisten. Vor allem ist sie die erste Voraussetzung f\u00fcr einen einzigartigen Bade und Sprudel Spass! Dazu ist der Einsatz der geeigneten Pflegeprodukte von Softub und deren richtige Anwendung essentiell.<\/p>\n<p>Die Wasserpflege Produkte haben viele verschiedene Aufgaben. Unter anderem das Wachstum von Mikroorganismen zu verhindern, organische Verunreinigungen zu beseitigen oder den pH-Wert des Wassers zu regulieren usw. Wichtig ist auch das die angegebenen Dosierungen in der jeweiligen Produktenbeschreibung eingehalten werden.<\/p>\n<p>G\u00f6nnen Sie Ihrem Whirlpool die richtige Pflege und informieren Sie sich ausgiebig zum Thema Wasserpflege. Bei weiteren Fragen beraten wir Sie auch gerne telefonisch, in einem unserer Showrooms oder auch bei Ihnen Zuhause.<\/p>\n<p>&nbsp;<\/p>\n<h3>Weitere Wasserpflege und Reinigungs Produkte von Softub:<\/h3>\n<p>Wir haben ein reichhaltiges Zubeh\u00f6rsortiment f\u00fcr Sie zusammengestellt, so dass Sie sich die passenden Produkte zur <a href=\"https:\/\/softub.ch\/shop\/wasserpflege-reinigung\/\">Wasserpflege und Reinigung<\/a> in Ruhe in unserem Onlineshop ausw\u00e4hlen k\u00f6nnen.<\/p>\n<p>Wenn Sie sich dar\u00fcber hinaus Ihre ganz pers\u00f6nliche Wellness-Oase schaffen wollen und Ihren Softub besonders in Szene setzen m\u00f6chten, so schauen Sie sich doch einfach unsere <a href=\"https:\/\/meinschattenspender.ch\/\">Unosider-<\/a><a href=\"https:\/\/meinschattenspender.ch\/\">Pavillon<\/a> an.<\/p>\n<p>Wir beraten Sie gerne, telefonisch, in einem unserer Showrooms oder bei Ihnen Zuhause.<\/p>\n","protected":false},"excerpt":{"rendered":"<h1><span style=\"color: #429bba;\">Delphin Chlor Granulat 65<\/span><\/h1>\n<p>Zur Stoss- und Dauerchlorung.<\/p>\n<p>1, 3 oder 5 kg.<\/p>\n","protected":false},"featured_media":27109,"template":"","meta":{"_acf_changed":false},"product_brand":[],"product_cat":[213],"product_tag":[6360,322,259,6363,2315,4949,257,256],"woo-feed-brand":[],"class_list":{"0":"post-43531","1":"product","2":"type-product","3":"status-publish","4":"has-post-thumbnail","6":"product_cat-entretien-de-leau-nettoyage-des-spas-a-coque-dure","7":"product_tag-delphin-spa-fr","8":"product_tag-entretien-de-leau","9":"product_tag-jacuzzi-fr-2","10":"product_tag-pool-fr","11":"product_tag-softub-fr-2","12":"product_tag-softub-suisse","13":"product_tag-spa-fr-2","14":"product_tag-whirlpool-fr","15":"product_shipping_class-post-15","17":"first","18":"instock","19":"taxable","20":"shipping-taxable","21":"purchasable","22":"product-type-variable"},"acf":[],"yoast_head":"<!-- This site is optimized with the Yoast SEO Premium plugin v27.6 (Yoast SEO v27.6) - https:\/\/yoast.com\/product\/yoast-seo-premium-wordpress\/ -->\n<title>Delphin Chlor Granulat 65 - zur Stoff und Dauerchlorung<\/title>\n<meta name=\"description\" content=\"Das Delphin Chlor Granulat 65 dient zur Stoff- und Dauerchlorung. Es ist schnell und r\u00fcckstandsfrei l\u00f6slich.\" \/>\n<meta name=\"robots\" content=\"index, follow, max-snippet:-1, max-image-preview:large, max-video-preview:-1\" \/>\n<link rel=\"canonical\" href=\"https:\/\/www.softub.ch\/fr\/produit\/delphin-chlor-granulat-65\/\" \/>\n<meta property=\"og:locale\" content=\"fr_FR\" \/>\n<meta property=\"og:type\" content=\"article\" \/>\n<meta property=\"og:title\" content=\"Delphin Chlor-Granulat 65 - zur Stoff und Dauerchlorung\" \/>\n<meta property=\"og:description\" content=\"Das Delphin Chlor Granulat 65 dient zur Stoff- und Dauerchlorung. Es ist schnell und r\u00fcckstandsfrei l\u00f6slich.\" \/>\n<meta property=\"og:url\" content=\"https:\/\/www.softub.ch\/fr\/produit\/delphin-chlor-granulat-65\/\" \/>\n<meta property=\"og:site_name\" content=\"Softub Schweiz\" \/>\n<meta property=\"article:publisher\" content=\"https:\/\/www.facebook.com\/softubschweiz\" \/>\n<meta property=\"og:image\" content=\"https:\/\/www.softub.ch\/wp-content\/uploads\/Delphin-chlor-granulat-65-1kg-Softub-Schweiz-.jpg\" \/>\n\t<meta property=\"og:image:width\" content=\"800\" \/>\n\t<meta property=\"og:image:height\" content=\"800\" \/>\n\t<meta property=\"og:image:type\" content=\"image\/jpeg\" \/>\n<meta name=\"twitter:card\" content=\"summary_large_image\" \/>\n<meta name=\"twitter:label1\" content=\"Dur\u00e9e de lecture estim\u00e9e\" \/>\n\t<meta name=\"twitter:data1\" content=\"2 minutes\" \/>\n<script type=\"application\/ld+json\" class=\"yoast-schema-graph\">{\"@context\":\"https:\\\/\\\/schema.org\",\"@graph\":[{\"@type\":\"WebPage\",\"@id\":\"https:\\\/\\\/www.softub.ch\\\/fr\\\/produit\\\/delphin-chlor-granulat-65\\\/\",\"url\":\"https:\\\/\\\/www.softub.ch\\\/fr\\\/produit\\\/delphin-chlor-granulat-65\\\/\",\"name\":\"Delphin Chlor Granulat 65 - zur Stoff und Dauerchlorung\",\"isPartOf\":{\"@id\":\"https:\\\/\\\/www.softub.ch\\\/fr\\\/#website\"},\"primaryImageOfPage\":{\"@id\":\"https:\\\/\\\/www.softub.ch\\\/fr\\\/produit\\\/delphin-chlor-granulat-65\\\/#primaryimage\"},\"image\":{\"@id\":\"https:\\\/\\\/www.softub.ch\\\/fr\\\/produit\\\/delphin-chlor-granulat-65\\\/#primaryimage\"},\"thumbnailUrl\":\"https:\\\/\\\/www.softub.ch\\\/wp-content\\\/uploads\\\/Delphin-chlor-granulat-65-1kg-Softub-Schweiz-.jpg\",\"datePublished\":\"2021-03-19T11:11:41+00:00\",\"description\":\"Das Delphin Chlor Granulat 65 dient zur Stoff- und Dauerchlorung. Es ist schnell und r\u00fcckstandsfrei l\u00f6slich.\",\"breadcrumb\":{\"@id\":\"https:\\\/\\\/www.softub.ch\\\/fr\\\/produit\\\/delphin-chlor-granulat-65\\\/#breadcrumb\"},\"inLanguage\":\"fr-FR\",\"potentialAction\":[{\"@type\":\"ReadAction\",\"target\":[\"https:\\\/\\\/www.softub.ch\\\/fr\\\/produit\\\/delphin-chlor-granulat-65\\\/\"]}]},{\"@type\":\"ImageObject\",\"inLanguage\":\"fr-FR\",\"@id\":\"https:\\\/\\\/www.softub.ch\\\/fr\\\/produit\\\/delphin-chlor-granulat-65\\\/#primaryimage\",\"url\":\"https:\\\/\\\/www.softub.ch\\\/wp-content\\\/uploads\\\/Delphin-chlor-granulat-65-1kg-Softub-Schweiz-.jpg\",\"contentUrl\":\"https:\\\/\\\/www.softub.ch\\\/wp-content\\\/uploads\\\/Delphin-chlor-granulat-65-1kg-Softub-Schweiz-.jpg\",\"width\":800,\"height\":800},{\"@type\":\"BreadcrumbList\",\"@id\":\"https:\\\/\\\/www.softub.ch\\\/fr\\\/produit\\\/delphin-chlor-granulat-65\\\/#breadcrumb\",\"itemListElement\":[{\"@type\":\"ListItem\",\"position\":1,\"name\":\"Startseite\",\"item\":\"https:\\\/\\\/www.softub.ch\\\/fr\\\/\"},{\"@type\":\"ListItem\",\"position\":2,\"name\":\"Shop\",\"item\":\"https:\\\/\\\/www.softub.ch\\\/fr\\\/softub-suisse-shop\\\/\"},{\"@type\":\"ListItem\",\"position\":3,\"name\":\"Delphin Chlor-Granulat 65 &#8211; zur Stoff und Dauerchlorung\"}]},{\"@type\":\"WebSite\",\"@id\":\"https:\\\/\\\/www.softub.ch\\\/fr\\\/#website\",\"url\":\"https:\\\/\\\/www.softub.ch\\\/fr\\\/\",\"name\":\"Softub Schweiz\",\"description\":\"Softub - Wir machen Ferien Zuhause\",\"publisher\":{\"@id\":\"https:\\\/\\\/www.softub.ch\\\/fr\\\/#organization\"},\"potentialAction\":[{\"@type\":\"SearchAction\",\"target\":{\"@type\":\"EntryPoint\",\"urlTemplate\":\"https:\\\/\\\/www.softub.ch\\\/fr\\\/?s={search_term_string}\"},\"query-input\":{\"@type\":\"PropertyValueSpecification\",\"valueRequired\":true,\"valueName\":\"search_term_string\"}}],\"inLanguage\":\"fr-FR\"},{\"@type\":\"Organization\",\"@id\":\"https:\\\/\\\/www.softub.ch\\\/fr\\\/#organization\",\"name\":\"Softub Schweiz AG\",\"url\":\"https:\\\/\\\/www.softub.ch\\\/fr\\\/\",\"logo\":{\"@type\":\"ImageObject\",\"inLanguage\":\"fr-FR\",\"@id\":\"https:\\\/\\\/www.softub.ch\\\/fr\\\/#\\\/schema\\\/logo\\\/image\\\/\",\"url\":\"https:\\\/\\\/www.softub.ch\\\/wp-content\\\/uploads\\\/Softub-Logo-Softub-Schweiz-.png\",\"contentUrl\":\"https:\\\/\\\/www.softub.ch\\\/wp-content\\\/uploads\\\/Softub-Logo-Softub-Schweiz-.png\",\"width\":200,\"height\":73,\"caption\":\"Softub Schweiz AG\"},\"image\":{\"@id\":\"https:\\\/\\\/www.softub.ch\\\/fr\\\/#\\\/schema\\\/logo\\\/image\\\/\"},\"sameAs\":[\"https:\\\/\\\/www.facebook.com\\\/softubschweiz\",\"https:\\\/\\\/www.instagram.com\\\/softub_schweiz\\\/\",\"https:\\\/\\\/ch.pinterest.com\\\/softub_schweiz\\\/\",\"https:\\\/\\\/www.linkedin.com\\\/company\\\/softub-schweiz-ag\\\/\"]}]}<\/script>\n<!-- \/ Yoast SEO Premium plugin. -->","yoast_head_json":{"title":"Delphin Chlor Granulat 65 - zur Stoff und Dauerchlorung","description":"Das Delphin Chlor Granulat 65 dient zur Stoff- und Dauerchlorung. Es ist schnell und r\u00fcckstandsfrei l\u00f6slich.","robots":{"index":"index","follow":"follow","max-snippet":"max-snippet:-1","max-image-preview":"max-image-preview:large","max-video-preview":"max-video-preview:-1"},"canonical":"https:\/\/www.softub.ch\/fr\/produit\/delphin-chlor-granulat-65\/","og_locale":"fr_FR","og_type":"article","og_title":"Delphin Chlor-Granulat 65 - zur Stoff und Dauerchlorung","og_description":"Das Delphin Chlor Granulat 65 dient zur Stoff- und Dauerchlorung. Es ist schnell und r\u00fcckstandsfrei l\u00f6slich.","og_url":"https:\/\/www.softub.ch\/fr\/produit\/delphin-chlor-granulat-65\/","og_site_name":"Softub Schweiz","article_publisher":"https:\/\/www.facebook.com\/softubschweiz","og_image":[{"width":800,"height":800,"url":"https:\/\/www.softub.ch\/wp-content\/uploads\/Delphin-chlor-granulat-65-1kg-Softub-Schweiz-.jpg","type":"image\/jpeg"}],"twitter_card":"summary_large_image","twitter_misc":{"Dur\u00e9e de lecture estim\u00e9e":"2 minutes"},"schema":{"@context":"https:\/\/schema.org","@graph":[{"@type":"WebPage","@id":"https:\/\/www.softub.ch\/fr\/produit\/delphin-chlor-granulat-65\/","url":"https:\/\/www.softub.ch\/fr\/produit\/delphin-chlor-granulat-65\/","name":"Delphin Chlor Granulat 65 - zur Stoff und Dauerchlorung","isPartOf":{"@id":"https:\/\/www.softub.ch\/fr\/#website"},"primaryImageOfPage":{"@id":"https:\/\/www.softub.ch\/fr\/produit\/delphin-chlor-granulat-65\/#primaryimage"},"image":{"@id":"https:\/\/www.softub.ch\/fr\/produit\/delphin-chlor-granulat-65\/#primaryimage"},"thumbnailUrl":"https:\/\/www.softub.ch\/wp-content\/uploads\/Delphin-chlor-granulat-65-1kg-Softub-Schweiz-.jpg","datePublished":"2021-03-19T11:11:41+00:00","description":"Das Delphin Chlor Granulat 65 dient zur Stoff- und Dauerchlorung. Es ist schnell und r\u00fcckstandsfrei l\u00f6slich.","breadcrumb":{"@id":"https:\/\/www.softub.ch\/fr\/produit\/delphin-chlor-granulat-65\/#breadcrumb"},"inLanguage":"fr-FR","potentialAction":[{"@type":"ReadAction","target":["https:\/\/www.softub.ch\/fr\/produit\/delphin-chlor-granulat-65\/"]}]},{"@type":"ImageObject","inLanguage":"fr-FR","@id":"https:\/\/www.softub.ch\/fr\/produit\/delphin-chlor-granulat-65\/#primaryimage","url":"https:\/\/www.softub.ch\/wp-content\/uploads\/Delphin-chlor-granulat-65-1kg-Softub-Schweiz-.jpg","contentUrl":"https:\/\/www.softub.ch\/wp-content\/uploads\/Delphin-chlor-granulat-65-1kg-Softub-Schweiz-.jpg","width":800,"height":800},{"@type":"BreadcrumbList","@id":"https:\/\/www.softub.ch\/fr\/produit\/delphin-chlor-granulat-65\/#breadcrumb","itemListElement":[{"@type":"ListItem","position":1,"name":"Startseite","item":"https:\/\/www.softub.ch\/fr\/"},{"@type":"ListItem","position":2,"name":"Shop","item":"https:\/\/www.softub.ch\/fr\/softub-suisse-shop\/"},{"@type":"ListItem","position":3,"name":"Delphin Chlor-Granulat 65 &#8211; zur Stoff und Dauerchlorung"}]},{"@type":"WebSite","@id":"https:\/\/www.softub.ch\/fr\/#website","url":"https:\/\/www.softub.ch\/fr\/","name":"Softub Schweiz","description":"Softub - Wir machen Ferien Zuhause","publisher":{"@id":"https:\/\/www.softub.ch\/fr\/#organization"},"potentialAction":[{"@type":"SearchAction","target":{"@type":"EntryPoint","urlTemplate":"https:\/\/www.softub.ch\/fr\/?s={search_term_string}"},"query-input":{"@type":"PropertyValueSpecification","valueRequired":true,"valueName":"search_term_string"}}],"inLanguage":"fr-FR"},{"@type":"Organization","@id":"https:\/\/www.softub.ch\/fr\/#organization","name":"Softub Schweiz AG","url":"https:\/\/www.softub.ch\/fr\/","logo":{"@type":"ImageObject","inLanguage":"fr-FR","@id":"https:\/\/www.softub.ch\/fr\/#\/schema\/logo\/image\/","url":"https:\/\/www.softub.ch\/wp-content\/uploads\/Softub-Logo-Softub-Schweiz-.png","contentUrl":"https:\/\/www.softub.ch\/wp-content\/uploads\/Softub-Logo-Softub-Schweiz-.png","width":200,"height":73,"caption":"Softub Schweiz AG"},"image":{"@id":"https:\/\/www.softub.ch\/fr\/#\/schema\/logo\/image\/"},"sameAs":["https:\/\/www.facebook.com\/softubschweiz","https:\/\/www.instagram.com\/softub_schweiz\/","https:\/\/ch.pinterest.com\/softub_schweiz\/","https:\/\/www.linkedin.com\/company\/softub-schweiz-ag\/"]}]}},"_links":{"self":[{"href":"https:\/\/www.softub.ch\/fr\/wp-json\/wp\/v2\/product\/43531","targetHints":{"allow":["GET"]}}],"collection":[{"href":"https:\/\/www.softub.ch\/fr\/wp-json\/wp\/v2\/product"}],"about":[{"href":"https:\/\/www.softub.ch\/fr\/wp-json\/wp\/v2\/types\/product"}],"wp:featuredmedia":[{"embeddable":true,"href":"https:\/\/www.softub.ch\/fr\/wp-json\/wp\/v2\/media\/27109"}],"wp:attachment":[{"href":"https:\/\/www.softub.ch\/fr\/wp-json\/wp\/v2\/media?parent=43531"}],"wp:term":[{"taxonomy":"product_brand","embeddable":true,"href":"https:\/\/www.softub.ch\/fr\/wp-json\/wp\/v2\/product_brand?post=43531"},{"taxonomy":"product_cat","embeddable":true,"href":"https:\/\/www.softub.ch\/fr\/wp-json\/wp\/v2\/product_cat?post=43531"},{"taxonomy":"product_tag","embeddable":true,"href":"https:\/\/www.softub.ch\/fr\/wp-json\/wp\/v2\/product_tag?post=43531"},{"taxonomy":"woo-feed-brand","embeddable":true,"href":"https:\/\/www.softub.ch\/fr\/wp-json\/wp\/v2\/woo-feed-brand?post=43531"}],"curies":[{"name":"wp","href":"https:\/\/api.w.org\/{rel}","templated":true}]}}