{"id":43535,"date":"2021-03-19T14:36:15","date_gmt":"2021-03-19T14:36:15","guid":{"rendered":"https:\/\/www.softub.ch\/product\/delphin-spa-oxy-fresh\/"},"modified":"2022-08-18T14:40:14","modified_gmt":"2022-08-18T14:40:14","slug":"delphin-spa-oxy-fresh","status":"publish","type":"product","link":"https:\/\/www.softub.ch\/fr\/produit\/delphin-spa-oxy-fresh\/","title":{"rendered":"Delphin Spa Oxy Fresh &#8211; Desinfektion auf Sauerstoffbasis"},"content":{"rendered":"<h1><span style=\"color: #429bba;\">Delphin Spa Oxy Fresh\u00a0<\/span><\/h1>\n<p>Das Delphin Spa Oxy Fresh ist ein Desinfektionsmittel f\u00fcr private Whirlpools auf Sauerstoffbasis.<\/p>\n<p>&nbsp;<\/p>\n<h3>Eigenschaften:<\/h3>\n<ul>\n<li>Chlorfreies Desinfektions- und Oxidationsmittel f\u00fcr private Whirlpools.<\/li>\n<\/ul>\n<p>&nbsp;<\/p>\n<h3>Dosierung:<\/h3>\n<p>2 mal pro Woche 30g pro 1&rsquo;000 Liter (ca. 4 gestrichene Essl\u00f6ffel) Wasser. In Kombination mit Oxy Support als Algizid anwendbar.<\/p>\n<p>&nbsp;<\/p>\n<h3>Anwendung:<\/h3>\n<p>Bei eingeschalteter Massage- oder Zirkulationspumpe direkt in das Whirlpool-Wasser einstreuen. Der Gehalt sollte mindestens 5 &#8211; 8 mg \/ l O2 betragen. Bei starker Belastung sind die Zugabemengen entsprechend zu erh\u00f6hen. Den pH Wert regelm\u00e4ssig pr\u00fcfen und einstellen. Der Soll PH-Wert liegt bei 7.0 bis 7.40.<\/p>\n<p>&nbsp;<\/p>\n<h3>Sicherheitshinweise:<\/h3>\n<p><a href=\"https:\/\/softub.ch\/wp-content\/uploads\/Sicherheitsdatenblatt-Delphin-Oxy-Fresh-1kg-Softub-Schweiz.pdf\">Sicherheitsdatenblatt<\/a><\/p>\n<p>&nbsp;<\/p>\n<h3>Warum Wasserpflege &amp; Reinigung?<\/h3>\n<p>Eine gr\u00fcndliche und regelm\u00e4ssige Wasserpflege und Reinigung Ihres Pools ist das wichtigste, um eine langanhaltende Sch\u00f6nheit, Schutz und Langlebigkeit Ihres Whirlpools zu gew\u00e4hrleisten. Vor allem ist sie die erste Voraussetzung f\u00fcr einen einzigartigen Bade und Sprudel Spass! Dazu ist der Einsatz der geeigneten Pflegeprodukte von Softub und deren richtige Anwendung essentiell.<\/p>\n<p>Die Wasserpflege Produkte haben viele verschiedene Aufgaben. Unter anderem das Wachstum von Mikroorganismen zu verhindern, organische Verunreinigungen zu beseitigen oder den pH-Wert des Wassers zu regulieren usw. Wichtig ist auch das die angegebenen Dosierungen in der jeweiligen Produktenbeschreibung eingehalten werden.<\/p>\n<p>G\u00f6nnen Sie Ihrem Whirlpool die richtige Pflege und informieren Sie sich ausgiebig zum Thema Wasserpflege. Bei weiteren Fragen beraten wir Sie auch gerne telefonisch, in einem unserer Showrooms oder auch bei Ihnen Zuhause.<\/p>\n<p>&nbsp;<\/p>\n<h3>Weitere Wasserpflege und Reinigungs Produkte von Softub:<\/h3>\n<p>Wir haben ein reichhaltiges Zubeh\u00f6rsortiment f\u00fcr Sie zusammengestellt, so dass Sie sich die passenden Produkte zur <a href=\"https:\/\/softub.ch\/shop\/wasserpflege-reinigung\/\">Wasserpflege und Reinigung<\/a> in Ruhe in unserem Onlineshop ausw\u00e4hlen k\u00f6nnen.<\/p>\n<p>Wenn Sie sich dar\u00fcber hinaus Ihre ganz pers\u00f6nliche Wellness-Oase schaffen wollen und Ihren Softub besonders in Szene setzen m\u00f6chten, so schauen Sie sich doch einfach unsere <a href=\"https:\/\/meinschattenspender.ch\/\">Unosider-<\/a><a href=\"https:\/\/meinschattenspender.ch\/\">Pavillon<\/a> an.<\/p>\n<p>Wir beraten Sie gerne, telefonisch, in einem unserer Showrooms oder bei Ihnen Zuhause.<\/p>\n","protected":false},"excerpt":{"rendered":"<h1><span style=\"color: #429bba;\">Delphin Spa Oxy Fresh\u00a0<\/span><\/h1>\n<p>Chlorfreies Desinfektions- und Oxidationsmittel f\u00fcr private Whirlpools.<\/p>\n<p>&nbsp;<\/p>\n","protected":false},"featured_media":27121,"template":"","meta":{"_acf_changed":false},"product_brand":[],"product_cat":[213],"product_tag":[6360,6361,322,259,6458,6363,2315,4949,257,256],"woo-feed-brand":[],"class_list":{"0":"post-43535","1":"product","2":"type-product","3":"status-publish","4":"has-post-thumbnail","6":"product_cat-entretien-de-leau-nettoyage-des-spas-a-coque-dure","7":"product_tag-delphin-spa-fr","8":"product_tag-delphin-spa-oxy-fresh-fr","9":"product_tag-entretien-de-leau","10":"product_tag-jacuzzi-fr-2","11":"product_tag-oxy-fresh-fr","12":"product_tag-pool-fr","13":"product_tag-softub-fr-2","14":"product_tag-softub-suisse","15":"product_tag-spa-fr-2","16":"product_tag-whirlpool-fr","17":"product_shipping_class-post-15","19":"first","20":"instock","21":"taxable","22":"shipping-taxable","23":"purchasable","24":"product-type-simple"},"acf":[],"yoast_head":"<!-- This site is optimized with the Yoast SEO Premium plugin v27.6 (Yoast SEO v27.6) - https:\/\/yoast.com\/product\/yoast-seo-premium-wordpress\/ -->\n<title>Delphin Spa Oxy Fresh - Desinfektion auf Sauerstoffbasis<\/title>\n<meta name=\"description\" content=\"Das Delphin Spa Oxy Fresh ist ein Desinfektionsmittel auf Sauerstoffbasis, welches f\u00fcr private Whirlpools verwendet werden kann.\" \/>\n<meta name=\"robots\" content=\"index, follow, max-snippet:-1, max-image-preview:large, max-video-preview:-1\" \/>\n<link rel=\"canonical\" href=\"https:\/\/www.softub.ch\/fr\/produit\/delphin-spa-oxy-fresh\/\" \/>\n<meta property=\"og:locale\" content=\"fr_FR\" \/>\n<meta property=\"og:type\" content=\"article\" \/>\n<meta property=\"og:title\" content=\"Delphin Spa Oxy Fresh - Desinfektion auf Sauerstoffbasis\" \/>\n<meta property=\"og:description\" content=\"Das Delphin Spa Oxy Fresh ist ein Desinfektionsmittel auf Sauerstoffbasis, welches f\u00fcr private Whirlpools verwendet werden kann.\" \/>\n<meta property=\"og:url\" content=\"https:\/\/www.softub.ch\/fr\/produit\/delphin-spa-oxy-fresh\/\" \/>\n<meta property=\"og:site_name\" content=\"Softub Schweiz\" \/>\n<meta property=\"article:publisher\" content=\"https:\/\/www.facebook.com\/softubschweiz\" \/>\n<meta property=\"article:modified_time\" content=\"2022-08-18T14:40:14+00:00\" \/>\n<meta property=\"og:image\" content=\"https:\/\/www.softub.ch\/wp-content\/uploads\/Delphin-Spa-Oxy-Fresh-1.jpg\" \/>\n\t<meta property=\"og:image:width\" content=\"800\" \/>\n\t<meta property=\"og:image:height\" content=\"800\" \/>\n\t<meta property=\"og:image:type\" content=\"image\/jpeg\" \/>\n<meta name=\"twitter:card\" content=\"summary_large_image\" \/>\n<meta name=\"twitter:label1\" content=\"Dur\u00e9e de lecture estim\u00e9e\" \/>\n\t<meta name=\"twitter:data1\" content=\"2 minutes\" \/>\n<script type=\"application\/ld+json\" class=\"yoast-schema-graph\">{\"@context\":\"https:\\\/\\\/schema.org\",\"@graph\":[{\"@type\":\"WebPage\",\"@id\":\"https:\\\/\\\/www.softub.ch\\\/fr\\\/produit\\\/delphin-spa-oxy-fresh\\\/\",\"url\":\"https:\\\/\\\/www.softub.ch\\\/fr\\\/produit\\\/delphin-spa-oxy-fresh\\\/\",\"name\":\"Delphin Spa Oxy Fresh - Desinfektion auf Sauerstoffbasis\",\"isPartOf\":{\"@id\":\"https:\\\/\\\/www.softub.ch\\\/fr\\\/#website\"},\"primaryImageOfPage\":{\"@id\":\"https:\\\/\\\/www.softub.ch\\\/fr\\\/produit\\\/delphin-spa-oxy-fresh\\\/#primaryimage\"},\"image\":{\"@id\":\"https:\\\/\\\/www.softub.ch\\\/fr\\\/produit\\\/delphin-spa-oxy-fresh\\\/#primaryimage\"},\"thumbnailUrl\":\"https:\\\/\\\/www.softub.ch\\\/wp-content\\\/uploads\\\/Delphin-Spa-Oxy-Fresh-1.jpg\",\"datePublished\":\"2021-03-19T14:36:15+00:00\",\"dateModified\":\"2022-08-18T14:40:14+00:00\",\"description\":\"Das Delphin Spa Oxy Fresh ist ein Desinfektionsmittel auf Sauerstoffbasis, welches f\u00fcr private Whirlpools verwendet werden kann.\",\"breadcrumb\":{\"@id\":\"https:\\\/\\\/www.softub.ch\\\/fr\\\/produit\\\/delphin-spa-oxy-fresh\\\/#breadcrumb\"},\"inLanguage\":\"fr-FR\",\"potentialAction\":[{\"@type\":\"ReadAction\",\"target\":[\"https:\\\/\\\/www.softub.ch\\\/fr\\\/produit\\\/delphin-spa-oxy-fresh\\\/\"]}]},{\"@type\":\"ImageObject\",\"inLanguage\":\"fr-FR\",\"@id\":\"https:\\\/\\\/www.softub.ch\\\/fr\\\/produit\\\/delphin-spa-oxy-fresh\\\/#primaryimage\",\"url\":\"https:\\\/\\\/www.softub.ch\\\/wp-content\\\/uploads\\\/Delphin-Spa-Oxy-Fresh-1.jpg\",\"contentUrl\":\"https:\\\/\\\/www.softub.ch\\\/wp-content\\\/uploads\\\/Delphin-Spa-Oxy-Fresh-1.jpg\",\"width\":800,\"height\":800},{\"@type\":\"BreadcrumbList\",\"@id\":\"https:\\\/\\\/www.softub.ch\\\/fr\\\/produit\\\/delphin-spa-oxy-fresh\\\/#breadcrumb\",\"itemListElement\":[{\"@type\":\"ListItem\",\"position\":1,\"name\":\"Startseite\",\"item\":\"https:\\\/\\\/www.softub.ch\\\/fr\\\/\"},{\"@type\":\"ListItem\",\"position\":2,\"name\":\"Shop\",\"item\":\"https:\\\/\\\/www.softub.ch\\\/fr\\\/softub-suisse-shop\\\/\"},{\"@type\":\"ListItem\",\"position\":3,\"name\":\"Delphin Spa Oxy Fresh &#8211; Desinfektion auf Sauerstoffbasis\"}]},{\"@type\":\"WebSite\",\"@id\":\"https:\\\/\\\/www.softub.ch\\\/fr\\\/#website\",\"url\":\"https:\\\/\\\/www.softub.ch\\\/fr\\\/\",\"name\":\"Softub Schweiz\",\"description\":\"Softub - Wir machen Ferien Zuhause\",\"publisher\":{\"@id\":\"https:\\\/\\\/www.softub.ch\\\/fr\\\/#organization\"},\"potentialAction\":[{\"@type\":\"SearchAction\",\"target\":{\"@type\":\"EntryPoint\",\"urlTemplate\":\"https:\\\/\\\/www.softub.ch\\\/fr\\\/?s={search_term_string}\"},\"query-input\":{\"@type\":\"PropertyValueSpecification\",\"valueRequired\":true,\"valueName\":\"search_term_string\"}}],\"inLanguage\":\"fr-FR\"},{\"@type\":\"Organization\",\"@id\":\"https:\\\/\\\/www.softub.ch\\\/fr\\\/#organization\",\"name\":\"Softub Schweiz AG\",\"url\":\"https:\\\/\\\/www.softub.ch\\\/fr\\\/\",\"logo\":{\"@type\":\"ImageObject\",\"inLanguage\":\"fr-FR\",\"@id\":\"https:\\\/\\\/www.softub.ch\\\/fr\\\/#\\\/schema\\\/logo\\\/image\\\/\",\"url\":\"https:\\\/\\\/www.softub.ch\\\/wp-content\\\/uploads\\\/Softub-Logo-Softub-Schweiz-.png\",\"contentUrl\":\"https:\\\/\\\/www.softub.ch\\\/wp-content\\\/uploads\\\/Softub-Logo-Softub-Schweiz-.png\",\"width\":200,\"height\":73,\"caption\":\"Softub Schweiz AG\"},\"image\":{\"@id\":\"https:\\\/\\\/www.softub.ch\\\/fr\\\/#\\\/schema\\\/logo\\\/image\\\/\"},\"sameAs\":[\"https:\\\/\\\/www.facebook.com\\\/softubschweiz\",\"https:\\\/\\\/www.instagram.com\\\/softub_schweiz\\\/\",\"https:\\\/\\\/ch.pinterest.com\\\/softub_schweiz\\\/\",\"https:\\\/\\\/www.linkedin.com\\\/company\\\/softub-schweiz-ag\\\/\"]}]}<\/script>\n<!-- \/ Yoast SEO Premium plugin. -->","yoast_head_json":{"title":"Delphin Spa Oxy Fresh - Desinfektion auf Sauerstoffbasis","description":"Das Delphin Spa Oxy Fresh ist ein Desinfektionsmittel auf Sauerstoffbasis, welches f\u00fcr private Whirlpools verwendet werden kann.","robots":{"index":"index","follow":"follow","max-snippet":"max-snippet:-1","max-image-preview":"max-image-preview:large","max-video-preview":"max-video-preview:-1"},"canonical":"https:\/\/www.softub.ch\/fr\/produit\/delphin-spa-oxy-fresh\/","og_locale":"fr_FR","og_type":"article","og_title":"Delphin Spa Oxy Fresh - Desinfektion auf Sauerstoffbasis","og_description":"Das Delphin Spa Oxy Fresh ist ein Desinfektionsmittel auf Sauerstoffbasis, welches f\u00fcr private Whirlpools verwendet werden kann.","og_url":"https:\/\/www.softub.ch\/fr\/produit\/delphin-spa-oxy-fresh\/","og_site_name":"Softub Schweiz","article_publisher":"https:\/\/www.facebook.com\/softubschweiz","article_modified_time":"2022-08-18T14:40:14+00:00","og_image":[{"width":800,"height":800,"url":"https:\/\/www.softub.ch\/wp-content\/uploads\/Delphin-Spa-Oxy-Fresh-1.jpg","type":"image\/jpeg"}],"twitter_card":"summary_large_image","twitter_misc":{"Dur\u00e9e de lecture estim\u00e9e":"2 minutes"},"schema":{"@context":"https:\/\/schema.org","@graph":[{"@type":"WebPage","@id":"https:\/\/www.softub.ch\/fr\/produit\/delphin-spa-oxy-fresh\/","url":"https:\/\/www.softub.ch\/fr\/produit\/delphin-spa-oxy-fresh\/","name":"Delphin Spa Oxy Fresh - Desinfektion auf Sauerstoffbasis","isPartOf":{"@id":"https:\/\/www.softub.ch\/fr\/#website"},"primaryImageOfPage":{"@id":"https:\/\/www.softub.ch\/fr\/produit\/delphin-spa-oxy-fresh\/#primaryimage"},"image":{"@id":"https:\/\/www.softub.ch\/fr\/produit\/delphin-spa-oxy-fresh\/#primaryimage"},"thumbnailUrl":"https:\/\/www.softub.ch\/wp-content\/uploads\/Delphin-Spa-Oxy-Fresh-1.jpg","datePublished":"2021-03-19T14:36:15+00:00","dateModified":"2022-08-18T14:40:14+00:00","description":"Das Delphin Spa Oxy Fresh ist ein Desinfektionsmittel auf Sauerstoffbasis, welches f\u00fcr private Whirlpools verwendet werden kann.","breadcrumb":{"@id":"https:\/\/www.softub.ch\/fr\/produit\/delphin-spa-oxy-fresh\/#breadcrumb"},"inLanguage":"fr-FR","potentialAction":[{"@type":"ReadAction","target":["https:\/\/www.softub.ch\/fr\/produit\/delphin-spa-oxy-fresh\/"]}]},{"@type":"ImageObject","inLanguage":"fr-FR","@id":"https:\/\/www.softub.ch\/fr\/produit\/delphin-spa-oxy-fresh\/#primaryimage","url":"https:\/\/www.softub.ch\/wp-content\/uploads\/Delphin-Spa-Oxy-Fresh-1.jpg","contentUrl":"https:\/\/www.softub.ch\/wp-content\/uploads\/Delphin-Spa-Oxy-Fresh-1.jpg","width":800,"height":800},{"@type":"BreadcrumbList","@id":"https:\/\/www.softub.ch\/fr\/produit\/delphin-spa-oxy-fresh\/#breadcrumb","itemListElement":[{"@type":"ListItem","position":1,"name":"Startseite","item":"https:\/\/www.softub.ch\/fr\/"},{"@type":"ListItem","position":2,"name":"Shop","item":"https:\/\/www.softub.ch\/fr\/softub-suisse-shop\/"},{"@type":"ListItem","position":3,"name":"Delphin Spa Oxy Fresh &#8211; Desinfektion auf Sauerstoffbasis"}]},{"@type":"WebSite","@id":"https:\/\/www.softub.ch\/fr\/#website","url":"https:\/\/www.softub.ch\/fr\/","name":"Softub Schweiz","description":"Softub - Wir machen Ferien Zuhause","publisher":{"@id":"https:\/\/www.softub.ch\/fr\/#organization"},"potentialAction":[{"@type":"SearchAction","target":{"@type":"EntryPoint","urlTemplate":"https:\/\/www.softub.ch\/fr\/?s={search_term_string}"},"query-input":{"@type":"PropertyValueSpecification","valueRequired":true,"valueName":"search_term_string"}}],"inLanguage":"fr-FR"},{"@type":"Organization","@id":"https:\/\/www.softub.ch\/fr\/#organization","name":"Softub Schweiz AG","url":"https:\/\/www.softub.ch\/fr\/","logo":{"@type":"ImageObject","inLanguage":"fr-FR","@id":"https:\/\/www.softub.ch\/fr\/#\/schema\/logo\/image\/","url":"https:\/\/www.softub.ch\/wp-content\/uploads\/Softub-Logo-Softub-Schweiz-.png","contentUrl":"https:\/\/www.softub.ch\/wp-content\/uploads\/Softub-Logo-Softub-Schweiz-.png","width":200,"height":73,"caption":"Softub Schweiz AG"},"image":{"@id":"https:\/\/www.softub.ch\/fr\/#\/schema\/logo\/image\/"},"sameAs":["https:\/\/www.facebook.com\/softubschweiz","https:\/\/www.instagram.com\/softub_schweiz\/","https:\/\/ch.pinterest.com\/softub_schweiz\/","https:\/\/www.linkedin.com\/company\/softub-schweiz-ag\/"]}]}},"_links":{"self":[{"href":"https:\/\/www.softub.ch\/fr\/wp-json\/wp\/v2\/product\/43535","targetHints":{"allow":["GET"]}}],"collection":[{"href":"https:\/\/www.softub.ch\/fr\/wp-json\/wp\/v2\/product"}],"about":[{"href":"https:\/\/www.softub.ch\/fr\/wp-json\/wp\/v2\/types\/product"}],"wp:featuredmedia":[{"embeddable":true,"href":"https:\/\/www.softub.ch\/fr\/wp-json\/wp\/v2\/media\/27121"}],"wp:attachment":[{"href":"https:\/\/www.softub.ch\/fr\/wp-json\/wp\/v2\/media?parent=43535"}],"wp:term":[{"taxonomy":"product_brand","embeddable":true,"href":"https:\/\/www.softub.ch\/fr\/wp-json\/wp\/v2\/product_brand?post=43535"},{"taxonomy":"product_cat","embeddable":true,"href":"https:\/\/www.softub.ch\/fr\/wp-json\/wp\/v2\/product_cat?post=43535"},{"taxonomy":"product_tag","embeddable":true,"href":"https:\/\/www.softub.ch\/fr\/wp-json\/wp\/v2\/product_tag?post=43535"},{"taxonomy":"woo-feed-brand","embeddable":true,"href":"https:\/\/www.softub.ch\/fr\/wp-json\/wp\/v2\/woo-feed-brand?post=43535"}],"curies":[{"name":"wp","href":"https:\/\/api.w.org\/{rel}","templated":true}]}}