{"id":50131,"date":"2023-07-24T14:34:08","date_gmt":"2023-07-24T12:34:08","guid":{"rendered":"https:\/\/www.softub.ch\/?post_type=product&#038;p=50131"},"modified":"2025-04-02T10:02:36","modified_gmt":"2025-04-02T08:02:36","slug":"pavillon-mood-ype","status":"publish","type":"product","link":"https:\/\/www.softub.ch\/fr\/produit\/pavillon-mood-ype\/","title":{"rendered":"Pavillon Mood YPE"},"content":{"rendered":"<div class=\"fusion-fullwidth fullwidth-box fusion-builder-row-1 fusion-flex-container has-pattern-background has-mask-background nonhundred-percent-fullwidth non-hundred-percent-height-scrolling\" style=\"--awb-border-radius-top-left:0px;--awb-border-radius-top-right:0px;--awb-border-radius-bottom-right:0px;--awb-border-radius-bottom-left:0px;--awb-flex-wrap:wrap;\" ><div class=\"fusion-builder-row fusion-row fusion-flex-align-items-flex-start fusion-flex-content-wrap\" style=\"max-width:1248px;margin-left: calc(-4% \/ 2 );margin-right: calc(-4% \/ 2 );\"><div class=\"fusion-layout-column fusion_builder_column fusion-builder-column-0 fusion_builder_column_3_4 3_4 fusion-flex-column\" style=\"--awb-bg-size:cover;--awb-width-large:75%;--awb-margin-top-large:0px;--awb-spacing-right-large:2.56%;--awb-margin-bottom-large:20px;--awb-spacing-left-large:2.56%;--awb-width-medium:100%;--awb-order-medium:0;--awb-spacing-right-medium:1.92%;--awb-spacing-left-medium:1.92%;--awb-width-small:100%;--awb-order-small:0;--awb-spacing-right-small:1.92%;--awb-spacing-left-small:1.92%;\"><div class=\"fusion-column-wrapper fusion-column-has-shadow fusion-flex-justify-content-flex-start fusion-content-layout-column\"><div class=\"fusion-text fusion-text-1\"><h1>Pavillon Mood YPE<\/h1>\n<p><strong>Der Pavillon Mood Ype<\/strong> ist eine der vielseitigsten Beschattungen von Unosider.<\/p>\n<p>Als fester Bestandteil der Mood-Reihe wird es zu ihrem Protagonisten, um den immer vielf\u00e4ltigeren Anforderungen gerecht zu werden.<\/p>\n<p><strong>Tragende Konstruktion:<\/strong><\/p>\n<ul>\n<li>Epoxidpulverbeschichtung auf Polyesterharzbasis, UV-best\u00e4ndig in 12 Standardfarben<\/li>\n<li>Steher Profilgr\u00f6sse 120 x 120 x 2 mm<\/li>\n<li>Traversen Profilgr\u00f6sse 120 x 120 x 2 mm<\/li>\n<li>Sonderanfertigungen bis maximal 500 x 550 cm m\u00f6glich<\/li>\n<li>Aluminium-Strangpressprofile UNI6060-Prim\u00e4rlegierung und Zubeh\u00f6r aus Edelstahl<\/li>\n<li>Andere Gestellfarbe\/Ral-Ton auf Anfrage<\/li>\n<\/ul>\n<p><strong>Markisentuch:<\/strong><\/p>\n<ul>\n<li>Manuelles einziehbares und wasserdichtes Dach<\/li>\n<li>Regenwasserabfluss durch die Neigung der PVC-Bahnen<\/li>\n<li>Standard Dachplane aus PVC-STAM, hitzeversiegelt, wasserdicht und 9 Standardfarben<\/li>\n<\/ul>\n<p><strong>Erg\u00e4nzendes Zubeh\u00f6r:<\/strong><\/p>\n<ul>\n<li>Schutzdach aus transparentem kompaktem Polycarbonat zum Schutz der Dachplane in gesammelter Position<\/li>\n<li>In die Aluminiumprofile des Schiebedachs integrierte dimmbare LED-Streifen<\/li>\n<li>Seitenvorh\u00e4nge aus Acrylgewebe mit Reissverschluss<\/li>\n<li>Vertikal-Rollvorhang aus SOLTIS 96-Gewebe oder PVC Crystal-Gewebe, mit manueller oder motorisierter Winde<\/li>\n<li>Sonnenschutzpaneele aus Aluminiumprofilen, die in der Farbe des Rahmens erh\u00e4ltlich sind<\/li>\n<li>Rinnen f\u00fcr das Auffangen von Regenwasser<\/li>\n<li>Schliesssystem mit Schiebeglas, ohne vertikale Profile, mit Gewichtsentlastung an der unteren F\u00fchrung<\/li>\n<\/ul>\n<p><strong>Standardmasse:<\/strong>\u00a0ab 3\u00d73 Meter bis 5\u00d75,5 Meter<br \/>\n<strong>Massanfertigung m\u00f6glich, bis zu einer maximalen Gr\u00f6sse von 5 x 5 Meter<\/strong><\/p>\n<p><strong>Variationen des Ype:\u00a0<\/strong><\/p>\n<p>Das YPE gibt es auch als Pergola und als Rain Version<\/p>\n<ul>\n<li><strong>YPE Pergola:<\/strong> Anlehnungspergola aus Aluminium mit einziehbarem Schiebedach. Diese Pergola bringt ein perfektes Gleichgewicht zwischen Funktionalit\u00e4t und Stil zum Ausdruck und verf\u00fcgt \u00fcber eine Reihe von technischen Merkmalen, die ihre Anpassungsf\u00e4higkeit an die verschiedenen Anforderungen der Ausseneinrichtung verst\u00e4rken. Diese Pergola kann als Version Seite oder Version Avant bestellt werden.<\/li>\n<li><strong>YPE Rain:\u00a0<\/strong>Selbsttragende Pergola aus Aluminium mit einziehbarem Schiebedach und <strong>Regenwasserauffangrinne.<\/strong> Die umlaufende Rinne zum Auffangen des Regenwassers macht Ype rain zur perfekten L\u00f6sung auch f\u00fcr die anspruchsvollsten Objektl\u00f6sungen.<\/li>\n<\/ul>\n<h3 class=\"fusion-responsive-typography-calculated\" data-fontsize=\"18\" data-lineheight=\"27px\">Familie Mood<\/h3>\n<ul>\n<li><a href=\"https:\/\/softub.ch\/produkt\/pavillon-mood\/\" target=\"_blank\" rel=\"noopener\">Mood<\/a><\/li>\n<li><a href=\"https:\/\/softub.ch\/produkt\/unosider-wandpergola-mood\/\">Mood Pergola<\/a><\/li>\n<li>YPE<\/li>\n<li>YPE Pergola<\/li>\n<li>YPE rain<\/li>\n<li><a href=\"https:\/\/softub.ch\/produkt\/unosider-pavillon-mood-balance\/\">Balance<\/a><\/li>\n<\/ul>\n<div>\n<h3>Montage Ihres neuen Pavillons<\/h3>\n<\/div>\n<div>\n<p>F\u00fcr die Installation Ihres neuen Pavillons m\u00fcssen Sie sich keine Gedanken machen! Wir stellen Ihnen gerne unser Hauseigen, fachm\u00e4nnisches Installationsteam f\u00fcr die Montage zur Verf\u00fcgung.<\/p>\n<\/div>\n<div>\n<h3 data-fontsize=\"18\" data-lineheight=\"27\">Unosider \u2013 Pavillon, Pergola, Sonnenschutzsystem und Wetterschutzsystem<\/h3>\n<\/div>\n<div>\n<p><strong>25 Jahre Erfahrung<\/strong><span class=\"apple-converted-space\">\u00a0<\/span>im Bereich Beschattung und Sonnenschutz f\u00fcr Garten und Terrasse:<span class=\"apple-converted-space\">\u00a0<\/span><strong>Unosider<\/strong><span class=\"apple-converted-space\">\u00a0<\/span>aus Italien, hat im Laufe der Jahre vielseitig einsetzbare<span class=\"apple-converted-space\">\u00a0<\/span><strong>Outdoor Locations<\/strong><span class=\"apple-converted-space\">\u00a0<\/span>entwickelt. Mit Freude ist man st\u00e4ndig auf der Suche nach innovativen L\u00f6sungen und Formen f\u00fcr Pavillons und Pergolen.<\/p>\n<\/div>\n<div>\n<p><strong>Eigene Werkst\u00e4tten und betriebsinterne Produktion<\/strong>, sind der ganze Stolz von Unosider. Man legt grossen Wert auf die Wurzeln, die in der<span class=\"apple-converted-space\">\u00a0<\/span><strong>italienische Handwerkstradition<\/strong><span class=\"apple-converted-space\">\u00a0<\/span>liegen. Dies setzt sich mit<span class=\"apple-converted-space\">\u00a0<\/span><strong>hochwertiger Qualit\u00e4t, Flexibilit\u00e4t und massgefertigten L\u00f6sungen<\/strong><span class=\"apple-converted-space\">\u00a0<\/span>f\u00fcr Ihre Pergola und ihren Pavillon um.<\/p>\n<\/div>\n<div>\n<p>Ihr Traumgarten mit Dolce Vita von Softub Schweiz AG.<\/p>\n<\/div>\n<div>\n<h3 data-fontsize=\"18\" data-lineheight=\"27\">Weiteres Zubeh\u00f6r f\u00fcr Ihr Zuhause<\/h3>\n<\/div>\n<div>\n<p>Wir haben ein reichhaltiges Zubeh\u00f6rsortiment f\u00fcr Sie zusammengestellt, so dass Sie sich die passenden Produkte in Ruhe in unserem Onlineshop ausw\u00e4hlen k\u00f6nnen.<\/p>\n<\/div>\n<div>\n<p>Wenn Sie sich dar\u00fcber hinaus Ihre ganz pers\u00f6nliche Wellness-Oase schaffen wollen, so schauen Sie sich doch einfach unsere Softub<span class=\"apple-converted-space\">\u00a0<\/span><a href=\"https:\/\/softub.ch\/shop\/softub-whirlpools\/\">Whirlpools<\/a><span class=\"apple-converted-space\">\u00a0<\/span>an, der perfekt zur Ihrem<span class=\"apple-converted-space\">\u00a0<\/span><a href=\"https:\/\/www.meinschattenspender.ch\/\" target=\"_blank\" rel=\"noopener\">Unosider Pavillon<\/a><span class=\"apple-converted-space\">\u00a0<\/span>passen k\u00f6nnte.<\/p>\n<\/div>\n<div>\n<p>Wir beraten Sie gerne,<span class=\"apple-converted-space\">\u00a0<\/span><a href=\"tel:+41443969060\">telefonisch<\/a>, in einem unserer Showrooms oder bei Ihnen Zuhause.<\/p>\n<\/div>\n<\/div><div ><a class=\"fusion-button button-flat fusion-button-default-size button-default fusion-button-default button-1 fusion-button-default-span fusion-button-default-type\" target=\"_self\" href=\"https:\/\/www.softub.ch\/unosider-geschuetzte-sonnenstunden\/\"><span class=\"fusion-button-text awb-button__text awb-button__text--default\">In den Medien<\/span><\/a><\/div><\/div><\/div><\/div><\/div>\n","protected":false},"excerpt":{"rendered":"<p><strong>Der Pavillon Mood Ype<\/strong> ist eine der vielseitigsten Beschattungen von Unosider.<\/p>\n<p>Ype ist eine Aluminiumstruktur mit einem soliden und raffinierten Design. Ausgestattet mit einer einziehbaren Abdeckung und zahlreichem Zubeh\u00f6r erm\u00f6glicht er individuelle Konfigurationen f\u00fcr private oder gewerbliche Projekte.<\/p>\n<p>Die tragende Struktur, die vollst\u00e4ndig aus Aluminiumprofilen mit einem Querschnitt von 120 x 120 mm besteht, garantiert Stabilit\u00e4t und Robustheit, w\u00e4hrend die Abdeckplane, die manuell eingezogen werden kann, eine maximale Fl\u00e4che von 5 x 5,5 Metern erreichen kann.<\/p>\n<p>Die M\u00f6glichkeit, eine umlaufende Regenrinne zum Auffangen des Regenwassers einzubauen, was das Leistungsniveau des Produkts erheblich steigert, macht diese Struktur zu einer perfekten L\u00f6sung auch f\u00fcr die anspruchsvollsten Objektl\u00f6sungen.<\/p>\n<p><strong>Im Preis ist das Plexiglas Schutzdach inbegriffen.<\/strong><\/p>\n<h4 class=\"fusion-responsive-typography-calculated\" data-fontsize=\"13\" data-lineheight=\"19.5px\"><em>Fast jeder Schattenspender kann auf Mass angefertigt werden.\u00a0<a href=\"https:\/\/www.meinschattenspender.ch\/atelier-massgeschneidert-pavillon\/\" target=\"_blank\" rel=\"noopener\"><strong>Diverse<\/strong>\u00a0<strong>Farben<\/strong><\/a>\u00a0f\u00fcr Gestell. Dach und Vorh\u00e4nge und Gr\u00f6ssen bis zu 100m2 passen perfekt zu jedem Haus.<\/em><br \/>\n<em><strong><a href=\"tel:+41443969060\">Rufen Sie uns an<\/a><\/strong>, vereinbaren Sie einen<strong><a href=\"https:\/\/softub.ch\/kontakt\/\">\u00a0Termin im Showroom Ihrer Wahl<\/a>,<\/strong>\u00a0klicken Sie hier auf die<strong><a href=\"https:\/\/www.unosider.com\/de\/produkte\/ype\/\" target=\"_blank\" rel=\"noopener\">\u00a0Website vom Hersteller<\/a>\u00a0<\/strong>f\u00fcr noch mehr online Informationen.<\/em><\/h4>\n[fusion_button link=\"https:\/\/meinschattenspender.ch\/wp-content\/uploads\/unosider_mood-ype-technical-sheets_2019_it-en.pdf\" title=\"\" target=\"_self\" link_attributes=\"\" alignment_medium=\"\" alignment_small=\"\" alignment=\"\" modal=\"\" hide_on_mobile=\"small-visibility,medium-visibility,large-visibility\" sticky_display=\"normal,sticky\" class=\"\" id=\"\" color=\"default\" button_gradient_top_color_hover=\"\" hue=\"\" saturation=\"\" lightness=\"\" alpha=\"\" button_gradient_top_color=\"\" button_gradient_bottom_color_hover=\"\" button_gradient_bottom_color=\"\" gradient_start_position=\"\" gradient_end_position=\"\" gradient_type=\"\" radial_direction=\"\" linear_angle=\"180\" accent_hover_color=\"\" accent_color=\"\" type=\"\" bevel_color=\"\" bevel_color_hover=\"\" border_top=\"\" border_right=\"\" border_bottom=\"\" border_left=\"\" border_radius_top_left=\"\" border_radius_top_right=\"\" border_radius_bottom_right=\"\" border_radius_bottom_left=\"\" border_hover_color=\"\" border_color=\"\" size=\"\" padding_top=\"\" padding_right=\"\" padding_bottom=\"\" padding_left=\"\" fusion_font_family_button_font=\"\" fusion_font_variant_button_font=\"\" font_size=\"\" line_height=\"\" letter_spacing=\"\" text_transform=\"\" stretch=\"default\" margin_top=\"\" margin_right=\"\" margin_bottom=\"\" margin_left=\"\" icon=\"\" icon_position=\"left\" icon_divider=\"no\" hover_transition=\"none\" animation_type=\"\" animation_direction=\"left\" animation_color=\"\" animation_speed=\"0.3\" animation_delay=\"0\" animation_offset=\"\"]PDF Datenblatt[\/fusion_button]\n","protected":false},"featured_media":50210,"template":"","meta":{"_acf_changed":false},"product_brand":[],"product_cat":[7382],"product_tag":[7405,7397,7398,7400,1195,7399,7406,802,7393,140,2751,2748,1180,7408,7407,7404,7409,7391,567,1179,3040,569,142,7390,948,7401,139,1163,7386,7392,7389,1188,548],"woo-feed-brand":[],"class_list":{"0":"post-50131","1":"product","2":"type-product","3":"status-publish","4":"has-post-thumbnail","6":"product_cat-unosider-pavillon","7":"product_tag-hochwertiger-pavillon","8":"product_tag-italien","9":"product_tag-italienische-handwerkstradition","10":"product_tag-italienische-pergola","11":"product_tag-italienischer-pavillon","12":"product_tag-italienischer-sonnensegel","13":"product_tag-mood-pavillon-von-unosider","14":"product_tag-outdoor","15":"product_tag-outdoor-location","16":"product_tag-pavillon","17":"product_tag-pavillon-aus-italien","18":"product_tag-pavillon-fuer-garten","19":"product_tag-pavillon-kaufen","20":"product_tag-pavillon-kaufen-schweiz","21":"product_tag-pavillon-mood-von-unosider","22":"product_tag-pavillon-mood-ype","23":"product_tag-pavillon-von-unosider","24":"product_tag-pergola","25":"product_tag-softub","26":"product_tag-softub-schweiz","27":"product_tag-softub-schweiz-ag","28":"product_tag-softub-whirlpool","29":"product_tag-sonnenschutz","30":"product_tag-sonnenschutzsystem","31":"product_tag-sonnensegel","32":"product_tag-sonnensegel-aus-italien","33":"product_tag-unosider","34":"product_tag-unosider-pavillon","35":"product_tag-unosider-sonnensegel","36":"product_tag-wandpergola","37":"product_tag-wetterschutzsystem","38":"product_tag-whirlpool-ueberdachung","39":"product_tag-whirlpools","41":"first","42":"instock","43":"taxable","44":"shipping-taxable","45":"purchasable","46":"product-type-variable"},"acf":[],"yoast_head":"<!-- This site is optimized with the Yoast SEO Premium plugin v27.4 (Yoast SEO v27.4) - https:\/\/yoast.com\/product\/yoast-seo-premium-wordpress\/ -->\n<title>Pavillon Mood YPE - Softub Schweiz<\/title>\n<meta name=\"description\" content=\"Der Pavillon Mood YPE ist eine der vielseitigsten Beschattungen von Unosider. Lernen Sie gerne die Mood-Reihe kennen hier bei Softub Schweiz.\" \/>\n<meta name=\"robots\" content=\"index, follow, max-snippet:-1, max-image-preview:large, max-video-preview:-1\" \/>\n<link rel=\"canonical\" href=\"https:\/\/www.softub.ch\/produkt\/pavillon-mood-ype\/\" \/>\n<meta property=\"og:locale\" content=\"fr_FR\" \/>\n<meta property=\"og:type\" content=\"article\" \/>\n<meta property=\"og:title\" content=\"Pavillon Mood YPE\" \/>\n<meta property=\"og:description\" content=\"Der Pavillon Mood YPE ist eine der vielseitigsten Beschattungen von Unosider. Lernen Sie gerne die Mood-Reihe kennen hier bei Softub Schweiz.\" \/>\n<meta property=\"og:url\" content=\"https:\/\/www.softub.ch\/produkt\/pavillon-mood-ype\/\" \/>\n<meta property=\"og:site_name\" content=\"Softub Schweiz\" \/>\n<meta property=\"article:publisher\" content=\"https:\/\/www.facebook.com\/softubschweiz\" \/>\n<meta property=\"article:modified_time\" content=\"2025-04-02T08:02:36+00:00\" \/>\n<meta property=\"og:image\" content=\"https:\/\/www.softub.ch\/wp-content\/uploads\/unosider-mood-ype-gazebo-home-and-contract-solution_img_0443.jpg\" \/>\n\t<meta property=\"og:image:width\" content=\"1920\" \/>\n\t<meta property=\"og:image:height\" content=\"1280\" \/>\n\t<meta property=\"og:image:type\" content=\"image\/jpeg\" \/>\n<meta name=\"twitter:card\" content=\"summary_large_image\" \/>\n<meta name=\"twitter:label1\" content=\"Dur\u00e9e de lecture estim\u00e9e\" \/>\n\t<meta name=\"twitter:data1\" content=\"3 minutes\" \/>\n<script type=\"application\/ld+json\" class=\"yoast-schema-graph\">{\"@context\":\"https:\\\/\\\/schema.org\",\"@graph\":[{\"@type\":\"WebPage\",\"@id\":\"https:\\\/\\\/www.softub.ch\\\/produkt\\\/pavillon-mood-ype\\\/\",\"url\":\"https:\\\/\\\/www.softub.ch\\\/produkt\\\/pavillon-mood-ype\\\/\",\"name\":\"Pavillon Mood YPE - Softub Schweiz\",\"isPartOf\":{\"@id\":\"https:\\\/\\\/www.softub.ch\\\/fr\\\/#website\"},\"primaryImageOfPage\":{\"@id\":\"https:\\\/\\\/www.softub.ch\\\/produkt\\\/pavillon-mood-ype\\\/#primaryimage\"},\"image\":{\"@id\":\"https:\\\/\\\/www.softub.ch\\\/produkt\\\/pavillon-mood-ype\\\/#primaryimage\"},\"thumbnailUrl\":\"https:\\\/\\\/www.softub.ch\\\/wp-content\\\/uploads\\\/unosider-mood-ype-gazebo-home-and-contract-solution_img_0443.jpg\",\"datePublished\":\"2023-07-24T12:34:08+00:00\",\"dateModified\":\"2025-04-02T08:02:36+00:00\",\"description\":\"Der Pavillon Mood YPE ist eine der vielseitigsten Beschattungen von Unosider. Lernen Sie gerne die Mood-Reihe kennen hier bei Softub Schweiz.\",\"breadcrumb\":{\"@id\":\"https:\\\/\\\/www.softub.ch\\\/produkt\\\/pavillon-mood-ype\\\/#breadcrumb\"},\"inLanguage\":\"fr-FR\",\"potentialAction\":[{\"@type\":\"ReadAction\",\"target\":[\"https:\\\/\\\/www.softub.ch\\\/produkt\\\/pavillon-mood-ype\\\/\"]}]},{\"@type\":\"ImageObject\",\"inLanguage\":\"fr-FR\",\"@id\":\"https:\\\/\\\/www.softub.ch\\\/produkt\\\/pavillon-mood-ype\\\/#primaryimage\",\"url\":\"https:\\\/\\\/www.softub.ch\\\/wp-content\\\/uploads\\\/unosider-mood-ype-gazebo-home-and-contract-solution_img_0443.jpg\",\"contentUrl\":\"https:\\\/\\\/www.softub.ch\\\/wp-content\\\/uploads\\\/unosider-mood-ype-gazebo-home-and-contract-solution_img_0443.jpg\",\"width\":1920,\"height\":1280,\"caption\":\"Der Unosider Pavillon Mood YPE vor einer grossen Villa mit Pool mit weissen Liegest\u00fchlen, Vorh\u00e4ngen und Dach\"},{\"@type\":\"BreadcrumbList\",\"@id\":\"https:\\\/\\\/www.softub.ch\\\/produkt\\\/pavillon-mood-ype\\\/#breadcrumb\",\"itemListElement\":[{\"@type\":\"ListItem\",\"position\":1,\"name\":\"Startseite\",\"item\":\"https:\\\/\\\/www.softub.ch\\\/fr\\\/\"},{\"@type\":\"ListItem\",\"position\":2,\"name\":\"Shop\",\"item\":\"https:\\\/\\\/www.softub.ch\\\/fr\\\/softub-suisse-shop\\\/\"},{\"@type\":\"ListItem\",\"position\":3,\"name\":\"Pavillon Mood YPE\"}]},{\"@type\":\"WebSite\",\"@id\":\"https:\\\/\\\/www.softub.ch\\\/fr\\\/#website\",\"url\":\"https:\\\/\\\/www.softub.ch\\\/fr\\\/\",\"name\":\"Softub Schweiz\",\"description\":\"Softub - Wir machen Ferien Zuhause\",\"publisher\":{\"@id\":\"https:\\\/\\\/www.softub.ch\\\/fr\\\/#organization\"},\"potentialAction\":[{\"@type\":\"SearchAction\",\"target\":{\"@type\":\"EntryPoint\",\"urlTemplate\":\"https:\\\/\\\/www.softub.ch\\\/fr\\\/?s={search_term_string}\"},\"query-input\":{\"@type\":\"PropertyValueSpecification\",\"valueRequired\":true,\"valueName\":\"search_term_string\"}}],\"inLanguage\":\"fr-FR\"},{\"@type\":\"Organization\",\"@id\":\"https:\\\/\\\/www.softub.ch\\\/fr\\\/#organization\",\"name\":\"Softub Schweiz AG\",\"url\":\"https:\\\/\\\/www.softub.ch\\\/fr\\\/\",\"logo\":{\"@type\":\"ImageObject\",\"inLanguage\":\"fr-FR\",\"@id\":\"https:\\\/\\\/www.softub.ch\\\/fr\\\/#\\\/schema\\\/logo\\\/image\\\/\",\"url\":\"https:\\\/\\\/www.softub.ch\\\/wp-content\\\/uploads\\\/Softub-Logo-Softub-Schweiz-.png\",\"contentUrl\":\"https:\\\/\\\/www.softub.ch\\\/wp-content\\\/uploads\\\/Softub-Logo-Softub-Schweiz-.png\",\"width\":200,\"height\":73,\"caption\":\"Softub Schweiz AG\"},\"image\":{\"@id\":\"https:\\\/\\\/www.softub.ch\\\/fr\\\/#\\\/schema\\\/logo\\\/image\\\/\"},\"sameAs\":[\"https:\\\/\\\/www.facebook.com\\\/softubschweiz\",\"https:\\\/\\\/www.instagram.com\\\/softub_schweiz\\\/\",\"https:\\\/\\\/ch.pinterest.com\\\/softub_schweiz\\\/\",\"https:\\\/\\\/www.linkedin.com\\\/company\\\/softub-schweiz-ag\\\/\"]}]}<\/script>\n<!-- \/ Yoast SEO Premium plugin. -->","yoast_head_json":{"title":"Pavillon Mood YPE - Softub Schweiz","description":"Der Pavillon Mood YPE ist eine der vielseitigsten Beschattungen von Unosider. Lernen Sie gerne die Mood-Reihe kennen hier bei Softub Schweiz.","robots":{"index":"index","follow":"follow","max-snippet":"max-snippet:-1","max-image-preview":"max-image-preview:large","max-video-preview":"max-video-preview:-1"},"canonical":"https:\/\/www.softub.ch\/produkt\/pavillon-mood-ype\/","og_locale":"fr_FR","og_type":"article","og_title":"Pavillon Mood YPE","og_description":"Der Pavillon Mood YPE ist eine der vielseitigsten Beschattungen von Unosider. Lernen Sie gerne die Mood-Reihe kennen hier bei Softub Schweiz.","og_url":"https:\/\/www.softub.ch\/produkt\/pavillon-mood-ype\/","og_site_name":"Softub Schweiz","article_publisher":"https:\/\/www.facebook.com\/softubschweiz","article_modified_time":"2025-04-02T08:02:36+00:00","og_image":[{"width":1920,"height":1280,"url":"https:\/\/www.softub.ch\/wp-content\/uploads\/unosider-mood-ype-gazebo-home-and-contract-solution_img_0443.jpg","type":"image\/jpeg"}],"twitter_card":"summary_large_image","twitter_misc":{"Dur\u00e9e de lecture estim\u00e9e":"3 minutes"},"schema":{"@context":"https:\/\/schema.org","@graph":[{"@type":"WebPage","@id":"https:\/\/www.softub.ch\/produkt\/pavillon-mood-ype\/","url":"https:\/\/www.softub.ch\/produkt\/pavillon-mood-ype\/","name":"Pavillon Mood YPE - Softub Schweiz","isPartOf":{"@id":"https:\/\/www.softub.ch\/fr\/#website"},"primaryImageOfPage":{"@id":"https:\/\/www.softub.ch\/produkt\/pavillon-mood-ype\/#primaryimage"},"image":{"@id":"https:\/\/www.softub.ch\/produkt\/pavillon-mood-ype\/#primaryimage"},"thumbnailUrl":"https:\/\/www.softub.ch\/wp-content\/uploads\/unosider-mood-ype-gazebo-home-and-contract-solution_img_0443.jpg","datePublished":"2023-07-24T12:34:08+00:00","dateModified":"2025-04-02T08:02:36+00:00","description":"Der Pavillon Mood YPE ist eine der vielseitigsten Beschattungen von Unosider. Lernen Sie gerne die Mood-Reihe kennen hier bei Softub Schweiz.","breadcrumb":{"@id":"https:\/\/www.softub.ch\/produkt\/pavillon-mood-ype\/#breadcrumb"},"inLanguage":"fr-FR","potentialAction":[{"@type":"ReadAction","target":["https:\/\/www.softub.ch\/produkt\/pavillon-mood-ype\/"]}]},{"@type":"ImageObject","inLanguage":"fr-FR","@id":"https:\/\/www.softub.ch\/produkt\/pavillon-mood-ype\/#primaryimage","url":"https:\/\/www.softub.ch\/wp-content\/uploads\/unosider-mood-ype-gazebo-home-and-contract-solution_img_0443.jpg","contentUrl":"https:\/\/www.softub.ch\/wp-content\/uploads\/unosider-mood-ype-gazebo-home-and-contract-solution_img_0443.jpg","width":1920,"height":1280,"caption":"Der Unosider Pavillon Mood YPE vor einer grossen Villa mit Pool mit weissen Liegest\u00fchlen, Vorh\u00e4ngen und Dach"},{"@type":"BreadcrumbList","@id":"https:\/\/www.softub.ch\/produkt\/pavillon-mood-ype\/#breadcrumb","itemListElement":[{"@type":"ListItem","position":1,"name":"Startseite","item":"https:\/\/www.softub.ch\/fr\/"},{"@type":"ListItem","position":2,"name":"Shop","item":"https:\/\/www.softub.ch\/fr\/softub-suisse-shop\/"},{"@type":"ListItem","position":3,"name":"Pavillon Mood YPE"}]},{"@type":"WebSite","@id":"https:\/\/www.softub.ch\/fr\/#website","url":"https:\/\/www.softub.ch\/fr\/","name":"Softub Schweiz","description":"Softub - Wir machen Ferien Zuhause","publisher":{"@id":"https:\/\/www.softub.ch\/fr\/#organization"},"potentialAction":[{"@type":"SearchAction","target":{"@type":"EntryPoint","urlTemplate":"https:\/\/www.softub.ch\/fr\/?s={search_term_string}"},"query-input":{"@type":"PropertyValueSpecification","valueRequired":true,"valueName":"search_term_string"}}],"inLanguage":"fr-FR"},{"@type":"Organization","@id":"https:\/\/www.softub.ch\/fr\/#organization","name":"Softub Schweiz AG","url":"https:\/\/www.softub.ch\/fr\/","logo":{"@type":"ImageObject","inLanguage":"fr-FR","@id":"https:\/\/www.softub.ch\/fr\/#\/schema\/logo\/image\/","url":"https:\/\/www.softub.ch\/wp-content\/uploads\/Softub-Logo-Softub-Schweiz-.png","contentUrl":"https:\/\/www.softub.ch\/wp-content\/uploads\/Softub-Logo-Softub-Schweiz-.png","width":200,"height":73,"caption":"Softub Schweiz AG"},"image":{"@id":"https:\/\/www.softub.ch\/fr\/#\/schema\/logo\/image\/"},"sameAs":["https:\/\/www.facebook.com\/softubschweiz","https:\/\/www.instagram.com\/softub_schweiz\/","https:\/\/ch.pinterest.com\/softub_schweiz\/","https:\/\/www.linkedin.com\/company\/softub-schweiz-ag\/"]}]}},"_links":{"self":[{"href":"https:\/\/www.softub.ch\/fr\/wp-json\/wp\/v2\/product\/50131","targetHints":{"allow":["GET"]}}],"collection":[{"href":"https:\/\/www.softub.ch\/fr\/wp-json\/wp\/v2\/product"}],"about":[{"href":"https:\/\/www.softub.ch\/fr\/wp-json\/wp\/v2\/types\/product"}],"wp:featuredmedia":[{"embeddable":true,"href":"https:\/\/www.softub.ch\/fr\/wp-json\/wp\/v2\/media\/50210"}],"wp:attachment":[{"href":"https:\/\/www.softub.ch\/fr\/wp-json\/wp\/v2\/media?parent=50131"}],"wp:term":[{"taxonomy":"product_brand","embeddable":true,"href":"https:\/\/www.softub.ch\/fr\/wp-json\/wp\/v2\/product_brand?post=50131"},{"taxonomy":"product_cat","embeddable":true,"href":"https:\/\/www.softub.ch\/fr\/wp-json\/wp\/v2\/product_cat?post=50131"},{"taxonomy":"product_tag","embeddable":true,"href":"https:\/\/www.softub.ch\/fr\/wp-json\/wp\/v2\/product_tag?post=50131"},{"taxonomy":"woo-feed-brand","embeddable":true,"href":"https:\/\/www.softub.ch\/fr\/wp-json\/wp\/v2\/woo-feed-brand?post=50131"}],"curies":[{"name":"wp","href":"https:\/\/api.w.org\/{rel}","templated":true}]}}