{"id":50132,"date":"2023-07-24T15:32:57","date_gmt":"2023-07-24T13:32:57","guid":{"rendered":"https:\/\/www.softub.ch\/?post_type=product&#038;p=50132"},"modified":"2023-11-15T12:01:31","modified_gmt":"2023-11-15T11:01:31","slug":"pavillon-mood","status":"publish","type":"product","link":"https:\/\/www.softub.ch\/fr\/produit\/pavillon-mood\/","title":{"rendered":"Pavillon Mood"},"content":{"rendered":"<div class=\"fusion-fullwidth fullwidth-box fusion-builder-row-1 fusion-flex-container has-pattern-background has-mask-background nonhundred-percent-fullwidth non-hundred-percent-height-scrolling\" style=\"--awb-border-radius-top-left:0px;--awb-border-radius-top-right:0px;--awb-border-radius-bottom-right:0px;--awb-border-radius-bottom-left:0px;--awb-flex-wrap:wrap;\" ><div class=\"fusion-builder-row fusion-row fusion-flex-align-items-flex-start fusion-flex-content-wrap\" style=\"max-width:1248px;margin-left: calc(-4% \/ 2 );margin-right: calc(-4% \/ 2 );\"><div class=\"fusion-layout-column fusion_builder_column fusion-builder-column-0 fusion_builder_column_3_4 3_4 fusion-flex-column\" style=\"--awb-bg-size:cover;--awb-width-large:75%;--awb-margin-top-large:0px;--awb-spacing-right-large:2.56%;--awb-margin-bottom-large:20px;--awb-spacing-left-large:2.56%;--awb-width-medium:100%;--awb-order-medium:0;--awb-spacing-right-medium:1.92%;--awb-spacing-left-medium:1.92%;--awb-width-small:100%;--awb-order-small:0;--awb-spacing-right-small:1.92%;--awb-spacing-left-small:1.92%;\"><div class=\"fusion-column-wrapper fusion-column-has-shadow fusion-flex-justify-content-flex-start fusion-content-layout-column\"><div class=\"fusion-text fusion-text-1\"><h1>Pavillon Mood<\/h1>\n<p>Der Pavillon Mood ist mit seiner sauberen, essentiellen Linie eines der vielseitigsten Modelle der modernen Kollektion von Unosider.<\/p>\n<p><strong>Tragende Konstruktion:<\/strong><\/p>\n<ul>\n<li>60\u00d760 mm starken Aluminiumprofilen<\/li>\n<li>Polyester-Pulverbeschichtet<\/li>\n<li>erh\u00e4ltlich in 12 verschiedenen Standardfarben<\/li>\n<li>S\u00e4ulenquerschnitt 80 x 80 x 2 mm<\/li>\n<li>Tr\u00e4gerprofil 80 x 40 x 2 mm<\/li>\n<\/ul>\n<p><strong>Markisentuch:<\/strong><\/p>\n<ul>\n<li>Manuell verfahrbare Markise<\/li>\n<li>verf\u00fcgbar mit Rinnen aus PVC STAM\u00a0(wasserdicht) oder Acrylgewebe (wasserabweisend)<\/li>\n<li>Man\u00f6vrierstange und vorderer Haken zum Verschliessen des Tuchs<\/li>\n<li>erh\u00e4ltlich in 9 Standardfarben<\/li>\n<\/ul>\n<p><strong>Erg\u00e4nzendes Zubeh\u00f6r:\u00a0<\/strong><\/p>\n<ul>\n<li>Sockelabdeckung aus Edelstahl<\/li>\n<li>Polycarbonat-Dach<\/li>\n<li>Seitenvorh\u00e4nge aus Acrylgewebe mit Reissverschl\u00fcssen, Schiebestangen und S\u00e4ulenprofilen<\/li>\n<li>Integrierte dimmbare LED-Leisten<\/li>\n<li>Podest aus Ipe-Holz oder Feinsteinzeug<\/li>\n<\/ul>\n<p><strong>Standardmasse:<\/strong> ab 3\u00d73 Meter bis 4 x 5 Meter<br \/>\n<strong>Massanfertigung m\u00f6glich, bis zu einer maximalen Gr\u00f6sse von 4 x 5 Meter<\/strong><\/p>\n<h3>Familie Mood<\/h3>\n<ul>\n<li>Mood<\/li>\n<li><a href=\"https:\/\/softub.ch\/produkt\/unosider-wandpergola-mood\/\">Mood Pergola<\/a><\/li>\n<li><a href=\"https:\/\/softub.ch\/produkt\/pavillon-mood-ype\/\">YPE<\/a><\/li>\n<li>YPE Pergola<\/li>\n<li>YPE rain<\/li>\n<li><a href=\"https:\/\/softub.ch\/produkt\/unosider-pavillon-mood-balance\/\">Balance<\/a><\/li>\n<\/ul>\n<div>\n<h3>Montage Ihres neuen Pavillons<\/h3>\n<\/div>\n<div>\n<p>F\u00fcr die Installation Ihres neuen Pavillons m\u00fcssen Sie sich keine Gedanken machen! Wir stellen Ihnen gerne unser Hauseigen, fachm\u00e4nnisches Installationsteam f\u00fcr die Montage zur Verf\u00fcgung.<\/p>\n<\/div>\n<div>\n<h3 data-fontsize=\"18\" data-lineheight=\"27\">Unosider \u2013 Pavillon, Pergola, Sonnenschutzsystem und Wetterschutzsystem<\/h3>\n<\/div>\n<div>\n<p><strong>25 Jahre Erfahrung<\/strong><span class=\"apple-converted-space\">\u00a0<\/span>im Bereich Beschattung und Sonnenschutz f\u00fcr Garten und Terrasse:<span class=\"apple-converted-space\">\u00a0<\/span><strong>Unosider<\/strong><span class=\"apple-converted-space\">\u00a0<\/span>aus Italien, hat im Laufe der Jahre vielseitig einsetzbare<span class=\"apple-converted-space\">\u00a0<\/span><strong>Outdoor Locations<\/strong><span class=\"apple-converted-space\">\u00a0<\/span>entwickelt. Mit Freude ist man st\u00e4ndig auf der Suche nach innovativen L\u00f6sungen und Formen f\u00fcr Pavillons und Pergolen.<\/p>\n<\/div>\n<div>\n<p><strong>Eigene Werkst\u00e4tten und betriebsinterne Produktion<\/strong>, sind der ganze Stolz von Unosider. Man legt grossen Wert auf die Wurzeln, die in der<span class=\"apple-converted-space\">\u00a0<\/span><strong>italienische Handwerkstradition<\/strong><span class=\"apple-converted-space\">\u00a0<\/span>liegen. Dies setzt sich mit<span class=\"apple-converted-space\">\u00a0<\/span><strong>hochwertiger Qualit\u00e4t, Flexibilit\u00e4t und massgefertigten L\u00f6sungen<\/strong><span class=\"apple-converted-space\">\u00a0<\/span>f\u00fcr Ihre Pergola und ihren Pavillon um.<\/p>\n<\/div>\n<div>\n<p>Ihr Traumgarten mit Dolce Vita von Softub Schweiz AG.<\/p>\n<\/div>\n<div>\n<h3 data-fontsize=\"18\" data-lineheight=\"27\">Weiteres Zubeh\u00f6r f\u00fcr Ihr Zuhause<\/h3>\n<\/div>\n<div>\n<p>Wir haben ein reichhaltiges Zubeh\u00f6rsortiment f\u00fcr Sie zusammengestellt, so dass Sie sich die passenden Produkte in Ruhe in unserem Onlineshop ausw\u00e4hlen k\u00f6nnen.<\/p>\n<\/div>\n<div>\n<p>Wenn Sie sich dar\u00fcber hinaus Ihre ganz pers\u00f6nliche Wellness-Oase schaffen wollen, so schauen Sie sich doch einfach unsere Softub<span class=\"apple-converted-space\">\u00a0<\/span><a href=\"https:\/\/softub.ch\/shop\/softub-whirlpools\/\">Whirlpools<\/a><span class=\"apple-converted-space\">\u00a0<\/span>an der perfekt zur Ihrem<span class=\"apple-converted-space\">\u00a0<\/span><a href=\"https:\/\/www.meinschattenspender.ch\/\" target=\"_blank\" rel=\"noopener\">Unosider Pavillon<\/a><span class=\"apple-converted-space\">\u00a0<\/span>passen k\u00f6nnte.<\/p>\n<\/div>\n<div>\n<p>Wir beraten Sie gerne,<span class=\"apple-converted-space\">\u00a0<\/span><a href=\"tel:+41443969060\">telefonisch<\/a>, in einem unserer Showrooms oder bei Ihnen Zuhause.<\/p>\n<\/div>\n<\/div><\/div><\/div><\/div><\/div>\n","protected":false},"excerpt":{"rendered":"<p>Der Pavillon Mood ist mit seiner sauberen, essentiellen Linie eines der vielseitigsten Modelle der modernen Kollektion von Unosider. Mood verwandelt den Aussenbereich in eine Oase des Komforts und des Stils, in der sich Funktionalit\u00e4t und Design in der Sonne treffen.<\/p>\n<p>Auf der tragenden Konstruktion aus 60\u00d760 mm starken Aluminiumprofilen liegt eine manuell verfahrbare Markise. Die verschieb- und einziehbare Abdeckung erm\u00f6glicht eine vollst\u00e4ndige Kontrolle von Schatten und Licht. Je nach Witterung wird das Pavillondach mit einer Stange aus Edelstahl, wie ein \u201cCabriolet\u201d aus- oder eingefahren.<\/p>\n<p><strong>Im Preis ist das Plexiglas Schutzdach inbegriffen.\u00a0<\/strong><\/p>\n<h4><em>Fast jeder Schattenspender kann auf Mass angefertigt werden. <a href=\"https:\/\/www.meinschattenspender.ch\/atelier-massgeschneidert-pavillon\/\" target=\"_blank\" rel=\"noopener\"><strong>Diverse<\/strong> <strong>Farben<\/strong><\/a> f\u00fcr Gestell. Dach und Vorh\u00e4nge und Gr\u00f6ssen bis zu 100m2 passen perfekt zu jedem Haus.<\/em><br \/>\n<em><strong><a href=\"tel:+41443969060\">Rufen Sie uns an<\/a><\/strong>, vereinbaren Sie einen<strong><a href=\"https:\/\/softub.ch\/kontakt\/\"> Termin im Showroom Ihrer Wahl<\/a>,<\/strong> klicken Sie hier auf die<strong><a href=\"https:\/\/www.unosider.com\/de\/produkte\/mood-pergola-selbsttragend\/\" target=\"_blank\" rel=\"noopener\"> Website vom Hersteller<\/a> <\/strong>f\u00fcr noch mehr online Informationen.<\/em><\/h4>\n[fusion_button link=\"https:\/\/meinschattenspender.ch\/wp-content\/uploads\/unosider_contemporary_mood_gazebo_technical_sheet.pdf\" title=\"\" target=\"_self\" link_attributes=\"\" alignment_medium=\"\" alignment_small=\"\" alignment=\"\" modal=\"\" hide_on_mobile=\"small-visibility,medium-visibility,large-visibility\" sticky_display=\"normal,sticky\" class=\"\" id=\"\" color=\"default\" button_gradient_top_color_hover=\"\" hue=\"\" saturation=\"\" lightness=\"\" alpha=\"\" button_gradient_top_color=\"\" button_gradient_bottom_color_hover=\"\" button_gradient_bottom_color=\"\" gradient_start_position=\"\" gradient_end_position=\"\" gradient_type=\"\" radial_direction=\"\" linear_angle=\"180\" accent_hover_color=\"\" accent_color=\"\" type=\"\" bevel_color=\"\" bevel_color_hover=\"\" border_top=\"\" border_right=\"\" border_bottom=\"\" border_left=\"\" border_radius_top_left=\"\" border_radius_top_right=\"\" border_radius_bottom_right=\"\" border_radius_bottom_left=\"\" border_hover_color=\"\" border_color=\"\" size=\"\" padding_top=\"\" padding_right=\"\" padding_bottom=\"\" padding_left=\"\" fusion_font_family_button_font=\"\" fusion_font_variant_button_font=\"\" font_size=\"\" line_height=\"\" letter_spacing=\"\" text_transform=\"\" stretch=\"default\" margin_top=\"\" margin_right=\"\" margin_bottom=\"\" margin_left=\"\" icon=\"\" icon_position=\"left\" icon_divider=\"no\" hover_transition=\"none\" animation_type=\"\" animation_direction=\"left\" animation_color=\"\" animation_speed=\"0.3\" animation_delay=\"0\" animation_offset=\"\"]PDF Datenblatt[\/fusion_button]\n","protected":false},"featured_media":3927,"template":"","meta":{"_acf_changed":false},"product_brand":[],"product_cat":[7382],"product_tag":[7405,7397,7398,7400,1195,7399,7406,802,7393,140,2751,2748,1180,7408,7407,7404,7409,7391,567,1179,3040,569,142,7390,948,7401,139,1163,7386,7392,7389,1188,548],"woo-feed-brand":[],"class_list":{"0":"post-50132","1":"product","2":"type-product","3":"status-publish","4":"has-post-thumbnail","6":"product_cat-unosider-pavillon","7":"product_tag-hochwertiger-pavillon","8":"product_tag-italien","9":"product_tag-italienische-handwerkstradition","10":"product_tag-italienische-pergola","11":"product_tag-italienischer-pavillon","12":"product_tag-italienischer-sonnensegel","13":"product_tag-mood-pavillon-von-unosider","14":"product_tag-outdoor","15":"product_tag-outdoor-location","16":"product_tag-pavillon","17":"product_tag-pavillon-aus-italien","18":"product_tag-pavillon-fuer-garten","19":"product_tag-pavillon-kaufen","20":"product_tag-pavillon-kaufen-schweiz","21":"product_tag-pavillon-mood-von-unosider","22":"product_tag-pavillon-mood-ype","23":"product_tag-pavillon-von-unosider","24":"product_tag-pergola","25":"product_tag-softub","26":"product_tag-softub-schweiz","27":"product_tag-softub-schweiz-ag","28":"product_tag-softub-whirlpool","29":"product_tag-sonnenschutz","30":"product_tag-sonnenschutzsystem","31":"product_tag-sonnensegel","32":"product_tag-sonnensegel-aus-italien","33":"product_tag-unosider","34":"product_tag-unosider-pavillon","35":"product_tag-unosider-sonnensegel","36":"product_tag-wandpergola","37":"product_tag-wetterschutzsystem","38":"product_tag-whirlpool-ueberdachung","39":"product_tag-whirlpools","41":"first","42":"instock","43":"taxable","44":"shipping-taxable","45":"purchasable","46":"product-type-variable"},"acf":[],"yoast_head":"<!-- This site is optimized with the Yoast SEO Premium plugin v27.3 (Yoast SEO v27.3) - https:\/\/yoast.com\/product\/yoast-seo-premium-wordpress\/ -->\n<title>Pavillon Mood - Softub Schweiz<\/title>\n<meta name=\"description\" content=\"Der Pavillon Mood ist mit seiner sauberen, essentiellen Linie eines der vielseitigsten Modelle der modernen Kollektion von Unosider.\" \/>\n<meta name=\"robots\" content=\"index, follow, max-snippet:-1, max-image-preview:large, max-video-preview:-1\" \/>\n<link rel=\"canonical\" href=\"https:\/\/www.softub.ch\/produkt\/pavillon-mood\/\" \/>\n<meta property=\"og:locale\" content=\"fr_FR\" \/>\n<meta property=\"og:type\" content=\"article\" \/>\n<meta property=\"og:title\" content=\"Pavillon Mood\" \/>\n<meta property=\"og:description\" content=\"Der Pavillon Mood ist mit seiner sauberen, essentiellen Linie eines der vielseitigsten Modelle der modernen Kollektion von Unosider.\" \/>\n<meta property=\"og:url\" content=\"https:\/\/www.softub.ch\/produkt\/pavillon-mood\/\" \/>\n<meta property=\"og:site_name\" content=\"Softub Schweiz\" \/>\n<meta property=\"article:publisher\" content=\"https:\/\/www.facebook.com\/softubschweiz\" \/>\n<meta property=\"article:modified_time\" content=\"2023-11-15T11:01:31+00:00\" \/>\n<meta property=\"og:image\" content=\"https:\/\/www.softub.ch\/wp-content\/uploads\/Pavillon-Mood-00.jpg\" \/>\n\t<meta property=\"og:image:width\" content=\"1920\" \/>\n\t<meta property=\"og:image:height\" content=\"1280\" \/>\n\t<meta property=\"og:image:type\" content=\"image\/jpeg\" \/>\n<meta name=\"twitter:card\" content=\"summary_large_image\" \/>\n<meta name=\"twitter:label1\" content=\"Dur\u00e9e de lecture estim\u00e9e\" \/>\n\t<meta name=\"twitter:data1\" content=\"4 minutes\" \/>\n<script type=\"application\/ld+json\" class=\"yoast-schema-graph\">{\"@context\":\"https:\\\/\\\/schema.org\",\"@graph\":[{\"@type\":\"WebPage\",\"@id\":\"https:\\\/\\\/www.softub.ch\\\/produkt\\\/pavillon-mood\\\/\",\"url\":\"https:\\\/\\\/www.softub.ch\\\/produkt\\\/pavillon-mood\\\/\",\"name\":\"Pavillon Mood - Softub Schweiz\",\"isPartOf\":{\"@id\":\"https:\\\/\\\/www.softub.ch\\\/fr\\\/#website\"},\"primaryImageOfPage\":{\"@id\":\"https:\\\/\\\/www.softub.ch\\\/produkt\\\/pavillon-mood\\\/#primaryimage\"},\"image\":{\"@id\":\"https:\\\/\\\/www.softub.ch\\\/produkt\\\/pavillon-mood\\\/#primaryimage\"},\"thumbnailUrl\":\"https:\\\/\\\/www.softub.ch\\\/wp-content\\\/uploads\\\/Pavillon-Mood-00.jpg\",\"datePublished\":\"2023-07-24T13:32:57+00:00\",\"dateModified\":\"2023-11-15T11:01:31+00:00\",\"description\":\"Der Pavillon Mood ist mit seiner sauberen, essentiellen Linie eines der vielseitigsten Modelle der modernen Kollektion von Unosider.\",\"breadcrumb\":{\"@id\":\"https:\\\/\\\/www.softub.ch\\\/produkt\\\/pavillon-mood\\\/#breadcrumb\"},\"inLanguage\":\"fr-FR\",\"potentialAction\":[{\"@type\":\"ReadAction\",\"target\":[\"https:\\\/\\\/www.softub.ch\\\/produkt\\\/pavillon-mood\\\/\"]}]},{\"@type\":\"ImageObject\",\"inLanguage\":\"fr-FR\",\"@id\":\"https:\\\/\\\/www.softub.ch\\\/produkt\\\/pavillon-mood\\\/#primaryimage\",\"url\":\"https:\\\/\\\/www.softub.ch\\\/wp-content\\\/uploads\\\/Pavillon-Mood-00.jpg\",\"contentUrl\":\"https:\\\/\\\/www.softub.ch\\\/wp-content\\\/uploads\\\/Pavillon-Mood-00.jpg\",\"width\":1920,\"height\":1280,\"caption\":\"Pavillon Mood von Unosider. Softub Schweiz. \u00dcberdachung f\u00fcr Ihren Softub, Whirlpool oder auch Gartenlounge. Modern, funktional und formsch\u00f6n.\"},{\"@type\":\"BreadcrumbList\",\"@id\":\"https:\\\/\\\/www.softub.ch\\\/produkt\\\/pavillon-mood\\\/#breadcrumb\",\"itemListElement\":[{\"@type\":\"ListItem\",\"position\":1,\"name\":\"Startseite\",\"item\":\"https:\\\/\\\/www.softub.ch\\\/fr\\\/\"},{\"@type\":\"ListItem\",\"position\":2,\"name\":\"Shop\",\"item\":\"https:\\\/\\\/www.softub.ch\\\/fr\\\/softub-suisse-shop\\\/\"},{\"@type\":\"ListItem\",\"position\":3,\"name\":\"Pavillon Mood\"}]},{\"@type\":\"WebSite\",\"@id\":\"https:\\\/\\\/www.softub.ch\\\/fr\\\/#website\",\"url\":\"https:\\\/\\\/www.softub.ch\\\/fr\\\/\",\"name\":\"Softub Schweiz\",\"description\":\"Softub - Wir machen Ferien Zuhause\",\"publisher\":{\"@id\":\"https:\\\/\\\/www.softub.ch\\\/fr\\\/#organization\"},\"potentialAction\":[{\"@type\":\"SearchAction\",\"target\":{\"@type\":\"EntryPoint\",\"urlTemplate\":\"https:\\\/\\\/www.softub.ch\\\/fr\\\/?s={search_term_string}\"},\"query-input\":{\"@type\":\"PropertyValueSpecification\",\"valueRequired\":true,\"valueName\":\"search_term_string\"}}],\"inLanguage\":\"fr-FR\"},{\"@type\":\"Organization\",\"@id\":\"https:\\\/\\\/www.softub.ch\\\/fr\\\/#organization\",\"name\":\"Softub Schweiz AG\",\"url\":\"https:\\\/\\\/www.softub.ch\\\/fr\\\/\",\"logo\":{\"@type\":\"ImageObject\",\"inLanguage\":\"fr-FR\",\"@id\":\"https:\\\/\\\/www.softub.ch\\\/fr\\\/#\\\/schema\\\/logo\\\/image\\\/\",\"url\":\"https:\\\/\\\/www.softub.ch\\\/wp-content\\\/uploads\\\/Softub-Logo-Softub-Schweiz-.png\",\"contentUrl\":\"https:\\\/\\\/www.softub.ch\\\/wp-content\\\/uploads\\\/Softub-Logo-Softub-Schweiz-.png\",\"width\":200,\"height\":73,\"caption\":\"Softub Schweiz AG\"},\"image\":{\"@id\":\"https:\\\/\\\/www.softub.ch\\\/fr\\\/#\\\/schema\\\/logo\\\/image\\\/\"},\"sameAs\":[\"https:\\\/\\\/www.facebook.com\\\/softubschweiz\",\"https:\\\/\\\/www.instagram.com\\\/softub_schweiz\\\/\",\"https:\\\/\\\/ch.pinterest.com\\\/softub_schweiz\\\/\",\"https:\\\/\\\/www.linkedin.com\\\/company\\\/softub-schweiz-ag\\\/\"]}]}<\/script>\n<!-- \/ Yoast SEO Premium plugin. -->","yoast_head_json":{"title":"Pavillon Mood - Softub Schweiz","description":"Der Pavillon Mood ist mit seiner sauberen, essentiellen Linie eines der vielseitigsten Modelle der modernen Kollektion von Unosider.","robots":{"index":"index","follow":"follow","max-snippet":"max-snippet:-1","max-image-preview":"max-image-preview:large","max-video-preview":"max-video-preview:-1"},"canonical":"https:\/\/www.softub.ch\/produkt\/pavillon-mood\/","og_locale":"fr_FR","og_type":"article","og_title":"Pavillon Mood","og_description":"Der Pavillon Mood ist mit seiner sauberen, essentiellen Linie eines der vielseitigsten Modelle der modernen Kollektion von Unosider.","og_url":"https:\/\/www.softub.ch\/produkt\/pavillon-mood\/","og_site_name":"Softub Schweiz","article_publisher":"https:\/\/www.facebook.com\/softubschweiz","article_modified_time":"2023-11-15T11:01:31+00:00","og_image":[{"width":1920,"height":1280,"url":"https:\/\/www.softub.ch\/wp-content\/uploads\/Pavillon-Mood-00.jpg","type":"image\/jpeg"}],"twitter_card":"summary_large_image","twitter_misc":{"Dur\u00e9e de lecture estim\u00e9e":"4 minutes"},"schema":{"@context":"https:\/\/schema.org","@graph":[{"@type":"WebPage","@id":"https:\/\/www.softub.ch\/produkt\/pavillon-mood\/","url":"https:\/\/www.softub.ch\/produkt\/pavillon-mood\/","name":"Pavillon Mood - Softub Schweiz","isPartOf":{"@id":"https:\/\/www.softub.ch\/fr\/#website"},"primaryImageOfPage":{"@id":"https:\/\/www.softub.ch\/produkt\/pavillon-mood\/#primaryimage"},"image":{"@id":"https:\/\/www.softub.ch\/produkt\/pavillon-mood\/#primaryimage"},"thumbnailUrl":"https:\/\/www.softub.ch\/wp-content\/uploads\/Pavillon-Mood-00.jpg","datePublished":"2023-07-24T13:32:57+00:00","dateModified":"2023-11-15T11:01:31+00:00","description":"Der Pavillon Mood ist mit seiner sauberen, essentiellen Linie eines der vielseitigsten Modelle der modernen Kollektion von Unosider.","breadcrumb":{"@id":"https:\/\/www.softub.ch\/produkt\/pavillon-mood\/#breadcrumb"},"inLanguage":"fr-FR","potentialAction":[{"@type":"ReadAction","target":["https:\/\/www.softub.ch\/produkt\/pavillon-mood\/"]}]},{"@type":"ImageObject","inLanguage":"fr-FR","@id":"https:\/\/www.softub.ch\/produkt\/pavillon-mood\/#primaryimage","url":"https:\/\/www.softub.ch\/wp-content\/uploads\/Pavillon-Mood-00.jpg","contentUrl":"https:\/\/www.softub.ch\/wp-content\/uploads\/Pavillon-Mood-00.jpg","width":1920,"height":1280,"caption":"Pavillon Mood von Unosider. Softub Schweiz. \u00dcberdachung f\u00fcr Ihren Softub, Whirlpool oder auch Gartenlounge. Modern, funktional und formsch\u00f6n."},{"@type":"BreadcrumbList","@id":"https:\/\/www.softub.ch\/produkt\/pavillon-mood\/#breadcrumb","itemListElement":[{"@type":"ListItem","position":1,"name":"Startseite","item":"https:\/\/www.softub.ch\/fr\/"},{"@type":"ListItem","position":2,"name":"Shop","item":"https:\/\/www.softub.ch\/fr\/softub-suisse-shop\/"},{"@type":"ListItem","position":3,"name":"Pavillon Mood"}]},{"@type":"WebSite","@id":"https:\/\/www.softub.ch\/fr\/#website","url":"https:\/\/www.softub.ch\/fr\/","name":"Softub Schweiz","description":"Softub - Wir machen Ferien Zuhause","publisher":{"@id":"https:\/\/www.softub.ch\/fr\/#organization"},"potentialAction":[{"@type":"SearchAction","target":{"@type":"EntryPoint","urlTemplate":"https:\/\/www.softub.ch\/fr\/?s={search_term_string}"},"query-input":{"@type":"PropertyValueSpecification","valueRequired":true,"valueName":"search_term_string"}}],"inLanguage":"fr-FR"},{"@type":"Organization","@id":"https:\/\/www.softub.ch\/fr\/#organization","name":"Softub Schweiz AG","url":"https:\/\/www.softub.ch\/fr\/","logo":{"@type":"ImageObject","inLanguage":"fr-FR","@id":"https:\/\/www.softub.ch\/fr\/#\/schema\/logo\/image\/","url":"https:\/\/www.softub.ch\/wp-content\/uploads\/Softub-Logo-Softub-Schweiz-.png","contentUrl":"https:\/\/www.softub.ch\/wp-content\/uploads\/Softub-Logo-Softub-Schweiz-.png","width":200,"height":73,"caption":"Softub Schweiz AG"},"image":{"@id":"https:\/\/www.softub.ch\/fr\/#\/schema\/logo\/image\/"},"sameAs":["https:\/\/www.facebook.com\/softubschweiz","https:\/\/www.instagram.com\/softub_schweiz\/","https:\/\/ch.pinterest.com\/softub_schweiz\/","https:\/\/www.linkedin.com\/company\/softub-schweiz-ag\/"]}]}},"_links":{"self":[{"href":"https:\/\/www.softub.ch\/fr\/wp-json\/wp\/v2\/product\/50132","targetHints":{"allow":["GET"]}}],"collection":[{"href":"https:\/\/www.softub.ch\/fr\/wp-json\/wp\/v2\/product"}],"about":[{"href":"https:\/\/www.softub.ch\/fr\/wp-json\/wp\/v2\/types\/product"}],"wp:featuredmedia":[{"embeddable":true,"href":"https:\/\/www.softub.ch\/fr\/wp-json\/wp\/v2\/media\/3927"}],"wp:attachment":[{"href":"https:\/\/www.softub.ch\/fr\/wp-json\/wp\/v2\/media?parent=50132"}],"wp:term":[{"taxonomy":"product_brand","embeddable":true,"href":"https:\/\/www.softub.ch\/fr\/wp-json\/wp\/v2\/product_brand?post=50132"},{"taxonomy":"product_cat","embeddable":true,"href":"https:\/\/www.softub.ch\/fr\/wp-json\/wp\/v2\/product_cat?post=50132"},{"taxonomy":"product_tag","embeddable":true,"href":"https:\/\/www.softub.ch\/fr\/wp-json\/wp\/v2\/product_tag?post=50132"},{"taxonomy":"woo-feed-brand","embeddable":true,"href":"https:\/\/www.softub.ch\/fr\/wp-json\/wp\/v2\/woo-feed-brand?post=50132"}],"curies":[{"name":"wp","href":"https:\/\/api.w.org\/{rel}","templated":true}]}}