{"id":50337,"date":"2023-07-25T16:56:17","date_gmt":"2023-07-25T14:56:17","guid":{"rendered":"https:\/\/www.softub.ch\/?post_type=product&#038;p=50337"},"modified":"2024-04-18T12:33:18","modified_gmt":"2024-04-18T10:33:18","slug":"unosider-pavillon-ottoemezzo","status":"publish","type":"product","link":"https:\/\/www.softub.ch\/fr\/produit\/unosider-pavillon-ottoemezzo\/","title":{"rendered":"Pavillon Ottoemezzo"},"content":{"rendered":"<div class=\"fusion-fullwidth fullwidth-box fusion-builder-row-1 fusion-flex-container has-pattern-background has-mask-background nonhundred-percent-fullwidth non-hundred-percent-height-scrolling\" style=\"--awb-border-radius-top-left:0px;--awb-border-radius-top-right:0px;--awb-border-radius-bottom-right:0px;--awb-border-radius-bottom-left:0px;--awb-flex-wrap:wrap;\" ><div class=\"fusion-builder-row fusion-row fusion-flex-align-items-flex-start fusion-flex-content-wrap\" style=\"max-width:1248px;margin-left: calc(-4% \/ 2 );margin-right: calc(-4% \/ 2 );\"><div class=\"fusion-layout-column fusion_builder_column fusion-builder-column-0 fusion_builder_column_3_4 3_4 fusion-flex-column\" style=\"--awb-bg-size:cover;--awb-width-large:75%;--awb-margin-top-large:0px;--awb-spacing-right-large:2.56%;--awb-margin-bottom-large:20px;--awb-spacing-left-large:2.56%;--awb-width-medium:100%;--awb-order-medium:0;--awb-spacing-right-medium:1.92%;--awb-spacing-left-medium:1.92%;--awb-width-small:100%;--awb-order-small:0;--awb-spacing-right-small:1.92%;--awb-spacing-left-small:1.92%;\"><div class=\"fusion-column-wrapper fusion-column-has-shadow fusion-flex-justify-content-flex-start fusion-content-layout-column\"><div class=\"fusion-text fusion-text-1\"><h1>Unosider Pavillon Ottoemezzo<\/h1>\n<p>Der Unosider Pavillon Ottoemezzo verk\u00f6rpert Stil und Eleganz in Einem. Dieser Pavillon gibt es auch als <strong>MAXI<\/strong> Version.<\/p>\n<h3>Technische Details<\/h3>\n<p><strong>Tragende Konstruktion<\/strong><\/p>\n<ul>\n<li>S\u00e4ulenquerschnitt 60 x 60 x 2 mm \/\/ MAXI 80 x 80 mm<\/li>\n<li>Tr\u00e4gerprofil 90 x 55 mm 2 mm \/\/ MAXI 115 x 75 mm<\/li>\n<li>Schr\u00e4gschnitt 30 x 30 x 2 mm \/\/ MAXI 40 x 40 x 2 mm<\/li>\n<li>Maximale Gr\u00f6sse 4 x 4 Meter und MAXI 6 x 6 Meter und M\u00f6glichkeit zur individuellen Gestaltung<\/li>\n<li>Bearbeitete Stahlprofile mit Feuerverzinkung<\/li>\n<li>UV-best\u00e4ndig<\/li>\n<li>Lackierung kann nach Genehmigung durch die technische Abteilung individuell gestaltet werden<\/li>\n<li>Entw\u00e4sserung und Ableitung des Regenwassers, gew\u00e4hrleistet durch umlaufende Rinnen und Rinnen im Inneren der S\u00e4ulen<\/li>\n<li>Dacheindeckung<\/li>\n<\/ul>\n<p><strong>Markisentuch<\/strong><\/p>\n<ul>\n<li>Wasserdichtes PVC<\/li>\n<li>Champagner oder weiss<\/li>\n<\/ul>\n<p><strong>Zubeh\u00f6r<\/strong><\/p>\n<ul>\n<li>Zierrahmen<\/li>\n<li>Seitenvorh\u00e4nge aus Progar-Acryl oder PVC mit Reissverschluss und Klettstreifen zur Befestigung an den S\u00e4ulen<\/li>\n<li>PVC-Seitenvorh\u00e4nge mit Rei\u00dfverschluss und Klettband zur Befestigung an den S\u00e4ulen, mit PVC-Cristal-Fenstern nach Mass<\/li>\n<li>Ornamentale Vorh\u00e4nge aus Progar-Acryl f\u00fcr die Strukturdekoration<\/li>\n<li>H\u00e4ngeleuchter aus Schmiedeeisen (in den Farben der Struktur) oder Kristall<\/li>\n<li>dimmbare LED-Leisten, die in die \u00dcberh\u00e4nge integriert und mit einer Fernbedienung ausgestattet sind<\/li>\n<\/ul>\n<p><strong>Standardmasse<\/strong><\/p>\n<ul>\n<li>von 3 x 3 Meter bis 4 x 4 Meter<\/li>\n<li>in der MAXI-Version von 6 x 6 Metern<\/li>\n<\/ul>\n<p><i class=\"fa sl-wrench minti-icon\"><\/i>\u00a0\u00a0<strong>Massanfertigung m\u00f6glich<\/strong><\/p>\n<h3>Die Ottoemezzo Familie<\/h3>\n<ul>\n<li>Pavillon Ottoemezzo normal und MAXI<\/li>\n<li><a href=\"https:\/\/softub.ch\/produkt\/unosider-wandpergola-ottoemezzo\/\" target=\"_blank\" rel=\"noopener\">Pergola Ottoemezzo<\/a><\/li>\n<\/ul>\n<div>\n<h3 class=\"fusion-responsive-typography-calculated\" data-fontsize=\"18\" data-lineheight=\"27px\">Montage Ihres neuen Pavillons<\/h3>\n<\/div>\n<div>\n<p>F\u00fcr die Installation Ihres neuen Pavillons m\u00fcssen Sie sich keine Gedanken machen! Wir stellen Ihnen gerne unser Hauseigen, fachm\u00e4nnisches Installationsteam f\u00fcr die Montage zur Verf\u00fcgung.<\/p>\n<\/div>\n<div>\n<h3 class=\"fusion-responsive-typography-calculated\" data-fontsize=\"18\" data-lineheight=\"27px\">Unosider \u2013 Pavillon, Pergola, Sonnenschutzsystem und Wetterschutzsystem<\/h3>\n<\/div>\n<div>\n<p><strong>25 Jahre Erfahrung<\/strong><span class=\"apple-converted-space\">\u00a0<\/span>im Bereich Beschattung und Sonnenschutz f\u00fcr Garten und Terrasse:<span class=\"apple-converted-space\">\u00a0<\/span><strong>Unosider<\/strong><span class=\"apple-converted-space\">\u00a0<\/span>aus Italien, hat im Laufe der Jahre vielseitig einsetzbare<span class=\"apple-converted-space\">\u00a0<\/span><strong>Outdoor Locations<\/strong><span class=\"apple-converted-space\">\u00a0<\/span>entwickelt. Mit Freude ist man st\u00e4ndig auf der Suche nach innovativen L\u00f6sungen und Formen f\u00fcr Pavillons und Pergolen.<\/p>\n<\/div>\n<div>\n<p><strong>Eigene Werkst\u00e4tten und betriebsinterne Produktion<\/strong>, sind der ganze Stolz von Unosider. Man legt grossen Wert auf die Wurzeln, die in der<span class=\"apple-converted-space\">\u00a0<\/span><strong>italienische Handwerkstradition<\/strong><span class=\"apple-converted-space\">\u00a0<\/span>liegen. Dies setzt sich mit<span class=\"apple-converted-space\">\u00a0<\/span><strong>hochwertiger Qualit\u00e4t, Flexibilit\u00e4t und massgefertigten L\u00f6sungen<\/strong><span class=\"apple-converted-space\">\u00a0<\/span>f\u00fcr Ihre Pergola und ihren Pavillon um.<\/p>\n<\/div>\n<div>\n<p>Ihr Traumgarten mit Dolce Vita von Softub Schweiz AG.<\/p>\n<\/div>\n<div>\n<h3 class=\"fusion-responsive-typography-calculated\" data-fontsize=\"18\" data-lineheight=\"27px\">Weiteres Zubeh\u00f6r f\u00fcr Ihr Zuhause<\/h3>\n<\/div>\n<div>\n<p>Wir haben ein reichhaltiges Zubeh\u00f6rsortiment f\u00fcr Sie zusammengestellt, so dass Sie sich die passenden Produkte in Ruhe in unserem Onlineshop ausw\u00e4hlen k\u00f6nnen.<\/p>\n<\/div>\n<div>\n<p>Wenn Sie sich dar\u00fcber hinaus Ihre ganz pers\u00f6nliche Wellness-Oase schaffen wollen, so schauen Sie sich doch einfach unsere Softub<span class=\"apple-converted-space\">\u00a0<\/span><a href=\"https:\/\/softub.ch\/shop\/softub-whirlpools\/\">Whirlpools<\/a><span class=\"apple-converted-space\">\u00a0<\/span>an der perfekt zur Ihrem<span class=\"apple-converted-space\">\u00a0<\/span><a href=\"https:\/\/www.meinschattenspender.ch\/\" target=\"_blank\" rel=\"noopener\">Unosider Pavillon<\/a><span class=\"apple-converted-space\">\u00a0<\/span>passen k\u00f6nnte.<\/p>\n<\/div>\n<div>\n<p>Wir beraten Sie gerne,<span class=\"apple-converted-space\">\u00a0<\/span><a href=\"tel:+41443969060\">telefonisch<\/a>, in einem unserer Showrooms oder bei Ihnen Zuhause.<\/p>\n<\/div>\n<\/div><\/div><\/div><\/div><\/div>\n","protected":false},"excerpt":{"rendered":"<p>Eine entspannende Ecke, abgeschirmt vom Rest der Welt.<br \/>\nOttoemezzo verk\u00f6rpert den Wunsch nach Harmonie und Eleganz.<br \/>\nSein schlichter, aber raffinierter Stil eignet sich sowohl f\u00fcr l\u00e4ndliche Umgebungen als auch f\u00fcr st\u00e4dtische Umgebungen oder historische Zentren, in denen eine gr\u00f6ssere architektonische Diskretion gew\u00fcnscht wird. In technischer Hinsicht zeichnet sich Ottoemezzo durch sein System zur Ableitung des Regenwassers und die Befestigung mit Gewebe aus.<\/p>\n<p><strong>Als normale oder Maxi Gr\u00f6sse erh\u00e4ltlich. Im Preis inbegriffen ist das Plus PVC Flexilight Lodge 6002.<\/strong><\/p>\n<h4 class=\"\" data-fontsize=\"13\" data-lineheight=\"19.5px\"><em>Fast jeder Schattenspender kann auf Mass angefertigt werden.\u00a0<a href=\"https:\/\/www.meinschattenspender.ch\/atelier-massgeschneidert-pavillon\/\" target=\"_blank\" rel=\"noopener\"><strong>Diverse<\/strong>\u00a0<strong>Farben<\/strong><\/a>\u00a0f\u00fcr Gestell. Dach und Vorh\u00e4nge und Gr\u00f6ssen bis zu 100m2 passen perfekt zu jedem Haus.<\/em><em><strong><br \/>\n<\/strong><\/em><em><strong><a href=\"tel:+41443969060\">Rufen Sie uns an<\/a><\/strong>, vereinbaren Sie einen<strong><a href=\"https:\/\/softub.ch\/kontakt\/\">\u00a0Termin im Showroom Ihrer Wahl<\/a>,<\/strong>\u00a0klicken Sie hier auf die<strong><a href=\"https:\/\/www.unosider.com\/de\/produkte\/ottoemezzo\/\" target=\"_blank\" rel=\"noopener\">\u00a0Website vom Hersteller<\/a>\u00a0<\/strong>f\u00fcr noch mehr online Informationen.<\/em><\/h4>\n[fusion_button link=\"https:\/\/meinschattenspender.ch\/wp-content\/uploads\/unosider_classico_ottoemezzo_gazebo_technical_sheet-1.pdf\" title=\"\" target=\"_self\" link_attributes=\"\" alignment_medium=\"\" alignment_small=\"\" alignment=\"\" modal=\"\" hide_on_mobile=\"small-visibility,medium-visibility,large-visibility\" sticky_display=\"normal,sticky\" class=\"\" id=\"\" color=\"default\" button_gradient_top_color_hover=\"\" hue=\"\" saturation=\"\" lightness=\"\" alpha=\"\" button_gradient_top_color=\"\" button_gradient_bottom_color_hover=\"\" button_gradient_bottom_color=\"\" gradient_start_position=\"\" gradient_end_position=\"\" gradient_type=\"\" radial_direction=\"\" linear_angle=\"180\" accent_hover_color=\"\" accent_color=\"\" type=\"\" bevel_color=\"\" bevel_color_hover=\"\" border_top=\"\" border_right=\"\" border_bottom=\"\" border_left=\"\" border_radius_top_left=\"\" border_radius_top_right=\"\" border_radius_bottom_right=\"\" border_radius_bottom_left=\"\" border_hover_color=\"\" border_color=\"\" size=\"\" padding_top=\"\" padding_right=\"\" padding_bottom=\"\" padding_left=\"\" fusion_font_family_button_font=\"\" fusion_font_variant_button_font=\"\" font_size=\"\" line_height=\"\" letter_spacing=\"\" text_transform=\"\" stretch=\"default\" margin_top=\"\" margin_right=\"\" margin_bottom=\"\" margin_left=\"\" icon=\"\" icon_position=\"left\" icon_divider=\"no\" hover_transition=\"none\" animation_type=\"\" animation_direction=\"left\" animation_color=\"\" animation_speed=\"0.3\" animation_delay=\"0\" animation_offset=\"\"]PDF Datenblatt[\/fusion_button]\n[fusion_button link=\"https:\/\/meinschattenspender.ch\/wp-content\/uploads\/unosider_classico_ottoemezzo_maxi_gazebo_technical_sheet-1.pdf\" title=\"\" target=\"_self\" link_attributes=\"\" alignment_medium=\"\" alignment_small=\"\" alignment=\"\" modal=\"\" hide_on_mobile=\"small-visibility,medium-visibility,large-visibility\" sticky_display=\"normal,sticky\" class=\"\" id=\"\" color=\"default\" button_gradient_top_color_hover=\"\" hue=\"\" saturation=\"\" lightness=\"\" alpha=\"\" button_gradient_top_color=\"\" button_gradient_bottom_color_hover=\"\" button_gradient_bottom_color=\"\" gradient_start_position=\"\" gradient_end_position=\"\" gradient_type=\"\" radial_direction=\"\" linear_angle=\"180\" accent_hover_color=\"\" accent_color=\"\" type=\"\" bevel_color=\"\" bevel_color_hover=\"\" border_top=\"\" border_right=\"\" border_bottom=\"\" border_left=\"\" border_radius_top_left=\"\" border_radius_top_right=\"\" border_radius_bottom_right=\"\" border_radius_bottom_left=\"\" border_hover_color=\"\" border_color=\"\" size=\"\" padding_top=\"\" padding_right=\"\" padding_bottom=\"\" padding_left=\"\" fusion_font_family_button_font=\"\" fusion_font_variant_button_font=\"\" font_size=\"\" line_height=\"\" letter_spacing=\"\" text_transform=\"\" stretch=\"default\" margin_top=\"\" margin_right=\"\" margin_bottom=\"\" margin_left=\"\" icon=\"\" icon_position=\"left\" icon_divider=\"no\" hover_transition=\"none\" animation_type=\"\" animation_direction=\"left\" animation_color=\"\" animation_speed=\"0.3\" animation_delay=\"0\" animation_offset=\"\"]PDF Datenblatt[\/fusion_button]\n","protected":false},"featured_media":26943,"template":"","meta":{"_acf_changed":false},"product_brand":[],"product_cat":[9567],"product_tag":[9975,7418,7405,7397,7398,7400,1195,7399,7422,802,7393,290,2751,2748,1180,7408,7423,7409,7391,7419,2315,4949,9992,6587,142,7390,948,7401,349,1163,7386,7392,7389,6560,6380],"woo-feed-brand":[],"class_list":{"0":"post-50337","1":"product","2":"type-product","3":"status-publish","4":"has-post-thumbnail","6":"product_cat-pavillon-unosider","7":"product_tag-elegant-fr","8":"product_tag-eleganter-pavillon","9":"product_tag-hochwertiger-pavillon","10":"product_tag-italien","11":"product_tag-italienische-handwerkstradition","12":"product_tag-italienische-pergola","13":"product_tag-italienischer-pavillon","14":"product_tag-italienischer-sonnensegel","15":"product_tag-ottomezzo-pavillon-von-unosider","16":"product_tag-outdoor","17":"product_tag-outdoor-location","18":"product_tag-pavillon-fr-2","19":"product_tag-pavillon-aus-italien","20":"product_tag-pavillon-fuer-garten","21":"product_tag-pavillon-kaufen","22":"product_tag-pavillon-kaufen-schweiz","23":"product_tag-pavillon-ottomezzo-von-unosider","24":"product_tag-pavillon-von-unosider","25":"product_tag-pergola","26":"product_tag-schlichter-pavillon","27":"product_tag-softub-fr-2","28":"product_tag-softub-suisse","29":"product_tag-softub-schweiz-ag-fr","30":"product_tag-softub-whirlpool-fr","31":"product_tag-sonnenschutz","32":"product_tag-sonnenschutzsystem","33":"product_tag-sonnensegel","34":"product_tag-sonnensegel-aus-italien","35":"product_tag-unosider-fr","36":"product_tag-unosider-pavillon","37":"product_tag-unosider-sonnensegel","38":"product_tag-wandpergola","39":"product_tag-wetterschutzsystem","40":"product_tag-abri-de-spa","41":"product_tag-whirlpools-fr","43":"first","44":"instock","45":"taxable","46":"shipping-taxable","47":"purchasable","48":"product-type-variable"},"acf":[],"yoast_head":"<!-- This site is optimized with the Yoast SEO Premium plugin v27.5 (Yoast SEO v27.5) - https:\/\/yoast.com\/product\/yoast-seo-premium-wordpress\/ -->\n<title>Unosider Pavillon Ottoemezzo - SOFTUB Schweiz<\/title>\n<meta name=\"description\" content=\"Der Unosider Pavillon Ottoemezzo verk\u00f6rpert den Wunsch nach Harmonie und Eleganz. Schlicht und raffiniert, ideal f\u00fcr l\u00e4ndliche Umgebungen.\" \/>\n<meta name=\"robots\" content=\"index, follow, max-snippet:-1, max-image-preview:large, max-video-preview:-1\" \/>\n<link rel=\"canonical\" href=\"https:\/\/www.softub.ch\/produkt\/unosider-pavillon-ottoemezzo\/\" \/>\n<meta property=\"og:locale\" content=\"fr_FR\" \/>\n<meta property=\"og:type\" content=\"article\" \/>\n<meta property=\"og:title\" content=\"Pavillon Ottoemezzo\" \/>\n<meta property=\"og:description\" content=\"Der Unosider Pavillon Ottoemezzo verk\u00f6rpert den Wunsch nach Harmonie und Eleganz. Schlicht und raffiniert, ideal f\u00fcr l\u00e4ndliche Umgebungen.\" \/>\n<meta property=\"og:url\" content=\"https:\/\/www.softub.ch\/produkt\/unosider-pavillon-ottoemezzo\/\" \/>\n<meta property=\"og:site_name\" content=\"Softub Schweiz\" \/>\n<meta property=\"article:publisher\" content=\"https:\/\/www.facebook.com\/softubschweiz\" \/>\n<meta property=\"article:modified_time\" content=\"2024-04-18T10:33:18+00:00\" \/>\n<meta property=\"og:image\" content=\"https:\/\/www.softub.ch\/wp-content\/uploads\/Unosider-Pavillon-Ottoemezzo-Softub-Schweiz-0-.jpg\" \/>\n\t<meta property=\"og:image:width\" content=\"1920\" \/>\n\t<meta property=\"og:image:height\" content=\"1285\" \/>\n\t<meta property=\"og:image:type\" content=\"image\/jpeg\" \/>\n<meta name=\"twitter:card\" content=\"summary_large_image\" \/>\n<meta name=\"twitter:label1\" content=\"Dur\u00e9e de lecture estim\u00e9e\" \/>\n\t<meta name=\"twitter:data1\" content=\"3 minutes\" \/>\n<script type=\"application\/ld+json\" class=\"yoast-schema-graph\">{\"@context\":\"https:\\\/\\\/schema.org\",\"@graph\":[{\"@type\":\"WebPage\",\"@id\":\"https:\\\/\\\/www.softub.ch\\\/produkt\\\/unosider-pavillon-ottoemezzo\\\/\",\"url\":\"https:\\\/\\\/www.softub.ch\\\/produkt\\\/unosider-pavillon-ottoemezzo\\\/\",\"name\":\"Unosider Pavillon Ottoemezzo - SOFTUB Schweiz\",\"isPartOf\":{\"@id\":\"https:\\\/\\\/www.softub.ch\\\/fr\\\/#website\"},\"primaryImageOfPage\":{\"@id\":\"https:\\\/\\\/www.softub.ch\\\/produkt\\\/unosider-pavillon-ottoemezzo\\\/#primaryimage\"},\"image\":{\"@id\":\"https:\\\/\\\/www.softub.ch\\\/produkt\\\/unosider-pavillon-ottoemezzo\\\/#primaryimage\"},\"thumbnailUrl\":\"https:\\\/\\\/www.softub.ch\\\/wp-content\\\/uploads\\\/Unosider-Pavillon-Ottoemezzo-Softub-Schweiz-0-.jpg\",\"datePublished\":\"2023-07-25T14:56:17+00:00\",\"dateModified\":\"2024-04-18T10:33:18+00:00\",\"description\":\"Der Unosider Pavillon Ottoemezzo verk\u00f6rpert den Wunsch nach Harmonie und Eleganz. Schlicht und raffiniert, ideal f\u00fcr l\u00e4ndliche Umgebungen.\",\"breadcrumb\":{\"@id\":\"https:\\\/\\\/www.softub.ch\\\/produkt\\\/unosider-pavillon-ottoemezzo\\\/#breadcrumb\"},\"inLanguage\":\"fr-FR\",\"potentialAction\":[{\"@type\":\"ReadAction\",\"target\":[\"https:\\\/\\\/www.softub.ch\\\/produkt\\\/unosider-pavillon-ottoemezzo\\\/\"]}]},{\"@type\":\"ImageObject\",\"inLanguage\":\"fr-FR\",\"@id\":\"https:\\\/\\\/www.softub.ch\\\/produkt\\\/unosider-pavillon-ottoemezzo\\\/#primaryimage\",\"url\":\"https:\\\/\\\/www.softub.ch\\\/wp-content\\\/uploads\\\/Unosider-Pavillon-Ottoemezzo-Softub-Schweiz-0-.jpg\",\"contentUrl\":\"https:\\\/\\\/www.softub.ch\\\/wp-content\\\/uploads\\\/Unosider-Pavillon-Ottoemezzo-Softub-Schweiz-0-.jpg\",\"width\":1920,\"height\":1285,\"caption\":\"Unosider Pavillon Ottoemezzo. Weisser Pavillon mit spitzem Dach und weissen Vorh\u00e4ngen. Dieser Pavillon steht in einem sch\u00f6nen, gr\u00fcnen Garten.\"},{\"@type\":\"BreadcrumbList\",\"@id\":\"https:\\\/\\\/www.softub.ch\\\/produkt\\\/unosider-pavillon-ottoemezzo\\\/#breadcrumb\",\"itemListElement\":[{\"@type\":\"ListItem\",\"position\":1,\"name\":\"Startseite\",\"item\":\"https:\\\/\\\/www.softub.ch\\\/fr\\\/\"},{\"@type\":\"ListItem\",\"position\":2,\"name\":\"Shop\",\"item\":\"https:\\\/\\\/www.softub.ch\\\/fr\\\/softub-suisse-shop\\\/\"},{\"@type\":\"ListItem\",\"position\":3,\"name\":\"Pavillon Ottoemezzo\"}]},{\"@type\":\"WebSite\",\"@id\":\"https:\\\/\\\/www.softub.ch\\\/fr\\\/#website\",\"url\":\"https:\\\/\\\/www.softub.ch\\\/fr\\\/\",\"name\":\"Softub Schweiz\",\"description\":\"Softub - Wir machen Ferien Zuhause\",\"publisher\":{\"@id\":\"https:\\\/\\\/www.softub.ch\\\/fr\\\/#organization\"},\"potentialAction\":[{\"@type\":\"SearchAction\",\"target\":{\"@type\":\"EntryPoint\",\"urlTemplate\":\"https:\\\/\\\/www.softub.ch\\\/fr\\\/?s={search_term_string}\"},\"query-input\":{\"@type\":\"PropertyValueSpecification\",\"valueRequired\":true,\"valueName\":\"search_term_string\"}}],\"inLanguage\":\"fr-FR\"},{\"@type\":\"Organization\",\"@id\":\"https:\\\/\\\/www.softub.ch\\\/fr\\\/#organization\",\"name\":\"Softub Schweiz AG\",\"url\":\"https:\\\/\\\/www.softub.ch\\\/fr\\\/\",\"logo\":{\"@type\":\"ImageObject\",\"inLanguage\":\"fr-FR\",\"@id\":\"https:\\\/\\\/www.softub.ch\\\/fr\\\/#\\\/schema\\\/logo\\\/image\\\/\",\"url\":\"https:\\\/\\\/www.softub.ch\\\/wp-content\\\/uploads\\\/Softub-Logo-Softub-Schweiz-.png\",\"contentUrl\":\"https:\\\/\\\/www.softub.ch\\\/wp-content\\\/uploads\\\/Softub-Logo-Softub-Schweiz-.png\",\"width\":200,\"height\":73,\"caption\":\"Softub Schweiz AG\"},\"image\":{\"@id\":\"https:\\\/\\\/www.softub.ch\\\/fr\\\/#\\\/schema\\\/logo\\\/image\\\/\"},\"sameAs\":[\"https:\\\/\\\/www.facebook.com\\\/softubschweiz\",\"https:\\\/\\\/www.instagram.com\\\/softub_schweiz\\\/\",\"https:\\\/\\\/ch.pinterest.com\\\/softub_schweiz\\\/\",\"https:\\\/\\\/www.linkedin.com\\\/company\\\/softub-schweiz-ag\\\/\"]}]}<\/script>\n<!-- \/ Yoast SEO Premium plugin. -->","yoast_head_json":{"title":"Unosider Pavillon Ottoemezzo - SOFTUB Schweiz","description":"Der Unosider Pavillon Ottoemezzo verk\u00f6rpert den Wunsch nach Harmonie und Eleganz. Schlicht und raffiniert, ideal f\u00fcr l\u00e4ndliche Umgebungen.","robots":{"index":"index","follow":"follow","max-snippet":"max-snippet:-1","max-image-preview":"max-image-preview:large","max-video-preview":"max-video-preview:-1"},"canonical":"https:\/\/www.softub.ch\/produkt\/unosider-pavillon-ottoemezzo\/","og_locale":"fr_FR","og_type":"article","og_title":"Pavillon Ottoemezzo","og_description":"Der Unosider Pavillon Ottoemezzo verk\u00f6rpert den Wunsch nach Harmonie und Eleganz. Schlicht und raffiniert, ideal f\u00fcr l\u00e4ndliche Umgebungen.","og_url":"https:\/\/www.softub.ch\/produkt\/unosider-pavillon-ottoemezzo\/","og_site_name":"Softub Schweiz","article_publisher":"https:\/\/www.facebook.com\/softubschweiz","article_modified_time":"2024-04-18T10:33:18+00:00","og_image":[{"width":1920,"height":1285,"url":"https:\/\/www.softub.ch\/wp-content\/uploads\/Unosider-Pavillon-Ottoemezzo-Softub-Schweiz-0-.jpg","type":"image\/jpeg"}],"twitter_card":"summary_large_image","twitter_misc":{"Dur\u00e9e de lecture estim\u00e9e":"3 minutes"},"schema":{"@context":"https:\/\/schema.org","@graph":[{"@type":"WebPage","@id":"https:\/\/www.softub.ch\/produkt\/unosider-pavillon-ottoemezzo\/","url":"https:\/\/www.softub.ch\/produkt\/unosider-pavillon-ottoemezzo\/","name":"Unosider Pavillon Ottoemezzo - SOFTUB Schweiz","isPartOf":{"@id":"https:\/\/www.softub.ch\/fr\/#website"},"primaryImageOfPage":{"@id":"https:\/\/www.softub.ch\/produkt\/unosider-pavillon-ottoemezzo\/#primaryimage"},"image":{"@id":"https:\/\/www.softub.ch\/produkt\/unosider-pavillon-ottoemezzo\/#primaryimage"},"thumbnailUrl":"https:\/\/www.softub.ch\/wp-content\/uploads\/Unosider-Pavillon-Ottoemezzo-Softub-Schweiz-0-.jpg","datePublished":"2023-07-25T14:56:17+00:00","dateModified":"2024-04-18T10:33:18+00:00","description":"Der Unosider Pavillon Ottoemezzo verk\u00f6rpert den Wunsch nach Harmonie und Eleganz. Schlicht und raffiniert, ideal f\u00fcr l\u00e4ndliche Umgebungen.","breadcrumb":{"@id":"https:\/\/www.softub.ch\/produkt\/unosider-pavillon-ottoemezzo\/#breadcrumb"},"inLanguage":"fr-FR","potentialAction":[{"@type":"ReadAction","target":["https:\/\/www.softub.ch\/produkt\/unosider-pavillon-ottoemezzo\/"]}]},{"@type":"ImageObject","inLanguage":"fr-FR","@id":"https:\/\/www.softub.ch\/produkt\/unosider-pavillon-ottoemezzo\/#primaryimage","url":"https:\/\/www.softub.ch\/wp-content\/uploads\/Unosider-Pavillon-Ottoemezzo-Softub-Schweiz-0-.jpg","contentUrl":"https:\/\/www.softub.ch\/wp-content\/uploads\/Unosider-Pavillon-Ottoemezzo-Softub-Schweiz-0-.jpg","width":1920,"height":1285,"caption":"Unosider Pavillon Ottoemezzo. Weisser Pavillon mit spitzem Dach und weissen Vorh\u00e4ngen. Dieser Pavillon steht in einem sch\u00f6nen, gr\u00fcnen Garten."},{"@type":"BreadcrumbList","@id":"https:\/\/www.softub.ch\/produkt\/unosider-pavillon-ottoemezzo\/#breadcrumb","itemListElement":[{"@type":"ListItem","position":1,"name":"Startseite","item":"https:\/\/www.softub.ch\/fr\/"},{"@type":"ListItem","position":2,"name":"Shop","item":"https:\/\/www.softub.ch\/fr\/softub-suisse-shop\/"},{"@type":"ListItem","position":3,"name":"Pavillon Ottoemezzo"}]},{"@type":"WebSite","@id":"https:\/\/www.softub.ch\/fr\/#website","url":"https:\/\/www.softub.ch\/fr\/","name":"Softub Schweiz","description":"Softub - Wir machen Ferien Zuhause","publisher":{"@id":"https:\/\/www.softub.ch\/fr\/#organization"},"potentialAction":[{"@type":"SearchAction","target":{"@type":"EntryPoint","urlTemplate":"https:\/\/www.softub.ch\/fr\/?s={search_term_string}"},"query-input":{"@type":"PropertyValueSpecification","valueRequired":true,"valueName":"search_term_string"}}],"inLanguage":"fr-FR"},{"@type":"Organization","@id":"https:\/\/www.softub.ch\/fr\/#organization","name":"Softub Schweiz AG","url":"https:\/\/www.softub.ch\/fr\/","logo":{"@type":"ImageObject","inLanguage":"fr-FR","@id":"https:\/\/www.softub.ch\/fr\/#\/schema\/logo\/image\/","url":"https:\/\/www.softub.ch\/wp-content\/uploads\/Softub-Logo-Softub-Schweiz-.png","contentUrl":"https:\/\/www.softub.ch\/wp-content\/uploads\/Softub-Logo-Softub-Schweiz-.png","width":200,"height":73,"caption":"Softub Schweiz AG"},"image":{"@id":"https:\/\/www.softub.ch\/fr\/#\/schema\/logo\/image\/"},"sameAs":["https:\/\/www.facebook.com\/softubschweiz","https:\/\/www.instagram.com\/softub_schweiz\/","https:\/\/ch.pinterest.com\/softub_schweiz\/","https:\/\/www.linkedin.com\/company\/softub-schweiz-ag\/"]}]}},"_links":{"self":[{"href":"https:\/\/www.softub.ch\/fr\/wp-json\/wp\/v2\/product\/50337","targetHints":{"allow":["GET"]}}],"collection":[{"href":"https:\/\/www.softub.ch\/fr\/wp-json\/wp\/v2\/product"}],"about":[{"href":"https:\/\/www.softub.ch\/fr\/wp-json\/wp\/v2\/types\/product"}],"wp:featuredmedia":[{"embeddable":true,"href":"https:\/\/www.softub.ch\/fr\/wp-json\/wp\/v2\/media\/26943"}],"wp:attachment":[{"href":"https:\/\/www.softub.ch\/fr\/wp-json\/wp\/v2\/media?parent=50337"}],"wp:term":[{"taxonomy":"product_brand","embeddable":true,"href":"https:\/\/www.softub.ch\/fr\/wp-json\/wp\/v2\/product_brand?post=50337"},{"taxonomy":"product_cat","embeddable":true,"href":"https:\/\/www.softub.ch\/fr\/wp-json\/wp\/v2\/product_cat?post=50337"},{"taxonomy":"product_tag","embeddable":true,"href":"https:\/\/www.softub.ch\/fr\/wp-json\/wp\/v2\/product_tag?post=50337"},{"taxonomy":"woo-feed-brand","embeddable":true,"href":"https:\/\/www.softub.ch\/fr\/wp-json\/wp\/v2\/woo-feed-brand?post=50337"}],"curies":[{"name":"wp","href":"https:\/\/api.w.org\/{rel}","templated":true}]}}