{"id":50346,"date":"2023-07-26T12:45:12","date_gmt":"2023-07-26T10:45:12","guid":{"rendered":"https:\/\/www.softub.ch\/?post_type=product&#038;p=50346"},"modified":"2023-08-03T10:57:55","modified_gmt":"2023-08-03T08:57:55","slug":"unosider-pavillon-venice-cabana","status":"publish","type":"product","link":"https:\/\/www.softub.ch\/fr\/produit\/unosider-pavillon-venice-cabana\/","title":{"rendered":"Pavillon Venice Cabana"},"content":{"rendered":"<div class=\"fusion-fullwidth fullwidth-box fusion-builder-row-1 fusion-flex-container has-pattern-background has-mask-background nonhundred-percent-fullwidth non-hundred-percent-height-scrolling\" style=\"--awb-border-radius-top-left:0px;--awb-border-radius-top-right:0px;--awb-border-radius-bottom-right:0px;--awb-border-radius-bottom-left:0px;--awb-flex-wrap:wrap;\" ><div class=\"fusion-builder-row fusion-row fusion-flex-align-items-flex-start fusion-flex-content-wrap\" style=\"max-width:1248px;margin-left: calc(-4% \/ 2 );margin-right: calc(-4% \/ 2 );\"><div class=\"fusion-layout-column fusion_builder_column fusion-builder-column-0 fusion_builder_column_3_4 3_4 fusion-flex-column\" style=\"--awb-bg-size:cover;--awb-width-large:75%;--awb-margin-top-large:0px;--awb-spacing-right-large:2.56%;--awb-margin-bottom-large:20px;--awb-spacing-left-large:2.56%;--awb-width-medium:100%;--awb-order-medium:0;--awb-spacing-right-medium:1.92%;--awb-spacing-left-medium:1.92%;--awb-width-small:100%;--awb-order-small:0;--awb-spacing-right-small:1.92%;--awb-spacing-left-small:1.92%;\"><div class=\"fusion-column-wrapper fusion-column-has-shadow fusion-flex-justify-content-flex-start fusion-content-layout-column\"><div class=\"fusion-text fusion-text-1\"><h1>Unosider Pavillon Venice Cabana<\/h1>\n<p>Der Unosider Pavillon Venice Cabana\u00a0ist aus einem kundenspezifischen Projekt entstanden und hat sich zu einem \u00e4usserst hochwertigen Produkt entwickelt, das allen unseren Kunden zur Verf\u00fcgung steht.<\/p>\n<h3>Technische Informationen:<\/h3>\n<ul>\n<li>S\u00e4ulenquerschnitt 50 x 50 x 2 mm<\/li>\n<li>Strahlquerschnitt 230 x 30 x 2 mm<\/li>\n<li>maximale Gr\u00f6ssse 270 x 382 cm<\/li>\n<li>mit Feuerverzinkung bearbeitete Stahlprofile<\/li>\n<li>Epoxid-Pulverbeschichtungsharz Polyester, UV-best\u00e4ndig<\/li>\n<li>kundenspezifische Pulverbeschichtung in anderen RAL-Farben auf Anfrage erh\u00e4ltlich<\/li>\n<li>Dach in wasserdichter oder wasserabweisender Ausf\u00fchrung erh\u00e4ltlich<\/li>\n<\/ul>\n<h3>Optionale Angaben:<\/h3>\n<ul>\n<li>4 Seitenvorh\u00e4nge aus Acrylgewebe, erg\u00e4nzt mit Vorhangstangen, System f\u00fcr die Befestigung an der S\u00e4ule<\/li>\n<li>Vertikaler Rollvorhang aus Soltis 86 mit Feder Aufnahmesystem<\/li>\n<li>Abdeckung, die an den Innenfl\u00e4chen der Balken, erh\u00e4ltlich in den Markisenfarben<\/li>\n<\/ul>\n<p><strong>Standardgr\u00f6sse:<\/strong>\u00a02,70 x 3,82 Meter<\/p>\n<div>\n<h3 class=\"fusion-responsive-typography-calculated\" data-fontsize=\"18\" data-lineheight=\"27px\">Montage Ihres neuen Pavillons<\/h3>\n<\/div>\n<div>\n<p>F\u00fcr die Installation Ihres neuen Pavillons m\u00fcssen Sie sich keine Gedanken machen! Wir stellen Ihnen gerne unser Hauseigen, fachm\u00e4nnisches Installationsteam f\u00fcr die Montage zur Verf\u00fcgung.<\/p>\n<\/div>\n<div>\n<h3 class=\"fusion-responsive-typography-calculated\" data-fontsize=\"18\" data-lineheight=\"27px\">Unosider \u2013 Pavillon, Pergola, Sonnenschutzsystem und Wetterschutzsystem<\/h3>\n<\/div>\n<div>\n<p><strong>25 Jahre Erfahrung<\/strong><span class=\"apple-converted-space\">\u00a0<\/span>im Bereich Beschattung und Sonnenschutz f\u00fcr Garten und Terrasse:<span class=\"apple-converted-space\">\u00a0<\/span><strong>Unosider<\/strong><span class=\"apple-converted-space\">\u00a0<\/span>aus Italien, hat im Laufe der Jahre vielseitig einsetzbare<span class=\"apple-converted-space\">\u00a0<\/span><strong>Outdoor Locations<\/strong><span class=\"apple-converted-space\">\u00a0<\/span>entwickelt. Mit Freude ist man st\u00e4ndig auf der Suche nach innovativen L\u00f6sungen und Formen f\u00fcr Pavillons und Pergolen.<\/p>\n<\/div>\n<div>\n<p><strong>Eigene Werkst\u00e4tten und betriebsinterne Produktion<\/strong>, sind der ganze Stolz von Unosider. Man legt grossen Wert auf die Wurzeln, die in der<span class=\"apple-converted-space\">\u00a0<\/span><strong>italienische Handwerkstradition<\/strong><span class=\"apple-converted-space\">\u00a0<\/span>liegen. Dies setzt sich mit<span class=\"apple-converted-space\">\u00a0<\/span><strong>hochwertiger Qualit\u00e4t, Flexibilit\u00e4t und massgefertigten L\u00f6sungen<\/strong><span class=\"apple-converted-space\">\u00a0<\/span>f\u00fcr Ihre Pergola und ihren Pavillon um.<\/p>\n<\/div>\n<div>\n<p>Ihr Traumgarten mit Dolce Vita von Softub Schweiz AG.<\/p>\n<\/div>\n<div>\n<h3 class=\"fusion-responsive-typography-calculated\" data-fontsize=\"18\" data-lineheight=\"27px\">Weiteres Zubeh\u00f6r f\u00fcr Ihr Zuhause<\/h3>\n<\/div>\n<div>\n<p>Wir haben ein reichhaltiges Zubeh\u00f6rsortiment f\u00fcr Sie zusammengestellt, so dass Sie sich die passenden Produkte in Ruhe in unserem Onlineshop ausw\u00e4hlen k\u00f6nnen.<\/p>\n<\/div>\n<div>\n<p>Wenn Sie sich dar\u00fcber hinaus Ihre ganz pers\u00f6nliche Wellness-Oase schaffen wollen, so schauen Sie sich doch einfach unsere Softub<span class=\"apple-converted-space\">\u00a0<\/span><a href=\"https:\/\/softub.ch\/shop\/softub-whirlpools\/\">Whirlpools<\/a><span class=\"apple-converted-space\">\u00a0<\/span>an der perfekt zur Ihrem<span class=\"apple-converted-space\">\u00a0<\/span><a href=\"https:\/\/www.meinschattenspender.ch\/\" target=\"_blank\" rel=\"noopener\">Unosider Pavillon<\/a><span class=\"apple-converted-space\">\u00a0<\/span>passen k\u00f6nnte.<\/p>\n<\/div>\n<div>\n<p>Wir beraten Sie gerne,<span class=\"apple-converted-space\">\u00a0<\/span><a href=\"tel:+41443969060\">telefonisch<\/a>, in einem unserer Showrooms oder bei Ihnen Zuhause.<\/p>\n<\/div>\n<\/div><\/div><\/div><\/div><\/div>\n","protected":false},"excerpt":{"rendered":"<p>Der Unosider Pavillon <strong>Cabana Venedig<\/strong>\u00a0ist aus einem kundenspezifischen Projekt entstanden und hat sich zu einem \u00e4usserst hochwertigen Produkt entwickelt, das allen unseren Kunden zur Verf\u00fcgung steht.<br \/>\nElegant, vielseitig und mit anpassbaren Farben und Materialien erh\u00e4ltlich, bietet sie neue M\u00f6glichkeiten und neue L\u00f6sungen f\u00fcr Ihre\u00a0<strong>Outdoor Location<\/strong>.<\/p>\n<p><strong>Der Tradition der Schwimmbad-Pavillons<\/strong>\u00a0folgend, wird\u00a0<strong>Venedig<\/strong>\u00a0zu einer privaten und exklusiven Oase, in der man die Intimit\u00e4t eines pers\u00f6nlichen Aussenraums beherbergen und wiederentdecken kann.<\/p>\n<p>Die Kollektion umfasst Stoffe mit unterschiedlichen technologischen Eigenschaften und einer grossen Auswahl an Farben. Unosider bietet auch ein spezielles Textilpaket mit Accessoires und exklusiven Dekorationselementen an.<\/p>\n<p>Tats\u00e4chlich k\u00f6nnen Sie sich Ihren ganz pers\u00f6nlichen Pavillon zusammenstellen. Ihr Garten, Ihre Terrasse ganz nach Ihren W\u00fcnschen zu gestalten ist einfach mit Unosider. Die eigene Produktion in Italien kann Standard, besonders\u00a0 zeichnet Unosider die\u00a0<strong>Massanfertigung<\/strong>\u00a0aus.<\/p>\n<p>#BelmondPostcards<\/p>\n[fusion_button link=\"https:\/\/www.meinschattenspender.ch\/wp-content\/uploads\/unosider_contemporary_venice_cabana_technical_sheet-1.pdf\" title=\"\" target=\"_self\" link_attributes=\"\" alignment_medium=\"\" alignment_small=\"\" alignment=\"\" modal=\"\" hide_on_mobile=\"small-visibility,medium-visibility,large-visibility\" sticky_display=\"normal,sticky\" class=\"\" id=\"\" color=\"default\" button_gradient_top_color_hover=\"\" hue=\"\" saturation=\"\" lightness=\"\" alpha=\"\" button_gradient_top_color=\"\" button_gradient_bottom_color_hover=\"\" button_gradient_bottom_color=\"\" gradient_start_position=\"\" gradient_end_position=\"\" gradient_type=\"\" radial_direction=\"\" linear_angle=\"180\" accent_hover_color=\"\" accent_color=\"\" type=\"\" bevel_color=\"\" bevel_color_hover=\"\" border_top=\"\" border_right=\"\" border_bottom=\"\" border_left=\"\" border_radius_top_left=\"\" border_radius_top_right=\"\" border_radius_bottom_right=\"\" border_radius_bottom_left=\"\" border_hover_color=\"\" border_color=\"\" size=\"\" padding_top=\"\" padding_right=\"\" padding_bottom=\"\" padding_left=\"\" fusion_font_family_button_font=\"\" fusion_font_variant_button_font=\"\" font_size=\"\" line_height=\"\" letter_spacing=\"\" text_transform=\"\" stretch=\"default\" margin_top=\"\" margin_right=\"\" margin_bottom=\"\" margin_left=\"\" icon=\"\" icon_position=\"left\" icon_divider=\"no\" hover_transition=\"none\" animation_type=\"\" animation_direction=\"left\" animation_color=\"\" animation_speed=\"0.3\" animation_delay=\"0\" animation_offset=\"\"]PDF Datenblatt[\/fusion_button]\n","protected":false},"featured_media":50353,"template":"","meta":{"_acf_changed":false},"product_brand":[],"product_cat":[17,7382],"product_tag":[831,7418,7405,7397,7398,7400,1195,7399,802,7393,140,2751,2748,1180,7408,7425,7409,7391,7419,567,1179,3040,569,142,7390,948,7401,139,1163,7386,7424,7392,7389,1188,548],"woo-feed-brand":[],"class_list":{"0":"post-50346","1":"product","2":"type-product","3":"status-publish","4":"has-post-thumbnail","6":"product_cat-uncategorized","7":"product_cat-unosider-pavillon","8":"product_tag-elegant","9":"product_tag-eleganter-pavillon","10":"product_tag-hochwertiger-pavillon","11":"product_tag-italien","12":"product_tag-italienische-handwerkstradition","13":"product_tag-italienische-pergola","14":"product_tag-italienischer-pavillon","15":"product_tag-italienischer-sonnensegel","16":"product_tag-outdoor","17":"product_tag-outdoor-location","18":"product_tag-pavillon","19":"product_tag-pavillon-aus-italien","20":"product_tag-pavillon-fuer-garten","21":"product_tag-pavillon-kaufen","22":"product_tag-pavillon-kaufen-schweiz","23":"product_tag-pavillon-venice-cabana-von-unosider","24":"product_tag-pavillon-von-unosider","25":"product_tag-pergola","26":"product_tag-schlichter-pavillon","27":"product_tag-softub","28":"product_tag-softub-schweiz","29":"product_tag-softub-schweiz-ag","30":"product_tag-softub-whirlpool","31":"product_tag-sonnenschutz","32":"product_tag-sonnenschutzsystem","33":"product_tag-sonnensegel","34":"product_tag-sonnensegel-aus-italien","35":"product_tag-unosider","36":"product_tag-unosider-pavillon","37":"product_tag-unosider-sonnensegel","38":"product_tag-venice-cabana-pavillon-von-unosider","39":"product_tag-wandpergola","40":"product_tag-wetterschutzsystem","41":"product_tag-whirlpool-ueberdachung","42":"product_tag-whirlpools","44":"first","45":"instock","46":"taxable","47":"shipping-taxable","48":"product-type-simple"},"acf":[],"yoast_head":"<!-- This site is optimized with the Yoast SEO Premium plugin v27.4 (Yoast SEO v27.4) - https:\/\/yoast.com\/product\/yoast-seo-premium-wordpress\/ -->\n<title>Unosider Pavillon Venice Cabana - SOFTUB Schweiz<\/title>\n<meta name=\"description\" content=\"Der Unosider Pavillon Venice Cabana ist elegant, vielseitig und mit anpassbaren Farben und Materialien erh\u00e4ltlich. Der perfekte Pavillon f\u00fcr Ihren Garten.\" \/>\n<meta name=\"robots\" content=\"index, follow, max-snippet:-1, max-image-preview:large, max-video-preview:-1\" \/>\n<link rel=\"canonical\" href=\"https:\/\/www.softub.ch\/produkt\/unosider-pavillon-venice-cabana\/\" \/>\n<meta property=\"og:locale\" content=\"fr_FR\" \/>\n<meta property=\"og:type\" content=\"article\" \/>\n<meta property=\"og:title\" content=\"Pavillon Venice Cabana\" \/>\n<meta property=\"og:description\" content=\"Der Unosider Pavillon Venice Cabana ist elegant, vielseitig und mit anpassbaren Farben und Materialien erh\u00e4ltlich. Der perfekte Pavillon f\u00fcr Ihren Garten.\" \/>\n<meta property=\"og:url\" content=\"https:\/\/www.softub.ch\/produkt\/unosider-pavillon-venice-cabana\/\" \/>\n<meta property=\"og:site_name\" content=\"Softub Schweiz\" \/>\n<meta property=\"article:publisher\" content=\"https:\/\/www.facebook.com\/softubschweiz\" \/>\n<meta property=\"article:modified_time\" content=\"2023-08-03T08:57:55+00:00\" \/>\n<meta property=\"og:image\" content=\"https:\/\/www.softub.ch\/wp-content\/uploads\/2-unosider-gazebo-pergolas-design-cabana-venice-ph-tyson-sadlo_08.jpg\" \/>\n\t<meta property=\"og:image:width\" content=\"1920\" \/>\n\t<meta property=\"og:image:height\" content=\"1281\" \/>\n\t<meta property=\"og:image:type\" content=\"image\/jpeg\" \/>\n<meta name=\"twitter:card\" content=\"summary_large_image\" \/>\n<meta name=\"twitter:label1\" content=\"Dur\u00e9e de lecture estim\u00e9e\" \/>\n\t<meta name=\"twitter:data1\" content=\"2 minutes\" \/>\n<script type=\"application\/ld+json\" class=\"yoast-schema-graph\">{\"@context\":\"https:\\\/\\\/schema.org\",\"@graph\":[{\"@type\":\"WebPage\",\"@id\":\"https:\\\/\\\/www.softub.ch\\\/produkt\\\/unosider-pavillon-venice-cabana\\\/\",\"url\":\"https:\\\/\\\/www.softub.ch\\\/produkt\\\/unosider-pavillon-venice-cabana\\\/\",\"name\":\"Unosider Pavillon Venice Cabana - SOFTUB Schweiz\",\"isPartOf\":{\"@id\":\"https:\\\/\\\/www.softub.ch\\\/fr\\\/#website\"},\"primaryImageOfPage\":{\"@id\":\"https:\\\/\\\/www.softub.ch\\\/produkt\\\/unosider-pavillon-venice-cabana\\\/#primaryimage\"},\"image\":{\"@id\":\"https:\\\/\\\/www.softub.ch\\\/produkt\\\/unosider-pavillon-venice-cabana\\\/#primaryimage\"},\"thumbnailUrl\":\"https:\\\/\\\/www.softub.ch\\\/wp-content\\\/uploads\\\/2-unosider-gazebo-pergolas-design-cabana-venice-ph-tyson-sadlo_08.jpg\",\"datePublished\":\"2023-07-26T10:45:12+00:00\",\"dateModified\":\"2023-08-03T08:57:55+00:00\",\"description\":\"Der Unosider Pavillon Venice Cabana ist elegant, vielseitig und mit anpassbaren Farben und Materialien erh\u00e4ltlich. Der perfekte Pavillon f\u00fcr Ihren Garten.\",\"breadcrumb\":{\"@id\":\"https:\\\/\\\/www.softub.ch\\\/produkt\\\/unosider-pavillon-venice-cabana\\\/#breadcrumb\"},\"inLanguage\":\"fr-FR\",\"potentialAction\":[{\"@type\":\"ReadAction\",\"target\":[\"https:\\\/\\\/www.softub.ch\\\/produkt\\\/unosider-pavillon-venice-cabana\\\/\"]}]},{\"@type\":\"ImageObject\",\"inLanguage\":\"fr-FR\",\"@id\":\"https:\\\/\\\/www.softub.ch\\\/produkt\\\/unosider-pavillon-venice-cabana\\\/#primaryimage\",\"url\":\"https:\\\/\\\/www.softub.ch\\\/wp-content\\\/uploads\\\/2-unosider-gazebo-pergolas-design-cabana-venice-ph-tyson-sadlo_08.jpg\",\"contentUrl\":\"https:\\\/\\\/www.softub.ch\\\/wp-content\\\/uploads\\\/2-unosider-gazebo-pergolas-design-cabana-venice-ph-tyson-sadlo_08.jpg\",\"width\":1920,\"height\":1281,\"caption\":\"Der Unosider Pavillon Venice Cabana in einem Garten mit zwei Liegen und einem blau-weiss gestreiften Sonnenschirm.\"},{\"@type\":\"BreadcrumbList\",\"@id\":\"https:\\\/\\\/www.softub.ch\\\/produkt\\\/unosider-pavillon-venice-cabana\\\/#breadcrumb\",\"itemListElement\":[{\"@type\":\"ListItem\",\"position\":1,\"name\":\"Startseite\",\"item\":\"https:\\\/\\\/www.softub.ch\\\/fr\\\/\"},{\"@type\":\"ListItem\",\"position\":2,\"name\":\"Shop\",\"item\":\"https:\\\/\\\/www.softub.ch\\\/fr\\\/softub-suisse-shop\\\/\"},{\"@type\":\"ListItem\",\"position\":3,\"name\":\"Pavillon Venice Cabana\"}]},{\"@type\":\"WebSite\",\"@id\":\"https:\\\/\\\/www.softub.ch\\\/fr\\\/#website\",\"url\":\"https:\\\/\\\/www.softub.ch\\\/fr\\\/\",\"name\":\"Softub Schweiz\",\"description\":\"Softub - Wir machen Ferien Zuhause\",\"publisher\":{\"@id\":\"https:\\\/\\\/www.softub.ch\\\/fr\\\/#organization\"},\"potentialAction\":[{\"@type\":\"SearchAction\",\"target\":{\"@type\":\"EntryPoint\",\"urlTemplate\":\"https:\\\/\\\/www.softub.ch\\\/fr\\\/?s={search_term_string}\"},\"query-input\":{\"@type\":\"PropertyValueSpecification\",\"valueRequired\":true,\"valueName\":\"search_term_string\"}}],\"inLanguage\":\"fr-FR\"},{\"@type\":\"Organization\",\"@id\":\"https:\\\/\\\/www.softub.ch\\\/fr\\\/#organization\",\"name\":\"Softub Schweiz AG\",\"url\":\"https:\\\/\\\/www.softub.ch\\\/fr\\\/\",\"logo\":{\"@type\":\"ImageObject\",\"inLanguage\":\"fr-FR\",\"@id\":\"https:\\\/\\\/www.softub.ch\\\/fr\\\/#\\\/schema\\\/logo\\\/image\\\/\",\"url\":\"https:\\\/\\\/www.softub.ch\\\/wp-content\\\/uploads\\\/Softub-Logo-Softub-Schweiz-.png\",\"contentUrl\":\"https:\\\/\\\/www.softub.ch\\\/wp-content\\\/uploads\\\/Softub-Logo-Softub-Schweiz-.png\",\"width\":200,\"height\":73,\"caption\":\"Softub Schweiz AG\"},\"image\":{\"@id\":\"https:\\\/\\\/www.softub.ch\\\/fr\\\/#\\\/schema\\\/logo\\\/image\\\/\"},\"sameAs\":[\"https:\\\/\\\/www.facebook.com\\\/softubschweiz\",\"https:\\\/\\\/www.instagram.com\\\/softub_schweiz\\\/\",\"https:\\\/\\\/ch.pinterest.com\\\/softub_schweiz\\\/\",\"https:\\\/\\\/www.linkedin.com\\\/company\\\/softub-schweiz-ag\\\/\"]}]}<\/script>\n<!-- \/ Yoast SEO Premium plugin. -->","yoast_head_json":{"title":"Unosider Pavillon Venice Cabana - SOFTUB Schweiz","description":"Der Unosider Pavillon Venice Cabana ist elegant, vielseitig und mit anpassbaren Farben und Materialien erh\u00e4ltlich. Der perfekte Pavillon f\u00fcr Ihren Garten.","robots":{"index":"index","follow":"follow","max-snippet":"max-snippet:-1","max-image-preview":"max-image-preview:large","max-video-preview":"max-video-preview:-1"},"canonical":"https:\/\/www.softub.ch\/produkt\/unosider-pavillon-venice-cabana\/","og_locale":"fr_FR","og_type":"article","og_title":"Pavillon Venice Cabana","og_description":"Der Unosider Pavillon Venice Cabana ist elegant, vielseitig und mit anpassbaren Farben und Materialien erh\u00e4ltlich. Der perfekte Pavillon f\u00fcr Ihren Garten.","og_url":"https:\/\/www.softub.ch\/produkt\/unosider-pavillon-venice-cabana\/","og_site_name":"Softub Schweiz","article_publisher":"https:\/\/www.facebook.com\/softubschweiz","article_modified_time":"2023-08-03T08:57:55+00:00","og_image":[{"width":1920,"height":1281,"url":"https:\/\/www.softub.ch\/wp-content\/uploads\/2-unosider-gazebo-pergolas-design-cabana-venice-ph-tyson-sadlo_08.jpg","type":"image\/jpeg"}],"twitter_card":"summary_large_image","twitter_misc":{"Dur\u00e9e de lecture estim\u00e9e":"2 minutes"},"schema":{"@context":"https:\/\/schema.org","@graph":[{"@type":"WebPage","@id":"https:\/\/www.softub.ch\/produkt\/unosider-pavillon-venice-cabana\/","url":"https:\/\/www.softub.ch\/produkt\/unosider-pavillon-venice-cabana\/","name":"Unosider Pavillon Venice Cabana - SOFTUB Schweiz","isPartOf":{"@id":"https:\/\/www.softub.ch\/fr\/#website"},"primaryImageOfPage":{"@id":"https:\/\/www.softub.ch\/produkt\/unosider-pavillon-venice-cabana\/#primaryimage"},"image":{"@id":"https:\/\/www.softub.ch\/produkt\/unosider-pavillon-venice-cabana\/#primaryimage"},"thumbnailUrl":"https:\/\/www.softub.ch\/wp-content\/uploads\/2-unosider-gazebo-pergolas-design-cabana-venice-ph-tyson-sadlo_08.jpg","datePublished":"2023-07-26T10:45:12+00:00","dateModified":"2023-08-03T08:57:55+00:00","description":"Der Unosider Pavillon Venice Cabana ist elegant, vielseitig und mit anpassbaren Farben und Materialien erh\u00e4ltlich. Der perfekte Pavillon f\u00fcr Ihren Garten.","breadcrumb":{"@id":"https:\/\/www.softub.ch\/produkt\/unosider-pavillon-venice-cabana\/#breadcrumb"},"inLanguage":"fr-FR","potentialAction":[{"@type":"ReadAction","target":["https:\/\/www.softub.ch\/produkt\/unosider-pavillon-venice-cabana\/"]}]},{"@type":"ImageObject","inLanguage":"fr-FR","@id":"https:\/\/www.softub.ch\/produkt\/unosider-pavillon-venice-cabana\/#primaryimage","url":"https:\/\/www.softub.ch\/wp-content\/uploads\/2-unosider-gazebo-pergolas-design-cabana-venice-ph-tyson-sadlo_08.jpg","contentUrl":"https:\/\/www.softub.ch\/wp-content\/uploads\/2-unosider-gazebo-pergolas-design-cabana-venice-ph-tyson-sadlo_08.jpg","width":1920,"height":1281,"caption":"Der Unosider Pavillon Venice Cabana in einem Garten mit zwei Liegen und einem blau-weiss gestreiften Sonnenschirm."},{"@type":"BreadcrumbList","@id":"https:\/\/www.softub.ch\/produkt\/unosider-pavillon-venice-cabana\/#breadcrumb","itemListElement":[{"@type":"ListItem","position":1,"name":"Startseite","item":"https:\/\/www.softub.ch\/fr\/"},{"@type":"ListItem","position":2,"name":"Shop","item":"https:\/\/www.softub.ch\/fr\/softub-suisse-shop\/"},{"@type":"ListItem","position":3,"name":"Pavillon Venice Cabana"}]},{"@type":"WebSite","@id":"https:\/\/www.softub.ch\/fr\/#website","url":"https:\/\/www.softub.ch\/fr\/","name":"Softub Schweiz","description":"Softub - Wir machen Ferien Zuhause","publisher":{"@id":"https:\/\/www.softub.ch\/fr\/#organization"},"potentialAction":[{"@type":"SearchAction","target":{"@type":"EntryPoint","urlTemplate":"https:\/\/www.softub.ch\/fr\/?s={search_term_string}"},"query-input":{"@type":"PropertyValueSpecification","valueRequired":true,"valueName":"search_term_string"}}],"inLanguage":"fr-FR"},{"@type":"Organization","@id":"https:\/\/www.softub.ch\/fr\/#organization","name":"Softub Schweiz AG","url":"https:\/\/www.softub.ch\/fr\/","logo":{"@type":"ImageObject","inLanguage":"fr-FR","@id":"https:\/\/www.softub.ch\/fr\/#\/schema\/logo\/image\/","url":"https:\/\/www.softub.ch\/wp-content\/uploads\/Softub-Logo-Softub-Schweiz-.png","contentUrl":"https:\/\/www.softub.ch\/wp-content\/uploads\/Softub-Logo-Softub-Schweiz-.png","width":200,"height":73,"caption":"Softub Schweiz AG"},"image":{"@id":"https:\/\/www.softub.ch\/fr\/#\/schema\/logo\/image\/"},"sameAs":["https:\/\/www.facebook.com\/softubschweiz","https:\/\/www.instagram.com\/softub_schweiz\/","https:\/\/ch.pinterest.com\/softub_schweiz\/","https:\/\/www.linkedin.com\/company\/softub-schweiz-ag\/"]}]}},"_links":{"self":[{"href":"https:\/\/www.softub.ch\/fr\/wp-json\/wp\/v2\/product\/50346","targetHints":{"allow":["GET"]}}],"collection":[{"href":"https:\/\/www.softub.ch\/fr\/wp-json\/wp\/v2\/product"}],"about":[{"href":"https:\/\/www.softub.ch\/fr\/wp-json\/wp\/v2\/types\/product"}],"wp:featuredmedia":[{"embeddable":true,"href":"https:\/\/www.softub.ch\/fr\/wp-json\/wp\/v2\/media\/50353"}],"wp:attachment":[{"href":"https:\/\/www.softub.ch\/fr\/wp-json\/wp\/v2\/media?parent=50346"}],"wp:term":[{"taxonomy":"product_brand","embeddable":true,"href":"https:\/\/www.softub.ch\/fr\/wp-json\/wp\/v2\/product_brand?post=50346"},{"taxonomy":"product_cat","embeddable":true,"href":"https:\/\/www.softub.ch\/fr\/wp-json\/wp\/v2\/product_cat?post=50346"},{"taxonomy":"product_tag","embeddable":true,"href":"https:\/\/www.softub.ch\/fr\/wp-json\/wp\/v2\/product_tag?post=50346"},{"taxonomy":"woo-feed-brand","embeddable":true,"href":"https:\/\/www.softub.ch\/fr\/wp-json\/wp\/v2\/woo-feed-brand?post=50346"}],"curies":[{"name":"wp","href":"https:\/\/api.w.org\/{rel}","templated":true}]}}