{"id":50607,"date":"2023-07-28T11:35:23","date_gmt":"2023-07-28T09:35:23","guid":{"rendered":"https:\/\/www.softub.ch\/?post_type=product&#038;p=50607"},"modified":"2023-11-15T13:16:21","modified_gmt":"2023-11-15T12:16:21","slug":"unosider-pavillon-timeless-bioclimatica","status":"publish","type":"product","link":"https:\/\/www.softub.ch\/fr\/produit\/unosider-pavillon-timeless-bioclimatica\/","title":{"rendered":"Pavillon Timeless Bioclimatica"},"content":{"rendered":"<div class=\"fusion-fullwidth fullwidth-box fusion-builder-row-1 fusion-flex-container has-pattern-background has-mask-background nonhundred-percent-fullwidth non-hundred-percent-height-scrolling\" style=\"--awb-border-radius-top-left:0px;--awb-border-radius-top-right:0px;--awb-border-radius-bottom-right:0px;--awb-border-radius-bottom-left:0px;--awb-flex-wrap:wrap;\" ><div class=\"fusion-builder-row fusion-row fusion-flex-align-items-flex-start fusion-flex-content-wrap\" style=\"max-width:1248px;margin-left: calc(-4% \/ 2 );margin-right: calc(-4% \/ 2 );\"><div class=\"fusion-layout-column fusion_builder_column fusion-builder-column-0 fusion_builder_column_3_4 3_4 fusion-flex-column\" style=\"--awb-bg-size:cover;--awb-width-large:75%;--awb-margin-top-large:0px;--awb-spacing-right-large:2.56%;--awb-margin-bottom-large:20px;--awb-spacing-left-large:2.56%;--awb-width-medium:100%;--awb-order-medium:0;--awb-spacing-right-medium:1.92%;--awb-spacing-left-medium:1.92%;--awb-width-small:100%;--awb-order-small:0;--awb-spacing-right-small:1.92%;--awb-spacing-left-small:1.92%;\"><div class=\"fusion-column-wrapper fusion-column-has-shadow fusion-flex-justify-content-flex-start fusion-content-layout-column\"><div class=\"fusion-text fusion-text-1\"><h1>Unosider Pavillon Timeless Bioclimatica<\/h1>\n<p>Der <strong>Unosider Pavillon Timeless Bioclimatica<\/strong>\u00a0verbindet Technik und Funktionalit\u00e4t einer Pergola. Mit verstellbaren Lamellen mit dem Prestige einer Schmiedeeisenstruktur. Dank der zahlreichen Schliessoptionen und verf\u00fcgbaren Zubeh\u00f6rteilen, schafft der Sonnenschutz funktionale und komfortable R\u00e4ume. Dieser <strong>Pavillon<\/strong> kann deshalb das ganze Jahr \u00fcber genutzt werden. Die Sorgfalt bei der <strong>Auswahl der Materialien<\/strong> und die Harmonie der Formen und Farben machen <strong>Timeless zur idealen Outdoor Location.<\/strong> Der raffinierte und anspruchsvolle Wohnraum im Freien.<\/p>\n<h3>Technische Informationen<\/h3>\n<ul>\n<li>Selbsttragende Struktur aus bearbeitetem Stahl mit Feuerverzinkung<\/li>\n<li>UV-best\u00e4ndige Epoxid-Pulverbeschichtung auf Polyesterharzbasis, erh\u00e4ltlich in 9 Standardfarben<\/li>\n<li>Kann auf Mass gefertigt werden, bis zu einer max. Gr\u00f6sse von 420 x 560 cm<\/li>\n<li>Verzierte S\u00e4ule mit variablem Querschnitt (Sockel 150 x 150 mm)<\/li>\n<li>Begrenzungsbalken mit einer H\u00f6he von 320 mm<\/li>\n<\/ul>\n<h3>Abdeckung<\/h3>\n<ul>\n<li>Aluminiumabdeckung, bestehend aus Lamellen, die in 3 Positionen verstellbar sind (geschlossen, 90\u00b0 und 135\u00b0), wasserdicht, feststehend, aus 40 mm dickem Sandwichpaneel, in neutraler Farbe oder lackiert wie die Struktur erh\u00e4ltlich<\/li>\n<li>Entw\u00e4sserung und Kanalisierung des Regenwassers durch umlaufende Rinnen und interne Kan\u00e4le in den Pfeilern<\/li>\n<li>Nicht vollst\u00e4ndig wasserdichte Abdeckung<\/li>\n<\/ul>\n<h3>Zubeh\u00f6r<\/h3>\n<ul>\n<li>Ausgleichsprofile f\u00fcr den Einbau von Schiebeverglasungen und Spaliere<\/li>\n<li>Seitenvorh\u00e4nge aus Acrylgewebe mit Rei\u00dfverschluss und Schiebestangen<\/li>\n<li>Vertikales Rollo, komplett mit manueller Winde und Seilen, aus Soltis Lounge 96 oder Raytent Shade aus recyceltem Acryl, auch motorisiert erh\u00e4ltlich<\/li>\n<li>Sichtschutzpaneele mit horizontalen Lamellen, umlaufendes Profil 40\u00d720 mm aus Edelstahl und Sprossen 30\u00d720 mm aus Aluminium, auch in Schiebeausf\u00fchrung erh\u00e4ltlich<\/li>\n<li>Ganzglassystem, Paravent, bestehend aus Schiebeglasscheiben, ohne vertikale Profile, mit Gewichtsentlastung an der unteren Schiene<\/li>\n<li>Dimmbare LED-Leiste, integriert in die Innenfl\u00e4che der Begrenzungsbalken<\/li>\n<\/ul>\n<div>\n<h3 class=\"\" data-fontsize=\"18\" data-lineheight=\"27px\">Montage Ihres neuen Pavillons<\/h3>\n<\/div>\n<div>\n<p>F\u00fcr die Installation Ihres neuen Pavillons m\u00fcssen Sie sich keine Gedanken machen! Wir stellen Ihnen gerne unser Hauseigen, fachm\u00e4nnisches Installationsteam f\u00fcr die Montage zur Verf\u00fcgung.<\/p>\n<\/div>\n<div>\n<h3 class=\"\" data-fontsize=\"18\" data-lineheight=\"27px\">Unosider \u2013 Pavillon, Pergola, Sonnenschutzsystem und Wetterschutzsystem<\/h3>\n<\/div>\n<div>\n<p><strong>25 Jahre Erfahrung<\/strong><span class=\"apple-converted-space\">\u00a0<\/span>im Bereich Beschattung und Sonnenschutz f\u00fcr Garten und Terrasse:<span class=\"apple-converted-space\">\u00a0<\/span><strong>Unosider<\/strong><span class=\"apple-converted-space\">\u00a0<\/span>aus Italien, hat im Laufe der Jahre vielseitig einsetzbare<span class=\"apple-converted-space\">\u00a0<\/span><strong>Outdoor Locations<\/strong><span class=\"apple-converted-space\">\u00a0<\/span>entwickelt. Mit Freude ist man st\u00e4ndig auf der Suche nach innovativen L\u00f6sungen und Formen f\u00fcr Pavillons und Pergolen.<\/p>\n<\/div>\n<div>\n<p><strong>Eigene Werkst\u00e4tten und betriebsinterne Produktion<\/strong>, sind der ganze Stolz von Unosider. Man legt grossen Wert auf die Wurzeln, die in der<span class=\"apple-converted-space\">\u00a0<\/span><strong>italienische Handwerkstradition<\/strong><span class=\"apple-converted-space\">\u00a0<\/span>liegen. Dies setzt sich mit<span class=\"apple-converted-space\">\u00a0<\/span><strong>hochwertiger Qualit\u00e4t, Flexibilit\u00e4t und massgefertigten L\u00f6sungen<\/strong><span class=\"apple-converted-space\">\u00a0<\/span>f\u00fcr Ihre Pergola und ihren Pavillon um.<\/p>\n<\/div>\n<div>\n<p>Ihr Traumgarten mit Dolce Vita von Softub Schweiz AG.<\/p>\n<\/div>\n<div>\n<h3 class=\"\" data-fontsize=\"18\" data-lineheight=\"27px\">Weiteres Zubeh\u00f6r f\u00fcr Ihr Zuhause<\/h3>\n<\/div>\n<div>\n<p>Wir haben ein reichhaltiges Zubeh\u00f6rsortiment f\u00fcr Sie zusammengestellt, so dass Sie sich die passenden Produkte in Ruhe in unserem Onlineshop ausw\u00e4hlen k\u00f6nnen.<\/p>\n<\/div>\n<div>\n<p>Wenn Sie sich dar\u00fcber hinaus Ihre ganz pers\u00f6nliche Wellness-Oase schaffen wollen, so schauen Sie sich doch einfach unsere Softub<span class=\"apple-converted-space\">\u00a0<\/span><a href=\"https:\/\/softub.ch\/shop\/softub-whirlpools\/\">Whirlpools<\/a><span class=\"apple-converted-space\">\u00a0<\/span>an der perfekt zur Ihrem<span class=\"apple-converted-space\">\u00a0<\/span><a href=\"https:\/\/www.meinschattenspender.ch\/\" target=\"_blank\" rel=\"noopener\">Unosider Pavillon<\/a><span class=\"apple-converted-space\">\u00a0<\/span>passen k\u00f6nnte.<\/p>\n<\/div>\n<div>\n<p>Wir beraten Sie gerne,<span class=\"apple-converted-space\">\u00a0<\/span><a href=\"tel:+41443969060\">telefonisch<\/a>, in einem unserer Showrooms oder bei Ihnen Zuhause.<\/p>\n<\/div>\n<\/div><\/div><\/div><\/div><\/div>\n","protected":false},"excerpt":{"rendered":"<p>Der <strong>Timeless Bioclimatica Pavillon<\/strong> verbindet Technik und Funktionalit\u00e4t einer Pergola. Mit verstellbaren Lamellen mit dem Prestige einer Schmiedeeisenstruktur. Dank der zahlreichen Schliessoptionen und verf\u00fcgbaren Zubeh\u00f6rteilen, schafft der Sonnenschutz funktionale und komfortable R\u00e4ume. Dieser <strong>Pavillon<\/strong> kann deshalb das ganze Jahr \u00fcber genutzt werden. Die Sorgfalt bei der <strong>Auswahl der Materialien<\/strong> und die Harmonie der Formen und Farben machen <strong>Timeless zur idealen Outdool Location.<\/strong> Der raffinierte und anspruchsvolle Wohnraum im Freien.<\/p>\n<p>Das Timeless Bioclimatica Pavillon Dekor wertet jede Architektur und jeden Raum auf und schafft eine <strong>elegante und prestigetr\u00e4chtige Atmosph\u00e4re.<\/strong><br \/>\nDie Wahl der Gr\u00f6sse und der Oberfl\u00e4chen erm\u00f6glicht es, eine einzigartige Balance zwischen \u00c4sthetik und Technik zu erreichen.<br \/>\nSomit k\u00f6nnen Sie den <strong>Pavillon<\/strong> perfekt an die Umgebung anpassen.<\/p>\n<p>Sich f\u00fcr das Timeless-Dekor<strong>*<\/strong>\u00a0zu entscheiden bedeutet, in ein langlebiges und <strong>zeitloses Design<\/strong> zu investieren, das den verg\u00e4nglichen Moden widersteht und seinen Charme im Laufe der Jahre bewahrt.<\/p>\n<p><small>* Die Struktur ist auch mit den klassischen Unosider-Dekoren erh\u00e4ltlich<\/small><\/p>\n<h4 class=\"\" data-fontsize=\"13\" data-lineheight=\"19.5px\"><em>Fast jeder Schattenspender kann auf Mass angefertigt werden.\u00a0<a href=\"https:\/\/www.meinschattenspender.ch\/atelier-massgeschneidert-pavillon\/\" target=\"_blank\" rel=\"noopener\"><strong>Diverse<\/strong>\u00a0<strong>Farben<\/strong><\/a>\u00a0f\u00fcr Gestell. Dach und Vorh\u00e4nge und Gr\u00f6ssen bis zu 100m2 passen perfekt zu jedem Haus.<\/em><em><strong><br \/>\n<\/strong><\/em><em><strong><a href=\"tel:+41443969060\">Rufen Sie uns an<\/a><\/strong>, vereinbaren Sie einen<strong><a href=\"https:\/\/softub.ch\/kontakt\/\">\u00a0Termin im Showroom Ihrer Wahl<\/a>,<\/strong>\u00a0klicken Sie hier auf die<strong><a href=\"https:\/\/www.unosider.com\/de\/produkte\/timeless-bioclimatica\/\" target=\"_blank\" rel=\"noopener\">\u00a0Website vom Hersteller<\/a>\u00a0<\/strong>f\u00fcr noch mehr online Informationen.<\/em><\/h4>\n","protected":false},"featured_media":50758,"template":"","meta":{"_acf_changed":false},"product_brand":[],"product_cat":[9576],"product_tag":[1224,7418,7405,7397,7398,7436,1342,7399,1234,7393,9760,9761,3283,7464,7409,7391,7462,7466,7449,7419,679,10178,3045,681,1349,7390,3289,7401,1320,7465,1329,7386,7392,7445,7389,1337],"woo-feed-brand":[],"class_list":{"0":"post-50607","1":"product","2":"type-product","3":"status-publish","4":"has-post-thumbnail","6":"product_cat-unosider-pavilion","7":"product_tag-elegant-en","8":"product_tag-eleganter-pavillon","9":"product_tag-hochwertiger-pavillon","10":"product_tag-italien","11":"product_tag-italienische-handwerkstradition","12":"product_tag-italienische-wandpergola","13":"product_tag-italian-pavillon","14":"product_tag-italienischer-sonnensegel","15":"product_tag-outdoor-en","16":"product_tag-outdoor-location","17":"product_tag-pavilion-from-italy","18":"product_tag-pavilion-for-garden","19":"product_tag-buy-pavilion","20":"product_tag-pavillon-timeless-bioclimatica","21":"product_tag-pavillon-von-unosider","22":"product_tag-pergola","23":"product_tag-resort-pavillon","24":"product_tag-schatten-fuer-den-garten","25":"product_tag-schlichte-pergola","26":"product_tag-schlichter-pavillon","27":"product_tag-softub-en","28":"product_tag-softub-schweiz-en","29":"product_tag-softub-schweiz-ag-en","30":"product_tag-softub-whirlpool-en","31":"product_tag-sun-protection-en","32":"product_tag-sonnenschutzsystem","33":"product_tag-sun-sail","34":"product_tag-sonnensegel-aus-italien","35":"product_tag-unosider-en","36":"product_tag-unosider-beschattungssystem","37":"product_tag-unosider-pavilion","38":"product_tag-unosider-sonnensegel","39":"product_tag-wandpergola","40":"product_tag-wandpergola-kaufen-schweiz","41":"product_tag-wetterschutzsystem","42":"product_tag-whirlpool-roofing","44":"first","45":"instock","46":"taxable","47":"shipping-taxable","48":"purchasable","49":"product-type-variable"},"acf":[],"yoast_head":"<!-- This site is optimized with the Yoast SEO Premium plugin v27.5 (Yoast SEO v27.5) - https:\/\/yoast.com\/product\/yoast-seo-premium-wordpress\/ -->\n<title>Unosider Pavillon Timeless Bioclimatica - SOFTUB Schweiz<\/title>\n<meta name=\"description\" content=\"Unosider Pavillon Timless Bioclimatica schafft eine elegante und prestigetr\u00e4chtige Atmosph\u00e4re in Ihrem Garten. W\u00e4hlen Sie zwischen verschiedenen Farben.\" \/>\n<meta name=\"robots\" content=\"index, follow, max-snippet:-1, max-image-preview:large, max-video-preview:-1\" \/>\n<link rel=\"canonical\" href=\"https:\/\/www.softub.ch\/produkt\/unosider-pavillon-timeless-bioclimatica\/\" \/>\n<meta property=\"og:locale\" content=\"fr_FR\" \/>\n<meta property=\"og:type\" content=\"article\" \/>\n<meta property=\"og:title\" content=\"Pavillon Timeless Bioclimatica\" \/>\n<meta property=\"og:description\" content=\"Unosider Pavillon Timless Bioclimatica schafft eine elegante und prestigetr\u00e4chtige Atmosph\u00e4re in Ihrem Garten. W\u00e4hlen Sie zwischen verschiedenen Farben.\" \/>\n<meta property=\"og:url\" content=\"https:\/\/www.softub.ch\/produkt\/unosider-pavillon-timeless-bioclimatica\/\" \/>\n<meta property=\"og:site_name\" content=\"Softub Schweiz\" \/>\n<meta property=\"article:publisher\" content=\"https:\/\/www.facebook.com\/softubschweiz\" \/>\n<meta property=\"article:modified_time\" content=\"2023-11-15T12:16:21+00:00\" \/>\n<meta property=\"og:image\" content=\"https:\/\/www.softub.ch\/wp-content\/uploads\/timeless-bioclimatica-unosider-architectures_002.jpg\" \/>\n\t<meta property=\"og:image:width\" content=\"1920\" \/>\n\t<meta property=\"og:image:height\" content=\"1279\" \/>\n\t<meta property=\"og:image:type\" content=\"image\/jpeg\" \/>\n<meta name=\"twitter:card\" content=\"summary_large_image\" \/>\n<meta name=\"twitter:label1\" content=\"Dur\u00e9e de lecture estim\u00e9e\" \/>\n\t<meta name=\"twitter:data1\" content=\"5 minutes\" \/>\n<script type=\"application\/ld+json\" class=\"yoast-schema-graph\">{\"@context\":\"https:\\\/\\\/schema.org\",\"@graph\":[{\"@type\":\"WebPage\",\"@id\":\"https:\\\/\\\/www.softub.ch\\\/produkt\\\/unosider-pavillon-timeless-bioclimatica\\\/\",\"url\":\"https:\\\/\\\/www.softub.ch\\\/produkt\\\/unosider-pavillon-timeless-bioclimatica\\\/\",\"name\":\"Unosider Pavillon Timeless Bioclimatica - SOFTUB Schweiz\",\"isPartOf\":{\"@id\":\"https:\\\/\\\/www.softub.ch\\\/fr\\\/#website\"},\"primaryImageOfPage\":{\"@id\":\"https:\\\/\\\/www.softub.ch\\\/produkt\\\/unosider-pavillon-timeless-bioclimatica\\\/#primaryimage\"},\"image\":{\"@id\":\"https:\\\/\\\/www.softub.ch\\\/produkt\\\/unosider-pavillon-timeless-bioclimatica\\\/#primaryimage\"},\"thumbnailUrl\":\"https:\\\/\\\/www.softub.ch\\\/wp-content\\\/uploads\\\/timeless-bioclimatica-unosider-architectures_002.jpg\",\"datePublished\":\"2023-07-28T09:35:23+00:00\",\"dateModified\":\"2023-11-15T12:16:21+00:00\",\"description\":\"Unosider Pavillon Timless Bioclimatica schafft eine elegante und prestigetr\u00e4chtige Atmosph\u00e4re in Ihrem Garten. W\u00e4hlen Sie zwischen verschiedenen Farben.\",\"breadcrumb\":{\"@id\":\"https:\\\/\\\/www.softub.ch\\\/produkt\\\/unosider-pavillon-timeless-bioclimatica\\\/#breadcrumb\"},\"inLanguage\":\"fr-FR\",\"potentialAction\":[{\"@type\":\"ReadAction\",\"target\":[\"https:\\\/\\\/www.softub.ch\\\/produkt\\\/unosider-pavillon-timeless-bioclimatica\\\/\"]}]},{\"@type\":\"ImageObject\",\"inLanguage\":\"fr-FR\",\"@id\":\"https:\\\/\\\/www.softub.ch\\\/produkt\\\/unosider-pavillon-timeless-bioclimatica\\\/#primaryimage\",\"url\":\"https:\\\/\\\/www.softub.ch\\\/wp-content\\\/uploads\\\/timeless-bioclimatica-unosider-architectures_002.jpg\",\"contentUrl\":\"https:\\\/\\\/www.softub.ch\\\/wp-content\\\/uploads\\\/timeless-bioclimatica-unosider-architectures_002.jpg\",\"width\":1920,\"height\":1279,\"caption\":\"Unosider Pavillon Timeless Bioclimatica mit zusammengebundenen Vorh\u00e4ngen und grauem Dach vor einer grossen Villa in einem Garten.\"},{\"@type\":\"BreadcrumbList\",\"@id\":\"https:\\\/\\\/www.softub.ch\\\/produkt\\\/unosider-pavillon-timeless-bioclimatica\\\/#breadcrumb\",\"itemListElement\":[{\"@type\":\"ListItem\",\"position\":1,\"name\":\"Startseite\",\"item\":\"https:\\\/\\\/www.softub.ch\\\/fr\\\/\"},{\"@type\":\"ListItem\",\"position\":2,\"name\":\"Shop\",\"item\":\"https:\\\/\\\/www.softub.ch\\\/fr\\\/softub-suisse-shop\\\/\"},{\"@type\":\"ListItem\",\"position\":3,\"name\":\"Pavillon Timeless Bioclimatica\"}]},{\"@type\":\"WebSite\",\"@id\":\"https:\\\/\\\/www.softub.ch\\\/fr\\\/#website\",\"url\":\"https:\\\/\\\/www.softub.ch\\\/fr\\\/\",\"name\":\"Softub Schweiz\",\"description\":\"Softub - Wir machen Ferien Zuhause\",\"publisher\":{\"@id\":\"https:\\\/\\\/www.softub.ch\\\/fr\\\/#organization\"},\"potentialAction\":[{\"@type\":\"SearchAction\",\"target\":{\"@type\":\"EntryPoint\",\"urlTemplate\":\"https:\\\/\\\/www.softub.ch\\\/fr\\\/?s={search_term_string}\"},\"query-input\":{\"@type\":\"PropertyValueSpecification\",\"valueRequired\":true,\"valueName\":\"search_term_string\"}}],\"inLanguage\":\"fr-FR\"},{\"@type\":\"Organization\",\"@id\":\"https:\\\/\\\/www.softub.ch\\\/fr\\\/#organization\",\"name\":\"Softub Schweiz AG\",\"url\":\"https:\\\/\\\/www.softub.ch\\\/fr\\\/\",\"logo\":{\"@type\":\"ImageObject\",\"inLanguage\":\"fr-FR\",\"@id\":\"https:\\\/\\\/www.softub.ch\\\/fr\\\/#\\\/schema\\\/logo\\\/image\\\/\",\"url\":\"https:\\\/\\\/www.softub.ch\\\/wp-content\\\/uploads\\\/Softub-Logo-Softub-Schweiz-.png\",\"contentUrl\":\"https:\\\/\\\/www.softub.ch\\\/wp-content\\\/uploads\\\/Softub-Logo-Softub-Schweiz-.png\",\"width\":200,\"height\":73,\"caption\":\"Softub Schweiz AG\"},\"image\":{\"@id\":\"https:\\\/\\\/www.softub.ch\\\/fr\\\/#\\\/schema\\\/logo\\\/image\\\/\"},\"sameAs\":[\"https:\\\/\\\/www.facebook.com\\\/softubschweiz\",\"https:\\\/\\\/www.instagram.com\\\/softub_schweiz\\\/\",\"https:\\\/\\\/ch.pinterest.com\\\/softub_schweiz\\\/\",\"https:\\\/\\\/www.linkedin.com\\\/company\\\/softub-schweiz-ag\\\/\"]}]}<\/script>\n<!-- \/ Yoast SEO Premium plugin. -->","yoast_head_json":{"title":"Unosider Pavillon Timeless Bioclimatica - SOFTUB Schweiz","description":"Unosider Pavillon Timless Bioclimatica schafft eine elegante und prestigetr\u00e4chtige Atmosph\u00e4re in Ihrem Garten. W\u00e4hlen Sie zwischen verschiedenen Farben.","robots":{"index":"index","follow":"follow","max-snippet":"max-snippet:-1","max-image-preview":"max-image-preview:large","max-video-preview":"max-video-preview:-1"},"canonical":"https:\/\/www.softub.ch\/produkt\/unosider-pavillon-timeless-bioclimatica\/","og_locale":"fr_FR","og_type":"article","og_title":"Pavillon Timeless Bioclimatica","og_description":"Unosider Pavillon Timless Bioclimatica schafft eine elegante und prestigetr\u00e4chtige Atmosph\u00e4re in Ihrem Garten. W\u00e4hlen Sie zwischen verschiedenen Farben.","og_url":"https:\/\/www.softub.ch\/produkt\/unosider-pavillon-timeless-bioclimatica\/","og_site_name":"Softub Schweiz","article_publisher":"https:\/\/www.facebook.com\/softubschweiz","article_modified_time":"2023-11-15T12:16:21+00:00","og_image":[{"width":1920,"height":1279,"url":"https:\/\/www.softub.ch\/wp-content\/uploads\/timeless-bioclimatica-unosider-architectures_002.jpg","type":"image\/jpeg"}],"twitter_card":"summary_large_image","twitter_misc":{"Dur\u00e9e de lecture estim\u00e9e":"5 minutes"},"schema":{"@context":"https:\/\/schema.org","@graph":[{"@type":"WebPage","@id":"https:\/\/www.softub.ch\/produkt\/unosider-pavillon-timeless-bioclimatica\/","url":"https:\/\/www.softub.ch\/produkt\/unosider-pavillon-timeless-bioclimatica\/","name":"Unosider Pavillon Timeless Bioclimatica - SOFTUB Schweiz","isPartOf":{"@id":"https:\/\/www.softub.ch\/fr\/#website"},"primaryImageOfPage":{"@id":"https:\/\/www.softub.ch\/produkt\/unosider-pavillon-timeless-bioclimatica\/#primaryimage"},"image":{"@id":"https:\/\/www.softub.ch\/produkt\/unosider-pavillon-timeless-bioclimatica\/#primaryimage"},"thumbnailUrl":"https:\/\/www.softub.ch\/wp-content\/uploads\/timeless-bioclimatica-unosider-architectures_002.jpg","datePublished":"2023-07-28T09:35:23+00:00","dateModified":"2023-11-15T12:16:21+00:00","description":"Unosider Pavillon Timless Bioclimatica schafft eine elegante und prestigetr\u00e4chtige Atmosph\u00e4re in Ihrem Garten. W\u00e4hlen Sie zwischen verschiedenen Farben.","breadcrumb":{"@id":"https:\/\/www.softub.ch\/produkt\/unosider-pavillon-timeless-bioclimatica\/#breadcrumb"},"inLanguage":"fr-FR","potentialAction":[{"@type":"ReadAction","target":["https:\/\/www.softub.ch\/produkt\/unosider-pavillon-timeless-bioclimatica\/"]}]},{"@type":"ImageObject","inLanguage":"fr-FR","@id":"https:\/\/www.softub.ch\/produkt\/unosider-pavillon-timeless-bioclimatica\/#primaryimage","url":"https:\/\/www.softub.ch\/wp-content\/uploads\/timeless-bioclimatica-unosider-architectures_002.jpg","contentUrl":"https:\/\/www.softub.ch\/wp-content\/uploads\/timeless-bioclimatica-unosider-architectures_002.jpg","width":1920,"height":1279,"caption":"Unosider Pavillon Timeless Bioclimatica mit zusammengebundenen Vorh\u00e4ngen und grauem Dach vor einer grossen Villa in einem Garten."},{"@type":"BreadcrumbList","@id":"https:\/\/www.softub.ch\/produkt\/unosider-pavillon-timeless-bioclimatica\/#breadcrumb","itemListElement":[{"@type":"ListItem","position":1,"name":"Startseite","item":"https:\/\/www.softub.ch\/fr\/"},{"@type":"ListItem","position":2,"name":"Shop","item":"https:\/\/www.softub.ch\/fr\/softub-suisse-shop\/"},{"@type":"ListItem","position":3,"name":"Pavillon Timeless Bioclimatica"}]},{"@type":"WebSite","@id":"https:\/\/www.softub.ch\/fr\/#website","url":"https:\/\/www.softub.ch\/fr\/","name":"Softub Schweiz","description":"Softub - Wir machen Ferien Zuhause","publisher":{"@id":"https:\/\/www.softub.ch\/fr\/#organization"},"potentialAction":[{"@type":"SearchAction","target":{"@type":"EntryPoint","urlTemplate":"https:\/\/www.softub.ch\/fr\/?s={search_term_string}"},"query-input":{"@type":"PropertyValueSpecification","valueRequired":true,"valueName":"search_term_string"}}],"inLanguage":"fr-FR"},{"@type":"Organization","@id":"https:\/\/www.softub.ch\/fr\/#organization","name":"Softub Schweiz AG","url":"https:\/\/www.softub.ch\/fr\/","logo":{"@type":"ImageObject","inLanguage":"fr-FR","@id":"https:\/\/www.softub.ch\/fr\/#\/schema\/logo\/image\/","url":"https:\/\/www.softub.ch\/wp-content\/uploads\/Softub-Logo-Softub-Schweiz-.png","contentUrl":"https:\/\/www.softub.ch\/wp-content\/uploads\/Softub-Logo-Softub-Schweiz-.png","width":200,"height":73,"caption":"Softub Schweiz AG"},"image":{"@id":"https:\/\/www.softub.ch\/fr\/#\/schema\/logo\/image\/"},"sameAs":["https:\/\/www.facebook.com\/softubschweiz","https:\/\/www.instagram.com\/softub_schweiz\/","https:\/\/ch.pinterest.com\/softub_schweiz\/","https:\/\/www.linkedin.com\/company\/softub-schweiz-ag\/"]}]}},"_links":{"self":[{"href":"https:\/\/www.softub.ch\/fr\/wp-json\/wp\/v2\/product\/50607","targetHints":{"allow":["GET"]}}],"collection":[{"href":"https:\/\/www.softub.ch\/fr\/wp-json\/wp\/v2\/product"}],"about":[{"href":"https:\/\/www.softub.ch\/fr\/wp-json\/wp\/v2\/types\/product"}],"wp:featuredmedia":[{"embeddable":true,"href":"https:\/\/www.softub.ch\/fr\/wp-json\/wp\/v2\/media\/50758"}],"wp:attachment":[{"href":"https:\/\/www.softub.ch\/fr\/wp-json\/wp\/v2\/media?parent=50607"}],"wp:term":[{"taxonomy":"product_brand","embeddable":true,"href":"https:\/\/www.softub.ch\/fr\/wp-json\/wp\/v2\/product_brand?post=50607"},{"taxonomy":"product_cat","embeddable":true,"href":"https:\/\/www.softub.ch\/fr\/wp-json\/wp\/v2\/product_cat?post=50607"},{"taxonomy":"product_tag","embeddable":true,"href":"https:\/\/www.softub.ch\/fr\/wp-json\/wp\/v2\/product_tag?post=50607"},{"taxonomy":"woo-feed-brand","embeddable":true,"href":"https:\/\/www.softub.ch\/fr\/wp-json\/wp\/v2\/woo-feed-brand?post=50607"}],"curies":[{"name":"wp","href":"https:\/\/api.w.org\/{rel}","templated":true}]}}