{"id":50628,"date":"2023-07-29T14:28:31","date_gmt":"2023-07-29T12:28:31","guid":{"rendered":"https:\/\/www.softub.ch\/?post_type=product&#038;p=50628"},"modified":"2024-04-20T13:48:55","modified_gmt":"2024-04-20T11:48:55","slug":"unosider-pavillon-novecento-sechseckig","status":"publish","type":"product","link":"https:\/\/www.softub.ch\/fr\/produit\/unosider-pavillon-novecento-sechseckig\/","title":{"rendered":"Pavillon Novecento Sechseckig"},"content":{"rendered":"<div class=\"fusion-fullwidth fullwidth-box fusion-builder-row-1 fusion-flex-container has-pattern-background has-mask-background nonhundred-percent-fullwidth non-hundred-percent-height-scrolling\" style=\"--awb-border-radius-top-left:0px;--awb-border-radius-top-right:0px;--awb-border-radius-bottom-right:0px;--awb-border-radius-bottom-left:0px;--awb-flex-wrap:wrap;\" ><div class=\"fusion-builder-row fusion-row fusion-flex-align-items-flex-start fusion-flex-content-wrap\" style=\"max-width:1248px;margin-left: calc(-4% \/ 2 );margin-right: calc(-4% \/ 2 );\"><div class=\"fusion-layout-column fusion_builder_column fusion-builder-column-0 fusion_builder_column_3_4 3_4 fusion-flex-column\" style=\"--awb-bg-size:cover;--awb-width-large:75%;--awb-margin-top-large:0px;--awb-spacing-right-large:2.56%;--awb-margin-bottom-large:20px;--awb-spacing-left-large:2.56%;--awb-width-medium:100%;--awb-order-medium:0;--awb-spacing-right-medium:1.92%;--awb-spacing-left-medium:1.92%;--awb-width-small:100%;--awb-order-small:0;--awb-spacing-right-small:1.92%;--awb-spacing-left-small:1.92%;\"><div class=\"fusion-column-wrapper fusion-column-has-shadow fusion-flex-justify-content-flex-start fusion-content-layout-column\"><div class=\"fusion-text fusion-text-1\"><h1>Unosider Pavillon Novecento Sechseckig<\/h1>\n<p>Der Unosider Pavillon Novecento Sechseckig ist Eleganz in Form und Stil, die Erinnerungen an vergangene Zeiten widerspiegelt. Den Liebhabern von Raffinesse und Perfektion gewidmet in jedem Detail.<\/p>\n<h3>Tragende Konstruktion:<\/h3>\n<ul>\n<li>Querschnitt St\u00e4nder \u00d8 60 mm<\/li>\n<li>Balkenquerschnitt 180 x 30 mm, St\u00e4rke 2 mm<\/li>\n<li>Schr\u00e4gschnitt a T 30 x 30 x 2 mm<\/li>\n<li>Stahlprofile, feuerverzinkt<\/li>\n<li>Epoxidharz-Pulverbeschichtung auf Polyesterbasis, UV-best\u00e4ndig<\/li>\n<li>Kann bi zu einem maximalen Durchmesser von 400 cm gefertigt werden<\/li>\n<\/ul>\n<h3>Markisentuch:<\/h3>\n<ul>\n<li>Feste, wasserdichte PVC-Abdeckplatte<\/li>\n<li>Erh\u00e4ltlich in weiss oder champagner<\/li>\n<li>Komplett mit Blende und mit sichtbaren B\u00e4ndern befestigt<\/li>\n<\/ul>\n<h3>Erg\u00e4nzendes Zubeh\u00f6r:<\/h3>\n<ul>\n<li>Kabelbinder-Abdeckprofil<\/li>\n<li>Seitenvorh\u00e4nge mit Reissverschl\u00fcssen, erh\u00e4ltlich in Acryl- oder PVC Gewebe und Kufen<\/li>\n<li>Vorrichtung f\u00fcr die Montage eines zentralen Kronleuchters<\/li>\n<\/ul>\n<h3 class=\"fusion-responsive-typography-calculated\" data-fontsize=\"18\" data-lineheight=\"27px\">Familie Novecento:<\/h3>\n<ul>\n<li><a href=\"https:\/\/softub.ch\/produkt\/der-unosider-pavillon-novecento\/\" target=\"_blank\" rel=\"noopener\">Pavillon Novecento<\/a><\/li>\n<li><a href=\"https:\/\/softub.ch\/produkt\/unosider-pavillon-novecento-rain\/\" target=\"_blank\" rel=\"noopener\">Pavillon Novecento Rain<\/a><\/li>\n<li><a href=\"https:\/\/softub.ch\/produkt\/unosider-wandpergola-novecento\/\" target=\"_blank\" rel=\"noopener\">Pergola Novecento<\/a><\/li>\n<li><a href=\"https:\/\/softub.ch\/produkt\/unosider-wandpergola-novecento-rain\/\" target=\"_blank\" rel=\"noopener\">Pergola Novecento Rain<\/a><\/li>\n<li>Novecento Hexagon<\/li>\n<li>Novecento Hexagon Rain<\/li>\n<li><a href=\"https:\/\/softub.ch\/produkt\/unosider-freistehende-pergola-novecento-gallery\/\" target=\"_blank\" rel=\"noopener\">Freistehende Pergola Novecento Gallery<\/a><\/li>\n<\/ul>\n<div>\n<h3 class=\"fusion-responsive-typography-calculated\" data-fontsize=\"18\" data-lineheight=\"27px\">Montage Ihres neuen Pavillons<\/h3>\n<\/div>\n<div>\n<p>F\u00fcr die Installation Ihres neuen Pavillons m\u00fcssen Sie sich keine Gedanken machen! Wir stellen Ihnen gerne unser Hauseigen, fachm\u00e4nnisches Installationsteam f\u00fcr die Montage zur Verf\u00fcgung.<\/p>\n<\/div>\n<div>\n<h3 class=\"fusion-responsive-typography-calculated\" data-fontsize=\"18\" data-lineheight=\"27px\">Unosider \u2013 Pavillon, Pergola, Sonnenschutzsystem und Wetterschutzsystem<\/h3>\n<\/div>\n<div>\n<p><strong>25 Jahre Erfahrung<\/strong><span class=\"apple-converted-space\">\u00a0<\/span>im Bereich Beschattung und Sonnenschutz f\u00fcr Garten und Terrasse:<span class=\"apple-converted-space\">\u00a0<\/span><strong>Unosider<\/strong><span class=\"apple-converted-space\">\u00a0<\/span>aus Italien, hat im Laufe der Jahre vielseitig einsetzbare<span class=\"apple-converted-space\">\u00a0<\/span><strong>Outdoor Locations<\/strong><span class=\"apple-converted-space\">\u00a0<\/span>entwickelt. Mit Freude ist man st\u00e4ndig auf der Suche nach innovativen L\u00f6sungen und Formen f\u00fcr Pavillons und Pergolen.<\/p>\n<\/div>\n<div>\n<p><strong>Eigene Werkst\u00e4tten und betriebsinterne Produktion<\/strong>, sind der ganze Stolz von Unosider. Man legt grossen Wert auf die Wurzeln, die in der<span class=\"apple-converted-space\">\u00a0<\/span><strong>italienische Handwerkstradition<\/strong><span class=\"apple-converted-space\">\u00a0<\/span>liegen. Dies setzt sich mit<span class=\"apple-converted-space\">\u00a0<\/span><strong>hochwertiger Qualit\u00e4t, Flexibilit\u00e4t und massgefertigten L\u00f6sungen<\/strong><span class=\"apple-converted-space\">\u00a0<\/span>f\u00fcr Ihre Pergola und ihren Pavillon um.<\/p>\n<\/div>\n<div>\n<p>Ihr Traumgarten mit Dolce Vita von Softub Schweiz AG.<\/p>\n<\/div>\n<div>\n<h3 class=\"fusion-responsive-typography-calculated\" data-fontsize=\"18\" data-lineheight=\"27px\">Weiteres Zubeh\u00f6r f\u00fcr Ihr Zuhause<\/h3>\n<\/div>\n<div>\n<p>Wir haben ein reichhaltiges Zubeh\u00f6rsortiment f\u00fcr Sie zusammengestellt, so dass Sie sich die passenden Produkte in Ruhe in unserem Onlineshop ausw\u00e4hlen k\u00f6nnen.<\/p>\n<\/div>\n<div>\n<p>Wenn Sie sich dar\u00fcber hinaus Ihre ganz pers\u00f6nliche Wellness-Oase schaffen wollen, so schauen Sie sich doch einfach unsere Softub<span class=\"apple-converted-space\">\u00a0<\/span><a href=\"https:\/\/softub.ch\/shop\/softub-whirlpools\/\">Whirlpools<\/a><span class=\"apple-converted-space\">\u00a0<\/span>an der perfekt zur Ihrem<span class=\"apple-converted-space\">\u00a0<\/span><a href=\"https:\/\/www.meinschattenspender.ch\/\" target=\"_blank\" rel=\"noopener\">Unosider Pavillon<\/a><span class=\"apple-converted-space\">\u00a0<\/span>passen k\u00f6nnte.<\/p>\n<\/div>\n<div>\n<p>Wir beraten Sie gerne,<span class=\"apple-converted-space\">\u00a0<\/span><a href=\"tel:+41443969060\">telefonisch<\/a>, in einem unserer Showrooms oder bei Ihnen Zuhause.<\/p>\n<\/div>\n<\/div><\/div><\/div><\/div><\/div>\n","protected":false},"excerpt":{"rendered":"<p>Der Pavillon Novecento Hexagon &#8211; Eleganz in Form und Stil, die Erinnerungen an vergangene Zeiten widerspiegelt. Den Liebhabern von Raffinesse und Perfektion gewidmet in jedem Detail.<\/p>\n<p>Der sechseckige Pavillon Novecento Hexagon ist in dem Garten eine Zierde. Eine bezaubernde sechseckige Struktur, die einen zeitlos romantischen R\u00fcckzugsort im Freien schafft.<\/p>\n<p>Beschattung wird auch diesen Sommer wieder gross geschrieben.<\/p>\n<h4 class=\"fusion-responsive-typography-calculated\" data-fontsize=\"13\" data-lineheight=\"19.5px\"><em>Fast jeder Schattenspender kann auf Mass angefertigt werden.\u00a0<a href=\"https:\/\/www.meinschattenspender.ch\/atelier-massgeschneidert-pavillon\/\" target=\"_blank\" rel=\"noopener\"><strong>Diverse<\/strong>\u00a0<strong>Farben<\/strong><\/a>\u00a0f\u00fcr Gestell. Dach und Vorh\u00e4nge und Gr\u00f6ssen bis zu 100m2 passen perfekt zu jedem Haus.<\/em><em><strong><br \/>\n<\/strong><\/em><em><strong><a href=\"tel:+41443969060\">Rufen Sie uns an<\/a><\/strong>, vereinbaren Sie einen<strong><a href=\"https:\/\/softub.ch\/kontakt\/\">\u00a0Termin im Showroom Ihrer Wahl<\/a>,<\/strong>\u00a0klicken Sie hier auf die<strong><a href=\"https:\/\/www.unosider.com\/de\/produkte\/novecento-hexagon\/\" target=\"_blank\" rel=\"noopener\">\u00a0Website vom Hersteller<\/a>\u00a0<\/strong>f\u00fcr noch mehr online Informationen.<\/em><\/h4>\n[fusion_button link=\"https:\/\/softub.ch\/wp-content\/uploads\/unosider_hexagon_novecento_gazebo_technical_sheet.pdf\" title=\"\" target=\"_self\" link_attributes=\"\" alignment_medium=\"\" alignment_small=\"\" alignment=\"\" modal=\"\" hide_on_mobile=\"small-visibility,medium-visibility,large-visibility\" sticky_display=\"normal,sticky\" class=\"\" id=\"\" color=\"default\" button_gradient_top_color_hover=\"\" hue=\"\" saturation=\"\" lightness=\"\" alpha=\"\" button_gradient_top_color=\"\" button_gradient_bottom_color_hover=\"\" button_gradient_bottom_color=\"\" gradient_start_position=\"\" gradient_end_position=\"\" gradient_type=\"\" radial_direction=\"\" linear_angle=\"180\" accent_hover_color=\"\" accent_color=\"\" type=\"\" bevel_color=\"\" bevel_color_hover=\"\" border_top=\"\" border_right=\"\" border_bottom=\"\" border_left=\"\" border_radius_top_left=\"\" border_radius_top_right=\"\" border_radius_bottom_right=\"\" border_radius_bottom_left=\"\" border_hover_color=\"\" border_color=\"\" size=\"\" padding_top=\"\" padding_right=\"\" padding_bottom=\"\" padding_left=\"\" fusion_font_family_button_font=\"\" fusion_font_variant_button_font=\"\" font_size=\"\" line_height=\"\" letter_spacing=\"\" text_transform=\"\" stretch=\"default\" margin_top=\"\" margin_right=\"\" margin_bottom=\"\" margin_left=\"\" icon=\"\" icon_position=\"left\" icon_divider=\"no\" hover_transition=\"none\" animation_type=\"\" animation_direction=\"left\" animation_color=\"\" animation_speed=\"0.3\" animation_delay=\"0\" animation_offset=\"\"]PDF Datenblatt[\/fusion_button]\n","protected":false},"featured_media":26890,"template":"","meta":{"_acf_changed":false},"product_brand":[],"product_cat":[7382],"product_tag":[7467,7468,831,7418,7405,7397,7398,7436,1195,7399,7475,802,7393,140,2751,1180,7471,7477,7473,7409,7391,7449,7419,7476,567,1179,3040,569,142,7390,948,7401,139,1163,7472,7474,7386,7392,7445,7389,1188,548],"woo-feed-brand":[],"class_list":{"0":"post-50628","1":"product","2":"type-product","3":"status-publish","4":"has-post-thumbnail","6":"product_cat-unosider-pavillon","7":"product_tag-designer-pavillon","8":"product_tag-designer-pergola","9":"product_tag-elegant","10":"product_tag-eleganter-pavillon","11":"product_tag-hochwertiger-pavillon","12":"product_tag-italien","13":"product_tag-italienische-handwerkstradition","14":"product_tag-italienische-wandpergola","15":"product_tag-italienischer-pavillon","16":"product_tag-italienischer-sonnensegel","17":"product_tag-novecento-sechseckig","18":"product_tag-outdoor","19":"product_tag-outdoor-location","20":"product_tag-pavillon","21":"product_tag-pavillon-aus-italien","22":"product_tag-pavillon-kaufen","23":"product_tag-pavillon-novecento","24":"product_tag-pavillon-novecento-sechseckig","25":"product_tag-pavillon-unosider-novcento","26":"product_tag-pavillon-von-unosider","27":"product_tag-pergola","28":"product_tag-schlichte-pergola","29":"product_tag-schlichter-pavillon","30":"product_tag-sechseckiger-pavillon","31":"product_tag-softub","32":"product_tag-softub-schweiz","33":"product_tag-softub-schweiz-ag","34":"product_tag-softub-whirlpool","35":"product_tag-sonnenschutz","36":"product_tag-sonnenschutzsystem","37":"product_tag-sonnensegel","38":"product_tag-sonnensegel-aus-italien","39":"product_tag-unosider","40":"product_tag-unosider-pavillon","41":"product_tag-unosider-pavillon-novecento","42":"product_tag-unosider-pavillon-novecento-sechseckig","43":"product_tag-unosider-sonnensegel","44":"product_tag-wandpergola","45":"product_tag-wandpergola-kaufen-schweiz","46":"product_tag-wetterschutzsystem","47":"product_tag-whirlpool-ueberdachung","48":"product_tag-whirlpools","50":"first","51":"instock","52":"taxable","53":"shipping-taxable","54":"purchasable","55":"product-type-variable"},"acf":[],"yoast_head":"<!-- This site is optimized with the Yoast SEO Premium plugin v27.3 (Yoast SEO v27.3) - https:\/\/yoast.com\/product\/yoast-seo-premium-wordpress\/ -->\n<title>Unosider Pavillon Novecento Sechseckig<\/title>\n<meta name=\"description\" content=\"Der Unosider Pavillon Novecento Sechseckig ist Eleganz und Stil in Einem verpackt und wiederspiegelt vergangene Zeiten in Ihrem Garten.\" \/>\n<meta name=\"robots\" content=\"index, follow, max-snippet:-1, max-image-preview:large, max-video-preview:-1\" \/>\n<link rel=\"canonical\" href=\"https:\/\/www.softub.ch\/produkt\/unosider-pavillon-novecento-sechseckig\/\" \/>\n<meta property=\"og:locale\" content=\"fr_FR\" \/>\n<meta property=\"og:type\" content=\"article\" \/>\n<meta property=\"og:title\" content=\"Pavillon Novecento Sechseckig\" \/>\n<meta property=\"og:description\" content=\"Der Unosider Pavillon Novecento Sechseckig ist Eleganz und Stil in Einem verpackt und wiederspiegelt vergangene Zeiten in Ihrem Garten.\" \/>\n<meta property=\"og:url\" content=\"https:\/\/www.softub.ch\/produkt\/unosider-pavillon-novecento-sechseckig\/\" \/>\n<meta property=\"og:site_name\" content=\"Softub Schweiz\" \/>\n<meta property=\"article:publisher\" content=\"https:\/\/www.facebook.com\/softubschweiz\" \/>\n<meta property=\"article:modified_time\" content=\"2024-04-20T11:48:55+00:00\" \/>\n<meta property=\"og:image\" content=\"https:\/\/www.softub.ch\/wp-content\/uploads\/Unosider-Pavillon-Novocento-Esagono-Softub-Schweiz-0-.jpg\" \/>\n\t<meta property=\"og:image:width\" content=\"1200\" \/>\n\t<meta property=\"og:image:height\" content=\"798\" \/>\n\t<meta property=\"og:image:type\" content=\"image\/jpeg\" \/>\n<meta name=\"twitter:card\" content=\"summary_large_image\" \/>\n<meta name=\"twitter:label1\" content=\"Dur\u00e9e de lecture estim\u00e9e\" \/>\n\t<meta name=\"twitter:data1\" content=\"3 minutes\" \/>\n<script type=\"application\/ld+json\" class=\"yoast-schema-graph\">{\"@context\":\"https:\\\/\\\/schema.org\",\"@graph\":[{\"@type\":\"WebPage\",\"@id\":\"https:\\\/\\\/www.softub.ch\\\/produkt\\\/unosider-pavillon-novecento-sechseckig\\\/\",\"url\":\"https:\\\/\\\/www.softub.ch\\\/produkt\\\/unosider-pavillon-novecento-sechseckig\\\/\",\"name\":\"Unosider Pavillon Novecento Sechseckig\",\"isPartOf\":{\"@id\":\"https:\\\/\\\/www.softub.ch\\\/fr\\\/#website\"},\"primaryImageOfPage\":{\"@id\":\"https:\\\/\\\/www.softub.ch\\\/produkt\\\/unosider-pavillon-novecento-sechseckig\\\/#primaryimage\"},\"image\":{\"@id\":\"https:\\\/\\\/www.softub.ch\\\/produkt\\\/unosider-pavillon-novecento-sechseckig\\\/#primaryimage\"},\"thumbnailUrl\":\"https:\\\/\\\/www.softub.ch\\\/wp-content\\\/uploads\\\/Unosider-Pavillon-Novocento-Esagono-Softub-Schweiz-0-.jpg\",\"datePublished\":\"2023-07-29T12:28:31+00:00\",\"dateModified\":\"2024-04-20T11:48:55+00:00\",\"description\":\"Der Unosider Pavillon Novecento Sechseckig ist Eleganz und Stil in Einem verpackt und wiederspiegelt vergangene Zeiten in Ihrem Garten.\",\"breadcrumb\":{\"@id\":\"https:\\\/\\\/www.softub.ch\\\/produkt\\\/unosider-pavillon-novecento-sechseckig\\\/#breadcrumb\"},\"inLanguage\":\"fr-FR\",\"potentialAction\":[{\"@type\":\"ReadAction\",\"target\":[\"https:\\\/\\\/www.softub.ch\\\/produkt\\\/unosider-pavillon-novecento-sechseckig\\\/\"]}]},{\"@type\":\"ImageObject\",\"inLanguage\":\"fr-FR\",\"@id\":\"https:\\\/\\\/www.softub.ch\\\/produkt\\\/unosider-pavillon-novecento-sechseckig\\\/#primaryimage\",\"url\":\"https:\\\/\\\/www.softub.ch\\\/wp-content\\\/uploads\\\/Unosider-Pavillon-Novocento-Esagono-Softub-Schweiz-0-.jpg\",\"contentUrl\":\"https:\\\/\\\/www.softub.ch\\\/wp-content\\\/uploads\\\/Unosider-Pavillon-Novocento-Esagono-Softub-Schweiz-0-.jpg\",\"width\":1200,\"height\":798,\"caption\":\"Der Unosider Pavillon Novecento Esagono steht neben einem Pool in einem prachtvollen Garten mit grossen B\u00e4umen und B\u00fcschen. Der pavillon hat ein weisses spitz Dach und darunter stehen St\u00fchle und ein Tisch aus Stahl in italienischem style.\"},{\"@type\":\"BreadcrumbList\",\"@id\":\"https:\\\/\\\/www.softub.ch\\\/produkt\\\/unosider-pavillon-novecento-sechseckig\\\/#breadcrumb\",\"itemListElement\":[{\"@type\":\"ListItem\",\"position\":1,\"name\":\"Startseite\",\"item\":\"https:\\\/\\\/www.softub.ch\\\/fr\\\/\"},{\"@type\":\"ListItem\",\"position\":2,\"name\":\"Shop\",\"item\":\"https:\\\/\\\/www.softub.ch\\\/fr\\\/softub-suisse-shop\\\/\"},{\"@type\":\"ListItem\",\"position\":3,\"name\":\"Pavillon Novecento Sechseckig\"}]},{\"@type\":\"WebSite\",\"@id\":\"https:\\\/\\\/www.softub.ch\\\/fr\\\/#website\",\"url\":\"https:\\\/\\\/www.softub.ch\\\/fr\\\/\",\"name\":\"Softub Schweiz\",\"description\":\"Softub - Wir machen Ferien Zuhause\",\"publisher\":{\"@id\":\"https:\\\/\\\/www.softub.ch\\\/fr\\\/#organization\"},\"potentialAction\":[{\"@type\":\"SearchAction\",\"target\":{\"@type\":\"EntryPoint\",\"urlTemplate\":\"https:\\\/\\\/www.softub.ch\\\/fr\\\/?s={search_term_string}\"},\"query-input\":{\"@type\":\"PropertyValueSpecification\",\"valueRequired\":true,\"valueName\":\"search_term_string\"}}],\"inLanguage\":\"fr-FR\"},{\"@type\":\"Organization\",\"@id\":\"https:\\\/\\\/www.softub.ch\\\/fr\\\/#organization\",\"name\":\"Softub Schweiz AG\",\"url\":\"https:\\\/\\\/www.softub.ch\\\/fr\\\/\",\"logo\":{\"@type\":\"ImageObject\",\"inLanguage\":\"fr-FR\",\"@id\":\"https:\\\/\\\/www.softub.ch\\\/fr\\\/#\\\/schema\\\/logo\\\/image\\\/\",\"url\":\"https:\\\/\\\/www.softub.ch\\\/wp-content\\\/uploads\\\/Softub-Logo-Softub-Schweiz-.png\",\"contentUrl\":\"https:\\\/\\\/www.softub.ch\\\/wp-content\\\/uploads\\\/Softub-Logo-Softub-Schweiz-.png\",\"width\":200,\"height\":73,\"caption\":\"Softub Schweiz AG\"},\"image\":{\"@id\":\"https:\\\/\\\/www.softub.ch\\\/fr\\\/#\\\/schema\\\/logo\\\/image\\\/\"},\"sameAs\":[\"https:\\\/\\\/www.facebook.com\\\/softubschweiz\",\"https:\\\/\\\/www.instagram.com\\\/softub_schweiz\\\/\",\"https:\\\/\\\/ch.pinterest.com\\\/softub_schweiz\\\/\",\"https:\\\/\\\/www.linkedin.com\\\/company\\\/softub-schweiz-ag\\\/\"]}]}<\/script>\n<!-- \/ Yoast SEO Premium plugin. -->","yoast_head_json":{"title":"Unosider Pavillon Novecento Sechseckig","description":"Der Unosider Pavillon Novecento Sechseckig ist Eleganz und Stil in Einem verpackt und wiederspiegelt vergangene Zeiten in Ihrem Garten.","robots":{"index":"index","follow":"follow","max-snippet":"max-snippet:-1","max-image-preview":"max-image-preview:large","max-video-preview":"max-video-preview:-1"},"canonical":"https:\/\/www.softub.ch\/produkt\/unosider-pavillon-novecento-sechseckig\/","og_locale":"fr_FR","og_type":"article","og_title":"Pavillon Novecento Sechseckig","og_description":"Der Unosider Pavillon Novecento Sechseckig ist Eleganz und Stil in Einem verpackt und wiederspiegelt vergangene Zeiten in Ihrem Garten.","og_url":"https:\/\/www.softub.ch\/produkt\/unosider-pavillon-novecento-sechseckig\/","og_site_name":"Softub Schweiz","article_publisher":"https:\/\/www.facebook.com\/softubschweiz","article_modified_time":"2024-04-20T11:48:55+00:00","og_image":[{"width":1200,"height":798,"url":"https:\/\/www.softub.ch\/wp-content\/uploads\/Unosider-Pavillon-Novocento-Esagono-Softub-Schweiz-0-.jpg","type":"image\/jpeg"}],"twitter_card":"summary_large_image","twitter_misc":{"Dur\u00e9e de lecture estim\u00e9e":"3 minutes"},"schema":{"@context":"https:\/\/schema.org","@graph":[{"@type":"WebPage","@id":"https:\/\/www.softub.ch\/produkt\/unosider-pavillon-novecento-sechseckig\/","url":"https:\/\/www.softub.ch\/produkt\/unosider-pavillon-novecento-sechseckig\/","name":"Unosider Pavillon Novecento Sechseckig","isPartOf":{"@id":"https:\/\/www.softub.ch\/fr\/#website"},"primaryImageOfPage":{"@id":"https:\/\/www.softub.ch\/produkt\/unosider-pavillon-novecento-sechseckig\/#primaryimage"},"image":{"@id":"https:\/\/www.softub.ch\/produkt\/unosider-pavillon-novecento-sechseckig\/#primaryimage"},"thumbnailUrl":"https:\/\/www.softub.ch\/wp-content\/uploads\/Unosider-Pavillon-Novocento-Esagono-Softub-Schweiz-0-.jpg","datePublished":"2023-07-29T12:28:31+00:00","dateModified":"2024-04-20T11:48:55+00:00","description":"Der Unosider Pavillon Novecento Sechseckig ist Eleganz und Stil in Einem verpackt und wiederspiegelt vergangene Zeiten in Ihrem Garten.","breadcrumb":{"@id":"https:\/\/www.softub.ch\/produkt\/unosider-pavillon-novecento-sechseckig\/#breadcrumb"},"inLanguage":"fr-FR","potentialAction":[{"@type":"ReadAction","target":["https:\/\/www.softub.ch\/produkt\/unosider-pavillon-novecento-sechseckig\/"]}]},{"@type":"ImageObject","inLanguage":"fr-FR","@id":"https:\/\/www.softub.ch\/produkt\/unosider-pavillon-novecento-sechseckig\/#primaryimage","url":"https:\/\/www.softub.ch\/wp-content\/uploads\/Unosider-Pavillon-Novocento-Esagono-Softub-Schweiz-0-.jpg","contentUrl":"https:\/\/www.softub.ch\/wp-content\/uploads\/Unosider-Pavillon-Novocento-Esagono-Softub-Schweiz-0-.jpg","width":1200,"height":798,"caption":"Der Unosider Pavillon Novecento Esagono steht neben einem Pool in einem prachtvollen Garten mit grossen B\u00e4umen und B\u00fcschen. Der pavillon hat ein weisses spitz Dach und darunter stehen St\u00fchle und ein Tisch aus Stahl in italienischem style."},{"@type":"BreadcrumbList","@id":"https:\/\/www.softub.ch\/produkt\/unosider-pavillon-novecento-sechseckig\/#breadcrumb","itemListElement":[{"@type":"ListItem","position":1,"name":"Startseite","item":"https:\/\/www.softub.ch\/fr\/"},{"@type":"ListItem","position":2,"name":"Shop","item":"https:\/\/www.softub.ch\/fr\/softub-suisse-shop\/"},{"@type":"ListItem","position":3,"name":"Pavillon Novecento Sechseckig"}]},{"@type":"WebSite","@id":"https:\/\/www.softub.ch\/fr\/#website","url":"https:\/\/www.softub.ch\/fr\/","name":"Softub Schweiz","description":"Softub - Wir machen Ferien Zuhause","publisher":{"@id":"https:\/\/www.softub.ch\/fr\/#organization"},"potentialAction":[{"@type":"SearchAction","target":{"@type":"EntryPoint","urlTemplate":"https:\/\/www.softub.ch\/fr\/?s={search_term_string}"},"query-input":{"@type":"PropertyValueSpecification","valueRequired":true,"valueName":"search_term_string"}}],"inLanguage":"fr-FR"},{"@type":"Organization","@id":"https:\/\/www.softub.ch\/fr\/#organization","name":"Softub Schweiz AG","url":"https:\/\/www.softub.ch\/fr\/","logo":{"@type":"ImageObject","inLanguage":"fr-FR","@id":"https:\/\/www.softub.ch\/fr\/#\/schema\/logo\/image\/","url":"https:\/\/www.softub.ch\/wp-content\/uploads\/Softub-Logo-Softub-Schweiz-.png","contentUrl":"https:\/\/www.softub.ch\/wp-content\/uploads\/Softub-Logo-Softub-Schweiz-.png","width":200,"height":73,"caption":"Softub Schweiz AG"},"image":{"@id":"https:\/\/www.softub.ch\/fr\/#\/schema\/logo\/image\/"},"sameAs":["https:\/\/www.facebook.com\/softubschweiz","https:\/\/www.instagram.com\/softub_schweiz\/","https:\/\/ch.pinterest.com\/softub_schweiz\/","https:\/\/www.linkedin.com\/company\/softub-schweiz-ag\/"]}]}},"_links":{"self":[{"href":"https:\/\/www.softub.ch\/fr\/wp-json\/wp\/v2\/product\/50628","targetHints":{"allow":["GET"]}}],"collection":[{"href":"https:\/\/www.softub.ch\/fr\/wp-json\/wp\/v2\/product"}],"about":[{"href":"https:\/\/www.softub.ch\/fr\/wp-json\/wp\/v2\/types\/product"}],"wp:featuredmedia":[{"embeddable":true,"href":"https:\/\/www.softub.ch\/fr\/wp-json\/wp\/v2\/media\/26890"}],"wp:attachment":[{"href":"https:\/\/www.softub.ch\/fr\/wp-json\/wp\/v2\/media?parent=50628"}],"wp:term":[{"taxonomy":"product_brand","embeddable":true,"href":"https:\/\/www.softub.ch\/fr\/wp-json\/wp\/v2\/product_brand?post=50628"},{"taxonomy":"product_cat","embeddable":true,"href":"https:\/\/www.softub.ch\/fr\/wp-json\/wp\/v2\/product_cat?post=50628"},{"taxonomy":"product_tag","embeddable":true,"href":"https:\/\/www.softub.ch\/fr\/wp-json\/wp\/v2\/product_tag?post=50628"},{"taxonomy":"woo-feed-brand","embeddable":true,"href":"https:\/\/www.softub.ch\/fr\/wp-json\/wp\/v2\/woo-feed-brand?post=50628"}],"curies":[{"name":"wp","href":"https:\/\/api.w.org\/{rel}","templated":true}]}}