{"id":50630,"date":"2023-07-29T15:27:11","date_gmt":"2023-07-29T13:27:11","guid":{"rendered":"https:\/\/www.softub.ch\/?post_type=product&#038;p=50630"},"modified":"2023-11-15T14:33:59","modified_gmt":"2023-11-15T13:33:59","slug":"unosider-wandpergola-ottoemezzo","status":"publish","type":"product","link":"https:\/\/www.softub.ch\/fr\/produit\/unosider-wandpergola-ottoemezzo\/","title":{"rendered":"Wandpergola Ottomezzo"},"content":{"rendered":"<div class=\"fusion-fullwidth fullwidth-box fusion-builder-row-1 fusion-flex-container has-pattern-background has-mask-background nonhundred-percent-fullwidth non-hundred-percent-height-scrolling\" style=\"--awb-border-radius-top-left:0px;--awb-border-radius-top-right:0px;--awb-border-radius-bottom-right:0px;--awb-border-radius-bottom-left:0px;--awb-flex-wrap:wrap;\" ><div class=\"fusion-builder-row fusion-row fusion-flex-align-items-flex-start fusion-flex-content-wrap\" style=\"max-width:1248px;margin-left: calc(-4% \/ 2 );margin-right: calc(-4% \/ 2 );\"><div class=\"fusion-layout-column fusion_builder_column fusion-builder-column-0 fusion_builder_column_3_4 3_4 fusion-flex-column\" style=\"--awb-bg-size:cover;--awb-width-large:75%;--awb-margin-top-large:0px;--awb-spacing-right-large:2.56%;--awb-margin-bottom-large:20px;--awb-spacing-left-large:2.56%;--awb-width-medium:100%;--awb-order-medium:0;--awb-spacing-right-medium:1.92%;--awb-spacing-left-medium:1.92%;--awb-width-small:100%;--awb-order-small:0;--awb-spacing-right-small:1.92%;--awb-spacing-left-small:1.92%;\"><div class=\"fusion-column-wrapper fusion-column-has-shadow fusion-flex-justify-content-flex-start fusion-content-layout-column\"><div class=\"fusion-text fusion-text-1\"><div>\n<h1 data-fontsize=\"18\" data-lineheight=\"27px\">Unosider Wandpergola Ottoemezzo<\/h1>\n<p>Die <strong>Unosider Wandpergola Ottoemezzo<\/strong>\u00a0\u00fcberzeugt durch ihre sauberen, n\u00fcchternen Linien ohne zus\u00e4tzliches Dekor und die sehr robuste tragende Konstruktion mit St\u00e4ndern in den Massen 60\u00d760 mm.<\/p>\n<h3>Tragende Konstruktion:<\/h3>\n<div class=\"woocommerce-tabs wc-tabs-wrapper\">\n<div id=\"tab-description\" class=\"woocommerce-Tabs-panel woocommerce-Tabs-panel--description panel entry-content wc-tab\" role=\"tabpanel\" aria-labelledby=\"tab-title-description\">\n<ul>\n<li>Feuerverzinkte, bearbeitete Stahlkonstruktion<\/li>\n<li>UV-best\u00e4ndige Epoxid-Pulverbeschichtung auf Polyesterharzbasis<\/li>\n<li>Erh\u00e4ltlich in 9 Standardfarben<\/li>\n<li>Kundenspezifische Module bis zu einer Gr\u00f6sse von 4 x 4 Meter k\u00f6nnen realisiert werden<\/li>\n<li>S\u00e4ulenquerschnitt 60 x 60 mm<\/li>\n<li>Balkenquerschnitt 90 x 55 mm<\/li>\n<li>Schr\u00e4gschnitt 30 x 30 x 2 mm<\/li>\n<\/ul>\n<h3>Markisentuch:<\/h3>\n<ul>\n<li>Wasserdichtes PVC<\/li>\n<li>Champagner oder weiss<\/li>\n<li>Ableitung und Kanalisierung des Regenwassers durch die Dachneigung, die vordere Dachrinne und die Rinnen im Inneren der Pfeiler<\/li>\n<\/ul>\n<h3>Erg\u00e4nzendes Zubeh\u00f6r:<\/h3>\n<ul>\n<li>Blechabdeckungen, die wie die Struktur lackiert sind, um das Eindringen von Wasser zwischen der Pergola und der Wand zu verhindern<\/li>\n<li>Dekorierte Seitentr\u00e4ger, auch mit PVC-Innenauskleidung erh\u00e4ltlich<\/li>\n<li>Seitenvorh\u00e4nge mit Reissverschl\u00fcssen, erh\u00e4ltlich in Acryl- oder PVC-Gewebe und Kufen<\/li>\n<li>Zierrahmen, der auf dem vorderen Balken anzubringen ist<\/li>\n<li>Vorrichtung f\u00fcr die Montage eines zentralen Kronleuchters<\/li>\n<\/ul>\n<p><strong>Standardmasse:<\/strong>\u00a0ab 3\u00d72,5 Meter bis 4\u00d74 Meter + Verl\u00e4ngerung<br \/>\n<strong>Massanfertigung m\u00f6glich<\/strong><\/p>\n<h3 class=\"fusion-responsive-typography-calculated\" data-fontsize=\"18\" data-lineheight=\"27px\">Die Ottoemezzo Familie<\/h3>\n<ul>\n<li><a href=\"https:\/\/softub.ch\/produkt\/unosider-pavillon-ottoemezzo\/\" target=\"_blank\" rel=\"noopener\">Pavillon Ottoemezzo normal und MAXI<\/a><\/li>\n<li>Pergola Ottoemezzo<\/li>\n<\/ul>\n<\/div>\n<\/div>\n<h3 class=\"\" data-fontsize=\"18\" data-lineheight=\"27px\">Montage Ihrer neuen Pergola<\/h3>\n<\/div>\n<div>\n<p>F\u00fcr die Installation Ihrer neuen Pergola m\u00fcssen Sie sich keine Gedanken machen!\u00a0Wir stellen Ihnen gerne unser hauseigenes, fachm\u00e4nnisches Installationsteam f\u00fcr die Montage zur Verf\u00fcgung.<\/p>\n<\/div>\n<div>\n<h3 class=\"\" data-fontsize=\"18\" data-lineheight=\"27px\">Unosider \u2013 Pavillon, Pergola, Sonnenschutzsystem und Wetterschutzsystem<\/h3>\n<\/div>\n<div>\n<p><strong>25 Jahre Erfahrung<\/strong>\u00a0im Bereich Beschattung und Sonnenschutz f\u00fcr Garten und Terrasse:\u00a0<strong>Unosider<\/strong>\u00a0aus Italien, hat im Laufe der Jahre vielseitig einsetzbare\u00a0<strong>Outdoor Locations<\/strong>\u00a0entwickelt.\u00a0Mit Freude ist man st\u00e4ndig auf der Suche nach innovativen L\u00f6sungen und Formen f\u00fcr Pavillons und Pergolen.<span class=\"apple-converted-space\">\u00a0<\/span><span class=\"apple-converted-space\">\u00a0<\/span><span class=\"apple-converted-space\">\u00a0<\/span><span class=\"apple-converted-space\">\u00a0<\/span><span class=\"apple-converted-space\">\u00a0<\/span><\/p>\n<\/div>\n<div>\n<p><strong>Eigene Werkst\u00e4tten und betriebsinterne Produktion<\/strong> , sind der ganze Stolz von Unosider. Man legt grossen Wert auf die Wurzeln, die in der <strong>italienischen Handwerkstradition<\/strong>\u00a0liegen.\u00a0Dies setzt sich mit\u00a0<strong>hochwertiger Qualit\u00e4t, Flexibilit\u00e4t und massengefertigten L\u00f6sungen<\/strong>\u00a0f\u00fcr Ihre Pergola und ihren Pavillon um.<span class=\"apple-converted-space\">\u00a0<\/span><span class=\"apple-converted-space\">\u00a0<\/span><span class=\"apple-converted-space\">\u00a0<\/span><span class=\"apple-converted-space\">\u00a0<\/span><\/p>\n<\/div>\n<div>\n<p>Ihr Traumgarten mit Dolce Vita von Softub Schweiz AG.<\/p>\n<\/div>\n<div>\n<h3 class=\"\" data-fontsize=\"18\" data-lineheight=\"27px\">Weiteres Zubeh\u00f6r f\u00fcr Ihr Zuhause<\/h3>\n<\/div>\n<div>\n<p>Wir haben ein umfangreiches Zubeh\u00f6rsortiment f\u00fcr Sie zusammengestellt, damit Sie sich die passenden Produkte in Ruhe in unserem Onlineshop ausw\u00e4hlen k\u00f6nnen.<\/p>\n<\/div>\n<div>\n<p>Wenn Sie sich dar\u00fcber hinaus Ihre ganz pers\u00f6nliche Wellness-Oase schaffen wollen, schauen Sie sich doch einfach unsere Softub\u00a0<a href=\"https:\/\/softub.ch\/shop\/softub-whirlpools\/\">Whirlpools<\/a>\u00a0an, die perfekt zu Ihrem\u00a0<a href=\"https:\/\/www.meinschattenspender.ch\/\" target=\"_blank\" rel=\"noopener\">Unosider Pavillon<\/a>\u00a0passen k\u00f6nnten.<span class=\"apple-converted-space\">\u00a0<\/span><span class=\"apple-converted-space\">\u00a0<\/span><span class=\"apple-converted-space\">\u00a0<\/span><span class=\"apple-converted-space\">\u00a0<\/span><\/p>\n<\/div>\n<div>\n<p>Wir beraten Sie gerne,\u00a0<a href=\"tel:+41443969060\">telefonisch<\/a>\u00a0, in einem unserer Showrooms oder bei Ihnen Zuhause.<span class=\"apple-converted-space\">\u00a0<\/span><\/p>\n<\/div>\n<\/div><\/div><\/div><\/div><\/div>\n","protected":false},"excerpt":{"rendered":"<p>Die<strong> Ottoemezzo Pergola<\/strong> \u00fcberzeugt durch ihre sauberen, n\u00fcchternen Linien ohne zus\u00e4tzliches Dekor und die sehr robuste tragende Konstruktion mit St\u00e4ndern in den Massen 60\u00d760 mm.<\/p>\n<p>Dank seiner Eigenschaften ein unaufdringliches, vielseitig einsetzbares \u00dcberdachungssystem, das sich auch f\u00fcr Stadtwohnungen anbietet, bei denen architektonische Unauff\u00e4lligkeit gew\u00fcnscht wird.<\/p>\n<p>Besonders ist auf den Fronttr\u00e4ger hinzuweisen, der dank der speziellen Markisenbefestigung als Regenrinne fungiert.<\/p>\n<h4 class=\"fusion-responsive-typography-calculated\" data-fontsize=\"13\" data-lineheight=\"19.5px\"><em>Fast jeder Schattenspender kann auf Mass angefertigt werden.\u00a0<a href=\"https:\/\/www.meinschattenspender.ch\/atelier-massgeschneidert-pavillon\/\" target=\"_blank\" rel=\"noopener\"><strong>Diverse<\/strong>\u00a0<strong>Farben<\/strong><\/a>\u00a0f\u00fcr Gestell. Dach und Vorh\u00e4nge und Gr\u00f6ssen bis zu 100m2 passen perfekt zu jedem Haus.<\/em><em><strong><br \/>\n<\/strong><\/em><em><strong><a href=\"tel:+41443969060\">Rufen Sie uns an<\/a><\/strong>, vereinbaren Sie einen<strong><a href=\"https:\/\/softub.ch\/kontakt\/\">\u00a0Termin im Showroom Ihrer Wahl<\/a>,<\/strong>\u00a0klicken Sie hier auf die<strong><a href=\"https:\/\/www.unosider.com\/de\/produkte\/ottoemezzo-pergola\/#caratteristiche\" target=\"_blank\" rel=\"noopener\">\u00a0Website vom Hersteller<\/a>\u00a0<\/strong>f\u00fcr noch mehr online Informationen.<\/em><\/h4>\n<p><strong>Das Plus PVC Flexlight Lodge Dach ist im Preis inbegriffen.<\/strong><\/p>\n","protected":false},"featured_media":50851,"template":"","meta":{"_acf_changed":false},"product_brand":[],"product_cat":[7383],"product_tag":[831,7418,7405,7397,7398,7436,1195,7399,802,7393,140,2751,2748,1180,7409,7391,7481,7449,567,1179,3040,569,142,7390,948,7401,139,1163,7386,7482,7392,7445,7480,7389,1188,548],"woo-feed-brand":[],"class_list":{"0":"post-50630","1":"product","2":"type-product","3":"status-publish","4":"has-post-thumbnail","6":"product_cat-unosider-pergola-und-wandpergola","7":"product_tag-elegant","8":"product_tag-eleganter-pavillon","9":"product_tag-hochwertiger-pavillon","10":"product_tag-italien","11":"product_tag-italienische-handwerkstradition","12":"product_tag-italienische-wandpergola","13":"product_tag-italienischer-pavillon","14":"product_tag-italienischer-sonnensegel","15":"product_tag-outdoor","16":"product_tag-outdoor-location","17":"product_tag-pavillon","18":"product_tag-pavillon-aus-italien","19":"product_tag-pavillon-fuer-garten","20":"product_tag-pavillon-kaufen","21":"product_tag-pavillon-von-unosider","22":"product_tag-pergola","23":"product_tag-pergola-ottoemezzo","24":"product_tag-schlichte-pergola","25":"product_tag-softub","26":"product_tag-softub-schweiz","27":"product_tag-softub-schweiz-ag","28":"product_tag-softub-whirlpool","29":"product_tag-sonnenschutz","30":"product_tag-sonnenschutzsystem","31":"product_tag-sonnensegel","32":"product_tag-sonnensegel-aus-italien","33":"product_tag-unosider","34":"product_tag-unosider-pavillon","35":"product_tag-unosider-sonnensegel","36":"product_tag-unosider-wandpergola-ottoemezzo","37":"product_tag-wandpergola","38":"product_tag-wandpergola-kaufen-schweiz","39":"product_tag-wandpergola-ottoemezzo","40":"product_tag-wetterschutzsystem","41":"product_tag-whirlpool-ueberdachung","42":"product_tag-whirlpools","44":"first","45":"instock","46":"taxable","47":"shipping-taxable","48":"purchasable","49":"product-type-variable"},"acf":[],"yoast_head":"<!-- This site is optimized with the Yoast SEO Premium plugin v27.3 (Yoast SEO v27.3) - https:\/\/yoast.com\/product\/yoast-seo-premium-wordpress\/ -->\n<title>Unosider Wandpergola Ottoemezzo - SOFTUB Schweiz<\/title>\n<meta name=\"description\" content=\"Die Unosider Wandpergola Ottoemezzo \u00fcberzeugt durch ihre sauberen, n\u00fcchternen Linien ohne zus\u00e4tzliches Dekor und die sehr robuste tragende Konstruktion.\" \/>\n<meta name=\"robots\" content=\"index, follow, max-snippet:-1, max-image-preview:large, max-video-preview:-1\" \/>\n<link rel=\"canonical\" href=\"https:\/\/www.softub.ch\/produkt\/unosider-wandpergola-ottoemezzo\/\" \/>\n<meta property=\"og:locale\" content=\"fr_FR\" \/>\n<meta property=\"og:type\" content=\"article\" \/>\n<meta property=\"og:title\" content=\"Wandpergola Ottomezzo\" \/>\n<meta property=\"og:description\" content=\"Die Unosider Wandpergola Ottoemezzo \u00fcberzeugt durch ihre sauberen, n\u00fcchternen Linien ohne zus\u00e4tzliches Dekor und die sehr robuste tragende Konstruktion.\" \/>\n<meta property=\"og:url\" content=\"https:\/\/www.softub.ch\/produkt\/unosider-wandpergola-ottoemezzo\/\" \/>\n<meta property=\"og:site_name\" content=\"Softub Schweiz\" \/>\n<meta property=\"article:publisher\" content=\"https:\/\/www.facebook.com\/softubschweiz\" \/>\n<meta property=\"article:modified_time\" content=\"2023-11-15T13:33:59+00:00\" \/>\n<meta property=\"og:image\" content=\"https:\/\/www.softub.ch\/wp-content\/uploads\/unosider-architetture-per-esterni-classic-ottoemezzo-pergola-img-6273-1.jpg\" \/>\n\t<meta property=\"og:image:width\" content=\"1920\" \/>\n\t<meta property=\"og:image:height\" content=\"1280\" \/>\n\t<meta property=\"og:image:type\" content=\"image\/jpeg\" \/>\n<meta name=\"twitter:card\" content=\"summary_large_image\" \/>\n<meta name=\"twitter:label1\" content=\"Dur\u00e9e de lecture estim\u00e9e\" \/>\n\t<meta name=\"twitter:data1\" content=\"4 minutes\" \/>\n<script type=\"application\/ld+json\" class=\"yoast-schema-graph\">{\"@context\":\"https:\\\/\\\/schema.org\",\"@graph\":[{\"@type\":\"WebPage\",\"@id\":\"https:\\\/\\\/www.softub.ch\\\/produkt\\\/unosider-wandpergola-ottoemezzo\\\/\",\"url\":\"https:\\\/\\\/www.softub.ch\\\/produkt\\\/unosider-wandpergola-ottoemezzo\\\/\",\"name\":\"Unosider Wandpergola Ottoemezzo - SOFTUB Schweiz\",\"isPartOf\":{\"@id\":\"https:\\\/\\\/www.softub.ch\\\/fr\\\/#website\"},\"primaryImageOfPage\":{\"@id\":\"https:\\\/\\\/www.softub.ch\\\/produkt\\\/unosider-wandpergola-ottoemezzo\\\/#primaryimage\"},\"image\":{\"@id\":\"https:\\\/\\\/www.softub.ch\\\/produkt\\\/unosider-wandpergola-ottoemezzo\\\/#primaryimage\"},\"thumbnailUrl\":\"https:\\\/\\\/www.softub.ch\\\/wp-content\\\/uploads\\\/unosider-architetture-per-esterni-classic-ottoemezzo-pergola-img-6273-1.jpg\",\"datePublished\":\"2023-07-29T13:27:11+00:00\",\"dateModified\":\"2023-11-15T13:33:59+00:00\",\"description\":\"Die Unosider Wandpergola Ottoemezzo \u00fcberzeugt durch ihre sauberen, n\u00fcchternen Linien ohne zus\u00e4tzliches Dekor und die sehr robuste tragende Konstruktion.\",\"breadcrumb\":{\"@id\":\"https:\\\/\\\/www.softub.ch\\\/produkt\\\/unosider-wandpergola-ottoemezzo\\\/#breadcrumb\"},\"inLanguage\":\"fr-FR\",\"potentialAction\":[{\"@type\":\"ReadAction\",\"target\":[\"https:\\\/\\\/www.softub.ch\\\/produkt\\\/unosider-wandpergola-ottoemezzo\\\/\"]}]},{\"@type\":\"ImageObject\",\"inLanguage\":\"fr-FR\",\"@id\":\"https:\\\/\\\/www.softub.ch\\\/produkt\\\/unosider-wandpergola-ottoemezzo\\\/#primaryimage\",\"url\":\"https:\\\/\\\/www.softub.ch\\\/wp-content\\\/uploads\\\/unosider-architetture-per-esterni-classic-ottoemezzo-pergola-img-6273-1.jpg\",\"contentUrl\":\"https:\\\/\\\/www.softub.ch\\\/wp-content\\\/uploads\\\/unosider-architetture-per-esterni-classic-ottoemezzo-pergola-img-6273-1.jpg\",\"width\":1920,\"height\":1280,\"caption\":\"Wandpergola von Unosider mit orangenem Dach an einer Steinmauer angebracht\"},{\"@type\":\"BreadcrumbList\",\"@id\":\"https:\\\/\\\/www.softub.ch\\\/produkt\\\/unosider-wandpergola-ottoemezzo\\\/#breadcrumb\",\"itemListElement\":[{\"@type\":\"ListItem\",\"position\":1,\"name\":\"Startseite\",\"item\":\"https:\\\/\\\/www.softub.ch\\\/fr\\\/\"},{\"@type\":\"ListItem\",\"position\":2,\"name\":\"Shop\",\"item\":\"https:\\\/\\\/www.softub.ch\\\/fr\\\/softub-suisse-shop\\\/\"},{\"@type\":\"ListItem\",\"position\":3,\"name\":\"Wandpergola Ottomezzo\"}]},{\"@type\":\"WebSite\",\"@id\":\"https:\\\/\\\/www.softub.ch\\\/fr\\\/#website\",\"url\":\"https:\\\/\\\/www.softub.ch\\\/fr\\\/\",\"name\":\"Softub Schweiz\",\"description\":\"Softub - Wir machen Ferien Zuhause\",\"publisher\":{\"@id\":\"https:\\\/\\\/www.softub.ch\\\/fr\\\/#organization\"},\"potentialAction\":[{\"@type\":\"SearchAction\",\"target\":{\"@type\":\"EntryPoint\",\"urlTemplate\":\"https:\\\/\\\/www.softub.ch\\\/fr\\\/?s={search_term_string}\"},\"query-input\":{\"@type\":\"PropertyValueSpecification\",\"valueRequired\":true,\"valueName\":\"search_term_string\"}}],\"inLanguage\":\"fr-FR\"},{\"@type\":\"Organization\",\"@id\":\"https:\\\/\\\/www.softub.ch\\\/fr\\\/#organization\",\"name\":\"Softub Schweiz AG\",\"url\":\"https:\\\/\\\/www.softub.ch\\\/fr\\\/\",\"logo\":{\"@type\":\"ImageObject\",\"inLanguage\":\"fr-FR\",\"@id\":\"https:\\\/\\\/www.softub.ch\\\/fr\\\/#\\\/schema\\\/logo\\\/image\\\/\",\"url\":\"https:\\\/\\\/www.softub.ch\\\/wp-content\\\/uploads\\\/Softub-Logo-Softub-Schweiz-.png\",\"contentUrl\":\"https:\\\/\\\/www.softub.ch\\\/wp-content\\\/uploads\\\/Softub-Logo-Softub-Schweiz-.png\",\"width\":200,\"height\":73,\"caption\":\"Softub Schweiz AG\"},\"image\":{\"@id\":\"https:\\\/\\\/www.softub.ch\\\/fr\\\/#\\\/schema\\\/logo\\\/image\\\/\"},\"sameAs\":[\"https:\\\/\\\/www.facebook.com\\\/softubschweiz\",\"https:\\\/\\\/www.instagram.com\\\/softub_schweiz\\\/\",\"https:\\\/\\\/ch.pinterest.com\\\/softub_schweiz\\\/\",\"https:\\\/\\\/www.linkedin.com\\\/company\\\/softub-schweiz-ag\\\/\"]}]}<\/script>\n<!-- \/ Yoast SEO Premium plugin. -->","yoast_head_json":{"title":"Unosider Wandpergola Ottoemezzo - SOFTUB Schweiz","description":"Die Unosider Wandpergola Ottoemezzo \u00fcberzeugt durch ihre sauberen, n\u00fcchternen Linien ohne zus\u00e4tzliches Dekor und die sehr robuste tragende Konstruktion.","robots":{"index":"index","follow":"follow","max-snippet":"max-snippet:-1","max-image-preview":"max-image-preview:large","max-video-preview":"max-video-preview:-1"},"canonical":"https:\/\/www.softub.ch\/produkt\/unosider-wandpergola-ottoemezzo\/","og_locale":"fr_FR","og_type":"article","og_title":"Wandpergola Ottomezzo","og_description":"Die Unosider Wandpergola Ottoemezzo \u00fcberzeugt durch ihre sauberen, n\u00fcchternen Linien ohne zus\u00e4tzliches Dekor und die sehr robuste tragende Konstruktion.","og_url":"https:\/\/www.softub.ch\/produkt\/unosider-wandpergola-ottoemezzo\/","og_site_name":"Softub Schweiz","article_publisher":"https:\/\/www.facebook.com\/softubschweiz","article_modified_time":"2023-11-15T13:33:59+00:00","og_image":[{"width":1920,"height":1280,"url":"https:\/\/www.softub.ch\/wp-content\/uploads\/unosider-architetture-per-esterni-classic-ottoemezzo-pergola-img-6273-1.jpg","type":"image\/jpeg"}],"twitter_card":"summary_large_image","twitter_misc":{"Dur\u00e9e de lecture estim\u00e9e":"4 minutes"},"schema":{"@context":"https:\/\/schema.org","@graph":[{"@type":"WebPage","@id":"https:\/\/www.softub.ch\/produkt\/unosider-wandpergola-ottoemezzo\/","url":"https:\/\/www.softub.ch\/produkt\/unosider-wandpergola-ottoemezzo\/","name":"Unosider Wandpergola Ottoemezzo - SOFTUB Schweiz","isPartOf":{"@id":"https:\/\/www.softub.ch\/fr\/#website"},"primaryImageOfPage":{"@id":"https:\/\/www.softub.ch\/produkt\/unosider-wandpergola-ottoemezzo\/#primaryimage"},"image":{"@id":"https:\/\/www.softub.ch\/produkt\/unosider-wandpergola-ottoemezzo\/#primaryimage"},"thumbnailUrl":"https:\/\/www.softub.ch\/wp-content\/uploads\/unosider-architetture-per-esterni-classic-ottoemezzo-pergola-img-6273-1.jpg","datePublished":"2023-07-29T13:27:11+00:00","dateModified":"2023-11-15T13:33:59+00:00","description":"Die Unosider Wandpergola Ottoemezzo \u00fcberzeugt durch ihre sauberen, n\u00fcchternen Linien ohne zus\u00e4tzliches Dekor und die sehr robuste tragende Konstruktion.","breadcrumb":{"@id":"https:\/\/www.softub.ch\/produkt\/unosider-wandpergola-ottoemezzo\/#breadcrumb"},"inLanguage":"fr-FR","potentialAction":[{"@type":"ReadAction","target":["https:\/\/www.softub.ch\/produkt\/unosider-wandpergola-ottoemezzo\/"]}]},{"@type":"ImageObject","inLanguage":"fr-FR","@id":"https:\/\/www.softub.ch\/produkt\/unosider-wandpergola-ottoemezzo\/#primaryimage","url":"https:\/\/www.softub.ch\/wp-content\/uploads\/unosider-architetture-per-esterni-classic-ottoemezzo-pergola-img-6273-1.jpg","contentUrl":"https:\/\/www.softub.ch\/wp-content\/uploads\/unosider-architetture-per-esterni-classic-ottoemezzo-pergola-img-6273-1.jpg","width":1920,"height":1280,"caption":"Wandpergola von Unosider mit orangenem Dach an einer Steinmauer angebracht"},{"@type":"BreadcrumbList","@id":"https:\/\/www.softub.ch\/produkt\/unosider-wandpergola-ottoemezzo\/#breadcrumb","itemListElement":[{"@type":"ListItem","position":1,"name":"Startseite","item":"https:\/\/www.softub.ch\/fr\/"},{"@type":"ListItem","position":2,"name":"Shop","item":"https:\/\/www.softub.ch\/fr\/softub-suisse-shop\/"},{"@type":"ListItem","position":3,"name":"Wandpergola Ottomezzo"}]},{"@type":"WebSite","@id":"https:\/\/www.softub.ch\/fr\/#website","url":"https:\/\/www.softub.ch\/fr\/","name":"Softub Schweiz","description":"Softub - Wir machen Ferien Zuhause","publisher":{"@id":"https:\/\/www.softub.ch\/fr\/#organization"},"potentialAction":[{"@type":"SearchAction","target":{"@type":"EntryPoint","urlTemplate":"https:\/\/www.softub.ch\/fr\/?s={search_term_string}"},"query-input":{"@type":"PropertyValueSpecification","valueRequired":true,"valueName":"search_term_string"}}],"inLanguage":"fr-FR"},{"@type":"Organization","@id":"https:\/\/www.softub.ch\/fr\/#organization","name":"Softub Schweiz AG","url":"https:\/\/www.softub.ch\/fr\/","logo":{"@type":"ImageObject","inLanguage":"fr-FR","@id":"https:\/\/www.softub.ch\/fr\/#\/schema\/logo\/image\/","url":"https:\/\/www.softub.ch\/wp-content\/uploads\/Softub-Logo-Softub-Schweiz-.png","contentUrl":"https:\/\/www.softub.ch\/wp-content\/uploads\/Softub-Logo-Softub-Schweiz-.png","width":200,"height":73,"caption":"Softub Schweiz AG"},"image":{"@id":"https:\/\/www.softub.ch\/fr\/#\/schema\/logo\/image\/"},"sameAs":["https:\/\/www.facebook.com\/softubschweiz","https:\/\/www.instagram.com\/softub_schweiz\/","https:\/\/ch.pinterest.com\/softub_schweiz\/","https:\/\/www.linkedin.com\/company\/softub-schweiz-ag\/"]}]}},"_links":{"self":[{"href":"https:\/\/www.softub.ch\/fr\/wp-json\/wp\/v2\/product\/50630","targetHints":{"allow":["GET"]}}],"collection":[{"href":"https:\/\/www.softub.ch\/fr\/wp-json\/wp\/v2\/product"}],"about":[{"href":"https:\/\/www.softub.ch\/fr\/wp-json\/wp\/v2\/types\/product"}],"wp:featuredmedia":[{"embeddable":true,"href":"https:\/\/www.softub.ch\/fr\/wp-json\/wp\/v2\/media\/50851"}],"wp:attachment":[{"href":"https:\/\/www.softub.ch\/fr\/wp-json\/wp\/v2\/media?parent=50630"}],"wp:term":[{"taxonomy":"product_brand","embeddable":true,"href":"https:\/\/www.softub.ch\/fr\/wp-json\/wp\/v2\/product_brand?post=50630"},{"taxonomy":"product_cat","embeddable":true,"href":"https:\/\/www.softub.ch\/fr\/wp-json\/wp\/v2\/product_cat?post=50630"},{"taxonomy":"product_tag","embeddable":true,"href":"https:\/\/www.softub.ch\/fr\/wp-json\/wp\/v2\/product_tag?post=50630"},{"taxonomy":"woo-feed-brand","embeddable":true,"href":"https:\/\/www.softub.ch\/fr\/wp-json\/wp\/v2\/woo-feed-brand?post=50630"}],"curies":[{"name":"wp","href":"https:\/\/api.w.org\/{rel}","templated":true}]}}