{"id":50631,"date":"2023-07-29T15:46:33","date_gmt":"2023-07-29T13:46:33","guid":{"rendered":"https:\/\/www.softub.ch\/?post_type=product&#038;p=50631"},"modified":"2023-11-15T13:50:14","modified_gmt":"2023-11-15T12:50:14","slug":"unosider-wandpergola-novecento","status":"publish","type":"product","link":"https:\/\/www.softub.ch\/fr\/produit\/unosider-wandpergola-novecento\/","title":{"rendered":"Wandpergola Novecento"},"content":{"rendered":"<div class=\"fusion-fullwidth fullwidth-box fusion-builder-row-1 fusion-flex-container has-pattern-background has-mask-background nonhundred-percent-fullwidth non-hundred-percent-height-scrolling\" style=\"--awb-border-radius-top-left:0px;--awb-border-radius-top-right:0px;--awb-border-radius-bottom-right:0px;--awb-border-radius-bottom-left:0px;--awb-flex-wrap:wrap;\" ><div class=\"fusion-builder-row fusion-row fusion-flex-align-items-flex-start fusion-flex-content-wrap\" style=\"max-width:1248px;margin-left: calc(-4% \/ 2 );margin-right: calc(-4% \/ 2 );\"><div class=\"fusion-layout-column fusion_builder_column fusion-builder-column-0 fusion_builder_column_3_4 3_4 fusion-flex-column\" style=\"--awb-bg-size:cover;--awb-width-large:75%;--awb-margin-top-large:0px;--awb-spacing-right-large:2.56%;--awb-margin-bottom-large:20px;--awb-spacing-left-large:2.56%;--awb-width-medium:100%;--awb-order-medium:0;--awb-spacing-right-medium:1.92%;--awb-spacing-left-medium:1.92%;--awb-width-small:100%;--awb-order-small:0;--awb-spacing-right-small:1.92%;--awb-spacing-left-small:1.92%;\"><div class=\"fusion-column-wrapper fusion-column-has-shadow fusion-flex-justify-content-flex-start fusion-content-layout-column\"><div class=\"fusion-text fusion-text-1\"><h1>Unosider Wandpergola Novecento<\/h1>\n<p>Die Unosider Wandpergola Novecento mit weichen und eleganten Linien f\u00fcr den perfekten Hausanbau. Eine sch\u00f6ne und funktionelle Struktur.<\/p>\n<h3>Tragende Konstruktion:<\/h3>\n<ul>\n<li>Feuerverzinkte, bearbeitete Stahlkonstruktion<\/li>\n<li>UV-best\u00e4ndig<\/li>\n<li>In 9 Standardfarben erh\u00e4ltlich<\/li>\n<li>Kundenspezifische Module bis zu einer Gr\u00f6sse von 4 x 5 Meter k\u00f6nnen realisiert werden<\/li>\n<li>60 x 60 S\u00e4ulenquerschnitt<\/li>\n<li>Balkenquerschnitt 30 x 30 x 2 mm<\/li>\n<li>Schr\u00e4gschnitt 30 x 30 x 2 mm<\/li>\n<li>Die Dekoration der Frontbalken ist in drei Varianten erh\u00e4ltlich<\/li>\n<\/ul>\n<h3>Markisentuch:<\/h3>\n<ul>\n<li>Wasserdichtes PVC<\/li>\n<li>In weiss oder champagner<\/li>\n<li>Befestigung mit sichtbaren B\u00e4ndern<\/li>\n<\/ul>\n<h3>Zubeh\u00f6r:<\/h3>\n<ul>\n<li>Schabracke aus PVC<\/li>\n<li>Kabelbinder Abdeckprofil<\/li>\n<li>Blechabdeckungen, die wie die Struktur lackiert sind, um das Eindringen von Wasser zwischen der Pergola und der Wand zu verhindern<\/li>\n<li>Dekorierte Seitentr\u00e4ger, auch mit PVC-Innenauskleidung erh\u00e4ltlich<\/li>\n<li>Seitenvorh\u00e4nge mit Reissverschl\u00fcssen aus Acryl- oder PVC-Gewebe und Schiebstangen erh\u00e4ltlich<\/li>\n<li>Anordnung zur Montage von Kronleuchtern an den H\u00e4ngen<\/li>\n<\/ul>\n<h3 class=\"\" data-fontsize=\"18\" data-lineheight=\"27px\">Familie Novecento:<\/h3>\n<ul>\n<li><a href=\"https:\/\/softub.ch\/produkt\/der-unosider-pavillon-novecento\/\" target=\"_blank\" rel=\"noopener\">Pavillon Novecento<\/a><\/li>\n<li><a href=\"https:\/\/softub.ch\/produkt\/unosider-pavillon-novecento-rain\/\" target=\"_blank\" rel=\"noopener\">Pavillon Novecento Rain<\/a><\/li>\n<li>Pergola Novecento<\/li>\n<li><a href=\"https:\/\/softub.ch\/produkt\/unosider-wandpergola-novecento-rain\/\" target=\"_blank\" rel=\"noopener\">Pergola Novecento Rain<\/a><\/li>\n<li><a href=\"https:\/\/softub.ch\/produkt\/unosider-pavillon-novecento-sechseckig\/\" target=\"_blank\" rel=\"noopener\">Novecento Hexagon<\/a><\/li>\n<li>Novecento Hexagon Rain<\/li>\n<li><a href=\"https:\/\/softub.ch\/produkt\/unosider-freistehende-pergola-novecento-gallery\/\" target=\"_blank\" rel=\"noopener\">Freistehende Pergola Novecento Gallery<\/a><\/li>\n<\/ul>\n<ul>\n<li style=\"list-style-type: none;\"><\/li>\n<\/ul>\n<div>\n<h3 class=\"\" data-fontsize=\"18\" data-lineheight=\"27px\">Montage Ihrer neuen Pergola<\/h3>\n<\/div>\n<div>\n<p>F\u00fcr die Installation Ihrer neuen Pergola m\u00fcssen Sie sich keine Gedanken machen!\u00a0Wir stellen Ihnen gerne unser hauseigenes, fachm\u00e4nnisches Installationsteam f\u00fcr die Montage zur Verf\u00fcgung.<\/p>\n<\/div>\n<div>\n<h3 class=\"\" data-fontsize=\"18\" data-lineheight=\"27px\">Unosider \u2013 Pavillon, Pergola, Sonnenschutzsystem und Wetterschutzsystem<\/h3>\n<\/div>\n<div>\n<p><strong>25 Jahre Erfahrung<\/strong>\u00a0im Bereich Beschattung und Sonnenschutz f\u00fcr Garten und Terrasse:\u00a0<strong>Unosider<\/strong>\u00a0aus Italien, hat im Laufe der Jahre vielseitig einsetzbare\u00a0<strong>Outdoor Locations<\/strong>\u00a0entwickelt.\u00a0Mit Freude ist man st\u00e4ndig auf der Suche nach innovativen L\u00f6sungen und Formen f\u00fcr Pavillons und Pergolen.<span class=\"apple-converted-space\">\u00a0<\/span><span class=\"apple-converted-space\">\u00a0<\/span><span class=\"apple-converted-space\">\u00a0<\/span><span class=\"apple-converted-space\">\u00a0<\/span><span class=\"apple-converted-space\">\u00a0<\/span><\/p>\n<\/div>\n<div>\n<p><strong>Eigene Werkst\u00e4tten und betriebsinterne Produktion<\/strong> , sind der ganze Stolz von Unosider. Man legt grossen Wert auf die Wurzeln, die in der <strong>italienischen Handwerkstradition<\/strong>\u00a0liegen.\u00a0Dies setzt sich mit\u00a0<strong>hochwertiger Qualit\u00e4t, Flexibilit\u00e4t und massengefertigten L\u00f6sungen<\/strong>\u00a0f\u00fcr Ihre Pergola und ihren Pavillon um.<span class=\"apple-converted-space\">\u00a0<\/span><span class=\"apple-converted-space\">\u00a0<\/span><span class=\"apple-converted-space\">\u00a0<\/span><span class=\"apple-converted-space\">\u00a0<\/span><\/p>\n<\/div>\n<div>\n<p>Ihr Traumgarten mit Dolce Vita von Softub Schweiz AG.<\/p>\n<\/div>\n<div>\n<h3 class=\"\" data-fontsize=\"18\" data-lineheight=\"27px\">Weiteres Zubeh\u00f6r f\u00fcr Ihr Zuhause<\/h3>\n<\/div>\n<div>\n<p>Wir haben ein umfangreiches Zubeh\u00f6rsortiment f\u00fcr Sie zusammengestellt, damit Sie sich die passenden Produkte in Ruhe in unserem Onlineshop ausw\u00e4hlen k\u00f6nnen.<\/p>\n<\/div>\n<div>\n<p>Wenn Sie sich dar\u00fcber hinaus Ihre ganz pers\u00f6nliche Wellness-Oase schaffen wollen, schauen Sie sich doch einfach unsere Softub\u00a0<a href=\"https:\/\/softub.ch\/shop\/softub-whirlpools\/\">Whirlpools<\/a>\u00a0an, die perfekt zu Ihrem\u00a0<a href=\"https:\/\/www.meinschattenspender.ch\/\" target=\"_blank\" rel=\"noopener\">Unosider Pavillon<\/a>\u00a0passen k\u00f6nnten.<span class=\"apple-converted-space\">\u00a0<\/span><span class=\"apple-converted-space\">\u00a0<\/span><span class=\"apple-converted-space\">\u00a0<\/span><span class=\"apple-converted-space\">\u00a0<\/span><\/p>\n<\/div>\n<div>\n<p>Wir beraten Sie gerne,\u00a0<a href=\"tel:+41443969060\">telefonisch<\/a>\u00a0, in einem unserer Showrooms oder bei Ihnen Zuhause.<span class=\"apple-converted-space\">\u00a0<\/span><\/p>\n<\/div>\n<\/div><\/div><\/div><\/div><\/div>\n","protected":false},"excerpt":{"rendered":"<p>Eine Wandpergola mit weichen und eleganten Linien f\u00fcr den perfekten Hausanbau. Eine sch\u00f6ne, funktionelle Struktur, die unangefochtener Star unserer Kollektion ist und zu ihrem Zuhause passt. Weiche Linien und zeitlose Dekorationen.<\/p>\n<p>Alle Seiten k\u00f6nnen geschlossen werden, wenn Sie eine Konstruktion f\u00fcr alle Jahreszeiten mit Vorh\u00e4ngen aus glattem PVC oder Vorh\u00e4ngen mit Fenstern w\u00e4hlen. Die gekonnte L\u00f6sung um sich im Outdoorbereich zu sch\u00fctzen.<\/p>\n<h4 class=\"\" data-fontsize=\"13\" data-lineheight=\"19.5px\"><em>Fast jeder Schattenspender kann auf Mass angefertigt werden.\u00a0<a href=\"https:\/\/www.meinschattenspender.ch\/atelier-massgeschneidert-pavillon\/\" target=\"_blank\" rel=\"noopener\"><strong>Diverse<\/strong>\u00a0<strong>Farben<\/strong><\/a>\u00a0f\u00fcr Gestell. Dach und Vorh\u00e4nge und Gr\u00f6ssen bis zu 100m2 passen perfekt zu jedem Haus.<\/em><em><strong><br \/>\n<\/strong><\/em><em><strong><a href=\"tel:+41443969060\">Rufen Sie uns an<\/a><\/strong>, vereinbaren Sie einen<strong><a href=\"https:\/\/softub.ch\/kontakt\/\">\u00a0Termin im Showroom Ihrer Wahl<\/a>,<\/strong>\u00a0klicken Sie hier auf die<strong><a href=\"https:\/\/www.unosider.com\/de\/produkte\/novecento-pergola\/\" target=\"_blank\" rel=\"noopener\">\u00a0Website vom Hersteller<\/a>\u00a0<\/strong>f\u00fcr noch mehr online Informationen.<\/em><\/h4>\n[fusion_button link=\"https:\/\/www.meinschattenspender.ch\/wp-content\/uploads\/unosider_classico_novecento_pergola_technical_sheet.pdf\" title=\"\" target=\"_self\" link_attributes=\"\" alignment_medium=\"\" alignment_small=\"\" alignment=\"\" modal=\"\" hide_on_mobile=\"small-visibility,medium-visibility,large-visibility\" sticky_display=\"normal,sticky\" class=\"\" id=\"\" color=\"default\" button_gradient_top_color_hover=\"\" hue=\"\" saturation=\"\" lightness=\"\" alpha=\"\" button_gradient_top_color=\"\" button_gradient_bottom_color_hover=\"\" button_gradient_bottom_color=\"\" gradient_start_position=\"\" gradient_end_position=\"\" gradient_type=\"\" radial_direction=\"\" linear_angle=\"180\" accent_hover_color=\"\" accent_color=\"\" type=\"\" bevel_color=\"\" bevel_color_hover=\"\" border_top=\"\" border_right=\"\" border_bottom=\"\" border_left=\"\" border_radius_top_left=\"\" border_radius_top_right=\"\" border_radius_bottom_right=\"\" border_radius_bottom_left=\"\" border_hover_color=\"\" border_color=\"\" size=\"\" padding_top=\"\" padding_right=\"\" padding_bottom=\"\" padding_left=\"\" fusion_font_family_button_font=\"\" fusion_font_variant_button_font=\"\" font_size=\"\" line_height=\"\" letter_spacing=\"\" text_transform=\"\" stretch=\"default\" margin_top=\"\" margin_right=\"\" margin_bottom=\"\" margin_left=\"\" icon=\"\" icon_position=\"left\" icon_divider=\"no\" hover_transition=\"none\" animation_type=\"\" animation_direction=\"left\" animation_color=\"\" animation_speed=\"0.3\" animation_delay=\"0\" animation_offset=\"\"]PDF Datenblatt[\/fusion_button]\n","protected":false},"featured_media":50887,"template":"","meta":{"_acf_changed":false},"product_brand":[],"product_cat":[7383],"product_tag":[831,7397,7398,7436,1195,7399,802,7393,140,2751,2748,1180,7409,7391,7483,7449,567,1179,3040,569,142,7390,948,7401,139,1163,7386,7484,7392,7445,7389,1188,548],"woo-feed-brand":[],"class_list":{"0":"post-50631","1":"product","2":"type-product","3":"status-publish","4":"has-post-thumbnail","6":"product_cat-unosider-pergola-und-wandpergola","7":"product_tag-elegant","8":"product_tag-italien","9":"product_tag-italienische-handwerkstradition","10":"product_tag-italienische-wandpergola","11":"product_tag-italienischer-pavillon","12":"product_tag-italienischer-sonnensegel","13":"product_tag-outdoor","14":"product_tag-outdoor-location","15":"product_tag-pavillon","16":"product_tag-pavillon-aus-italien","17":"product_tag-pavillon-fuer-garten","18":"product_tag-pavillon-kaufen","19":"product_tag-pavillon-von-unosider","20":"product_tag-pergola","21":"product_tag-pergola-novecento","22":"product_tag-schlichte-pergola","23":"product_tag-softub","24":"product_tag-softub-schweiz","25":"product_tag-softub-schweiz-ag","26":"product_tag-softub-whirlpool","27":"product_tag-sonnenschutz","28":"product_tag-sonnenschutzsystem","29":"product_tag-sonnensegel","30":"product_tag-sonnensegel-aus-italien","31":"product_tag-unosider","32":"product_tag-unosider-pavillon","33":"product_tag-unosider-sonnensegel","34":"product_tag-unosider-wandpergola-novecento","35":"product_tag-wandpergola","36":"product_tag-wandpergola-kaufen-schweiz","37":"product_tag-wetterschutzsystem","38":"product_tag-whirlpool-ueberdachung","39":"product_tag-whirlpools","41":"first","42":"instock","43":"taxable","44":"shipping-taxable","45":"purchasable","46":"product-type-variable"},"acf":[],"yoast_head":"<!-- This site is optimized with the Yoast SEO Premium plugin v27.3 (Yoast SEO v27.3) - https:\/\/yoast.com\/product\/yoast-seo-premium-wordpress\/ -->\n<title>unosider-wandpergola-novecento<\/title>\n<meta name=\"description\" content=\"Die Unosider Wandpergola Novecento mit weichen und eleganten Linien f\u00fcr den perfekten Hausanbau. Eine sch\u00f6ne und funktionelle Struktur.\" \/>\n<meta name=\"robots\" content=\"index, follow, max-snippet:-1, max-image-preview:large, max-video-preview:-1\" \/>\n<link rel=\"canonical\" href=\"https:\/\/www.softub.ch\/produkt\/unosider-wandpergola-novecento\/\" \/>\n<meta property=\"og:locale\" content=\"fr_FR\" \/>\n<meta property=\"og:type\" content=\"article\" \/>\n<meta property=\"og:title\" content=\"Wandpergola Novecento\" \/>\n<meta property=\"og:description\" content=\"Die Unosider Wandpergola Novecento mit weichen und eleganten Linien f\u00fcr den perfekten Hausanbau. Eine sch\u00f6ne und funktionelle Struktur.\" \/>\n<meta property=\"og:url\" content=\"https:\/\/www.softub.ch\/produkt\/unosider-wandpergola-novecento\/\" \/>\n<meta property=\"og:site_name\" content=\"Softub Schweiz\" \/>\n<meta property=\"article:publisher\" content=\"https:\/\/www.facebook.com\/softubschweiz\" \/>\n<meta property=\"article:modified_time\" content=\"2023-11-15T12:50:14+00:00\" \/>\n<meta property=\"og:image\" content=\"https:\/\/www.softub.ch\/wp-content\/uploads\/Novecento-Pergola-1.png\" \/>\n\t<meta property=\"og:image:width\" content=\"1110\" \/>\n\t<meta property=\"og:image:height\" content=\"853\" \/>\n\t<meta property=\"og:image:type\" content=\"image\/png\" \/>\n<meta name=\"twitter:card\" content=\"summary_large_image\" \/>\n<meta name=\"twitter:label1\" content=\"Dur\u00e9e de lecture estim\u00e9e\" \/>\n\t<meta name=\"twitter:data1\" content=\"4 minutes\" \/>\n<script type=\"application\/ld+json\" class=\"yoast-schema-graph\">{\"@context\":\"https:\\\/\\\/schema.org\",\"@graph\":[{\"@type\":\"WebPage\",\"@id\":\"https:\\\/\\\/www.softub.ch\\\/produkt\\\/unosider-wandpergola-novecento\\\/\",\"url\":\"https:\\\/\\\/www.softub.ch\\\/produkt\\\/unosider-wandpergola-novecento\\\/\",\"name\":\"unosider-wandpergola-novecento\",\"isPartOf\":{\"@id\":\"https:\\\/\\\/www.softub.ch\\\/fr\\\/#website\"},\"primaryImageOfPage\":{\"@id\":\"https:\\\/\\\/www.softub.ch\\\/produkt\\\/unosider-wandpergola-novecento\\\/#primaryimage\"},\"image\":{\"@id\":\"https:\\\/\\\/www.softub.ch\\\/produkt\\\/unosider-wandpergola-novecento\\\/#primaryimage\"},\"thumbnailUrl\":\"https:\\\/\\\/www.softub.ch\\\/wp-content\\\/uploads\\\/Novecento-Pergola-1.png\",\"datePublished\":\"2023-07-29T13:46:33+00:00\",\"dateModified\":\"2023-11-15T12:50:14+00:00\",\"description\":\"Die Unosider Wandpergola Novecento mit weichen und eleganten Linien f\u00fcr den perfekten Hausanbau. Eine sch\u00f6ne und funktionelle Struktur.\",\"breadcrumb\":{\"@id\":\"https:\\\/\\\/www.softub.ch\\\/produkt\\\/unosider-wandpergola-novecento\\\/#breadcrumb\"},\"inLanguage\":\"fr-FR\",\"potentialAction\":[{\"@type\":\"ReadAction\",\"target\":[\"https:\\\/\\\/www.softub.ch\\\/produkt\\\/unosider-wandpergola-novecento\\\/\"]}]},{\"@type\":\"ImageObject\",\"inLanguage\":\"fr-FR\",\"@id\":\"https:\\\/\\\/www.softub.ch\\\/produkt\\\/unosider-wandpergola-novecento\\\/#primaryimage\",\"url\":\"https:\\\/\\\/www.softub.ch\\\/wp-content\\\/uploads\\\/Novecento-Pergola-1.png\",\"contentUrl\":\"https:\\\/\\\/www.softub.ch\\\/wp-content\\\/uploads\\\/Novecento-Pergola-1.png\",\"width\":1110,\"height\":853,\"caption\":\"Unosider Wandpergola Novecento mit weissem Dach an einer weissen Hauswand befestigt.\"},{\"@type\":\"BreadcrumbList\",\"@id\":\"https:\\\/\\\/www.softub.ch\\\/produkt\\\/unosider-wandpergola-novecento\\\/#breadcrumb\",\"itemListElement\":[{\"@type\":\"ListItem\",\"position\":1,\"name\":\"Startseite\",\"item\":\"https:\\\/\\\/www.softub.ch\\\/fr\\\/\"},{\"@type\":\"ListItem\",\"position\":2,\"name\":\"Shop\",\"item\":\"https:\\\/\\\/www.softub.ch\\\/fr\\\/softub-suisse-shop\\\/\"},{\"@type\":\"ListItem\",\"position\":3,\"name\":\"Wandpergola Novecento\"}]},{\"@type\":\"WebSite\",\"@id\":\"https:\\\/\\\/www.softub.ch\\\/fr\\\/#website\",\"url\":\"https:\\\/\\\/www.softub.ch\\\/fr\\\/\",\"name\":\"Softub Schweiz\",\"description\":\"Softub - Wir machen Ferien Zuhause\",\"publisher\":{\"@id\":\"https:\\\/\\\/www.softub.ch\\\/fr\\\/#organization\"},\"potentialAction\":[{\"@type\":\"SearchAction\",\"target\":{\"@type\":\"EntryPoint\",\"urlTemplate\":\"https:\\\/\\\/www.softub.ch\\\/fr\\\/?s={search_term_string}\"},\"query-input\":{\"@type\":\"PropertyValueSpecification\",\"valueRequired\":true,\"valueName\":\"search_term_string\"}}],\"inLanguage\":\"fr-FR\"},{\"@type\":\"Organization\",\"@id\":\"https:\\\/\\\/www.softub.ch\\\/fr\\\/#organization\",\"name\":\"Softub Schweiz AG\",\"url\":\"https:\\\/\\\/www.softub.ch\\\/fr\\\/\",\"logo\":{\"@type\":\"ImageObject\",\"inLanguage\":\"fr-FR\",\"@id\":\"https:\\\/\\\/www.softub.ch\\\/fr\\\/#\\\/schema\\\/logo\\\/image\\\/\",\"url\":\"https:\\\/\\\/www.softub.ch\\\/wp-content\\\/uploads\\\/Softub-Logo-Softub-Schweiz-.png\",\"contentUrl\":\"https:\\\/\\\/www.softub.ch\\\/wp-content\\\/uploads\\\/Softub-Logo-Softub-Schweiz-.png\",\"width\":200,\"height\":73,\"caption\":\"Softub Schweiz AG\"},\"image\":{\"@id\":\"https:\\\/\\\/www.softub.ch\\\/fr\\\/#\\\/schema\\\/logo\\\/image\\\/\"},\"sameAs\":[\"https:\\\/\\\/www.facebook.com\\\/softubschweiz\",\"https:\\\/\\\/www.instagram.com\\\/softub_schweiz\\\/\",\"https:\\\/\\\/ch.pinterest.com\\\/softub_schweiz\\\/\",\"https:\\\/\\\/www.linkedin.com\\\/company\\\/softub-schweiz-ag\\\/\"]}]}<\/script>\n<!-- \/ Yoast SEO Premium plugin. -->","yoast_head_json":{"title":"unosider-wandpergola-novecento","description":"Die Unosider Wandpergola Novecento mit weichen und eleganten Linien f\u00fcr den perfekten Hausanbau. Eine sch\u00f6ne und funktionelle Struktur.","robots":{"index":"index","follow":"follow","max-snippet":"max-snippet:-1","max-image-preview":"max-image-preview:large","max-video-preview":"max-video-preview:-1"},"canonical":"https:\/\/www.softub.ch\/produkt\/unosider-wandpergola-novecento\/","og_locale":"fr_FR","og_type":"article","og_title":"Wandpergola Novecento","og_description":"Die Unosider Wandpergola Novecento mit weichen und eleganten Linien f\u00fcr den perfekten Hausanbau. Eine sch\u00f6ne und funktionelle Struktur.","og_url":"https:\/\/www.softub.ch\/produkt\/unosider-wandpergola-novecento\/","og_site_name":"Softub Schweiz","article_publisher":"https:\/\/www.facebook.com\/softubschweiz","article_modified_time":"2023-11-15T12:50:14+00:00","og_image":[{"width":1110,"height":853,"url":"https:\/\/www.softub.ch\/wp-content\/uploads\/Novecento-Pergola-1.png","type":"image\/png"}],"twitter_card":"summary_large_image","twitter_misc":{"Dur\u00e9e de lecture estim\u00e9e":"4 minutes"},"schema":{"@context":"https:\/\/schema.org","@graph":[{"@type":"WebPage","@id":"https:\/\/www.softub.ch\/produkt\/unosider-wandpergola-novecento\/","url":"https:\/\/www.softub.ch\/produkt\/unosider-wandpergola-novecento\/","name":"unosider-wandpergola-novecento","isPartOf":{"@id":"https:\/\/www.softub.ch\/fr\/#website"},"primaryImageOfPage":{"@id":"https:\/\/www.softub.ch\/produkt\/unosider-wandpergola-novecento\/#primaryimage"},"image":{"@id":"https:\/\/www.softub.ch\/produkt\/unosider-wandpergola-novecento\/#primaryimage"},"thumbnailUrl":"https:\/\/www.softub.ch\/wp-content\/uploads\/Novecento-Pergola-1.png","datePublished":"2023-07-29T13:46:33+00:00","dateModified":"2023-11-15T12:50:14+00:00","description":"Die Unosider Wandpergola Novecento mit weichen und eleganten Linien f\u00fcr den perfekten Hausanbau. Eine sch\u00f6ne und funktionelle Struktur.","breadcrumb":{"@id":"https:\/\/www.softub.ch\/produkt\/unosider-wandpergola-novecento\/#breadcrumb"},"inLanguage":"fr-FR","potentialAction":[{"@type":"ReadAction","target":["https:\/\/www.softub.ch\/produkt\/unosider-wandpergola-novecento\/"]}]},{"@type":"ImageObject","inLanguage":"fr-FR","@id":"https:\/\/www.softub.ch\/produkt\/unosider-wandpergola-novecento\/#primaryimage","url":"https:\/\/www.softub.ch\/wp-content\/uploads\/Novecento-Pergola-1.png","contentUrl":"https:\/\/www.softub.ch\/wp-content\/uploads\/Novecento-Pergola-1.png","width":1110,"height":853,"caption":"Unosider Wandpergola Novecento mit weissem Dach an einer weissen Hauswand befestigt."},{"@type":"BreadcrumbList","@id":"https:\/\/www.softub.ch\/produkt\/unosider-wandpergola-novecento\/#breadcrumb","itemListElement":[{"@type":"ListItem","position":1,"name":"Startseite","item":"https:\/\/www.softub.ch\/fr\/"},{"@type":"ListItem","position":2,"name":"Shop","item":"https:\/\/www.softub.ch\/fr\/softub-suisse-shop\/"},{"@type":"ListItem","position":3,"name":"Wandpergola Novecento"}]},{"@type":"WebSite","@id":"https:\/\/www.softub.ch\/fr\/#website","url":"https:\/\/www.softub.ch\/fr\/","name":"Softub Schweiz","description":"Softub - Wir machen Ferien Zuhause","publisher":{"@id":"https:\/\/www.softub.ch\/fr\/#organization"},"potentialAction":[{"@type":"SearchAction","target":{"@type":"EntryPoint","urlTemplate":"https:\/\/www.softub.ch\/fr\/?s={search_term_string}"},"query-input":{"@type":"PropertyValueSpecification","valueRequired":true,"valueName":"search_term_string"}}],"inLanguage":"fr-FR"},{"@type":"Organization","@id":"https:\/\/www.softub.ch\/fr\/#organization","name":"Softub Schweiz AG","url":"https:\/\/www.softub.ch\/fr\/","logo":{"@type":"ImageObject","inLanguage":"fr-FR","@id":"https:\/\/www.softub.ch\/fr\/#\/schema\/logo\/image\/","url":"https:\/\/www.softub.ch\/wp-content\/uploads\/Softub-Logo-Softub-Schweiz-.png","contentUrl":"https:\/\/www.softub.ch\/wp-content\/uploads\/Softub-Logo-Softub-Schweiz-.png","width":200,"height":73,"caption":"Softub Schweiz AG"},"image":{"@id":"https:\/\/www.softub.ch\/fr\/#\/schema\/logo\/image\/"},"sameAs":["https:\/\/www.facebook.com\/softubschweiz","https:\/\/www.instagram.com\/softub_schweiz\/","https:\/\/ch.pinterest.com\/softub_schweiz\/","https:\/\/www.linkedin.com\/company\/softub-schweiz-ag\/"]}]}},"_links":{"self":[{"href":"https:\/\/www.softub.ch\/fr\/wp-json\/wp\/v2\/product\/50631","targetHints":{"allow":["GET"]}}],"collection":[{"href":"https:\/\/www.softub.ch\/fr\/wp-json\/wp\/v2\/product"}],"about":[{"href":"https:\/\/www.softub.ch\/fr\/wp-json\/wp\/v2\/types\/product"}],"wp:featuredmedia":[{"embeddable":true,"href":"https:\/\/www.softub.ch\/fr\/wp-json\/wp\/v2\/media\/50887"}],"wp:attachment":[{"href":"https:\/\/www.softub.ch\/fr\/wp-json\/wp\/v2\/media?parent=50631"}],"wp:term":[{"taxonomy":"product_brand","embeddable":true,"href":"https:\/\/www.softub.ch\/fr\/wp-json\/wp\/v2\/product_brand?post=50631"},{"taxonomy":"product_cat","embeddable":true,"href":"https:\/\/www.softub.ch\/fr\/wp-json\/wp\/v2\/product_cat?post=50631"},{"taxonomy":"product_tag","embeddable":true,"href":"https:\/\/www.softub.ch\/fr\/wp-json\/wp\/v2\/product_tag?post=50631"},{"taxonomy":"woo-feed-brand","embeddable":true,"href":"https:\/\/www.softub.ch\/fr\/wp-json\/wp\/v2\/woo-feed-brand?post=50631"}],"curies":[{"name":"wp","href":"https:\/\/api.w.org\/{rel}","templated":true}]}}