{"id":5420,"date":"2020-03-30T17:57:46","date_gmt":"2019-10-11T17:57:46","guid":{"rendered":"http:\/\/www.softub.ch\/product\/softub-legend-avec-0-financement\/"},"modified":"2025-02-10T12:32:37","modified_gmt":"2025-02-10T11:32:37","slug":"softub-legend-avec-0-financement","status":"publish","type":"product","link":"https:\/\/www.softub.ch\/fr\/produit\/softub-legend-avec-0-financement\/","title":{"rendered":"Paiements par mensualit\u00e9s &#8211; Softub Spa Legend"},"content":{"rendered":"<div class=\"fusion-fullwidth fullwidth-box fusion-builder-row-1 fusion-flex-container nonhundred-percent-fullwidth non-hundred-percent-height-scrolling\" style=\"--awb-border-radius-top-left:0px;--awb-border-radius-top-right:0px;--awb-border-radius-bottom-right:0px;--awb-border-radius-bottom-left:0px;--awb-flex-wrap:wrap;\" ><div class=\"fusion-builder-row fusion-row fusion-flex-align-items-flex-start fusion-flex-content-wrap\" style=\"max-width:1248px;margin-left: calc(-4% \/ 2 );margin-right: calc(-4% \/ 2 );\"><div class=\"fusion-layout-column fusion_builder_column fusion-builder-column-0 fusion_builder_column_1_1 1_1 fusion-flex-column\" style=\"--awb-bg-size:cover;--awb-width-large:100%;--awb-margin-top-large:0px;--awb-spacing-right-large:1.92%;--awb-margin-bottom-large:0px;--awb-spacing-left-large:1.92%;--awb-width-medium:100%;--awb-spacing-right-medium:1.92%;--awb-spacing-left-medium:1.92%;--awb-width-small:100%;--awb-spacing-right-small:1.92%;--awb-spacing-left-small:1.92%;\"><div class=\"fusion-column-wrapper fusion-flex-justify-content-flex-start fusion-content-layout-column\"><div class=\"fusion-text fusion-text-1\"><h1 class=\"fusion-responsive-typography-calculated\" data-fontsize=\"30\" data-lineheight=\"45px\"><strong>Paiement \u00e9chelonn\u00e9 Whirlpool avec 0% d\u2019int\u00e9r\u00eat<\/strong><\/h1>\n<p>Au lieu de payer CHF 10\u2019000 en une seule fois, choisissez notre paiement \u00e9chelonn\u00e9 confortable \u00e0 0% d\u2019int\u00e9r\u00eat. Payez 298.50 CHF sur une dur\u00e9e de 36 mois et profitez d\u00e8s maintenant de notre Softub Legend, le bain \u00e0 remous de la classe luxe !<\/p>\n<p>Le paiement \u00e9chelonn\u00e9 ne vous occasionne aucun frais suppl\u00e9mentaire \u2013 0% d\u2019int\u00e9r\u00eat !<\/p>\n<p><strong>Contenu de la livraison :<\/strong><\/p>\n<ul>\n<li>Softub Resort LeatherTex\u2122 couleur au choix<\/li>\n<li>Kit d\u2019entretien de l\u2019eau Soft Care<\/li>\n<li>Livraison, installation et instructions<\/li>\n<li>Elimination des cartons<\/li>\n<\/ul>\n<p><strong>Lors de la commande, veuillez indiquer la quantit\u00e9 1. Vous vous engagez \u00e0 payer ce montant pour la dur\u00e9e de 36 mois.<\/strong><\/p>\n<p>Nous nous r\u00e9servons le droit de refuser le financement en raison d\u2019une solvabilit\u00e9 insuffisante. Dans ce cas, les frais de traitement de la demande de solvabilit\u00e9 seront factur\u00e9s \u00e0 hauteur de 250 CHF.<\/p>\n<h2 class=\"fusion-responsive-typography-calculated\" data-fontsize=\"22\" data-lineheight=\"33px\">Gr\u00e2ce au paiement \u00e9chelonn\u00e9, profitez et d\u00e9tendez-vous d\u00e8s maintenant dans votre Spa Softub!<\/h2>\n<p>Plongez dans votre oasis de bien-\u00eatre personnelle \u00e0 la maison : dans le jardin avec vos enfants ou apr\u00e8s une journ\u00e9e fatigante entre vos quatre murs, lors de soir\u00e9es d\u2019\u00e9t\u00e9 romantiques \u00e0 deux ou de journ\u00e9es d\u2019hiver \u00e9toil\u00e9es avec vos amis.<\/p>\n<ul>\n<li>Facile \u00e0 transporter et polyvalent (bassin de 30 kg seulement \u00e0 vide !)<\/li>\n<li>Mise en service simple sans installation complexe ni pr\u00e9paration particuli\u00e8re de la construction<\/li>\n<li>Montage ou d\u00e9montage en 15 minutes seulement<\/li>\n<li>Utilisation facile pour les enfants<\/li>\n<li>Mat\u00e9riau souple, confortable et r\u00e9sistant en PolyBond\u00ae et LeatherTex\u00ae \/ SynTex\u00ae facile \u00e0 entretenir<\/li>\n<li>Positions assises et couch\u00e9es illimit\u00e9es, souples et confortables, car pas de positions pr\u00e9form\u00e9es<\/li>\n<li>Utilisation flexible et g\u00e9n\u00e9reuse de l\u2019espace gr\u00e2ce \u00e0 sa forme ronde<\/li>\n<li>\u00c9conomie d\u2019\u00e9nergie et respect de l\u2019environnement gr\u00e2ce \u00e0 la pompe Hydromate\u00ae \u00e9conomique et \u00e0 la mousse PolyBond\u00ae hautement isolante<\/li>\n<li>Rev\u00eatement ext\u00e9rieur r\u00e9sistant aux intemp\u00e9ries en LeatherTex\u00ae \/SynTex\u00ae robuste et souple<\/li>\n<li>L\u2019\u00e9clairage int\u00e9rieur assure une ambiance agr\u00e9able (couleur de la lumi\u00e8re r\u00e9glable)<\/li>\n<li>Raccordement \u00e0 une prise de courant domestique usuelle (pas de courant fort et donc pas d\u2019installation suppl\u00e9mentaire n\u00e9cessaire)<\/li>\n<li>Faibles co\u00fbts d\u2019exploitation gr\u00e2ce \u00e0 un entretien facile et une faible consommation d\u2019\u00e9lectricit\u00e9<\/li>\n<li>Superbes accessoires: comme par exemple\u00a0<a href=\"https:\/\/softub.ch\/fr\/produit\/san-diego-entourage\/\" target=\"_blank\" rel=\"noopener\">l\u2019entourage polyrattan<\/a>\u00a0ou en\u00a0<a href=\"https:\/\/softub.ch\/fr\/produit\/softub-entourage-bois\/\" target=\"_blank\" rel=\"noopener\">bois naturel<\/a><\/li>\n<li>Peut \u00eatre combin\u00e9 avec nos pratiques et magnifiques\u00a0<a href=\"https:\/\/meinschattenspender.ch\/\" target=\"_blank\" rel=\"noopener\">pavillons Unosider<\/a><\/li>\n<\/ul>\n<\/div><div class=\"fusion-text fusion-text-2\"><h3 class=\"fusion-responsive-typography-calculated\" data-fontsize=\"18\" data-lineheight=\"27px\">Caract\u00e9ristiques techniques<\/h3>\n<ul>\n<li class=\"fusion-responsive-typography-calculated\" data-fontsize=\"18\" data-lineheight=\"27px\">Capacit\u00e9: 2-4 personnes<\/li>\n<li class=\"fusion-responsive-typography-calculated\" data-fontsize=\"18\" data-lineheight=\"27px\">Dimensions ext\u00e9rieures: 180 cm<\/li>\n<li class=\"fusion-responsive-typography-calculated\" data-fontsize=\"18\" data-lineheight=\"27px\">Dimensions int\u00e9rieures: 150 cm<\/li>\n<li class=\"fusion-responsive-typography-calculated\" data-fontsize=\"18\" data-lineheight=\"27px\">hauteur: 61 cm<\/li>\n<li class=\"fusion-responsive-typography-calculated\" data-fontsize=\"18\" data-lineheight=\"27px\">Poids de la cuve: 30 kg<\/li>\n<li class=\"fusion-responsive-typography-calculated\" data-fontsize=\"18\" data-lineheight=\"27px\">Poids du couvercle: 12 kg<\/li>\n<li class=\"fusion-responsive-typography-calculated\" data-fontsize=\"18\" data-lineheight=\"27px\">Poids du moteur: 18 kg<\/li>\n<li class=\"fusion-responsive-typography-calculated\" data-fontsize=\"18\" data-lineheight=\"27px\">Total rempli: 890 kg<\/li>\n<li class=\"fusion-responsive-typography-calculated\" data-fontsize=\"18\" data-lineheight=\"27px\">Lumi\u00e8re LED de couleur: 1<\/li>\n<li class=\"fusion-responsive-typography-calculated\" data-fontsize=\"18\" data-lineheight=\"27px\">Capacit\u00e9 d&rsquo;eau: 830 l<\/li>\n<li class=\"fusion-responsive-typography-calculated\" data-fontsize=\"18\" data-lineheight=\"27px\">Station de th\u00e9rapie: &#8211;<\/li>\n<li class=\"fusion-responsive-typography-calculated\" data-fontsize=\"18\" data-lineheight=\"27px\">Buses: 5<\/li>\n<li class=\"fusion-responsive-typography-calculated\" data-fontsize=\"18\" data-lineheight=\"27px\">Consommation \u00e9lectrique: env. 800 W<\/li>\n<li class=\"fusion-responsive-typography-calculated\" data-fontsize=\"18\" data-lineheight=\"27px\">Raccordement \u00e9lectrique: 230 V, 50 Hz, 1400W<\/li>\n<\/ul>\n<\/div><div class=\"fusion-text fusion-text-3\"><p>Pour votre conseil individuel ou pour recevoir de la documentation suppl\u00e9mentaire, veuillez nous appeler au <a href=\"tel:044 396 90 60\">044 396 90 60<\/a>.<\/p>\n<h2 class=\"fusion-responsive-typography-calculated\" data-fontsize=\"18\" data-lineheight=\"27px\"><a href=\"https:\/\/softub.ch\/fr\/assistance\/home-premium-servcie-pour-votre-softub\/\" target=\"_blank\" rel=\"noopener\">Softub @ Home<\/a><\/h2>\n<p>Avec notre service @home, vous b\u00e9n\u00e9ficiez d\u2019un package sans souci, pour que vous puissiez vous concentrer pleinement sur l\u2019essentiel.<\/p>\n<ul>\n<li>Un service apr\u00e8s-vente &amp; un service &amp; un avis optimaux<\/li>\n<li>Livraison, montage &amp; installation<\/li>\n<li>Formation \u00e0 l\u2019entretien de l\u2019eau et \u00e0 la maintenance<\/li>\n<li>\u00c9limination des cartonnages<\/li>\n<\/ul>\n<\/div><\/div><\/div><\/div><\/div>\n","protected":false},"excerpt":{"rendered":"<h3 class=\"fusion-responsive-typography-calculated\" data-fontsize=\"18\" data-lineheight=\"27px\">Le plaisir de la baignade pour tous \u2013 d\u00e9couvrez nos bains \u00e0 remous mobiles<\/h3>\n<p>Installez, remplissez d\u2019eau, branchez, amusez-vous! L\u00e9ger et flexible, le spa mobile de Softub\u00ae peut \u00eatre plac\u00e9 n\u2019importe o\u00f9 dans votre jardin \u2013 une prise \u00e9lectrique suffit. Avec de superbes accessoires comme les<a href=\"https:\/\/softub.ch\/fr\/produit\/san-diego-entourage\/\" target=\"_blank\" rel=\"noopener\">\u00a0bordures en polyrattan robuste<\/a>\u00a0ou en\u00a0<a href=\"https:\/\/softub.ch\/fr\/produit\/softub-entourage-bois\/\" target=\"_blank\" rel=\"noopener\">bois naturel<\/a>, vous transformez votre Softub\u00ae en un clin d\u2019\u0153il en une oasis de bien-\u00eatre personnalis\u00e9e.<\/p>\n","protected":false},"featured_media":9187,"template":"","meta":{"_acf_changed":false},"product_brand":[],"product_cat":[207],"product_tag":[272,9451,9456,6865,259,6576,2315,9454,4949,6587,257,9455,273,270,256,6606,6566],"woo-feed-brand":[],"class_list":{"0":"post-5420","1":"product","2":"type-product","3":"status-publish","4":"has-post-thumbnail","6":"product_cat-softub-spa","7":"product_tag-0-financement","8":"product_tag-acheter-un-spa-avec-paiement-echelonne","9":"product_tag-acheter-un-spa-en-paiement-echelonne","10":"product_tag-acheter-whirlpool-suisse","11":"product_tag-jacuzzi-fr-2","12":"product_tag-jacuzzi-suisse","13":"product_tag-softub-fr-2","14":"product_tag-softub-legend-fr","15":"product_tag-softub-suisse","16":"product_tag-softub-whirlpool-fr","17":"product_tag-spa-fr-2","18":"product_tag-spa-en-paiement-echelonne","19":"product_tag-vente-a-temperament","20":"product_tag-wellness-fr","21":"product_tag-whirlpool-fr","22":"product_tag-whirlpool-paiement-a-temperament","23":"product_tag-whirlpool-suisse","25":"first","26":"instock","27":"featured","28":"taxable","29":"shipping-taxable","30":"purchasable","31":"product-type-variable"},"acf":[],"yoast_head":"<!-- This site is optimized with the Yoast SEO Premium plugin v27.4 (Yoast SEO v27.4) - https:\/\/yoast.com\/product\/yoast-seo-premium-wordpress\/ -->\n<title>Paiement \u00e9chelonn\u00e9 Whirlpool avec un taux d&#039;int\u00e9r\u00eat de 0%<\/title>\n<meta name=\"description\" content=\"Paiement \u00e9chelonn\u00e9 Whirlpool. Au lieu de payer un montant de 10&#039;000 frs en une fois, optez pour notre solution et offre \u00e0 O % d\u2019int\u00e9r\u00eat. SOFTUB Spa.\" \/>\n<meta name=\"robots\" content=\"index, follow, max-snippet:-1, max-image-preview:large, max-video-preview:-1\" \/>\n<link rel=\"canonical\" href=\"https:\/\/www.softub.ch\/produit\/softub-legend-mit-whirlpool-ratenzahlung\/\" \/>\n<meta property=\"og:locale\" content=\"fr_FR\" \/>\n<meta property=\"og:type\" content=\"article\" \/>\n<meta property=\"og:title\" content=\"Paiements par mensualit\u00e9s - Softub Spa Legend\" \/>\n<meta property=\"og:description\" content=\"Paiement \u00e9chelonn\u00e9 Whirlpool. Au lieu de payer un montant de 10&#039;000 frs en une fois, optez pour notre solution et offre \u00e0 O % d\u2019int\u00e9r\u00eat. SOFTUB Spa.\" \/>\n<meta property=\"og:url\" content=\"https:\/\/www.softub.ch\/produit\/softub-legend-mit-whirlpool-ratenzahlung\/\" \/>\n<meta property=\"og:site_name\" content=\"Softub Schweiz\" \/>\n<meta property=\"article:publisher\" content=\"https:\/\/www.facebook.com\/softubschweiz\" \/>\n<meta property=\"article:modified_time\" content=\"2025-02-10T11:32:37+00:00\" \/>\n<meta property=\"og:image\" content=\"https:\/\/www.softub.ch\/wp-content\/uploads\/Ratenzahlung.jpg\" \/>\n\t<meta property=\"og:image:width\" content=\"2000\" \/>\n\t<meta property=\"og:image:height\" content=\"1333\" \/>\n\t<meta property=\"og:image:type\" content=\"image\/jpeg\" \/>\n<meta name=\"twitter:card\" content=\"summary_large_image\" \/>\n<meta name=\"twitter:label1\" content=\"Dur\u00e9e de lecture estim\u00e9e\" \/>\n\t<meta name=\"twitter:data1\" content=\"4 minutes\" \/>\n<script type=\"application\/ld+json\" class=\"yoast-schema-graph\">{\"@context\":\"https:\\\/\\\/schema.org\",\"@graph\":[{\"@type\":\"WebPage\",\"@id\":\"https:\\\/\\\/www.softub.ch\\\/produit\\\/softub-legend-mit-whirlpool-ratenzahlung\\\/\",\"url\":\"https:\\\/\\\/www.softub.ch\\\/produit\\\/softub-legend-mit-whirlpool-ratenzahlung\\\/\",\"name\":\"Paiement \u00e9chelonn\u00e9 Whirlpool avec un taux d'int\u00e9r\u00eat de 0%\",\"isPartOf\":{\"@id\":\"https:\\\/\\\/www.softub.ch\\\/fr\\\/#website\"},\"primaryImageOfPage\":{\"@id\":\"https:\\\/\\\/www.softub.ch\\\/produit\\\/softub-legend-mit-whirlpool-ratenzahlung\\\/#primaryimage\"},\"image\":{\"@id\":\"https:\\\/\\\/www.softub.ch\\\/produit\\\/softub-legend-mit-whirlpool-ratenzahlung\\\/#primaryimage\"},\"thumbnailUrl\":\"https:\\\/\\\/www.softub.ch\\\/wp-content\\\/uploads\\\/Ratenzahlung.jpg\",\"datePublished\":\"2019-10-11T17:57:46+00:00\",\"dateModified\":\"2025-02-10T11:32:37+00:00\",\"description\":\"Paiement \u00e9chelonn\u00e9 Whirlpool. Au lieu de payer un montant de 10'000 frs en une fois, optez pour notre solution et offre \u00e0 O % d\u2019int\u00e9r\u00eat. SOFTUB Spa.\",\"breadcrumb\":{\"@id\":\"https:\\\/\\\/www.softub.ch\\\/produit\\\/softub-legend-mit-whirlpool-ratenzahlung\\\/#breadcrumb\"},\"inLanguage\":\"fr-FR\",\"potentialAction\":[{\"@type\":\"ReadAction\",\"target\":[\"https:\\\/\\\/www.softub.ch\\\/produit\\\/softub-legend-mit-whirlpool-ratenzahlung\\\/\"]}]},{\"@type\":\"ImageObject\",\"inLanguage\":\"fr-FR\",\"@id\":\"https:\\\/\\\/www.softub.ch\\\/produit\\\/softub-legend-mit-whirlpool-ratenzahlung\\\/#primaryimage\",\"url\":\"https:\\\/\\\/www.softub.ch\\\/wp-content\\\/uploads\\\/Ratenzahlung.jpg\",\"contentUrl\":\"https:\\\/\\\/www.softub.ch\\\/wp-content\\\/uploads\\\/Ratenzahlung.jpg\",\"width\":2000,\"height\":1333,\"caption\":\"Financer Softub Legend avec paiement \u00e9chelonn\u00e9 du spa \u00e0 0% d'int\u00e9r\u00eats\"},{\"@type\":\"BreadcrumbList\",\"@id\":\"https:\\\/\\\/www.softub.ch\\\/produit\\\/softub-legend-mit-whirlpool-ratenzahlung\\\/#breadcrumb\",\"itemListElement\":[{\"@type\":\"ListItem\",\"position\":1,\"name\":\"Startseite\",\"item\":\"https:\\\/\\\/www.softub.ch\\\/fr\\\/\"},{\"@type\":\"ListItem\",\"position\":2,\"name\":\"Shop\",\"item\":\"https:\\\/\\\/www.softub.ch\\\/fr\\\/softub-suisse-shop\\\/\"},{\"@type\":\"ListItem\",\"position\":3,\"name\":\"Paiements par mensualit\u00e9s &#8211; Softub Spa Legend\"}]},{\"@type\":\"WebSite\",\"@id\":\"https:\\\/\\\/www.softub.ch\\\/fr\\\/#website\",\"url\":\"https:\\\/\\\/www.softub.ch\\\/fr\\\/\",\"name\":\"Softub Schweiz\",\"description\":\"Softub - Wir machen Ferien Zuhause\",\"publisher\":{\"@id\":\"https:\\\/\\\/www.softub.ch\\\/fr\\\/#organization\"},\"potentialAction\":[{\"@type\":\"SearchAction\",\"target\":{\"@type\":\"EntryPoint\",\"urlTemplate\":\"https:\\\/\\\/www.softub.ch\\\/fr\\\/?s={search_term_string}\"},\"query-input\":{\"@type\":\"PropertyValueSpecification\",\"valueRequired\":true,\"valueName\":\"search_term_string\"}}],\"inLanguage\":\"fr-FR\"},{\"@type\":\"Organization\",\"@id\":\"https:\\\/\\\/www.softub.ch\\\/fr\\\/#organization\",\"name\":\"Softub Schweiz AG\",\"url\":\"https:\\\/\\\/www.softub.ch\\\/fr\\\/\",\"logo\":{\"@type\":\"ImageObject\",\"inLanguage\":\"fr-FR\",\"@id\":\"https:\\\/\\\/www.softub.ch\\\/fr\\\/#\\\/schema\\\/logo\\\/image\\\/\",\"url\":\"https:\\\/\\\/www.softub.ch\\\/wp-content\\\/uploads\\\/Softub-Logo-Softub-Schweiz-.png\",\"contentUrl\":\"https:\\\/\\\/www.softub.ch\\\/wp-content\\\/uploads\\\/Softub-Logo-Softub-Schweiz-.png\",\"width\":200,\"height\":73,\"caption\":\"Softub Schweiz AG\"},\"image\":{\"@id\":\"https:\\\/\\\/www.softub.ch\\\/fr\\\/#\\\/schema\\\/logo\\\/image\\\/\"},\"sameAs\":[\"https:\\\/\\\/www.facebook.com\\\/softubschweiz\",\"https:\\\/\\\/www.instagram.com\\\/softub_schweiz\\\/\",\"https:\\\/\\\/ch.pinterest.com\\\/softub_schweiz\\\/\",\"https:\\\/\\\/www.linkedin.com\\\/company\\\/softub-schweiz-ag\\\/\"]}]}<\/script>\n<!-- \/ Yoast SEO Premium plugin. -->","yoast_head_json":{"title":"Paiement \u00e9chelonn\u00e9 Whirlpool avec un taux d'int\u00e9r\u00eat de 0%","description":"Paiement \u00e9chelonn\u00e9 Whirlpool. Au lieu de payer un montant de 10'000 frs en une fois, optez pour notre solution et offre \u00e0 O % d\u2019int\u00e9r\u00eat. SOFTUB Spa.","robots":{"index":"index","follow":"follow","max-snippet":"max-snippet:-1","max-image-preview":"max-image-preview:large","max-video-preview":"max-video-preview:-1"},"canonical":"https:\/\/www.softub.ch\/produit\/softub-legend-mit-whirlpool-ratenzahlung\/","og_locale":"fr_FR","og_type":"article","og_title":"Paiements par mensualit\u00e9s - Softub Spa Legend","og_description":"Paiement \u00e9chelonn\u00e9 Whirlpool. Au lieu de payer un montant de 10'000 frs en une fois, optez pour notre solution et offre \u00e0 O % d\u2019int\u00e9r\u00eat. SOFTUB Spa.","og_url":"https:\/\/www.softub.ch\/produit\/softub-legend-mit-whirlpool-ratenzahlung\/","og_site_name":"Softub Schweiz","article_publisher":"https:\/\/www.facebook.com\/softubschweiz","article_modified_time":"2025-02-10T11:32:37+00:00","og_image":[{"width":2000,"height":1333,"url":"https:\/\/www.softub.ch\/wp-content\/uploads\/Ratenzahlung.jpg","type":"image\/jpeg"}],"twitter_card":"summary_large_image","twitter_misc":{"Dur\u00e9e de lecture estim\u00e9e":"4 minutes"},"schema":{"@context":"https:\/\/schema.org","@graph":[{"@type":"WebPage","@id":"https:\/\/www.softub.ch\/produit\/softub-legend-mit-whirlpool-ratenzahlung\/","url":"https:\/\/www.softub.ch\/produit\/softub-legend-mit-whirlpool-ratenzahlung\/","name":"Paiement \u00e9chelonn\u00e9 Whirlpool avec un taux d'int\u00e9r\u00eat de 0%","isPartOf":{"@id":"https:\/\/www.softub.ch\/fr\/#website"},"primaryImageOfPage":{"@id":"https:\/\/www.softub.ch\/produit\/softub-legend-mit-whirlpool-ratenzahlung\/#primaryimage"},"image":{"@id":"https:\/\/www.softub.ch\/produit\/softub-legend-mit-whirlpool-ratenzahlung\/#primaryimage"},"thumbnailUrl":"https:\/\/www.softub.ch\/wp-content\/uploads\/Ratenzahlung.jpg","datePublished":"2019-10-11T17:57:46+00:00","dateModified":"2025-02-10T11:32:37+00:00","description":"Paiement \u00e9chelonn\u00e9 Whirlpool. Au lieu de payer un montant de 10'000 frs en une fois, optez pour notre solution et offre \u00e0 O % d\u2019int\u00e9r\u00eat. SOFTUB Spa.","breadcrumb":{"@id":"https:\/\/www.softub.ch\/produit\/softub-legend-mit-whirlpool-ratenzahlung\/#breadcrumb"},"inLanguage":"fr-FR","potentialAction":[{"@type":"ReadAction","target":["https:\/\/www.softub.ch\/produit\/softub-legend-mit-whirlpool-ratenzahlung\/"]}]},{"@type":"ImageObject","inLanguage":"fr-FR","@id":"https:\/\/www.softub.ch\/produit\/softub-legend-mit-whirlpool-ratenzahlung\/#primaryimage","url":"https:\/\/www.softub.ch\/wp-content\/uploads\/Ratenzahlung.jpg","contentUrl":"https:\/\/www.softub.ch\/wp-content\/uploads\/Ratenzahlung.jpg","width":2000,"height":1333,"caption":"Financer Softub Legend avec paiement \u00e9chelonn\u00e9 du spa \u00e0 0% d'int\u00e9r\u00eats"},{"@type":"BreadcrumbList","@id":"https:\/\/www.softub.ch\/produit\/softub-legend-mit-whirlpool-ratenzahlung\/#breadcrumb","itemListElement":[{"@type":"ListItem","position":1,"name":"Startseite","item":"https:\/\/www.softub.ch\/fr\/"},{"@type":"ListItem","position":2,"name":"Shop","item":"https:\/\/www.softub.ch\/fr\/softub-suisse-shop\/"},{"@type":"ListItem","position":3,"name":"Paiements par mensualit\u00e9s &#8211; Softub Spa Legend"}]},{"@type":"WebSite","@id":"https:\/\/www.softub.ch\/fr\/#website","url":"https:\/\/www.softub.ch\/fr\/","name":"Softub Schweiz","description":"Softub - Wir machen Ferien Zuhause","publisher":{"@id":"https:\/\/www.softub.ch\/fr\/#organization"},"potentialAction":[{"@type":"SearchAction","target":{"@type":"EntryPoint","urlTemplate":"https:\/\/www.softub.ch\/fr\/?s={search_term_string}"},"query-input":{"@type":"PropertyValueSpecification","valueRequired":true,"valueName":"search_term_string"}}],"inLanguage":"fr-FR"},{"@type":"Organization","@id":"https:\/\/www.softub.ch\/fr\/#organization","name":"Softub Schweiz AG","url":"https:\/\/www.softub.ch\/fr\/","logo":{"@type":"ImageObject","inLanguage":"fr-FR","@id":"https:\/\/www.softub.ch\/fr\/#\/schema\/logo\/image\/","url":"https:\/\/www.softub.ch\/wp-content\/uploads\/Softub-Logo-Softub-Schweiz-.png","contentUrl":"https:\/\/www.softub.ch\/wp-content\/uploads\/Softub-Logo-Softub-Schweiz-.png","width":200,"height":73,"caption":"Softub Schweiz AG"},"image":{"@id":"https:\/\/www.softub.ch\/fr\/#\/schema\/logo\/image\/"},"sameAs":["https:\/\/www.facebook.com\/softubschweiz","https:\/\/www.instagram.com\/softub_schweiz\/","https:\/\/ch.pinterest.com\/softub_schweiz\/","https:\/\/www.linkedin.com\/company\/softub-schweiz-ag\/"]}]}},"_links":{"self":[{"href":"https:\/\/www.softub.ch\/fr\/wp-json\/wp\/v2\/product\/5420","targetHints":{"allow":["GET"]}}],"collection":[{"href":"https:\/\/www.softub.ch\/fr\/wp-json\/wp\/v2\/product"}],"about":[{"href":"https:\/\/www.softub.ch\/fr\/wp-json\/wp\/v2\/types\/product"}],"wp:featuredmedia":[{"embeddable":true,"href":"https:\/\/www.softub.ch\/fr\/wp-json\/wp\/v2\/media\/9187"}],"wp:attachment":[{"href":"https:\/\/www.softub.ch\/fr\/wp-json\/wp\/v2\/media?parent=5420"}],"wp:term":[{"taxonomy":"product_brand","embeddable":true,"href":"https:\/\/www.softub.ch\/fr\/wp-json\/wp\/v2\/product_brand?post=5420"},{"taxonomy":"product_cat","embeddable":true,"href":"https:\/\/www.softub.ch\/fr\/wp-json\/wp\/v2\/product_cat?post=5420"},{"taxonomy":"product_tag","embeddable":true,"href":"https:\/\/www.softub.ch\/fr\/wp-json\/wp\/v2\/product_tag?post=5420"},{"taxonomy":"woo-feed-brand","embeddable":true,"href":"https:\/\/www.softub.ch\/fr\/wp-json\/wp\/v2\/woo-feed-brand?post=5420"}],"curies":[{"name":"wp","href":"https:\/\/api.w.org\/{rel}","templated":true}]}}