{"id":5448,"date":"2019-09-29T10:48:30","date_gmt":"2019-09-29T10:48:30","guid":{"rendered":"http:\/\/www.softub.ch\/product\/spazazz-crystals-his-her\/"},"modified":"2020-10-19T08:58:37","modified_gmt":"2020-10-19T08:58:37","slug":"spazazz-crystals-his-her","status":"publish","type":"product","link":"https:\/\/www.softub.ch\/fr\/produit\/spazazz-crystals-his-her\/","title":{"rendered":"Spazazz Crystals His &amp; Her &#8211; parfum imaginatifs"},"content":{"rendered":"<p>Une boite suffit pour environ 15 bains. Le parfum s&rsquo;\u00e9vapore dans eviron 1 heure environ.<\/p>\n<p>Contenu 482gr.<\/p>\n","protected":false},"excerpt":{"rendered":"<p>La s\u00e9rie Spazazz His &amp; Her, une aromath\u00e9rapie l\u00e9g\u00e8rement diff\u00e9rente dans 3 parfums diff\u00e9rents.<\/p>\n<ul>\n<li>Get Physical<\/li>\n<li>Play all night<\/li>\n<li>Fire &amp; Ice<\/li>\n<\/ul>\n","protected":false},"featured_media":24476,"template":"","meta":{"_acf_changed":false},"product_brand":[],"product_cat":[211],"product_tag":[278,259,4948,277,279,2315,4949,270,256],"woo-feed-brand":[],"class_list":{"0":"post-5448","1":"product","2":"type-product","3":"status-publish","4":"has-post-thumbnail","6":"product_cat-aromatherapie-parfums","7":"product_tag-aromatherapie-fr","8":"product_tag-jacuzzi-fr-2","9":"product_tag-oasis-de-wellness","10":"product_tag-parfum","11":"product_tag-parfums","12":"product_tag-softub-fr-2","13":"product_tag-softub-suisse","14":"product_tag-wellness-fr","15":"product_tag-whirlpool-fr","16":"product_shipping_class-post-15","18":"first","19":"instock","20":"taxable","21":"shipping-taxable","22":"purchasable","23":"product-type-variable"},"acf":[],"yoast_head":"<!-- This site is optimized with the Yoast SEO Premium plugin v27.3 (Yoast SEO v27.3) - https:\/\/yoast.com\/product\/yoast-seo-premium-wordpress\/ -->\n<title>Spazazz Crystals His &amp; Her - parfum imaginatifs - Softub Schweiz<\/title>\n<meta name=\"robots\" content=\"index, follow, max-snippet:-1, max-image-preview:large, max-video-preview:-1\" \/>\n<link rel=\"canonical\" href=\"https:\/\/www.softub.ch\/fr\/produit\/spazazz-crystals-his-her\/\" \/>\n<meta property=\"og:locale\" content=\"fr_FR\" \/>\n<meta property=\"og:type\" content=\"article\" \/>\n<meta property=\"og:title\" content=\"Spazazz Crystals His &amp; Her - parfum imaginatifs\" \/>\n<meta property=\"og:description\" content=\"La s\u00e9rie Spazazz His &amp; Her, une aromath\u00e9rapie l\u00e9g\u00e8rement diff\u00e9rente dans 3 parfums diff\u00e9rents.   Get Physical  Play all night  Fire &amp; Ice\" \/>\n<meta property=\"og:url\" content=\"https:\/\/www.softub.ch\/fr\/produit\/spazazz-crystals-his-her\/\" \/>\n<meta property=\"og:site_name\" content=\"Softub Schweiz\" \/>\n<meta property=\"article:publisher\" content=\"https:\/\/www.facebook.com\/softubschweiz\" \/>\n<meta property=\"article:modified_time\" content=\"2020-10-19T08:58:37+00:00\" \/>\n<meta property=\"og:image\" content=\"https:\/\/www.softub.ch\/wp-content\/uploads\/His-and-Hers-Spazazz-Crystals-Softub-Schweiz-0.jpg\" \/>\n\t<meta property=\"og:image:width\" content=\"825\" \/>\n\t<meta property=\"og:image:height\" content=\"500\" \/>\n\t<meta property=\"og:image:type\" content=\"image\/jpeg\" \/>\n<meta name=\"twitter:card\" content=\"summary_large_image\" \/>\n<script type=\"application\/ld+json\" class=\"yoast-schema-graph\">{\"@context\":\"https:\\\/\\\/schema.org\",\"@graph\":[{\"@type\":\"WebPage\",\"@id\":\"https:\\\/\\\/www.softub.ch\\\/fr\\\/produit\\\/spazazz-crystals-his-her\\\/\",\"url\":\"https:\\\/\\\/www.softub.ch\\\/fr\\\/produit\\\/spazazz-crystals-his-her\\\/\",\"name\":\"Spazazz Crystals His &amp; Her - parfum imaginatifs - Softub Schweiz\",\"isPartOf\":{\"@id\":\"https:\\\/\\\/www.softub.ch\\\/fr\\\/#website\"},\"primaryImageOfPage\":{\"@id\":\"https:\\\/\\\/www.softub.ch\\\/fr\\\/produit\\\/spazazz-crystals-his-her\\\/#primaryimage\"},\"image\":{\"@id\":\"https:\\\/\\\/www.softub.ch\\\/fr\\\/produit\\\/spazazz-crystals-his-her\\\/#primaryimage\"},\"thumbnailUrl\":\"https:\\\/\\\/www.softub.ch\\\/wp-content\\\/uploads\\\/His-and-Hers-Spazazz-Crystals-Softub-Schweiz-0.jpg\",\"datePublished\":\"2019-09-29T10:48:30+00:00\",\"dateModified\":\"2020-10-19T08:58:37+00:00\",\"breadcrumb\":{\"@id\":\"https:\\\/\\\/www.softub.ch\\\/fr\\\/produit\\\/spazazz-crystals-his-her\\\/#breadcrumb\"},\"inLanguage\":\"fr-FR\",\"potentialAction\":[{\"@type\":\"ReadAction\",\"target\":[\"https:\\\/\\\/www.softub.ch\\\/fr\\\/produit\\\/spazazz-crystals-his-her\\\/\"]}]},{\"@type\":\"ImageObject\",\"inLanguage\":\"fr-FR\",\"@id\":\"https:\\\/\\\/www.softub.ch\\\/fr\\\/produit\\\/spazazz-crystals-his-her\\\/#primaryimage\",\"url\":\"https:\\\/\\\/www.softub.ch\\\/wp-content\\\/uploads\\\/His-and-Hers-Spazazz-Crystals-Softub-Schweiz-0.jpg\",\"contentUrl\":\"https:\\\/\\\/www.softub.ch\\\/wp-content\\\/uploads\\\/His-and-Hers-Spazazz-Crystals-Softub-Schweiz-0.jpg\",\"width\":825,\"height\":500,\"caption\":\"Sechs Beh\u00e4lter mit schwarzen Etiketten in verschiedenen Farben auf weissem Hintergrund. Neben den Beh\u00e4lter sind verschiedene BIilder wie die amerikanische Flagge abgebildet.\"},{\"@type\":\"BreadcrumbList\",\"@id\":\"https:\\\/\\\/www.softub.ch\\\/fr\\\/produit\\\/spazazz-crystals-his-her\\\/#breadcrumb\",\"itemListElement\":[{\"@type\":\"ListItem\",\"position\":1,\"name\":\"Startseite\",\"item\":\"https:\\\/\\\/www.softub.ch\\\/fr\\\/\"},{\"@type\":\"ListItem\",\"position\":2,\"name\":\"Shop\",\"item\":\"https:\\\/\\\/www.softub.ch\\\/fr\\\/softub-suisse-shop\\\/\"},{\"@type\":\"ListItem\",\"position\":3,\"name\":\"Spazazz Crystals His &amp; Her &#8211; parfum imaginatifs\"}]},{\"@type\":\"WebSite\",\"@id\":\"https:\\\/\\\/www.softub.ch\\\/fr\\\/#website\",\"url\":\"https:\\\/\\\/www.softub.ch\\\/fr\\\/\",\"name\":\"Softub Schweiz\",\"description\":\"Softub - Wir machen Ferien Zuhause\",\"publisher\":{\"@id\":\"https:\\\/\\\/www.softub.ch\\\/fr\\\/#organization\"},\"potentialAction\":[{\"@type\":\"SearchAction\",\"target\":{\"@type\":\"EntryPoint\",\"urlTemplate\":\"https:\\\/\\\/www.softub.ch\\\/fr\\\/?s={search_term_string}\"},\"query-input\":{\"@type\":\"PropertyValueSpecification\",\"valueRequired\":true,\"valueName\":\"search_term_string\"}}],\"inLanguage\":\"fr-FR\"},{\"@type\":\"Organization\",\"@id\":\"https:\\\/\\\/www.softub.ch\\\/fr\\\/#organization\",\"name\":\"Softub Schweiz AG\",\"url\":\"https:\\\/\\\/www.softub.ch\\\/fr\\\/\",\"logo\":{\"@type\":\"ImageObject\",\"inLanguage\":\"fr-FR\",\"@id\":\"https:\\\/\\\/www.softub.ch\\\/fr\\\/#\\\/schema\\\/logo\\\/image\\\/\",\"url\":\"https:\\\/\\\/www.softub.ch\\\/wp-content\\\/uploads\\\/Softub-Logo-Softub-Schweiz-.png\",\"contentUrl\":\"https:\\\/\\\/www.softub.ch\\\/wp-content\\\/uploads\\\/Softub-Logo-Softub-Schweiz-.png\",\"width\":200,\"height\":73,\"caption\":\"Softub Schweiz AG\"},\"image\":{\"@id\":\"https:\\\/\\\/www.softub.ch\\\/fr\\\/#\\\/schema\\\/logo\\\/image\\\/\"},\"sameAs\":[\"https:\\\/\\\/www.facebook.com\\\/softubschweiz\",\"https:\\\/\\\/www.instagram.com\\\/softub_schweiz\\\/\",\"https:\\\/\\\/ch.pinterest.com\\\/softub_schweiz\\\/\",\"https:\\\/\\\/www.linkedin.com\\\/company\\\/softub-schweiz-ag\\\/\"]}]}<\/script>\n<!-- \/ Yoast SEO Premium plugin. -->","yoast_head_json":{"title":"Spazazz Crystals His &amp; Her - parfum imaginatifs - Softub Schweiz","robots":{"index":"index","follow":"follow","max-snippet":"max-snippet:-1","max-image-preview":"max-image-preview:large","max-video-preview":"max-video-preview:-1"},"canonical":"https:\/\/www.softub.ch\/fr\/produit\/spazazz-crystals-his-her\/","og_locale":"fr_FR","og_type":"article","og_title":"Spazazz Crystals His &amp; Her - parfum imaginatifs","og_description":"La s\u00e9rie Spazazz His &amp; Her, une aromath\u00e9rapie l\u00e9g\u00e8rement diff\u00e9rente dans 3 parfums diff\u00e9rents.   Get Physical  Play all night  Fire &amp; Ice","og_url":"https:\/\/www.softub.ch\/fr\/produit\/spazazz-crystals-his-her\/","og_site_name":"Softub Schweiz","article_publisher":"https:\/\/www.facebook.com\/softubschweiz","article_modified_time":"2020-10-19T08:58:37+00:00","og_image":[{"width":825,"height":500,"url":"https:\/\/www.softub.ch\/wp-content\/uploads\/His-and-Hers-Spazazz-Crystals-Softub-Schweiz-0.jpg","type":"image\/jpeg"}],"twitter_card":"summary_large_image","schema":{"@context":"https:\/\/schema.org","@graph":[{"@type":"WebPage","@id":"https:\/\/www.softub.ch\/fr\/produit\/spazazz-crystals-his-her\/","url":"https:\/\/www.softub.ch\/fr\/produit\/spazazz-crystals-his-her\/","name":"Spazazz Crystals His &amp; Her - parfum imaginatifs - Softub Schweiz","isPartOf":{"@id":"https:\/\/www.softub.ch\/fr\/#website"},"primaryImageOfPage":{"@id":"https:\/\/www.softub.ch\/fr\/produit\/spazazz-crystals-his-her\/#primaryimage"},"image":{"@id":"https:\/\/www.softub.ch\/fr\/produit\/spazazz-crystals-his-her\/#primaryimage"},"thumbnailUrl":"https:\/\/www.softub.ch\/wp-content\/uploads\/His-and-Hers-Spazazz-Crystals-Softub-Schweiz-0.jpg","datePublished":"2019-09-29T10:48:30+00:00","dateModified":"2020-10-19T08:58:37+00:00","breadcrumb":{"@id":"https:\/\/www.softub.ch\/fr\/produit\/spazazz-crystals-his-her\/#breadcrumb"},"inLanguage":"fr-FR","potentialAction":[{"@type":"ReadAction","target":["https:\/\/www.softub.ch\/fr\/produit\/spazazz-crystals-his-her\/"]}]},{"@type":"ImageObject","inLanguage":"fr-FR","@id":"https:\/\/www.softub.ch\/fr\/produit\/spazazz-crystals-his-her\/#primaryimage","url":"https:\/\/www.softub.ch\/wp-content\/uploads\/His-and-Hers-Spazazz-Crystals-Softub-Schweiz-0.jpg","contentUrl":"https:\/\/www.softub.ch\/wp-content\/uploads\/His-and-Hers-Spazazz-Crystals-Softub-Schweiz-0.jpg","width":825,"height":500,"caption":"Sechs Beh\u00e4lter mit schwarzen Etiketten in verschiedenen Farben auf weissem Hintergrund. Neben den Beh\u00e4lter sind verschiedene BIilder wie die amerikanische Flagge abgebildet."},{"@type":"BreadcrumbList","@id":"https:\/\/www.softub.ch\/fr\/produit\/spazazz-crystals-his-her\/#breadcrumb","itemListElement":[{"@type":"ListItem","position":1,"name":"Startseite","item":"https:\/\/www.softub.ch\/fr\/"},{"@type":"ListItem","position":2,"name":"Shop","item":"https:\/\/www.softub.ch\/fr\/softub-suisse-shop\/"},{"@type":"ListItem","position":3,"name":"Spazazz Crystals His &amp; Her &#8211; parfum imaginatifs"}]},{"@type":"WebSite","@id":"https:\/\/www.softub.ch\/fr\/#website","url":"https:\/\/www.softub.ch\/fr\/","name":"Softub Schweiz","description":"Softub - Wir machen Ferien Zuhause","publisher":{"@id":"https:\/\/www.softub.ch\/fr\/#organization"},"potentialAction":[{"@type":"SearchAction","target":{"@type":"EntryPoint","urlTemplate":"https:\/\/www.softub.ch\/fr\/?s={search_term_string}"},"query-input":{"@type":"PropertyValueSpecification","valueRequired":true,"valueName":"search_term_string"}}],"inLanguage":"fr-FR"},{"@type":"Organization","@id":"https:\/\/www.softub.ch\/fr\/#organization","name":"Softub Schweiz AG","url":"https:\/\/www.softub.ch\/fr\/","logo":{"@type":"ImageObject","inLanguage":"fr-FR","@id":"https:\/\/www.softub.ch\/fr\/#\/schema\/logo\/image\/","url":"https:\/\/www.softub.ch\/wp-content\/uploads\/Softub-Logo-Softub-Schweiz-.png","contentUrl":"https:\/\/www.softub.ch\/wp-content\/uploads\/Softub-Logo-Softub-Schweiz-.png","width":200,"height":73,"caption":"Softub Schweiz AG"},"image":{"@id":"https:\/\/www.softub.ch\/fr\/#\/schema\/logo\/image\/"},"sameAs":["https:\/\/www.facebook.com\/softubschweiz","https:\/\/www.instagram.com\/softub_schweiz\/","https:\/\/ch.pinterest.com\/softub_schweiz\/","https:\/\/www.linkedin.com\/company\/softub-schweiz-ag\/"]}]}},"_links":{"self":[{"href":"https:\/\/www.softub.ch\/fr\/wp-json\/wp\/v2\/product\/5448","targetHints":{"allow":["GET"]}}],"collection":[{"href":"https:\/\/www.softub.ch\/fr\/wp-json\/wp\/v2\/product"}],"about":[{"href":"https:\/\/www.softub.ch\/fr\/wp-json\/wp\/v2\/types\/product"}],"wp:featuredmedia":[{"embeddable":true,"href":"https:\/\/www.softub.ch\/fr\/wp-json\/wp\/v2\/media\/24476"}],"wp:attachment":[{"href":"https:\/\/www.softub.ch\/fr\/wp-json\/wp\/v2\/media?parent=5448"}],"wp:term":[{"taxonomy":"product_brand","embeddable":true,"href":"https:\/\/www.softub.ch\/fr\/wp-json\/wp\/v2\/product_brand?post=5448"},{"taxonomy":"product_cat","embeddable":true,"href":"https:\/\/www.softub.ch\/fr\/wp-json\/wp\/v2\/product_cat?post=5448"},{"taxonomy":"product_tag","embeddable":true,"href":"https:\/\/www.softub.ch\/fr\/wp-json\/wp\/v2\/product_tag?post=5448"},{"taxonomy":"woo-feed-brand","embeddable":true,"href":"https:\/\/www.softub.ch\/fr\/wp-json\/wp\/v2\/woo-feed-brand?post=5448"}],"curies":[{"name":"wp","href":"https:\/\/api.w.org\/{rel}","templated":true}]}}