{"id":5683,"date":"2020-07-15T15:34:29","date_gmt":"2019-10-13T15:34:29","guid":{"rendered":"http:\/\/www.softub.ch\/product\/softub-ibiza-beach-island-ensemble-de-base\/"},"modified":"2019-11-26T20:44:14","modified_gmt":"2019-11-26T20:44:14","slug":"softub-ibiza-beach-island-ensemble-de-base","status":"publish","type":"product","link":"https:\/\/www.softub.ch\/fr\/produit\/softub-ibiza-beach-island-ensemble-de-base\/","title":{"rendered":"Softub Ibiza Beach Island &#8211; ensemble de base"},"content":{"rendered":"","protected":false},"excerpt":{"rendered":"<p>Reconfigurez votre endroit pr\u00e9f\u00e9r\u00e9 avec l&rsquo;ensemble Ibiza Beach Island de Softub. Nous apportons le plus grand soin dans la fabrication et la choix des mat\u00e9riels de haute qualit\u00e9 pour vous offrir une composition harmonieuse.<\/p>\n<p>&nbsp;<\/p>\n<p><strong>L&rsquo;ensemble se compose de:<\/strong><\/p>\n<ul>\n<li>Ibiza Beach Island Pavillon 2.75 x 2.75 m<\/li>\n<li>2 x Newport Stepper bois<\/li>\n<li>1 x Grille bois<\/li>\n<li>Ensemble de rideaux<\/li>\n<\/ul>\n<p>&nbsp;<\/p>\n<p>D\u00e9lai de livraison 6 \u2013 8 semaines<\/p>\n","protected":false},"featured_media":5686,"template":"","meta":{"_acf_changed":false},"product_brand":[],"product_cat":[17],"product_tag":[289,259,4948,290,288,2315,4949,257,270,256],"woo-feed-brand":[],"class_list":{"0":"post-5683","1":"product","2":"type-product","3":"status-publish","4":"has-post-thumbnail","6":"product_cat-uncategorized","7":"product_tag-entourage","8":"product_tag-jacuzzi-fr-2","9":"product_tag-oasis-de-wellness","10":"product_tag-pavillon-fr-2","11":"product_tag-pavillon-de-bois","12":"product_tag-softub-fr-2","13":"product_tag-softub-suisse","14":"product_tag-spa-fr-2","15":"product_tag-wellness-fr","16":"product_tag-whirlpool-fr","17":"product_shipping_class-lkw","19":"first","20":"instock","21":"taxable","22":"shipping-taxable","23":"purchasable","24":"product-type-simple"},"acf":[],"yoast_head":"<!-- This site is optimized with the Yoast SEO Premium plugin v27.4 (Yoast SEO v27.4) - https:\/\/yoast.com\/product\/yoast-seo-premium-wordpress\/ -->\n<title>Softub Ibiza Beach Island - ensemble de base - Softub Schweiz<\/title>\n<meta name=\"robots\" content=\"index, follow, max-snippet:-1, max-image-preview:large, max-video-preview:-1\" \/>\n<link rel=\"canonical\" href=\"https:\/\/www.softub.ch\/fr\/produit\/softub-ibiza-beach-island-ensemble-de-base\/\" \/>\n<meta property=\"og:locale\" content=\"fr_FR\" \/>\n<meta property=\"og:type\" content=\"article\" \/>\n<meta property=\"og:title\" content=\"Softub Ibiza Beach Island - ensemble de base\" \/>\n<meta property=\"og:description\" content=\"Reconfigurez votre endroit pr\u00e9f\u00e9r\u00e9 avec l&#039;ensemble Ibiza Beach Island de Softub. Nous apportons le plus grand soin dans la fabrication et la choix des mat\u00e9riels de haute qualit\u00e9 pour vous offrir une composition harmonieuse.  &nbsp;  L&#039;ensemble se compose de:   Ibiza Beach Island Pavillon 2.75 x 2.75 m  2 x Newport Stepper bois  1 x Grille bois  Ensemble de rideaux  &nbsp;  D\u00e9lai de livraison 6 \u2013 8 semaines\" \/>\n<meta property=\"og:url\" content=\"https:\/\/www.softub.ch\/fr\/produit\/softub-ibiza-beach-island-ensemble-de-base\/\" \/>\n<meta property=\"og:site_name\" content=\"Softub Schweiz\" \/>\n<meta property=\"article:publisher\" content=\"https:\/\/www.facebook.com\/softubschweiz\" \/>\n<meta property=\"article:modified_time\" content=\"2019-11-26T20:44:14+00:00\" \/>\n<meta property=\"og:image\" content=\"https:\/\/www.softub.ch\/wp-content\/uploads\/ARA-Ibiza-Island-basic-1.2-e1570983834449.png\" \/>\n\t<meta property=\"og:image:width\" content=\"257\" \/>\n\t<meta property=\"og:image:height\" content=\"200\" \/>\n\t<meta property=\"og:image:type\" content=\"image\/png\" \/>\n<meta name=\"twitter:card\" content=\"summary_large_image\" \/>\n<script type=\"application\/ld+json\" class=\"yoast-schema-graph\">{\"@context\":\"https:\\\/\\\/schema.org\",\"@graph\":[{\"@type\":\"WebPage\",\"@id\":\"https:\\\/\\\/www.softub.ch\\\/fr\\\/produit\\\/softub-ibiza-beach-island-ensemble-de-base\\\/\",\"url\":\"https:\\\/\\\/www.softub.ch\\\/fr\\\/produit\\\/softub-ibiza-beach-island-ensemble-de-base\\\/\",\"name\":\"Softub Ibiza Beach Island - ensemble de base - Softub Schweiz\",\"isPartOf\":{\"@id\":\"https:\\\/\\\/www.softub.ch\\\/fr\\\/#website\"},\"primaryImageOfPage\":{\"@id\":\"https:\\\/\\\/www.softub.ch\\\/fr\\\/produit\\\/softub-ibiza-beach-island-ensemble-de-base\\\/#primaryimage\"},\"image\":{\"@id\":\"https:\\\/\\\/www.softub.ch\\\/fr\\\/produit\\\/softub-ibiza-beach-island-ensemble-de-base\\\/#primaryimage\"},\"thumbnailUrl\":\"https:\\\/\\\/www.softub.ch\\\/wp-content\\\/uploads\\\/ARA-Ibiza-Island-basic-1.2-e1570983834449.png\",\"datePublished\":\"2019-10-13T15:34:29+00:00\",\"dateModified\":\"2019-11-26T20:44:14+00:00\",\"breadcrumb\":{\"@id\":\"https:\\\/\\\/www.softub.ch\\\/fr\\\/produit\\\/softub-ibiza-beach-island-ensemble-de-base\\\/#breadcrumb\"},\"inLanguage\":\"fr-FR\",\"potentialAction\":[{\"@type\":\"ReadAction\",\"target\":[\"https:\\\/\\\/www.softub.ch\\\/fr\\\/produit\\\/softub-ibiza-beach-island-ensemble-de-base\\\/\"]}]},{\"@type\":\"ImageObject\",\"inLanguage\":\"fr-FR\",\"@id\":\"https:\\\/\\\/www.softub.ch\\\/fr\\\/produit\\\/softub-ibiza-beach-island-ensemble-de-base\\\/#primaryimage\",\"url\":\"https:\\\/\\\/www.softub.ch\\\/wp-content\\\/uploads\\\/ARA-Ibiza-Island-basic-1.2-e1570983834449.png\",\"contentUrl\":\"https:\\\/\\\/www.softub.ch\\\/wp-content\\\/uploads\\\/ARA-Ibiza-Island-basic-1.2-e1570983834449.png\",\"width\":257,\"height\":200,\"caption\":\"Ibiza Beach Island Pavillon. Softub Schweiz\"},{\"@type\":\"BreadcrumbList\",\"@id\":\"https:\\\/\\\/www.softub.ch\\\/fr\\\/produit\\\/softub-ibiza-beach-island-ensemble-de-base\\\/#breadcrumb\",\"itemListElement\":[{\"@type\":\"ListItem\",\"position\":1,\"name\":\"Startseite\",\"item\":\"https:\\\/\\\/www.softub.ch\\\/fr\\\/\"},{\"@type\":\"ListItem\",\"position\":2,\"name\":\"Shop\",\"item\":\"https:\\\/\\\/www.softub.ch\\\/fr\\\/softub-suisse-shop\\\/\"},{\"@type\":\"ListItem\",\"position\":3,\"name\":\"Softub Ibiza Beach Island &#8211; ensemble de base\"}]},{\"@type\":\"WebSite\",\"@id\":\"https:\\\/\\\/www.softub.ch\\\/fr\\\/#website\",\"url\":\"https:\\\/\\\/www.softub.ch\\\/fr\\\/\",\"name\":\"Softub Schweiz\",\"description\":\"Softub - Wir machen Ferien Zuhause\",\"publisher\":{\"@id\":\"https:\\\/\\\/www.softub.ch\\\/fr\\\/#organization\"},\"potentialAction\":[{\"@type\":\"SearchAction\",\"target\":{\"@type\":\"EntryPoint\",\"urlTemplate\":\"https:\\\/\\\/www.softub.ch\\\/fr\\\/?s={search_term_string}\"},\"query-input\":{\"@type\":\"PropertyValueSpecification\",\"valueRequired\":true,\"valueName\":\"search_term_string\"}}],\"inLanguage\":\"fr-FR\"},{\"@type\":\"Organization\",\"@id\":\"https:\\\/\\\/www.softub.ch\\\/fr\\\/#organization\",\"name\":\"Softub Schweiz AG\",\"url\":\"https:\\\/\\\/www.softub.ch\\\/fr\\\/\",\"logo\":{\"@type\":\"ImageObject\",\"inLanguage\":\"fr-FR\",\"@id\":\"https:\\\/\\\/www.softub.ch\\\/fr\\\/#\\\/schema\\\/logo\\\/image\\\/\",\"url\":\"https:\\\/\\\/www.softub.ch\\\/wp-content\\\/uploads\\\/Softub-Logo-Softub-Schweiz-.png\",\"contentUrl\":\"https:\\\/\\\/www.softub.ch\\\/wp-content\\\/uploads\\\/Softub-Logo-Softub-Schweiz-.png\",\"width\":200,\"height\":73,\"caption\":\"Softub Schweiz AG\"},\"image\":{\"@id\":\"https:\\\/\\\/www.softub.ch\\\/fr\\\/#\\\/schema\\\/logo\\\/image\\\/\"},\"sameAs\":[\"https:\\\/\\\/www.facebook.com\\\/softubschweiz\",\"https:\\\/\\\/www.instagram.com\\\/softub_schweiz\\\/\",\"https:\\\/\\\/ch.pinterest.com\\\/softub_schweiz\\\/\",\"https:\\\/\\\/www.linkedin.com\\\/company\\\/softub-schweiz-ag\\\/\"]}]}<\/script>\n<!-- \/ Yoast SEO Premium plugin. -->","yoast_head_json":{"title":"Softub Ibiza Beach Island - ensemble de base - Softub Schweiz","robots":{"index":"index","follow":"follow","max-snippet":"max-snippet:-1","max-image-preview":"max-image-preview:large","max-video-preview":"max-video-preview:-1"},"canonical":"https:\/\/www.softub.ch\/fr\/produit\/softub-ibiza-beach-island-ensemble-de-base\/","og_locale":"fr_FR","og_type":"article","og_title":"Softub Ibiza Beach Island - ensemble de base","og_description":"Reconfigurez votre endroit pr\u00e9f\u00e9r\u00e9 avec l'ensemble Ibiza Beach Island de Softub. Nous apportons le plus grand soin dans la fabrication et la choix des mat\u00e9riels de haute qualit\u00e9 pour vous offrir une composition harmonieuse.  &nbsp;  L'ensemble se compose de:   Ibiza Beach Island Pavillon 2.75 x 2.75 m  2 x Newport Stepper bois  1 x Grille bois  Ensemble de rideaux  &nbsp;  D\u00e9lai de livraison 6 \u2013 8 semaines","og_url":"https:\/\/www.softub.ch\/fr\/produit\/softub-ibiza-beach-island-ensemble-de-base\/","og_site_name":"Softub Schweiz","article_publisher":"https:\/\/www.facebook.com\/softubschweiz","article_modified_time":"2019-11-26T20:44:14+00:00","og_image":[{"width":257,"height":200,"url":"https:\/\/www.softub.ch\/wp-content\/uploads\/ARA-Ibiza-Island-basic-1.2-e1570983834449.png","type":"image\/png"}],"twitter_card":"summary_large_image","schema":{"@context":"https:\/\/schema.org","@graph":[{"@type":"WebPage","@id":"https:\/\/www.softub.ch\/fr\/produit\/softub-ibiza-beach-island-ensemble-de-base\/","url":"https:\/\/www.softub.ch\/fr\/produit\/softub-ibiza-beach-island-ensemble-de-base\/","name":"Softub Ibiza Beach Island - ensemble de base - Softub Schweiz","isPartOf":{"@id":"https:\/\/www.softub.ch\/fr\/#website"},"primaryImageOfPage":{"@id":"https:\/\/www.softub.ch\/fr\/produit\/softub-ibiza-beach-island-ensemble-de-base\/#primaryimage"},"image":{"@id":"https:\/\/www.softub.ch\/fr\/produit\/softub-ibiza-beach-island-ensemble-de-base\/#primaryimage"},"thumbnailUrl":"https:\/\/www.softub.ch\/wp-content\/uploads\/ARA-Ibiza-Island-basic-1.2-e1570983834449.png","datePublished":"2019-10-13T15:34:29+00:00","dateModified":"2019-11-26T20:44:14+00:00","breadcrumb":{"@id":"https:\/\/www.softub.ch\/fr\/produit\/softub-ibiza-beach-island-ensemble-de-base\/#breadcrumb"},"inLanguage":"fr-FR","potentialAction":[{"@type":"ReadAction","target":["https:\/\/www.softub.ch\/fr\/produit\/softub-ibiza-beach-island-ensemble-de-base\/"]}]},{"@type":"ImageObject","inLanguage":"fr-FR","@id":"https:\/\/www.softub.ch\/fr\/produit\/softub-ibiza-beach-island-ensemble-de-base\/#primaryimage","url":"https:\/\/www.softub.ch\/wp-content\/uploads\/ARA-Ibiza-Island-basic-1.2-e1570983834449.png","contentUrl":"https:\/\/www.softub.ch\/wp-content\/uploads\/ARA-Ibiza-Island-basic-1.2-e1570983834449.png","width":257,"height":200,"caption":"Ibiza Beach Island Pavillon. Softub Schweiz"},{"@type":"BreadcrumbList","@id":"https:\/\/www.softub.ch\/fr\/produit\/softub-ibiza-beach-island-ensemble-de-base\/#breadcrumb","itemListElement":[{"@type":"ListItem","position":1,"name":"Startseite","item":"https:\/\/www.softub.ch\/fr\/"},{"@type":"ListItem","position":2,"name":"Shop","item":"https:\/\/www.softub.ch\/fr\/softub-suisse-shop\/"},{"@type":"ListItem","position":3,"name":"Softub Ibiza Beach Island &#8211; ensemble de base"}]},{"@type":"WebSite","@id":"https:\/\/www.softub.ch\/fr\/#website","url":"https:\/\/www.softub.ch\/fr\/","name":"Softub Schweiz","description":"Softub - Wir machen Ferien Zuhause","publisher":{"@id":"https:\/\/www.softub.ch\/fr\/#organization"},"potentialAction":[{"@type":"SearchAction","target":{"@type":"EntryPoint","urlTemplate":"https:\/\/www.softub.ch\/fr\/?s={search_term_string}"},"query-input":{"@type":"PropertyValueSpecification","valueRequired":true,"valueName":"search_term_string"}}],"inLanguage":"fr-FR"},{"@type":"Organization","@id":"https:\/\/www.softub.ch\/fr\/#organization","name":"Softub Schweiz AG","url":"https:\/\/www.softub.ch\/fr\/","logo":{"@type":"ImageObject","inLanguage":"fr-FR","@id":"https:\/\/www.softub.ch\/fr\/#\/schema\/logo\/image\/","url":"https:\/\/www.softub.ch\/wp-content\/uploads\/Softub-Logo-Softub-Schweiz-.png","contentUrl":"https:\/\/www.softub.ch\/wp-content\/uploads\/Softub-Logo-Softub-Schweiz-.png","width":200,"height":73,"caption":"Softub Schweiz AG"},"image":{"@id":"https:\/\/www.softub.ch\/fr\/#\/schema\/logo\/image\/"},"sameAs":["https:\/\/www.facebook.com\/softubschweiz","https:\/\/www.instagram.com\/softub_schweiz\/","https:\/\/ch.pinterest.com\/softub_schweiz\/","https:\/\/www.linkedin.com\/company\/softub-schweiz-ag\/"]}]}},"_links":{"self":[{"href":"https:\/\/www.softub.ch\/fr\/wp-json\/wp\/v2\/product\/5683","targetHints":{"allow":["GET"]}}],"collection":[{"href":"https:\/\/www.softub.ch\/fr\/wp-json\/wp\/v2\/product"}],"about":[{"href":"https:\/\/www.softub.ch\/fr\/wp-json\/wp\/v2\/types\/product"}],"wp:featuredmedia":[{"embeddable":true,"href":"https:\/\/www.softub.ch\/fr\/wp-json\/wp\/v2\/media\/5686"}],"wp:attachment":[{"href":"https:\/\/www.softub.ch\/fr\/wp-json\/wp\/v2\/media?parent=5683"}],"wp:term":[{"taxonomy":"product_brand","embeddable":true,"href":"https:\/\/www.softub.ch\/fr\/wp-json\/wp\/v2\/product_brand?post=5683"},{"taxonomy":"product_cat","embeddable":true,"href":"https:\/\/www.softub.ch\/fr\/wp-json\/wp\/v2\/product_cat?post=5683"},{"taxonomy":"product_tag","embeddable":true,"href":"https:\/\/www.softub.ch\/fr\/wp-json\/wp\/v2\/product_tag?post=5683"},{"taxonomy":"woo-feed-brand","embeddable":true,"href":"https:\/\/www.softub.ch\/fr\/wp-json\/wp\/v2\/woo-feed-brand?post=5683"}],"curies":[{"name":"wp","href":"https:\/\/api.w.org\/{rel}","templated":true}]}}