{"id":5687,"date":"2020-07-16T11:35:09","date_gmt":"2019-10-13T11:35:09","guid":{"rendered":"http:\/\/www.softub.ch\/product\/softub-ibiza-beach-island-grand-ensemble\/"},"modified":"2022-06-30T06:50:07","modified_gmt":"2022-06-30T06:50:07","slug":"softub-ibiza-beach-island","status":"publish","type":"product","link":"https:\/\/www.softub.ch\/fr\/produit\/softub-ibiza-beach-island\/","title":{"rendered":"Softub Ibiza Beach Island &#8211; Grand ensemble"},"content":{"rendered":"","protected":false},"excerpt":{"rendered":"<p>Reconfigurez votre endroit pr\u00e9f\u00e9r\u00e9 avec l&rsquo;ensemble Ibiza Beach Island de Softub. Nous apportons le plus grand soin dans la fabrication et la choix des mat\u00e9riel de haute qualit\u00e9 pour vous offrir une composition harmonieuse.<\/p>\n<p>&nbsp;<\/p>\n<p><strong>L\u2019ensemble se compose de:<\/strong><\/p>\n<ul>\n<li>Ibiza Beach Island Pavillon 4.09 x 2.75 m<\/li>\n<li>2 x Newport Stepper bois<\/li>\n<li>1 x Grille bois<\/li>\n<li>Ensemble de rideaux<\/li>\n<\/ul>\n<p>&nbsp;<\/p>\n<p>D\u00e9lai de livraison 6 \u2013 8 semaines<\/p>\n","protected":false},"featured_media":5690,"template":"","meta":{"_acf_changed":false},"product_brand":[],"product_cat":[6469],"product_tag":[289,259,290,288,2315,4949,256],"woo-feed-brand":[],"class_list":{"0":"post-5687","1":"product","2":"type-product","3":"status-publish","4":"has-post-thumbnail","6":"product_cat-non-categorise","7":"product_tag-entourage","8":"product_tag-jacuzzi-fr-2","9":"product_tag-pavillon-fr-2","10":"product_tag-pavillon-de-bois","11":"product_tag-softub-fr-2","12":"product_tag-softub-suisse","13":"product_tag-whirlpool-fr","14":"product_shipping_class-lkw","16":"first","17":"instock","18":"taxable","19":"shipping-taxable","20":"purchasable","21":"product-type-simple"},"acf":[],"yoast_head":"<!-- This site is optimized with the Yoast SEO Premium plugin v27.5 (Yoast SEO v27.5) - https:\/\/yoast.com\/product\/yoast-seo-premium-wordpress\/ -->\n<title>Softub Ibiza Beach Island - Grand ensemble - Softub Schweiz<\/title>\n<meta name=\"robots\" content=\"index, follow, max-snippet:-1, max-image-preview:large, max-video-preview:-1\" \/>\n<link rel=\"canonical\" href=\"https:\/\/www.softub.ch\/fr\/produit\/softub-ibiza-beach-island\/\" \/>\n<meta property=\"og:locale\" content=\"fr_FR\" \/>\n<meta property=\"og:type\" content=\"article\" \/>\n<meta property=\"og:title\" content=\"Softub Ibiza Beach Island - Grand ensemble\" \/>\n<meta property=\"og:description\" content=\"Reconfigurez votre endroit pr\u00e9f\u00e9r\u00e9 avec l&#039;ensemble Ibiza Beach Island de Softub. Nous apportons le plus grand soin dans la fabrication et la choix des mat\u00e9riel de haute qualit\u00e9 pour vous offrir une composition harmonieuse.  &nbsp;  L\u2019ensemble se compose de:   Ibiza Beach Island Pavillon 4.09 x 2.75 m  2 x Newport Stepper bois  1 x Grille bois  Ensemble de rideaux  &nbsp;  D\u00e9lai de livraison 6 \u2013 8 semaines\" \/>\n<meta property=\"og:url\" content=\"https:\/\/www.softub.ch\/fr\/produit\/softub-ibiza-beach-island\/\" \/>\n<meta property=\"og:site_name\" content=\"Softub Schweiz\" \/>\n<meta property=\"article:publisher\" content=\"https:\/\/www.facebook.com\/softubschweiz\" \/>\n<meta property=\"article:modified_time\" content=\"2022-06-30T06:50:07+00:00\" \/>\n<meta property=\"og:image\" content=\"https:\/\/www.softub.ch\/wp-content\/uploads\/ARA-Ibiza-Island-grande-1-e1570980749540.png\" \/>\n\t<meta property=\"og:image:width\" content=\"549\" \/>\n\t<meta property=\"og:image:height\" content=\"360\" \/>\n\t<meta property=\"og:image:type\" content=\"image\/png\" \/>\n<meta name=\"twitter:card\" content=\"summary_large_image\" \/>\n<script type=\"application\/ld+json\" class=\"yoast-schema-graph\">{\"@context\":\"https:\\\/\\\/schema.org\",\"@graph\":[{\"@type\":\"WebPage\",\"@id\":\"https:\\\/\\\/www.softub.ch\\\/fr\\\/produit\\\/softub-ibiza-beach-island\\\/\",\"url\":\"https:\\\/\\\/www.softub.ch\\\/fr\\\/produit\\\/softub-ibiza-beach-island\\\/\",\"name\":\"Softub Ibiza Beach Island - Grand ensemble - Softub Schweiz\",\"isPartOf\":{\"@id\":\"https:\\\/\\\/www.softub.ch\\\/fr\\\/#website\"},\"primaryImageOfPage\":{\"@id\":\"https:\\\/\\\/www.softub.ch\\\/fr\\\/produit\\\/softub-ibiza-beach-island\\\/#primaryimage\"},\"image\":{\"@id\":\"https:\\\/\\\/www.softub.ch\\\/fr\\\/produit\\\/softub-ibiza-beach-island\\\/#primaryimage\"},\"thumbnailUrl\":\"https:\\\/\\\/www.softub.ch\\\/wp-content\\\/uploads\\\/ARA-Ibiza-Island-grande-1-e1570980749540.png\",\"datePublished\":\"2019-10-13T11:35:09+00:00\",\"dateModified\":\"2022-06-30T06:50:07+00:00\",\"breadcrumb\":{\"@id\":\"https:\\\/\\\/www.softub.ch\\\/fr\\\/produit\\\/softub-ibiza-beach-island\\\/#breadcrumb\"},\"inLanguage\":\"fr-FR\",\"potentialAction\":[{\"@type\":\"ReadAction\",\"target\":[\"https:\\\/\\\/www.softub.ch\\\/fr\\\/produit\\\/softub-ibiza-beach-island\\\/\"]}]},{\"@type\":\"ImageObject\",\"inLanguage\":\"fr-FR\",\"@id\":\"https:\\\/\\\/www.softub.ch\\\/fr\\\/produit\\\/softub-ibiza-beach-island\\\/#primaryimage\",\"url\":\"https:\\\/\\\/www.softub.ch\\\/wp-content\\\/uploads\\\/ARA-Ibiza-Island-grande-1-e1570980749540.png\",\"contentUrl\":\"https:\\\/\\\/www.softub.ch\\\/wp-content\\\/uploads\\\/ARA-Ibiza-Island-grande-1-e1570980749540.png\",\"width\":549,\"height\":360,\"caption\":\"Softub Beach Island Pavillon. Softub Schweiz. \u00dcberdachung f\u00fcr Ihren Softub, Whirlpool, Jacuzzi. Perfekte \u00dcberdachung oder Schattenspender f\u00fcr Ihren Softub.\"},{\"@type\":\"BreadcrumbList\",\"@id\":\"https:\\\/\\\/www.softub.ch\\\/fr\\\/produit\\\/softub-ibiza-beach-island\\\/#breadcrumb\",\"itemListElement\":[{\"@type\":\"ListItem\",\"position\":1,\"name\":\"Startseite\",\"item\":\"https:\\\/\\\/www.softub.ch\\\/fr\\\/\"},{\"@type\":\"ListItem\",\"position\":2,\"name\":\"Shop\",\"item\":\"https:\\\/\\\/www.softub.ch\\\/fr\\\/softub-suisse-shop\\\/\"},{\"@type\":\"ListItem\",\"position\":3,\"name\":\"Softub Ibiza Beach Island &#8211; Grand ensemble\"}]},{\"@type\":\"WebSite\",\"@id\":\"https:\\\/\\\/www.softub.ch\\\/fr\\\/#website\",\"url\":\"https:\\\/\\\/www.softub.ch\\\/fr\\\/\",\"name\":\"Softub Schweiz\",\"description\":\"Softub - Wir machen Ferien Zuhause\",\"publisher\":{\"@id\":\"https:\\\/\\\/www.softub.ch\\\/fr\\\/#organization\"},\"potentialAction\":[{\"@type\":\"SearchAction\",\"target\":{\"@type\":\"EntryPoint\",\"urlTemplate\":\"https:\\\/\\\/www.softub.ch\\\/fr\\\/?s={search_term_string}\"},\"query-input\":{\"@type\":\"PropertyValueSpecification\",\"valueRequired\":true,\"valueName\":\"search_term_string\"}}],\"inLanguage\":\"fr-FR\"},{\"@type\":\"Organization\",\"@id\":\"https:\\\/\\\/www.softub.ch\\\/fr\\\/#organization\",\"name\":\"Softub Schweiz AG\",\"url\":\"https:\\\/\\\/www.softub.ch\\\/fr\\\/\",\"logo\":{\"@type\":\"ImageObject\",\"inLanguage\":\"fr-FR\",\"@id\":\"https:\\\/\\\/www.softub.ch\\\/fr\\\/#\\\/schema\\\/logo\\\/image\\\/\",\"url\":\"https:\\\/\\\/www.softub.ch\\\/wp-content\\\/uploads\\\/Softub-Logo-Softub-Schweiz-.png\",\"contentUrl\":\"https:\\\/\\\/www.softub.ch\\\/wp-content\\\/uploads\\\/Softub-Logo-Softub-Schweiz-.png\",\"width\":200,\"height\":73,\"caption\":\"Softub Schweiz AG\"},\"image\":{\"@id\":\"https:\\\/\\\/www.softub.ch\\\/fr\\\/#\\\/schema\\\/logo\\\/image\\\/\"},\"sameAs\":[\"https:\\\/\\\/www.facebook.com\\\/softubschweiz\",\"https:\\\/\\\/www.instagram.com\\\/softub_schweiz\\\/\",\"https:\\\/\\\/ch.pinterest.com\\\/softub_schweiz\\\/\",\"https:\\\/\\\/www.linkedin.com\\\/company\\\/softub-schweiz-ag\\\/\"]}]}<\/script>\n<!-- \/ Yoast SEO Premium plugin. -->","yoast_head_json":{"title":"Softub Ibiza Beach Island - Grand ensemble - Softub Schweiz","robots":{"index":"index","follow":"follow","max-snippet":"max-snippet:-1","max-image-preview":"max-image-preview:large","max-video-preview":"max-video-preview:-1"},"canonical":"https:\/\/www.softub.ch\/fr\/produit\/softub-ibiza-beach-island\/","og_locale":"fr_FR","og_type":"article","og_title":"Softub Ibiza Beach Island - Grand ensemble","og_description":"Reconfigurez votre endroit pr\u00e9f\u00e9r\u00e9 avec l'ensemble Ibiza Beach Island de Softub. Nous apportons le plus grand soin dans la fabrication et la choix des mat\u00e9riel de haute qualit\u00e9 pour vous offrir une composition harmonieuse.  &nbsp;  L\u2019ensemble se compose de:   Ibiza Beach Island Pavillon 4.09 x 2.75 m  2 x Newport Stepper bois  1 x Grille bois  Ensemble de rideaux  &nbsp;  D\u00e9lai de livraison 6 \u2013 8 semaines","og_url":"https:\/\/www.softub.ch\/fr\/produit\/softub-ibiza-beach-island\/","og_site_name":"Softub Schweiz","article_publisher":"https:\/\/www.facebook.com\/softubschweiz","article_modified_time":"2022-06-30T06:50:07+00:00","og_image":[{"width":549,"height":360,"url":"https:\/\/www.softub.ch\/wp-content\/uploads\/ARA-Ibiza-Island-grande-1-e1570980749540.png","type":"image\/png"}],"twitter_card":"summary_large_image","schema":{"@context":"https:\/\/schema.org","@graph":[{"@type":"WebPage","@id":"https:\/\/www.softub.ch\/fr\/produit\/softub-ibiza-beach-island\/","url":"https:\/\/www.softub.ch\/fr\/produit\/softub-ibiza-beach-island\/","name":"Softub Ibiza Beach Island - Grand ensemble - Softub Schweiz","isPartOf":{"@id":"https:\/\/www.softub.ch\/fr\/#website"},"primaryImageOfPage":{"@id":"https:\/\/www.softub.ch\/fr\/produit\/softub-ibiza-beach-island\/#primaryimage"},"image":{"@id":"https:\/\/www.softub.ch\/fr\/produit\/softub-ibiza-beach-island\/#primaryimage"},"thumbnailUrl":"https:\/\/www.softub.ch\/wp-content\/uploads\/ARA-Ibiza-Island-grande-1-e1570980749540.png","datePublished":"2019-10-13T11:35:09+00:00","dateModified":"2022-06-30T06:50:07+00:00","breadcrumb":{"@id":"https:\/\/www.softub.ch\/fr\/produit\/softub-ibiza-beach-island\/#breadcrumb"},"inLanguage":"fr-FR","potentialAction":[{"@type":"ReadAction","target":["https:\/\/www.softub.ch\/fr\/produit\/softub-ibiza-beach-island\/"]}]},{"@type":"ImageObject","inLanguage":"fr-FR","@id":"https:\/\/www.softub.ch\/fr\/produit\/softub-ibiza-beach-island\/#primaryimage","url":"https:\/\/www.softub.ch\/wp-content\/uploads\/ARA-Ibiza-Island-grande-1-e1570980749540.png","contentUrl":"https:\/\/www.softub.ch\/wp-content\/uploads\/ARA-Ibiza-Island-grande-1-e1570980749540.png","width":549,"height":360,"caption":"Softub Beach Island Pavillon. Softub Schweiz. \u00dcberdachung f\u00fcr Ihren Softub, Whirlpool, Jacuzzi. Perfekte \u00dcberdachung oder Schattenspender f\u00fcr Ihren Softub."},{"@type":"BreadcrumbList","@id":"https:\/\/www.softub.ch\/fr\/produit\/softub-ibiza-beach-island\/#breadcrumb","itemListElement":[{"@type":"ListItem","position":1,"name":"Startseite","item":"https:\/\/www.softub.ch\/fr\/"},{"@type":"ListItem","position":2,"name":"Shop","item":"https:\/\/www.softub.ch\/fr\/softub-suisse-shop\/"},{"@type":"ListItem","position":3,"name":"Softub Ibiza Beach Island &#8211; Grand ensemble"}]},{"@type":"WebSite","@id":"https:\/\/www.softub.ch\/fr\/#website","url":"https:\/\/www.softub.ch\/fr\/","name":"Softub Schweiz","description":"Softub - Wir machen Ferien Zuhause","publisher":{"@id":"https:\/\/www.softub.ch\/fr\/#organization"},"potentialAction":[{"@type":"SearchAction","target":{"@type":"EntryPoint","urlTemplate":"https:\/\/www.softub.ch\/fr\/?s={search_term_string}"},"query-input":{"@type":"PropertyValueSpecification","valueRequired":true,"valueName":"search_term_string"}}],"inLanguage":"fr-FR"},{"@type":"Organization","@id":"https:\/\/www.softub.ch\/fr\/#organization","name":"Softub Schweiz AG","url":"https:\/\/www.softub.ch\/fr\/","logo":{"@type":"ImageObject","inLanguage":"fr-FR","@id":"https:\/\/www.softub.ch\/fr\/#\/schema\/logo\/image\/","url":"https:\/\/www.softub.ch\/wp-content\/uploads\/Softub-Logo-Softub-Schweiz-.png","contentUrl":"https:\/\/www.softub.ch\/wp-content\/uploads\/Softub-Logo-Softub-Schweiz-.png","width":200,"height":73,"caption":"Softub Schweiz AG"},"image":{"@id":"https:\/\/www.softub.ch\/fr\/#\/schema\/logo\/image\/"},"sameAs":["https:\/\/www.facebook.com\/softubschweiz","https:\/\/www.instagram.com\/softub_schweiz\/","https:\/\/ch.pinterest.com\/softub_schweiz\/","https:\/\/www.linkedin.com\/company\/softub-schweiz-ag\/"]}]}},"_links":{"self":[{"href":"https:\/\/www.softub.ch\/fr\/wp-json\/wp\/v2\/product\/5687","targetHints":{"allow":["GET"]}}],"collection":[{"href":"https:\/\/www.softub.ch\/fr\/wp-json\/wp\/v2\/product"}],"about":[{"href":"https:\/\/www.softub.ch\/fr\/wp-json\/wp\/v2\/types\/product"}],"wp:featuredmedia":[{"embeddable":true,"href":"https:\/\/www.softub.ch\/fr\/wp-json\/wp\/v2\/media\/5690"}],"wp:attachment":[{"href":"https:\/\/www.softub.ch\/fr\/wp-json\/wp\/v2\/media?parent=5687"}],"wp:term":[{"taxonomy":"product_brand","embeddable":true,"href":"https:\/\/www.softub.ch\/fr\/wp-json\/wp\/v2\/product_brand?post=5687"},{"taxonomy":"product_cat","embeddable":true,"href":"https:\/\/www.softub.ch\/fr\/wp-json\/wp\/v2\/product_cat?post=5687"},{"taxonomy":"product_tag","embeddable":true,"href":"https:\/\/www.softub.ch\/fr\/wp-json\/wp\/v2\/product_tag?post=5687"},{"taxonomy":"woo-feed-brand","embeddable":true,"href":"https:\/\/www.softub.ch\/fr\/wp-json\/wp\/v2\/woo-feed-brand?post=5687"}],"curies":[{"name":"wp","href":"https:\/\/api.w.org\/{rel}","templated":true}]}}