{"id":5773,"date":"2019-03-14T15:16:53","date_gmt":"2019-03-14T15:16:53","guid":{"rendered":"http:\/\/www.softub.ch\/product\/kaercher-pompe-de-vidage-sp-1\/"},"modified":"2025-12-10T02:35:09","modified_gmt":"2025-12-10T01:35:09","slug":"kaercher-pompe-de-vidage-sp-1","status":"publish","type":"product","link":"https:\/\/www.softub.ch\/fr\/produit\/kaercher-pompe-de-vidage-sp-1\/","title":{"rendered":"K\u00e4rcher pompe d&rsquo;evacuation &#8211; pour un changement rapide"},"content":{"rendered":"","protected":false},"excerpt":{"rendered":"<p>Avec cette pompe d&rsquo;evacuation, le changement d&rsquo;eau devient un jeu d&rsquo;enfant. La Pompe submersible robuste et fiable de K\u00e4rcher pr\u00e9sent les caract\u00e9ristiques suivantes:<\/p>\n<ul>\n<li>Robuste et fiable: d\u2019un d\u00e9bit\u00a0max. de 5500 l\/<\/li>\n<li>Pi\u00e8ce de raccordement pour la connexion rapide et simple de tuyaux de 1 1\/4&Prime; \u00e0 la pompe<\/li>\n<li>Interrupteur \u00e0 flotteur pour \u00e9teindre automatiquement la pompe, prot\u00e8ge du fonctionnement \u00e0 sec<\/li>\n<\/ul>\n","protected":false},"featured_media":5775,"template":"","meta":{"_acf_changed":false},"product_brand":[],"product_cat":[212],"product_tag":[],"woo-feed-brand":[],"class_list":{"0":"post-5773","1":"product","2":"type-product","3":"status-publish","4":"has-post-thumbnail","6":"product_cat-accessoires","7":"product_shipping_class-post-15","9":"first","10":"instock","11":"taxable","12":"shipping-taxable","13":"purchasable","14":"product-type-simple"},"acf":[],"yoast_head":"<!-- This site is optimized with the Yoast SEO Premium plugin v27.4 (Yoast SEO v27.4) - https:\/\/yoast.com\/product\/yoast-seo-premium-wordpress\/ -->\n<title>K\u00e4rcher pompe d&#039;evacuation - pour un changement rapide - Softub Schweiz<\/title>\n<meta name=\"robots\" content=\"index, follow, max-snippet:-1, max-image-preview:large, max-video-preview:-1\" \/>\n<link rel=\"canonical\" href=\"https:\/\/www.softub.ch\/fr\/produit\/kaercher-pompe-de-vidage-sp-1\/\" \/>\n<meta property=\"og:locale\" content=\"fr_FR\" \/>\n<meta property=\"og:type\" content=\"article\" \/>\n<meta property=\"og:title\" content=\"K\u00e4rcher pompe d&#039;evacuation - pour un changement rapide\" \/>\n<meta property=\"og:description\" content=\"Avec cette pompe d&#039;evacuation, le changement d&#039;eau devient un jeu d&#039;enfant. La Pompe submersible robuste et fiable de K\u00e4rcher pr\u00e9sent les caract\u00e9ristiques suivantes:   Robuste et fiable: d\u2019un d\u00e9bit\u00a0max. de 5500 l\/  Pi\u00e8ce de raccordement pour la connexion rapide et simple de tuyaux de 1 1\/4&quot; \u00e0 la pompe  Interrupteur \u00e0 flotteur pour \u00e9teindre automatiquement la pompe, prot\u00e8ge du fonctionnement \u00e0 sec\" \/>\n<meta property=\"og:url\" content=\"https:\/\/www.softub.ch\/fr\/produit\/kaercher-pompe-de-vidage-sp-1\/\" \/>\n<meta property=\"og:site_name\" content=\"Softub Schweiz\" \/>\n<meta property=\"article:publisher\" content=\"https:\/\/www.facebook.com\/softubschweiz\" \/>\n<meta property=\"article:modified_time\" content=\"2025-12-10T01:35:09+00:00\" \/>\n<meta property=\"og:image\" content=\"https:\/\/www.softub.ch\/wp-content\/uploads\/karcher-tauchpumpe-sp-1-1-e1569796281178.png\" \/>\n\t<meta property=\"og:image:width\" content=\"223\" \/>\n\t<meta property=\"og:image:height\" content=\"210\" \/>\n\t<meta property=\"og:image:type\" content=\"image\/png\" \/>\n<meta name=\"twitter:card\" content=\"summary_large_image\" \/>\n<script type=\"application\/ld+json\" class=\"yoast-schema-graph\">{\"@context\":\"https:\\\/\\\/schema.org\",\"@graph\":[{\"@type\":\"WebPage\",\"@id\":\"https:\\\/\\\/www.softub.ch\\\/fr\\\/produit\\\/kaercher-pompe-de-vidage-sp-1\\\/\",\"url\":\"https:\\\/\\\/www.softub.ch\\\/fr\\\/produit\\\/kaercher-pompe-de-vidage-sp-1\\\/\",\"name\":\"K\u00e4rcher pompe d'evacuation - pour un changement rapide - Softub Schweiz\",\"isPartOf\":{\"@id\":\"https:\\\/\\\/www.softub.ch\\\/fr\\\/#website\"},\"primaryImageOfPage\":{\"@id\":\"https:\\\/\\\/www.softub.ch\\\/fr\\\/produit\\\/kaercher-pompe-de-vidage-sp-1\\\/#primaryimage\"},\"image\":{\"@id\":\"https:\\\/\\\/www.softub.ch\\\/fr\\\/produit\\\/kaercher-pompe-de-vidage-sp-1\\\/#primaryimage\"},\"thumbnailUrl\":\"https:\\\/\\\/www.softub.ch\\\/wp-content\\\/uploads\\\/karcher-tauchpumpe-sp-1-1-e1569796281178.png\",\"datePublished\":\"2019-03-14T15:16:53+00:00\",\"dateModified\":\"2025-12-10T01:35:09+00:00\",\"breadcrumb\":{\"@id\":\"https:\\\/\\\/www.softub.ch\\\/fr\\\/produit\\\/kaercher-pompe-de-vidage-sp-1\\\/#breadcrumb\"},\"inLanguage\":\"fr-FR\",\"potentialAction\":[{\"@type\":\"ReadAction\",\"target\":[\"https:\\\/\\\/www.softub.ch\\\/fr\\\/produit\\\/kaercher-pompe-de-vidage-sp-1\\\/\"]}]},{\"@type\":\"ImageObject\",\"inLanguage\":\"fr-FR\",\"@id\":\"https:\\\/\\\/www.softub.ch\\\/fr\\\/produit\\\/kaercher-pompe-de-vidage-sp-1\\\/#primaryimage\",\"url\":\"https:\\\/\\\/www.softub.ch\\\/wp-content\\\/uploads\\\/karcher-tauchpumpe-sp-1-1-e1569796281178.png\",\"contentUrl\":\"https:\\\/\\\/www.softub.ch\\\/wp-content\\\/uploads\\\/karcher-tauchpumpe-sp-1-1-e1569796281178.png\",\"width\":223,\"height\":210,\"caption\":\"K\u00e4rcher Tauchpumpe\"},{\"@type\":\"BreadcrumbList\",\"@id\":\"https:\\\/\\\/www.softub.ch\\\/fr\\\/produit\\\/kaercher-pompe-de-vidage-sp-1\\\/#breadcrumb\",\"itemListElement\":[{\"@type\":\"ListItem\",\"position\":1,\"name\":\"Startseite\",\"item\":\"https:\\\/\\\/www.softub.ch\\\/fr\\\/\"},{\"@type\":\"ListItem\",\"position\":2,\"name\":\"Shop\",\"item\":\"https:\\\/\\\/www.softub.ch\\\/fr\\\/softub-suisse-shop\\\/\"},{\"@type\":\"ListItem\",\"position\":3,\"name\":\"K\u00e4rcher pompe d&#8217;evacuation &#8211; pour un changement rapide\"}]},{\"@type\":\"WebSite\",\"@id\":\"https:\\\/\\\/www.softub.ch\\\/fr\\\/#website\",\"url\":\"https:\\\/\\\/www.softub.ch\\\/fr\\\/\",\"name\":\"Softub Schweiz\",\"description\":\"Softub - Wir machen Ferien Zuhause\",\"publisher\":{\"@id\":\"https:\\\/\\\/www.softub.ch\\\/fr\\\/#organization\"},\"potentialAction\":[{\"@type\":\"SearchAction\",\"target\":{\"@type\":\"EntryPoint\",\"urlTemplate\":\"https:\\\/\\\/www.softub.ch\\\/fr\\\/?s={search_term_string}\"},\"query-input\":{\"@type\":\"PropertyValueSpecification\",\"valueRequired\":true,\"valueName\":\"search_term_string\"}}],\"inLanguage\":\"fr-FR\"},{\"@type\":\"Organization\",\"@id\":\"https:\\\/\\\/www.softub.ch\\\/fr\\\/#organization\",\"name\":\"Softub Schweiz AG\",\"url\":\"https:\\\/\\\/www.softub.ch\\\/fr\\\/\",\"logo\":{\"@type\":\"ImageObject\",\"inLanguage\":\"fr-FR\",\"@id\":\"https:\\\/\\\/www.softub.ch\\\/fr\\\/#\\\/schema\\\/logo\\\/image\\\/\",\"url\":\"https:\\\/\\\/www.softub.ch\\\/wp-content\\\/uploads\\\/Softub-Logo-Softub-Schweiz-.png\",\"contentUrl\":\"https:\\\/\\\/www.softub.ch\\\/wp-content\\\/uploads\\\/Softub-Logo-Softub-Schweiz-.png\",\"width\":200,\"height\":73,\"caption\":\"Softub Schweiz AG\"},\"image\":{\"@id\":\"https:\\\/\\\/www.softub.ch\\\/fr\\\/#\\\/schema\\\/logo\\\/image\\\/\"},\"sameAs\":[\"https:\\\/\\\/www.facebook.com\\\/softubschweiz\",\"https:\\\/\\\/www.instagram.com\\\/softub_schweiz\\\/\",\"https:\\\/\\\/ch.pinterest.com\\\/softub_schweiz\\\/\",\"https:\\\/\\\/www.linkedin.com\\\/company\\\/softub-schweiz-ag\\\/\"]}]}<\/script>\n<!-- \/ Yoast SEO Premium plugin. -->","yoast_head_json":{"title":"K\u00e4rcher pompe d'evacuation - pour un changement rapide - Softub Schweiz","robots":{"index":"index","follow":"follow","max-snippet":"max-snippet:-1","max-image-preview":"max-image-preview:large","max-video-preview":"max-video-preview:-1"},"canonical":"https:\/\/www.softub.ch\/fr\/produit\/kaercher-pompe-de-vidage-sp-1\/","og_locale":"fr_FR","og_type":"article","og_title":"K\u00e4rcher pompe d'evacuation - pour un changement rapide","og_description":"Avec cette pompe d'evacuation, le changement d'eau devient un jeu d'enfant. La Pompe submersible robuste et fiable de K\u00e4rcher pr\u00e9sent les caract\u00e9ristiques suivantes:   Robuste et fiable: d\u2019un d\u00e9bit\u00a0max. de 5500 l\/  Pi\u00e8ce de raccordement pour la connexion rapide et simple de tuyaux de 1 1\/4\" \u00e0 la pompe  Interrupteur \u00e0 flotteur pour \u00e9teindre automatiquement la pompe, prot\u00e8ge du fonctionnement \u00e0 sec","og_url":"https:\/\/www.softub.ch\/fr\/produit\/kaercher-pompe-de-vidage-sp-1\/","og_site_name":"Softub Schweiz","article_publisher":"https:\/\/www.facebook.com\/softubschweiz","article_modified_time":"2025-12-10T01:35:09+00:00","og_image":[{"width":223,"height":210,"url":"https:\/\/www.softub.ch\/wp-content\/uploads\/karcher-tauchpumpe-sp-1-1-e1569796281178.png","type":"image\/png"}],"twitter_card":"summary_large_image","schema":{"@context":"https:\/\/schema.org","@graph":[{"@type":"WebPage","@id":"https:\/\/www.softub.ch\/fr\/produit\/kaercher-pompe-de-vidage-sp-1\/","url":"https:\/\/www.softub.ch\/fr\/produit\/kaercher-pompe-de-vidage-sp-1\/","name":"K\u00e4rcher pompe d'evacuation - pour un changement rapide - Softub Schweiz","isPartOf":{"@id":"https:\/\/www.softub.ch\/fr\/#website"},"primaryImageOfPage":{"@id":"https:\/\/www.softub.ch\/fr\/produit\/kaercher-pompe-de-vidage-sp-1\/#primaryimage"},"image":{"@id":"https:\/\/www.softub.ch\/fr\/produit\/kaercher-pompe-de-vidage-sp-1\/#primaryimage"},"thumbnailUrl":"https:\/\/www.softub.ch\/wp-content\/uploads\/karcher-tauchpumpe-sp-1-1-e1569796281178.png","datePublished":"2019-03-14T15:16:53+00:00","dateModified":"2025-12-10T01:35:09+00:00","breadcrumb":{"@id":"https:\/\/www.softub.ch\/fr\/produit\/kaercher-pompe-de-vidage-sp-1\/#breadcrumb"},"inLanguage":"fr-FR","potentialAction":[{"@type":"ReadAction","target":["https:\/\/www.softub.ch\/fr\/produit\/kaercher-pompe-de-vidage-sp-1\/"]}]},{"@type":"ImageObject","inLanguage":"fr-FR","@id":"https:\/\/www.softub.ch\/fr\/produit\/kaercher-pompe-de-vidage-sp-1\/#primaryimage","url":"https:\/\/www.softub.ch\/wp-content\/uploads\/karcher-tauchpumpe-sp-1-1-e1569796281178.png","contentUrl":"https:\/\/www.softub.ch\/wp-content\/uploads\/karcher-tauchpumpe-sp-1-1-e1569796281178.png","width":223,"height":210,"caption":"K\u00e4rcher Tauchpumpe"},{"@type":"BreadcrumbList","@id":"https:\/\/www.softub.ch\/fr\/produit\/kaercher-pompe-de-vidage-sp-1\/#breadcrumb","itemListElement":[{"@type":"ListItem","position":1,"name":"Startseite","item":"https:\/\/www.softub.ch\/fr\/"},{"@type":"ListItem","position":2,"name":"Shop","item":"https:\/\/www.softub.ch\/fr\/softub-suisse-shop\/"},{"@type":"ListItem","position":3,"name":"K\u00e4rcher pompe d&#8217;evacuation &#8211; pour un changement rapide"}]},{"@type":"WebSite","@id":"https:\/\/www.softub.ch\/fr\/#website","url":"https:\/\/www.softub.ch\/fr\/","name":"Softub Schweiz","description":"Softub - Wir machen Ferien Zuhause","publisher":{"@id":"https:\/\/www.softub.ch\/fr\/#organization"},"potentialAction":[{"@type":"SearchAction","target":{"@type":"EntryPoint","urlTemplate":"https:\/\/www.softub.ch\/fr\/?s={search_term_string}"},"query-input":{"@type":"PropertyValueSpecification","valueRequired":true,"valueName":"search_term_string"}}],"inLanguage":"fr-FR"},{"@type":"Organization","@id":"https:\/\/www.softub.ch\/fr\/#organization","name":"Softub Schweiz AG","url":"https:\/\/www.softub.ch\/fr\/","logo":{"@type":"ImageObject","inLanguage":"fr-FR","@id":"https:\/\/www.softub.ch\/fr\/#\/schema\/logo\/image\/","url":"https:\/\/www.softub.ch\/wp-content\/uploads\/Softub-Logo-Softub-Schweiz-.png","contentUrl":"https:\/\/www.softub.ch\/wp-content\/uploads\/Softub-Logo-Softub-Schweiz-.png","width":200,"height":73,"caption":"Softub Schweiz AG"},"image":{"@id":"https:\/\/www.softub.ch\/fr\/#\/schema\/logo\/image\/"},"sameAs":["https:\/\/www.facebook.com\/softubschweiz","https:\/\/www.instagram.com\/softub_schweiz\/","https:\/\/ch.pinterest.com\/softub_schweiz\/","https:\/\/www.linkedin.com\/company\/softub-schweiz-ag\/"]}]}},"_links":{"self":[{"href":"https:\/\/www.softub.ch\/fr\/wp-json\/wp\/v2\/product\/5773","targetHints":{"allow":["GET"]}}],"collection":[{"href":"https:\/\/www.softub.ch\/fr\/wp-json\/wp\/v2\/product"}],"about":[{"href":"https:\/\/www.softub.ch\/fr\/wp-json\/wp\/v2\/types\/product"}],"wp:featuredmedia":[{"embeddable":true,"href":"https:\/\/www.softub.ch\/fr\/wp-json\/wp\/v2\/media\/5775"}],"wp:attachment":[{"href":"https:\/\/www.softub.ch\/fr\/wp-json\/wp\/v2\/media?parent=5773"}],"wp:term":[{"taxonomy":"product_brand","embeddable":true,"href":"https:\/\/www.softub.ch\/fr\/wp-json\/wp\/v2\/product_brand?post=5773"},{"taxonomy":"product_cat","embeddable":true,"href":"https:\/\/www.softub.ch\/fr\/wp-json\/wp\/v2\/product_cat?post=5773"},{"taxonomy":"product_tag","embeddable":true,"href":"https:\/\/www.softub.ch\/fr\/wp-json\/wp\/v2\/product_tag?post=5773"},{"taxonomy":"woo-feed-brand","embeddable":true,"href":"https:\/\/www.softub.ch\/fr\/wp-json\/wp\/v2\/woo-feed-brand?post=5773"}],"curies":[{"name":"wp","href":"https:\/\/api.w.org\/{rel}","templated":true}]}}