{"id":6042,"date":"2019-10-06T17:18:18","date_gmt":"2019-10-06T17:18:18","guid":{"rendered":"http:\/\/www.softub.ch\/product\/softub-peau-de-rechange-pour-moteur-de-toutes-les-couleurs\/"},"modified":"2024-08-13T13:36:37","modified_gmt":"2024-08-13T11:36:37","slug":"softub-peau-de-rechange-pour-moteur","status":"publish","type":"product","link":"https:\/\/www.softub.ch\/fr\/produit\/softub-peau-de-rechange-pour-moteur\/","title":{"rendered":"Softub peau pour moteur \u2013 toutes couleurs"},"content":{"rendered":"<div class=\"fusion-fullwidth fullwidth-box fusion-builder-row-1 fusion-flex-container nonhundred-percent-fullwidth non-hundred-percent-height-scrolling\" style=\"--awb-border-radius-top-left:0px;--awb-border-radius-top-right:0px;--awb-border-radius-bottom-right:0px;--awb-border-radius-bottom-left:0px;--awb-flex-wrap:wrap;\" ><div class=\"fusion-builder-row fusion-row fusion-flex-align-items-flex-start fusion-flex-content-wrap\" style=\"max-width:1248px;margin-left: calc(-4% \/ 2 );margin-right: calc(-4% \/ 2 );\"><div class=\"fusion-layout-column fusion_builder_column fusion-builder-column-0 fusion_builder_column_1_1 1_1 fusion-flex-column\" style=\"--awb-bg-size:cover;--awb-width-large:100%;--awb-margin-top-large:0px;--awb-spacing-right-large:1.92%;--awb-margin-bottom-large:0px;--awb-spacing-left-large:1.92%;--awb-width-medium:100%;--awb-spacing-right-medium:1.92%;--awb-spacing-left-medium:1.92%;--awb-width-small:100%;--awb-spacing-right-small:1.92%;--awb-spacing-left-small:1.92%;\"><div class=\"fusion-column-wrapper fusion-flex-justify-content-flex-start fusion-content-layout-column\"><div class=\"fusion-text fusion-text-1\"><h1><span style=\"color: #429bba;\">Softub peau de rechange pour moteur<\/span><\/h1>\n<p>Peau de rechange Softub pour le moteur. Disponible dans toutes les couleurs Softub.<\/p>\n<h3 data-fontsize=\"18\" data-lineheight=\"25\"><\/h3>\n<h3 data-fontsize=\"18\" data-lineheight=\"25\">Accessoires extra:<\/h3>\n<p>Nous avons rassembl\u00e9 pour vous une riche gamme d&rsquo;accessoires, afin que vous puissiez choisir tranquillement les produits qui vous conviennent dans notre boutique en ligne. Si vous souhaitez en outre cr\u00e9er votre oasis de bien-\u00eatre personnelle, n&rsquo;h\u00e9sitez pas \u00e0 jeter un coup d&rsquo;\u0153il aux saunas et aux cabines infrarouges Weka. Si votre softub a encore besoin d&rsquo;un toit, les pavillons Unosider sont exactement ce qu&rsquo;il vous faut !<\/p>\n<p>Nous vous conseillons volontiers, par t\u00e9l\u00e9phone, dans l&rsquo;un de nos showrooms ou \u00e0 votre domicile.<\/p>\n<\/div><\/div><\/div><\/div><\/div>\n","protected":false},"excerpt":{"rendered":"<h1>Softub peau de rechange pour moteur<\/h1>\n<p>Softub peau pour le moteur. Disponible en toutes les couleurs Softub.<\/p>\n","protected":false},"featured_media":6043,"template":"","meta":{"_acf_changed":false},"product_brand":[],"product_cat":[212],"product_tag":[2315,4949],"woo-feed-brand":[],"class_list":{"0":"post-6042","1":"product","2":"type-product","3":"status-publish","4":"has-post-thumbnail","6":"product_cat-accessoires","7":"product_tag-softub-fr-2","8":"product_tag-softub-suisse","9":"product_shipping_class-post-15","11":"first","12":"instock","13":"taxable","14":"shipping-taxable","15":"purchasable","16":"product-type-variable"},"acf":[],"yoast_head":"<!-- This site is optimized with the Yoast SEO Premium plugin v27.5 (Yoast SEO v27.5) - https:\/\/yoast.com\/product\/yoast-seo-premium-wordpress\/ -->\n<title>Softub peau pour moteur \u2013 toutes couleurs - Softub Schweiz<\/title>\n<meta name=\"description\" content=\"Softub peau pour moteur \u2013 toutes couleurs Softub Sportster, Legend, Resort et Portico.\" \/>\n<meta name=\"robots\" content=\"index, follow, max-snippet:-1, max-image-preview:large, max-video-preview:-1\" \/>\n<link rel=\"canonical\" href=\"https:\/\/www.softub.ch\/fr\/produit\/softub-peau-de-rechange-pour-moteur\/\" \/>\n<meta property=\"og:locale\" content=\"fr_FR\" \/>\n<meta property=\"og:type\" content=\"article\" \/>\n<meta property=\"og:title\" content=\"Softub peau pour moteur \u2013 toutes couleurs\" \/>\n<meta property=\"og:description\" content=\"Softub peau pour moteur \u2013 toutes couleurs Softub Sportster, Legend, Resort et Portico.\" \/>\n<meta property=\"og:url\" content=\"https:\/\/www.softub.ch\/fr\/produit\/softub-peau-de-rechange-pour-moteur\/\" \/>\n<meta property=\"og:site_name\" content=\"Softub Schweiz\" \/>\n<meta property=\"article:publisher\" content=\"https:\/\/www.facebook.com\/softubschweiz\" \/>\n<meta property=\"article:modified_time\" content=\"2024-08-13T11:36:37+00:00\" \/>\n<meta property=\"og:image\" content=\"https:\/\/www.softub.ch\/wp-content\/uploads\/Haut-Motor-almond-e1570472212608.png\" \/>\n\t<meta property=\"og:image:width\" content=\"304\" \/>\n\t<meta property=\"og:image:height\" content=\"210\" \/>\n\t<meta property=\"og:image:type\" content=\"image\/png\" \/>\n<meta name=\"twitter:card\" content=\"summary_large_image\" \/>\n<meta name=\"twitter:label1\" content=\"Dur\u00e9e de lecture estim\u00e9e\" \/>\n\t<meta name=\"twitter:data1\" content=\"1 minute\" \/>\n<script type=\"application\/ld+json\" class=\"yoast-schema-graph\">{\"@context\":\"https:\\\/\\\/schema.org\",\"@graph\":[{\"@type\":\"WebPage\",\"@id\":\"https:\\\/\\\/www.softub.ch\\\/fr\\\/produit\\\/softub-peau-de-rechange-pour-moteur\\\/\",\"url\":\"https:\\\/\\\/www.softub.ch\\\/fr\\\/produit\\\/softub-peau-de-rechange-pour-moteur\\\/\",\"name\":\"Softub peau pour moteur \u2013 toutes couleurs - Softub Schweiz\",\"isPartOf\":{\"@id\":\"https:\\\/\\\/www.softub.ch\\\/fr\\\/#website\"},\"primaryImageOfPage\":{\"@id\":\"https:\\\/\\\/www.softub.ch\\\/fr\\\/produit\\\/softub-peau-de-rechange-pour-moteur\\\/#primaryimage\"},\"image\":{\"@id\":\"https:\\\/\\\/www.softub.ch\\\/fr\\\/produit\\\/softub-peau-de-rechange-pour-moteur\\\/#primaryimage\"},\"thumbnailUrl\":\"https:\\\/\\\/www.softub.ch\\\/wp-content\\\/uploads\\\/Haut-Motor-almond-e1570472212608.png\",\"datePublished\":\"2019-10-06T17:18:18+00:00\",\"dateModified\":\"2024-08-13T11:36:37+00:00\",\"description\":\"Softub peau pour moteur \u2013 toutes couleurs Softub Sportster, Legend, Resort et Portico.\",\"breadcrumb\":{\"@id\":\"https:\\\/\\\/www.softub.ch\\\/fr\\\/produit\\\/softub-peau-de-rechange-pour-moteur\\\/#breadcrumb\"},\"inLanguage\":\"fr-FR\",\"potentialAction\":[{\"@type\":\"ReadAction\",\"target\":[\"https:\\\/\\\/www.softub.ch\\\/fr\\\/produit\\\/softub-peau-de-rechange-pour-moteur\\\/\"]}]},{\"@type\":\"ImageObject\",\"inLanguage\":\"fr-FR\",\"@id\":\"https:\\\/\\\/www.softub.ch\\\/fr\\\/produit\\\/softub-peau-de-rechange-pour-moteur\\\/#primaryimage\",\"url\":\"https:\\\/\\\/www.softub.ch\\\/wp-content\\\/uploads\\\/Haut-Motor-almond-e1570472212608.png\",\"contentUrl\":\"https:\\\/\\\/www.softub.ch\\\/wp-content\\\/uploads\\\/Haut-Motor-almond-e1570472212608.png\",\"width\":304,\"height\":210,\"caption\":\"Softub Ersatzhaut f\u00fcr Motor\"},{\"@type\":\"BreadcrumbList\",\"@id\":\"https:\\\/\\\/www.softub.ch\\\/fr\\\/produit\\\/softub-peau-de-rechange-pour-moteur\\\/#breadcrumb\",\"itemListElement\":[{\"@type\":\"ListItem\",\"position\":1,\"name\":\"Startseite\",\"item\":\"https:\\\/\\\/www.softub.ch\\\/fr\\\/\"},{\"@type\":\"ListItem\",\"position\":2,\"name\":\"Shop\",\"item\":\"https:\\\/\\\/www.softub.ch\\\/fr\\\/softub-suisse-shop\\\/\"},{\"@type\":\"ListItem\",\"position\":3,\"name\":\"Softub peau pour moteur \u2013 toutes couleurs\"}]},{\"@type\":\"WebSite\",\"@id\":\"https:\\\/\\\/www.softub.ch\\\/fr\\\/#website\",\"url\":\"https:\\\/\\\/www.softub.ch\\\/fr\\\/\",\"name\":\"Softub Schweiz\",\"description\":\"Softub - Wir machen Ferien Zuhause\",\"publisher\":{\"@id\":\"https:\\\/\\\/www.softub.ch\\\/fr\\\/#organization\"},\"potentialAction\":[{\"@type\":\"SearchAction\",\"target\":{\"@type\":\"EntryPoint\",\"urlTemplate\":\"https:\\\/\\\/www.softub.ch\\\/fr\\\/?s={search_term_string}\"},\"query-input\":{\"@type\":\"PropertyValueSpecification\",\"valueRequired\":true,\"valueName\":\"search_term_string\"}}],\"inLanguage\":\"fr-FR\"},{\"@type\":\"Organization\",\"@id\":\"https:\\\/\\\/www.softub.ch\\\/fr\\\/#organization\",\"name\":\"Softub Schweiz AG\",\"url\":\"https:\\\/\\\/www.softub.ch\\\/fr\\\/\",\"logo\":{\"@type\":\"ImageObject\",\"inLanguage\":\"fr-FR\",\"@id\":\"https:\\\/\\\/www.softub.ch\\\/fr\\\/#\\\/schema\\\/logo\\\/image\\\/\",\"url\":\"https:\\\/\\\/www.softub.ch\\\/wp-content\\\/uploads\\\/Softub-Logo-Softub-Schweiz-.png\",\"contentUrl\":\"https:\\\/\\\/www.softub.ch\\\/wp-content\\\/uploads\\\/Softub-Logo-Softub-Schweiz-.png\",\"width\":200,\"height\":73,\"caption\":\"Softub Schweiz AG\"},\"image\":{\"@id\":\"https:\\\/\\\/www.softub.ch\\\/fr\\\/#\\\/schema\\\/logo\\\/image\\\/\"},\"sameAs\":[\"https:\\\/\\\/www.facebook.com\\\/softubschweiz\",\"https:\\\/\\\/www.instagram.com\\\/softub_schweiz\\\/\",\"https:\\\/\\\/ch.pinterest.com\\\/softub_schweiz\\\/\",\"https:\\\/\\\/www.linkedin.com\\\/company\\\/softub-schweiz-ag\\\/\"]}]}<\/script>\n<!-- \/ Yoast SEO Premium plugin. -->","yoast_head_json":{"title":"Softub peau pour moteur \u2013 toutes couleurs - Softub Schweiz","description":"Softub peau pour moteur \u2013 toutes couleurs Softub Sportster, Legend, Resort et Portico.","robots":{"index":"index","follow":"follow","max-snippet":"max-snippet:-1","max-image-preview":"max-image-preview:large","max-video-preview":"max-video-preview:-1"},"canonical":"https:\/\/www.softub.ch\/fr\/produit\/softub-peau-de-rechange-pour-moteur\/","og_locale":"fr_FR","og_type":"article","og_title":"Softub peau pour moteur \u2013 toutes couleurs","og_description":"Softub peau pour moteur \u2013 toutes couleurs Softub Sportster, Legend, Resort et Portico.","og_url":"https:\/\/www.softub.ch\/fr\/produit\/softub-peau-de-rechange-pour-moteur\/","og_site_name":"Softub Schweiz","article_publisher":"https:\/\/www.facebook.com\/softubschweiz","article_modified_time":"2024-08-13T11:36:37+00:00","og_image":[{"width":304,"height":210,"url":"https:\/\/www.softub.ch\/wp-content\/uploads\/Haut-Motor-almond-e1570472212608.png","type":"image\/png"}],"twitter_card":"summary_large_image","twitter_misc":{"Dur\u00e9e de lecture estim\u00e9e":"1 minute"},"schema":{"@context":"https:\/\/schema.org","@graph":[{"@type":"WebPage","@id":"https:\/\/www.softub.ch\/fr\/produit\/softub-peau-de-rechange-pour-moteur\/","url":"https:\/\/www.softub.ch\/fr\/produit\/softub-peau-de-rechange-pour-moteur\/","name":"Softub peau pour moteur \u2013 toutes couleurs - Softub Schweiz","isPartOf":{"@id":"https:\/\/www.softub.ch\/fr\/#website"},"primaryImageOfPage":{"@id":"https:\/\/www.softub.ch\/fr\/produit\/softub-peau-de-rechange-pour-moteur\/#primaryimage"},"image":{"@id":"https:\/\/www.softub.ch\/fr\/produit\/softub-peau-de-rechange-pour-moteur\/#primaryimage"},"thumbnailUrl":"https:\/\/www.softub.ch\/wp-content\/uploads\/Haut-Motor-almond-e1570472212608.png","datePublished":"2019-10-06T17:18:18+00:00","dateModified":"2024-08-13T11:36:37+00:00","description":"Softub peau pour moteur \u2013 toutes couleurs Softub Sportster, Legend, Resort et Portico.","breadcrumb":{"@id":"https:\/\/www.softub.ch\/fr\/produit\/softub-peau-de-rechange-pour-moteur\/#breadcrumb"},"inLanguage":"fr-FR","potentialAction":[{"@type":"ReadAction","target":["https:\/\/www.softub.ch\/fr\/produit\/softub-peau-de-rechange-pour-moteur\/"]}]},{"@type":"ImageObject","inLanguage":"fr-FR","@id":"https:\/\/www.softub.ch\/fr\/produit\/softub-peau-de-rechange-pour-moteur\/#primaryimage","url":"https:\/\/www.softub.ch\/wp-content\/uploads\/Haut-Motor-almond-e1570472212608.png","contentUrl":"https:\/\/www.softub.ch\/wp-content\/uploads\/Haut-Motor-almond-e1570472212608.png","width":304,"height":210,"caption":"Softub Ersatzhaut f\u00fcr Motor"},{"@type":"BreadcrumbList","@id":"https:\/\/www.softub.ch\/fr\/produit\/softub-peau-de-rechange-pour-moteur\/#breadcrumb","itemListElement":[{"@type":"ListItem","position":1,"name":"Startseite","item":"https:\/\/www.softub.ch\/fr\/"},{"@type":"ListItem","position":2,"name":"Shop","item":"https:\/\/www.softub.ch\/fr\/softub-suisse-shop\/"},{"@type":"ListItem","position":3,"name":"Softub peau pour moteur \u2013 toutes couleurs"}]},{"@type":"WebSite","@id":"https:\/\/www.softub.ch\/fr\/#website","url":"https:\/\/www.softub.ch\/fr\/","name":"Softub Schweiz","description":"Softub - Wir machen Ferien Zuhause","publisher":{"@id":"https:\/\/www.softub.ch\/fr\/#organization"},"potentialAction":[{"@type":"SearchAction","target":{"@type":"EntryPoint","urlTemplate":"https:\/\/www.softub.ch\/fr\/?s={search_term_string}"},"query-input":{"@type":"PropertyValueSpecification","valueRequired":true,"valueName":"search_term_string"}}],"inLanguage":"fr-FR"},{"@type":"Organization","@id":"https:\/\/www.softub.ch\/fr\/#organization","name":"Softub Schweiz AG","url":"https:\/\/www.softub.ch\/fr\/","logo":{"@type":"ImageObject","inLanguage":"fr-FR","@id":"https:\/\/www.softub.ch\/fr\/#\/schema\/logo\/image\/","url":"https:\/\/www.softub.ch\/wp-content\/uploads\/Softub-Logo-Softub-Schweiz-.png","contentUrl":"https:\/\/www.softub.ch\/wp-content\/uploads\/Softub-Logo-Softub-Schweiz-.png","width":200,"height":73,"caption":"Softub Schweiz AG"},"image":{"@id":"https:\/\/www.softub.ch\/fr\/#\/schema\/logo\/image\/"},"sameAs":["https:\/\/www.facebook.com\/softubschweiz","https:\/\/www.instagram.com\/softub_schweiz\/","https:\/\/ch.pinterest.com\/softub_schweiz\/","https:\/\/www.linkedin.com\/company\/softub-schweiz-ag\/"]}]}},"_links":{"self":[{"href":"https:\/\/www.softub.ch\/fr\/wp-json\/wp\/v2\/product\/6042","targetHints":{"allow":["GET"]}}],"collection":[{"href":"https:\/\/www.softub.ch\/fr\/wp-json\/wp\/v2\/product"}],"about":[{"href":"https:\/\/www.softub.ch\/fr\/wp-json\/wp\/v2\/types\/product"}],"wp:featuredmedia":[{"embeddable":true,"href":"https:\/\/www.softub.ch\/fr\/wp-json\/wp\/v2\/media\/6043"}],"wp:attachment":[{"href":"https:\/\/www.softub.ch\/fr\/wp-json\/wp\/v2\/media?parent=6042"}],"wp:term":[{"taxonomy":"product_brand","embeddable":true,"href":"https:\/\/www.softub.ch\/fr\/wp-json\/wp\/v2\/product_brand?post=6042"},{"taxonomy":"product_cat","embeddable":true,"href":"https:\/\/www.softub.ch\/fr\/wp-json\/wp\/v2\/product_cat?post=6042"},{"taxonomy":"product_tag","embeddable":true,"href":"https:\/\/www.softub.ch\/fr\/wp-json\/wp\/v2\/product_tag?post=6042"},{"taxonomy":"woo-feed-brand","embeddable":true,"href":"https:\/\/www.softub.ch\/fr\/wp-json\/wp\/v2\/woo-feed-brand?post=6042"}],"curies":[{"name":"wp","href":"https:\/\/api.w.org\/{rel}","templated":true}]}}