{"id":6099,"date":"2019-09-28T14:45:42","date_gmt":"2019-09-28T14:45:42","guid":{"rendered":"http:\/\/www.softub.ch\/product\/6099\/"},"modified":"2025-10-15T13:54:50","modified_gmt":"2025-10-15T11:54:50","slug":"softub-bandelettes-reactives-3-en-1","status":"publish","type":"product","link":"https:\/\/www.softub.ch\/fr\/produit\/softub-bandelettes-reactives-3-en-1\/","title":{"rendered":"Softub bandelette de test 3 en 1 &#8211; un traitement d&rsquo;eau facile"},"content":{"rendered":"<div class=\"fusion-fullwidth fullwidth-box fusion-builder-row-1 fusion-flex-container nonhundred-percent-fullwidth non-hundred-percent-height-scrolling\" style=\"--awb-border-radius-top-left:0px;--awb-border-radius-top-right:0px;--awb-border-radius-bottom-right:0px;--awb-border-radius-bottom-left:0px;--awb-flex-wrap:wrap;\" ><div class=\"fusion-builder-row fusion-row fusion-flex-align-items-flex-start fusion-flex-content-wrap\" style=\"max-width:1248px;margin-left: calc(-4% \/ 2 );margin-right: calc(-4% \/ 2 );\"><div class=\"fusion-layout-column fusion_builder_column fusion-builder-column-0 fusion_builder_column_1_1 1_1 fusion-flex-column\" style=\"--awb-bg-size:cover;--awb-width-large:100%;--awb-margin-top-large:0px;--awb-spacing-right-large:1.92%;--awb-margin-bottom-large:0px;--awb-spacing-left-large:1.92%;--awb-width-medium:100%;--awb-spacing-right-medium:1.92%;--awb-spacing-left-medium:1.92%;--awb-width-small:100%;--awb-spacing-right-small:1.92%;--awb-spacing-left-small:1.92%;\"><div class=\"fusion-column-wrapper fusion-flex-justify-content-flex-start fusion-content-layout-column\"><div class=\"fusion-text fusion-text-1\"><h1><span style=\"color: #2897b3;\">Pool &amp; Spa Bandelettes de test 3 en 1<\/span><\/h1>\n<p>Avec les nouvelles <strong>bandelettes de test Pool &amp; Spa 3 en 1<\/strong>, vous contr\u00f4lez rapidement et de mani\u00e8re fiable les principales valeurs de l&rsquo;eau de votre spa Softub.<\/p>\n<p><strong>pH, teneur en chlore et alcalinit\u00e9<\/strong>. Le nouvel emballage permet une vue d&rsquo;ensemble et une manipulation encore plus faciles.<\/p>\n<h3>Utilisation des bandelettes Pool &amp; Spa : mesure du chlore, du pH et de l&rsquo;alcalinit\u00e9<\/h3>\n<p>Pour v\u00e9rifier les principaux param\u00e8tres de l&rsquo;eau de votre spa.<\/p>\n<p>1. immerger la bandelette dans l&rsquo;eau pendant<strong> 2 secondes<\/strong>, en la bougeant l\u00e9g\u00e8rement.<br \/>\n2. tenir la bandelette \u00e0 l&rsquo;horizontale pendant <strong>15 secondes<\/strong> et attendre.<br \/>\n3. Comparer<strong> imm\u00e9diatement<\/strong> la couleur avec l&rsquo;\u00e9chelle sur le r\u00e9cipient<\/p>\n<p><strong>Remarque<\/strong>:<br \/>\nSi l&rsquo;eau est plus froide que 23 degr\u00e9s Celsius, d\u00e9placer la bandelette dans l&rsquo;eau pendant 10 secondes.<br \/>\nV\u00e9rifier \u00e9galement la date de p\u00e9remption sur le couvercle.<br \/>\nLes bandelettes de test trop anciennes peuvent donner des valeurs erron\u00e9es.<\/p>\n<\/div><\/div><\/div><\/div><\/div>\n","protected":false},"excerpt":{"rendered":"<h1><span style=\"color: #2897b3;\">Bandelettes de test Pool &amp; Spa 3 en 1<\/span><\/h1>\n<p>D\u00e9termination simple et rapide de la valeur de l&rsquo;eau de votre spa Softub. Une \u00e9chelle de couleurs permet de lire le PH, la teneur en chlore et la valeur alcaline de l&rsquo;eau. Convient pour l&rsquo;analyse de l&rsquo;eau en cas d&rsquo;entretien avec des produits chlor\u00e9s.<\/p>\n<p><strong>Ce produit est \u00e9galement inclus dans le <a href=\"https:\/\/www.softub.ch\/fr\/produit\/soft-entretien-de-leau-kit\/\">kit d&rsquo;entretien de l&rsquo;eau Softub.<\/a><\/strong><\/p>\n","protected":false},"featured_media":72932,"template":"","meta":{"_acf_changed":false},"product_brand":[],"product_cat":[210],"product_tag":[10258,10257,10263,10267,10254,10270,10260,322,10255,10271,319,10268,10272,10259,10266,345,10265,10256,10264,4949,10262,10261,10269],"woo-feed-brand":[],"class_list":{"0":"post-6099","1":"product","2":"type-product","3":"status-publish","4":"has-post-thumbnail","6":"product_cat-entretien-traitement-deau-softub","7":"product_tag-accessoires-bien-etre","8":"product_tag-accessoires-softub","9":"product_tag-alcalinite","10":"product_tag-analyse-de-leau","11":"product_tag-bandelettes-de-test","12":"product_tag-bandelettes-de-test-3-en-1","13":"product_tag-bandelettes-de-test-whirlpool","14":"product_tag-entretien-de-leau","15":"product_tag-entretien-du-bain-a-remous","16":"product_tag-entretien-facile-de-leau","17":"product_tag-entretien-piscine","18":"product_tag-hygiene-whirlpool","19":"product_tag-kit-dentretien-de-leau","20":"product_tag-mesurer-les-valeurs-de-leau","21":"product_tag-nettoyage-du-spa","22":"product_tag-ph","23":"product_tag-pooltest-fr","24":"product_tag-produits-de-soins","25":"product_tag-qualite-de-leau","26":"product_tag-softub-suisse","27":"product_tag-teneur-en-chlore","28":"product_tag-test-de-leau-softub-whirlpool","29":"product_tag-test-de-piscine","30":"product_shipping_class-post-3-5","32":"first","33":"instock","34":"featured","35":"taxable","36":"shipping-taxable","37":"purchasable","38":"product-type-simple"},"acf":[],"yoast_head":"<!-- This site is optimized with the Yoast SEO Premium plugin v27.5 (Yoast SEO v27.5) - https:\/\/yoast.com\/product\/yoast-seo-premium-wordpress\/ -->\n<title>Softub bandelette de test 3 en 1 - un traitement d&#039;eau facile - Softub Schweiz<\/title>\n<meta name=\"robots\" content=\"index, follow, max-snippet:-1, max-image-preview:large, max-video-preview:-1\" \/>\n<link rel=\"canonical\" href=\"https:\/\/www.softub.ch\/fr\/produit\/softub-bandelettes-reactives-3-en-1\/\" \/>\n<meta property=\"og:locale\" content=\"fr_FR\" \/>\n<meta property=\"og:type\" content=\"article\" \/>\n<meta property=\"og:title\" content=\"Softub bandelette de test 3 en 1 - un traitement d&#039;eau facile\" \/>\n<meta property=\"og:description\" content=\"Bandelettes de test Pool &amp; Spa 3 en 1 D\u00e9termination simple et rapide de la valeur de l&#039;eau de votre spa Softub. Une \u00e9chelle de couleurs permet de lire le PH, la teneur en chlore et la valeur alcaline de l&#039;eau. Convient pour l&#039;analyse de l&#039;eau en cas d&#039;entretien avec des produits chlor\u00e9s.  Ce produit est \u00e9galement inclus dans le kit d&#039;entretien de l&#039;eau Softub.\" \/>\n<meta property=\"og:url\" content=\"https:\/\/www.softub.ch\/fr\/produit\/softub-bandelettes-reactives-3-en-1\/\" \/>\n<meta property=\"og:site_name\" content=\"Softub Schweiz\" \/>\n<meta property=\"article:publisher\" content=\"https:\/\/www.facebook.com\/softubschweiz\" \/>\n<meta property=\"article:modified_time\" content=\"2025-10-15T11:54:50+00:00\" \/>\n<meta property=\"og:image\" content=\"https:\/\/www.softub.ch\/wp-content\/uploads\/pool_teststreifen_softcare_3_in_1_50_stueck_zur_bestimmung_von_chlor_pH_werten.jpeg\" \/>\n\t<meta property=\"og:image:width\" content=\"800\" \/>\n\t<meta property=\"og:image:height\" content=\"1200\" \/>\n\t<meta property=\"og:image:type\" content=\"image\/jpeg\" \/>\n<meta name=\"twitter:card\" content=\"summary_large_image\" \/>\n<meta name=\"twitter:label1\" content=\"Dur\u00e9e de lecture estim\u00e9e\" \/>\n\t<meta name=\"twitter:data1\" content=\"2 minutes\" \/>\n<script type=\"application\/ld+json\" class=\"yoast-schema-graph\">{\"@context\":\"https:\\\/\\\/schema.org\",\"@graph\":[{\"@type\":\"WebPage\",\"@id\":\"https:\\\/\\\/www.softub.ch\\\/fr\\\/produit\\\/softub-bandelettes-reactives-3-en-1\\\/\",\"url\":\"https:\\\/\\\/www.softub.ch\\\/fr\\\/produit\\\/softub-bandelettes-reactives-3-en-1\\\/\",\"name\":\"Softub bandelette de test 3 en 1 - un traitement d'eau facile - Softub Schweiz\",\"isPartOf\":{\"@id\":\"https:\\\/\\\/www.softub.ch\\\/fr\\\/#website\"},\"primaryImageOfPage\":{\"@id\":\"https:\\\/\\\/www.softub.ch\\\/fr\\\/produit\\\/softub-bandelettes-reactives-3-en-1\\\/#primaryimage\"},\"image\":{\"@id\":\"https:\\\/\\\/www.softub.ch\\\/fr\\\/produit\\\/softub-bandelettes-reactives-3-en-1\\\/#primaryimage\"},\"thumbnailUrl\":\"https:\\\/\\\/www.softub.ch\\\/wp-content\\\/uploads\\\/pool_teststreifen_softcare_3_in_1_50_stueck_zur_bestimmung_von_chlor_pH_werten.jpeg\",\"datePublished\":\"2019-09-28T14:45:42+00:00\",\"dateModified\":\"2025-10-15T11:54:50+00:00\",\"breadcrumb\":{\"@id\":\"https:\\\/\\\/www.softub.ch\\\/fr\\\/produit\\\/softub-bandelettes-reactives-3-en-1\\\/#breadcrumb\"},\"inLanguage\":\"fr-FR\",\"potentialAction\":[{\"@type\":\"ReadAction\",\"target\":[\"https:\\\/\\\/www.softub.ch\\\/fr\\\/produit\\\/softub-bandelettes-reactives-3-en-1\\\/\"]}]},{\"@type\":\"ImageObject\",\"inLanguage\":\"fr-FR\",\"@id\":\"https:\\\/\\\/www.softub.ch\\\/fr\\\/produit\\\/softub-bandelettes-reactives-3-en-1\\\/#primaryimage\",\"url\":\"https:\\\/\\\/www.softub.ch\\\/wp-content\\\/uploads\\\/pool_teststreifen_softcare_3_in_1_50_stueck_zur_bestimmung_von_chlor_pH_werten.jpeg\",\"contentUrl\":\"https:\\\/\\\/www.softub.ch\\\/wp-content\\\/uploads\\\/pool_teststreifen_softcare_3_in_1_50_stueck_zur_bestimmung_von_chlor_pH_werten.jpeg\",\"width\":1280,\"height\":1280,\"caption\":\"Softcare Teststreifen\"},{\"@type\":\"BreadcrumbList\",\"@id\":\"https:\\\/\\\/www.softub.ch\\\/fr\\\/produit\\\/softub-bandelettes-reactives-3-en-1\\\/#breadcrumb\",\"itemListElement\":[{\"@type\":\"ListItem\",\"position\":1,\"name\":\"Startseite\",\"item\":\"https:\\\/\\\/www.softub.ch\\\/fr\\\/\"},{\"@type\":\"ListItem\",\"position\":2,\"name\":\"Shop\",\"item\":\"https:\\\/\\\/www.softub.ch\\\/fr\\\/softub-suisse-shop\\\/\"},{\"@type\":\"ListItem\",\"position\":3,\"name\":\"Softub bandelette de test 3 en 1 &#8211; un traitement d&#8217;eau facile\"}]},{\"@type\":\"WebSite\",\"@id\":\"https:\\\/\\\/www.softub.ch\\\/fr\\\/#website\",\"url\":\"https:\\\/\\\/www.softub.ch\\\/fr\\\/\",\"name\":\"Softub Schweiz\",\"description\":\"Softub - Wir machen Ferien Zuhause\",\"publisher\":{\"@id\":\"https:\\\/\\\/www.softub.ch\\\/fr\\\/#organization\"},\"potentialAction\":[{\"@type\":\"SearchAction\",\"target\":{\"@type\":\"EntryPoint\",\"urlTemplate\":\"https:\\\/\\\/www.softub.ch\\\/fr\\\/?s={search_term_string}\"},\"query-input\":{\"@type\":\"PropertyValueSpecification\",\"valueRequired\":true,\"valueName\":\"search_term_string\"}}],\"inLanguage\":\"fr-FR\"},{\"@type\":\"Organization\",\"@id\":\"https:\\\/\\\/www.softub.ch\\\/fr\\\/#organization\",\"name\":\"Softub Schweiz AG\",\"url\":\"https:\\\/\\\/www.softub.ch\\\/fr\\\/\",\"logo\":{\"@type\":\"ImageObject\",\"inLanguage\":\"fr-FR\",\"@id\":\"https:\\\/\\\/www.softub.ch\\\/fr\\\/#\\\/schema\\\/logo\\\/image\\\/\",\"url\":\"https:\\\/\\\/www.softub.ch\\\/wp-content\\\/uploads\\\/Softub-Logo-Softub-Schweiz-.png\",\"contentUrl\":\"https:\\\/\\\/www.softub.ch\\\/wp-content\\\/uploads\\\/Softub-Logo-Softub-Schweiz-.png\",\"width\":200,\"height\":73,\"caption\":\"Softub Schweiz AG\"},\"image\":{\"@id\":\"https:\\\/\\\/www.softub.ch\\\/fr\\\/#\\\/schema\\\/logo\\\/image\\\/\"},\"sameAs\":[\"https:\\\/\\\/www.facebook.com\\\/softubschweiz\",\"https:\\\/\\\/www.instagram.com\\\/softub_schweiz\\\/\",\"https:\\\/\\\/ch.pinterest.com\\\/softub_schweiz\\\/\",\"https:\\\/\\\/www.linkedin.com\\\/company\\\/softub-schweiz-ag\\\/\"]}]}<\/script>\n<!-- \/ Yoast SEO Premium plugin. -->","yoast_head_json":{"title":"Softub bandelette de test 3 en 1 - un traitement d'eau facile - Softub Schweiz","robots":{"index":"index","follow":"follow","max-snippet":"max-snippet:-1","max-image-preview":"max-image-preview:large","max-video-preview":"max-video-preview:-1"},"canonical":"https:\/\/www.softub.ch\/fr\/produit\/softub-bandelettes-reactives-3-en-1\/","og_locale":"fr_FR","og_type":"article","og_title":"Softub bandelette de test 3 en 1 - un traitement d'eau facile","og_description":"Bandelettes de test Pool &amp; Spa 3 en 1 D\u00e9termination simple et rapide de la valeur de l'eau de votre spa Softub. Une \u00e9chelle de couleurs permet de lire le PH, la teneur en chlore et la valeur alcaline de l'eau. Convient pour l'analyse de l'eau en cas d'entretien avec des produits chlor\u00e9s.  Ce produit est \u00e9galement inclus dans le kit d'entretien de l'eau Softub.","og_url":"https:\/\/www.softub.ch\/fr\/produit\/softub-bandelettes-reactives-3-en-1\/","og_site_name":"Softub Schweiz","article_publisher":"https:\/\/www.facebook.com\/softubschweiz","article_modified_time":"2025-10-15T11:54:50+00:00","og_image":[{"width":800,"height":1200,"url":"https:\/\/www.softub.ch\/wp-content\/uploads\/pool_teststreifen_softcare_3_in_1_50_stueck_zur_bestimmung_von_chlor_pH_werten.jpeg","type":"image\/jpeg"}],"twitter_card":"summary_large_image","twitter_misc":{"Dur\u00e9e de lecture estim\u00e9e":"2 minutes"},"schema":{"@context":"https:\/\/schema.org","@graph":[{"@type":"WebPage","@id":"https:\/\/www.softub.ch\/fr\/produit\/softub-bandelettes-reactives-3-en-1\/","url":"https:\/\/www.softub.ch\/fr\/produit\/softub-bandelettes-reactives-3-en-1\/","name":"Softub bandelette de test 3 en 1 - un traitement d'eau facile - Softub Schweiz","isPartOf":{"@id":"https:\/\/www.softub.ch\/fr\/#website"},"primaryImageOfPage":{"@id":"https:\/\/www.softub.ch\/fr\/produit\/softub-bandelettes-reactives-3-en-1\/#primaryimage"},"image":{"@id":"https:\/\/www.softub.ch\/fr\/produit\/softub-bandelettes-reactives-3-en-1\/#primaryimage"},"thumbnailUrl":"https:\/\/www.softub.ch\/wp-content\/uploads\/pool_teststreifen_softcare_3_in_1_50_stueck_zur_bestimmung_von_chlor_pH_werten.jpeg","datePublished":"2019-09-28T14:45:42+00:00","dateModified":"2025-10-15T11:54:50+00:00","breadcrumb":{"@id":"https:\/\/www.softub.ch\/fr\/produit\/softub-bandelettes-reactives-3-en-1\/#breadcrumb"},"inLanguage":"fr-FR","potentialAction":[{"@type":"ReadAction","target":["https:\/\/www.softub.ch\/fr\/produit\/softub-bandelettes-reactives-3-en-1\/"]}]},{"@type":"ImageObject","inLanguage":"fr-FR","@id":"https:\/\/www.softub.ch\/fr\/produit\/softub-bandelettes-reactives-3-en-1\/#primaryimage","url":"https:\/\/www.softub.ch\/wp-content\/uploads\/pool_teststreifen_softcare_3_in_1_50_stueck_zur_bestimmung_von_chlor_pH_werten.jpeg","contentUrl":"https:\/\/www.softub.ch\/wp-content\/uploads\/pool_teststreifen_softcare_3_in_1_50_stueck_zur_bestimmung_von_chlor_pH_werten.jpeg","width":1280,"height":1280,"caption":"Softcare Teststreifen"},{"@type":"BreadcrumbList","@id":"https:\/\/www.softub.ch\/fr\/produit\/softub-bandelettes-reactives-3-en-1\/#breadcrumb","itemListElement":[{"@type":"ListItem","position":1,"name":"Startseite","item":"https:\/\/www.softub.ch\/fr\/"},{"@type":"ListItem","position":2,"name":"Shop","item":"https:\/\/www.softub.ch\/fr\/softub-suisse-shop\/"},{"@type":"ListItem","position":3,"name":"Softub bandelette de test 3 en 1 &#8211; un traitement d&#8217;eau facile"}]},{"@type":"WebSite","@id":"https:\/\/www.softub.ch\/fr\/#website","url":"https:\/\/www.softub.ch\/fr\/","name":"Softub Schweiz","description":"Softub - Wir machen Ferien Zuhause","publisher":{"@id":"https:\/\/www.softub.ch\/fr\/#organization"},"potentialAction":[{"@type":"SearchAction","target":{"@type":"EntryPoint","urlTemplate":"https:\/\/www.softub.ch\/fr\/?s={search_term_string}"},"query-input":{"@type":"PropertyValueSpecification","valueRequired":true,"valueName":"search_term_string"}}],"inLanguage":"fr-FR"},{"@type":"Organization","@id":"https:\/\/www.softub.ch\/fr\/#organization","name":"Softub Schweiz AG","url":"https:\/\/www.softub.ch\/fr\/","logo":{"@type":"ImageObject","inLanguage":"fr-FR","@id":"https:\/\/www.softub.ch\/fr\/#\/schema\/logo\/image\/","url":"https:\/\/www.softub.ch\/wp-content\/uploads\/Softub-Logo-Softub-Schweiz-.png","contentUrl":"https:\/\/www.softub.ch\/wp-content\/uploads\/Softub-Logo-Softub-Schweiz-.png","width":200,"height":73,"caption":"Softub Schweiz AG"},"image":{"@id":"https:\/\/www.softub.ch\/fr\/#\/schema\/logo\/image\/"},"sameAs":["https:\/\/www.facebook.com\/softubschweiz","https:\/\/www.instagram.com\/softub_schweiz\/","https:\/\/ch.pinterest.com\/softub_schweiz\/","https:\/\/www.linkedin.com\/company\/softub-schweiz-ag\/"]}]}},"_links":{"self":[{"href":"https:\/\/www.softub.ch\/fr\/wp-json\/wp\/v2\/product\/6099","targetHints":{"allow":["GET"]}}],"collection":[{"href":"https:\/\/www.softub.ch\/fr\/wp-json\/wp\/v2\/product"}],"about":[{"href":"https:\/\/www.softub.ch\/fr\/wp-json\/wp\/v2\/types\/product"}],"wp:featuredmedia":[{"embeddable":true,"href":"https:\/\/www.softub.ch\/fr\/wp-json\/wp\/v2\/media\/72932"}],"wp:attachment":[{"href":"https:\/\/www.softub.ch\/fr\/wp-json\/wp\/v2\/media?parent=6099"}],"wp:term":[{"taxonomy":"product_brand","embeddable":true,"href":"https:\/\/www.softub.ch\/fr\/wp-json\/wp\/v2\/product_brand?post=6099"},{"taxonomy":"product_cat","embeddable":true,"href":"https:\/\/www.softub.ch\/fr\/wp-json\/wp\/v2\/product_cat?post=6099"},{"taxonomy":"product_tag","embeddable":true,"href":"https:\/\/www.softub.ch\/fr\/wp-json\/wp\/v2\/product_tag?post=6099"},{"taxonomy":"woo-feed-brand","embeddable":true,"href":"https:\/\/www.softub.ch\/fr\/wp-json\/wp\/v2\/woo-feed-brand?post=6099"}],"curies":[{"name":"wp","href":"https:\/\/api.w.org\/{rel}","templated":true}]}}