{"id":6115,"date":"2019-09-27T22:01:58","date_gmt":"2019-09-27T22:01:58","guid":{"rendered":"http:\/\/www.softub.ch\/product\/estelle-nettoyeur-automatique-filtres-nettoyage-du-filtre-facile\/"},"modified":"2024-12-10T23:00:00","modified_gmt":"2024-12-10T22:00:00","slug":"estelle-nettoyeur-automatique-filtres","status":"publish","type":"product","link":"https:\/\/www.softub.ch\/fr\/produit\/estelle-nettoyeur-automatique-filtres\/","title":{"rendered":"Estelle nettoyeur filtre automatique &#8211; nettoyage facile"},"content":{"rendered":"","protected":false},"excerpt":{"rendered":"<div align=\"justify\">Estelle est un syst\u00e8me de nettoyage de filtre brevet\u00e9 unique, con\u00e7u pour nettoyer les cartouches de filtration en profondeur et en moins de 5 minutes.<\/div>\n<div align=\"justify\"><\/div>\n<div align=\"justify\">Il fonctionne uniquement sur la base de la puissance de l\u2019eau et n\u2019utilise pas de produits chimiques ce qui le tend tr\u00e8s respectueux de l\u2019environnement. D\u2019autre part, Estelle consomme environ 80 % d\u2019eau en moins que d\u2019autres m\u00e9thodes de nettoyage ce qui non seulement vous fait \u00e9conomiser beaucoup d\u2019eau mais aussi le prix d&rsquo;achat de nouveaux filtres.<\/div>\n<p><b>Attention :<\/b><\/p>\n<p>Ce nettoyeur est compatible avec les cartouches de filtrations jusqu&rsquo;\u00e0 250 mm de large et 300 mm de haut pour les mod\u00e8les avec extr\u00e9mit\u00e9s (poign\u00e9e, pas de vis) ou 360 mm maximum pour les filtres ouverts en haut et en bas.<\/p>\n<p><a href=\"https:\/\/www.youtube.com\/watch?v=ZiBFZP0zOyk\" target=\"_blank\" rel=\"noopener noreferrer\">YouTube tutoriel vid\u00e9o\u00a0<\/a><\/p>\n<p><strong>Nous vous recommandons de remplacer le filtre chaque ann\u00e9e.<\/strong><\/p>\n","protected":false},"featured_media":6116,"template":"","meta":{"_acf_changed":false},"product_brand":[],"product_cat":[210],"product_tag":[326,334,330,333],"woo-feed-brand":[],"class_list":{"0":"post-6115","1":"product","2":"type-product","3":"status-publish","4":"has-post-thumbnail","6":"product_cat-entretien-traitement-deau-softub","7":"product_tag-chimie","8":"product_tag-desinfection","9":"product_tag-filtre","10":"product_tag-nettoyeur-de-filtre","11":"product_shipping_class-post-15","13":"first","14":"outofstock","15":"featured","16":"taxable","17":"shipping-taxable","18":"purchasable","19":"product-type-simple"},"acf":[],"yoast_head":"<!-- This site is optimized with the Yoast SEO Premium plugin v27.5 (Yoast SEO v27.5) - https:\/\/yoast.com\/product\/yoast-seo-premium-wordpress\/ -->\n<title>Estelle nettoyeur filtre automatique - nettoyage facile - Softub Schweiz<\/title>\n<meta name=\"robots\" content=\"index, follow, max-snippet:-1, max-image-preview:large, max-video-preview:-1\" \/>\n<link rel=\"canonical\" href=\"https:\/\/www.softub.ch\/fr\/produit\/estelle-nettoyeur-automatique-filtres\/\" \/>\n<meta property=\"og:locale\" content=\"fr_FR\" \/>\n<meta property=\"og:type\" content=\"article\" \/>\n<meta property=\"og:title\" content=\"Estelle nettoyeur filtre automatique - nettoyage facile\" \/>\n<meta property=\"og:description\" content=\"Estelle est un syst\u00e8me de nettoyage de filtre brevet\u00e9 unique, con\u00e7u pour nettoyer les cartouches de filtration en profondeur et en moins de 5 minutes.  Il fonctionne uniquement sur la base de la puissance de l\u2019eau et n\u2019utilise pas de produits chimiques ce qui le tend tr\u00e8s respectueux de l\u2019environnement. D\u2019autre part, Estelle consomme environ 80 % d\u2019eau en moins que d\u2019autres m\u00e9thodes de nettoyage ce qui non seulement vous fait \u00e9conomiser beaucoup d\u2019eau mais aussi le prix d&#039;achat de nouveaux filtres. Attention :  Ce nettoyeur est compatible avec les cartouches de filtrations jusqu&#039;\u00e0 250 mm de large et 300 mm de haut pour les mod\u00e8les avec extr\u00e9mit\u00e9s (poign\u00e9e, pas de vis) ou 360 mm maximum pour les filtres ouverts en haut et en bas.  YouTube tutoriel vid\u00e9o\u00a0  Nous vous recommandons de remplacer le filtre chaque ann\u00e9e.\" \/>\n<meta property=\"og:url\" content=\"https:\/\/www.softub.ch\/fr\/produit\/estelle-nettoyeur-automatique-filtres\/\" \/>\n<meta property=\"og:site_name\" content=\"Softub Schweiz\" \/>\n<meta property=\"article:publisher\" content=\"https:\/\/www.facebook.com\/softubschweiz\" \/>\n<meta property=\"article:modified_time\" content=\"2024-12-10T22:00:00+00:00\" \/>\n<meta property=\"og:image\" content=\"https:\/\/www.softub.ch\/wp-content\/uploads\/estelle.jpg\" \/>\n\t<meta property=\"og:image:width\" content=\"1122\" \/>\n\t<meta property=\"og:image:height\" content=\"673\" \/>\n\t<meta property=\"og:image:type\" content=\"image\/jpeg\" \/>\n<meta name=\"twitter:card\" content=\"summary_large_image\" \/>\n<script type=\"application\/ld+json\" class=\"yoast-schema-graph\">{\"@context\":\"https:\\\/\\\/schema.org\",\"@graph\":[{\"@type\":\"WebPage\",\"@id\":\"https:\\\/\\\/www.softub.ch\\\/fr\\\/produit\\\/estelle-nettoyeur-automatique-filtres\\\/\",\"url\":\"https:\\\/\\\/www.softub.ch\\\/fr\\\/produit\\\/estelle-nettoyeur-automatique-filtres\\\/\",\"name\":\"Estelle nettoyeur filtre automatique - nettoyage facile - Softub Schweiz\",\"isPartOf\":{\"@id\":\"https:\\\/\\\/www.softub.ch\\\/fr\\\/#website\"},\"primaryImageOfPage\":{\"@id\":\"https:\\\/\\\/www.softub.ch\\\/fr\\\/produit\\\/estelle-nettoyeur-automatique-filtres\\\/#primaryimage\"},\"image\":{\"@id\":\"https:\\\/\\\/www.softub.ch\\\/fr\\\/produit\\\/estelle-nettoyeur-automatique-filtres\\\/#primaryimage\"},\"thumbnailUrl\":\"https:\\\/\\\/www.softub.ch\\\/wp-content\\\/uploads\\\/estelle.jpg\",\"datePublished\":\"2019-09-27T22:01:58+00:00\",\"dateModified\":\"2024-12-10T22:00:00+00:00\",\"breadcrumb\":{\"@id\":\"https:\\\/\\\/www.softub.ch\\\/fr\\\/produit\\\/estelle-nettoyeur-automatique-filtres\\\/#breadcrumb\"},\"inLanguage\":\"fr-FR\",\"potentialAction\":[{\"@type\":\"ReadAction\",\"target\":[\"https:\\\/\\\/www.softub.ch\\\/fr\\\/produit\\\/estelle-nettoyeur-automatique-filtres\\\/\"]}]},{\"@type\":\"ImageObject\",\"inLanguage\":\"fr-FR\",\"@id\":\"https:\\\/\\\/www.softub.ch\\\/fr\\\/produit\\\/estelle-nettoyeur-automatique-filtres\\\/#primaryimage\",\"url\":\"https:\\\/\\\/www.softub.ch\\\/wp-content\\\/uploads\\\/estelle.jpg\",\"contentUrl\":\"https:\\\/\\\/www.softub.ch\\\/wp-content\\\/uploads\\\/estelle.jpg\",\"width\":1122,\"height\":673,\"caption\":\"Estelle Filterreinigungsger\u00e4t\"},{\"@type\":\"BreadcrumbList\",\"@id\":\"https:\\\/\\\/www.softub.ch\\\/fr\\\/produit\\\/estelle-nettoyeur-automatique-filtres\\\/#breadcrumb\",\"itemListElement\":[{\"@type\":\"ListItem\",\"position\":1,\"name\":\"Startseite\",\"item\":\"https:\\\/\\\/www.softub.ch\\\/fr\\\/\"},{\"@type\":\"ListItem\",\"position\":2,\"name\":\"Shop\",\"item\":\"https:\\\/\\\/www.softub.ch\\\/fr\\\/softub-suisse-shop\\\/\"},{\"@type\":\"ListItem\",\"position\":3,\"name\":\"Estelle nettoyeur filtre automatique &#8211; nettoyage facile\"}]},{\"@type\":\"WebSite\",\"@id\":\"https:\\\/\\\/www.softub.ch\\\/fr\\\/#website\",\"url\":\"https:\\\/\\\/www.softub.ch\\\/fr\\\/\",\"name\":\"Softub Schweiz\",\"description\":\"Softub - Wir machen Ferien Zuhause\",\"publisher\":{\"@id\":\"https:\\\/\\\/www.softub.ch\\\/fr\\\/#organization\"},\"potentialAction\":[{\"@type\":\"SearchAction\",\"target\":{\"@type\":\"EntryPoint\",\"urlTemplate\":\"https:\\\/\\\/www.softub.ch\\\/fr\\\/?s={search_term_string}\"},\"query-input\":{\"@type\":\"PropertyValueSpecification\",\"valueRequired\":true,\"valueName\":\"search_term_string\"}}],\"inLanguage\":\"fr-FR\"},{\"@type\":\"Organization\",\"@id\":\"https:\\\/\\\/www.softub.ch\\\/fr\\\/#organization\",\"name\":\"Softub Schweiz AG\",\"url\":\"https:\\\/\\\/www.softub.ch\\\/fr\\\/\",\"logo\":{\"@type\":\"ImageObject\",\"inLanguage\":\"fr-FR\",\"@id\":\"https:\\\/\\\/www.softub.ch\\\/fr\\\/#\\\/schema\\\/logo\\\/image\\\/\",\"url\":\"https:\\\/\\\/www.softub.ch\\\/wp-content\\\/uploads\\\/Softub-Logo-Softub-Schweiz-.png\",\"contentUrl\":\"https:\\\/\\\/www.softub.ch\\\/wp-content\\\/uploads\\\/Softub-Logo-Softub-Schweiz-.png\",\"width\":200,\"height\":73,\"caption\":\"Softub Schweiz AG\"},\"image\":{\"@id\":\"https:\\\/\\\/www.softub.ch\\\/fr\\\/#\\\/schema\\\/logo\\\/image\\\/\"},\"sameAs\":[\"https:\\\/\\\/www.facebook.com\\\/softubschweiz\",\"https:\\\/\\\/www.instagram.com\\\/softub_schweiz\\\/\",\"https:\\\/\\\/ch.pinterest.com\\\/softub_schweiz\\\/\",\"https:\\\/\\\/www.linkedin.com\\\/company\\\/softub-schweiz-ag\\\/\"]}]}<\/script>\n<!-- \/ Yoast SEO Premium plugin. -->","yoast_head_json":{"title":"Estelle nettoyeur filtre automatique - nettoyage facile - Softub Schweiz","robots":{"index":"index","follow":"follow","max-snippet":"max-snippet:-1","max-image-preview":"max-image-preview:large","max-video-preview":"max-video-preview:-1"},"canonical":"https:\/\/www.softub.ch\/fr\/produit\/estelle-nettoyeur-automatique-filtres\/","og_locale":"fr_FR","og_type":"article","og_title":"Estelle nettoyeur filtre automatique - nettoyage facile","og_description":"Estelle est un syst\u00e8me de nettoyage de filtre brevet\u00e9 unique, con\u00e7u pour nettoyer les cartouches de filtration en profondeur et en moins de 5 minutes.  Il fonctionne uniquement sur la base de la puissance de l\u2019eau et n\u2019utilise pas de produits chimiques ce qui le tend tr\u00e8s respectueux de l\u2019environnement. D\u2019autre part, Estelle consomme environ 80 % d\u2019eau en moins que d\u2019autres m\u00e9thodes de nettoyage ce qui non seulement vous fait \u00e9conomiser beaucoup d\u2019eau mais aussi le prix d'achat de nouveaux filtres. Attention :  Ce nettoyeur est compatible avec les cartouches de filtrations jusqu'\u00e0 250 mm de large et 300 mm de haut pour les mod\u00e8les avec extr\u00e9mit\u00e9s (poign\u00e9e, pas de vis) ou 360 mm maximum pour les filtres ouverts en haut et en bas.  YouTube tutoriel vid\u00e9o\u00a0  Nous vous recommandons de remplacer le filtre chaque ann\u00e9e.","og_url":"https:\/\/www.softub.ch\/fr\/produit\/estelle-nettoyeur-automatique-filtres\/","og_site_name":"Softub Schweiz","article_publisher":"https:\/\/www.facebook.com\/softubschweiz","article_modified_time":"2024-12-10T22:00:00+00:00","og_image":[{"width":1122,"height":673,"url":"https:\/\/www.softub.ch\/wp-content\/uploads\/estelle.jpg","type":"image\/jpeg"}],"twitter_card":"summary_large_image","schema":{"@context":"https:\/\/schema.org","@graph":[{"@type":"WebPage","@id":"https:\/\/www.softub.ch\/fr\/produit\/estelle-nettoyeur-automatique-filtres\/","url":"https:\/\/www.softub.ch\/fr\/produit\/estelle-nettoyeur-automatique-filtres\/","name":"Estelle nettoyeur filtre automatique - nettoyage facile - Softub Schweiz","isPartOf":{"@id":"https:\/\/www.softub.ch\/fr\/#website"},"primaryImageOfPage":{"@id":"https:\/\/www.softub.ch\/fr\/produit\/estelle-nettoyeur-automatique-filtres\/#primaryimage"},"image":{"@id":"https:\/\/www.softub.ch\/fr\/produit\/estelle-nettoyeur-automatique-filtres\/#primaryimage"},"thumbnailUrl":"https:\/\/www.softub.ch\/wp-content\/uploads\/estelle.jpg","datePublished":"2019-09-27T22:01:58+00:00","dateModified":"2024-12-10T22:00:00+00:00","breadcrumb":{"@id":"https:\/\/www.softub.ch\/fr\/produit\/estelle-nettoyeur-automatique-filtres\/#breadcrumb"},"inLanguage":"fr-FR","potentialAction":[{"@type":"ReadAction","target":["https:\/\/www.softub.ch\/fr\/produit\/estelle-nettoyeur-automatique-filtres\/"]}]},{"@type":"ImageObject","inLanguage":"fr-FR","@id":"https:\/\/www.softub.ch\/fr\/produit\/estelle-nettoyeur-automatique-filtres\/#primaryimage","url":"https:\/\/www.softub.ch\/wp-content\/uploads\/estelle.jpg","contentUrl":"https:\/\/www.softub.ch\/wp-content\/uploads\/estelle.jpg","width":1122,"height":673,"caption":"Estelle Filterreinigungsger\u00e4t"},{"@type":"BreadcrumbList","@id":"https:\/\/www.softub.ch\/fr\/produit\/estelle-nettoyeur-automatique-filtres\/#breadcrumb","itemListElement":[{"@type":"ListItem","position":1,"name":"Startseite","item":"https:\/\/www.softub.ch\/fr\/"},{"@type":"ListItem","position":2,"name":"Shop","item":"https:\/\/www.softub.ch\/fr\/softub-suisse-shop\/"},{"@type":"ListItem","position":3,"name":"Estelle nettoyeur filtre automatique &#8211; nettoyage facile"}]},{"@type":"WebSite","@id":"https:\/\/www.softub.ch\/fr\/#website","url":"https:\/\/www.softub.ch\/fr\/","name":"Softub Schweiz","description":"Softub - Wir machen Ferien Zuhause","publisher":{"@id":"https:\/\/www.softub.ch\/fr\/#organization"},"potentialAction":[{"@type":"SearchAction","target":{"@type":"EntryPoint","urlTemplate":"https:\/\/www.softub.ch\/fr\/?s={search_term_string}"},"query-input":{"@type":"PropertyValueSpecification","valueRequired":true,"valueName":"search_term_string"}}],"inLanguage":"fr-FR"},{"@type":"Organization","@id":"https:\/\/www.softub.ch\/fr\/#organization","name":"Softub Schweiz AG","url":"https:\/\/www.softub.ch\/fr\/","logo":{"@type":"ImageObject","inLanguage":"fr-FR","@id":"https:\/\/www.softub.ch\/fr\/#\/schema\/logo\/image\/","url":"https:\/\/www.softub.ch\/wp-content\/uploads\/Softub-Logo-Softub-Schweiz-.png","contentUrl":"https:\/\/www.softub.ch\/wp-content\/uploads\/Softub-Logo-Softub-Schweiz-.png","width":200,"height":73,"caption":"Softub Schweiz AG"},"image":{"@id":"https:\/\/www.softub.ch\/fr\/#\/schema\/logo\/image\/"},"sameAs":["https:\/\/www.facebook.com\/softubschweiz","https:\/\/www.instagram.com\/softub_schweiz\/","https:\/\/ch.pinterest.com\/softub_schweiz\/","https:\/\/www.linkedin.com\/company\/softub-schweiz-ag\/"]}]}},"_links":{"self":[{"href":"https:\/\/www.softub.ch\/fr\/wp-json\/wp\/v2\/product\/6115","targetHints":{"allow":["GET"]}}],"collection":[{"href":"https:\/\/www.softub.ch\/fr\/wp-json\/wp\/v2\/product"}],"about":[{"href":"https:\/\/www.softub.ch\/fr\/wp-json\/wp\/v2\/types\/product"}],"wp:featuredmedia":[{"embeddable":true,"href":"https:\/\/www.softub.ch\/fr\/wp-json\/wp\/v2\/media\/6116"}],"wp:attachment":[{"href":"https:\/\/www.softub.ch\/fr\/wp-json\/wp\/v2\/media?parent=6115"}],"wp:term":[{"taxonomy":"product_brand","embeddable":true,"href":"https:\/\/www.softub.ch\/fr\/wp-json\/wp\/v2\/product_brand?post=6115"},{"taxonomy":"product_cat","embeddable":true,"href":"https:\/\/www.softub.ch\/fr\/wp-json\/wp\/v2\/product_cat?post=6115"},{"taxonomy":"product_tag","embeddable":true,"href":"https:\/\/www.softub.ch\/fr\/wp-json\/wp\/v2\/product_tag?post=6115"},{"taxonomy":"woo-feed-brand","embeddable":true,"href":"https:\/\/www.softub.ch\/fr\/wp-json\/wp\/v2\/woo-feed-brand?post=6115"}],"curies":[{"name":"wp","href":"https:\/\/api.w.org\/{rel}","templated":true}]}}