{"id":6120,"date":"2019-09-22T21:40:34","date_gmt":"2019-09-22T21:40:34","guid":{"rendered":"http:\/\/www.softub.ch\/product\/ultra-mitt-gant-eponge\/"},"modified":"2022-06-30T06:43:47","modified_gmt":"2022-06-30T06:43:47","slug":"ultra-mitt-gant","status":"publish","type":"product","link":"https:\/\/www.softub.ch\/fr\/produit\/ultra-mitt-gant\/","title":{"rendered":"Ultra.Mitt gant eponge &#8211; pour un nettoyage du piscine rapide"},"content":{"rendered":"","protected":false},"excerpt":{"rendered":"<p>Le gant de nettoyage sp\u00e9cialement enduit facilite l&rsquo;\u00e9limination de la salet\u00e9 et des d\u00e9bris \u00e0 l&rsquo;int\u00e9rieur et \u00e0 l&rsquo;ext\u00e9rieur de la piscine. Avec sa surface l\u00e9g\u00e8rement abrasive, associ\u00e9e \u00e0 un gant en latex imperm\u00e9able, le gant de nettoyage Ultra-Mit procure \u00e0 l&rsquo;utilisateur un maximum de confort. En outre, la surface sp\u00e9ciale de l&rsquo;\u00e9ponge est sp\u00e9cialement con\u00e7ue pour des mat\u00e9riaux tels que la fibre de verre, le vinyle, l&rsquo;acrylique et les carreaux.<\/p>\n<p><strong>Ce produit est \u00e9galement inclus dans le Soft Care Kit Softub.<\/strong><\/p>\n","protected":false},"featured_media":6122,"template":"","meta":{"_acf_changed":false},"product_brand":[],"product_cat":[210,213],"product_tag":[322,335,259,2315,4949,256],"woo-feed-brand":[],"class_list":{"0":"post-6120","1":"product","2":"type-product","3":"status-publish","4":"has-post-thumbnail","6":"product_cat-entretien-traitement-deau-softub","7":"product_cat-entretien-de-leau-nettoyage-des-spas-a-coque-dure","8":"product_tag-entretien-de-leau","9":"product_tag-eponge","10":"product_tag-jacuzzi-fr-2","11":"product_tag-softub-fr-2","12":"product_tag-softub-suisse","13":"product_tag-whirlpool-fr","14":"product_shipping_class-post-15","16":"first","17":"instock","18":"taxable","19":"shipping-taxable","20":"purchasable","21":"product-type-simple"},"acf":[],"yoast_head":"<!-- This site is optimized with the Yoast SEO Premium plugin v27.5 (Yoast SEO v27.5) - https:\/\/yoast.com\/product\/yoast-seo-premium-wordpress\/ -->\n<title>Ultra.Mitt gant eponge - pour un nettoyage du piscine rapide - Softub Schweiz<\/title>\n<meta name=\"robots\" content=\"index, follow, max-snippet:-1, max-image-preview:large, max-video-preview:-1\" \/>\n<link rel=\"canonical\" href=\"https:\/\/www.softub.ch\/fr\/produit\/ultra-mitt-gant\/\" \/>\n<meta property=\"og:locale\" content=\"fr_FR\" \/>\n<meta property=\"og:type\" content=\"article\" \/>\n<meta property=\"og:title\" content=\"Ultra.Mitt gant eponge - pour un nettoyage du piscine rapide\" \/>\n<meta property=\"og:description\" content=\"Le gant de nettoyage sp\u00e9cialement enduit facilite l&#039;\u00e9limination de la salet\u00e9 et des d\u00e9bris \u00e0 l&#039;int\u00e9rieur et \u00e0 l&#039;ext\u00e9rieur de la piscine. Avec sa surface l\u00e9g\u00e8rement abrasive, associ\u00e9e \u00e0 un gant en latex imperm\u00e9able, le gant de nettoyage Ultra-Mit procure \u00e0 l&#039;utilisateur un maximum de confort. En outre, la surface sp\u00e9ciale de l&#039;\u00e9ponge est sp\u00e9cialement con\u00e7ue pour des mat\u00e9riaux tels que la fibre de verre, le vinyle, l&#039;acrylique et les carreaux.  Ce produit est \u00e9galement inclus dans le Soft Care Kit Softub.\" \/>\n<meta property=\"og:url\" content=\"https:\/\/www.softub.ch\/fr\/produit\/ultra-mitt-gant\/\" \/>\n<meta property=\"og:site_name\" content=\"Softub Schweiz\" \/>\n<meta property=\"article:publisher\" content=\"https:\/\/www.facebook.com\/softubschweiz\" \/>\n<meta property=\"article:modified_time\" content=\"2022-06-30T06:43:47+00:00\" \/>\n<meta property=\"og:image\" content=\"https:\/\/www.softub.ch\/wp-content\/uploads\/handschuh1-e1569959738616.jpg\" \/>\n\t<meta property=\"og:image:width\" content=\"215\" \/>\n\t<meta property=\"og:image:height\" content=\"215\" \/>\n\t<meta property=\"og:image:type\" content=\"image\/jpeg\" \/>\n<meta name=\"twitter:card\" content=\"summary_large_image\" \/>\n<script type=\"application\/ld+json\" class=\"yoast-schema-graph\">{\"@context\":\"https:\\\/\\\/schema.org\",\"@graph\":[{\"@type\":\"WebPage\",\"@id\":\"https:\\\/\\\/www.softub.ch\\\/fr\\\/produit\\\/ultra-mitt-gant\\\/\",\"url\":\"https:\\\/\\\/www.softub.ch\\\/fr\\\/produit\\\/ultra-mitt-gant\\\/\",\"name\":\"Ultra.Mitt gant eponge - pour un nettoyage du piscine rapide - Softub Schweiz\",\"isPartOf\":{\"@id\":\"https:\\\/\\\/www.softub.ch\\\/fr\\\/#website\"},\"primaryImageOfPage\":{\"@id\":\"https:\\\/\\\/www.softub.ch\\\/fr\\\/produit\\\/ultra-mitt-gant\\\/#primaryimage\"},\"image\":{\"@id\":\"https:\\\/\\\/www.softub.ch\\\/fr\\\/produit\\\/ultra-mitt-gant\\\/#primaryimage\"},\"thumbnailUrl\":\"https:\\\/\\\/www.softub.ch\\\/wp-content\\\/uploads\\\/handschuh1-e1569959738616.jpg\",\"datePublished\":\"2019-09-22T21:40:34+00:00\",\"dateModified\":\"2022-06-30T06:43:47+00:00\",\"breadcrumb\":{\"@id\":\"https:\\\/\\\/www.softub.ch\\\/fr\\\/produit\\\/ultra-mitt-gant\\\/#breadcrumb\"},\"inLanguage\":\"fr-FR\",\"potentialAction\":[{\"@type\":\"ReadAction\",\"target\":[\"https:\\\/\\\/www.softub.ch\\\/fr\\\/produit\\\/ultra-mitt-gant\\\/\"]}]},{\"@type\":\"ImageObject\",\"inLanguage\":\"fr-FR\",\"@id\":\"https:\\\/\\\/www.softub.ch\\\/fr\\\/produit\\\/ultra-mitt-gant\\\/#primaryimage\",\"url\":\"https:\\\/\\\/www.softub.ch\\\/wp-content\\\/uploads\\\/handschuh1-e1569959738616.jpg\",\"contentUrl\":\"https:\\\/\\\/www.softub.ch\\\/wp-content\\\/uploads\\\/handschuh1-e1569959738616.jpg\",\"width\":215,\"height\":215,\"caption\":\"Ultra Mitt Reinigungshandschuh\"},{\"@type\":\"BreadcrumbList\",\"@id\":\"https:\\\/\\\/www.softub.ch\\\/fr\\\/produit\\\/ultra-mitt-gant\\\/#breadcrumb\",\"itemListElement\":[{\"@type\":\"ListItem\",\"position\":1,\"name\":\"Startseite\",\"item\":\"https:\\\/\\\/www.softub.ch\\\/fr\\\/\"},{\"@type\":\"ListItem\",\"position\":2,\"name\":\"Shop\",\"item\":\"https:\\\/\\\/www.softub.ch\\\/fr\\\/softub-suisse-shop\\\/\"},{\"@type\":\"ListItem\",\"position\":3,\"name\":\"Ultra.Mitt gant eponge &#8211; pour un nettoyage du piscine rapide\"}]},{\"@type\":\"WebSite\",\"@id\":\"https:\\\/\\\/www.softub.ch\\\/fr\\\/#website\",\"url\":\"https:\\\/\\\/www.softub.ch\\\/fr\\\/\",\"name\":\"Softub Schweiz\",\"description\":\"Softub - Wir machen Ferien Zuhause\",\"publisher\":{\"@id\":\"https:\\\/\\\/www.softub.ch\\\/fr\\\/#organization\"},\"potentialAction\":[{\"@type\":\"SearchAction\",\"target\":{\"@type\":\"EntryPoint\",\"urlTemplate\":\"https:\\\/\\\/www.softub.ch\\\/fr\\\/?s={search_term_string}\"},\"query-input\":{\"@type\":\"PropertyValueSpecification\",\"valueRequired\":true,\"valueName\":\"search_term_string\"}}],\"inLanguage\":\"fr-FR\"},{\"@type\":\"Organization\",\"@id\":\"https:\\\/\\\/www.softub.ch\\\/fr\\\/#organization\",\"name\":\"Softub Schweiz AG\",\"url\":\"https:\\\/\\\/www.softub.ch\\\/fr\\\/\",\"logo\":{\"@type\":\"ImageObject\",\"inLanguage\":\"fr-FR\",\"@id\":\"https:\\\/\\\/www.softub.ch\\\/fr\\\/#\\\/schema\\\/logo\\\/image\\\/\",\"url\":\"https:\\\/\\\/www.softub.ch\\\/wp-content\\\/uploads\\\/Softub-Logo-Softub-Schweiz-.png\",\"contentUrl\":\"https:\\\/\\\/www.softub.ch\\\/wp-content\\\/uploads\\\/Softub-Logo-Softub-Schweiz-.png\",\"width\":200,\"height\":73,\"caption\":\"Softub Schweiz AG\"},\"image\":{\"@id\":\"https:\\\/\\\/www.softub.ch\\\/fr\\\/#\\\/schema\\\/logo\\\/image\\\/\"},\"sameAs\":[\"https:\\\/\\\/www.facebook.com\\\/softubschweiz\",\"https:\\\/\\\/www.instagram.com\\\/softub_schweiz\\\/\",\"https:\\\/\\\/ch.pinterest.com\\\/softub_schweiz\\\/\",\"https:\\\/\\\/www.linkedin.com\\\/company\\\/softub-schweiz-ag\\\/\"]}]}<\/script>\n<!-- \/ Yoast SEO Premium plugin. -->","yoast_head_json":{"title":"Ultra.Mitt gant eponge - pour un nettoyage du piscine rapide - Softub Schweiz","robots":{"index":"index","follow":"follow","max-snippet":"max-snippet:-1","max-image-preview":"max-image-preview:large","max-video-preview":"max-video-preview:-1"},"canonical":"https:\/\/www.softub.ch\/fr\/produit\/ultra-mitt-gant\/","og_locale":"fr_FR","og_type":"article","og_title":"Ultra.Mitt gant eponge - pour un nettoyage du piscine rapide","og_description":"Le gant de nettoyage sp\u00e9cialement enduit facilite l'\u00e9limination de la salet\u00e9 et des d\u00e9bris \u00e0 l'int\u00e9rieur et \u00e0 l'ext\u00e9rieur de la piscine. Avec sa surface l\u00e9g\u00e8rement abrasive, associ\u00e9e \u00e0 un gant en latex imperm\u00e9able, le gant de nettoyage Ultra-Mit procure \u00e0 l'utilisateur un maximum de confort. En outre, la surface sp\u00e9ciale de l'\u00e9ponge est sp\u00e9cialement con\u00e7ue pour des mat\u00e9riaux tels que la fibre de verre, le vinyle, l'acrylique et les carreaux.  Ce produit est \u00e9galement inclus dans le Soft Care Kit Softub.","og_url":"https:\/\/www.softub.ch\/fr\/produit\/ultra-mitt-gant\/","og_site_name":"Softub Schweiz","article_publisher":"https:\/\/www.facebook.com\/softubschweiz","article_modified_time":"2022-06-30T06:43:47+00:00","og_image":[{"width":215,"height":215,"url":"https:\/\/www.softub.ch\/wp-content\/uploads\/handschuh1-e1569959738616.jpg","type":"image\/jpeg"}],"twitter_card":"summary_large_image","schema":{"@context":"https:\/\/schema.org","@graph":[{"@type":"WebPage","@id":"https:\/\/www.softub.ch\/fr\/produit\/ultra-mitt-gant\/","url":"https:\/\/www.softub.ch\/fr\/produit\/ultra-mitt-gant\/","name":"Ultra.Mitt gant eponge - pour un nettoyage du piscine rapide - Softub Schweiz","isPartOf":{"@id":"https:\/\/www.softub.ch\/fr\/#website"},"primaryImageOfPage":{"@id":"https:\/\/www.softub.ch\/fr\/produit\/ultra-mitt-gant\/#primaryimage"},"image":{"@id":"https:\/\/www.softub.ch\/fr\/produit\/ultra-mitt-gant\/#primaryimage"},"thumbnailUrl":"https:\/\/www.softub.ch\/wp-content\/uploads\/handschuh1-e1569959738616.jpg","datePublished":"2019-09-22T21:40:34+00:00","dateModified":"2022-06-30T06:43:47+00:00","breadcrumb":{"@id":"https:\/\/www.softub.ch\/fr\/produit\/ultra-mitt-gant\/#breadcrumb"},"inLanguage":"fr-FR","potentialAction":[{"@type":"ReadAction","target":["https:\/\/www.softub.ch\/fr\/produit\/ultra-mitt-gant\/"]}]},{"@type":"ImageObject","inLanguage":"fr-FR","@id":"https:\/\/www.softub.ch\/fr\/produit\/ultra-mitt-gant\/#primaryimage","url":"https:\/\/www.softub.ch\/wp-content\/uploads\/handschuh1-e1569959738616.jpg","contentUrl":"https:\/\/www.softub.ch\/wp-content\/uploads\/handschuh1-e1569959738616.jpg","width":215,"height":215,"caption":"Ultra Mitt Reinigungshandschuh"},{"@type":"BreadcrumbList","@id":"https:\/\/www.softub.ch\/fr\/produit\/ultra-mitt-gant\/#breadcrumb","itemListElement":[{"@type":"ListItem","position":1,"name":"Startseite","item":"https:\/\/www.softub.ch\/fr\/"},{"@type":"ListItem","position":2,"name":"Shop","item":"https:\/\/www.softub.ch\/fr\/softub-suisse-shop\/"},{"@type":"ListItem","position":3,"name":"Ultra.Mitt gant eponge &#8211; pour un nettoyage du piscine rapide"}]},{"@type":"WebSite","@id":"https:\/\/www.softub.ch\/fr\/#website","url":"https:\/\/www.softub.ch\/fr\/","name":"Softub Schweiz","description":"Softub - Wir machen Ferien Zuhause","publisher":{"@id":"https:\/\/www.softub.ch\/fr\/#organization"},"potentialAction":[{"@type":"SearchAction","target":{"@type":"EntryPoint","urlTemplate":"https:\/\/www.softub.ch\/fr\/?s={search_term_string}"},"query-input":{"@type":"PropertyValueSpecification","valueRequired":true,"valueName":"search_term_string"}}],"inLanguage":"fr-FR"},{"@type":"Organization","@id":"https:\/\/www.softub.ch\/fr\/#organization","name":"Softub Schweiz AG","url":"https:\/\/www.softub.ch\/fr\/","logo":{"@type":"ImageObject","inLanguage":"fr-FR","@id":"https:\/\/www.softub.ch\/fr\/#\/schema\/logo\/image\/","url":"https:\/\/www.softub.ch\/wp-content\/uploads\/Softub-Logo-Softub-Schweiz-.png","contentUrl":"https:\/\/www.softub.ch\/wp-content\/uploads\/Softub-Logo-Softub-Schweiz-.png","width":200,"height":73,"caption":"Softub Schweiz AG"},"image":{"@id":"https:\/\/www.softub.ch\/fr\/#\/schema\/logo\/image\/"},"sameAs":["https:\/\/www.facebook.com\/softubschweiz","https:\/\/www.instagram.com\/softub_schweiz\/","https:\/\/ch.pinterest.com\/softub_schweiz\/","https:\/\/www.linkedin.com\/company\/softub-schweiz-ag\/"]}]}},"_links":{"self":[{"href":"https:\/\/www.softub.ch\/fr\/wp-json\/wp\/v2\/product\/6120","targetHints":{"allow":["GET"]}}],"collection":[{"href":"https:\/\/www.softub.ch\/fr\/wp-json\/wp\/v2\/product"}],"about":[{"href":"https:\/\/www.softub.ch\/fr\/wp-json\/wp\/v2\/types\/product"}],"wp:featuredmedia":[{"embeddable":true,"href":"https:\/\/www.softub.ch\/fr\/wp-json\/wp\/v2\/media\/6122"}],"wp:attachment":[{"href":"https:\/\/www.softub.ch\/fr\/wp-json\/wp\/v2\/media?parent=6120"}],"wp:term":[{"taxonomy":"product_brand","embeddable":true,"href":"https:\/\/www.softub.ch\/fr\/wp-json\/wp\/v2\/product_brand?post=6120"},{"taxonomy":"product_cat","embeddable":true,"href":"https:\/\/www.softub.ch\/fr\/wp-json\/wp\/v2\/product_cat?post=6120"},{"taxonomy":"product_tag","embeddable":true,"href":"https:\/\/www.softub.ch\/fr\/wp-json\/wp\/v2\/product_tag?post=6120"},{"taxonomy":"woo-feed-brand","embeddable":true,"href":"https:\/\/www.softub.ch\/fr\/wp-json\/wp\/v2\/woo-feed-brand?post=6120"}],"curies":[{"name":"wp","href":"https:\/\/api.w.org\/{rel}","templated":true}]}}