{"id":6129,"date":"2019-09-22T20:45:44","date_gmt":"2019-09-22T20:45:44","guid":{"rendered":"http:\/\/www.softub.ch\/product\/scumbug-eponge-absorbante\/"},"modified":"2022-06-30T06:43:36","modified_gmt":"2022-06-30T06:43:36","slug":"scumbug","status":"publish","type":"product","link":"https:\/\/www.softub.ch\/fr\/produit\/scumbug\/","title":{"rendered":"Scumbug \u00e9ponge absorbante &#8211; nettoyante ligne d&rsquo;eau"},"content":{"rendered":"<p>L&rsquo;\u00e9ponge peut \u00eatre facilement nettoy\u00e9e au lave-vaisselle. Nous vous recommandons de le changer chaque deux ans.<\/p>\n","protected":false},"excerpt":{"rendered":"<p>L&rsquo;\u00e9ponge de salet\u00e9 Scum Bug \u00e9limine automatiquement les traces de salet\u00e9 sur la ligne de flottaison de la piscine ou du bain \u00e0 remous et absorbe 40 fois son poids en huiles et en lotions.<\/p>\n<ul>\n<li style=\"font-weight: 400\">Pour la pr\u00e9vention des bords noirs<\/li>\n<li style=\"font-weight: 400\">Aide \u00e0 \u00e9liminer l&rsquo;accumulation de mousse<\/li>\n<li style=\"font-weight: 400\">Extension de la vie du filtre<\/li>\n<li style=\"font-weight: 400\">Prolonge le temps entre le nettoyage<\/li>\n<li style=\"font-weight: 400\">Economique et r\u00e9utilisable<\/li>\n<li>\u00c9limine aussi le pollen<\/li>\n<\/ul>\n<p><strong>Ce produit est \u00e9galement inclus dans le kit de soin de l&rsquo;eau Softub.<\/strong><\/p>\n","protected":false},"featured_media":6130,"template":"","meta":{"_acf_changed":false},"product_brand":[],"product_cat":[210,213],"product_tag":[322,335,259,10256,2315,4949,256],"woo-feed-brand":[],"class_list":{"0":"post-6129","1":"product","2":"type-product","3":"status-publish","4":"has-post-thumbnail","6":"product_cat-entretien-traitement-deau-softub","7":"product_cat-entretien-de-leau-nettoyage-des-spas-a-coque-dure","8":"product_tag-entretien-de-leau","9":"product_tag-eponge","10":"product_tag-jacuzzi-fr-2","11":"product_tag-produits-de-soins","12":"product_tag-softub-fr-2","13":"product_tag-softub-suisse","14":"product_tag-whirlpool-fr","15":"product_shipping_class-post-3-5","17":"first","18":"instock","19":"featured","20":"taxable","21":"shipping-taxable","22":"purchasable","23":"product-type-simple"},"acf":[],"yoast_head":"<!-- This site is optimized with the Yoast SEO Premium plugin v27.5 (Yoast SEO v27.5) - https:\/\/yoast.com\/product\/yoast-seo-premium-wordpress\/ -->\n<title>Scumbug \u00e9ponge absorbante - nettoyante ligne d&#039;eau - Softub Schweiz<\/title>\n<meta name=\"robots\" content=\"index, follow, max-snippet:-1, max-image-preview:large, max-video-preview:-1\" \/>\n<link rel=\"canonical\" href=\"https:\/\/www.softub.ch\/produit\/scumbug-schmutzschwamm\/\" \/>\n<meta property=\"og:locale\" content=\"fr_FR\" \/>\n<meta property=\"og:type\" content=\"article\" \/>\n<meta property=\"og:title\" content=\"Scumbug \u00e9ponge absorbante - nettoyante ligne d&#039;eau\" \/>\n<meta property=\"og:description\" content=\"L&#039;\u00e9ponge de salet\u00e9 Scum Bug \u00e9limine automatiquement les traces de salet\u00e9 sur la ligne de flottaison de la piscine ou du bain \u00e0 remous et absorbe 40 fois son poids en huiles et en lotions.   Pour la pr\u00e9vention des bords noirs  Aide \u00e0 \u00e9liminer l&#039;accumulation de mousse  Extension de la vie du filtre  Prolonge le temps entre le nettoyage  Economique et r\u00e9utilisable  \u00c9limine aussi le pollen  Ce produit est \u00e9galement inclus dans le kit de soin de l&#039;eau Softub.\" \/>\n<meta property=\"og:url\" content=\"https:\/\/www.softub.ch\/produit\/scumbug-schmutzschwamm\/\" \/>\n<meta property=\"og:site_name\" content=\"Softub Schweiz\" \/>\n<meta property=\"article:publisher\" content=\"https:\/\/www.facebook.com\/softubschweiz\" \/>\n<meta property=\"article:modified_time\" content=\"2022-06-30T06:43:36+00:00\" \/>\n<meta property=\"og:image\" content=\"https:\/\/www.softub.ch\/wp-content\/uploads\/scum-bug.jpg\" \/>\n\t<meta property=\"og:image:width\" content=\"1122\" \/>\n\t<meta property=\"og:image:height\" content=\"673\" \/>\n\t<meta property=\"og:image:type\" content=\"image\/jpeg\" \/>\n<meta name=\"twitter:card\" content=\"summary_large_image\" \/>\n<script type=\"application\/ld+json\" class=\"yoast-schema-graph\">{\"@context\":\"https:\\\/\\\/schema.org\",\"@graph\":[{\"@type\":\"WebPage\",\"@id\":\"https:\\\/\\\/www.softub.ch\\\/produit\\\/scumbug-schmutzschwamm\\\/\",\"url\":\"https:\\\/\\\/www.softub.ch\\\/produit\\\/scumbug-schmutzschwamm\\\/\",\"name\":\"Scumbug \u00e9ponge absorbante - nettoyante ligne d'eau - Softub Schweiz\",\"isPartOf\":{\"@id\":\"https:\\\/\\\/www.softub.ch\\\/fr\\\/#website\"},\"primaryImageOfPage\":{\"@id\":\"https:\\\/\\\/www.softub.ch\\\/produit\\\/scumbug-schmutzschwamm\\\/#primaryimage\"},\"image\":{\"@id\":\"https:\\\/\\\/www.softub.ch\\\/produit\\\/scumbug-schmutzschwamm\\\/#primaryimage\"},\"thumbnailUrl\":\"https:\\\/\\\/www.softub.ch\\\/wp-content\\\/uploads\\\/scum-bug.jpg\",\"datePublished\":\"2019-09-22T20:45:44+00:00\",\"dateModified\":\"2022-06-30T06:43:36+00:00\",\"breadcrumb\":{\"@id\":\"https:\\\/\\\/www.softub.ch\\\/produit\\\/scumbug-schmutzschwamm\\\/#breadcrumb\"},\"inLanguage\":\"fr-FR\",\"potentialAction\":[{\"@type\":\"ReadAction\",\"target\":[\"https:\\\/\\\/www.softub.ch\\\/produit\\\/scumbug-schmutzschwamm\\\/\"]}]},{\"@type\":\"ImageObject\",\"inLanguage\":\"fr-FR\",\"@id\":\"https:\\\/\\\/www.softub.ch\\\/produit\\\/scumbug-schmutzschwamm\\\/#primaryimage\",\"url\":\"https:\\\/\\\/www.softub.ch\\\/wp-content\\\/uploads\\\/scum-bug.jpg\",\"contentUrl\":\"https:\\\/\\\/www.softub.ch\\\/wp-content\\\/uploads\\\/scum-bug.jpg\",\"width\":1122,\"height\":673,\"caption\":\"Scumbug Schmutzschwamm\"},{\"@type\":\"BreadcrumbList\",\"@id\":\"https:\\\/\\\/www.softub.ch\\\/produit\\\/scumbug-schmutzschwamm\\\/#breadcrumb\",\"itemListElement\":[{\"@type\":\"ListItem\",\"position\":1,\"name\":\"Startseite\",\"item\":\"https:\\\/\\\/www.softub.ch\\\/fr\\\/\"},{\"@type\":\"ListItem\",\"position\":2,\"name\":\"Shop\",\"item\":\"https:\\\/\\\/www.softub.ch\\\/fr\\\/softub-suisse-shop\\\/\"},{\"@type\":\"ListItem\",\"position\":3,\"name\":\"Scumbug \u00e9ponge absorbante &#8211; nettoyante ligne d&#8217;eau\"}]},{\"@type\":\"WebSite\",\"@id\":\"https:\\\/\\\/www.softub.ch\\\/fr\\\/#website\",\"url\":\"https:\\\/\\\/www.softub.ch\\\/fr\\\/\",\"name\":\"Softub Schweiz\",\"description\":\"Softub - Wir machen Ferien Zuhause\",\"publisher\":{\"@id\":\"https:\\\/\\\/www.softub.ch\\\/fr\\\/#organization\"},\"potentialAction\":[{\"@type\":\"SearchAction\",\"target\":{\"@type\":\"EntryPoint\",\"urlTemplate\":\"https:\\\/\\\/www.softub.ch\\\/fr\\\/?s={search_term_string}\"},\"query-input\":{\"@type\":\"PropertyValueSpecification\",\"valueRequired\":true,\"valueName\":\"search_term_string\"}}],\"inLanguage\":\"fr-FR\"},{\"@type\":\"Organization\",\"@id\":\"https:\\\/\\\/www.softub.ch\\\/fr\\\/#organization\",\"name\":\"Softub Schweiz AG\",\"url\":\"https:\\\/\\\/www.softub.ch\\\/fr\\\/\",\"logo\":{\"@type\":\"ImageObject\",\"inLanguage\":\"fr-FR\",\"@id\":\"https:\\\/\\\/www.softub.ch\\\/fr\\\/#\\\/schema\\\/logo\\\/image\\\/\",\"url\":\"https:\\\/\\\/www.softub.ch\\\/wp-content\\\/uploads\\\/Softub-Logo-Softub-Schweiz-.png\",\"contentUrl\":\"https:\\\/\\\/www.softub.ch\\\/wp-content\\\/uploads\\\/Softub-Logo-Softub-Schweiz-.png\",\"width\":200,\"height\":73,\"caption\":\"Softub Schweiz AG\"},\"image\":{\"@id\":\"https:\\\/\\\/www.softub.ch\\\/fr\\\/#\\\/schema\\\/logo\\\/image\\\/\"},\"sameAs\":[\"https:\\\/\\\/www.facebook.com\\\/softubschweiz\",\"https:\\\/\\\/www.instagram.com\\\/softub_schweiz\\\/\",\"https:\\\/\\\/ch.pinterest.com\\\/softub_schweiz\\\/\",\"https:\\\/\\\/www.linkedin.com\\\/company\\\/softub-schweiz-ag\\\/\"]}]}<\/script>\n<!-- \/ Yoast SEO Premium plugin. -->","yoast_head_json":{"title":"Scumbug \u00e9ponge absorbante - nettoyante ligne d'eau - Softub Schweiz","robots":{"index":"index","follow":"follow","max-snippet":"max-snippet:-1","max-image-preview":"max-image-preview:large","max-video-preview":"max-video-preview:-1"},"canonical":"https:\/\/www.softub.ch\/produit\/scumbug-schmutzschwamm\/","og_locale":"fr_FR","og_type":"article","og_title":"Scumbug \u00e9ponge absorbante - nettoyante ligne d'eau","og_description":"L'\u00e9ponge de salet\u00e9 Scum Bug \u00e9limine automatiquement les traces de salet\u00e9 sur la ligne de flottaison de la piscine ou du bain \u00e0 remous et absorbe 40 fois son poids en huiles et en lotions.   Pour la pr\u00e9vention des bords noirs  Aide \u00e0 \u00e9liminer l'accumulation de mousse  Extension de la vie du filtre  Prolonge le temps entre le nettoyage  Economique et r\u00e9utilisable  \u00c9limine aussi le pollen  Ce produit est \u00e9galement inclus dans le kit de soin de l'eau Softub.","og_url":"https:\/\/www.softub.ch\/produit\/scumbug-schmutzschwamm\/","og_site_name":"Softub Schweiz","article_publisher":"https:\/\/www.facebook.com\/softubschweiz","article_modified_time":"2022-06-30T06:43:36+00:00","og_image":[{"width":1122,"height":673,"url":"https:\/\/www.softub.ch\/wp-content\/uploads\/scum-bug.jpg","type":"image\/jpeg"}],"twitter_card":"summary_large_image","schema":{"@context":"https:\/\/schema.org","@graph":[{"@type":"WebPage","@id":"https:\/\/www.softub.ch\/produit\/scumbug-schmutzschwamm\/","url":"https:\/\/www.softub.ch\/produit\/scumbug-schmutzschwamm\/","name":"Scumbug \u00e9ponge absorbante - nettoyante ligne d'eau - Softub Schweiz","isPartOf":{"@id":"https:\/\/www.softub.ch\/fr\/#website"},"primaryImageOfPage":{"@id":"https:\/\/www.softub.ch\/produit\/scumbug-schmutzschwamm\/#primaryimage"},"image":{"@id":"https:\/\/www.softub.ch\/produit\/scumbug-schmutzschwamm\/#primaryimage"},"thumbnailUrl":"https:\/\/www.softub.ch\/wp-content\/uploads\/scum-bug.jpg","datePublished":"2019-09-22T20:45:44+00:00","dateModified":"2022-06-30T06:43:36+00:00","breadcrumb":{"@id":"https:\/\/www.softub.ch\/produit\/scumbug-schmutzschwamm\/#breadcrumb"},"inLanguage":"fr-FR","potentialAction":[{"@type":"ReadAction","target":["https:\/\/www.softub.ch\/produit\/scumbug-schmutzschwamm\/"]}]},{"@type":"ImageObject","inLanguage":"fr-FR","@id":"https:\/\/www.softub.ch\/produit\/scumbug-schmutzschwamm\/#primaryimage","url":"https:\/\/www.softub.ch\/wp-content\/uploads\/scum-bug.jpg","contentUrl":"https:\/\/www.softub.ch\/wp-content\/uploads\/scum-bug.jpg","width":1122,"height":673,"caption":"Scumbug Schmutzschwamm"},{"@type":"BreadcrumbList","@id":"https:\/\/www.softub.ch\/produit\/scumbug-schmutzschwamm\/#breadcrumb","itemListElement":[{"@type":"ListItem","position":1,"name":"Startseite","item":"https:\/\/www.softub.ch\/fr\/"},{"@type":"ListItem","position":2,"name":"Shop","item":"https:\/\/www.softub.ch\/fr\/softub-suisse-shop\/"},{"@type":"ListItem","position":3,"name":"Scumbug \u00e9ponge absorbante &#8211; nettoyante ligne d&#8217;eau"}]},{"@type":"WebSite","@id":"https:\/\/www.softub.ch\/fr\/#website","url":"https:\/\/www.softub.ch\/fr\/","name":"Softub Schweiz","description":"Softub - Wir machen Ferien Zuhause","publisher":{"@id":"https:\/\/www.softub.ch\/fr\/#organization"},"potentialAction":[{"@type":"SearchAction","target":{"@type":"EntryPoint","urlTemplate":"https:\/\/www.softub.ch\/fr\/?s={search_term_string}"},"query-input":{"@type":"PropertyValueSpecification","valueRequired":true,"valueName":"search_term_string"}}],"inLanguage":"fr-FR"},{"@type":"Organization","@id":"https:\/\/www.softub.ch\/fr\/#organization","name":"Softub Schweiz AG","url":"https:\/\/www.softub.ch\/fr\/","logo":{"@type":"ImageObject","inLanguage":"fr-FR","@id":"https:\/\/www.softub.ch\/fr\/#\/schema\/logo\/image\/","url":"https:\/\/www.softub.ch\/wp-content\/uploads\/Softub-Logo-Softub-Schweiz-.png","contentUrl":"https:\/\/www.softub.ch\/wp-content\/uploads\/Softub-Logo-Softub-Schweiz-.png","width":200,"height":73,"caption":"Softub Schweiz AG"},"image":{"@id":"https:\/\/www.softub.ch\/fr\/#\/schema\/logo\/image\/"},"sameAs":["https:\/\/www.facebook.com\/softubschweiz","https:\/\/www.instagram.com\/softub_schweiz\/","https:\/\/ch.pinterest.com\/softub_schweiz\/","https:\/\/www.linkedin.com\/company\/softub-schweiz-ag\/"]}]}},"_links":{"self":[{"href":"https:\/\/www.softub.ch\/fr\/wp-json\/wp\/v2\/product\/6129","targetHints":{"allow":["GET"]}}],"collection":[{"href":"https:\/\/www.softub.ch\/fr\/wp-json\/wp\/v2\/product"}],"about":[{"href":"https:\/\/www.softub.ch\/fr\/wp-json\/wp\/v2\/types\/product"}],"wp:featuredmedia":[{"embeddable":true,"href":"https:\/\/www.softub.ch\/fr\/wp-json\/wp\/v2\/media\/6130"}],"wp:attachment":[{"href":"https:\/\/www.softub.ch\/fr\/wp-json\/wp\/v2\/media?parent=6129"}],"wp:term":[{"taxonomy":"product_brand","embeddable":true,"href":"https:\/\/www.softub.ch\/fr\/wp-json\/wp\/v2\/product_brand?post=6129"},{"taxonomy":"product_cat","embeddable":true,"href":"https:\/\/www.softub.ch\/fr\/wp-json\/wp\/v2\/product_cat?post=6129"},{"taxonomy":"product_tag","embeddable":true,"href":"https:\/\/www.softub.ch\/fr\/wp-json\/wp\/v2\/product_tag?post=6129"},{"taxonomy":"woo-feed-brand","embeddable":true,"href":"https:\/\/www.softub.ch\/fr\/wp-json\/wp\/v2\/woo-feed-brand?post=6129"}],"curies":[{"name":"wp","href":"https:\/\/api.w.org\/{rel}","templated":true}]}}