{"id":6142,"date":"2019-09-19T05:27:44","date_gmt":"2019-09-19T05:27:44","guid":{"rendered":"http:\/\/www.softub.ch\/product\/great-barrier-le-filtre-a-eau-nettoie-votre-eau-des-metaux-lourds\/"},"modified":"2022-06-30T06:43:25","modified_gmt":"2022-06-30T06:43:25","slug":"great-barrier-le-filtre","status":"publish","type":"product","link":"https:\/\/www.softub.ch\/fr\/produit\/great-barrier-le-filtre\/","title":{"rendered":"Great Barrier &#8211; la filtration du m\u00e9tal lourd dans votre eau"},"content":{"rendered":"<p><strong>Application:<\/strong><\/p>\n<p>Connectez simplement le filtre \u00e0 charbon actif \u00e0 un tuyau d&rsquo;arrosage et remplissez votre piscine \/ spa avec d&rsquo;eau fra\u00eeche. Con\u00e7u pour r\u00e9duire ou \u00e9liminer une vari\u00e9t\u00e9 de contaminants connus, notamment:<\/p>\n<ul>\n<li>Produits chimiques organiques<\/li>\n<li>Produits chimiques inorganiques<\/li>\n<li>Suspendu<\/li>\n<li>M\u00e9taux lourds<\/li>\n<li>Plomb, mercure, arsenic et plus<\/li>\n<\/ul>\n<p>Capacit\u00e9 du filtre: 28,00 litres<\/p>\n","protected":false},"excerpt":{"rendered":"<p>Le filtre \u00e0 eau Grande barri\u00e8re convertit les produits chimiques organiques et inorganiques inutiles, les solides en suspension et les m\u00e9taux lourds tels que Plomb, mercure, arsenic et beaucoup plus ou les filtrer compl\u00e8tement. Apr\u00e8s ce processus, votre eau obtient une qualit\u00e9 \u00e9quivalente \u00e0 celle de l&rsquo;eau min\u00e9rale et est id\u00e9ale pour remplir votre spa.<\/p>\n","protected":false},"featured_media":6143,"template":"","meta":{"_acf_changed":false},"product_brand":[],"product_cat":[210,213],"product_tag":[322,319,335,330,259,9835,6712,4948,6363,6710,6711,6351,2315,4949,270,256],"woo-feed-brand":[],"class_list":{"0":"post-6142","1":"product","2":"type-product","3":"status-publish","4":"has-post-thumbnail","6":"product_cat-entretien-traitement-deau-softub","7":"product_cat-entretien-de-leau-nettoyage-des-spas-a-coque-dure","8":"product_tag-entretien-de-leau","9":"product_tag-entretien-piscine","10":"product_tag-eponge","11":"product_tag-filtre","12":"product_tag-jacuzzi-fr-2","13":"product_tag-meilleur-entretien-de-leau-pour-les-piscines","14":"product_tag-meilleur-soin-de-leau-pour-spa","15":"product_tag-oasis-de-wellness","16":"product_tag-pool-fr","17":"product_tag-propre","18":"product_tag-proprete","19":"product_tag-relax-fr","20":"product_tag-softub-fr-2","21":"product_tag-softub-suisse","22":"product_tag-wellness-fr","23":"product_tag-whirlpool-fr","24":"product_shipping_class-post-15","26":"first","27":"instock","28":"featured","29":"taxable","30":"shipping-taxable","31":"purchasable","32":"product-type-simple"},"acf":[],"yoast_head":"<!-- This site is optimized with the Yoast SEO Premium plugin v27.6 (Yoast SEO v27.6) - https:\/\/yoast.com\/product\/yoast-seo-premium-wordpress\/ -->\n<title>Great Barrier - la filtration du m\u00e9tal lourd dans votre eau - Softub Schweiz<\/title>\n<meta name=\"robots\" content=\"index, follow, max-snippet:-1, max-image-preview:large, max-video-preview:-1\" \/>\n<link rel=\"canonical\" href=\"https:\/\/www.softub.ch\/fr\/produit\/great-barrier-le-filtre\/\" \/>\n<meta property=\"og:locale\" content=\"fr_FR\" \/>\n<meta property=\"og:type\" content=\"article\" \/>\n<meta property=\"og:title\" content=\"Great Barrier - la filtration du m\u00e9tal lourd dans votre eau\" \/>\n<meta property=\"og:description\" content=\"Le filtre \u00e0 eau Grande barri\u00e8re convertit les produits chimiques organiques et inorganiques inutiles, les solides en suspension et les m\u00e9taux lourds tels que Plomb, mercure, arsenic et beaucoup plus ou les filtrer compl\u00e8tement. Apr\u00e8s ce processus, votre eau obtient une qualit\u00e9 \u00e9quivalente \u00e0 celle de l&#039;eau min\u00e9rale et est id\u00e9ale pour remplir votre spa.\" \/>\n<meta property=\"og:url\" content=\"https:\/\/www.softub.ch\/fr\/produit\/great-barrier-le-filtre\/\" \/>\n<meta property=\"og:site_name\" content=\"Softub Schweiz\" \/>\n<meta property=\"article:publisher\" content=\"https:\/\/www.facebook.com\/softubschweiz\" \/>\n<meta property=\"article:modified_time\" content=\"2022-06-30T06:43:25+00:00\" \/>\n<meta property=\"og:image\" content=\"https:\/\/www.softub.ch\/wp-content\/uploads\/GB-GreatCarbon-Filter.jpg\" \/>\n\t<meta property=\"og:image:width\" content=\"480\" \/>\n\t<meta property=\"og:image:height\" content=\"480\" \/>\n\t<meta property=\"og:image:type\" content=\"image\/jpeg\" \/>\n<meta name=\"twitter:card\" content=\"summary_large_image\" \/>\n<script type=\"application\/ld+json\" class=\"yoast-schema-graph\">{\"@context\":\"https:\\\/\\\/schema.org\",\"@graph\":[{\"@type\":\"WebPage\",\"@id\":\"https:\\\/\\\/www.softub.ch\\\/fr\\\/produit\\\/great-barrier-le-filtre\\\/\",\"url\":\"https:\\\/\\\/www.softub.ch\\\/fr\\\/produit\\\/great-barrier-le-filtre\\\/\",\"name\":\"Great Barrier - la filtration du m\u00e9tal lourd dans votre eau - Softub Schweiz\",\"isPartOf\":{\"@id\":\"https:\\\/\\\/www.softub.ch\\\/fr\\\/#website\"},\"primaryImageOfPage\":{\"@id\":\"https:\\\/\\\/www.softub.ch\\\/fr\\\/produit\\\/great-barrier-le-filtre\\\/#primaryimage\"},\"image\":{\"@id\":\"https:\\\/\\\/www.softub.ch\\\/fr\\\/produit\\\/great-barrier-le-filtre\\\/#primaryimage\"},\"thumbnailUrl\":\"https:\\\/\\\/www.softub.ch\\\/wp-content\\\/uploads\\\/GB-GreatCarbon-Filter.jpg\",\"datePublished\":\"2019-09-19T05:27:44+00:00\",\"dateModified\":\"2022-06-30T06:43:25+00:00\",\"breadcrumb\":{\"@id\":\"https:\\\/\\\/www.softub.ch\\\/fr\\\/produit\\\/great-barrier-le-filtre\\\/#breadcrumb\"},\"inLanguage\":\"fr-FR\",\"potentialAction\":[{\"@type\":\"ReadAction\",\"target\":[\"https:\\\/\\\/www.softub.ch\\\/fr\\\/produit\\\/great-barrier-le-filtre\\\/\"]}]},{\"@type\":\"ImageObject\",\"inLanguage\":\"fr-FR\",\"@id\":\"https:\\\/\\\/www.softub.ch\\\/fr\\\/produit\\\/great-barrier-le-filtre\\\/#primaryimage\",\"url\":\"https:\\\/\\\/www.softub.ch\\\/wp-content\\\/uploads\\\/GB-GreatCarbon-Filter.jpg\",\"contentUrl\":\"https:\\\/\\\/www.softub.ch\\\/wp-content\\\/uploads\\\/GB-GreatCarbon-Filter.jpg\",\"width\":480,\"height\":480,\"caption\":\"Great Barrier Wasserfilter\"},{\"@type\":\"BreadcrumbList\",\"@id\":\"https:\\\/\\\/www.softub.ch\\\/fr\\\/produit\\\/great-barrier-le-filtre\\\/#breadcrumb\",\"itemListElement\":[{\"@type\":\"ListItem\",\"position\":1,\"name\":\"Startseite\",\"item\":\"https:\\\/\\\/www.softub.ch\\\/fr\\\/\"},{\"@type\":\"ListItem\",\"position\":2,\"name\":\"Shop\",\"item\":\"https:\\\/\\\/www.softub.ch\\\/fr\\\/softub-suisse-shop\\\/\"},{\"@type\":\"ListItem\",\"position\":3,\"name\":\"Great Barrier &#8211; la filtration du m\u00e9tal lourd dans votre eau\"}]},{\"@type\":\"WebSite\",\"@id\":\"https:\\\/\\\/www.softub.ch\\\/fr\\\/#website\",\"url\":\"https:\\\/\\\/www.softub.ch\\\/fr\\\/\",\"name\":\"Softub Schweiz\",\"description\":\"Softub - Wir machen Ferien Zuhause\",\"publisher\":{\"@id\":\"https:\\\/\\\/www.softub.ch\\\/fr\\\/#organization\"},\"potentialAction\":[{\"@type\":\"SearchAction\",\"target\":{\"@type\":\"EntryPoint\",\"urlTemplate\":\"https:\\\/\\\/www.softub.ch\\\/fr\\\/?s={search_term_string}\"},\"query-input\":{\"@type\":\"PropertyValueSpecification\",\"valueRequired\":true,\"valueName\":\"search_term_string\"}}],\"inLanguage\":\"fr-FR\"},{\"@type\":\"Organization\",\"@id\":\"https:\\\/\\\/www.softub.ch\\\/fr\\\/#organization\",\"name\":\"Softub Schweiz AG\",\"url\":\"https:\\\/\\\/www.softub.ch\\\/fr\\\/\",\"logo\":{\"@type\":\"ImageObject\",\"inLanguage\":\"fr-FR\",\"@id\":\"https:\\\/\\\/www.softub.ch\\\/fr\\\/#\\\/schema\\\/logo\\\/image\\\/\",\"url\":\"https:\\\/\\\/www.softub.ch\\\/wp-content\\\/uploads\\\/Softub-Logo-Softub-Schweiz-.png\",\"contentUrl\":\"https:\\\/\\\/www.softub.ch\\\/wp-content\\\/uploads\\\/Softub-Logo-Softub-Schweiz-.png\",\"width\":200,\"height\":73,\"caption\":\"Softub Schweiz AG\"},\"image\":{\"@id\":\"https:\\\/\\\/www.softub.ch\\\/fr\\\/#\\\/schema\\\/logo\\\/image\\\/\"},\"sameAs\":[\"https:\\\/\\\/www.facebook.com\\\/softubschweiz\",\"https:\\\/\\\/www.instagram.com\\\/softub_schweiz\\\/\",\"https:\\\/\\\/ch.pinterest.com\\\/softub_schweiz\\\/\",\"https:\\\/\\\/www.linkedin.com\\\/company\\\/softub-schweiz-ag\\\/\"]}]}<\/script>\n<!-- \/ Yoast SEO Premium plugin. -->","yoast_head_json":{"title":"Great Barrier - la filtration du m\u00e9tal lourd dans votre eau - Softub Schweiz","robots":{"index":"index","follow":"follow","max-snippet":"max-snippet:-1","max-image-preview":"max-image-preview:large","max-video-preview":"max-video-preview:-1"},"canonical":"https:\/\/www.softub.ch\/fr\/produit\/great-barrier-le-filtre\/","og_locale":"fr_FR","og_type":"article","og_title":"Great Barrier - la filtration du m\u00e9tal lourd dans votre eau","og_description":"Le filtre \u00e0 eau Grande barri\u00e8re convertit les produits chimiques organiques et inorganiques inutiles, les solides en suspension et les m\u00e9taux lourds tels que Plomb, mercure, arsenic et beaucoup plus ou les filtrer compl\u00e8tement. Apr\u00e8s ce processus, votre eau obtient une qualit\u00e9 \u00e9quivalente \u00e0 celle de l'eau min\u00e9rale et est id\u00e9ale pour remplir votre spa.","og_url":"https:\/\/www.softub.ch\/fr\/produit\/great-barrier-le-filtre\/","og_site_name":"Softub Schweiz","article_publisher":"https:\/\/www.facebook.com\/softubschweiz","article_modified_time":"2022-06-30T06:43:25+00:00","og_image":[{"width":480,"height":480,"url":"https:\/\/www.softub.ch\/wp-content\/uploads\/GB-GreatCarbon-Filter.jpg","type":"image\/jpeg"}],"twitter_card":"summary_large_image","schema":{"@context":"https:\/\/schema.org","@graph":[{"@type":"WebPage","@id":"https:\/\/www.softub.ch\/fr\/produit\/great-barrier-le-filtre\/","url":"https:\/\/www.softub.ch\/fr\/produit\/great-barrier-le-filtre\/","name":"Great Barrier - la filtration du m\u00e9tal lourd dans votre eau - Softub Schweiz","isPartOf":{"@id":"https:\/\/www.softub.ch\/fr\/#website"},"primaryImageOfPage":{"@id":"https:\/\/www.softub.ch\/fr\/produit\/great-barrier-le-filtre\/#primaryimage"},"image":{"@id":"https:\/\/www.softub.ch\/fr\/produit\/great-barrier-le-filtre\/#primaryimage"},"thumbnailUrl":"https:\/\/www.softub.ch\/wp-content\/uploads\/GB-GreatCarbon-Filter.jpg","datePublished":"2019-09-19T05:27:44+00:00","dateModified":"2022-06-30T06:43:25+00:00","breadcrumb":{"@id":"https:\/\/www.softub.ch\/fr\/produit\/great-barrier-le-filtre\/#breadcrumb"},"inLanguage":"fr-FR","potentialAction":[{"@type":"ReadAction","target":["https:\/\/www.softub.ch\/fr\/produit\/great-barrier-le-filtre\/"]}]},{"@type":"ImageObject","inLanguage":"fr-FR","@id":"https:\/\/www.softub.ch\/fr\/produit\/great-barrier-le-filtre\/#primaryimage","url":"https:\/\/www.softub.ch\/wp-content\/uploads\/GB-GreatCarbon-Filter.jpg","contentUrl":"https:\/\/www.softub.ch\/wp-content\/uploads\/GB-GreatCarbon-Filter.jpg","width":480,"height":480,"caption":"Great Barrier Wasserfilter"},{"@type":"BreadcrumbList","@id":"https:\/\/www.softub.ch\/fr\/produit\/great-barrier-le-filtre\/#breadcrumb","itemListElement":[{"@type":"ListItem","position":1,"name":"Startseite","item":"https:\/\/www.softub.ch\/fr\/"},{"@type":"ListItem","position":2,"name":"Shop","item":"https:\/\/www.softub.ch\/fr\/softub-suisse-shop\/"},{"@type":"ListItem","position":3,"name":"Great Barrier &#8211; la filtration du m\u00e9tal lourd dans votre eau"}]},{"@type":"WebSite","@id":"https:\/\/www.softub.ch\/fr\/#website","url":"https:\/\/www.softub.ch\/fr\/","name":"Softub Schweiz","description":"Softub - Wir machen Ferien Zuhause","publisher":{"@id":"https:\/\/www.softub.ch\/fr\/#organization"},"potentialAction":[{"@type":"SearchAction","target":{"@type":"EntryPoint","urlTemplate":"https:\/\/www.softub.ch\/fr\/?s={search_term_string}"},"query-input":{"@type":"PropertyValueSpecification","valueRequired":true,"valueName":"search_term_string"}}],"inLanguage":"fr-FR"},{"@type":"Organization","@id":"https:\/\/www.softub.ch\/fr\/#organization","name":"Softub Schweiz AG","url":"https:\/\/www.softub.ch\/fr\/","logo":{"@type":"ImageObject","inLanguage":"fr-FR","@id":"https:\/\/www.softub.ch\/fr\/#\/schema\/logo\/image\/","url":"https:\/\/www.softub.ch\/wp-content\/uploads\/Softub-Logo-Softub-Schweiz-.png","contentUrl":"https:\/\/www.softub.ch\/wp-content\/uploads\/Softub-Logo-Softub-Schweiz-.png","width":200,"height":73,"caption":"Softub Schweiz AG"},"image":{"@id":"https:\/\/www.softub.ch\/fr\/#\/schema\/logo\/image\/"},"sameAs":["https:\/\/www.facebook.com\/softubschweiz","https:\/\/www.instagram.com\/softub_schweiz\/","https:\/\/ch.pinterest.com\/softub_schweiz\/","https:\/\/www.linkedin.com\/company\/softub-schweiz-ag\/"]}]}},"_links":{"self":[{"href":"https:\/\/www.softub.ch\/fr\/wp-json\/wp\/v2\/product\/6142","targetHints":{"allow":["GET"]}}],"collection":[{"href":"https:\/\/www.softub.ch\/fr\/wp-json\/wp\/v2\/product"}],"about":[{"href":"https:\/\/www.softub.ch\/fr\/wp-json\/wp\/v2\/types\/product"}],"wp:featuredmedia":[{"embeddable":true,"href":"https:\/\/www.softub.ch\/fr\/wp-json\/wp\/v2\/media\/6143"}],"wp:attachment":[{"href":"https:\/\/www.softub.ch\/fr\/wp-json\/wp\/v2\/media?parent=6142"}],"wp:term":[{"taxonomy":"product_brand","embeddable":true,"href":"https:\/\/www.softub.ch\/fr\/wp-json\/wp\/v2\/product_brand?post=6142"},{"taxonomy":"product_cat","embeddable":true,"href":"https:\/\/www.softub.ch\/fr\/wp-json\/wp\/v2\/product_cat?post=6142"},{"taxonomy":"product_tag","embeddable":true,"href":"https:\/\/www.softub.ch\/fr\/wp-json\/wp\/v2\/product_tag?post=6142"},{"taxonomy":"woo-feed-brand","embeddable":true,"href":"https:\/\/www.softub.ch\/fr\/wp-json\/wp\/v2\/woo-feed-brand?post=6142"}],"curies":[{"name":"wp","href":"https:\/\/api.w.org\/{rel}","templated":true}]}}