{"id":6144,"date":"2019-01-15T20:50:10","date_gmt":"2019-01-15T20:50:10","guid":{"rendered":"http:\/\/www.softub.ch\/product\/softub-pastilles-nettoyantes-de-filtre-gros-purete-des-pores\/"},"modified":"2022-06-30T06:43:21","modified_gmt":"2022-06-30T06:43:21","slug":"softub-pastilles-nettoyantes-de-filtre-gros","status":"publish","type":"product","link":"https:\/\/www.softub.ch\/fr\/produit\/softub-pastilles-nettoyantes-de-filtre-gros\/","title":{"rendered":"Softub pastilles nettoyantes de filtre gros &#8211; puret\u00e9 des pores"},"content":{"rendered":"<p>Pour un r\u00e9sultat de nettoyage parfait, placez le filtre dans un seau d&rsquo;eau ti\u00e8de pendant trois heures au maximum et ajoutez une tige de nettoyage du filtre. Avant utilisation, rincez bri\u00e8vement le filtre avec eau claire pour le rendre parfaitement propre.<\/p>\n<p>Contenance : 20 Pastilles emball\u00e9es individuellement.<\/p>\n<p>Mention de danger<\/p>\n","protected":false},"excerpt":{"rendered":"<p>Pour profiter au maximum de votre spa, il est important de garder le filtre propre. Nous vous recommandons de nettoyer vos filtres au moins une fois par moins. La pastille de nettoyage st\u00e9rilise votre filtre et \u00e9limine facilement les salissures tenaces.<\/p>\n","protected":false},"featured_media":6146,"template":"","meta":{"_acf_changed":false},"product_brand":[],"product_cat":[210],"product_tag":[326,322,329,2315,4949,270],"woo-feed-brand":[],"class_list":{"0":"post-6144","1":"product","2":"type-product","3":"status-publish","4":"has-post-thumbnail","6":"product_cat-entretien-traitement-deau-softub","7":"product_tag-chimie","8":"product_tag-entretien-de-leau","9":"product_tag-nettoyage-de-filtre","10":"product_tag-softub-fr-2","11":"product_tag-softub-suisse","12":"product_tag-wellness-fr","13":"product_shipping_class-post-15","15":"first","16":"instock","17":"featured","18":"taxable","19":"shipping-taxable","20":"purchasable","21":"product-type-simple"},"acf":[],"yoast_head":"<!-- This site is optimized with the Yoast SEO Premium plugin v27.5 (Yoast SEO v27.5) - https:\/\/yoast.com\/product\/yoast-seo-premium-wordpress\/ -->\n<title>Softub pastilles nettoyantes de filtre gros - puret\u00e9 des pores - Softub Schweiz<\/title>\n<meta name=\"robots\" content=\"index, follow, max-snippet:-1, max-image-preview:large, max-video-preview:-1\" \/>\n<link rel=\"canonical\" href=\"https:\/\/www.softub.ch\/fr\/produit\/softub-pastilles-nettoyantes-de-filtre-gros\/\" \/>\n<meta property=\"og:locale\" content=\"fr_FR\" \/>\n<meta property=\"og:type\" content=\"article\" \/>\n<meta property=\"og:title\" content=\"Softub pastilles nettoyantes de filtre gros - puret\u00e9 des pores\" \/>\n<meta property=\"og:description\" content=\"Pour profiter au maximum de votre spa, il est important de garder le filtre propre. Nous vous recommandons de nettoyer vos filtres au moins une fois par moins. La pastille de nettoyage st\u00e9rilise votre filtre et \u00e9limine facilement les salissures tenaces.\" \/>\n<meta property=\"og:url\" content=\"https:\/\/www.softub.ch\/fr\/produit\/softub-pastilles-nettoyantes-de-filtre-gros\/\" \/>\n<meta property=\"og:site_name\" content=\"Softub Schweiz\" \/>\n<meta property=\"article:publisher\" content=\"https:\/\/www.facebook.com\/softubschweiz\" \/>\n<meta property=\"article:modified_time\" content=\"2022-06-30T06:43:21+00:00\" \/>\n<meta property=\"og:image\" content=\"https:\/\/www.softub.ch\/wp-content\/uploads\/filtercleaner.jpg\" \/>\n\t<meta property=\"og:image:width\" content=\"1122\" \/>\n\t<meta property=\"og:image:height\" content=\"673\" \/>\n\t<meta property=\"og:image:type\" content=\"image\/jpeg\" \/>\n<meta name=\"twitter:card\" content=\"summary_large_image\" \/>\n<script type=\"application\/ld+json\" class=\"yoast-schema-graph\">{\"@context\":\"https:\\\/\\\/schema.org\",\"@graph\":[{\"@type\":\"WebPage\",\"@id\":\"https:\\\/\\\/www.softub.ch\\\/fr\\\/produit\\\/softub-pastilles-nettoyantes-de-filtre-gros\\\/\",\"url\":\"https:\\\/\\\/www.softub.ch\\\/fr\\\/produit\\\/softub-pastilles-nettoyantes-de-filtre-gros\\\/\",\"name\":\"Softub pastilles nettoyantes de filtre gros - puret\u00e9 des pores - Softub Schweiz\",\"isPartOf\":{\"@id\":\"https:\\\/\\\/www.softub.ch\\\/fr\\\/#website\"},\"primaryImageOfPage\":{\"@id\":\"https:\\\/\\\/www.softub.ch\\\/fr\\\/produit\\\/softub-pastilles-nettoyantes-de-filtre-gros\\\/#primaryimage\"},\"image\":{\"@id\":\"https:\\\/\\\/www.softub.ch\\\/fr\\\/produit\\\/softub-pastilles-nettoyantes-de-filtre-gros\\\/#primaryimage\"},\"thumbnailUrl\":\"https:\\\/\\\/www.softub.ch\\\/wp-content\\\/uploads\\\/filtercleaner.jpg\",\"datePublished\":\"2019-01-15T20:50:10+00:00\",\"dateModified\":\"2022-06-30T06:43:21+00:00\",\"breadcrumb\":{\"@id\":\"https:\\\/\\\/www.softub.ch\\\/fr\\\/produit\\\/softub-pastilles-nettoyantes-de-filtre-gros\\\/#breadcrumb\"},\"inLanguage\":\"fr-FR\",\"potentialAction\":[{\"@type\":\"ReadAction\",\"target\":[\"https:\\\/\\\/www.softub.ch\\\/fr\\\/produit\\\/softub-pastilles-nettoyantes-de-filtre-gros\\\/\"]}]},{\"@type\":\"ImageObject\",\"inLanguage\":\"fr-FR\",\"@id\":\"https:\\\/\\\/www.softub.ch\\\/fr\\\/produit\\\/softub-pastilles-nettoyantes-de-filtre-gros\\\/#primaryimage\",\"url\":\"https:\\\/\\\/www.softub.ch\\\/wp-content\\\/uploads\\\/filtercleaner.jpg\",\"contentUrl\":\"https:\\\/\\\/www.softub.ch\\\/wp-content\\\/uploads\\\/filtercleaner.jpg\",\"width\":1122,\"height\":673,\"caption\":\"Softub Filter Cleaner gross. Softub Schweiz. Softub. Wasserpflege und Reinigung. Beste Wasserpflege f\u00fcr Ihren Pool.\"},{\"@type\":\"BreadcrumbList\",\"@id\":\"https:\\\/\\\/www.softub.ch\\\/fr\\\/produit\\\/softub-pastilles-nettoyantes-de-filtre-gros\\\/#breadcrumb\",\"itemListElement\":[{\"@type\":\"ListItem\",\"position\":1,\"name\":\"Startseite\",\"item\":\"https:\\\/\\\/www.softub.ch\\\/fr\\\/\"},{\"@type\":\"ListItem\",\"position\":2,\"name\":\"Shop\",\"item\":\"https:\\\/\\\/www.softub.ch\\\/fr\\\/softub-suisse-shop\\\/\"},{\"@type\":\"ListItem\",\"position\":3,\"name\":\"Softub pastilles nettoyantes de filtre gros &#8211; puret\u00e9 des pores\"}]},{\"@type\":\"WebSite\",\"@id\":\"https:\\\/\\\/www.softub.ch\\\/fr\\\/#website\",\"url\":\"https:\\\/\\\/www.softub.ch\\\/fr\\\/\",\"name\":\"Softub Schweiz\",\"description\":\"Softub - Wir machen Ferien Zuhause\",\"publisher\":{\"@id\":\"https:\\\/\\\/www.softub.ch\\\/fr\\\/#organization\"},\"potentialAction\":[{\"@type\":\"SearchAction\",\"target\":{\"@type\":\"EntryPoint\",\"urlTemplate\":\"https:\\\/\\\/www.softub.ch\\\/fr\\\/?s={search_term_string}\"},\"query-input\":{\"@type\":\"PropertyValueSpecification\",\"valueRequired\":true,\"valueName\":\"search_term_string\"}}],\"inLanguage\":\"fr-FR\"},{\"@type\":\"Organization\",\"@id\":\"https:\\\/\\\/www.softub.ch\\\/fr\\\/#organization\",\"name\":\"Softub Schweiz AG\",\"url\":\"https:\\\/\\\/www.softub.ch\\\/fr\\\/\",\"logo\":{\"@type\":\"ImageObject\",\"inLanguage\":\"fr-FR\",\"@id\":\"https:\\\/\\\/www.softub.ch\\\/fr\\\/#\\\/schema\\\/logo\\\/image\\\/\",\"url\":\"https:\\\/\\\/www.softub.ch\\\/wp-content\\\/uploads\\\/Softub-Logo-Softub-Schweiz-.png\",\"contentUrl\":\"https:\\\/\\\/www.softub.ch\\\/wp-content\\\/uploads\\\/Softub-Logo-Softub-Schweiz-.png\",\"width\":200,\"height\":73,\"caption\":\"Softub Schweiz AG\"},\"image\":{\"@id\":\"https:\\\/\\\/www.softub.ch\\\/fr\\\/#\\\/schema\\\/logo\\\/image\\\/\"},\"sameAs\":[\"https:\\\/\\\/www.facebook.com\\\/softubschweiz\",\"https:\\\/\\\/www.instagram.com\\\/softub_schweiz\\\/\",\"https:\\\/\\\/ch.pinterest.com\\\/softub_schweiz\\\/\",\"https:\\\/\\\/www.linkedin.com\\\/company\\\/softub-schweiz-ag\\\/\"]}]}<\/script>\n<!-- \/ Yoast SEO Premium plugin. -->","yoast_head_json":{"title":"Softub pastilles nettoyantes de filtre gros - puret\u00e9 des pores - Softub Schweiz","robots":{"index":"index","follow":"follow","max-snippet":"max-snippet:-1","max-image-preview":"max-image-preview:large","max-video-preview":"max-video-preview:-1"},"canonical":"https:\/\/www.softub.ch\/fr\/produit\/softub-pastilles-nettoyantes-de-filtre-gros\/","og_locale":"fr_FR","og_type":"article","og_title":"Softub pastilles nettoyantes de filtre gros - puret\u00e9 des pores","og_description":"Pour profiter au maximum de votre spa, il est important de garder le filtre propre. Nous vous recommandons de nettoyer vos filtres au moins une fois par moins. La pastille de nettoyage st\u00e9rilise votre filtre et \u00e9limine facilement les salissures tenaces.","og_url":"https:\/\/www.softub.ch\/fr\/produit\/softub-pastilles-nettoyantes-de-filtre-gros\/","og_site_name":"Softub Schweiz","article_publisher":"https:\/\/www.facebook.com\/softubschweiz","article_modified_time":"2022-06-30T06:43:21+00:00","og_image":[{"width":1122,"height":673,"url":"https:\/\/www.softub.ch\/wp-content\/uploads\/filtercleaner.jpg","type":"image\/jpeg"}],"twitter_card":"summary_large_image","schema":{"@context":"https:\/\/schema.org","@graph":[{"@type":"WebPage","@id":"https:\/\/www.softub.ch\/fr\/produit\/softub-pastilles-nettoyantes-de-filtre-gros\/","url":"https:\/\/www.softub.ch\/fr\/produit\/softub-pastilles-nettoyantes-de-filtre-gros\/","name":"Softub pastilles nettoyantes de filtre gros - puret\u00e9 des pores - Softub Schweiz","isPartOf":{"@id":"https:\/\/www.softub.ch\/fr\/#website"},"primaryImageOfPage":{"@id":"https:\/\/www.softub.ch\/fr\/produit\/softub-pastilles-nettoyantes-de-filtre-gros\/#primaryimage"},"image":{"@id":"https:\/\/www.softub.ch\/fr\/produit\/softub-pastilles-nettoyantes-de-filtre-gros\/#primaryimage"},"thumbnailUrl":"https:\/\/www.softub.ch\/wp-content\/uploads\/filtercleaner.jpg","datePublished":"2019-01-15T20:50:10+00:00","dateModified":"2022-06-30T06:43:21+00:00","breadcrumb":{"@id":"https:\/\/www.softub.ch\/fr\/produit\/softub-pastilles-nettoyantes-de-filtre-gros\/#breadcrumb"},"inLanguage":"fr-FR","potentialAction":[{"@type":"ReadAction","target":["https:\/\/www.softub.ch\/fr\/produit\/softub-pastilles-nettoyantes-de-filtre-gros\/"]}]},{"@type":"ImageObject","inLanguage":"fr-FR","@id":"https:\/\/www.softub.ch\/fr\/produit\/softub-pastilles-nettoyantes-de-filtre-gros\/#primaryimage","url":"https:\/\/www.softub.ch\/wp-content\/uploads\/filtercleaner.jpg","contentUrl":"https:\/\/www.softub.ch\/wp-content\/uploads\/filtercleaner.jpg","width":1122,"height":673,"caption":"Softub Filter Cleaner gross. Softub Schweiz. Softub. Wasserpflege und Reinigung. Beste Wasserpflege f\u00fcr Ihren Pool."},{"@type":"BreadcrumbList","@id":"https:\/\/www.softub.ch\/fr\/produit\/softub-pastilles-nettoyantes-de-filtre-gros\/#breadcrumb","itemListElement":[{"@type":"ListItem","position":1,"name":"Startseite","item":"https:\/\/www.softub.ch\/fr\/"},{"@type":"ListItem","position":2,"name":"Shop","item":"https:\/\/www.softub.ch\/fr\/softub-suisse-shop\/"},{"@type":"ListItem","position":3,"name":"Softub pastilles nettoyantes de filtre gros &#8211; puret\u00e9 des pores"}]},{"@type":"WebSite","@id":"https:\/\/www.softub.ch\/fr\/#website","url":"https:\/\/www.softub.ch\/fr\/","name":"Softub Schweiz","description":"Softub - Wir machen Ferien Zuhause","publisher":{"@id":"https:\/\/www.softub.ch\/fr\/#organization"},"potentialAction":[{"@type":"SearchAction","target":{"@type":"EntryPoint","urlTemplate":"https:\/\/www.softub.ch\/fr\/?s={search_term_string}"},"query-input":{"@type":"PropertyValueSpecification","valueRequired":true,"valueName":"search_term_string"}}],"inLanguage":"fr-FR"},{"@type":"Organization","@id":"https:\/\/www.softub.ch\/fr\/#organization","name":"Softub Schweiz AG","url":"https:\/\/www.softub.ch\/fr\/","logo":{"@type":"ImageObject","inLanguage":"fr-FR","@id":"https:\/\/www.softub.ch\/fr\/#\/schema\/logo\/image\/","url":"https:\/\/www.softub.ch\/wp-content\/uploads\/Softub-Logo-Softub-Schweiz-.png","contentUrl":"https:\/\/www.softub.ch\/wp-content\/uploads\/Softub-Logo-Softub-Schweiz-.png","width":200,"height":73,"caption":"Softub Schweiz AG"},"image":{"@id":"https:\/\/www.softub.ch\/fr\/#\/schema\/logo\/image\/"},"sameAs":["https:\/\/www.facebook.com\/softubschweiz","https:\/\/www.instagram.com\/softub_schweiz\/","https:\/\/ch.pinterest.com\/softub_schweiz\/","https:\/\/www.linkedin.com\/company\/softub-schweiz-ag\/"]}]}},"_links":{"self":[{"href":"https:\/\/www.softub.ch\/fr\/wp-json\/wp\/v2\/product\/6144","targetHints":{"allow":["GET"]}}],"collection":[{"href":"https:\/\/www.softub.ch\/fr\/wp-json\/wp\/v2\/product"}],"about":[{"href":"https:\/\/www.softub.ch\/fr\/wp-json\/wp\/v2\/types\/product"}],"wp:featuredmedia":[{"embeddable":true,"href":"https:\/\/www.softub.ch\/fr\/wp-json\/wp\/v2\/media\/6146"}],"wp:attachment":[{"href":"https:\/\/www.softub.ch\/fr\/wp-json\/wp\/v2\/media?parent=6144"}],"wp:term":[{"taxonomy":"product_brand","embeddable":true,"href":"https:\/\/www.softub.ch\/fr\/wp-json\/wp\/v2\/product_brand?post=6144"},{"taxonomy":"product_cat","embeddable":true,"href":"https:\/\/www.softub.ch\/fr\/wp-json\/wp\/v2\/product_cat?post=6144"},{"taxonomy":"product_tag","embeddable":true,"href":"https:\/\/www.softub.ch\/fr\/wp-json\/wp\/v2\/product_tag?post=6144"},{"taxonomy":"woo-feed-brand","embeddable":true,"href":"https:\/\/www.softub.ch\/fr\/wp-json\/wp\/v2\/woo-feed-brand?post=6144"}],"curies":[{"name":"wp","href":"https:\/\/api.w.org\/{rel}","templated":true}]}}