{"id":6152,"date":"2019-09-18T17:40:28","date_gmt":"2019-09-18T17:40:28","guid":{"rendered":"http:\/\/www.softub.ch\/product\/softub-filtre-microban\/"},"modified":"2020-08-22T09:14:46","modified_gmt":"2020-08-22T09:14:46","slug":"softub-filtre-microban","status":"publish","type":"product","link":"https:\/\/www.softub.ch\/fr\/produit\/softub-filtre-microban\/","title":{"rendered":"Softub filtre Microban Softub G\u00e9n\u00e9ration \u00e0 partir de 2009"},"content":{"rendered":"","protected":false},"excerpt":{"rendered":"<p>Ce filtre \u00e0 cartouche a \u00e9t\u00e9 sp\u00e9cialement d\u00e9velopp\u00e9 pour les spas Softub et est simplement branch\u00e9 sur le couvercle d\u2019aspiration.<\/p>\n<p>\u00c0 difference des filtres Standard, le filtre Microban est rev\u00eat Avec un film antibact\u00e9rien.<\/p>\n<p>Seulement disponible pour les filtres g\u00e9n\u00e9ration \u00e0 partir du 2009.<\/p>\n<p>Nous recommandons le changement du filtre 1 \u00e0 2 fois par an.<\/p>\n<p>Prot\u00e9gez votre filtre avec le filet de filtre correspondante # 1200410.<\/p>\n<p><strong>Renseignement:<\/strong><\/p>\n<p>Nettoyez le filtre une fois par mois avec les tablettes de nettoyage pour filtre Soft Care n \u00b0 1200010.<\/p>\n","protected":false},"featured_media":6153,"template":"","meta":{"_acf_changed":false},"product_brand":[],"product_cat":[210],"product_tag":[322,319,335,330,259,6712,4948,6363,6710,6711,6351,2315,4949,270,256],"woo-feed-brand":[],"class_list":{"0":"post-6152","1":"product","2":"type-product","3":"status-publish","4":"has-post-thumbnail","6":"product_cat-entretien-traitement-deau-softub","7":"product_tag-entretien-de-leau","8":"product_tag-entretien-piscine","9":"product_tag-eponge","10":"product_tag-filtre","11":"product_tag-jacuzzi-fr-2","12":"product_tag-meilleur-soin-de-leau-pour-spa","13":"product_tag-oasis-de-wellness","14":"product_tag-pool-fr","15":"product_tag-propre","16":"product_tag-proprete","17":"product_tag-relax-fr","18":"product_tag-softub-fr-2","19":"product_tag-softub-suisse","20":"product_tag-wellness-fr","21":"product_tag-whirlpool-fr","22":"product_shipping_class-post-15","24":"first","25":"instock","26":"featured","27":"taxable","28":"shipping-taxable","29":"purchasable","30":"product-type-simple"},"acf":[],"yoast_head":"<!-- This site is optimized with the Yoast SEO Premium plugin v27.5 (Yoast SEO v27.5) - https:\/\/yoast.com\/product\/yoast-seo-premium-wordpress\/ -->\n<title>Softub filtre Microban Softub G\u00e9n\u00e9ration \u00e0 partir de 2009 - Softub Schweiz<\/title>\n<meta name=\"robots\" content=\"index, follow, max-snippet:-1, max-image-preview:large, max-video-preview:-1\" \/>\n<link rel=\"canonical\" href=\"https:\/\/www.softub.ch\/fr\/produit\/softub-filtre-microban\/\" \/>\n<meta property=\"og:locale\" content=\"fr_FR\" \/>\n<meta property=\"og:type\" content=\"article\" \/>\n<meta property=\"og:title\" content=\"Softub filtre Microban Softub G\u00e9n\u00e9ration \u00e0 partir de 2009\" \/>\n<meta property=\"og:description\" content=\"Ce filtre \u00e0 cartouche a \u00e9t\u00e9 sp\u00e9cialement d\u00e9velopp\u00e9 pour les spas Softub et est simplement branch\u00e9 sur le couvercle d\u2019aspiration.  \u00c0 difference des filtres Standard, le filtre Microban est rev\u00eat Avec un film antibact\u00e9rien.  Seulement disponible pour les filtres g\u00e9n\u00e9ration \u00e0 partir du 2009.  Nous recommandons le changement du filtre 1 \u00e0 2 fois par an.  Prot\u00e9gez votre filtre avec le filet de filtre correspondante # 1200410.  Renseignement:  Nettoyez le filtre une fois par mois avec les tablettes de nettoyage pour filtre Soft Care n \u00b0 1200010.\" \/>\n<meta property=\"og:url\" content=\"https:\/\/www.softub.ch\/fr\/produit\/softub-filtre-microban\/\" \/>\n<meta property=\"og:site_name\" content=\"Softub Schweiz\" \/>\n<meta property=\"article:publisher\" content=\"https:\/\/www.facebook.com\/softubschweiz\" \/>\n<meta property=\"article:modified_time\" content=\"2020-08-22T09:14:46+00:00\" \/>\n<meta property=\"og:image\" content=\"https:\/\/www.softub.ch\/wp-content\/uploads\/filterblaugro\u00df.jpg\" \/>\n\t<meta property=\"og:image:width\" content=\"1122\" \/>\n\t<meta property=\"og:image:height\" content=\"673\" \/>\n\t<meta property=\"og:image:type\" content=\"image\/jpeg\" \/>\n<meta name=\"twitter:card\" content=\"summary_large_image\" \/>\n<script type=\"application\/ld+json\" class=\"yoast-schema-graph\">{\"@context\":\"https:\\\/\\\/schema.org\",\"@graph\":[{\"@type\":\"WebPage\",\"@id\":\"https:\\\/\\\/www.softub.ch\\\/fr\\\/produit\\\/softub-filtre-microban\\\/\",\"url\":\"https:\\\/\\\/www.softub.ch\\\/fr\\\/produit\\\/softub-filtre-microban\\\/\",\"name\":\"Softub filtre Microban Softub G\u00e9n\u00e9ration \u00e0 partir de 2009 - Softub Schweiz\",\"isPartOf\":{\"@id\":\"https:\\\/\\\/www.softub.ch\\\/fr\\\/#website\"},\"primaryImageOfPage\":{\"@id\":\"https:\\\/\\\/www.softub.ch\\\/fr\\\/produit\\\/softub-filtre-microban\\\/#primaryimage\"},\"image\":{\"@id\":\"https:\\\/\\\/www.softub.ch\\\/fr\\\/produit\\\/softub-filtre-microban\\\/#primaryimage\"},\"thumbnailUrl\":\"https:\\\/\\\/www.softub.ch\\\/wp-content\\\/uploads\\\/filterblaugro\u00df.jpg\",\"datePublished\":\"2019-09-18T17:40:28+00:00\",\"dateModified\":\"2020-08-22T09:14:46+00:00\",\"breadcrumb\":{\"@id\":\"https:\\\/\\\/www.softub.ch\\\/fr\\\/produit\\\/softub-filtre-microban\\\/#breadcrumb\"},\"inLanguage\":\"fr-FR\",\"potentialAction\":[{\"@type\":\"ReadAction\",\"target\":[\"https:\\\/\\\/www.softub.ch\\\/fr\\\/produit\\\/softub-filtre-microban\\\/\"]}]},{\"@type\":\"ImageObject\",\"inLanguage\":\"fr-FR\",\"@id\":\"https:\\\/\\\/www.softub.ch\\\/fr\\\/produit\\\/softub-filtre-microban\\\/#primaryimage\",\"url\":\"https:\\\/\\\/www.softub.ch\\\/wp-content\\\/uploads\\\/filterblaugro\u00df.jpg\",\"contentUrl\":\"https:\\\/\\\/www.softub.ch\\\/wp-content\\\/uploads\\\/filterblaugro\u00df.jpg\",\"width\":1122,\"height\":673,\"caption\":\"Softub Aufsteckfilter Microban gross\"},{\"@type\":\"BreadcrumbList\",\"@id\":\"https:\\\/\\\/www.softub.ch\\\/fr\\\/produit\\\/softub-filtre-microban\\\/#breadcrumb\",\"itemListElement\":[{\"@type\":\"ListItem\",\"position\":1,\"name\":\"Startseite\",\"item\":\"https:\\\/\\\/www.softub.ch\\\/fr\\\/\"},{\"@type\":\"ListItem\",\"position\":2,\"name\":\"Shop\",\"item\":\"https:\\\/\\\/www.softub.ch\\\/fr\\\/softub-suisse-shop\\\/\"},{\"@type\":\"ListItem\",\"position\":3,\"name\":\"Softub filtre Microban Softub G\u00e9n\u00e9ration \u00e0 partir de 2009\"}]},{\"@type\":\"WebSite\",\"@id\":\"https:\\\/\\\/www.softub.ch\\\/fr\\\/#website\",\"url\":\"https:\\\/\\\/www.softub.ch\\\/fr\\\/\",\"name\":\"Softub Schweiz\",\"description\":\"Softub - Wir machen Ferien Zuhause\",\"publisher\":{\"@id\":\"https:\\\/\\\/www.softub.ch\\\/fr\\\/#organization\"},\"potentialAction\":[{\"@type\":\"SearchAction\",\"target\":{\"@type\":\"EntryPoint\",\"urlTemplate\":\"https:\\\/\\\/www.softub.ch\\\/fr\\\/?s={search_term_string}\"},\"query-input\":{\"@type\":\"PropertyValueSpecification\",\"valueRequired\":true,\"valueName\":\"search_term_string\"}}],\"inLanguage\":\"fr-FR\"},{\"@type\":\"Organization\",\"@id\":\"https:\\\/\\\/www.softub.ch\\\/fr\\\/#organization\",\"name\":\"Softub Schweiz AG\",\"url\":\"https:\\\/\\\/www.softub.ch\\\/fr\\\/\",\"logo\":{\"@type\":\"ImageObject\",\"inLanguage\":\"fr-FR\",\"@id\":\"https:\\\/\\\/www.softub.ch\\\/fr\\\/#\\\/schema\\\/logo\\\/image\\\/\",\"url\":\"https:\\\/\\\/www.softub.ch\\\/wp-content\\\/uploads\\\/Softub-Logo-Softub-Schweiz-.png\",\"contentUrl\":\"https:\\\/\\\/www.softub.ch\\\/wp-content\\\/uploads\\\/Softub-Logo-Softub-Schweiz-.png\",\"width\":200,\"height\":73,\"caption\":\"Softub Schweiz AG\"},\"image\":{\"@id\":\"https:\\\/\\\/www.softub.ch\\\/fr\\\/#\\\/schema\\\/logo\\\/image\\\/\"},\"sameAs\":[\"https:\\\/\\\/www.facebook.com\\\/softubschweiz\",\"https:\\\/\\\/www.instagram.com\\\/softub_schweiz\\\/\",\"https:\\\/\\\/ch.pinterest.com\\\/softub_schweiz\\\/\",\"https:\\\/\\\/www.linkedin.com\\\/company\\\/softub-schweiz-ag\\\/\"]}]}<\/script>\n<!-- \/ Yoast SEO Premium plugin. -->","yoast_head_json":{"title":"Softub filtre Microban Softub G\u00e9n\u00e9ration \u00e0 partir de 2009 - Softub Schweiz","robots":{"index":"index","follow":"follow","max-snippet":"max-snippet:-1","max-image-preview":"max-image-preview:large","max-video-preview":"max-video-preview:-1"},"canonical":"https:\/\/www.softub.ch\/fr\/produit\/softub-filtre-microban\/","og_locale":"fr_FR","og_type":"article","og_title":"Softub filtre Microban Softub G\u00e9n\u00e9ration \u00e0 partir de 2009","og_description":"Ce filtre \u00e0 cartouche a \u00e9t\u00e9 sp\u00e9cialement d\u00e9velopp\u00e9 pour les spas Softub et est simplement branch\u00e9 sur le couvercle d\u2019aspiration.  \u00c0 difference des filtres Standard, le filtre Microban est rev\u00eat Avec un film antibact\u00e9rien.  Seulement disponible pour les filtres g\u00e9n\u00e9ration \u00e0 partir du 2009.  Nous recommandons le changement du filtre 1 \u00e0 2 fois par an.  Prot\u00e9gez votre filtre avec le filet de filtre correspondante # 1200410.  Renseignement:  Nettoyez le filtre une fois par mois avec les tablettes de nettoyage pour filtre Soft Care n \u00b0 1200010.","og_url":"https:\/\/www.softub.ch\/fr\/produit\/softub-filtre-microban\/","og_site_name":"Softub Schweiz","article_publisher":"https:\/\/www.facebook.com\/softubschweiz","article_modified_time":"2020-08-22T09:14:46+00:00","og_image":[{"width":1122,"height":673,"url":"https:\/\/www.softub.ch\/wp-content\/uploads\/filterblaugro\u00df.jpg","type":"image\/jpeg"}],"twitter_card":"summary_large_image","schema":{"@context":"https:\/\/schema.org","@graph":[{"@type":"WebPage","@id":"https:\/\/www.softub.ch\/fr\/produit\/softub-filtre-microban\/","url":"https:\/\/www.softub.ch\/fr\/produit\/softub-filtre-microban\/","name":"Softub filtre Microban Softub G\u00e9n\u00e9ration \u00e0 partir de 2009 - Softub Schweiz","isPartOf":{"@id":"https:\/\/www.softub.ch\/fr\/#website"},"primaryImageOfPage":{"@id":"https:\/\/www.softub.ch\/fr\/produit\/softub-filtre-microban\/#primaryimage"},"image":{"@id":"https:\/\/www.softub.ch\/fr\/produit\/softub-filtre-microban\/#primaryimage"},"thumbnailUrl":"https:\/\/www.softub.ch\/wp-content\/uploads\/filterblaugro\u00df.jpg","datePublished":"2019-09-18T17:40:28+00:00","dateModified":"2020-08-22T09:14:46+00:00","breadcrumb":{"@id":"https:\/\/www.softub.ch\/fr\/produit\/softub-filtre-microban\/#breadcrumb"},"inLanguage":"fr-FR","potentialAction":[{"@type":"ReadAction","target":["https:\/\/www.softub.ch\/fr\/produit\/softub-filtre-microban\/"]}]},{"@type":"ImageObject","inLanguage":"fr-FR","@id":"https:\/\/www.softub.ch\/fr\/produit\/softub-filtre-microban\/#primaryimage","url":"https:\/\/www.softub.ch\/wp-content\/uploads\/filterblaugro\u00df.jpg","contentUrl":"https:\/\/www.softub.ch\/wp-content\/uploads\/filterblaugro\u00df.jpg","width":1122,"height":673,"caption":"Softub Aufsteckfilter Microban gross"},{"@type":"BreadcrumbList","@id":"https:\/\/www.softub.ch\/fr\/produit\/softub-filtre-microban\/#breadcrumb","itemListElement":[{"@type":"ListItem","position":1,"name":"Startseite","item":"https:\/\/www.softub.ch\/fr\/"},{"@type":"ListItem","position":2,"name":"Shop","item":"https:\/\/www.softub.ch\/fr\/softub-suisse-shop\/"},{"@type":"ListItem","position":3,"name":"Softub filtre Microban Softub G\u00e9n\u00e9ration \u00e0 partir de 2009"}]},{"@type":"WebSite","@id":"https:\/\/www.softub.ch\/fr\/#website","url":"https:\/\/www.softub.ch\/fr\/","name":"Softub Schweiz","description":"Softub - Wir machen Ferien Zuhause","publisher":{"@id":"https:\/\/www.softub.ch\/fr\/#organization"},"potentialAction":[{"@type":"SearchAction","target":{"@type":"EntryPoint","urlTemplate":"https:\/\/www.softub.ch\/fr\/?s={search_term_string}"},"query-input":{"@type":"PropertyValueSpecification","valueRequired":true,"valueName":"search_term_string"}}],"inLanguage":"fr-FR"},{"@type":"Organization","@id":"https:\/\/www.softub.ch\/fr\/#organization","name":"Softub Schweiz AG","url":"https:\/\/www.softub.ch\/fr\/","logo":{"@type":"ImageObject","inLanguage":"fr-FR","@id":"https:\/\/www.softub.ch\/fr\/#\/schema\/logo\/image\/","url":"https:\/\/www.softub.ch\/wp-content\/uploads\/Softub-Logo-Softub-Schweiz-.png","contentUrl":"https:\/\/www.softub.ch\/wp-content\/uploads\/Softub-Logo-Softub-Schweiz-.png","width":200,"height":73,"caption":"Softub Schweiz AG"},"image":{"@id":"https:\/\/www.softub.ch\/fr\/#\/schema\/logo\/image\/"},"sameAs":["https:\/\/www.facebook.com\/softubschweiz","https:\/\/www.instagram.com\/softub_schweiz\/","https:\/\/ch.pinterest.com\/softub_schweiz\/","https:\/\/www.linkedin.com\/company\/softub-schweiz-ag\/"]}]}},"_links":{"self":[{"href":"https:\/\/www.softub.ch\/fr\/wp-json\/wp\/v2\/product\/6152","targetHints":{"allow":["GET"]}}],"collection":[{"href":"https:\/\/www.softub.ch\/fr\/wp-json\/wp\/v2\/product"}],"about":[{"href":"https:\/\/www.softub.ch\/fr\/wp-json\/wp\/v2\/types\/product"}],"wp:featuredmedia":[{"embeddable":true,"href":"https:\/\/www.softub.ch\/fr\/wp-json\/wp\/v2\/media\/6153"}],"wp:attachment":[{"href":"https:\/\/www.softub.ch\/fr\/wp-json\/wp\/v2\/media?parent=6152"}],"wp:term":[{"taxonomy":"product_brand","embeddable":true,"href":"https:\/\/www.softub.ch\/fr\/wp-json\/wp\/v2\/product_brand?post=6152"},{"taxonomy":"product_cat","embeddable":true,"href":"https:\/\/www.softub.ch\/fr\/wp-json\/wp\/v2\/product_cat?post=6152"},{"taxonomy":"product_tag","embeddable":true,"href":"https:\/\/www.softub.ch\/fr\/wp-json\/wp\/v2\/product_tag?post=6152"},{"taxonomy":"woo-feed-brand","embeddable":true,"href":"https:\/\/www.softub.ch\/fr\/wp-json\/wp\/v2\/woo-feed-brand?post=6152"}],"curies":[{"name":"wp","href":"https:\/\/api.w.org\/{rel}","templated":true}]}}