{"id":6154,"date":"2019-01-15T21:49:17","date_gmt":"2019-01-15T21:49:17","guid":{"rendered":"http:\/\/www.softub.ch\/product\/softub-pastille-spa-clean\/"},"modified":"2019-11-27T13:23:08","modified_gmt":"2019-11-27T13:23:08","slug":"softub-pastille-spa-clean","status":"publish","type":"product","link":"https:\/\/www.softub.ch\/fr\/produit\/softub-pastille-spa-clean\/","title":{"rendered":"Softub pastille Spa Clean &#8211; le nettoyage de tuyaux simple"},"content":{"rendered":"<p>La pastille Spa Clean vous aide \u00e0 nettoyer enti\u00e8rement votre spa. Elle nettoie en profondeur les r\u00e9sidus et la tuyauterie de votre spa.<\/p>\n<p>Attention elle s&rsquo;utilise avant une vidange du spa.<\/p>\n<p>Utilisation :<br \/>\nDissolvez la pastille dans un seau rempli d\u2019eau. Ensuite, lors, versez-la dans l\u2019eau de la piscine.<br \/>\nPuis\u00a0laisser le produit agir pendant 24 heures.<br \/>\nEnfin vider et changer l&rsquo;eau du spa pour une remise en route toute propre !<\/p>\n","protected":false},"excerpt":{"rendered":"<p>La tablette AquaFinesse Spa Clean est utilis\u00e9e pour un nettoyage en profondeur de la piscine. Cette tablette de nettoyage lib\u00e8re la ligne et le syst\u00e8me de pompage du mucus, de la salet\u00e9, de la chaux et des d\u00e9p\u00f4ts tenaces.<\/p>\n","protected":false},"featured_media":6155,"template":"","meta":{"_acf_changed":false},"product_brand":[],"product_cat":[210],"product_tag":[326,322,9835,6712,4948,6363,6710,6711,2315,4949,338,270],"woo-feed-brand":[],"class_list":{"0":"post-6154","1":"product","2":"type-product","3":"status-publish","4":"has-post-thumbnail","6":"product_cat-entretien-traitement-deau-softub","7":"product_tag-chimie","8":"product_tag-entretien-de-leau","9":"product_tag-meilleur-entretien-de-leau-pour-les-piscines","10":"product_tag-meilleur-soin-de-leau-pour-spa","11":"product_tag-oasis-de-wellness","12":"product_tag-pool-fr","13":"product_tag-propre","14":"product_tag-proprete","15":"product_tag-softub-fr-2","16":"product_tag-softub-suisse","17":"product_tag-spa-clean-tab-fr","18":"product_tag-wellness-fr","19":"product_shipping_class-post-3-5","21":"first","22":"instock","23":"featured","24":"taxable","25":"shipping-taxable","26":"purchasable","27":"product-type-simple"},"acf":[],"yoast_head":"<!-- This site is optimized with the Yoast SEO Premium plugin v27.5 (Yoast SEO v27.5) - https:\/\/yoast.com\/product\/yoast-seo-premium-wordpress\/ -->\n<title>Softub pastille Spa Clean - le nettoyage de tuyaux simple - Softub Schweiz<\/title>\n<meta name=\"robots\" content=\"index, follow, max-snippet:-1, max-image-preview:large, max-video-preview:-1\" \/>\n<link rel=\"canonical\" href=\"https:\/\/www.softub.ch\/produit\/softub-spa-clean-tablette\/\" \/>\n<meta property=\"og:locale\" content=\"fr_FR\" \/>\n<meta property=\"og:type\" content=\"article\" \/>\n<meta property=\"og:title\" content=\"Softub pastille Spa Clean - le nettoyage de tuyaux simple\" \/>\n<meta property=\"og:description\" content=\"La tablette AquaFinesse Spa Clean est utilis\u00e9e pour un nettoyage en profondeur de la piscine. Cette tablette de nettoyage lib\u00e8re la ligne et le syst\u00e8me de pompage du mucus, de la salet\u00e9, de la chaux et des d\u00e9p\u00f4ts tenaces.\" \/>\n<meta property=\"og:url\" content=\"https:\/\/www.softub.ch\/produit\/softub-spa-clean-tablette\/\" \/>\n<meta property=\"og:site_name\" content=\"Softub Schweiz\" \/>\n<meta property=\"article:publisher\" content=\"https:\/\/www.facebook.com\/softubschweiz\" \/>\n<meta property=\"article:modified_time\" content=\"2019-11-27T13:23:08+00:00\" \/>\n<meta property=\"og:image\" content=\"https:\/\/www.softub.ch\/wp-content\/uploads\/spaclean.jpg\" \/>\n\t<meta property=\"og:image:width\" content=\"1122\" \/>\n\t<meta property=\"og:image:height\" content=\"673\" \/>\n\t<meta property=\"og:image:type\" content=\"image\/jpeg\" \/>\n<meta name=\"twitter:card\" content=\"summary_large_image\" \/>\n<script type=\"application\/ld+json\" class=\"yoast-schema-graph\">{\"@context\":\"https:\\\/\\\/schema.org\",\"@graph\":[{\"@type\":\"WebPage\",\"@id\":\"https:\\\/\\\/www.softub.ch\\\/produit\\\/softub-spa-clean-tablette\\\/\",\"url\":\"https:\\\/\\\/www.softub.ch\\\/produit\\\/softub-spa-clean-tablette\\\/\",\"name\":\"Softub pastille Spa Clean - le nettoyage de tuyaux simple - Softub Schweiz\",\"isPartOf\":{\"@id\":\"https:\\\/\\\/www.softub.ch\\\/fr\\\/#website\"},\"primaryImageOfPage\":{\"@id\":\"https:\\\/\\\/www.softub.ch\\\/produit\\\/softub-spa-clean-tablette\\\/#primaryimage\"},\"image\":{\"@id\":\"https:\\\/\\\/www.softub.ch\\\/produit\\\/softub-spa-clean-tablette\\\/#primaryimage\"},\"thumbnailUrl\":\"https:\\\/\\\/www.softub.ch\\\/wp-content\\\/uploads\\\/spaclean.jpg\",\"datePublished\":\"2019-01-15T21:49:17+00:00\",\"dateModified\":\"2019-11-27T13:23:08+00:00\",\"breadcrumb\":{\"@id\":\"https:\\\/\\\/www.softub.ch\\\/produit\\\/softub-spa-clean-tablette\\\/#breadcrumb\"},\"inLanguage\":\"fr-FR\",\"potentialAction\":[{\"@type\":\"ReadAction\",\"target\":[\"https:\\\/\\\/www.softub.ch\\\/produit\\\/softub-spa-clean-tablette\\\/\"]}]},{\"@type\":\"ImageObject\",\"inLanguage\":\"fr-FR\",\"@id\":\"https:\\\/\\\/www.softub.ch\\\/produit\\\/softub-spa-clean-tablette\\\/#primaryimage\",\"url\":\"https:\\\/\\\/www.softub.ch\\\/wp-content\\\/uploads\\\/spaclean.jpg\",\"contentUrl\":\"https:\\\/\\\/www.softub.ch\\\/wp-content\\\/uploads\\\/spaclean.jpg\",\"width\":1122,\"height\":673,\"caption\":\"Softub Spa Clean Tablette\"},{\"@type\":\"BreadcrumbList\",\"@id\":\"https:\\\/\\\/www.softub.ch\\\/produit\\\/softub-spa-clean-tablette\\\/#breadcrumb\",\"itemListElement\":[{\"@type\":\"ListItem\",\"position\":1,\"name\":\"Startseite\",\"item\":\"https:\\\/\\\/www.softub.ch\\\/fr\\\/\"},{\"@type\":\"ListItem\",\"position\":2,\"name\":\"Shop\",\"item\":\"https:\\\/\\\/www.softub.ch\\\/fr\\\/softub-suisse-shop\\\/\"},{\"@type\":\"ListItem\",\"position\":3,\"name\":\"Softub pastille Spa Clean &#8211; le nettoyage de tuyaux simple\"}]},{\"@type\":\"WebSite\",\"@id\":\"https:\\\/\\\/www.softub.ch\\\/fr\\\/#website\",\"url\":\"https:\\\/\\\/www.softub.ch\\\/fr\\\/\",\"name\":\"Softub Schweiz\",\"description\":\"Softub - Wir machen Ferien Zuhause\",\"publisher\":{\"@id\":\"https:\\\/\\\/www.softub.ch\\\/fr\\\/#organization\"},\"potentialAction\":[{\"@type\":\"SearchAction\",\"target\":{\"@type\":\"EntryPoint\",\"urlTemplate\":\"https:\\\/\\\/www.softub.ch\\\/fr\\\/?s={search_term_string}\"},\"query-input\":{\"@type\":\"PropertyValueSpecification\",\"valueRequired\":true,\"valueName\":\"search_term_string\"}}],\"inLanguage\":\"fr-FR\"},{\"@type\":\"Organization\",\"@id\":\"https:\\\/\\\/www.softub.ch\\\/fr\\\/#organization\",\"name\":\"Softub Schweiz AG\",\"url\":\"https:\\\/\\\/www.softub.ch\\\/fr\\\/\",\"logo\":{\"@type\":\"ImageObject\",\"inLanguage\":\"fr-FR\",\"@id\":\"https:\\\/\\\/www.softub.ch\\\/fr\\\/#\\\/schema\\\/logo\\\/image\\\/\",\"url\":\"https:\\\/\\\/www.softub.ch\\\/wp-content\\\/uploads\\\/Softub-Logo-Softub-Schweiz-.png\",\"contentUrl\":\"https:\\\/\\\/www.softub.ch\\\/wp-content\\\/uploads\\\/Softub-Logo-Softub-Schweiz-.png\",\"width\":200,\"height\":73,\"caption\":\"Softub Schweiz AG\"},\"image\":{\"@id\":\"https:\\\/\\\/www.softub.ch\\\/fr\\\/#\\\/schema\\\/logo\\\/image\\\/\"},\"sameAs\":[\"https:\\\/\\\/www.facebook.com\\\/softubschweiz\",\"https:\\\/\\\/www.instagram.com\\\/softub_schweiz\\\/\",\"https:\\\/\\\/ch.pinterest.com\\\/softub_schweiz\\\/\",\"https:\\\/\\\/www.linkedin.com\\\/company\\\/softub-schweiz-ag\\\/\"]}]}<\/script>\n<!-- \/ Yoast SEO Premium plugin. -->","yoast_head_json":{"title":"Softub pastille Spa Clean - le nettoyage de tuyaux simple - Softub Schweiz","robots":{"index":"index","follow":"follow","max-snippet":"max-snippet:-1","max-image-preview":"max-image-preview:large","max-video-preview":"max-video-preview:-1"},"canonical":"https:\/\/www.softub.ch\/produit\/softub-spa-clean-tablette\/","og_locale":"fr_FR","og_type":"article","og_title":"Softub pastille Spa Clean - le nettoyage de tuyaux simple","og_description":"La tablette AquaFinesse Spa Clean est utilis\u00e9e pour un nettoyage en profondeur de la piscine. Cette tablette de nettoyage lib\u00e8re la ligne et le syst\u00e8me de pompage du mucus, de la salet\u00e9, de la chaux et des d\u00e9p\u00f4ts tenaces.","og_url":"https:\/\/www.softub.ch\/produit\/softub-spa-clean-tablette\/","og_site_name":"Softub Schweiz","article_publisher":"https:\/\/www.facebook.com\/softubschweiz","article_modified_time":"2019-11-27T13:23:08+00:00","og_image":[{"width":1122,"height":673,"url":"https:\/\/www.softub.ch\/wp-content\/uploads\/spaclean.jpg","type":"image\/jpeg"}],"twitter_card":"summary_large_image","schema":{"@context":"https:\/\/schema.org","@graph":[{"@type":"WebPage","@id":"https:\/\/www.softub.ch\/produit\/softub-spa-clean-tablette\/","url":"https:\/\/www.softub.ch\/produit\/softub-spa-clean-tablette\/","name":"Softub pastille Spa Clean - le nettoyage de tuyaux simple - Softub Schweiz","isPartOf":{"@id":"https:\/\/www.softub.ch\/fr\/#website"},"primaryImageOfPage":{"@id":"https:\/\/www.softub.ch\/produit\/softub-spa-clean-tablette\/#primaryimage"},"image":{"@id":"https:\/\/www.softub.ch\/produit\/softub-spa-clean-tablette\/#primaryimage"},"thumbnailUrl":"https:\/\/www.softub.ch\/wp-content\/uploads\/spaclean.jpg","datePublished":"2019-01-15T21:49:17+00:00","dateModified":"2019-11-27T13:23:08+00:00","breadcrumb":{"@id":"https:\/\/www.softub.ch\/produit\/softub-spa-clean-tablette\/#breadcrumb"},"inLanguage":"fr-FR","potentialAction":[{"@type":"ReadAction","target":["https:\/\/www.softub.ch\/produit\/softub-spa-clean-tablette\/"]}]},{"@type":"ImageObject","inLanguage":"fr-FR","@id":"https:\/\/www.softub.ch\/produit\/softub-spa-clean-tablette\/#primaryimage","url":"https:\/\/www.softub.ch\/wp-content\/uploads\/spaclean.jpg","contentUrl":"https:\/\/www.softub.ch\/wp-content\/uploads\/spaclean.jpg","width":1122,"height":673,"caption":"Softub Spa Clean Tablette"},{"@type":"BreadcrumbList","@id":"https:\/\/www.softub.ch\/produit\/softub-spa-clean-tablette\/#breadcrumb","itemListElement":[{"@type":"ListItem","position":1,"name":"Startseite","item":"https:\/\/www.softub.ch\/fr\/"},{"@type":"ListItem","position":2,"name":"Shop","item":"https:\/\/www.softub.ch\/fr\/softub-suisse-shop\/"},{"@type":"ListItem","position":3,"name":"Softub pastille Spa Clean &#8211; le nettoyage de tuyaux simple"}]},{"@type":"WebSite","@id":"https:\/\/www.softub.ch\/fr\/#website","url":"https:\/\/www.softub.ch\/fr\/","name":"Softub Schweiz","description":"Softub - Wir machen Ferien Zuhause","publisher":{"@id":"https:\/\/www.softub.ch\/fr\/#organization"},"potentialAction":[{"@type":"SearchAction","target":{"@type":"EntryPoint","urlTemplate":"https:\/\/www.softub.ch\/fr\/?s={search_term_string}"},"query-input":{"@type":"PropertyValueSpecification","valueRequired":true,"valueName":"search_term_string"}}],"inLanguage":"fr-FR"},{"@type":"Organization","@id":"https:\/\/www.softub.ch\/fr\/#organization","name":"Softub Schweiz AG","url":"https:\/\/www.softub.ch\/fr\/","logo":{"@type":"ImageObject","inLanguage":"fr-FR","@id":"https:\/\/www.softub.ch\/fr\/#\/schema\/logo\/image\/","url":"https:\/\/www.softub.ch\/wp-content\/uploads\/Softub-Logo-Softub-Schweiz-.png","contentUrl":"https:\/\/www.softub.ch\/wp-content\/uploads\/Softub-Logo-Softub-Schweiz-.png","width":200,"height":73,"caption":"Softub Schweiz AG"},"image":{"@id":"https:\/\/www.softub.ch\/fr\/#\/schema\/logo\/image\/"},"sameAs":["https:\/\/www.facebook.com\/softubschweiz","https:\/\/www.instagram.com\/softub_schweiz\/","https:\/\/ch.pinterest.com\/softub_schweiz\/","https:\/\/www.linkedin.com\/company\/softub-schweiz-ag\/"]}]}},"_links":{"self":[{"href":"https:\/\/www.softub.ch\/fr\/wp-json\/wp\/v2\/product\/6154","targetHints":{"allow":["GET"]}}],"collection":[{"href":"https:\/\/www.softub.ch\/fr\/wp-json\/wp\/v2\/product"}],"about":[{"href":"https:\/\/www.softub.ch\/fr\/wp-json\/wp\/v2\/types\/product"}],"wp:featuredmedia":[{"embeddable":true,"href":"https:\/\/www.softub.ch\/fr\/wp-json\/wp\/v2\/media\/6155"}],"wp:attachment":[{"href":"https:\/\/www.softub.ch\/fr\/wp-json\/wp\/v2\/media?parent=6154"}],"wp:term":[{"taxonomy":"product_brand","embeddable":true,"href":"https:\/\/www.softub.ch\/fr\/wp-json\/wp\/v2\/product_brand?post=6154"},{"taxonomy":"product_cat","embeddable":true,"href":"https:\/\/www.softub.ch\/fr\/wp-json\/wp\/v2\/product_cat?post=6154"},{"taxonomy":"product_tag","embeddable":true,"href":"https:\/\/www.softub.ch\/fr\/wp-json\/wp\/v2\/product_tag?post=6154"},{"taxonomy":"woo-feed-brand","embeddable":true,"href":"https:\/\/www.softub.ch\/fr\/wp-json\/wp\/v2\/woo-feed-brand?post=6154"}],"curies":[{"name":"wp","href":"https:\/\/api.w.org\/{rel}","templated":true}]}}