{"id":6183,"date":"2019-01-17T21:17:31","date_gmt":"2019-01-17T21:17:31","guid":{"rendered":"http:\/\/www.softub.ch\/product\/swirl-away-le-cure-pipe-biodegradable\/"},"modified":"2022-06-30T06:36:16","modified_gmt":"2022-06-30T06:36:16","slug":"swirl-away","status":"publish","type":"product","link":"https:\/\/www.softub.ch\/fr\/produit\/swirl-away\/","title":{"rendered":"Swirl Away &#8211; le nettoyage biod\u00e9gradable pour les tuyaux"},"content":{"rendered":"<p><strong>Application:<\/strong><\/p>\n<ul>\n<li>Enlevez le filtre<\/li>\n<li>Versez 235 ml de Swirl-Away dans votre spa rempli d\u2019eau chaude<\/li>\n<li>Mettez votre pompe en marche <strong>sans ouvrir les r\u00e9gulateurs d&rsquo;air<\/strong><\/li>\n<li>Laissez la pompe en marche pendant 1 heure<\/li>\n<li>Videz le Bassin et rincez le<\/li>\n<li>R\u00e9p\u00e9tez ce processus tous les mois ou selon les besoins<\/li>\n<\/ul>\n<p>Contenu: 500 ml<\/p>\n<p><i class=\"fas fa-exclamation-triangle\"><\/i>Mention de danger<\/p>\n","protected":false},"excerpt":{"rendered":"<div class=\"tlid-input input\">\n<div class=\"source-wrap\">\n<div class=\"input-full-height-wrapper tlid-input-full-height-wrapper\">\n<div class=\"source-input\">\n<div class=\"source-footer-wrap source-or-target-footer\">\n<div class=\"character-count tlid-character-count\">\n<div class=\"cc-ctr normal\"><span title=\"\">Dans le syst\u00e8me de canalisations de votre Softub, du calcaire, des bact\u00e9ries, des germes et m\u00eame les plus petites particules de salet\u00e9 peuvent se d\u00e9poser.<\/span> <span title=\"\">Swirl Away enl\u00e8ve la salet\u00e9, l&rsquo;huile et autres d\u00e9p\u00f4ts dans la tuyauterie et la cuve qui affectent l&rsquo;effet de sablage.<\/span> <span title=\"\">Utilisez ce produit avant de vider le spa pour vous garantir une exp\u00e9rience ultime en hydroth\u00e9rapie.<\/span><\/div>\n<\/div>\n<\/div>\n<\/div>\n<\/div>\n<\/div>\n<\/div>\n","protected":false},"featured_media":6184,"template":"","meta":{"_acf_changed":false},"product_brand":[],"product_cat":[210,213],"product_tag":[326,322,4948,2315,4949,257,270,256],"woo-feed-brand":[],"class_list":{"0":"post-6183","1":"product","2":"type-product","3":"status-publish","4":"has-post-thumbnail","6":"product_cat-entretien-traitement-deau-softub","7":"product_cat-entretien-de-leau-nettoyage-des-spas-a-coque-dure","8":"product_tag-chimie","9":"product_tag-entretien-de-leau","10":"product_tag-oasis-de-wellness","11":"product_tag-softub-fr-2","12":"product_tag-softub-suisse","13":"product_tag-spa-fr-2","14":"product_tag-wellness-fr","15":"product_tag-whirlpool-fr","16":"product_shipping_class-post-15","18":"first","19":"instock","20":"featured","21":"taxable","22":"shipping-taxable","23":"purchasable","24":"product-type-simple"},"acf":[],"yoast_head":"<!-- This site is optimized with the Yoast SEO Premium plugin v27.5 (Yoast SEO v27.5) - https:\/\/yoast.com\/product\/yoast-seo-premium-wordpress\/ -->\n<title>Swirl Away - le nettoyage biod\u00e9gradable pour les tuyaux - Softub Schweiz<\/title>\n<meta name=\"robots\" content=\"index, follow, max-snippet:-1, max-image-preview:large, max-video-preview:-1\" \/>\n<link rel=\"canonical\" href=\"https:\/\/www.softub.ch\/fr\/produit\/swirl-away\/\" \/>\n<meta property=\"og:locale\" content=\"fr_FR\" \/>\n<meta property=\"og:type\" content=\"article\" \/>\n<meta property=\"og:title\" content=\"Swirl Away - le nettoyage biod\u00e9gradable pour les tuyaux\" \/>\n<meta property=\"og:description\" content=\"Dans le syst\u00e8me de canalisations de votre Softub, du calcaire, des bact\u00e9ries, des germes et m\u00eame les plus petites particules de salet\u00e9 peuvent se d\u00e9poser. Swirl Away enl\u00e8ve la salet\u00e9, l&#039;huile et autres d\u00e9p\u00f4ts dans la tuyauterie et la cuve qui affectent l&#039;effet de sablage. Utilisez ce produit avant de vider le spa pour vous garantir une exp\u00e9rience ultime en hydroth\u00e9rapie.\" \/>\n<meta property=\"og:url\" content=\"https:\/\/www.softub.ch\/fr\/produit\/swirl-away\/\" \/>\n<meta property=\"og:site_name\" content=\"Softub Schweiz\" \/>\n<meta property=\"article:publisher\" content=\"https:\/\/www.facebook.com\/softubschweiz\" \/>\n<meta property=\"article:modified_time\" content=\"2022-06-30T06:36:16+00:00\" \/>\n<meta property=\"og:image\" content=\"https:\/\/www.softub.ch\/wp-content\/uploads\/swirlaway.jpg\" \/>\n\t<meta property=\"og:image:width\" content=\"1122\" \/>\n\t<meta property=\"og:image:height\" content=\"673\" \/>\n\t<meta property=\"og:image:type\" content=\"image\/jpeg\" \/>\n<meta name=\"twitter:card\" content=\"summary_large_image\" \/>\n<script type=\"application\/ld+json\" class=\"yoast-schema-graph\">{\"@context\":\"https:\\\/\\\/schema.org\",\"@graph\":[{\"@type\":\"WebPage\",\"@id\":\"https:\\\/\\\/www.softub.ch\\\/fr\\\/produit\\\/swirl-away\\\/\",\"url\":\"https:\\\/\\\/www.softub.ch\\\/fr\\\/produit\\\/swirl-away\\\/\",\"name\":\"Swirl Away - le nettoyage biod\u00e9gradable pour les tuyaux - Softub Schweiz\",\"isPartOf\":{\"@id\":\"https:\\\/\\\/www.softub.ch\\\/fr\\\/#website\"},\"primaryImageOfPage\":{\"@id\":\"https:\\\/\\\/www.softub.ch\\\/fr\\\/produit\\\/swirl-away\\\/#primaryimage\"},\"image\":{\"@id\":\"https:\\\/\\\/www.softub.ch\\\/fr\\\/produit\\\/swirl-away\\\/#primaryimage\"},\"thumbnailUrl\":\"https:\\\/\\\/www.softub.ch\\\/wp-content\\\/uploads\\\/swirlaway.jpg\",\"datePublished\":\"2019-01-17T21:17:31+00:00\",\"dateModified\":\"2022-06-30T06:36:16+00:00\",\"breadcrumb\":{\"@id\":\"https:\\\/\\\/www.softub.ch\\\/fr\\\/produit\\\/swirl-away\\\/#breadcrumb\"},\"inLanguage\":\"fr-FR\",\"potentialAction\":[{\"@type\":\"ReadAction\",\"target\":[\"https:\\\/\\\/www.softub.ch\\\/fr\\\/produit\\\/swirl-away\\\/\"]}]},{\"@type\":\"ImageObject\",\"inLanguage\":\"fr-FR\",\"@id\":\"https:\\\/\\\/www.softub.ch\\\/fr\\\/produit\\\/swirl-away\\\/#primaryimage\",\"url\":\"https:\\\/\\\/www.softub.ch\\\/wp-content\\\/uploads\\\/swirlaway.jpg\",\"contentUrl\":\"https:\\\/\\\/www.softub.ch\\\/wp-content\\\/uploads\\\/swirlaway.jpg\",\"width\":1122,\"height\":673,\"caption\":\"Swirl Away Rohrreiniger\"},{\"@type\":\"BreadcrumbList\",\"@id\":\"https:\\\/\\\/www.softub.ch\\\/fr\\\/produit\\\/swirl-away\\\/#breadcrumb\",\"itemListElement\":[{\"@type\":\"ListItem\",\"position\":1,\"name\":\"Startseite\",\"item\":\"https:\\\/\\\/www.softub.ch\\\/fr\\\/\"},{\"@type\":\"ListItem\",\"position\":2,\"name\":\"Shop\",\"item\":\"https:\\\/\\\/www.softub.ch\\\/fr\\\/softub-suisse-shop\\\/\"},{\"@type\":\"ListItem\",\"position\":3,\"name\":\"Swirl Away &#8211; le nettoyage biod\u00e9gradable pour les tuyaux\"}]},{\"@type\":\"WebSite\",\"@id\":\"https:\\\/\\\/www.softub.ch\\\/fr\\\/#website\",\"url\":\"https:\\\/\\\/www.softub.ch\\\/fr\\\/\",\"name\":\"Softub Schweiz\",\"description\":\"Softub - Wir machen Ferien Zuhause\",\"publisher\":{\"@id\":\"https:\\\/\\\/www.softub.ch\\\/fr\\\/#organization\"},\"potentialAction\":[{\"@type\":\"SearchAction\",\"target\":{\"@type\":\"EntryPoint\",\"urlTemplate\":\"https:\\\/\\\/www.softub.ch\\\/fr\\\/?s={search_term_string}\"},\"query-input\":{\"@type\":\"PropertyValueSpecification\",\"valueRequired\":true,\"valueName\":\"search_term_string\"}}],\"inLanguage\":\"fr-FR\"},{\"@type\":\"Organization\",\"@id\":\"https:\\\/\\\/www.softub.ch\\\/fr\\\/#organization\",\"name\":\"Softub Schweiz AG\",\"url\":\"https:\\\/\\\/www.softub.ch\\\/fr\\\/\",\"logo\":{\"@type\":\"ImageObject\",\"inLanguage\":\"fr-FR\",\"@id\":\"https:\\\/\\\/www.softub.ch\\\/fr\\\/#\\\/schema\\\/logo\\\/image\\\/\",\"url\":\"https:\\\/\\\/www.softub.ch\\\/wp-content\\\/uploads\\\/Softub-Logo-Softub-Schweiz-.png\",\"contentUrl\":\"https:\\\/\\\/www.softub.ch\\\/wp-content\\\/uploads\\\/Softub-Logo-Softub-Schweiz-.png\",\"width\":200,\"height\":73,\"caption\":\"Softub Schweiz AG\"},\"image\":{\"@id\":\"https:\\\/\\\/www.softub.ch\\\/fr\\\/#\\\/schema\\\/logo\\\/image\\\/\"},\"sameAs\":[\"https:\\\/\\\/www.facebook.com\\\/softubschweiz\",\"https:\\\/\\\/www.instagram.com\\\/softub_schweiz\\\/\",\"https:\\\/\\\/ch.pinterest.com\\\/softub_schweiz\\\/\",\"https:\\\/\\\/www.linkedin.com\\\/company\\\/softub-schweiz-ag\\\/\"]}]}<\/script>\n<!-- \/ Yoast SEO Premium plugin. -->","yoast_head_json":{"title":"Swirl Away - le nettoyage biod\u00e9gradable pour les tuyaux - Softub Schweiz","robots":{"index":"index","follow":"follow","max-snippet":"max-snippet:-1","max-image-preview":"max-image-preview:large","max-video-preview":"max-video-preview:-1"},"canonical":"https:\/\/www.softub.ch\/fr\/produit\/swirl-away\/","og_locale":"fr_FR","og_type":"article","og_title":"Swirl Away - le nettoyage biod\u00e9gradable pour les tuyaux","og_description":"Dans le syst\u00e8me de canalisations de votre Softub, du calcaire, des bact\u00e9ries, des germes et m\u00eame les plus petites particules de salet\u00e9 peuvent se d\u00e9poser. Swirl Away enl\u00e8ve la salet\u00e9, l'huile et autres d\u00e9p\u00f4ts dans la tuyauterie et la cuve qui affectent l'effet de sablage. Utilisez ce produit avant de vider le spa pour vous garantir une exp\u00e9rience ultime en hydroth\u00e9rapie.","og_url":"https:\/\/www.softub.ch\/fr\/produit\/swirl-away\/","og_site_name":"Softub Schweiz","article_publisher":"https:\/\/www.facebook.com\/softubschweiz","article_modified_time":"2022-06-30T06:36:16+00:00","og_image":[{"width":1122,"height":673,"url":"https:\/\/www.softub.ch\/wp-content\/uploads\/swirlaway.jpg","type":"image\/jpeg"}],"twitter_card":"summary_large_image","schema":{"@context":"https:\/\/schema.org","@graph":[{"@type":"WebPage","@id":"https:\/\/www.softub.ch\/fr\/produit\/swirl-away\/","url":"https:\/\/www.softub.ch\/fr\/produit\/swirl-away\/","name":"Swirl Away - le nettoyage biod\u00e9gradable pour les tuyaux - Softub Schweiz","isPartOf":{"@id":"https:\/\/www.softub.ch\/fr\/#website"},"primaryImageOfPage":{"@id":"https:\/\/www.softub.ch\/fr\/produit\/swirl-away\/#primaryimage"},"image":{"@id":"https:\/\/www.softub.ch\/fr\/produit\/swirl-away\/#primaryimage"},"thumbnailUrl":"https:\/\/www.softub.ch\/wp-content\/uploads\/swirlaway.jpg","datePublished":"2019-01-17T21:17:31+00:00","dateModified":"2022-06-30T06:36:16+00:00","breadcrumb":{"@id":"https:\/\/www.softub.ch\/fr\/produit\/swirl-away\/#breadcrumb"},"inLanguage":"fr-FR","potentialAction":[{"@type":"ReadAction","target":["https:\/\/www.softub.ch\/fr\/produit\/swirl-away\/"]}]},{"@type":"ImageObject","inLanguage":"fr-FR","@id":"https:\/\/www.softub.ch\/fr\/produit\/swirl-away\/#primaryimage","url":"https:\/\/www.softub.ch\/wp-content\/uploads\/swirlaway.jpg","contentUrl":"https:\/\/www.softub.ch\/wp-content\/uploads\/swirlaway.jpg","width":1122,"height":673,"caption":"Swirl Away Rohrreiniger"},{"@type":"BreadcrumbList","@id":"https:\/\/www.softub.ch\/fr\/produit\/swirl-away\/#breadcrumb","itemListElement":[{"@type":"ListItem","position":1,"name":"Startseite","item":"https:\/\/www.softub.ch\/fr\/"},{"@type":"ListItem","position":2,"name":"Shop","item":"https:\/\/www.softub.ch\/fr\/softub-suisse-shop\/"},{"@type":"ListItem","position":3,"name":"Swirl Away &#8211; le nettoyage biod\u00e9gradable pour les tuyaux"}]},{"@type":"WebSite","@id":"https:\/\/www.softub.ch\/fr\/#website","url":"https:\/\/www.softub.ch\/fr\/","name":"Softub Schweiz","description":"Softub - Wir machen Ferien Zuhause","publisher":{"@id":"https:\/\/www.softub.ch\/fr\/#organization"},"potentialAction":[{"@type":"SearchAction","target":{"@type":"EntryPoint","urlTemplate":"https:\/\/www.softub.ch\/fr\/?s={search_term_string}"},"query-input":{"@type":"PropertyValueSpecification","valueRequired":true,"valueName":"search_term_string"}}],"inLanguage":"fr-FR"},{"@type":"Organization","@id":"https:\/\/www.softub.ch\/fr\/#organization","name":"Softub Schweiz AG","url":"https:\/\/www.softub.ch\/fr\/","logo":{"@type":"ImageObject","inLanguage":"fr-FR","@id":"https:\/\/www.softub.ch\/fr\/#\/schema\/logo\/image\/","url":"https:\/\/www.softub.ch\/wp-content\/uploads\/Softub-Logo-Softub-Schweiz-.png","contentUrl":"https:\/\/www.softub.ch\/wp-content\/uploads\/Softub-Logo-Softub-Schweiz-.png","width":200,"height":73,"caption":"Softub Schweiz AG"},"image":{"@id":"https:\/\/www.softub.ch\/fr\/#\/schema\/logo\/image\/"},"sameAs":["https:\/\/www.facebook.com\/softubschweiz","https:\/\/www.instagram.com\/softub_schweiz\/","https:\/\/ch.pinterest.com\/softub_schweiz\/","https:\/\/www.linkedin.com\/company\/softub-schweiz-ag\/"]}]}},"_links":{"self":[{"href":"https:\/\/www.softub.ch\/fr\/wp-json\/wp\/v2\/product\/6183","targetHints":{"allow":["GET"]}}],"collection":[{"href":"https:\/\/www.softub.ch\/fr\/wp-json\/wp\/v2\/product"}],"about":[{"href":"https:\/\/www.softub.ch\/fr\/wp-json\/wp\/v2\/types\/product"}],"wp:featuredmedia":[{"embeddable":true,"href":"https:\/\/www.softub.ch\/fr\/wp-json\/wp\/v2\/media\/6184"}],"wp:attachment":[{"href":"https:\/\/www.softub.ch\/fr\/wp-json\/wp\/v2\/media?parent=6183"}],"wp:term":[{"taxonomy":"product_brand","embeddable":true,"href":"https:\/\/www.softub.ch\/fr\/wp-json\/wp\/v2\/product_brand?post=6183"},{"taxonomy":"product_cat","embeddable":true,"href":"https:\/\/www.softub.ch\/fr\/wp-json\/wp\/v2\/product_cat?post=6183"},{"taxonomy":"product_tag","embeddable":true,"href":"https:\/\/www.softub.ch\/fr\/wp-json\/wp\/v2\/product_tag?post=6183"},{"taxonomy":"woo-feed-brand","embeddable":true,"href":"https:\/\/www.softub.ch\/fr\/wp-json\/wp\/v2\/woo-feed-brand?post=6183"}],"curies":[{"name":"wp","href":"https:\/\/api.w.org\/{rel}","templated":true}]}}