{"id":61880,"date":"2021-01-28T11:00:17","date_gmt":"2021-01-28T11:00:17","guid":{"rendered":"https:\/\/www.softub.ch\/product\/weka-massivholzpool-mit-sandfilteranlage\/"},"modified":"2025-07-04T14:28:01","modified_gmt":"2025-07-04T12:28:01","slug":"weka-massivholzpool-mit-sandfilteranlage","status":"publish","type":"product","link":"https:\/\/www.softub.ch\/fr\/produit\/weka-massivholzpool-mit-sandfilteranlage\/","title":{"rendered":"Weka Massivholzpool 593 B Gr. 1 &#8211; mit Sandfilteranlage"},"content":{"rendered":"<div class=\"fusion-fullwidth fullwidth-box fusion-builder-row-1 fusion-flex-container nonhundred-percent-fullwidth non-hundred-percent-height-scrolling\" style=\"--awb-border-radius-top-left:0px;--awb-border-radius-top-right:0px;--awb-border-radius-bottom-right:0px;--awb-border-radius-bottom-left:0px;--awb-flex-wrap:wrap;\" ><div class=\"fusion-builder-row fusion-row fusion-flex-align-items-flex-start fusion-flex-content-wrap\" style=\"max-width:1248px;margin-left: calc(-4% \/ 2 );margin-right: calc(-4% \/ 2 );\"><div class=\"fusion-layout-column fusion_builder_column fusion-builder-column-0 fusion_builder_column_1_1 1_1 fusion-flex-column\" style=\"--awb-bg-size:cover;--awb-width-large:100%;--awb-margin-top-large:0px;--awb-spacing-right-large:1.92%;--awb-margin-bottom-large:0px;--awb-spacing-left-large:1.92%;--awb-width-medium:100%;--awb-spacing-right-medium:1.92%;--awb-spacing-left-medium:1.92%;--awb-width-small:100%;--awb-spacing-right-small:1.92%;--awb-spacing-left-small:1.92%;\"><div class=\"fusion-column-wrapper fusion-flex-justify-content-flex-start fusion-content-layout-column\"><div class=\"fusion-text fusion-text-1\"><h1><span style=\"color: #429bba;\">Weka Massivholzpool mit Sandfilteranlage<\/span><\/h1>\n<p>Im Set f\u00fcr den Weka Massivholzpool mit Sandfilteranlage sind eine stabile Holztreppe und die Sandfilteranlage Medi mit dabei. So kann das Badevergn\u00fcgen nach dem Aufbau beginnen.<\/p>\n<h3>Vorteile:<\/h3>\n<ul>\n<li><strong>45 mm Blockbohlen<\/strong>, kesseldruckimpr\u00e4gniert Nadelholz = witterungsgesch\u00fctzt<\/li>\n<li>Inklusive stabiler Metall-Eckverbindungen<\/li>\n<li>Inklusive Technikraum mit stabiler Holztreppe und Handlauf<\/li>\n<li>Inklusive <strong>Sandfilteranlage MEDI<\/strong>, Vlies und 0,6 mm Innenfolie<\/li>\n<li>Wasserkapazit\u00e4t: 11,4 m\u00b3 \/ 11&rsquo;400 Liter<\/li>\n<\/ul>\n<h3>Masse und Aufbau:<\/h3>\n<ul>\n<li>Sockelmass: Breite 476 cm x Tiefe 376 cm<\/li>\n<li>Seitenwand- und R\u00fcckwandh\u00f6he: 116 cm<\/li>\n<li>Grundfl\u00e4che: 12,99 m2<\/li>\n<li>Wandst\u00e4rke: 45 mm<\/li>\n<li>Gewicht: 784 kg<\/li>\n<\/ul>\n<h3>Links zur Montageanleitung:<\/h3>\n<ul>\n<li><a href=\"https:\/\/www.weka-holzbau.com\/media\/62\/7b\/f3\/1627043178\/MA800-0286-12-24.pdf\" target=\"_blank\" rel=\"noopener\">Teil 1<\/a><\/li>\n<li><a href=\"https:\/\/www.weka-holzbau.com\/media\/3a\/e8\/57\/1627043178\/MA800-0286-12-15.pdf\" target=\"_blank\" rel=\"noopener\">Teil 2<\/a><\/li>\n<li><a href=\"https:\/\/www.weka-holzbau.com\/media\/08\/3d\/ca\/1627043791\/PB593-4050-00-00.pdf\" target=\"_blank\" rel=\"noopener\">Produktdatenblatt<\/a><\/li>\n<\/ul>\n<h3 data-fontsize=\"18\" data-lineheight=\"25\">Montage:<\/h3>\n<p>F\u00fcr die Installation Ihres neuen Swimmingpools m\u00fcssen Sie sich keine Gedanken machen! Wir stellen Ihnen gerne unser Hauseigen, fachm\u00e4nnisches Installationsteam f\u00fcr die Montage zur Verf\u00fcgung.<\/p>\n<h3>Mehr zu den Swimmingpools von Weka:<\/h3>\n<p>Wie w\u00e4re es mit einer Abk\u00fchlung oder Schwimmen im eigenen Pool? Ein 45-mm-Massivholz-Swimmingpool von WEKA bietet optimalen Badespass f\u00fcr viele Jahre und stellt eine wirkliche Alternative zu herk\u00f6mmlichen Kunststoff- oder Stahlbecken dar. Durch die Nat\u00fcrlichkeit des Materials Holz f\u00fcgt sich der Swimmingpool in Ihren Garten oder Ihr Grundst\u00fcck harmonisch ein.<\/p>\n<p>Er ist besonders stabil und kann vielseitig genutzt werden. Ob als Freizeitspass f\u00fcr Ihre Kleinen oder zur Abk\u00fchlung nach einem Saunagang. Die WEKA-Swimmingpools sind in verschiedenen Gr\u00f6ssen und Ausstattungen erh\u00e4ltlich.<\/p>\n<h3><span style=\"color: #000000;\">Weiteres Zubeh\u00f6r:\u00a0<\/span><\/h3>\n<p>Wir haben ein reichhaltiges Zubeh\u00f6rsortiment f\u00fcr Sie zusammengestellt, so dass Sie sich die passenden Produkte in Ruhe in unserem Onlineshop ausw\u00e4hlen k\u00f6nnen.<\/p>\n<p>F\u00fcr die Reinigung und Pflege Ihres Swimmingpools finden sie diverse und passende Produkte bei uns im Onlineshop unter <a href=\"https:\/\/softub.ch\/shop\/wasserpflege-reinigung\/\">Wasserpflege &amp; Reinigung.<\/a><\/p>\n<p>Wenn Sie sich dar\u00fcber hinaus Ihre ganz pers\u00f6nliche Wellness-Oase schaffen wollen und etwas kleineres suchen, so schauen Sie sich doch einfach die <a href=\"https:\/\/softub.ch\/shop\/saunen-zubehoer\/\">WEKA Saunen<\/a>\u00a0oder unsere Softub <a href=\"https:\/\/softub.ch\/simply-relaxing\/softub-whirlpools\/\">Whirlpools<\/a> an &#8211; eventuell auch in Kombination mit einem <a href=\"https:\/\/meinschattenspender.ch\/\">Unosider-<\/a><a href=\"https:\/\/meinschattenspender.ch\/\">Pavillon<\/a>.<\/p>\n<p>Wir beraten Sie gerne, telefonisch, in einem unserer Showrooms oder bei Ihnen Zuhause.<\/p>\n<\/div><\/div><\/div><\/div><\/div>\n","protected":false},"excerpt":{"rendered":"<h1><span style=\"color: #429bba;\">Weka Massivholzpool mit Sandfilteranlage<\/span><\/h1>\n<p>Der Weka Massivholzpool mit Sandfilteranlage Medi! Inklusive ist auch eine stabile Holztreppe. Mit diesem Swimmingpool kann der echte Badespass beginnen.<\/p>\n","protected":false},"featured_media":23419,"template":"","meta":{"_acf_changed":false},"product_brand":[],"product_cat":[6284],"product_tag":[10150,9979,259,9842,2315,4949,6587,8345,10151,10152,10153,10154,7615,10155,256],"woo-feed-brand":[],"class_list":{"0":"post-61880","1":"product","2":"type-product","3":"status-publish","4":"has-post-thumbnail","6":"product_cat-piscine-en-bois-massif","7":"product_tag-dunkelbrauner-swimmingpool-fr","8":"product_tag-gartenoase-fr","9":"product_tag-jacuzzi-fr-2","10":"product_tag-piscine-exterieure","11":"product_tag-softub-fr-2","12":"product_tag-softub-suisse","13":"product_tag-softub-whirlpool-fr","14":"product_tag-swimmingpool-fr","15":"product_tag-swimmingpool-fuer-erwachsene-fr","16":"product_tag-swimmingpool-fuer-garten-fr","17":"product_tag-swimmingpool-fuer-kinder-fr","18":"product_tag-swimmingpool-mit-holztreppe-fr","19":"product_tag-weka-fr","20":"product_tag-weka-swimmingpool-fr","21":"product_tag-whirlpool-fr","22":"product_shipping_class-lkw-160","24":"first","25":"instock","26":"sale","27":"taxable","28":"shipping-taxable","29":"purchasable","30":"product-type-simple"},"acf":[],"yoast_head":"<!-- This site is optimized with the Yoast SEO Premium plugin v27.5 (Yoast SEO v27.5) - https:\/\/yoast.com\/product\/yoast-seo-premium-wordpress\/ -->\n<title>Weka Massivholzpool mit Sandfilteranlage\u00a0- ein echtes Badevergn\u00fcgen<\/title>\n<meta name=\"description\" content=\"Der Weka Massivholzpool mit Sandfilteranlage. Inklusive ist auch eine stabile Holztreppe. Mit diesem Swimmingpool kann Badespass beginnen.\" \/>\n<meta name=\"robots\" content=\"index, follow, max-snippet:-1, max-image-preview:large, max-video-preview:-1\" \/>\n<link rel=\"canonical\" href=\"https:\/\/www.softub.ch\/fr\/produit\/weka-massivholzpool-mit-sandfilteranlage\/\" \/>\n<meta property=\"og:locale\" content=\"fr_FR\" \/>\n<meta property=\"og:type\" content=\"article\" \/>\n<meta property=\"og:title\" content=\"Weka Massivholzpool 593 B Gr. 1 - mit Sandfilteranlage\" \/>\n<meta property=\"og:description\" content=\"Der Weka Massivholzpool mit Sandfilteranlage. Inklusive ist auch eine stabile Holztreppe. Mit diesem Swimmingpool kann Badespass beginnen.\" \/>\n<meta property=\"og:url\" content=\"https:\/\/www.softub.ch\/fr\/produit\/weka-massivholzpool-mit-sandfilteranlage\/\" \/>\n<meta property=\"og:site_name\" content=\"Softub Schweiz\" \/>\n<meta property=\"article:publisher\" content=\"https:\/\/www.facebook.com\/softubschweiz\" \/>\n<meta property=\"article:modified_time\" content=\"2025-07-04T12:28:01+00:00\" \/>\n<meta property=\"og:image\" content=\"https:\/\/www.softub.ch\/wp-content\/uploads\/Weka-Swimmingpool-593-B-Gr.-1-Softub-Schweiz-0-.jpg\" \/>\n\t<meta property=\"og:image:width\" content=\"1624\" \/>\n\t<meta property=\"og:image:height\" content=\"1080\" \/>\n\t<meta property=\"og:image:type\" content=\"image\/jpeg\" \/>\n<meta name=\"twitter:card\" content=\"summary_large_image\" \/>\n<meta name=\"twitter:label1\" content=\"Dur\u00e9e de lecture estim\u00e9e\" \/>\n\t<meta name=\"twitter:data1\" content=\"2 minutes\" \/>\n<script type=\"application\/ld+json\" class=\"yoast-schema-graph\">{\"@context\":\"https:\\\/\\\/schema.org\",\"@graph\":[{\"@type\":\"WebPage\",\"@id\":\"https:\\\/\\\/www.softub.ch\\\/fr\\\/produit\\\/weka-massivholzpool-mit-sandfilteranlage\\\/\",\"url\":\"https:\\\/\\\/www.softub.ch\\\/fr\\\/produit\\\/weka-massivholzpool-mit-sandfilteranlage\\\/\",\"name\":\"Weka Massivholzpool mit Sandfilteranlage\u00a0- ein echtes Badevergn\u00fcgen\",\"isPartOf\":{\"@id\":\"https:\\\/\\\/www.softub.ch\\\/fr\\\/#website\"},\"primaryImageOfPage\":{\"@id\":\"https:\\\/\\\/www.softub.ch\\\/fr\\\/produit\\\/weka-massivholzpool-mit-sandfilteranlage\\\/#primaryimage\"},\"image\":{\"@id\":\"https:\\\/\\\/www.softub.ch\\\/fr\\\/produit\\\/weka-massivholzpool-mit-sandfilteranlage\\\/#primaryimage\"},\"thumbnailUrl\":\"https:\\\/\\\/www.softub.ch\\\/wp-content\\\/uploads\\\/Weka-Swimmingpool-593-B-Gr.-1-Softub-Schweiz-0-.jpg\",\"datePublished\":\"2021-01-28T11:00:17+00:00\",\"dateModified\":\"2025-07-04T12:28:01+00:00\",\"description\":\"Der Weka Massivholzpool mit Sandfilteranlage. Inklusive ist auch eine stabile Holztreppe. Mit diesem Swimmingpool kann Badespass beginnen.\",\"breadcrumb\":{\"@id\":\"https:\\\/\\\/www.softub.ch\\\/fr\\\/produit\\\/weka-massivholzpool-mit-sandfilteranlage\\\/#breadcrumb\"},\"inLanguage\":\"fr-FR\",\"potentialAction\":[{\"@type\":\"ReadAction\",\"target\":[\"https:\\\/\\\/www.softub.ch\\\/fr\\\/produit\\\/weka-massivholzpool-mit-sandfilteranlage\\\/\"]}]},{\"@type\":\"ImageObject\",\"inLanguage\":\"fr-FR\",\"@id\":\"https:\\\/\\\/www.softub.ch\\\/fr\\\/produit\\\/weka-massivholzpool-mit-sandfilteranlage\\\/#primaryimage\",\"url\":\"https:\\\/\\\/www.softub.ch\\\/wp-content\\\/uploads\\\/Weka-Swimmingpool-593-B-Gr.-1-Softub-Schweiz-0-.jpg\",\"contentUrl\":\"https:\\\/\\\/www.softub.ch\\\/wp-content\\\/uploads\\\/Weka-Swimmingpool-593-B-Gr.-1-Softub-Schweiz-0-.jpg\",\"width\":1624,\"height\":1080,\"caption\":\"Ein Pool aus Massivholz steht in einem Garten auf einem Holz boden in der gleichen Farbe. Der Swimmingpool ist gef\u00fcllt und hat auch eine Holztreppe mit einer silbernen, metallen Leiter f\u00fcr den Einstieg ins Wasser. Pool steht vor einem weissen Haus.\"},{\"@type\":\"BreadcrumbList\",\"@id\":\"https:\\\/\\\/www.softub.ch\\\/fr\\\/produit\\\/weka-massivholzpool-mit-sandfilteranlage\\\/#breadcrumb\",\"itemListElement\":[{\"@type\":\"ListItem\",\"position\":1,\"name\":\"Startseite\",\"item\":\"https:\\\/\\\/www.softub.ch\\\/fr\\\/\"},{\"@type\":\"ListItem\",\"position\":2,\"name\":\"Shop\",\"item\":\"https:\\\/\\\/www.softub.ch\\\/fr\\\/softub-suisse-shop\\\/\"},{\"@type\":\"ListItem\",\"position\":3,\"name\":\"Weka Massivholzpool 593 B Gr. 1 &#8211; mit Sandfilteranlage\"}]},{\"@type\":\"WebSite\",\"@id\":\"https:\\\/\\\/www.softub.ch\\\/fr\\\/#website\",\"url\":\"https:\\\/\\\/www.softub.ch\\\/fr\\\/\",\"name\":\"Softub Schweiz\",\"description\":\"Softub - Wir machen Ferien Zuhause\",\"publisher\":{\"@id\":\"https:\\\/\\\/www.softub.ch\\\/fr\\\/#organization\"},\"potentialAction\":[{\"@type\":\"SearchAction\",\"target\":{\"@type\":\"EntryPoint\",\"urlTemplate\":\"https:\\\/\\\/www.softub.ch\\\/fr\\\/?s={search_term_string}\"},\"query-input\":{\"@type\":\"PropertyValueSpecification\",\"valueRequired\":true,\"valueName\":\"search_term_string\"}}],\"inLanguage\":\"fr-FR\"},{\"@type\":\"Organization\",\"@id\":\"https:\\\/\\\/www.softub.ch\\\/fr\\\/#organization\",\"name\":\"Softub Schweiz AG\",\"url\":\"https:\\\/\\\/www.softub.ch\\\/fr\\\/\",\"logo\":{\"@type\":\"ImageObject\",\"inLanguage\":\"fr-FR\",\"@id\":\"https:\\\/\\\/www.softub.ch\\\/fr\\\/#\\\/schema\\\/logo\\\/image\\\/\",\"url\":\"https:\\\/\\\/www.softub.ch\\\/wp-content\\\/uploads\\\/Softub-Logo-Softub-Schweiz-.png\",\"contentUrl\":\"https:\\\/\\\/www.softub.ch\\\/wp-content\\\/uploads\\\/Softub-Logo-Softub-Schweiz-.png\",\"width\":200,\"height\":73,\"caption\":\"Softub Schweiz AG\"},\"image\":{\"@id\":\"https:\\\/\\\/www.softub.ch\\\/fr\\\/#\\\/schema\\\/logo\\\/image\\\/\"},\"sameAs\":[\"https:\\\/\\\/www.facebook.com\\\/softubschweiz\",\"https:\\\/\\\/www.instagram.com\\\/softub_schweiz\\\/\",\"https:\\\/\\\/ch.pinterest.com\\\/softub_schweiz\\\/\",\"https:\\\/\\\/www.linkedin.com\\\/company\\\/softub-schweiz-ag\\\/\"]}]}<\/script>\n<!-- \/ Yoast SEO Premium plugin. -->","yoast_head_json":{"title":"Weka Massivholzpool mit Sandfilteranlage\u00a0- ein echtes Badevergn\u00fcgen","description":"Der Weka Massivholzpool mit Sandfilteranlage. Inklusive ist auch eine stabile Holztreppe. Mit diesem Swimmingpool kann Badespass beginnen.","robots":{"index":"index","follow":"follow","max-snippet":"max-snippet:-1","max-image-preview":"max-image-preview:large","max-video-preview":"max-video-preview:-1"},"canonical":"https:\/\/www.softub.ch\/fr\/produit\/weka-massivholzpool-mit-sandfilteranlage\/","og_locale":"fr_FR","og_type":"article","og_title":"Weka Massivholzpool 593 B Gr. 1 - mit Sandfilteranlage","og_description":"Der Weka Massivholzpool mit Sandfilteranlage. Inklusive ist auch eine stabile Holztreppe. Mit diesem Swimmingpool kann Badespass beginnen.","og_url":"https:\/\/www.softub.ch\/fr\/produit\/weka-massivholzpool-mit-sandfilteranlage\/","og_site_name":"Softub Schweiz","article_publisher":"https:\/\/www.facebook.com\/softubschweiz","article_modified_time":"2025-07-04T12:28:01+00:00","og_image":[{"width":1624,"height":1080,"url":"https:\/\/www.softub.ch\/wp-content\/uploads\/Weka-Swimmingpool-593-B-Gr.-1-Softub-Schweiz-0-.jpg","type":"image\/jpeg"}],"twitter_card":"summary_large_image","twitter_misc":{"Dur\u00e9e de lecture estim\u00e9e":"2 minutes"},"schema":{"@context":"https:\/\/schema.org","@graph":[{"@type":"WebPage","@id":"https:\/\/www.softub.ch\/fr\/produit\/weka-massivholzpool-mit-sandfilteranlage\/","url":"https:\/\/www.softub.ch\/fr\/produit\/weka-massivholzpool-mit-sandfilteranlage\/","name":"Weka Massivholzpool mit Sandfilteranlage\u00a0- ein echtes Badevergn\u00fcgen","isPartOf":{"@id":"https:\/\/www.softub.ch\/fr\/#website"},"primaryImageOfPage":{"@id":"https:\/\/www.softub.ch\/fr\/produit\/weka-massivholzpool-mit-sandfilteranlage\/#primaryimage"},"image":{"@id":"https:\/\/www.softub.ch\/fr\/produit\/weka-massivholzpool-mit-sandfilteranlage\/#primaryimage"},"thumbnailUrl":"https:\/\/www.softub.ch\/wp-content\/uploads\/Weka-Swimmingpool-593-B-Gr.-1-Softub-Schweiz-0-.jpg","datePublished":"2021-01-28T11:00:17+00:00","dateModified":"2025-07-04T12:28:01+00:00","description":"Der Weka Massivholzpool mit Sandfilteranlage. Inklusive ist auch eine stabile Holztreppe. Mit diesem Swimmingpool kann Badespass beginnen.","breadcrumb":{"@id":"https:\/\/www.softub.ch\/fr\/produit\/weka-massivholzpool-mit-sandfilteranlage\/#breadcrumb"},"inLanguage":"fr-FR","potentialAction":[{"@type":"ReadAction","target":["https:\/\/www.softub.ch\/fr\/produit\/weka-massivholzpool-mit-sandfilteranlage\/"]}]},{"@type":"ImageObject","inLanguage":"fr-FR","@id":"https:\/\/www.softub.ch\/fr\/produit\/weka-massivholzpool-mit-sandfilteranlage\/#primaryimage","url":"https:\/\/www.softub.ch\/wp-content\/uploads\/Weka-Swimmingpool-593-B-Gr.-1-Softub-Schweiz-0-.jpg","contentUrl":"https:\/\/www.softub.ch\/wp-content\/uploads\/Weka-Swimmingpool-593-B-Gr.-1-Softub-Schweiz-0-.jpg","width":1624,"height":1080,"caption":"Ein Pool aus Massivholz steht in einem Garten auf einem Holz boden in der gleichen Farbe. Der Swimmingpool ist gef\u00fcllt und hat auch eine Holztreppe mit einer silbernen, metallen Leiter f\u00fcr den Einstieg ins Wasser. Pool steht vor einem weissen Haus."},{"@type":"BreadcrumbList","@id":"https:\/\/www.softub.ch\/fr\/produit\/weka-massivholzpool-mit-sandfilteranlage\/#breadcrumb","itemListElement":[{"@type":"ListItem","position":1,"name":"Startseite","item":"https:\/\/www.softub.ch\/fr\/"},{"@type":"ListItem","position":2,"name":"Shop","item":"https:\/\/www.softub.ch\/fr\/softub-suisse-shop\/"},{"@type":"ListItem","position":3,"name":"Weka Massivholzpool 593 B Gr. 1 &#8211; mit Sandfilteranlage"}]},{"@type":"WebSite","@id":"https:\/\/www.softub.ch\/fr\/#website","url":"https:\/\/www.softub.ch\/fr\/","name":"Softub Schweiz","description":"Softub - Wir machen Ferien Zuhause","publisher":{"@id":"https:\/\/www.softub.ch\/fr\/#organization"},"potentialAction":[{"@type":"SearchAction","target":{"@type":"EntryPoint","urlTemplate":"https:\/\/www.softub.ch\/fr\/?s={search_term_string}"},"query-input":{"@type":"PropertyValueSpecification","valueRequired":true,"valueName":"search_term_string"}}],"inLanguage":"fr-FR"},{"@type":"Organization","@id":"https:\/\/www.softub.ch\/fr\/#organization","name":"Softub Schweiz AG","url":"https:\/\/www.softub.ch\/fr\/","logo":{"@type":"ImageObject","inLanguage":"fr-FR","@id":"https:\/\/www.softub.ch\/fr\/#\/schema\/logo\/image\/","url":"https:\/\/www.softub.ch\/wp-content\/uploads\/Softub-Logo-Softub-Schweiz-.png","contentUrl":"https:\/\/www.softub.ch\/wp-content\/uploads\/Softub-Logo-Softub-Schweiz-.png","width":200,"height":73,"caption":"Softub Schweiz AG"},"image":{"@id":"https:\/\/www.softub.ch\/fr\/#\/schema\/logo\/image\/"},"sameAs":["https:\/\/www.facebook.com\/softubschweiz","https:\/\/www.instagram.com\/softub_schweiz\/","https:\/\/ch.pinterest.com\/softub_schweiz\/","https:\/\/www.linkedin.com\/company\/softub-schweiz-ag\/"]}]}},"_links":{"self":[{"href":"https:\/\/www.softub.ch\/fr\/wp-json\/wp\/v2\/product\/61880","targetHints":{"allow":["GET"]}}],"collection":[{"href":"https:\/\/www.softub.ch\/fr\/wp-json\/wp\/v2\/product"}],"about":[{"href":"https:\/\/www.softub.ch\/fr\/wp-json\/wp\/v2\/types\/product"}],"wp:featuredmedia":[{"embeddable":true,"href":"https:\/\/www.softub.ch\/fr\/wp-json\/wp\/v2\/media\/23419"}],"wp:attachment":[{"href":"https:\/\/www.softub.ch\/fr\/wp-json\/wp\/v2\/media?parent=61880"}],"wp:term":[{"taxonomy":"product_brand","embeddable":true,"href":"https:\/\/www.softub.ch\/fr\/wp-json\/wp\/v2\/product_brand?post=61880"},{"taxonomy":"product_cat","embeddable":true,"href":"https:\/\/www.softub.ch\/fr\/wp-json\/wp\/v2\/product_cat?post=61880"},{"taxonomy":"product_tag","embeddable":true,"href":"https:\/\/www.softub.ch\/fr\/wp-json\/wp\/v2\/product_tag?post=61880"},{"taxonomy":"woo-feed-brand","embeddable":true,"href":"https:\/\/www.softub.ch\/fr\/wp-json\/wp\/v2\/woo-feed-brand?post=61880"}],"curies":[{"name":"wp","href":"https:\/\/api.w.org\/{rel}","templated":true}]}}