{"id":62522,"date":"2022-07-07T08:42:37","date_gmt":"2022-07-07T08:42:37","guid":{"rendered":"https:\/\/www.softub.ch\/product\/der-outdoor-twilight-whirlpool-ts-8-7-3\/"},"modified":"2026-01-28T14:15:02","modified_gmt":"2026-01-28T13:15:02","slug":"der-outdoor-twilight-whirlpool-ts-8-7-3","status":"publish","type":"product","link":"https:\/\/www.softub.ch\/fr\/produit\/der-outdoor-twilight-whirlpool-ts-8-7-3\/","title":{"rendered":"Der Twilight Outdoor Whirlpool &#8211; TS 87.3 mit zwei Liegepl\u00e4tzen"},"content":{"rendered":"<div class=\"fusion-fullwidth fullwidth-box fusion-builder-row-1 fusion-flex-container nonhundred-percent-fullwidth non-hundred-percent-height-scrolling\" style=\"--awb-border-radius-top-left:0px;--awb-border-radius-top-right:0px;--awb-border-radius-bottom-right:0px;--awb-border-radius-bottom-left:0px;--awb-flex-wrap:wrap;\" ><div class=\"fusion-builder-row fusion-row fusion-flex-align-items-flex-start fusion-flex-content-wrap\" style=\"max-width:1248px;margin-left: calc(-4% \/ 2 );margin-right: calc(-4% \/ 2 );\"><div class=\"fusion-layout-column fusion_builder_column fusion-builder-column-0 fusion_builder_column_1_1 1_1 fusion-flex-column\" style=\"--awb-bg-size:cover;--awb-width-large:100%;--awb-margin-top-large:0px;--awb-spacing-right-large:1.92%;--awb-margin-bottom-large:0px;--awb-spacing-left-large:1.92%;--awb-width-medium:100%;--awb-spacing-right-medium:1.92%;--awb-spacing-left-medium:1.92%;--awb-width-small:100%;--awb-spacing-right-small:1.92%;--awb-spacing-left-small:1.92%;\"><div class=\"fusion-column-wrapper fusion-flex-justify-content-flex-start fusion-content-layout-column\"><div class=\"fusion-text fusion-text-1\"><h1>Der Outdoor Twilight Whirlpool<\/h1>\n<p>Der Outdoor Twilight Whirlpool ist eine Synthese aus den Modellen TS 7.2 und 8.2, jedoch mit<strong> zwei Liegepl\u00e4tzen<\/strong> ausgestattet. Er verf\u00fcgt \u00fcber eine tolle Auswahl an <strong>drei Massage-Sitzpl\u00e4tzen<\/strong>, bietet aber als besonderes Highlight auch zwei Liegen zum Entspannen. Die abwechslungsreiche und perfekt platzierte D\u00fcsenauswahl von 49 D\u00fcsen bieten eine <strong>grandiose Massage<\/strong>. Wie alle Master Spas Whirlpools ist das Modell TS 87.3 <strong>wartungsarm und energieeffizient<\/strong>, was die Handhabung m\u00f6glichst einfach macht. Geniessen Sie eine entspannte Zeit in Ihrer eigenen Wellness-Oase!<\/p>\n<h3>Serienm\u00e4ssig im Lieferumfang enthalten:<\/h3>\n<ul>\n<li>Magnetgelagerte 24 Stunden Zirkulationspumpe<\/li>\n<li>DeLux LED Farblichttherapie<\/li>\n<li>Edelstahld\u00fcsen der neusten Generation<\/li>\n<li>High-Tech Filtersystem mit Aktivkohlefilter, Microban-Filterkartusche + leistungsstarker Ozonator mit hohem 03 Ausstoss<\/li>\n<li>Hochisolierende Ganzjahresabdeckung<\/li>\n<\/ul>\n<h3>Modellangaben:<\/h3>\n<ul>\n<li>Aussenmasse: 239 x 214 x 97 cm<\/li>\n<li>Sitzpl\u00e4tze: f\u00fcr 6 Erwachsene<\/li>\n<li>Liegepl\u00e4tze: 2 ergonomisch geformte Ganzk\u00f6rper-Massageliegen<\/li>\n<li>D\u00fcsen: 49 St\u00fcck aus Edelstahl &#8211; Einzeln verstellbar<\/li>\n<li>Massage Konzept:\n<ul>\n<li>2 x Master Blaster Fussreflexzonenmassage<\/li>\n<li>Oberschenkelmassage<\/li>\n<li>Stress-Relief-Set mit Schulter\/Nacken Massage<\/li>\n<li>Ges\u00e4ss Massage<\/li>\n<li>Bio-Magnet-Therapie f\u00fcr Zellregeneration<\/li>\n<\/ul>\n<\/li>\n<li>Massage High-Flow Pumpen: 3 St\u00fcck \/ Waterway 2 Speed<\/li>\n<li>Zirkulationspumpe: 1 St\u00fcck \/ LAING &#8211; magnetgelagert, ger\u00e4uschlos und vibrationsfrei \/ Lecksicher<\/li>\n<li>Heizung: 3 KW &#8211; Balboa M7 Sensorentechnik<\/li>\n<li>Wasserqualit\u00e4ts-Management:\n<ul>\n<li>Leistungsstarker Ozonator<\/li>\n<li>UV-Lampe<\/li>\n<li>2 x Micro-Filterkartusche (Microban-Protection) + 1 x Aktivkohlefilter (Eco-Pur)<\/li>\n<li>2 automatische Filterzyklen<\/li>\n<\/ul>\n<\/li>\n<li>Isolationskonzept:\n<ul>\n<li>Umweltfreundliche Teilaussch\u00e4umung<\/li>\n<li>Icynene Spezial-2-Komponentenschaum<\/li>\n<li>Zus\u00e4tzliche Aussenverkleidung mit W\u00e4rme-R\u00fcckgewinnung<\/li>\n<\/ul>\n<\/li>\n<li>Spar-Einstellung:\n<ul>\n<li>Standard-Modus (Normaler Heizbetrieb \u00fcber Thermostat)<\/li>\n<li>Eco-Modus (Zwei Aufheizperioden k\u00f6nnen definiert werden)<\/li>\n<li>Schlaf-Modus (Heizung ist deaktiviert)<\/li>\n<\/ul>\n<\/li>\n<li>Wasserfall: 3 x<\/li>\n<li>Kopf- und Nackenkissen: 3 x<\/li>\n<li>Venturi-Luftbeimischventile: 3 x<\/li>\n<li>Leergewicht: 465 kg<\/li>\n<li>Gesamtgewicht: 1529 kg<\/li>\n<\/ul>\n<h3>Optional verf\u00fcgbar:<\/h3>\n<ul>\n<li>DeLuxe Fusion Sound System f\u00fcr Radio mit wasserfester Fernbedienung in Dolby 5.1<\/li>\n<li>AfterGlow deLux LED D\u00fcsenbeleuchtung<\/li>\n<\/ul>\n<h3>Innenfarbe und Aussenverkleidung:<\/h3>\n<p><strong>Innenfarben:<\/strong><\/p>\n<p>Stirling Silver<\/p>\n<p><img decoding=\"async\" class=\"lazyload alignnone size-full wp-image-42127\" src=\"data:image\/svg+xml,%3Csvg%20xmlns%3D%27http%3A%2F%2Fwww.w3.org%2F2000%2Fsvg%27%20width%3D%27136%27%20height%3D%27110%27%20viewBox%3D%270%200%20136%20110%27%3E%3Crect%20width%3D%27136%27%20height%3D%27110%27%20fill-opacity%3D%220%22%2F%3E%3C%2Fsvg%3E\" data-orig-src=\"https:\/\/softub.ch\/wp-content\/uploads\/sterling-silver-Farbe-Twilight-Spa-Whirlpool-Hot-Tub-Schweiz-Softub-Schweiz.jpg\" alt=\"sterling-silver Farbe Twilight Spa Whirlpool Hot Tub Schweiz Softub Schweiz\" width=\"136\" height=\"110\" \/><\/p>\n<p><strong>Aussenverkleidung:<\/strong><\/p>\n<p>DuraMaster Graphite<\/p>\n<p><img decoding=\"async\" class=\"lazyload alignnone size-full wp-image-42142\" src=\"https:\/\/softub.ch\/wp-content\/uploads\/skirt-duramaster-graphite-Twilight-Series-Spa-Hot-Tub-Whirlpool-Schweiz-Softub-Schweiz.jpg\" data-orig-src=\"https:\/\/softub.ch\/wp-content\/uploads\/skirt-duramaster-graphite-Twilight-Series-Spa-Hot-Tub-Whirlpool-Schweiz-Softub-Schweiz.jpg\" alt=\"skirt-duramaster-graphite Twilight Series Spa Hot Tub Whirlpool Schweiz Softub Schweiz\" width=\"210\" height=\"110\" srcset=\"data:image\/svg+xml,%3Csvg%20xmlns%3D%27http%3A%2F%2Fwww.w3.org%2F2000%2Fsvg%27%20width%3D%27210%27%20height%3D%27110%27%20viewBox%3D%270%200%20210%20110%27%3E%3Crect%20width%3D%27210%27%20height%3D%27110%27%20fill-opacity%3D%220%22%2F%3E%3C%2Fsvg%3E\" data-srcset=\"https:\/\/www.softub.ch\/wp-content\/uploads\/skirt-duramaster-graphite-Twilight-Series-Spa-Hot-Tub-Whirlpool-Schweiz-Softub-Schweiz-200x105.jpg 200w, https:\/\/www.softub.ch\/wp-content\/uploads\/skirt-duramaster-graphite-Twilight-Series-Spa-Hot-Tub-Whirlpool-Schweiz-Softub-Schweiz.jpg 210w\" data-sizes=\"auto\" data-orig-sizes=\"(max-width: 210px) 100vw, 210px\" \/><\/p>\n<h3 class=\"fusion-responsive-typography-calculated\" data-fontsize=\"18\" data-lineheight=\"27px\">Montage und Lieferung:<\/h3>\n<p>F\u00fcr die Installation Ihres neuen Whirlpools m\u00fcssen Sie sich keine Gedanken machen! Wir stellen Ihnen gerne unser Hauseigen, fachm\u00e4nnisches Installationsteam f\u00fcr die Montage und Lieferung zur Verf\u00fcgung. Preise auf Anfrage.<\/p>\n<h3 data-fontsize=\"18\" data-lineheight=\"27px\">Pers\u00f6nliche Beratung:<\/h3>\n<p><strong>F\u00fcr weitere Informationen beraten wir Sie gerne per Telefon. Besuchen Sie uns in unserem Showroom in Zollikerberg, in welchem weitere Whirlpool Modelle ausgestellt sind. Lassen Sie sich inspirieren.\u00a0<\/strong><\/p>\n<p><strong>Wir freuen uns auf Sie!<\/strong><\/p>\n<h3>Mehr zum Hersteller:<\/h3>\n<h3>\u00a0<img decoding=\"async\" class=\"lazyload alignnone wp-image-42106\" style=\"font-size: 16px;\" src=\"data:image\/svg+xml,%3Csvg%20xmlns%3D%27http%3A%2F%2Fwww.w3.org%2F2000%2Fsvg%27%20width%3D%27119%27%20height%3D%2755%27%20viewBox%3D%270%200%20119%2055%27%3E%3Crect%20width%3D%27119%27%20height%3D%2755%27%20fill-opacity%3D%220%22%2F%3E%3C%2Fsvg%3E\" data-orig-src=\"https:\/\/softub.ch\/wp-content\/uploads\/Master-Spa-Logo-hartschale-Whirlpools-Schweiz.jpg\" alt=\"Master Spa Logo hartschale Whirlpools Schweiz\" width=\"119\" height=\"55\" \/><\/h3>\n<p>Amerikas gr\u00f6sster Hersteller von Whirlpools und Schwimmspas liefert seit drei Jahrzehnten ein konkurrenzloses Angebot an erstklassigen Hydrotherapiel\u00f6sungen. Ganz gleich, ob Sie auf der Suche nach <strong>Schmerzlinderung<\/strong>, purer Entspannung, einer therapeutischen \u00dcbungshilfe oder einer neuen Form von Zeit mit der Familie sind, MasterSpa entwirft Whirlpools und Swim-Spas, die Ihre Erwartungen \u00fcbertreffen werden.<\/p>\n<h3 class=\"fusion-responsive-typography-calculated\" data-fontsize=\"18\" data-lineheight=\"27px\">Zubeh\u00f6r f\u00fcr Ihre pers\u00f6nliche Gartenoase:<\/h3>\n<p>Wir haben ein reichhaltiges Zubeh\u00f6rsortiment f\u00fcr Sie zusammengestellt, so dass Sie sich die passenden Produkte in Ruhe in unserem Onlineshop ausw\u00e4hlen k\u00f6nnen.<\/p>\n<p>Wenn Sie sich dar\u00fcber hinaus Ihre ganz pers\u00f6nliche Gartenoase schaffen wollen, so schauen Sie sich unsere\u00a0<a href=\"https:\/\/www.meinschattenspender.ch\/\" target=\"_blank\" rel=\"noopener\">Unosider-Pavillons<\/a>\u00a0an.<\/p>\n<p>Wenn Sie zus\u00e4tzlichen Stauraum f\u00fcr Ihr pers\u00f6nliches Gartenzubeh\u00f6r brauchen, dann schauen Sie sich unseren\u00a0<a href=\"https:\/\/www.softub.ch\/fr\/produit\/biohort-storemax\/\" target=\"_blank\" rel=\"noopener\">biohort STOREMAX<\/a>\u00a0oder auch den\u00a0<a href=\"https:\/\/www.softub.ch\/fr\/produit\/biohort-highboard\/\" target=\"_blank\" rel=\"noopener\">biohort HIGHBOARD<\/a>\u00a0an. Ob als Stauraum f\u00fcr Kissen oder Gartenutensilien oder auch als ideale Erg\u00e4nzung zu Ihrer Outdoor-K\u00fcche \u2013 alles ist witterungsgesch\u00fctzt und ordentlich verstaut.<\/p>\n<p>Wir beraten Sie gerne, telefonisch, in einem unserer Showrooms oder bei Ihnen Zuhause.<\/p>\n<\/div><\/div><\/div><\/div><\/div>\n","protected":false},"excerpt":{"rendered":"<h1>Der Outdoor Twilight Whirlpool<\/h1>\n<ul>\n<li>Innenfarbe:\n<ul>\n<li>Stirling Silver<\/li>\n<li><\/li>\n<\/ul>\n<\/li>\n<li>Aussenverkleidung:\n<ul>\n<li>DuraMaster Graphite<\/li>\n<\/ul>\n<\/li>\n<\/ul>\n","protected":false},"featured_media":42343,"template":"","meta":{"_acf_changed":false},"product_brand":[],"product_cat":[6295,7633],"product_tag":[10670,6620,10040,10037,10451,10452,10671,9943,10672,10673,10674,6396,10456,259,8487,10457,8375,4948,10458,2315,9992,4949,8503,10459,10675,10676,270,10677,10678,10460,10461,10612,10486,10679,10462,6566,10463,10464],"woo-feed-brand":[],"class_list":{"0":"post-62522","1":"product","2":"type-product","3":"status-publish","4":"has-post-thumbnail","6":"product_cat-serie-twilight","7":"product_cat-super-sale-black-friday-24-7-fr","8":"product_tag-aussenwhirlpool-schweiz","9":"product_tag-bain-a-remous-exterieur","10":"product_tag-bain-a-remous-pour-lexterieur-fr","11":"product_tag-detente","12":"product_tag-die-besten-whirlpools","13":"product_tag-die-besten-whirlpools-schweiz","14":"product_tag-energieeffizient","15":"product_tag-energieeffizienter-whirlpool-fr","16":"product_tag-energieeffizienter-whirlpool-schweiz","17":"product_tag-grosser-whirlpool","18":"product_tag-grosser-whirlpool-schweiz","19":"product_tag-hot-tub-fr","20":"product_tag-hot-tub-schweiz","21":"product_tag-jacuzzi-fr-2","22":"product_tag-master-spa-fr","23":"product_tag-master-spa-schweiz","24":"product_tag-master-spas-fr","25":"product_tag-oasis-de-wellness","26":"product_tag-schweiz-whirlpool","27":"product_tag-softub-fr-2","28":"product_tag-softub-schweiz-ag-fr","29":"product_tag-softub-suisse","30":"product_tag-spa-schweiz-fr","31":"product_tag-swim-spas-schweiz","32":"product_tag-vielfaeltiger-whirlpool","33":"product_tag-wartungsarm","34":"product_tag-wellness-fr","35":"product_tag-whirlpool-bestseller","36":"product_tag-whirlpool-bestseller-schweiz","37":"product_tag-whirlpool-fuer-drinnen","38":"product_tag-whirlpool-fuer-garten","39":"product_tag-whirlpool-fuer-kleine-familien","40":"product_tag-whirlpool-fuer-kleine-raeume","41":"product_tag-whirlpool-mit-sitzvielfalt","42":"product_tag-whirlpool-mit-treppe","43":"product_tag-whirlpool-suisse","44":"product_tag-whirlpools-zum-entspannen","45":"product_tag-whirlpools-zur-schmerzlinderung","46":"product_shipping_class-lkw-mit-kran-520","48":"first","49":"instock","50":"sale","51":"taxable","52":"shipping-taxable","53":"purchasable","54":"product-type-simple"},"acf":[],"yoast_head":"<!-- This site is optimized with the Yoast SEO Premium plugin v27.5 (Yoast SEO v27.5) - https:\/\/yoast.com\/product\/yoast-seo-premium-wordpress\/ -->\n<title>Der Outdoor Twilight Whirlpool - TS 87.3 SOFTUB SCHWEIZ<\/title>\n<meta name=\"description\" content=\"Der Outdoor Twilight Whirlpool von Master Spas. Der hartschale Whirlpool verf\u00fcgt \u00fcber zwei Ganzk\u00f6rperliegen und perfekt platzierte D\u00fcsen.\" \/>\n<meta name=\"robots\" content=\"index, follow, max-snippet:-1, max-image-preview:large, max-video-preview:-1\" \/>\n<link rel=\"canonical\" href=\"https:\/\/www.softub.ch\/fr\/produit\/der-outdoor-twilight-whirlpool-ts-8-7-3\/\" \/>\n<meta property=\"og:locale\" content=\"fr_FR\" \/>\n<meta property=\"og:type\" content=\"article\" \/>\n<meta property=\"og:title\" content=\"Der Twilight Outdoor Whirlpool - TS 87.3 mit zwei Liegepl\u00e4tzen\" \/>\n<meta property=\"og:description\" content=\"Der Outdoor Twilight Whirlpool von Master Spas. Der hartschale Whirlpool verf\u00fcgt \u00fcber zwei Ganzk\u00f6rperliegen und perfekt platzierte D\u00fcsen.\" \/>\n<meta property=\"og:url\" content=\"https:\/\/www.softub.ch\/fr\/produit\/der-outdoor-twilight-whirlpool-ts-8-7-3\/\" \/>\n<meta property=\"og:site_name\" content=\"Softub Schweiz\" \/>\n<meta property=\"article:publisher\" content=\"https:\/\/www.facebook.com\/softubschweiz\" \/>\n<meta property=\"article:modified_time\" content=\"2026-01-28T13:15:02+00:00\" \/>\n<meta property=\"og:image\" content=\"https:\/\/www.softub.ch\/wp-content\/uploads\/Der-Twilight-Outdoor-Whirlpool-TS-87.2-Softub-Schweiz-Whirlpool-01.jpg\" \/>\n\t<meta property=\"og:image:width\" content=\"560\" \/>\n\t<meta property=\"og:image:height\" content=\"633\" \/>\n\t<meta property=\"og:image:type\" content=\"image\/jpeg\" \/>\n<meta name=\"twitter:card\" content=\"summary_large_image\" \/>\n<meta name=\"twitter:label1\" content=\"Dur\u00e9e de lecture estim\u00e9e\" \/>\n\t<meta name=\"twitter:data1\" content=\"5 minutes\" \/>\n<script type=\"application\/ld+json\" class=\"yoast-schema-graph\">{\"@context\":\"https:\\\/\\\/schema.org\",\"@graph\":[{\"@type\":\"WebPage\",\"@id\":\"https:\\\/\\\/www.softub.ch\\\/fr\\\/produit\\\/der-outdoor-twilight-whirlpool-ts-8-7-3\\\/\",\"url\":\"https:\\\/\\\/www.softub.ch\\\/fr\\\/produit\\\/der-outdoor-twilight-whirlpool-ts-8-7-3\\\/\",\"name\":\"Der Outdoor Twilight Whirlpool - TS 87.3 SOFTUB SCHWEIZ\",\"isPartOf\":{\"@id\":\"https:\\\/\\\/www.softub.ch\\\/fr\\\/#website\"},\"primaryImageOfPage\":{\"@id\":\"https:\\\/\\\/www.softub.ch\\\/fr\\\/produit\\\/der-outdoor-twilight-whirlpool-ts-8-7-3\\\/#primaryimage\"},\"image\":{\"@id\":\"https:\\\/\\\/www.softub.ch\\\/fr\\\/produit\\\/der-outdoor-twilight-whirlpool-ts-8-7-3\\\/#primaryimage\"},\"thumbnailUrl\":\"https:\\\/\\\/www.softub.ch\\\/wp-content\\\/uploads\\\/Der-Twilight-Outdoor-Whirlpool-TS-87.2-Softub-Schweiz-Whirlpool-01.jpg\",\"datePublished\":\"2022-07-07T08:42:37+00:00\",\"dateModified\":\"2026-01-28T13:15:02+00:00\",\"description\":\"Der Outdoor Twilight Whirlpool von Master Spas. Der hartschale Whirlpool verf\u00fcgt \u00fcber zwei Ganzk\u00f6rperliegen und perfekt platzierte D\u00fcsen.\",\"breadcrumb\":{\"@id\":\"https:\\\/\\\/www.softub.ch\\\/fr\\\/produit\\\/der-outdoor-twilight-whirlpool-ts-8-7-3\\\/#breadcrumb\"},\"inLanguage\":\"fr-FR\",\"potentialAction\":[{\"@type\":\"ReadAction\",\"target\":[\"https:\\\/\\\/www.softub.ch\\\/fr\\\/produit\\\/der-outdoor-twilight-whirlpool-ts-8-7-3\\\/\"]}]},{\"@type\":\"ImageObject\",\"inLanguage\":\"fr-FR\",\"@id\":\"https:\\\/\\\/www.softub.ch\\\/fr\\\/produit\\\/der-outdoor-twilight-whirlpool-ts-8-7-3\\\/#primaryimage\",\"url\":\"https:\\\/\\\/www.softub.ch\\\/wp-content\\\/uploads\\\/Der-Twilight-Outdoor-Whirlpool-TS-87.2-Softub-Schweiz-Whirlpool-01.jpg\",\"contentUrl\":\"https:\\\/\\\/www.softub.ch\\\/wp-content\\\/uploads\\\/Der-Twilight-Outdoor-Whirlpool-TS-87.2-Softub-Schweiz-Whirlpool-01.jpg\",\"width\":560,\"height\":633,\"caption\":\"Vogelperspektive des Twilight Outdoor Whirlpools 87.3 mit zwei Ganzk\u00f6rperliegen und drei Sitzpl\u00e4tzen.\"},{\"@type\":\"BreadcrumbList\",\"@id\":\"https:\\\/\\\/www.softub.ch\\\/fr\\\/produit\\\/der-outdoor-twilight-whirlpool-ts-8-7-3\\\/#breadcrumb\",\"itemListElement\":[{\"@type\":\"ListItem\",\"position\":1,\"name\":\"Startseite\",\"item\":\"https:\\\/\\\/www.softub.ch\\\/fr\\\/\"},{\"@type\":\"ListItem\",\"position\":2,\"name\":\"Shop\",\"item\":\"https:\\\/\\\/www.softub.ch\\\/fr\\\/softub-suisse-shop\\\/\"},{\"@type\":\"ListItem\",\"position\":3,\"name\":\"Der Twilight Outdoor Whirlpool &#8211; TS 87.3 mit zwei Liegepl\u00e4tzen\"}]},{\"@type\":\"WebSite\",\"@id\":\"https:\\\/\\\/www.softub.ch\\\/fr\\\/#website\",\"url\":\"https:\\\/\\\/www.softub.ch\\\/fr\\\/\",\"name\":\"Softub Schweiz\",\"description\":\"Softub - Wir machen Ferien Zuhause\",\"publisher\":{\"@id\":\"https:\\\/\\\/www.softub.ch\\\/fr\\\/#organization\"},\"potentialAction\":[{\"@type\":\"SearchAction\",\"target\":{\"@type\":\"EntryPoint\",\"urlTemplate\":\"https:\\\/\\\/www.softub.ch\\\/fr\\\/?s={search_term_string}\"},\"query-input\":{\"@type\":\"PropertyValueSpecification\",\"valueRequired\":true,\"valueName\":\"search_term_string\"}}],\"inLanguage\":\"fr-FR\"},{\"@type\":\"Organization\",\"@id\":\"https:\\\/\\\/www.softub.ch\\\/fr\\\/#organization\",\"name\":\"Softub Schweiz AG\",\"url\":\"https:\\\/\\\/www.softub.ch\\\/fr\\\/\",\"logo\":{\"@type\":\"ImageObject\",\"inLanguage\":\"fr-FR\",\"@id\":\"https:\\\/\\\/www.softub.ch\\\/fr\\\/#\\\/schema\\\/logo\\\/image\\\/\",\"url\":\"https:\\\/\\\/www.softub.ch\\\/wp-content\\\/uploads\\\/Softub-Logo-Softub-Schweiz-.png\",\"contentUrl\":\"https:\\\/\\\/www.softub.ch\\\/wp-content\\\/uploads\\\/Softub-Logo-Softub-Schweiz-.png\",\"width\":200,\"height\":73,\"caption\":\"Softub Schweiz AG\"},\"image\":{\"@id\":\"https:\\\/\\\/www.softub.ch\\\/fr\\\/#\\\/schema\\\/logo\\\/image\\\/\"},\"sameAs\":[\"https:\\\/\\\/www.facebook.com\\\/softubschweiz\",\"https:\\\/\\\/www.instagram.com\\\/softub_schweiz\\\/\",\"https:\\\/\\\/ch.pinterest.com\\\/softub_schweiz\\\/\",\"https:\\\/\\\/www.linkedin.com\\\/company\\\/softub-schweiz-ag\\\/\"]}]}<\/script>\n<!-- \/ Yoast SEO Premium plugin. -->","yoast_head_json":{"title":"Der Outdoor Twilight Whirlpool - TS 87.3 SOFTUB SCHWEIZ","description":"Der Outdoor Twilight Whirlpool von Master Spas. Der hartschale Whirlpool verf\u00fcgt \u00fcber zwei Ganzk\u00f6rperliegen und perfekt platzierte D\u00fcsen.","robots":{"index":"index","follow":"follow","max-snippet":"max-snippet:-1","max-image-preview":"max-image-preview:large","max-video-preview":"max-video-preview:-1"},"canonical":"https:\/\/www.softub.ch\/fr\/produit\/der-outdoor-twilight-whirlpool-ts-8-7-3\/","og_locale":"fr_FR","og_type":"article","og_title":"Der Twilight Outdoor Whirlpool - TS 87.3 mit zwei Liegepl\u00e4tzen","og_description":"Der Outdoor Twilight Whirlpool von Master Spas. Der hartschale Whirlpool verf\u00fcgt \u00fcber zwei Ganzk\u00f6rperliegen und perfekt platzierte D\u00fcsen.","og_url":"https:\/\/www.softub.ch\/fr\/produit\/der-outdoor-twilight-whirlpool-ts-8-7-3\/","og_site_name":"Softub Schweiz","article_publisher":"https:\/\/www.facebook.com\/softubschweiz","article_modified_time":"2026-01-28T13:15:02+00:00","og_image":[{"width":560,"height":633,"url":"https:\/\/www.softub.ch\/wp-content\/uploads\/Der-Twilight-Outdoor-Whirlpool-TS-87.2-Softub-Schweiz-Whirlpool-01.jpg","type":"image\/jpeg"}],"twitter_card":"summary_large_image","twitter_misc":{"Dur\u00e9e de lecture estim\u00e9e":"5 minutes"},"schema":{"@context":"https:\/\/schema.org","@graph":[{"@type":"WebPage","@id":"https:\/\/www.softub.ch\/fr\/produit\/der-outdoor-twilight-whirlpool-ts-8-7-3\/","url":"https:\/\/www.softub.ch\/fr\/produit\/der-outdoor-twilight-whirlpool-ts-8-7-3\/","name":"Der Outdoor Twilight Whirlpool - TS 87.3 SOFTUB SCHWEIZ","isPartOf":{"@id":"https:\/\/www.softub.ch\/fr\/#website"},"primaryImageOfPage":{"@id":"https:\/\/www.softub.ch\/fr\/produit\/der-outdoor-twilight-whirlpool-ts-8-7-3\/#primaryimage"},"image":{"@id":"https:\/\/www.softub.ch\/fr\/produit\/der-outdoor-twilight-whirlpool-ts-8-7-3\/#primaryimage"},"thumbnailUrl":"https:\/\/www.softub.ch\/wp-content\/uploads\/Der-Twilight-Outdoor-Whirlpool-TS-87.2-Softub-Schweiz-Whirlpool-01.jpg","datePublished":"2022-07-07T08:42:37+00:00","dateModified":"2026-01-28T13:15:02+00:00","description":"Der Outdoor Twilight Whirlpool von Master Spas. Der hartschale Whirlpool verf\u00fcgt \u00fcber zwei Ganzk\u00f6rperliegen und perfekt platzierte D\u00fcsen.","breadcrumb":{"@id":"https:\/\/www.softub.ch\/fr\/produit\/der-outdoor-twilight-whirlpool-ts-8-7-3\/#breadcrumb"},"inLanguage":"fr-FR","potentialAction":[{"@type":"ReadAction","target":["https:\/\/www.softub.ch\/fr\/produit\/der-outdoor-twilight-whirlpool-ts-8-7-3\/"]}]},{"@type":"ImageObject","inLanguage":"fr-FR","@id":"https:\/\/www.softub.ch\/fr\/produit\/der-outdoor-twilight-whirlpool-ts-8-7-3\/#primaryimage","url":"https:\/\/www.softub.ch\/wp-content\/uploads\/Der-Twilight-Outdoor-Whirlpool-TS-87.2-Softub-Schweiz-Whirlpool-01.jpg","contentUrl":"https:\/\/www.softub.ch\/wp-content\/uploads\/Der-Twilight-Outdoor-Whirlpool-TS-87.2-Softub-Schweiz-Whirlpool-01.jpg","width":560,"height":633,"caption":"Vogelperspektive des Twilight Outdoor Whirlpools 87.3 mit zwei Ganzk\u00f6rperliegen und drei Sitzpl\u00e4tzen."},{"@type":"BreadcrumbList","@id":"https:\/\/www.softub.ch\/fr\/produit\/der-outdoor-twilight-whirlpool-ts-8-7-3\/#breadcrumb","itemListElement":[{"@type":"ListItem","position":1,"name":"Startseite","item":"https:\/\/www.softub.ch\/fr\/"},{"@type":"ListItem","position":2,"name":"Shop","item":"https:\/\/www.softub.ch\/fr\/softub-suisse-shop\/"},{"@type":"ListItem","position":3,"name":"Der Twilight Outdoor Whirlpool &#8211; TS 87.3 mit zwei Liegepl\u00e4tzen"}]},{"@type":"WebSite","@id":"https:\/\/www.softub.ch\/fr\/#website","url":"https:\/\/www.softub.ch\/fr\/","name":"Softub Schweiz","description":"Softub - Wir machen Ferien Zuhause","publisher":{"@id":"https:\/\/www.softub.ch\/fr\/#organization"},"potentialAction":[{"@type":"SearchAction","target":{"@type":"EntryPoint","urlTemplate":"https:\/\/www.softub.ch\/fr\/?s={search_term_string}"},"query-input":{"@type":"PropertyValueSpecification","valueRequired":true,"valueName":"search_term_string"}}],"inLanguage":"fr-FR"},{"@type":"Organization","@id":"https:\/\/www.softub.ch\/fr\/#organization","name":"Softub Schweiz AG","url":"https:\/\/www.softub.ch\/fr\/","logo":{"@type":"ImageObject","inLanguage":"fr-FR","@id":"https:\/\/www.softub.ch\/fr\/#\/schema\/logo\/image\/","url":"https:\/\/www.softub.ch\/wp-content\/uploads\/Softub-Logo-Softub-Schweiz-.png","contentUrl":"https:\/\/www.softub.ch\/wp-content\/uploads\/Softub-Logo-Softub-Schweiz-.png","width":200,"height":73,"caption":"Softub Schweiz AG"},"image":{"@id":"https:\/\/www.softub.ch\/fr\/#\/schema\/logo\/image\/"},"sameAs":["https:\/\/www.facebook.com\/softubschweiz","https:\/\/www.instagram.com\/softub_schweiz\/","https:\/\/ch.pinterest.com\/softub_schweiz\/","https:\/\/www.linkedin.com\/company\/softub-schweiz-ag\/"]}]}},"_links":{"self":[{"href":"https:\/\/www.softub.ch\/fr\/wp-json\/wp\/v2\/product\/62522","targetHints":{"allow":["GET"]}}],"collection":[{"href":"https:\/\/www.softub.ch\/fr\/wp-json\/wp\/v2\/product"}],"about":[{"href":"https:\/\/www.softub.ch\/fr\/wp-json\/wp\/v2\/types\/product"}],"wp:featuredmedia":[{"embeddable":true,"href":"https:\/\/www.softub.ch\/fr\/wp-json\/wp\/v2\/media\/42343"}],"wp:attachment":[{"href":"https:\/\/www.softub.ch\/fr\/wp-json\/wp\/v2\/media?parent=62522"}],"wp:term":[{"taxonomy":"product_brand","embeddable":true,"href":"https:\/\/www.softub.ch\/fr\/wp-json\/wp\/v2\/product_brand?post=62522"},{"taxonomy":"product_cat","embeddable":true,"href":"https:\/\/www.softub.ch\/fr\/wp-json\/wp\/v2\/product_cat?post=62522"},{"taxonomy":"product_tag","embeddable":true,"href":"https:\/\/www.softub.ch\/fr\/wp-json\/wp\/v2\/product_tag?post=62522"},{"taxonomy":"woo-feed-brand","embeddable":true,"href":"https:\/\/www.softub.ch\/fr\/wp-json\/wp\/v2\/woo-feed-brand?post=62522"}],"curies":[{"name":"wp","href":"https:\/\/api.w.org\/{rel}","templated":true}]}}