{"id":62989,"date":"2024-08-12T11:35:43","date_gmt":"2024-08-12T09:35:43","guid":{"rendered":"https:\/\/www.softub.ch\/product\/biohort-davinci-flexibles-pflanzkasten-system\/"},"modified":"2024-10-08T16:37:45","modified_gmt":"2024-10-08T14:37:45","slug":"biohort-davinci-flexibles-pflanzkasten-system","status":"publish","type":"product","link":"https:\/\/www.softub.ch\/fr\/produit\/biohort-davinci-flexibles-pflanzkasten-system\/","title":{"rendered":"biohort DAVINCI\u00ae &#8211; flexibles Pflanzkasten-System"},"content":{"rendered":"<div class=\"fusion-fullwidth fullwidth-box fusion-builder-row-1 fusion-flex-container has-pattern-background has-mask-background nonhundred-percent-fullwidth non-hundred-percent-height-scrolling\" style=\"--awb-border-radius-top-left:0px;--awb-border-radius-top-right:0px;--awb-border-radius-bottom-right:0px;--awb-border-radius-bottom-left:0px;--awb-flex-wrap:wrap;\" ><div class=\"fusion-builder-row fusion-row fusion-flex-align-items-flex-start fusion-flex-content-wrap\" style=\"max-width:1248px;margin-left: calc(-4% \/ 2 );margin-right: calc(-4% \/ 2 );\"><div class=\"fusion-layout-column fusion_builder_column fusion-builder-column-0 fusion_builder_column_1_1 1_1 fusion-flex-column\" style=\"--awb-bg-size:cover;--awb-width-large:100%;--awb-margin-top-large:0px;--awb-spacing-right-large:1.92%;--awb-margin-bottom-large:20px;--awb-spacing-left-large:1.92%;--awb-width-medium:100%;--awb-order-medium:0;--awb-spacing-right-medium:1.92%;--awb-spacing-left-medium:1.92%;--awb-width-small:100%;--awb-order-small:0;--awb-spacing-right-small:1.92%;--awb-spacing-left-small:1.92%;\"><div class=\"fusion-column-wrapper fusion-column-has-shadow fusion-flex-justify-content-flex-start fusion-content-layout-column\"><div class=\"fusion-text fusion-text-1\"><h1>biohort DAVINCI<\/h1>\n<h2>Grenzenlose Individualit\u00e4t<\/h2>\n<p>Das Biohort DaVinci kann frei nach Ihren W\u00fcnschen zusammengesetzt werden. Ob als Pflanzbeet mit unterschiedlichen H\u00f6hen, als Sichtschutz oder zur Abgrenzung von Terrassen \u2013 Ihrer Kreativit\u00e4t sind keine Grenzen gesetzt. Die Basis-Module sind in verschiedenen Ausf\u00fchrungen erh\u00e4ltlich und k\u00f6nnen individuell kombiniert werden.<\/p>\n<h3>Vorz\u00fcge<\/h3>\n<ul>\n<li>Erh\u00e4ltlich in verschiedenen L\u00e4ngen, H\u00f6hen und Kombinationen<\/li>\n<li><strong>Individuell <\/strong>konfigurierbar<\/li>\n<li>Extrem <strong>langlebig<\/strong><\/li>\n<li>Sichtschutz und Rankgitter k\u00f6nnen nach Belieben platziert werden<\/li>\n<li>Ideal als Terrassenabgrenzung<\/li>\n<li><strong>Beste Materialien: <\/strong>feuerverzinktes, polyamid-einbrennlackiertes Stahlblech, Schrauben und Scharniere aus Edelstahl<\/li>\n<\/ul>\n<h3>Konfigurationsbeispiele<\/h3>\n<p><strong>Version 1: Biohort DaVinci als Terrassenabgrenzung\u00a0<\/strong><br \/>\nKombination aus verschiedenen H\u00f6hen, L\u00e4ngen und zwei Rankgittern<\/p>\n<p><img decoding=\"async\" class=\"lazyload alignnone wp-image-60684 size-medium\" src=\"data:image\/svg+xml,%3Csvg%20xmlns%3D%27http%3A%2F%2Fwww.w3.org%2F2000%2Fsvg%27%20width%3D%27300%27%20height%3D%27204%27%20viewBox%3D%270%200%20300%20204%27%3E%3Crect%20width%3D%27300%27%20height%3D%27204%27%20fill-opacity%3D%220%22%2F%3E%3C%2Fsvg%3E\" data-orig-src=\"https:\/\/www.softub.ch\/wp-content\/uploads\/Biohort_Davinci_Mustervariation_V1_quarzgrau_Softub_Schweiz-300x204.jpg\" alt=\"Biohort Davinci in quarzgrau metallic mit zwei Rankgittern und zwei Hochbeete in L Form in verschiedenen H\u00f6hen. \" width=\"300\" height=\"204\" \/><\/p>\n<p><strong>Version 2: Biohort DaVinci als Sichtschutz<br \/>\n<\/strong>Kombination aus verschiedenen H\u00f6hen, L\u00e4ngen, Rankgitter- und Sichtschutzelementen<\/p>\n<p><img decoding=\"async\" class=\"lazyload alignnone wp-image-60687 size-medium\" src=\"data:image\/svg+xml,%3Csvg%20xmlns%3D%27http%3A%2F%2Fwww.w3.org%2F2000%2Fsvg%27%20width%3D%27300%27%20height%3D%27143%27%20viewBox%3D%270%200%20300%20143%27%3E%3Crect%20width%3D%27300%27%20height%3D%27143%27%20fill-opacity%3D%220%22%2F%3E%3C%2Fsvg%3E\" data-orig-src=\"https:\/\/www.softub.ch\/wp-content\/uploads\/Biohort_Davinci_Mustervariation_V2_quarzgrau_Softub_Schweiz-300x143.jpg\" alt=\"Biohort Davinci in quarzgrau metallic mit einem Rankgitter und einem Sichtschutz mit Acrylglas in quarzgrau metallic. Zwei Hochbeete. Eines davon hat unterschiedliche H\u00f6hen, die treppenartig verlaufen. \" width=\"300\" height=\"143\" \/><\/p>\n<p><strong>Version 3: Biohort DaVinci als Blumenbeet\u00a0<\/strong><br \/>\nKombination aus verschiedenen H\u00f6hen und L\u00e4ngen<\/p>\n<p><img decoding=\"async\" class=\"lazyload alignnone wp-image-60690 size-medium\" src=\"data:image\/svg+xml,%3Csvg%20xmlns%3D%27http%3A%2F%2Fwww.w3.org%2F2000%2Fsvg%27%20width%3D%27300%27%20height%3D%27204%27%20viewBox%3D%270%200%20300%20204%27%3E%3Crect%20width%3D%27300%27%20height%3D%27204%27%20fill-opacity%3D%220%22%2F%3E%3C%2Fsvg%3E\" data-orig-src=\"https:\/\/www.softub.ch\/wp-content\/uploads\/Biohort_Davinci_Mustervariation_V3_quarzgrau_Softub_Schweiz-300x204.jpg\" alt=\"Biohort Davinci in quarzgrau metallic. Unterschiedliche H\u00f6hen, die treppenartig verlaufen. \" width=\"300\" height=\"204\" \/><\/p>\n<h3>Farben &amp; Gr\u00f6ssen<\/h3>\n<p><strong>silber-metallic<\/strong><\/p>\n<h3><img decoding=\"async\" class=\"lazyload d-block img-fluid\" title=\"DaVinci silber-metallic Mustervariation\" src=\"https:\/\/www.biohort.com\/img\/2000\/2000\/resize\/Inhalte\/Produktcontent\/DaVinci\/image-thumb__12229__siwadocument_image-4\/9003414173477_Davinci_Mustervariation_V2_silber_L_Treppe_Rendering.jpg\" data-orig-src=\"https:\/\/www.biohort.com\/img\/2000\/2000\/resize\/Inhalte\/Produktcontent\/DaVinci\/image-thumb__12229__siwadocument_image-4\/9003414173477_Davinci_Mustervariation_V2_silber_L_Treppe_Rendering.jpg\" srcset=\"data:image\/gif;base64,R0lGODlhAQABAAAAACH5BAEKAAEALAAAAAABAAEAAAICTAEAOw==\" data-srcset=\"https:\/\/www.biohort.com\/img\/2000\/2000\/resize\/Inhalte\/Produktcontent\/DaVinci\/image-thumb__12229__siwadocument_image-4\/9003414173477_Davinci_Mustervariation_V2_silber_L_Treppe_Rendering.jpg 1x, https:\/\/www.biohort.com\/img\/2000\/2000\/resize\/Inhalte\/Produktcontent\/DaVinci\/image-thumb__12229__siwadocument_image-4\/9003414173477_Davinci_Mustervariation_V2_silber_L_Treppe_Rendering@2x.jpg 2x\" alt=\"DaVinci silber-metallic Mustervariation\" width=\"\" height=\"auto\" \/><\/h3>\n<p><strong>quarzgrau-metallic<\/strong><\/p>\n<p><img decoding=\"async\" class=\"lazyload d-block img-fluid\" title=\"DaVinci quarzgrau-metallic Mustervariation\" src=\"https:\/\/www.biohort.com\/img\/2000\/2000\/resize\/Inhalte\/Produktcontent\/DaVinci\/image-thumb__12230__siwadocument_image-4\/9003414173491_Davinci_Mustervariation_V2_quarzgrau_L_Treppe_Rendering.jpg\" data-orig-src=\"https:\/\/www.biohort.com\/img\/2000\/2000\/resize\/Inhalte\/Produktcontent\/DaVinci\/image-thumb__12230__siwadocument_image-4\/9003414173491_Davinci_Mustervariation_V2_quarzgrau_L_Treppe_Rendering.jpg\" srcset=\"data:image\/gif;base64,R0lGODlhAQABAAAAACH5BAEKAAEALAAAAAABAAEAAAICTAEAOw==\" data-srcset=\"https:\/\/www.biohort.com\/img\/2000\/2000\/resize\/Inhalte\/Produktcontent\/DaVinci\/image-thumb__12230__siwadocument_image-4\/9003414173491_Davinci_Mustervariation_V2_quarzgrau_L_Treppe_Rendering.jpg 1x, https:\/\/www.biohort.com\/img\/2000\/2000\/resize\/Inhalte\/Produktcontent\/DaVinci\/image-thumb__12230__siwadocument_image-4\/9003414173491_Davinci_Mustervariation_V2_quarzgrau_L_Treppe_Rendering@2x.jpg 2x\" alt=\"DaVinci quarzgrau-metallic Mustervariation\" width=\"\" height=\"auto\" \/><\/p>\n<p><strong>dunkelgrau-metallic<\/strong><\/p>\n<p><img decoding=\"async\" class=\"lazyload d-block img-fluid\" title=\"DaVinci dunkelgrau-metallic Mustervariation\" src=\"https:\/\/www.biohort.com\/img\/2000\/2000\/resize\/Inhalte\/Produktcontent\/DaVinci\/image-thumb__12231__siwadocument_image-4\/9003414173484_Davinci_Mustervariation_V2_dunkelgrau_L_Treppe_Rendering.jpg\" data-orig-src=\"https:\/\/www.biohort.com\/img\/2000\/2000\/resize\/Inhalte\/Produktcontent\/DaVinci\/image-thumb__12231__siwadocument_image-4\/9003414173484_Davinci_Mustervariation_V2_dunkelgrau_L_Treppe_Rendering.jpg\" srcset=\"data:image\/gif;base64,R0lGODlhAQABAAAAACH5BAEKAAEALAAAAAABAAEAAAICTAEAOw==\" data-srcset=\"https:\/\/www.biohort.com\/img\/2000\/2000\/resize\/Inhalte\/Produktcontent\/DaVinci\/image-thumb__12231__siwadocument_image-4\/9003414173484_Davinci_Mustervariation_V2_dunkelgrau_L_Treppe_Rendering.jpg 1x, https:\/\/www.biohort.com\/img\/2000\/2000\/resize\/Inhalte\/Produktcontent\/DaVinci\/image-thumb__12231__siwadocument_image-4\/9003414173484_Davinci_Mustervariation_V2_dunkelgrau_L_Treppe_Rendering@2x.jpg 2x\" alt=\"DaVinci dunkelgrau-metallic Mustervariation\" width=\"\" height=\"auto\" \/><\/p>\n<p><strong>Drei H\u00f6hen, drei L\u00e4ngen, drei Farben und unendliche Gestaltungsm\u00f6glichkeiten<\/strong><\/p>\n<p>Die H\u00f6hen variieren von 41 cm bis 77 cm, w\u00e4hrend die L\u00e4ngen von 50 cm bis 200 cm reichen. Durch das modulare Design sind Ihrer Kreativit\u00e4t keine Grenzen gesetzt. Die Grundmodule lassen sich flexibel aneinanderreihen. Sichtschutz und Rankgitter k\u00f6nnen ganz nach Ihren Vorstellungen positioniert werden.<\/p>\n<h3>Grundausstattung<\/h3>\n<p><strong>Zwischenboden: <\/strong>Der in der Grundausstattung enthaltene Zwischenboden reduziert das Erdvolumen, spart teueres Bef\u00fcllungsmaterial und wertvolle Zeit. Er wird beim Aufbau einfach auf die zweite Sicke von oben aufgelegt. Um den Wasserablauf zu gew\u00e4hrleisten und Staun\u00e4sse zu vermeiden, ist der Zzwischenboden nicht wasserdicht.<\/p>\n<p><img decoding=\"async\" class=\"lazyload w-100 h-auto d-block\" title=\"DaVinci Zwischenboden\" src=\"https:\/\/www.biohort.com\/img\/2000\/2000\/resize\/Inhalte\/Produktcontent\/DaVinci\/image-thumb__12226__siwadocument_image-text-rows\/DaVinci_Zwischenboden.png\" data-orig-src=\"https:\/\/www.biohort.com\/img\/2000\/2000\/resize\/Inhalte\/Produktcontent\/DaVinci\/image-thumb__12226__siwadocument_image-text-rows\/DaVinci_Zwischenboden.png\" srcset=\"data:image\/svg+xml,%3Csvg%20xmlns%3D%27http%3A%2F%2Fwww.w3.org%2F2000%2Fsvg%27%20width%3D%27200%27%20height%3D%27170%27%20viewBox%3D%270%200%20200%20170%27%3E%3Crect%20width%3D%27200%27%20height%3D%27170%27%20fill-opacity%3D%220%22%2F%3E%3C%2Fsvg%3E\" data-srcset=\"https:\/\/www.biohort.com\/img\/2000\/2000\/resize\/Inhalte\/Produktcontent\/DaVinci\/image-thumb__12226__siwadocument_image-text-rows\/DaVinci_Zwischenboden.png 1x, https:\/\/www.biohort.com\/img\/2000\/2000\/resize\/Inhalte\/Produktcontent\/DaVinci\/image-thumb__12226__siwadocument_image-text-rows\/DaVinci_Zwischenboden@2x.png 2x\" alt=\"DaVinci Zwischenboden\" width=\"200\" height=\"170\" \/><\/p>\n<h3>Weiteres Zubeh\u00f6r passend zum DaVinci<\/h3>\n<p><strong><a href=\"https:\/\/www.softub.ch\/produkt\/biohort-cleanline-sparset\/\" target=\"_blank\" rel=\"noopener\">CleanLine SPARSET:<\/a><\/strong>\u00a0Das Biohort CleanLine Sparset<\/p>\n<p><img decoding=\"async\" class=\"product-image__thumb ls-is-cached lazyloaded\" src=\"https:\/\/www.biohort.com\/img\/310\/300\/resize\/products\/99200\/sparset.png\" alt=\"CleanLine Sparset\" width=\"187\" height=\"187\" data-orig-src=\"https:\/\/www.biohort.com\/img\/310\/300\/resize\/products\/99200\/sparset.png\" data-v-4ff97e83=\"\" data-src=\"https:\/\/www.biohort.com\/img\/310\/300\/resize\/products\/99200\/sparset.png\" \/><\/p>\n<p><strong><a href=\"https:\/\/www.softub.ch\/produkt\/biohort-cleanline-konservierung\/\" target=\"_blank\" rel=\"noopener\">CleanLine Konservierung:<\/a> <\/strong>Mit dem Konservierungsmittel sch\u00fctzen Sie Ihr Biohort-Produkt vor Umwelteinfl\u00fcssen und sorgen gleichzeitig f\u00fcr einen edlen, seidenmatten Glanz.<\/p>\n<p><img decoding=\"async\" class=\"product-image__thumb ls-is-cached lazyloaded\" src=\"https:\/\/www.biohort.com\/img\/310\/300\/resize\/products\/99100\/konservierung_1.png\" alt=\"CleanLine Konservierung 750 ml Spr\u00fchflasche\" width=\"178\" height=\"178\" data-orig-src=\"https:\/\/www.biohort.com\/img\/310\/300\/resize\/products\/99100\/konservierung_1.png\" data-v-4ff97e83=\"\" data-src=\"https:\/\/www.biohort.com\/img\/310\/300\/resize\/products\/99100\/konservierung_1.png\" \/><\/p>\n<p><strong><a href=\"https:\/\/www.softub.ch\/produkt\/biohort-cleanline-universalreiniger\/\" target=\"_blank\" rel=\"noopener\">CleanLine Universalreiniger:<\/a> <\/strong>Eine hochwirksame Reinigungsmischung mit starker L\u00f6sekraft gegen Fette, \u00d6le, Nikotin, Veralgung und Verschmutzung jeder Art.<\/p>\n<p><img decoding=\"async\" class=\"product-image__thumb ls-is-cached lazyloaded\" src=\"https:\/\/www.biohort.com\/img\/310\/300\/resize\/products\/99000\/cleanline_1.png\" alt=\"CleanLine Universalreiniger 1000 ml Spr\u00fchflasche\" width=\"175\" height=\"175\" data-orig-src=\"https:\/\/www.biohort.com\/img\/310\/300\/resize\/products\/99000\/cleanline_1.png\" data-v-4ff97e83=\"\" data-src=\"https:\/\/www.biohort.com\/img\/310\/300\/resize\/products\/99000\/cleanline_1.png\" \/><\/p>\n<h3 class=\"fusion-responsive-typography-calculated\" data-fontsize=\"18\" data-lineheight=\"27px\">Zubeh\u00f6r f\u00fcr Ihr Zuhause:<\/h3>\n<p>Wir haben ein reichhaltiges Zubeh\u00f6rsortiment f\u00fcr Sie zusammengestellt, so dass Sie sich die passenden Produkte in Ruhe in unserem Onlineshop ausw\u00e4hlen k\u00f6nnen. Wenn Sie sich dar\u00fcber hinaus Ihre ganz pers\u00f6nliche Wellness-Oase schaffen wollen, so schauen Sie sich doch einfach unsere Softub <a href=\"https:\/\/softub.ch\/shop\/softub-whirlpools\/\">Whirlpools<\/a> oder <a href=\"https:\/\/softub.ch\/shop\/saunen-zubehoer\/\">Weka Saunen<\/a> an \u2013 eventuell auch in Kombination mit einem <a href=\"https:\/\/softub.ch\/shop\/unosider-bedachungen\/\">Unosider-<\/a><a href=\"https:\/\/meinschattenspender.ch\/\">Pavillon<\/a>.<\/p>\n<p>Wir beraten Sie gerne, telefonisch, in einem unserer Showrooms oder bei Ihnen Zuhause.<\/p>\n<\/div><\/div><\/div><\/div><\/div>\n","protected":false},"excerpt":{"rendered":"","protected":false},"featured_media":60743,"template":"","meta":{"_acf_changed":false},"product_brand":[],"product_cat":[6273],"product_tag":[2315,4949],"woo-feed-brand":[],"class_list":{"0":"post-62989","1":"product","2":"type-product","3":"status-publish","4":"has-post-thumbnail","6":"product_cat-parterre-sureleve-biohort","7":"product_tag-softub-fr-2","8":"product_tag-softub-suisse","9":"product_shipping_class-biohort-kostenlose-lieferung","11":"first","12":"instock","13":"sale","14":"taxable","15":"shipping-taxable","16":"purchasable","17":"product-type-variable"},"acf":[],"yoast_head":"<!-- This site is optimized with the Yoast SEO Premium plugin v27.3 (Yoast SEO v27.3) - https:\/\/yoast.com\/product\/yoast-seo-premium-wordpress\/ -->\n<title>biohort DAVINCI\u00ae - flexibles Pflanzkasten-System - Softub Schweiz<\/title>\n<meta name=\"robots\" content=\"index, follow, max-snippet:-1, max-image-preview:large, max-video-preview:-1\" \/>\n<link rel=\"canonical\" href=\"https:\/\/www.softub.ch\/fr\/produit\/biohort-davinci-flexibles-pflanzkasten-system\/\" \/>\n<meta property=\"og:locale\" content=\"fr_FR\" \/>\n<meta property=\"og:type\" content=\"article\" \/>\n<meta property=\"og:title\" content=\"biohort DAVINCI\u00ae - flexibles Pflanzkasten-System\" \/>\n<meta property=\"og:url\" content=\"https:\/\/www.softub.ch\/fr\/produit\/biohort-davinci-flexibles-pflanzkasten-system\/\" \/>\n<meta property=\"og:site_name\" content=\"Softub Schweiz\" \/>\n<meta property=\"article:publisher\" content=\"https:\/\/www.facebook.com\/softubschweiz\" \/>\n<meta property=\"article:modified_time\" content=\"2024-10-08T14:37:45+00:00\" \/>\n<meta property=\"og:image\" content=\"https:\/\/www.softub.ch\/wp-content\/uploads\/Biohort_DaVinci_dunkelgrau_Softub_Schweiz_01-scaled-e1723551117334.jpg\" \/>\n\t<meta property=\"og:image:width\" content=\"2560\" \/>\n\t<meta property=\"og:image:height\" content=\"1836\" \/>\n\t<meta property=\"og:image:type\" content=\"image\/jpeg\" \/>\n<meta name=\"twitter:card\" content=\"summary_large_image\" \/>\n<meta name=\"twitter:label1\" content=\"Dur\u00e9e de lecture estim\u00e9e\" \/>\n\t<meta name=\"twitter:data1\" content=\"7 minutes\" \/>\n<script type=\"application\/ld+json\" class=\"yoast-schema-graph\">{\"@context\":\"https:\\\/\\\/schema.org\",\"@graph\":[{\"@type\":\"WebPage\",\"@id\":\"https:\\\/\\\/www.softub.ch\\\/fr\\\/produit\\\/biohort-davinci-flexibles-pflanzkasten-system\\\/\",\"url\":\"https:\\\/\\\/www.softub.ch\\\/fr\\\/produit\\\/biohort-davinci-flexibles-pflanzkasten-system\\\/\",\"name\":\"biohort DAVINCI\u00ae - flexibles Pflanzkasten-System - Softub Schweiz\",\"isPartOf\":{\"@id\":\"https:\\\/\\\/www.softub.ch\\\/fr\\\/#website\"},\"primaryImageOfPage\":{\"@id\":\"https:\\\/\\\/www.softub.ch\\\/fr\\\/produit\\\/biohort-davinci-flexibles-pflanzkasten-system\\\/#primaryimage\"},\"image\":{\"@id\":\"https:\\\/\\\/www.softub.ch\\\/fr\\\/produit\\\/biohort-davinci-flexibles-pflanzkasten-system\\\/#primaryimage\"},\"thumbnailUrl\":\"https:\\\/\\\/www.softub.ch\\\/wp-content\\\/uploads\\\/Biohort_DaVinci_dunkelgrau_Softub_Schweiz_01-scaled-e1723551117334.jpg\",\"datePublished\":\"2024-08-12T09:35:43+00:00\",\"dateModified\":\"2024-10-08T14:37:45+00:00\",\"breadcrumb\":{\"@id\":\"https:\\\/\\\/www.softub.ch\\\/fr\\\/produit\\\/biohort-davinci-flexibles-pflanzkasten-system\\\/#breadcrumb\"},\"inLanguage\":\"fr-FR\",\"potentialAction\":[{\"@type\":\"ReadAction\",\"target\":[\"https:\\\/\\\/www.softub.ch\\\/fr\\\/produit\\\/biohort-davinci-flexibles-pflanzkasten-system\\\/\"]}]},{\"@type\":\"ImageObject\",\"inLanguage\":\"fr-FR\",\"@id\":\"https:\\\/\\\/www.softub.ch\\\/fr\\\/produit\\\/biohort-davinci-flexibles-pflanzkasten-system\\\/#primaryimage\",\"url\":\"https:\\\/\\\/www.softub.ch\\\/wp-content\\\/uploads\\\/Biohort_DaVinci_dunkelgrau_Softub_Schweiz_01-scaled-e1723551117334.jpg\",\"contentUrl\":\"https:\\\/\\\/www.softub.ch\\\/wp-content\\\/uploads\\\/Biohort_DaVinci_dunkelgrau_Softub_Schweiz_01-scaled-e1723551117334.jpg\",\"width\":2560,\"height\":1836,\"caption\":\"Das biohort DaVinci in dunkelgrau metallic auf einer grossen Terrasse mit Pool und Gartenlounge. Softub Schweiz\"},{\"@type\":\"BreadcrumbList\",\"@id\":\"https:\\\/\\\/www.softub.ch\\\/fr\\\/produit\\\/biohort-davinci-flexibles-pflanzkasten-system\\\/#breadcrumb\",\"itemListElement\":[{\"@type\":\"ListItem\",\"position\":1,\"name\":\"Startseite\",\"item\":\"https:\\\/\\\/www.softub.ch\\\/fr\\\/\"},{\"@type\":\"ListItem\",\"position\":2,\"name\":\"Shop\",\"item\":\"https:\\\/\\\/www.softub.ch\\\/fr\\\/softub-suisse-shop\\\/\"},{\"@type\":\"ListItem\",\"position\":3,\"name\":\"biohort DAVINCI\u00ae &#8211; flexibles Pflanzkasten-System\"}]},{\"@type\":\"WebSite\",\"@id\":\"https:\\\/\\\/www.softub.ch\\\/fr\\\/#website\",\"url\":\"https:\\\/\\\/www.softub.ch\\\/fr\\\/\",\"name\":\"Softub Schweiz\",\"description\":\"Softub - Wir machen Ferien Zuhause\",\"publisher\":{\"@id\":\"https:\\\/\\\/www.softub.ch\\\/fr\\\/#organization\"},\"potentialAction\":[{\"@type\":\"SearchAction\",\"target\":{\"@type\":\"EntryPoint\",\"urlTemplate\":\"https:\\\/\\\/www.softub.ch\\\/fr\\\/?s={search_term_string}\"},\"query-input\":{\"@type\":\"PropertyValueSpecification\",\"valueRequired\":true,\"valueName\":\"search_term_string\"}}],\"inLanguage\":\"fr-FR\"},{\"@type\":\"Organization\",\"@id\":\"https:\\\/\\\/www.softub.ch\\\/fr\\\/#organization\",\"name\":\"Softub Schweiz AG\",\"url\":\"https:\\\/\\\/www.softub.ch\\\/fr\\\/\",\"logo\":{\"@type\":\"ImageObject\",\"inLanguage\":\"fr-FR\",\"@id\":\"https:\\\/\\\/www.softub.ch\\\/fr\\\/#\\\/schema\\\/logo\\\/image\\\/\",\"url\":\"https:\\\/\\\/www.softub.ch\\\/wp-content\\\/uploads\\\/Softub-Logo-Softub-Schweiz-.png\",\"contentUrl\":\"https:\\\/\\\/www.softub.ch\\\/wp-content\\\/uploads\\\/Softub-Logo-Softub-Schweiz-.png\",\"width\":200,\"height\":73,\"caption\":\"Softub Schweiz AG\"},\"image\":{\"@id\":\"https:\\\/\\\/www.softub.ch\\\/fr\\\/#\\\/schema\\\/logo\\\/image\\\/\"},\"sameAs\":[\"https:\\\/\\\/www.facebook.com\\\/softubschweiz\",\"https:\\\/\\\/www.instagram.com\\\/softub_schweiz\\\/\",\"https:\\\/\\\/ch.pinterest.com\\\/softub_schweiz\\\/\",\"https:\\\/\\\/www.linkedin.com\\\/company\\\/softub-schweiz-ag\\\/\"]}]}<\/script>\n<!-- \/ Yoast SEO Premium plugin. -->","yoast_head_json":{"title":"biohort DAVINCI\u00ae - flexibles Pflanzkasten-System - Softub Schweiz","robots":{"index":"index","follow":"follow","max-snippet":"max-snippet:-1","max-image-preview":"max-image-preview:large","max-video-preview":"max-video-preview:-1"},"canonical":"https:\/\/www.softub.ch\/fr\/produit\/biohort-davinci-flexibles-pflanzkasten-system\/","og_locale":"fr_FR","og_type":"article","og_title":"biohort DAVINCI\u00ae - flexibles Pflanzkasten-System","og_url":"https:\/\/www.softub.ch\/fr\/produit\/biohort-davinci-flexibles-pflanzkasten-system\/","og_site_name":"Softub Schweiz","article_publisher":"https:\/\/www.facebook.com\/softubschweiz","article_modified_time":"2024-10-08T14:37:45+00:00","og_image":[{"width":2560,"height":1836,"url":"https:\/\/www.softub.ch\/wp-content\/uploads\/Biohort_DaVinci_dunkelgrau_Softub_Schweiz_01-scaled-e1723551117334.jpg","type":"image\/jpeg"}],"twitter_card":"summary_large_image","twitter_misc":{"Dur\u00e9e de lecture estim\u00e9e":"7 minutes"},"schema":{"@context":"https:\/\/schema.org","@graph":[{"@type":"WebPage","@id":"https:\/\/www.softub.ch\/fr\/produit\/biohort-davinci-flexibles-pflanzkasten-system\/","url":"https:\/\/www.softub.ch\/fr\/produit\/biohort-davinci-flexibles-pflanzkasten-system\/","name":"biohort DAVINCI\u00ae - flexibles Pflanzkasten-System - Softub Schweiz","isPartOf":{"@id":"https:\/\/www.softub.ch\/fr\/#website"},"primaryImageOfPage":{"@id":"https:\/\/www.softub.ch\/fr\/produit\/biohort-davinci-flexibles-pflanzkasten-system\/#primaryimage"},"image":{"@id":"https:\/\/www.softub.ch\/fr\/produit\/biohort-davinci-flexibles-pflanzkasten-system\/#primaryimage"},"thumbnailUrl":"https:\/\/www.softub.ch\/wp-content\/uploads\/Biohort_DaVinci_dunkelgrau_Softub_Schweiz_01-scaled-e1723551117334.jpg","datePublished":"2024-08-12T09:35:43+00:00","dateModified":"2024-10-08T14:37:45+00:00","breadcrumb":{"@id":"https:\/\/www.softub.ch\/fr\/produit\/biohort-davinci-flexibles-pflanzkasten-system\/#breadcrumb"},"inLanguage":"fr-FR","potentialAction":[{"@type":"ReadAction","target":["https:\/\/www.softub.ch\/fr\/produit\/biohort-davinci-flexibles-pflanzkasten-system\/"]}]},{"@type":"ImageObject","inLanguage":"fr-FR","@id":"https:\/\/www.softub.ch\/fr\/produit\/biohort-davinci-flexibles-pflanzkasten-system\/#primaryimage","url":"https:\/\/www.softub.ch\/wp-content\/uploads\/Biohort_DaVinci_dunkelgrau_Softub_Schweiz_01-scaled-e1723551117334.jpg","contentUrl":"https:\/\/www.softub.ch\/wp-content\/uploads\/Biohort_DaVinci_dunkelgrau_Softub_Schweiz_01-scaled-e1723551117334.jpg","width":2560,"height":1836,"caption":"Das biohort DaVinci in dunkelgrau metallic auf einer grossen Terrasse mit Pool und Gartenlounge. Softub Schweiz"},{"@type":"BreadcrumbList","@id":"https:\/\/www.softub.ch\/fr\/produit\/biohort-davinci-flexibles-pflanzkasten-system\/#breadcrumb","itemListElement":[{"@type":"ListItem","position":1,"name":"Startseite","item":"https:\/\/www.softub.ch\/fr\/"},{"@type":"ListItem","position":2,"name":"Shop","item":"https:\/\/www.softub.ch\/fr\/softub-suisse-shop\/"},{"@type":"ListItem","position":3,"name":"biohort DAVINCI\u00ae &#8211; flexibles Pflanzkasten-System"}]},{"@type":"WebSite","@id":"https:\/\/www.softub.ch\/fr\/#website","url":"https:\/\/www.softub.ch\/fr\/","name":"Softub Schweiz","description":"Softub - Wir machen Ferien Zuhause","publisher":{"@id":"https:\/\/www.softub.ch\/fr\/#organization"},"potentialAction":[{"@type":"SearchAction","target":{"@type":"EntryPoint","urlTemplate":"https:\/\/www.softub.ch\/fr\/?s={search_term_string}"},"query-input":{"@type":"PropertyValueSpecification","valueRequired":true,"valueName":"search_term_string"}}],"inLanguage":"fr-FR"},{"@type":"Organization","@id":"https:\/\/www.softub.ch\/fr\/#organization","name":"Softub Schweiz AG","url":"https:\/\/www.softub.ch\/fr\/","logo":{"@type":"ImageObject","inLanguage":"fr-FR","@id":"https:\/\/www.softub.ch\/fr\/#\/schema\/logo\/image\/","url":"https:\/\/www.softub.ch\/wp-content\/uploads\/Softub-Logo-Softub-Schweiz-.png","contentUrl":"https:\/\/www.softub.ch\/wp-content\/uploads\/Softub-Logo-Softub-Schweiz-.png","width":200,"height":73,"caption":"Softub Schweiz AG"},"image":{"@id":"https:\/\/www.softub.ch\/fr\/#\/schema\/logo\/image\/"},"sameAs":["https:\/\/www.facebook.com\/softubschweiz","https:\/\/www.instagram.com\/softub_schweiz\/","https:\/\/ch.pinterest.com\/softub_schweiz\/","https:\/\/www.linkedin.com\/company\/softub-schweiz-ag\/"]}]}},"_links":{"self":[{"href":"https:\/\/www.softub.ch\/fr\/wp-json\/wp\/v2\/product\/62989","targetHints":{"allow":["GET"]}}],"collection":[{"href":"https:\/\/www.softub.ch\/fr\/wp-json\/wp\/v2\/product"}],"about":[{"href":"https:\/\/www.softub.ch\/fr\/wp-json\/wp\/v2\/types\/product"}],"wp:featuredmedia":[{"embeddable":true,"href":"https:\/\/www.softub.ch\/fr\/wp-json\/wp\/v2\/media\/60743"}],"wp:attachment":[{"href":"https:\/\/www.softub.ch\/fr\/wp-json\/wp\/v2\/media?parent=62989"}],"wp:term":[{"taxonomy":"product_brand","embeddable":true,"href":"https:\/\/www.softub.ch\/fr\/wp-json\/wp\/v2\/product_brand?post=62989"},{"taxonomy":"product_cat","embeddable":true,"href":"https:\/\/www.softub.ch\/fr\/wp-json\/wp\/v2\/product_cat?post=62989"},{"taxonomy":"product_tag","embeddable":true,"href":"https:\/\/www.softub.ch\/fr\/wp-json\/wp\/v2\/product_tag?post=62989"},{"taxonomy":"woo-feed-brand","embeddable":true,"href":"https:\/\/www.softub.ch\/fr\/wp-json\/wp\/v2\/woo-feed-brand?post=62989"}],"curies":[{"name":"wp","href":"https:\/\/api.w.org\/{rel}","templated":true}]}}