{"id":63077,"date":"2021-06-01T07:28:51","date_gmt":"2021-06-01T05:28:51","guid":{"rendered":"https:\/\/www.softub.ch\/product\/biohort-geratehalter-konstruiert-zum-aufhangen-von-gartenwerkzeug\/"},"modified":"2024-10-08T16:49:49","modified_gmt":"2024-10-08T14:49:49","slug":"biohort-geratehalter-konstruiert-zum-aufhangen-von-gartenwerkzeug","status":"publish","type":"product","link":"https:\/\/www.softub.ch\/fr\/produit\/biohort-geratehalter-konstruiert-zum-aufhangen-von-gartenwerkzeug\/","title":{"rendered":"biohort Ger\u00e4tehalter &#8211; konstruiert zum Aufh\u00e4ngen von Gartenwerkzeug"},"content":{"rendered":"<div class=\"fusion-fullwidth fullwidth-box fusion-builder-row-1 fusion-flex-container nonhundred-percent-fullwidth non-hundred-percent-height-scrolling\" style=\"--awb-border-radius-top-left:0px;--awb-border-radius-top-right:0px;--awb-border-radius-bottom-right:0px;--awb-border-radius-bottom-left:0px;--awb-flex-wrap:wrap;\" ><div class=\"fusion-builder-row fusion-row fusion-flex-align-items-flex-start fusion-flex-content-wrap\" style=\"max-width:1248px;margin-left: calc(-4% \/ 2 );margin-right: calc(-4% \/ 2 );\"><div class=\"fusion-layout-column fusion_builder_column fusion-builder-column-0 fusion_builder_column_1_1 1_1 fusion-flex-column\" style=\"--awb-bg-size:cover;--awb-width-large:100%;--awb-margin-top-large:0px;--awb-spacing-right-large:1.92%;--awb-margin-bottom-large:0px;--awb-spacing-left-large:1.92%;--awb-width-medium:100%;--awb-spacing-right-medium:1.92%;--awb-spacing-left-medium:1.92%;--awb-width-small:100%;--awb-spacing-right-small:1.92%;--awb-spacing-left-small:1.92%;\"><div class=\"fusion-column-wrapper fusion-flex-justify-content-flex-start fusion-content-layout-column\"><div class=\"fusion-text fusion-text-1\"><h1><span style=\"color: #429bba;\">Der Biohort Ger\u00e4tehalter<\/span><\/h1>\n<p>Der Biohort Ger\u00e4tehalter bietet sich ideal zur Aufh\u00e4ngung von diversen Gartenutensilien wie Spaten, Rechen, Gartenschl\u00e4uchen etc.. Um die Langlebigkeit zu gew\u00e4hrleisten, sind die Biohort Ger\u00e4tehalter zus\u00e4tzlich feuerverzinkt.<\/p>\n<p>Jede Packung enth\u00e4lt 4 St\u00fcck.<\/p>\n<h3>Verwenden Sie den Ger\u00e4tehalter f\u00fcr:<\/h3>\n<ul>\n<li>Spaten<\/li>\n<li>Rechen<\/li>\n<li>Schl\u00e4uche<\/li>\n<li>Werkzeuge<\/li>\n<li>viele andere Dinge<\/li>\n<\/ul>\n<h3>Passend zu den folgenden Biohort Produkten:<\/h3>\n<ul>\n<li>Europa<\/li>\n<li>HighLine<\/li>\n<li>AvantGarde<\/li>\n<li>Panorama<\/li>\n<li>Ger\u00e4teschrank<\/li>\n<li>Ger\u00e4tehaus Neo (2 St\u00fcck Packung)<\/li>\n<\/ul>\n<p>F\u00fcr die Ger\u00e4teh\u00e4user Europa, HighLine, Avantgarde, Panorama und den Ger\u00e4teschrank sind 4 St\u00fcck in der Packung enthalten.<\/p>\n<h3>Material<\/h3>\n<p><strong>Stahlblech<\/strong><\/p>\n<p>F\u00fcr Biohort-Produkte wird ausschliesslich das beste Material verwendet. Bei den lackierten Teilen handelt es sich dabei um ein feuerverzinktes Stahlblech mit einer dicken, sch\u00fctzenden Zinkschicht von mindestens 150 g \/ m\u00b2 und einer zus\u00e4tzlichen Einbrennlackierung mit Polyamid. Dieses hochwertige Stahlblech stammt von renommierten Stahlwerken aus Deutschland und \u00d6sterreich. Die Schrauben und Beschl\u00e4ge sind aus rostfreiem Edelstahl gefertigt.<\/p>\n<h3 class=\"fusion-responsive-typography-calculated\" data-fontsize=\"18\" data-lineheight=\"27px\">Zubeh\u00f6r f\u00fcr Ihr Zuhause:<\/h3>\n<p>Wir haben ein reichhaltiges Zubeh\u00f6rsortiment f\u00fcr Sie zusammengestellt, so dass Sie sich die passenden Produkte in Ruhe in unserem Onlineshop ausw\u00e4hlen k\u00f6nnen. Wenn Sie sich dar\u00fcber hinaus Ihre ganz pers\u00f6nliche\u00a0<a href=\"https:\/\/softub.ch\/shop\/softub-whirlpools\/\">Wellness-Oase<\/a>\u00a0schaffen wollen, so schauen Sie sich doch einfach unsere\u00a0<a href=\"https:\/\/softub.ch\/shop\/softub-whirlpools\/\">Softub Whirlpools<\/a>\u00a0an \u2013 eventuell auch in Kombination mit einem\u00a0<a href=\"https:\/\/meinschattenspender.ch\/\">Unosider-Pavillon.\u00a0<\/a><\/p>\n<p>Wir beraten Sie gerne, telefonisch, in einem unserer Showrooms oder bei Ihnen Zuhause.<\/p>\n<\/div><\/div><\/div><\/div><\/div>\n","protected":false},"excerpt":{"rendered":"","protected":false},"featured_media":31665,"template":"","meta":{"_acf_changed":false},"product_brand":[],"product_cat":[6275],"product_tag":[8587,4949],"woo-feed-brand":[],"class_list":{"0":"post-63077","1":"product","2":"type-product","3":"status-publish","4":"has-post-thumbnail","6":"product_cat-accessoires-et-pieces-detachees-biohort","7":"product_tag-biohort-fr","8":"product_tag-softub-suisse","9":"product_shipping_class-biohort-kostenlose-lieferung","11":"first","12":"instock","13":"sale","14":"taxable","15":"shipping-taxable","16":"purchasable","17":"product-type-variable"},"acf":[],"yoast_head":"<!-- This site is optimized with the Yoast SEO Premium plugin v27.4 (Yoast SEO v27.4) - https:\/\/yoast.com\/product\/yoast-seo-premium-wordpress\/ -->\n<title>biohort Ger\u00e4tehalter - konstruiert zum Aufh\u00e4ngen von Gartenwerkzeug - Softub Schweiz<\/title>\n<meta name=\"robots\" content=\"index, follow, max-snippet:-1, max-image-preview:large, max-video-preview:-1\" \/>\n<link rel=\"canonical\" href=\"https:\/\/www.softub.ch\/fr\/produit\/biohort-geratehalter-konstruiert-zum-aufhangen-von-gartenwerkzeug\/\" \/>\n<meta property=\"og:locale\" content=\"fr_FR\" \/>\n<meta property=\"og:type\" content=\"article\" \/>\n<meta property=\"og:title\" content=\"biohort Ger\u00e4tehalter - konstruiert zum Aufh\u00e4ngen von Gartenwerkzeug\" \/>\n<meta property=\"og:url\" content=\"https:\/\/www.softub.ch\/fr\/produit\/biohort-geratehalter-konstruiert-zum-aufhangen-von-gartenwerkzeug\/\" \/>\n<meta property=\"og:site_name\" content=\"Softub Schweiz\" \/>\n<meta property=\"article:publisher\" content=\"https:\/\/www.facebook.com\/softubschweiz\" \/>\n<meta property=\"article:modified_time\" content=\"2024-10-08T14:49:49+00:00\" \/>\n<meta property=\"og:image\" content=\"https:\/\/www.softub.ch\/wp-content\/uploads\/Biohort-Geraetehalter-Softub-Schweiz-0.jpg\" \/>\n\t<meta property=\"og:image:width\" content=\"1181\" \/>\n\t<meta property=\"og:image:height\" content=\"944\" \/>\n\t<meta property=\"og:image:type\" content=\"image\/jpeg\" \/>\n<meta name=\"twitter:card\" content=\"summary_large_image\" \/>\n<meta name=\"twitter:label1\" content=\"Dur\u00e9e de lecture estim\u00e9e\" \/>\n\t<meta name=\"twitter:data1\" content=\"2 minutes\" \/>\n<script type=\"application\/ld+json\" class=\"yoast-schema-graph\">{\"@context\":\"https:\\\/\\\/schema.org\",\"@graph\":[{\"@type\":\"WebPage\",\"@id\":\"https:\\\/\\\/www.softub.ch\\\/fr\\\/produit\\\/biohort-geratehalter-konstruiert-zum-aufhangen-von-gartenwerkzeug\\\/\",\"url\":\"https:\\\/\\\/www.softub.ch\\\/fr\\\/produit\\\/biohort-geratehalter-konstruiert-zum-aufhangen-von-gartenwerkzeug\\\/\",\"name\":\"biohort Ger\u00e4tehalter - konstruiert zum Aufh\u00e4ngen von Gartenwerkzeug - Softub Schweiz\",\"isPartOf\":{\"@id\":\"https:\\\/\\\/www.softub.ch\\\/fr\\\/#website\"},\"primaryImageOfPage\":{\"@id\":\"https:\\\/\\\/www.softub.ch\\\/fr\\\/produit\\\/biohort-geratehalter-konstruiert-zum-aufhangen-von-gartenwerkzeug\\\/#primaryimage\"},\"image\":{\"@id\":\"https:\\\/\\\/www.softub.ch\\\/fr\\\/produit\\\/biohort-geratehalter-konstruiert-zum-aufhangen-von-gartenwerkzeug\\\/#primaryimage\"},\"thumbnailUrl\":\"https:\\\/\\\/www.softub.ch\\\/wp-content\\\/uploads\\\/Biohort-Geraetehalter-Softub-Schweiz-0-e1738593165219.jpg\",\"datePublished\":\"2021-06-01T05:28:51+00:00\",\"dateModified\":\"2024-10-08T14:49:49+00:00\",\"breadcrumb\":{\"@id\":\"https:\\\/\\\/www.softub.ch\\\/fr\\\/produit\\\/biohort-geratehalter-konstruiert-zum-aufhangen-von-gartenwerkzeug\\\/#breadcrumb\"},\"inLanguage\":\"fr-FR\",\"potentialAction\":[{\"@type\":\"ReadAction\",\"target\":[\"https:\\\/\\\/www.softub.ch\\\/fr\\\/produit\\\/biohort-geratehalter-konstruiert-zum-aufhangen-von-gartenwerkzeug\\\/\"]}]},{\"@type\":\"ImageObject\",\"inLanguage\":\"fr-FR\",\"@id\":\"https:\\\/\\\/www.softub.ch\\\/fr\\\/produit\\\/biohort-geratehalter-konstruiert-zum-aufhangen-von-gartenwerkzeug\\\/#primaryimage\",\"url\":\"https:\\\/\\\/www.softub.ch\\\/wp-content\\\/uploads\\\/Biohort-Geraetehalter-Softub-Schweiz-0-e1738593165219.jpg\",\"contentUrl\":\"https:\\\/\\\/www.softub.ch\\\/wp-content\\\/uploads\\\/Biohort-Geraetehalter-Softub-Schweiz-0-e1738593165219.jpg\",\"width\":1181,\"height\":944,\"caption\":\"Biohort Ger\u00e4tehalter in silber befestigt an einer silber Metallwand\"},{\"@type\":\"BreadcrumbList\",\"@id\":\"https:\\\/\\\/www.softub.ch\\\/fr\\\/produit\\\/biohort-geratehalter-konstruiert-zum-aufhangen-von-gartenwerkzeug\\\/#breadcrumb\",\"itemListElement\":[{\"@type\":\"ListItem\",\"position\":1,\"name\":\"Startseite\",\"item\":\"https:\\\/\\\/www.softub.ch\\\/fr\\\/\"},{\"@type\":\"ListItem\",\"position\":2,\"name\":\"Shop\",\"item\":\"https:\\\/\\\/www.softub.ch\\\/fr\\\/softub-suisse-shop\\\/\"},{\"@type\":\"ListItem\",\"position\":3,\"name\":\"biohort Ger\u00e4tehalter &#8211; konstruiert zum Aufh\u00e4ngen von Gartenwerkzeug\"}]},{\"@type\":\"WebSite\",\"@id\":\"https:\\\/\\\/www.softub.ch\\\/fr\\\/#website\",\"url\":\"https:\\\/\\\/www.softub.ch\\\/fr\\\/\",\"name\":\"Softub Schweiz\",\"description\":\"Softub - Wir machen Ferien Zuhause\",\"publisher\":{\"@id\":\"https:\\\/\\\/www.softub.ch\\\/fr\\\/#organization\"},\"potentialAction\":[{\"@type\":\"SearchAction\",\"target\":{\"@type\":\"EntryPoint\",\"urlTemplate\":\"https:\\\/\\\/www.softub.ch\\\/fr\\\/?s={search_term_string}\"},\"query-input\":{\"@type\":\"PropertyValueSpecification\",\"valueRequired\":true,\"valueName\":\"search_term_string\"}}],\"inLanguage\":\"fr-FR\"},{\"@type\":\"Organization\",\"@id\":\"https:\\\/\\\/www.softub.ch\\\/fr\\\/#organization\",\"name\":\"Softub Schweiz AG\",\"url\":\"https:\\\/\\\/www.softub.ch\\\/fr\\\/\",\"logo\":{\"@type\":\"ImageObject\",\"inLanguage\":\"fr-FR\",\"@id\":\"https:\\\/\\\/www.softub.ch\\\/fr\\\/#\\\/schema\\\/logo\\\/image\\\/\",\"url\":\"https:\\\/\\\/www.softub.ch\\\/wp-content\\\/uploads\\\/Softub-Logo-Softub-Schweiz-.png\",\"contentUrl\":\"https:\\\/\\\/www.softub.ch\\\/wp-content\\\/uploads\\\/Softub-Logo-Softub-Schweiz-.png\",\"width\":200,\"height\":73,\"caption\":\"Softub Schweiz AG\"},\"image\":{\"@id\":\"https:\\\/\\\/www.softub.ch\\\/fr\\\/#\\\/schema\\\/logo\\\/image\\\/\"},\"sameAs\":[\"https:\\\/\\\/www.facebook.com\\\/softubschweiz\",\"https:\\\/\\\/www.instagram.com\\\/softub_schweiz\\\/\",\"https:\\\/\\\/ch.pinterest.com\\\/softub_schweiz\\\/\",\"https:\\\/\\\/www.linkedin.com\\\/company\\\/softub-schweiz-ag\\\/\"]}]}<\/script>\n<!-- \/ Yoast SEO Premium plugin. -->","yoast_head_json":{"title":"biohort Ger\u00e4tehalter - konstruiert zum Aufh\u00e4ngen von Gartenwerkzeug - Softub Schweiz","robots":{"index":"index","follow":"follow","max-snippet":"max-snippet:-1","max-image-preview":"max-image-preview:large","max-video-preview":"max-video-preview:-1"},"canonical":"https:\/\/www.softub.ch\/fr\/produit\/biohort-geratehalter-konstruiert-zum-aufhangen-von-gartenwerkzeug\/","og_locale":"fr_FR","og_type":"article","og_title":"biohort Ger\u00e4tehalter - konstruiert zum Aufh\u00e4ngen von Gartenwerkzeug","og_url":"https:\/\/www.softub.ch\/fr\/produit\/biohort-geratehalter-konstruiert-zum-aufhangen-von-gartenwerkzeug\/","og_site_name":"Softub Schweiz","article_publisher":"https:\/\/www.facebook.com\/softubschweiz","article_modified_time":"2024-10-08T14:49:49+00:00","og_image":[{"width":1181,"height":944,"url":"https:\/\/www.softub.ch\/wp-content\/uploads\/Biohort-Geraetehalter-Softub-Schweiz-0.jpg","type":"image\/jpeg"}],"twitter_card":"summary_large_image","twitter_misc":{"Dur\u00e9e de lecture estim\u00e9e":"2 minutes"},"schema":{"@context":"https:\/\/schema.org","@graph":[{"@type":"WebPage","@id":"https:\/\/www.softub.ch\/fr\/produit\/biohort-geratehalter-konstruiert-zum-aufhangen-von-gartenwerkzeug\/","url":"https:\/\/www.softub.ch\/fr\/produit\/biohort-geratehalter-konstruiert-zum-aufhangen-von-gartenwerkzeug\/","name":"biohort Ger\u00e4tehalter - konstruiert zum Aufh\u00e4ngen von Gartenwerkzeug - Softub Schweiz","isPartOf":{"@id":"https:\/\/www.softub.ch\/fr\/#website"},"primaryImageOfPage":{"@id":"https:\/\/www.softub.ch\/fr\/produit\/biohort-geratehalter-konstruiert-zum-aufhangen-von-gartenwerkzeug\/#primaryimage"},"image":{"@id":"https:\/\/www.softub.ch\/fr\/produit\/biohort-geratehalter-konstruiert-zum-aufhangen-von-gartenwerkzeug\/#primaryimage"},"thumbnailUrl":"https:\/\/www.softub.ch\/wp-content\/uploads\/Biohort-Geraetehalter-Softub-Schweiz-0-e1738593165219.jpg","datePublished":"2021-06-01T05:28:51+00:00","dateModified":"2024-10-08T14:49:49+00:00","breadcrumb":{"@id":"https:\/\/www.softub.ch\/fr\/produit\/biohort-geratehalter-konstruiert-zum-aufhangen-von-gartenwerkzeug\/#breadcrumb"},"inLanguage":"fr-FR","potentialAction":[{"@type":"ReadAction","target":["https:\/\/www.softub.ch\/fr\/produit\/biohort-geratehalter-konstruiert-zum-aufhangen-von-gartenwerkzeug\/"]}]},{"@type":"ImageObject","inLanguage":"fr-FR","@id":"https:\/\/www.softub.ch\/fr\/produit\/biohort-geratehalter-konstruiert-zum-aufhangen-von-gartenwerkzeug\/#primaryimage","url":"https:\/\/www.softub.ch\/wp-content\/uploads\/Biohort-Geraetehalter-Softub-Schweiz-0-e1738593165219.jpg","contentUrl":"https:\/\/www.softub.ch\/wp-content\/uploads\/Biohort-Geraetehalter-Softub-Schweiz-0-e1738593165219.jpg","width":1181,"height":944,"caption":"Biohort Ger\u00e4tehalter in silber befestigt an einer silber Metallwand"},{"@type":"BreadcrumbList","@id":"https:\/\/www.softub.ch\/fr\/produit\/biohort-geratehalter-konstruiert-zum-aufhangen-von-gartenwerkzeug\/#breadcrumb","itemListElement":[{"@type":"ListItem","position":1,"name":"Startseite","item":"https:\/\/www.softub.ch\/fr\/"},{"@type":"ListItem","position":2,"name":"Shop","item":"https:\/\/www.softub.ch\/fr\/softub-suisse-shop\/"},{"@type":"ListItem","position":3,"name":"biohort Ger\u00e4tehalter &#8211; konstruiert zum Aufh\u00e4ngen von Gartenwerkzeug"}]},{"@type":"WebSite","@id":"https:\/\/www.softub.ch\/fr\/#website","url":"https:\/\/www.softub.ch\/fr\/","name":"Softub Schweiz","description":"Softub - Wir machen Ferien Zuhause","publisher":{"@id":"https:\/\/www.softub.ch\/fr\/#organization"},"potentialAction":[{"@type":"SearchAction","target":{"@type":"EntryPoint","urlTemplate":"https:\/\/www.softub.ch\/fr\/?s={search_term_string}"},"query-input":{"@type":"PropertyValueSpecification","valueRequired":true,"valueName":"search_term_string"}}],"inLanguage":"fr-FR"},{"@type":"Organization","@id":"https:\/\/www.softub.ch\/fr\/#organization","name":"Softub Schweiz AG","url":"https:\/\/www.softub.ch\/fr\/","logo":{"@type":"ImageObject","inLanguage":"fr-FR","@id":"https:\/\/www.softub.ch\/fr\/#\/schema\/logo\/image\/","url":"https:\/\/www.softub.ch\/wp-content\/uploads\/Softub-Logo-Softub-Schweiz-.png","contentUrl":"https:\/\/www.softub.ch\/wp-content\/uploads\/Softub-Logo-Softub-Schweiz-.png","width":200,"height":73,"caption":"Softub Schweiz AG"},"image":{"@id":"https:\/\/www.softub.ch\/fr\/#\/schema\/logo\/image\/"},"sameAs":["https:\/\/www.facebook.com\/softubschweiz","https:\/\/www.instagram.com\/softub_schweiz\/","https:\/\/ch.pinterest.com\/softub_schweiz\/","https:\/\/www.linkedin.com\/company\/softub-schweiz-ag\/"]}]}},"_links":{"self":[{"href":"https:\/\/www.softub.ch\/fr\/wp-json\/wp\/v2\/product\/63077","targetHints":{"allow":["GET"]}}],"collection":[{"href":"https:\/\/www.softub.ch\/fr\/wp-json\/wp\/v2\/product"}],"about":[{"href":"https:\/\/www.softub.ch\/fr\/wp-json\/wp\/v2\/types\/product"}],"wp:featuredmedia":[{"embeddable":true,"href":"https:\/\/www.softub.ch\/fr\/wp-json\/wp\/v2\/media\/31665"}],"wp:attachment":[{"href":"https:\/\/www.softub.ch\/fr\/wp-json\/wp\/v2\/media?parent=63077"}],"wp:term":[{"taxonomy":"product_brand","embeddable":true,"href":"https:\/\/www.softub.ch\/fr\/wp-json\/wp\/v2\/product_brand?post=63077"},{"taxonomy":"product_cat","embeddable":true,"href":"https:\/\/www.softub.ch\/fr\/wp-json\/wp\/v2\/product_cat?post=63077"},{"taxonomy":"product_tag","embeddable":true,"href":"https:\/\/www.softub.ch\/fr\/wp-json\/wp\/v2\/product_tag?post=63077"},{"taxonomy":"woo-feed-brand","embeddable":true,"href":"https:\/\/www.softub.ch\/fr\/wp-json\/wp\/v2\/woo-feed-brand?post=63077"}],"curies":[{"name":"wp","href":"https:\/\/api.w.org\/{rel}","templated":true}]}}