{"id":63519,"date":"2021-06-18T11:36:34","date_gmt":"2021-06-18T09:36:34","guid":{"rendered":"https:\/\/www.softub.ch\/product\/casanova-aluminium-dreh-kippfenster-fenster-mit-isolierglas\/"},"modified":"2024-10-10T10:29:09","modified_gmt":"2024-10-10T08:29:09","slug":"casanova-aluminium-dreh-kippfenster-fenster-mit-isolierglas","status":"publish","type":"product","link":"https:\/\/www.softub.ch\/fr\/produit\/casanova-aluminium-dreh-kippfenster-fenster-mit-isolierglas\/","title":{"rendered":"CASANOVA Aluminium Dreh Kippfenster &#8211; Fenster mit Isolierglas"},"content":{"rendered":"<div class=\"fusion-fullwidth fullwidth-box fusion-builder-row-1 fusion-flex-container nonhundred-percent-fullwidth non-hundred-percent-height-scrolling\" style=\"--awb-border-radius-top-left:0px;--awb-border-radius-top-right:0px;--awb-border-radius-bottom-right:0px;--awb-border-radius-bottom-left:0px;--awb-flex-wrap:wrap;\" ><div class=\"fusion-builder-row fusion-row fusion-flex-align-items-flex-start fusion-flex-content-wrap\" style=\"max-width:1248px;margin-left: calc(-4% \/ 2 );margin-right: calc(-4% \/ 2 );\"><div class=\"fusion-layout-column fusion_builder_column fusion-builder-column-0 fusion_builder_column_1_1 1_1 fusion-flex-column\" style=\"--awb-bg-size:cover;--awb-width-large:100%;--awb-margin-top-large:0px;--awb-spacing-right-large:1.92%;--awb-margin-bottom-large:0px;--awb-spacing-left-large:1.92%;--awb-width-medium:100%;--awb-spacing-right-medium:1.92%;--awb-spacing-left-medium:1.92%;--awb-width-small:100%;--awb-spacing-right-small:1.92%;--awb-spacing-left-small:1.92%;\"><div class=\"fusion-column-wrapper fusion-flex-justify-content-flex-start fusion-content-layout-column\"><div class=\"fusion-text fusion-text-1\"><h1><span style=\"color: #429bba;\">Biohort Aluminium Dreh Kippfenster<\/span><\/h1>\n<p>Das hochwertige Biohort Aluminium Dreh Kippfenster mit Isolierglas bringt noch zus\u00e4tzliches Tageslicht ins <a href=\"https:\/\/www.softub.ch\/produkt\/biohort-nebengebaeude-casanova\/\" target=\"_blank\" rel=\"noopener\">Design-Nebengeb\u00e4ude<\/a> (Rahmenmass 83 x 65 cm, Einbauh\u00f6he auf 119 cm Unterkannte Aussenrahmen). Der Fensteranschlag kann frei gew\u00e4hlt werden. Da die Seitenwandpaneele bereits von Biohort f\u00fcr das Fenster ausgeschnitten werden, ist ein nachtr\u00e4glicher Einbau des Fensters nicht m\u00f6glich.<\/p>\n<h3>Artikeldetails:<\/h3>\n<ul>\n<li>Ausf\u00fchrung: Einzelfenster<\/li>\n<li>Material: Metall<\/li>\n<li>Grundfarbe: Silber<\/li>\n<li>Aufstellmasse B x T ohne Dach\u00fcberstand: 83 x 65 cm<\/li>\n<li>Oberfl\u00e4chenbehandlung: Verzinkt<\/li>\n<\/ul>\n<div id=\"overview\" class=\"tab-holder\">\n<div class=\"tab-wrapper\">\n<div class=\"tab-content overview\">\n<div class=\"api-content\">\n<div id=\"c14335\" class=\"ecx-cframe ecx-layout0 ecx-imagepos-2 \">\n<div class=\"ecx-ctype ecx-ctype-textmedia\">\n<div class=\"ce-textpic ce-left ce-above\">\n<h3 class=\"ce-bodytext fusion-responsive-typography-calculated\" data-fontsize=\"18\" data-lineheight=\"27px\">Zubeh\u00f6r f\u00fcr Ihr Zuhause:<\/h3>\n<\/div>\n<\/div>\n<\/div>\n<\/div>\n<\/div>\n<\/div>\n<\/div>\n<div id=\"colors-and-sizes\" class=\"tab-holder\">\n<div class=\"tab-wrapper\">\n<div class=\"tab-content colors-and-sizes\">\n<div class=\"api-content\">\n<div id=\"c8205\" class=\"ecx-cframe ecx-layout0 ecx-imagepos-17 \">\n<div class=\"ecx-ctype ecx-ctype-textmedia\">\n<div class=\"ce-textpic ce-right ce-intext\">\n<div class=\"ce-bodytext\">\n<p>Wir haben ein reichhaltiges Zubeh\u00f6rsortiment f\u00fcr Sie zusammengestellt, so dass Sie sich die passenden Produkte in Ruhe in unserem Onlineshop ausw\u00e4hlen k\u00f6nnen. Wenn Sie sich dar\u00fcber hinaus Ihre ganz pers\u00f6nliche Wellness-Oase schaffen wollen, so schauen Sie sich doch einfach unsere Softub\u00a0<a href=\"https:\/\/softub.ch\/simply-relaxing\/softub-whirlpools\/\">Whirlpools<\/a>\u00a0oder Weka Saunen an \u2013 eventuell auch in Kombination mit einem\u00a0<a href=\"https:\/\/meinschattenspender.ch\/\">Unosider-<\/a><a href=\"https:\/\/meinschattenspender.ch\/\">Pavillon<\/a>.<\/p>\n<p>Wir beraten Sie gerne, telefonisch, in einem unserer Showrooms oder bei Ihnen Zuhause.<\/p>\n<\/div>\n<\/div>\n<\/div>\n<\/div>\n<\/div>\n<\/div>\n<\/div>\n<\/div>\n<\/div><\/div><\/div><\/div><\/div>\n","protected":false},"excerpt":{"rendered":"","protected":false},"featured_media":32863,"template":"","meta":{"_acf_changed":false},"product_brand":[],"product_cat":[6275],"product_tag":[8587,8658,2315,4949,270],"woo-feed-brand":[],"class_list":{"0":"post-63519","1":"product","2":"type-product","3":"status-publish","4":"has-post-thumbnail","6":"product_cat-accessoires-et-pieces-detachees-biohort","7":"product_tag-biohort-fr","8":"product_tag-casanova-fr","9":"product_tag-softub-fr-2","10":"product_tag-softub-suisse","11":"product_tag-wellness-fr","12":"product_shipping_class-biohort-kostenlose-lieferung","14":"first","15":"instock","16":"sale","17":"taxable","18":"shipping-taxable","19":"purchasable","20":"product-type-variable"},"acf":[],"yoast_head":"<!-- This site is optimized with the Yoast SEO Premium plugin v27.4 (Yoast SEO v27.4) - https:\/\/yoast.com\/product\/yoast-seo-premium-wordpress\/ -->\n<title>CASANOVA Aluminium Dreh Kippfenster - Fenster mit Isolierglas - Softub Schweiz<\/title>\n<meta name=\"robots\" content=\"index, follow, max-snippet:-1, max-image-preview:large, max-video-preview:-1\" \/>\n<link rel=\"canonical\" href=\"https:\/\/www.softub.ch\/fr\/produit\/casanova-aluminium-dreh-kippfenster-fenster-mit-isolierglas\/\" \/>\n<meta property=\"og:locale\" content=\"fr_FR\" \/>\n<meta property=\"og:type\" content=\"article\" \/>\n<meta property=\"og:title\" content=\"CASANOVA Aluminium Dreh Kippfenster - Fenster mit Isolierglas\" \/>\n<meta property=\"og:url\" content=\"https:\/\/www.softub.ch\/fr\/produit\/casanova-aluminium-dreh-kippfenster-fenster-mit-isolierglas\/\" \/>\n<meta property=\"og:site_name\" content=\"Softub Schweiz\" \/>\n<meta property=\"article:publisher\" content=\"https:\/\/www.facebook.com\/softubschweiz\" \/>\n<meta property=\"article:modified_time\" content=\"2024-10-10T08:29:09+00:00\" \/>\n<meta property=\"og:image\" content=\"https:\/\/www.softub.ch\/wp-content\/uploads\/Biohort-Aluminium-Dreh-Kippfenster-Softub-Schweiz.jpg\" \/>\n\t<meta property=\"og:image:width\" content=\"500\" \/>\n\t<meta property=\"og:image:height\" content=\"400\" \/>\n\t<meta property=\"og:image:type\" content=\"image\/jpeg\" \/>\n<meta name=\"twitter:card\" content=\"summary_large_image\" \/>\n<meta name=\"twitter:label1\" content=\"Dur\u00e9e de lecture estim\u00e9e\" \/>\n\t<meta name=\"twitter:data1\" content=\"2 minutes\" \/>\n<script type=\"application\/ld+json\" class=\"yoast-schema-graph\">{\"@context\":\"https:\\\/\\\/schema.org\",\"@graph\":[{\"@type\":\"WebPage\",\"@id\":\"https:\\\/\\\/www.softub.ch\\\/fr\\\/produit\\\/casanova-aluminium-dreh-kippfenster-fenster-mit-isolierglas\\\/\",\"url\":\"https:\\\/\\\/www.softub.ch\\\/fr\\\/produit\\\/casanova-aluminium-dreh-kippfenster-fenster-mit-isolierglas\\\/\",\"name\":\"CASANOVA Aluminium Dreh Kippfenster - Fenster mit Isolierglas - Softub Schweiz\",\"isPartOf\":{\"@id\":\"https:\\\/\\\/www.softub.ch\\\/fr\\\/#website\"},\"primaryImageOfPage\":{\"@id\":\"https:\\\/\\\/www.softub.ch\\\/fr\\\/produit\\\/casanova-aluminium-dreh-kippfenster-fenster-mit-isolierglas\\\/#primaryimage\"},\"image\":{\"@id\":\"https:\\\/\\\/www.softub.ch\\\/fr\\\/produit\\\/casanova-aluminium-dreh-kippfenster-fenster-mit-isolierglas\\\/#primaryimage\"},\"thumbnailUrl\":\"https:\\\/\\\/www.softub.ch\\\/wp-content\\\/uploads\\\/Biohort-Aluminium-Dreh-Kippfenster-Softub-Schweiz.jpg\",\"datePublished\":\"2021-06-18T09:36:34+00:00\",\"dateModified\":\"2024-10-10T08:29:09+00:00\",\"breadcrumb\":{\"@id\":\"https:\\\/\\\/www.softub.ch\\\/fr\\\/produit\\\/casanova-aluminium-dreh-kippfenster-fenster-mit-isolierglas\\\/#breadcrumb\"},\"inLanguage\":\"fr-FR\",\"potentialAction\":[{\"@type\":\"ReadAction\",\"target\":[\"https:\\\/\\\/www.softub.ch\\\/fr\\\/produit\\\/casanova-aluminium-dreh-kippfenster-fenster-mit-isolierglas\\\/\"]}]},{\"@type\":\"ImageObject\",\"inLanguage\":\"fr-FR\",\"@id\":\"https:\\\/\\\/www.softub.ch\\\/fr\\\/produit\\\/casanova-aluminium-dreh-kippfenster-fenster-mit-isolierglas\\\/#primaryimage\",\"url\":\"https:\\\/\\\/www.softub.ch\\\/wp-content\\\/uploads\\\/Biohort-Aluminium-Dreh-Kippfenster-Softub-Schweiz.jpg\",\"contentUrl\":\"https:\\\/\\\/www.softub.ch\\\/wp-content\\\/uploads\\\/Biohort-Aluminium-Dreh-Kippfenster-Softub-Schweiz.jpg\",\"width\":500,\"height\":400,\"caption\":\"dunkelgraues Gartenhaus mit einem Dreh Kippfenster eingebaut.\"},{\"@type\":\"BreadcrumbList\",\"@id\":\"https:\\\/\\\/www.softub.ch\\\/fr\\\/produit\\\/casanova-aluminium-dreh-kippfenster-fenster-mit-isolierglas\\\/#breadcrumb\",\"itemListElement\":[{\"@type\":\"ListItem\",\"position\":1,\"name\":\"Startseite\",\"item\":\"https:\\\/\\\/www.softub.ch\\\/fr\\\/\"},{\"@type\":\"ListItem\",\"position\":2,\"name\":\"Shop\",\"item\":\"https:\\\/\\\/www.softub.ch\\\/fr\\\/softub-suisse-shop\\\/\"},{\"@type\":\"ListItem\",\"position\":3,\"name\":\"CASANOVA Aluminium Dreh Kippfenster &#8211; Fenster mit Isolierglas\"}]},{\"@type\":\"WebSite\",\"@id\":\"https:\\\/\\\/www.softub.ch\\\/fr\\\/#website\",\"url\":\"https:\\\/\\\/www.softub.ch\\\/fr\\\/\",\"name\":\"Softub Schweiz\",\"description\":\"Softub - Wir machen Ferien Zuhause\",\"publisher\":{\"@id\":\"https:\\\/\\\/www.softub.ch\\\/fr\\\/#organization\"},\"potentialAction\":[{\"@type\":\"SearchAction\",\"target\":{\"@type\":\"EntryPoint\",\"urlTemplate\":\"https:\\\/\\\/www.softub.ch\\\/fr\\\/?s={search_term_string}\"},\"query-input\":{\"@type\":\"PropertyValueSpecification\",\"valueRequired\":true,\"valueName\":\"search_term_string\"}}],\"inLanguage\":\"fr-FR\"},{\"@type\":\"Organization\",\"@id\":\"https:\\\/\\\/www.softub.ch\\\/fr\\\/#organization\",\"name\":\"Softub Schweiz AG\",\"url\":\"https:\\\/\\\/www.softub.ch\\\/fr\\\/\",\"logo\":{\"@type\":\"ImageObject\",\"inLanguage\":\"fr-FR\",\"@id\":\"https:\\\/\\\/www.softub.ch\\\/fr\\\/#\\\/schema\\\/logo\\\/image\\\/\",\"url\":\"https:\\\/\\\/www.softub.ch\\\/wp-content\\\/uploads\\\/Softub-Logo-Softub-Schweiz-.png\",\"contentUrl\":\"https:\\\/\\\/www.softub.ch\\\/wp-content\\\/uploads\\\/Softub-Logo-Softub-Schweiz-.png\",\"width\":200,\"height\":73,\"caption\":\"Softub Schweiz AG\"},\"image\":{\"@id\":\"https:\\\/\\\/www.softub.ch\\\/fr\\\/#\\\/schema\\\/logo\\\/image\\\/\"},\"sameAs\":[\"https:\\\/\\\/www.facebook.com\\\/softubschweiz\",\"https:\\\/\\\/www.instagram.com\\\/softub_schweiz\\\/\",\"https:\\\/\\\/ch.pinterest.com\\\/softub_schweiz\\\/\",\"https:\\\/\\\/www.linkedin.com\\\/company\\\/softub-schweiz-ag\\\/\"]}]}<\/script>\n<!-- \/ Yoast SEO Premium plugin. -->","yoast_head_json":{"title":"CASANOVA Aluminium Dreh Kippfenster - Fenster mit Isolierglas - Softub Schweiz","robots":{"index":"index","follow":"follow","max-snippet":"max-snippet:-1","max-image-preview":"max-image-preview:large","max-video-preview":"max-video-preview:-1"},"canonical":"https:\/\/www.softub.ch\/fr\/produit\/casanova-aluminium-dreh-kippfenster-fenster-mit-isolierglas\/","og_locale":"fr_FR","og_type":"article","og_title":"CASANOVA Aluminium Dreh Kippfenster - Fenster mit Isolierglas","og_url":"https:\/\/www.softub.ch\/fr\/produit\/casanova-aluminium-dreh-kippfenster-fenster-mit-isolierglas\/","og_site_name":"Softub Schweiz","article_publisher":"https:\/\/www.facebook.com\/softubschweiz","article_modified_time":"2024-10-10T08:29:09+00:00","og_image":[{"width":500,"height":400,"url":"https:\/\/www.softub.ch\/wp-content\/uploads\/Biohort-Aluminium-Dreh-Kippfenster-Softub-Schweiz.jpg","type":"image\/jpeg"}],"twitter_card":"summary_large_image","twitter_misc":{"Dur\u00e9e de lecture estim\u00e9e":"2 minutes"},"schema":{"@context":"https:\/\/schema.org","@graph":[{"@type":"WebPage","@id":"https:\/\/www.softub.ch\/fr\/produit\/casanova-aluminium-dreh-kippfenster-fenster-mit-isolierglas\/","url":"https:\/\/www.softub.ch\/fr\/produit\/casanova-aluminium-dreh-kippfenster-fenster-mit-isolierglas\/","name":"CASANOVA Aluminium Dreh Kippfenster - Fenster mit Isolierglas - Softub Schweiz","isPartOf":{"@id":"https:\/\/www.softub.ch\/fr\/#website"},"primaryImageOfPage":{"@id":"https:\/\/www.softub.ch\/fr\/produit\/casanova-aluminium-dreh-kippfenster-fenster-mit-isolierglas\/#primaryimage"},"image":{"@id":"https:\/\/www.softub.ch\/fr\/produit\/casanova-aluminium-dreh-kippfenster-fenster-mit-isolierglas\/#primaryimage"},"thumbnailUrl":"https:\/\/www.softub.ch\/wp-content\/uploads\/Biohort-Aluminium-Dreh-Kippfenster-Softub-Schweiz.jpg","datePublished":"2021-06-18T09:36:34+00:00","dateModified":"2024-10-10T08:29:09+00:00","breadcrumb":{"@id":"https:\/\/www.softub.ch\/fr\/produit\/casanova-aluminium-dreh-kippfenster-fenster-mit-isolierglas\/#breadcrumb"},"inLanguage":"fr-FR","potentialAction":[{"@type":"ReadAction","target":["https:\/\/www.softub.ch\/fr\/produit\/casanova-aluminium-dreh-kippfenster-fenster-mit-isolierglas\/"]}]},{"@type":"ImageObject","inLanguage":"fr-FR","@id":"https:\/\/www.softub.ch\/fr\/produit\/casanova-aluminium-dreh-kippfenster-fenster-mit-isolierglas\/#primaryimage","url":"https:\/\/www.softub.ch\/wp-content\/uploads\/Biohort-Aluminium-Dreh-Kippfenster-Softub-Schweiz.jpg","contentUrl":"https:\/\/www.softub.ch\/wp-content\/uploads\/Biohort-Aluminium-Dreh-Kippfenster-Softub-Schweiz.jpg","width":500,"height":400,"caption":"dunkelgraues Gartenhaus mit einem Dreh Kippfenster eingebaut."},{"@type":"BreadcrumbList","@id":"https:\/\/www.softub.ch\/fr\/produit\/casanova-aluminium-dreh-kippfenster-fenster-mit-isolierglas\/#breadcrumb","itemListElement":[{"@type":"ListItem","position":1,"name":"Startseite","item":"https:\/\/www.softub.ch\/fr\/"},{"@type":"ListItem","position":2,"name":"Shop","item":"https:\/\/www.softub.ch\/fr\/softub-suisse-shop\/"},{"@type":"ListItem","position":3,"name":"CASANOVA Aluminium Dreh Kippfenster &#8211; Fenster mit Isolierglas"}]},{"@type":"WebSite","@id":"https:\/\/www.softub.ch\/fr\/#website","url":"https:\/\/www.softub.ch\/fr\/","name":"Softub Schweiz","description":"Softub - Wir machen Ferien Zuhause","publisher":{"@id":"https:\/\/www.softub.ch\/fr\/#organization"},"potentialAction":[{"@type":"SearchAction","target":{"@type":"EntryPoint","urlTemplate":"https:\/\/www.softub.ch\/fr\/?s={search_term_string}"},"query-input":{"@type":"PropertyValueSpecification","valueRequired":true,"valueName":"search_term_string"}}],"inLanguage":"fr-FR"},{"@type":"Organization","@id":"https:\/\/www.softub.ch\/fr\/#organization","name":"Softub Schweiz AG","url":"https:\/\/www.softub.ch\/fr\/","logo":{"@type":"ImageObject","inLanguage":"fr-FR","@id":"https:\/\/www.softub.ch\/fr\/#\/schema\/logo\/image\/","url":"https:\/\/www.softub.ch\/wp-content\/uploads\/Softub-Logo-Softub-Schweiz-.png","contentUrl":"https:\/\/www.softub.ch\/wp-content\/uploads\/Softub-Logo-Softub-Schweiz-.png","width":200,"height":73,"caption":"Softub Schweiz AG"},"image":{"@id":"https:\/\/www.softub.ch\/fr\/#\/schema\/logo\/image\/"},"sameAs":["https:\/\/www.facebook.com\/softubschweiz","https:\/\/www.instagram.com\/softub_schweiz\/","https:\/\/ch.pinterest.com\/softub_schweiz\/","https:\/\/www.linkedin.com\/company\/softub-schweiz-ag\/"]}]}},"_links":{"self":[{"href":"https:\/\/www.softub.ch\/fr\/wp-json\/wp\/v2\/product\/63519","targetHints":{"allow":["GET"]}}],"collection":[{"href":"https:\/\/www.softub.ch\/fr\/wp-json\/wp\/v2\/product"}],"about":[{"href":"https:\/\/www.softub.ch\/fr\/wp-json\/wp\/v2\/types\/product"}],"wp:featuredmedia":[{"embeddable":true,"href":"https:\/\/www.softub.ch\/fr\/wp-json\/wp\/v2\/media\/32863"}],"wp:attachment":[{"href":"https:\/\/www.softub.ch\/fr\/wp-json\/wp\/v2\/media?parent=63519"}],"wp:term":[{"taxonomy":"product_brand","embeddable":true,"href":"https:\/\/www.softub.ch\/fr\/wp-json\/wp\/v2\/product_brand?post=63519"},{"taxonomy":"product_cat","embeddable":true,"href":"https:\/\/www.softub.ch\/fr\/wp-json\/wp\/v2\/product_cat?post=63519"},{"taxonomy":"product_tag","embeddable":true,"href":"https:\/\/www.softub.ch\/fr\/wp-json\/wp\/v2\/product_tag?post=63519"},{"taxonomy":"woo-feed-brand","embeddable":true,"href":"https:\/\/www.softub.ch\/fr\/wp-json\/wp\/v2\/woo-feed-brand?post=63519"}],"curies":[{"name":"wp","href":"https:\/\/api.w.org\/{rel}","templated":true}]}}