{"id":64657,"date":"2024-10-29T12:33:48","date_gmt":"2024-10-29T11:33:48","guid":{"rendered":"https:\/\/www.softub.ch\/?post_type=product&#038;p=64657"},"modified":"2024-10-29T14:32:03","modified_gmt":"2024-10-29T13:32:03","slug":"swim-spa-momentum-deep","status":"publish","type":"product","link":"https:\/\/www.softub.ch\/fr\/produit\/swim-spa-momentum-deep\/","title":{"rendered":"Swim Spa MP Momentum Deep"},"content":{"rendered":"<div class=\"fusion-fullwidth fullwidth-box fusion-builder-row-1 fusion-flex-container has-pattern-background has-mask-background nonhundred-percent-fullwidth non-hundred-percent-height-scrolling\" style=\"--awb-border-radius-top-left:0px;--awb-border-radius-top-right:0px;--awb-border-radius-bottom-right:0px;--awb-border-radius-bottom-left:0px;--awb-flex-wrap:wrap;\" ><div class=\"fusion-builder-row fusion-row fusion-flex-align-items-flex-start fusion-flex-content-wrap\" style=\"max-width:1248px;margin-left: calc(-4% \/ 2 );margin-right: calc(-4% \/ 2 );\"><div class=\"fusion-layout-column fusion_builder_column fusion-builder-column-0 fusion_builder_column_1_1 1_1 fusion-flex-column\" style=\"--awb-bg-size:cover;--awb-width-large:100%;--awb-margin-top-large:0px;--awb-spacing-right-large:1.92%;--awb-margin-bottom-large:20px;--awb-spacing-left-large:1.92%;--awb-width-medium:100%;--awb-order-medium:0;--awb-spacing-right-medium:1.92%;--awb-spacing-left-medium:1.92%;--awb-width-small:100%;--awb-order-small:0;--awb-spacing-right-small:1.92%;--awb-spacing-left-small:1.92%;\"><div class=\"fusion-column-wrapper fusion-column-has-shadow fusion-flex-justify-content-flex-start fusion-content-layout-column\"><div class=\"fusion-text fusion-text-1\"><h2>Swim Spa Momentum Deep<\/h2>\n<p>Der Swim Spa Momentum Deep ist eines von drei Modellen der Michael Phelps Serie, die geschickt Wassertraining mit den wohltuenden Effekten eines Whirlpools verbinden. Von dem <a href=\"https:\/\/www.softub.ch\/produkt\/swim-spa-signature-deep\/\" target=\"_blank\" rel=\"noopener\">MP Signature Deep<\/a> bis hin zum <a href=\"https:\/\/www.softub.ch\/produkt\/swim-spa-force-deep\/\" target=\"_blank\" rel=\"noopener\">MP Force Deep<\/a> &#8211; jedes Modell l\u00e4sst sich nach Ihren W\u00fcnschen ausstatten und individualisieren. So finden Sie garantiert das ideale Swim Spa f\u00fcr Ihr pers\u00f6nliches Wellness-Erlebnis zu Hause.<\/p>\n<h3 class=\"fusion-responsive-typography-calculated\" data-fontsize=\"18\" data-lineheight=\"27px\">Spezifikationen<\/h3>\n<ul>\n<li>Abmessungen: 587 x 239 x 153 cm<\/li>\n<li>Wassertiefe: 137 cm<\/li>\n<li>Wassermenge: 8801 l<\/li>\n<li>Gewicht leer \/ bef\u00fcllt: 1678 kg \/ 10979 kg<\/li>\n<li>Gegenstromsystem: Wave Propulsion\u2122 Technologie<\/li>\n<li>Pumpen: 3<\/li>\n<li>Edelstahld\u00fcsen: 45 (2 Master Blaster\u00ae)<\/li>\n<li>Wasserspiele: 5<\/li>\n<li>Ozon System: Standard<\/li>\n<li>Filterung: EcoPur\u00ae Charge<\/li>\n<li>LED Beleuchtung: Wasserlinie<\/li>\n<li>Exklusive Ausstattung: Wi-Fi-Modul<\/li>\n<li>Exklusives Zubeh\u00f6r: SwimNumber App H2Xercise System<\/li>\n<\/ul>\n<h3 class=\"fusion-responsive-typography-calculated\" data-fontsize=\"18\" data-lineheight=\"27px\">Wannenfarbe und Aussenverkleidung:<\/h3>\n<p><strong>Wannen-Farbe<\/strong><\/p>\n<p>Sterling-Silber Marble<\/p>\n<p><img decoding=\"async\" class=\" ls-is-cached lazyloaded\" src=\"https:\/\/h2x-swimspas.de\/images\/colors\/sterling-silver.png\" alt=\"Sterling Silver Marble Shell\" data-orig-src=\"https:\/\/h2x-swimspas.de\/images\/colors\/sterling-silver.png\" \/><\/p>\n<p>Sierra<\/p>\n<p><img decoding=\"async\" class=\" ls-is-cached lazyloaded\" src=\"https:\/\/h2x-swimspas.de\/images\/colors\/sierra.png\" alt=\"Sierra Shell\" data-orig-src=\"https:\/\/h2x-swimspas.de\/images\/colors\/sierra.png\" \/><\/p>\n<p><strong>Aussenverkleidung Duramaster Premium\u2122 (Standard):<\/strong><\/p>\n<p>Graphite Grey<\/p>\n<p><img decoding=\"async\" class=\" ls-is-cached lazyloaded\" src=\"https:\/\/h2x-swimspas.de\/images\/colors\/dm-graphite.png\" alt=\"Duramaster Graphite premium skirting\" data-orig-src=\"https:\/\/h2x-swimspas.de\/images\/colors\/dm-graphite.png\" \/><\/p>\n<p>Espresso<\/p>\n<p><img decoding=\"async\" class=\" ls-is-cached lazyloaded\" src=\"https:\/\/h2x-swimspas.de\/images\/colors\/dm-espresso.png\" alt=\"Duramaster Espresso premium skirting\" data-orig-src=\"https:\/\/h2x-swimspas.de\/images\/colors\/dm-espresso.png\" \/><\/p>\n<p><strong>Aussenverkleidung Mastertech\u2122 Deluxe (optional):<\/strong><\/p>\n<p>Driftwood<\/p>\n<p><img decoding=\"async\" class=\" ls-is-cached lazyloaded\" src=\"https:\/\/h2x-swimspas.de\/images\/colors\/mt-deluxe-driftwood.png\" alt=\"MasterTech Deluxe Driftwood Skirting\" data-orig-src=\"https:\/\/h2x-swimspas.de\/images\/colors\/mt-deluxe-driftwood.png\" \/><\/p>\n<p>Chestnut<\/p>\n<p><img decoding=\"async\" class=\" ls-is-cached lazyloaded\" src=\"https:\/\/h2x-swimspas.de\/images\/colors\/mt-deluxe-chestnut.png\" alt=\"MasterTech Deluxe Chestnut Skirting\" data-orig-src=\"https:\/\/h2x-swimspas.de\/images\/colors\/mt-deluxe-chestnut.png\" \/><\/p>\n<h3 class=\"fusion-responsive-typography-calculated\" data-fontsize=\"18\" data-lineheight=\"27px\">Standardfunktionen:<\/h3>\n<ul>\n<li>Das schlanke, moderne Design erm\u00f6glicht ein geschmeidiges Badeerlebnis<\/li>\n<li>Wave XP Propulsion\u2122 Gegenstrom-Technologie<\/li>\n<li>Separate Temperatureinstellungen f\u00fcr Schwimm- und Whirlbereich<\/li>\n<li>Whirl- und Schwimmbereich sind durch eine individuell gestaltete, beleuchtete, durchsichtige Acrylwand getrennt<\/li>\n<li>Xtreme Therapie\u2122 Sitz<\/li>\n<li>2 MasterBlaster\u2122 Fussmassaged\u00fcsen<\/li>\n<li>Xtreme Therapie\u2122 Bucht<\/li>\n<li>SoftTread\u2122 rutschfestes Comfort-Bodensystem von SwimDek\u00ae (abgebildet)<\/li>\n<li>Ruder- und Trainingsger\u00e4te<\/li>\n<li>4 Laminar Flow Wasserspiele<\/li>\n<li>Deluxe Wasserlinie LED-Beleuchtung<\/li>\n<li>D\u00fcsen aus rostfreiem Stahl<\/li>\n<li>EcoPur Charge\u00ae Filterung<\/li>\n<li>Geringer Wartungsaufwand<\/li>\n<li>Einer der energieeffizientesten Swim Spas auf dem Markt<\/li>\n<li>Master Forse\u2122 Bio- Magnetfeldtherapiesystem \u2013 lindert Schmerzen und Entz\u00fcndungen<\/li>\n<\/ul>\n<h3 class=\"fusion-responsive-typography-calculated\" data-fontsize=\"18\" data-lineheight=\"27px\">Premium-Optionen<\/h3>\n<ul>\n<li>Fusion Air Sound System<\/li>\n<li>Wave-Light-Paket<\/li>\n<li>Axis\u00ae Rollabdeckung<\/li>\n<li>Mast3rPur\u2122 Wasserreinigungssystem<\/li>\n<li>Wi-Fi Module<\/li>\n<\/ul>\n<h3 class=\"fusion-responsive-typography-calculated\" data-fontsize=\"18\" data-lineheight=\"27px\">Downloads:<\/h3>\n<p><a href=\"https:\/\/www.softub.ch\/wp-content\/uploads\/2024-FS-MPSS-MomentumD.pdf\" target=\"_blank\" rel=\"noopener\">Datenblatt<\/a><\/p>\n<h3 class=\"fusion-responsive-typography-calculated\" data-fontsize=\"18\" data-lineheight=\"27px\">Pers\u00f6nliche Beratung:<\/h3>\n<p>F\u00fcr weitere Informationen zu den Swim Spa Modellen beraten wir Sie gerne per Telefon. Besuchen Sie uns in unserem Showroom in Zollikerberg, in welchem weitere Whirlpool Modelle ausgestellt sind. Lassen Sie sich inspirieren.<\/p>\n<p>Wir freuen uns auf Sie!<\/p>\n<h3 class=\"fusion-responsive-typography-calculated\" data-fontsize=\"18\" data-lineheight=\"27px\">Mehr zum Hersteller:<\/h3>\n<h3 class=\"fusion-responsive-typography-calculated\" data-fontsize=\"18\" data-lineheight=\"27px\">\u00a0<img decoding=\"async\" class=\"alignnone wp-image-42106 lazyautosizes ls-is-cached lazyloaded\" src=\"https:\/\/softub.ch\/wp-content\/uploads\/Master-Spa-Logo-hartschale-Whirlpools-Schweiz.jpg\" sizes=\"119px\" srcset=\"https:\/\/softub.ch\/wp-content\/uploads\/Master-Spa-Logo-hartschale-Whirlpools-Schweiz-200x102.jpg 200w, https:\/\/softub.ch\/wp-content\/uploads\/Master-Spa-Logo-hartschale-Whirlpools-Schweiz.jpg 300w\" alt=\"Master Spa Logo hartschale Whirlpools Schweiz\" width=\"119\" height=\"55\" data-orig-src=\"https:\/\/softub.ch\/wp-content\/uploads\/Master-Spa-Logo-hartschale-Whirlpools-Schweiz.jpg\" data-srcset=\"https:\/\/softub.ch\/wp-content\/uploads\/Master-Spa-Logo-hartschale-Whirlpools-Schweiz-200x102.jpg 200w, https:\/\/softub.ch\/wp-content\/uploads\/Master-Spa-Logo-hartschale-Whirlpools-Schweiz.jpg 300w\" data-sizes=\"auto\" data-orig-sizes=\"(max-width: 119px) 100vw, 119px\" \/><\/h3>\n<p>Amerikas gr\u00f6sster Hersteller von Whirlpools und Schwimmspas liefert seit drei Jahrzehnten ein konkurrenzloses Angebot an erstklassigen Hydrotherapiel\u00f6sungen. Ganz gleich, ob Sie auf der Suche nach\u00a0<strong>Schmerzlinderung<\/strong>, purer Entspannung, einer therapeutischen \u00dcbungshilfe oder einer neuen Form von Zeit mit der Familie sind, MasterSpa entwirft Whirlpools und Swim-Spas, die Ihre Erwartungen \u00fcbertreffen werden.<\/p>\n<h3 class=\"fusion-responsive-typography-calculated\" data-fontsize=\"18\" data-lineheight=\"27px\">Zubeh\u00f6r f\u00fcr Ihre pers\u00f6nliche Gartenoase:<\/h3>\n<p>Wir haben ein reichhaltiges Zubeh\u00f6rsortiment f\u00fcr Sie zusammengestellt, so dass Sie sich die passenden Produkte in Ruhe in unserem Onlineshop ausw\u00e4hlen k\u00f6nnen.<\/p>\n<p>Wenn Sie sich dar\u00fcber hinaus Ihre ganz pers\u00f6nliche Gartenoase schaffen wollen, so schauen Sie sich unsere\u00a0<a href=\"https:\/\/meinschattenspender.ch\/\">Unosider-<\/a><a href=\"https:\/\/meinschattenspender.ch\/\">Pavillons<\/a> an.<\/p>\n<p>Wenn Sie zus\u00e4tzlichen Stauraum f\u00fcr Ihr pers\u00f6nliches Gartenzubeh\u00f6r brauchen, dann schauen Sie sich unseren\u00a0<a href=\"https:\/\/softub.ch\/produkt\/biohort-storemax-maximalen-stauraum-auf-wenig-platz\/\">biohort STOREMAX<\/a>\u00a0oder auch den<a href=\"https:\/\/softub.ch\/produkt\/biohort-highboard-das-formvollendete-multitalent-zum-aufbewahren\/\">\u00a0biohort HIGHBOARD<\/a>\u00a0an. Ob als Stauraum f\u00fcr Kissen oder Gartenutensilien oder auch als ideale Erg\u00e4nzung zu Ihrer Outdoor-K\u00fcche \u2013 alles ist witterungsgesch\u00fctzt und ordentlich verstaut.<\/p>\n<p>Wir beraten Sie gerne, telefonisch, in einem unserer Showrooms oder bei Ihnen Zuhause.<\/p>\n<\/div><\/div><\/div><\/div><\/div>\n","protected":false},"excerpt":{"rendered":"<h2>Swim Spa Momentum Deep<\/h2>\n<p>Geniessen Sie die Flexibilit\u00e4t zweier Temperaturbereiche: Trainieren Sie in erfrischendem Wasser und regenerieren Sie anschliessend in wohliger W\u00e4rme von bis zu 40 Grad. Der ger\u00e4umige Schwimmbereich bietet optimale Bedingungen f\u00fcr Ihr Aquafitness- und Schwimmtraining, unterst\u00fctzt durch ein fortschrittliches Antriebssystem mit anpassbarer Str\u00f6mung. Nach dem Training lockt die Whirlpool-Seite mit ergonomisch geformten Sitzen und einer belebenden Hydromassage f\u00fcr K\u00f6rper und Geist.<\/p>\n<ul>\n<li>Abmessungen: 587 x 239 x 152 cm<\/li>\n<li>Wassermenge: 8801 l<\/li>\n<\/ul>\n","protected":false},"featured_media":64846,"template":"","meta":{"_acf_changed":false},"product_brand":[],"product_cat":[8757],"product_tag":[8759,8764,5814,8768,8765,1179,8762,8763,8758,8767,8766,2126,180,6792],"woo-feed-brand":[],"class_list":{"0":"post-64657","1":"product","2":"type-product","3":"status-publish","4":"has-post-thumbnail","6":"product_cat-swim-spas","7":"product_tag-beste-swim-spas","8":"product_tag-hydrotherapie-swim-spa","9":"product_tag-master-spas","10":"product_tag-schwimmbad","11":"product_tag-schwimmbad-und-whirlpool-kombination","12":"product_tag-softub-schweiz","13":"product_tag-swim-spa-angebote","14":"product_tag-swim-spa-fuer-zuhause","15":"product_tag-swim-spa-kaufen","16":"product_tag-swim-spa-online-kaufen-schweiz","17":"product_tag-swim-spa-schweiz","18":"product_tag-swimmingpool","19":"product_tag-whirlpool","20":"product_tag-whirlpool-kaufen-schweiz","22":"first","23":"instock","24":"sale","25":"taxable","26":"shipping-taxable","27":"purchasable","28":"product-type-simple"},"acf":[],"yoast_head":"<!-- This site is optimized with the Yoast SEO Premium plugin v27.3 (Yoast SEO v27.3) - https:\/\/yoast.com\/product\/yoast-seo-premium-wordpress\/ -->\n<title>Swim Spa Momentum Deep - Softub Schweiz<\/title>\n<meta name=\"description\" content=\"Swim Spa Momentum Deep von Michael Phelps bei Softub Schweiz. Geniessen Sie die Vorteile von Aqua-Fitness mit der Hydrotherapie eines Whirlpools kombiniert.\" \/>\n<meta name=\"robots\" content=\"index, follow, max-snippet:-1, max-image-preview:large, max-video-preview:-1\" \/>\n<link rel=\"canonical\" href=\"https:\/\/www.softub.ch\/produkt\/swim-spa-momentum-deep\/\" \/>\n<meta property=\"og:locale\" content=\"fr_FR\" \/>\n<meta property=\"og:type\" content=\"article\" \/>\n<meta property=\"og:title\" content=\"Swim Spa MP Momentum Deep\" \/>\n<meta property=\"og:description\" content=\"Swim Spa Momentum Deep von Michael Phelps bei Softub Schweiz. Geniessen Sie die Vorteile von Aqua-Fitness mit der Hydrotherapie eines Whirlpools kombiniert.\" \/>\n<meta property=\"og:url\" content=\"https:\/\/www.softub.ch\/produkt\/swim-spa-momentum-deep\/\" \/>\n<meta property=\"og:site_name\" content=\"Softub Schweiz\" \/>\n<meta property=\"article:publisher\" content=\"https:\/\/www.facebook.com\/softubschweiz\" \/>\n<meta property=\"article:modified_time\" content=\"2024-10-29T13:32:03+00:00\" \/>\n<meta property=\"og:image\" content=\"https:\/\/www.softub.ch\/wp-content\/uploads\/2023-MPSS-MomentumD-downshot-web.jpg\" \/>\n\t<meta property=\"og:image:width\" content=\"1800\" \/>\n\t<meta property=\"og:image:height\" content=\"796\" \/>\n\t<meta property=\"og:image:type\" content=\"image\/jpeg\" \/>\n<meta name=\"twitter:card\" content=\"summary_large_image\" \/>\n<meta name=\"twitter:label1\" content=\"Dur\u00e9e de lecture estim\u00e9e\" \/>\n\t<meta name=\"twitter:data1\" content=\"4 minutes\" \/>\n<script type=\"application\/ld+json\" class=\"yoast-schema-graph\">{\"@context\":\"https:\\\/\\\/schema.org\",\"@graph\":[{\"@type\":\"WebPage\",\"@id\":\"https:\\\/\\\/www.softub.ch\\\/produkt\\\/swim-spa-momentum-deep\\\/\",\"url\":\"https:\\\/\\\/www.softub.ch\\\/produkt\\\/swim-spa-momentum-deep\\\/\",\"name\":\"Swim Spa Momentum Deep - Softub Schweiz\",\"isPartOf\":{\"@id\":\"https:\\\/\\\/www.softub.ch\\\/fr\\\/#website\"},\"primaryImageOfPage\":{\"@id\":\"https:\\\/\\\/www.softub.ch\\\/produkt\\\/swim-spa-momentum-deep\\\/#primaryimage\"},\"image\":{\"@id\":\"https:\\\/\\\/www.softub.ch\\\/produkt\\\/swim-spa-momentum-deep\\\/#primaryimage\"},\"thumbnailUrl\":\"https:\\\/\\\/www.softub.ch\\\/wp-content\\\/uploads\\\/2023-MPSS-MomentumD-downshot-web.jpg\",\"datePublished\":\"2024-10-29T11:33:48+00:00\",\"dateModified\":\"2024-10-29T13:32:03+00:00\",\"description\":\"Swim Spa Momentum Deep von Michael Phelps bei Softub Schweiz. Geniessen Sie die Vorteile von Aqua-Fitness mit der Hydrotherapie eines Whirlpools kombiniert.\",\"breadcrumb\":{\"@id\":\"https:\\\/\\\/www.softub.ch\\\/produkt\\\/swim-spa-momentum-deep\\\/#breadcrumb\"},\"inLanguage\":\"fr-FR\",\"potentialAction\":[{\"@type\":\"ReadAction\",\"target\":[\"https:\\\/\\\/www.softub.ch\\\/produkt\\\/swim-spa-momentum-deep\\\/\"]}]},{\"@type\":\"ImageObject\",\"inLanguage\":\"fr-FR\",\"@id\":\"https:\\\/\\\/www.softub.ch\\\/produkt\\\/swim-spa-momentum-deep\\\/#primaryimage\",\"url\":\"https:\\\/\\\/www.softub.ch\\\/wp-content\\\/uploads\\\/2023-MPSS-MomentumD-downshot-web.jpg\",\"contentUrl\":\"https:\\\/\\\/www.softub.ch\\\/wp-content\\\/uploads\\\/2023-MPSS-MomentumD-downshot-web.jpg\",\"width\":1800,\"height\":796,\"caption\":\"Swim Spa Momentum Deep Abbildung von oben\"},{\"@type\":\"BreadcrumbList\",\"@id\":\"https:\\\/\\\/www.softub.ch\\\/produkt\\\/swim-spa-momentum-deep\\\/#breadcrumb\",\"itemListElement\":[{\"@type\":\"ListItem\",\"position\":1,\"name\":\"Startseite\",\"item\":\"https:\\\/\\\/www.softub.ch\\\/fr\\\/\"},{\"@type\":\"ListItem\",\"position\":2,\"name\":\"Shop\",\"item\":\"https:\\\/\\\/www.softub.ch\\\/fr\\\/softub-suisse-shop\\\/\"},{\"@type\":\"ListItem\",\"position\":3,\"name\":\"Swim Spa MP Momentum Deep\"}]},{\"@type\":\"WebSite\",\"@id\":\"https:\\\/\\\/www.softub.ch\\\/fr\\\/#website\",\"url\":\"https:\\\/\\\/www.softub.ch\\\/fr\\\/\",\"name\":\"Softub Schweiz\",\"description\":\"Softub - Wir machen Ferien Zuhause\",\"publisher\":{\"@id\":\"https:\\\/\\\/www.softub.ch\\\/fr\\\/#organization\"},\"potentialAction\":[{\"@type\":\"SearchAction\",\"target\":{\"@type\":\"EntryPoint\",\"urlTemplate\":\"https:\\\/\\\/www.softub.ch\\\/fr\\\/?s={search_term_string}\"},\"query-input\":{\"@type\":\"PropertyValueSpecification\",\"valueRequired\":true,\"valueName\":\"search_term_string\"}}],\"inLanguage\":\"fr-FR\"},{\"@type\":\"Organization\",\"@id\":\"https:\\\/\\\/www.softub.ch\\\/fr\\\/#organization\",\"name\":\"Softub Schweiz AG\",\"url\":\"https:\\\/\\\/www.softub.ch\\\/fr\\\/\",\"logo\":{\"@type\":\"ImageObject\",\"inLanguage\":\"fr-FR\",\"@id\":\"https:\\\/\\\/www.softub.ch\\\/fr\\\/#\\\/schema\\\/logo\\\/image\\\/\",\"url\":\"https:\\\/\\\/www.softub.ch\\\/wp-content\\\/uploads\\\/Softub-Logo-Softub-Schweiz-.png\",\"contentUrl\":\"https:\\\/\\\/www.softub.ch\\\/wp-content\\\/uploads\\\/Softub-Logo-Softub-Schweiz-.png\",\"width\":200,\"height\":73,\"caption\":\"Softub Schweiz AG\"},\"image\":{\"@id\":\"https:\\\/\\\/www.softub.ch\\\/fr\\\/#\\\/schema\\\/logo\\\/image\\\/\"},\"sameAs\":[\"https:\\\/\\\/www.facebook.com\\\/softubschweiz\",\"https:\\\/\\\/www.instagram.com\\\/softub_schweiz\\\/\",\"https:\\\/\\\/ch.pinterest.com\\\/softub_schweiz\\\/\",\"https:\\\/\\\/www.linkedin.com\\\/company\\\/softub-schweiz-ag\\\/\"]}]}<\/script>\n<!-- \/ Yoast SEO Premium plugin. -->","yoast_head_json":{"title":"Swim Spa Momentum Deep - Softub Schweiz","description":"Swim Spa Momentum Deep von Michael Phelps bei Softub Schweiz. Geniessen Sie die Vorteile von Aqua-Fitness mit der Hydrotherapie eines Whirlpools kombiniert.","robots":{"index":"index","follow":"follow","max-snippet":"max-snippet:-1","max-image-preview":"max-image-preview:large","max-video-preview":"max-video-preview:-1"},"canonical":"https:\/\/www.softub.ch\/produkt\/swim-spa-momentum-deep\/","og_locale":"fr_FR","og_type":"article","og_title":"Swim Spa MP Momentum Deep","og_description":"Swim Spa Momentum Deep von Michael Phelps bei Softub Schweiz. Geniessen Sie die Vorteile von Aqua-Fitness mit der Hydrotherapie eines Whirlpools kombiniert.","og_url":"https:\/\/www.softub.ch\/produkt\/swim-spa-momentum-deep\/","og_site_name":"Softub Schweiz","article_publisher":"https:\/\/www.facebook.com\/softubschweiz","article_modified_time":"2024-10-29T13:32:03+00:00","og_image":[{"width":1800,"height":796,"url":"https:\/\/www.softub.ch\/wp-content\/uploads\/2023-MPSS-MomentumD-downshot-web.jpg","type":"image\/jpeg"}],"twitter_card":"summary_large_image","twitter_misc":{"Dur\u00e9e de lecture estim\u00e9e":"4 minutes"},"schema":{"@context":"https:\/\/schema.org","@graph":[{"@type":"WebPage","@id":"https:\/\/www.softub.ch\/produkt\/swim-spa-momentum-deep\/","url":"https:\/\/www.softub.ch\/produkt\/swim-spa-momentum-deep\/","name":"Swim Spa Momentum Deep - Softub Schweiz","isPartOf":{"@id":"https:\/\/www.softub.ch\/fr\/#website"},"primaryImageOfPage":{"@id":"https:\/\/www.softub.ch\/produkt\/swim-spa-momentum-deep\/#primaryimage"},"image":{"@id":"https:\/\/www.softub.ch\/produkt\/swim-spa-momentum-deep\/#primaryimage"},"thumbnailUrl":"https:\/\/www.softub.ch\/wp-content\/uploads\/2023-MPSS-MomentumD-downshot-web.jpg","datePublished":"2024-10-29T11:33:48+00:00","dateModified":"2024-10-29T13:32:03+00:00","description":"Swim Spa Momentum Deep von Michael Phelps bei Softub Schweiz. Geniessen Sie die Vorteile von Aqua-Fitness mit der Hydrotherapie eines Whirlpools kombiniert.","breadcrumb":{"@id":"https:\/\/www.softub.ch\/produkt\/swim-spa-momentum-deep\/#breadcrumb"},"inLanguage":"fr-FR","potentialAction":[{"@type":"ReadAction","target":["https:\/\/www.softub.ch\/produkt\/swim-spa-momentum-deep\/"]}]},{"@type":"ImageObject","inLanguage":"fr-FR","@id":"https:\/\/www.softub.ch\/produkt\/swim-spa-momentum-deep\/#primaryimage","url":"https:\/\/www.softub.ch\/wp-content\/uploads\/2023-MPSS-MomentumD-downshot-web.jpg","contentUrl":"https:\/\/www.softub.ch\/wp-content\/uploads\/2023-MPSS-MomentumD-downshot-web.jpg","width":1800,"height":796,"caption":"Swim Spa Momentum Deep Abbildung von oben"},{"@type":"BreadcrumbList","@id":"https:\/\/www.softub.ch\/produkt\/swim-spa-momentum-deep\/#breadcrumb","itemListElement":[{"@type":"ListItem","position":1,"name":"Startseite","item":"https:\/\/www.softub.ch\/fr\/"},{"@type":"ListItem","position":2,"name":"Shop","item":"https:\/\/www.softub.ch\/fr\/softub-suisse-shop\/"},{"@type":"ListItem","position":3,"name":"Swim Spa MP Momentum Deep"}]},{"@type":"WebSite","@id":"https:\/\/www.softub.ch\/fr\/#website","url":"https:\/\/www.softub.ch\/fr\/","name":"Softub Schweiz","description":"Softub - Wir machen Ferien Zuhause","publisher":{"@id":"https:\/\/www.softub.ch\/fr\/#organization"},"potentialAction":[{"@type":"SearchAction","target":{"@type":"EntryPoint","urlTemplate":"https:\/\/www.softub.ch\/fr\/?s={search_term_string}"},"query-input":{"@type":"PropertyValueSpecification","valueRequired":true,"valueName":"search_term_string"}}],"inLanguage":"fr-FR"},{"@type":"Organization","@id":"https:\/\/www.softub.ch\/fr\/#organization","name":"Softub Schweiz AG","url":"https:\/\/www.softub.ch\/fr\/","logo":{"@type":"ImageObject","inLanguage":"fr-FR","@id":"https:\/\/www.softub.ch\/fr\/#\/schema\/logo\/image\/","url":"https:\/\/www.softub.ch\/wp-content\/uploads\/Softub-Logo-Softub-Schweiz-.png","contentUrl":"https:\/\/www.softub.ch\/wp-content\/uploads\/Softub-Logo-Softub-Schweiz-.png","width":200,"height":73,"caption":"Softub Schweiz AG"},"image":{"@id":"https:\/\/www.softub.ch\/fr\/#\/schema\/logo\/image\/"},"sameAs":["https:\/\/www.facebook.com\/softubschweiz","https:\/\/www.instagram.com\/softub_schweiz\/","https:\/\/ch.pinterest.com\/softub_schweiz\/","https:\/\/www.linkedin.com\/company\/softub-schweiz-ag\/"]}]}},"_links":{"self":[{"href":"https:\/\/www.softub.ch\/fr\/wp-json\/wp\/v2\/product\/64657","targetHints":{"allow":["GET"]}}],"collection":[{"href":"https:\/\/www.softub.ch\/fr\/wp-json\/wp\/v2\/product"}],"about":[{"href":"https:\/\/www.softub.ch\/fr\/wp-json\/wp\/v2\/types\/product"}],"wp:featuredmedia":[{"embeddable":true,"href":"https:\/\/www.softub.ch\/fr\/wp-json\/wp\/v2\/media\/64846"}],"wp:attachment":[{"href":"https:\/\/www.softub.ch\/fr\/wp-json\/wp\/v2\/media?parent=64657"}],"wp:term":[{"taxonomy":"product_brand","embeddable":true,"href":"https:\/\/www.softub.ch\/fr\/wp-json\/wp\/v2\/product_brand?post=64657"},{"taxonomy":"product_cat","embeddable":true,"href":"https:\/\/www.softub.ch\/fr\/wp-json\/wp\/v2\/product_cat?post=64657"},{"taxonomy":"product_tag","embeddable":true,"href":"https:\/\/www.softub.ch\/fr\/wp-json\/wp\/v2\/product_tag?post=64657"},{"taxonomy":"woo-feed-brand","embeddable":true,"href":"https:\/\/www.softub.ch\/fr\/wp-json\/wp\/v2\/woo-feed-brand?post=64657"}],"curies":[{"name":"wp","href":"https:\/\/api.w.org\/{rel}","templated":true}]}}