{"id":66554,"date":"2025-01-08T11:58:07","date_gmt":"2025-01-08T10:58:07","guid":{"rendered":"https:\/\/www.softub.ch\/?post_type=product&#038;p=66554"},"modified":"2025-03-10T11:02:52","modified_gmt":"2025-03-10T10:02:52","slug":"biohort-montagepaneel-fuer-steckdose-bikelift-kopie","status":"publish","type":"product","link":"https:\/\/www.softub.ch\/fr\/produit\/biohort-montagepaneel-fuer-steckdose-bikelift-kopie\/","title":{"rendered":"biohort BIKELIFT Kit de montage pour abris de jardin"},"content":{"rendered":"<div class=\"fusion-fullwidth fullwidth-box fusion-builder-row-1 fusion-flex-container has-pattern-background has-mask-background nonhundred-percent-fullwidth non-hundred-percent-height-scrolling\" style=\"--awb-border-radius-top-left:0px;--awb-border-radius-top-right:0px;--awb-border-radius-bottom-right:0px;--awb-border-radius-bottom-left:0px;--awb-flex-wrap:wrap;\" ><div class=\"fusion-builder-row fusion-row fusion-flex-align-items-flex-start fusion-flex-content-wrap\" style=\"max-width:1248px;margin-left: calc(-4% \/ 2 );margin-right: calc(-4% \/ 2 );\"><div class=\"fusion-layout-column fusion_builder_column fusion-builder-column-0 fusion_builder_column_1_1 1_1 fusion-flex-column\" style=\"--awb-bg-size:cover;--awb-width-large:100%;--awb-margin-top-large:0px;--awb-spacing-right-large:1.92%;--awb-margin-bottom-large:20px;--awb-spacing-left-large:1.92%;--awb-width-medium:100%;--awb-order-medium:0;--awb-spacing-right-medium:1.92%;--awb-spacing-left-medium:1.92%;--awb-width-small:100%;--awb-order-small:0;--awb-spacing-right-small:1.92%;--awb-spacing-left-small:1.92%;\"><div class=\"fusion-column-wrapper fusion-column-has-shadow fusion-flex-justify-content-flex-start fusion-content-layout-column\"><div class=\"fusion-text fusion-text-1\"><h1>Kit de montage pour le biohort Bikelift<\/h1>\n<p>Le kit de montage pour le Bikelift Biohort permet le montage dans <a href=\"https:\/\/www.softub.ch\/fr\/categorie-produit\/abris-de-jardin-biohort\/\" target=\"_blank\" rel=\"noopener\">les abris de jardin Biohort<\/a>. Les kits de montage sont compatibles avec les mod\u00e8les standard et avec dispositif de pivotement. Pour l&rsquo;abri de jardin Europa, le Bikelift avec dispositif de pivotement ne peut \u00eatre mont\u00e9 qu?au milieu de la paroi arri\u00e8re.<\/p>\n<h3 class=\"fusion-responsive-typography-calculated\" data-fontsize=\"18\" data-lineheight=\"27px\">D\u2019autres accessoires pour votre maison:<\/h3>\n<p>Nous avons rassembl\u00e9 pour vous un riche assortiment d\u2019accessoires, afin que vous puissiez choisir tranquillement les produits qui vous conviennent dans notre boutique en ligne. Si vous souhaitez en outre cr\u00e9er votre oasis de bien-\u00eatre personnelle, n\u2019h\u00e9sitez pas \u00e0 jeter un coup d\u2019\u0153il \u00e0 nos <a href=\"https:\/\/www.softub.ch\/fr\/softub-suisse-shop\/softub-spa\/\" target=\"_blank\" rel=\"noopener\">bains \u00e0 remous Softub<\/a> ou \u00e0 nos saunas Weka \u2013 \u00e9ventuellement en combinaison avec un <a href=\"https:\/\/www.meinschattenspender.ch\" target=\"_blank\" rel=\"noopener\">pavillon Unosider.<\/a><\/p>\n<p>Nous vous conseillons volontiers par t\u00e9l\u00e9phone, dans l\u2019un de nos showrooms ou \u00e0 votre domicile.<\/p>\n<\/div><\/div><\/div><\/div><\/div>\n","protected":false},"excerpt":{"rendered":"<h2>Kit de montage pour le Bikelift Biohort<\/h2>\n<p>Permet le montage dans un abri de jardin Biohort si un BikeLift a \u00e9t\u00e9 achet\u00e9 pour un montage mural.<\/p>\n<p>Couleur: gris fonc\u00e9 m\u00e9tallique<\/p>\n","protected":false},"featured_media":66568,"template":"","meta":{"_acf_changed":false},"product_brand":[],"product_cat":[6275],"product_tag":[9662,9671,9666,9659,9660,9670,9676,9677,9674,9667,9672,9675,9668,9669],"woo-feed-brand":[],"class_list":{"0":"post-66554","1":"product","2":"type-product","3":"status-publish","4":"has-post-thumbnail","6":"product_cat-accessoires-et-pieces-detachees-biohort","7":"product_tag-abri-de-jardin-biohort-neo","8":"product_tag-abri-metallique-biohort","9":"product_tag-accessoires-biohort","10":"product_tag-biohort-highline-fr","11":"product_tag-biohort-panorama-fr","12":"product_tag-elevateur-de-montage-electrique-pour-velo","13":"product_tag-kit-de-montage-bikelift","14":"product_tag-kit-de-montage-pour-bikelift","15":"product_tag-panneau-de-montage-bikelift","16":"product_tag-panneau-de-montage-biohort","17":"product_tag-panneau-de-montage-pour-bikelift","18":"product_tag-prise-de-courant-bikelift","19":"product_tag-prise-de-courant-biohort","20":"product_tag-prise-de-courant-pour-biohort-bikelift","21":"product_shipping_class-biohort-kostenlose-lieferung","23":"first","24":"instock","25":"sale","26":"taxable","27":"shipping-taxable","28":"purchasable","29":"product-type-variable"},"acf":[],"yoast_head":"<!-- This site is optimized with the Yoast SEO Premium plugin v27.4 (Yoast SEO v27.4) - https:\/\/yoast.com\/product\/yoast-seo-premium-wordpress\/ -->\n<title>Kit de montage pour le Bikelift Biohort - Softub Schweiz<\/title>\n<meta name=\"description\" content=\"Kit de montage pour le biohort Bikelift. Permet le montage dans un abri de jardin Biohort si le Velolift a \u00e9t\u00e9 achet\u00e9 pour un montage mural.\" \/>\n<meta name=\"robots\" content=\"index, follow, max-snippet:-1, max-image-preview:large, max-video-preview:-1\" \/>\n<link rel=\"canonical\" href=\"https:\/\/www.softub.ch\/produit\/montageset-fuer-den-biohort-bikelift\/\" \/>\n<meta property=\"og:locale\" content=\"fr_FR\" \/>\n<meta property=\"og:type\" content=\"article\" \/>\n<meta property=\"og:title\" content=\"biohort BIKELIFT Kit de montage pour abris de jardin\" \/>\n<meta property=\"og:description\" content=\"Kit de montage pour le biohort Bikelift. Permet le montage dans un abri de jardin Biohort si le Velolift a \u00e9t\u00e9 achet\u00e9 pour un montage mural.\" \/>\n<meta property=\"og:url\" content=\"https:\/\/www.softub.ch\/produit\/montageset-fuer-den-biohort-bikelift\/\" \/>\n<meta property=\"og:site_name\" content=\"Softub Schweiz\" \/>\n<meta property=\"article:publisher\" content=\"https:\/\/www.facebook.com\/softubschweiz\" \/>\n<meta property=\"article:modified_time\" content=\"2025-03-10T10:02:52+00:00\" \/>\n<meta property=\"og:image\" content=\"https:\/\/www.softub.ch\/wp-content\/uploads\/49058_BikeLift_Montageset_Neo_dunkelgrau_Rendering.jpg\" \/>\n\t<meta property=\"og:image:width\" content=\"1772\" \/>\n\t<meta property=\"og:image:height\" content=\"2156\" \/>\n\t<meta property=\"og:image:type\" content=\"image\/jpeg\" \/>\n<meta name=\"twitter:card\" content=\"summary_large_image\" \/>\n<meta name=\"twitter:label1\" content=\"Dur\u00e9e de lecture estim\u00e9e\" \/>\n\t<meta name=\"twitter:data1\" content=\"6 minutes\" \/>\n<script type=\"application\/ld+json\" class=\"yoast-schema-graph\">{\"@context\":\"https:\\\/\\\/schema.org\",\"@graph\":[{\"@type\":\"WebPage\",\"@id\":\"https:\\\/\\\/www.softub.ch\\\/produit\\\/montageset-fuer-den-biohort-bikelift\\\/\",\"url\":\"https:\\\/\\\/www.softub.ch\\\/produit\\\/montageset-fuer-den-biohort-bikelift\\\/\",\"name\":\"Kit de montage pour le Bikelift Biohort - Softub Schweiz\",\"isPartOf\":{\"@id\":\"https:\\\/\\\/www.softub.ch\\\/fr\\\/#website\"},\"primaryImageOfPage\":{\"@id\":\"https:\\\/\\\/www.softub.ch\\\/produit\\\/montageset-fuer-den-biohort-bikelift\\\/#primaryimage\"},\"image\":{\"@id\":\"https:\\\/\\\/www.softub.ch\\\/produit\\\/montageset-fuer-den-biohort-bikelift\\\/#primaryimage\"},\"thumbnailUrl\":\"https:\\\/\\\/www.softub.ch\\\/wp-content\\\/uploads\\\/49058_BikeLift_Montageset_Neo_dunkelgrau_Rendering.jpg\",\"datePublished\":\"2025-01-08T10:58:07+00:00\",\"dateModified\":\"2025-03-10T10:02:52+00:00\",\"description\":\"Kit de montage pour le biohort Bikelift. Permet le montage dans un abri de jardin Biohort si le Velolift a \u00e9t\u00e9 achet\u00e9 pour un montage mural.\",\"breadcrumb\":{\"@id\":\"https:\\\/\\\/www.softub.ch\\\/produit\\\/montageset-fuer-den-biohort-bikelift\\\/#breadcrumb\"},\"inLanguage\":\"fr-FR\",\"potentialAction\":[{\"@type\":\"ReadAction\",\"target\":[\"https:\\\/\\\/www.softub.ch\\\/produit\\\/montageset-fuer-den-biohort-bikelift\\\/\"]}]},{\"@type\":\"ImageObject\",\"inLanguage\":\"fr-FR\",\"@id\":\"https:\\\/\\\/www.softub.ch\\\/produit\\\/montageset-fuer-den-biohort-bikelift\\\/#primaryimage\",\"url\":\"https:\\\/\\\/www.softub.ch\\\/wp-content\\\/uploads\\\/49058_BikeLift_Montageset_Neo_dunkelgrau_Rendering.jpg\",\"contentUrl\":\"https:\\\/\\\/www.softub.ch\\\/wp-content\\\/uploads\\\/49058_BikeLift_Montageset_Neo_dunkelgrau_Rendering.jpg\",\"width\":1772,\"height\":2156,\"caption\":\"Kit de montage pour le Bikelift Biohort, compos\u00e9 de supports argent\u00e9s, d'\u00e9l\u00e9ments de fixation et de vis et \u00e9crous argent\u00e9s. Set de montage pour le Biohort Bikelift\"},{\"@type\":\"BreadcrumbList\",\"@id\":\"https:\\\/\\\/www.softub.ch\\\/produit\\\/montageset-fuer-den-biohort-bikelift\\\/#breadcrumb\",\"itemListElement\":[{\"@type\":\"ListItem\",\"position\":1,\"name\":\"Startseite\",\"item\":\"https:\\\/\\\/www.softub.ch\\\/fr\\\/\"},{\"@type\":\"ListItem\",\"position\":2,\"name\":\"Shop\",\"item\":\"https:\\\/\\\/www.softub.ch\\\/fr\\\/softub-suisse-shop\\\/\"},{\"@type\":\"ListItem\",\"position\":3,\"name\":\"biohort BIKELIFT Kit de montage pour abris de jardin\"}]},{\"@type\":\"WebSite\",\"@id\":\"https:\\\/\\\/www.softub.ch\\\/fr\\\/#website\",\"url\":\"https:\\\/\\\/www.softub.ch\\\/fr\\\/\",\"name\":\"Softub Schweiz\",\"description\":\"Softub - Wir machen Ferien Zuhause\",\"publisher\":{\"@id\":\"https:\\\/\\\/www.softub.ch\\\/fr\\\/#organization\"},\"potentialAction\":[{\"@type\":\"SearchAction\",\"target\":{\"@type\":\"EntryPoint\",\"urlTemplate\":\"https:\\\/\\\/www.softub.ch\\\/fr\\\/?s={search_term_string}\"},\"query-input\":{\"@type\":\"PropertyValueSpecification\",\"valueRequired\":true,\"valueName\":\"search_term_string\"}}],\"inLanguage\":\"fr-FR\"},{\"@type\":\"Organization\",\"@id\":\"https:\\\/\\\/www.softub.ch\\\/fr\\\/#organization\",\"name\":\"Softub Schweiz AG\",\"url\":\"https:\\\/\\\/www.softub.ch\\\/fr\\\/\",\"logo\":{\"@type\":\"ImageObject\",\"inLanguage\":\"fr-FR\",\"@id\":\"https:\\\/\\\/www.softub.ch\\\/fr\\\/#\\\/schema\\\/logo\\\/image\\\/\",\"url\":\"https:\\\/\\\/www.softub.ch\\\/wp-content\\\/uploads\\\/Softub-Logo-Softub-Schweiz-.png\",\"contentUrl\":\"https:\\\/\\\/www.softub.ch\\\/wp-content\\\/uploads\\\/Softub-Logo-Softub-Schweiz-.png\",\"width\":200,\"height\":73,\"caption\":\"Softub Schweiz AG\"},\"image\":{\"@id\":\"https:\\\/\\\/www.softub.ch\\\/fr\\\/#\\\/schema\\\/logo\\\/image\\\/\"},\"sameAs\":[\"https:\\\/\\\/www.facebook.com\\\/softubschweiz\",\"https:\\\/\\\/www.instagram.com\\\/softub_schweiz\\\/\",\"https:\\\/\\\/ch.pinterest.com\\\/softub_schweiz\\\/\",\"https:\\\/\\\/www.linkedin.com\\\/company\\\/softub-schweiz-ag\\\/\"]}]}<\/script>\n<!-- \/ Yoast SEO Premium plugin. -->","yoast_head_json":{"title":"Kit de montage pour le Bikelift Biohort - Softub Schweiz","description":"Kit de montage pour le biohort Bikelift. Permet le montage dans un abri de jardin Biohort si le Velolift a \u00e9t\u00e9 achet\u00e9 pour un montage mural.","robots":{"index":"index","follow":"follow","max-snippet":"max-snippet:-1","max-image-preview":"max-image-preview:large","max-video-preview":"max-video-preview:-1"},"canonical":"https:\/\/www.softub.ch\/produit\/montageset-fuer-den-biohort-bikelift\/","og_locale":"fr_FR","og_type":"article","og_title":"biohort BIKELIFT Kit de montage pour abris de jardin","og_description":"Kit de montage pour le biohort Bikelift. Permet le montage dans un abri de jardin Biohort si le Velolift a \u00e9t\u00e9 achet\u00e9 pour un montage mural.","og_url":"https:\/\/www.softub.ch\/produit\/montageset-fuer-den-biohort-bikelift\/","og_site_name":"Softub Schweiz","article_publisher":"https:\/\/www.facebook.com\/softubschweiz","article_modified_time":"2025-03-10T10:02:52+00:00","og_image":[{"width":1772,"height":2156,"url":"https:\/\/www.softub.ch\/wp-content\/uploads\/49058_BikeLift_Montageset_Neo_dunkelgrau_Rendering.jpg","type":"image\/jpeg"}],"twitter_card":"summary_large_image","twitter_misc":{"Dur\u00e9e de lecture estim\u00e9e":"6 minutes"},"schema":{"@context":"https:\/\/schema.org","@graph":[{"@type":"WebPage","@id":"https:\/\/www.softub.ch\/produit\/montageset-fuer-den-biohort-bikelift\/","url":"https:\/\/www.softub.ch\/produit\/montageset-fuer-den-biohort-bikelift\/","name":"Kit de montage pour le Bikelift Biohort - Softub Schweiz","isPartOf":{"@id":"https:\/\/www.softub.ch\/fr\/#website"},"primaryImageOfPage":{"@id":"https:\/\/www.softub.ch\/produit\/montageset-fuer-den-biohort-bikelift\/#primaryimage"},"image":{"@id":"https:\/\/www.softub.ch\/produit\/montageset-fuer-den-biohort-bikelift\/#primaryimage"},"thumbnailUrl":"https:\/\/www.softub.ch\/wp-content\/uploads\/49058_BikeLift_Montageset_Neo_dunkelgrau_Rendering.jpg","datePublished":"2025-01-08T10:58:07+00:00","dateModified":"2025-03-10T10:02:52+00:00","description":"Kit de montage pour le biohort Bikelift. Permet le montage dans un abri de jardin Biohort si le Velolift a \u00e9t\u00e9 achet\u00e9 pour un montage mural.","breadcrumb":{"@id":"https:\/\/www.softub.ch\/produit\/montageset-fuer-den-biohort-bikelift\/#breadcrumb"},"inLanguage":"fr-FR","potentialAction":[{"@type":"ReadAction","target":["https:\/\/www.softub.ch\/produit\/montageset-fuer-den-biohort-bikelift\/"]}]},{"@type":"ImageObject","inLanguage":"fr-FR","@id":"https:\/\/www.softub.ch\/produit\/montageset-fuer-den-biohort-bikelift\/#primaryimage","url":"https:\/\/www.softub.ch\/wp-content\/uploads\/49058_BikeLift_Montageset_Neo_dunkelgrau_Rendering.jpg","contentUrl":"https:\/\/www.softub.ch\/wp-content\/uploads\/49058_BikeLift_Montageset_Neo_dunkelgrau_Rendering.jpg","width":1772,"height":2156,"caption":"Kit de montage pour le Bikelift Biohort, compos\u00e9 de supports argent\u00e9s, d'\u00e9l\u00e9ments de fixation et de vis et \u00e9crous argent\u00e9s. Set de montage pour le Biohort Bikelift"},{"@type":"BreadcrumbList","@id":"https:\/\/www.softub.ch\/produit\/montageset-fuer-den-biohort-bikelift\/#breadcrumb","itemListElement":[{"@type":"ListItem","position":1,"name":"Startseite","item":"https:\/\/www.softub.ch\/fr\/"},{"@type":"ListItem","position":2,"name":"Shop","item":"https:\/\/www.softub.ch\/fr\/softub-suisse-shop\/"},{"@type":"ListItem","position":3,"name":"biohort BIKELIFT Kit de montage pour abris de jardin"}]},{"@type":"WebSite","@id":"https:\/\/www.softub.ch\/fr\/#website","url":"https:\/\/www.softub.ch\/fr\/","name":"Softub Schweiz","description":"Softub - Wir machen Ferien Zuhause","publisher":{"@id":"https:\/\/www.softub.ch\/fr\/#organization"},"potentialAction":[{"@type":"SearchAction","target":{"@type":"EntryPoint","urlTemplate":"https:\/\/www.softub.ch\/fr\/?s={search_term_string}"},"query-input":{"@type":"PropertyValueSpecification","valueRequired":true,"valueName":"search_term_string"}}],"inLanguage":"fr-FR"},{"@type":"Organization","@id":"https:\/\/www.softub.ch\/fr\/#organization","name":"Softub Schweiz AG","url":"https:\/\/www.softub.ch\/fr\/","logo":{"@type":"ImageObject","inLanguage":"fr-FR","@id":"https:\/\/www.softub.ch\/fr\/#\/schema\/logo\/image\/","url":"https:\/\/www.softub.ch\/wp-content\/uploads\/Softub-Logo-Softub-Schweiz-.png","contentUrl":"https:\/\/www.softub.ch\/wp-content\/uploads\/Softub-Logo-Softub-Schweiz-.png","width":200,"height":73,"caption":"Softub Schweiz AG"},"image":{"@id":"https:\/\/www.softub.ch\/fr\/#\/schema\/logo\/image\/"},"sameAs":["https:\/\/www.facebook.com\/softubschweiz","https:\/\/www.instagram.com\/softub_schweiz\/","https:\/\/ch.pinterest.com\/softub_schweiz\/","https:\/\/www.linkedin.com\/company\/softub-schweiz-ag\/"]}]}},"_links":{"self":[{"href":"https:\/\/www.softub.ch\/fr\/wp-json\/wp\/v2\/product\/66554","targetHints":{"allow":["GET"]}}],"collection":[{"href":"https:\/\/www.softub.ch\/fr\/wp-json\/wp\/v2\/product"}],"about":[{"href":"https:\/\/www.softub.ch\/fr\/wp-json\/wp\/v2\/types\/product"}],"wp:featuredmedia":[{"embeddable":true,"href":"https:\/\/www.softub.ch\/fr\/wp-json\/wp\/v2\/media\/66568"}],"wp:attachment":[{"href":"https:\/\/www.softub.ch\/fr\/wp-json\/wp\/v2\/media?parent=66554"}],"wp:term":[{"taxonomy":"product_brand","embeddable":true,"href":"https:\/\/www.softub.ch\/fr\/wp-json\/wp\/v2\/product_brand?post=66554"},{"taxonomy":"product_cat","embeddable":true,"href":"https:\/\/www.softub.ch\/fr\/wp-json\/wp\/v2\/product_cat?post=66554"},{"taxonomy":"product_tag","embeddable":true,"href":"https:\/\/www.softub.ch\/fr\/wp-json\/wp\/v2\/product_tag?post=66554"},{"taxonomy":"woo-feed-brand","embeddable":true,"href":"https:\/\/www.softub.ch\/fr\/wp-json\/wp\/v2\/woo-feed-brand?post=66554"}],"curies":[{"name":"wp","href":"https:\/\/api.w.org\/{rel}","templated":true}]}}