{"id":66910,"date":"2025-01-13T15:49:23","date_gmt":"2025-01-13T14:49:23","guid":{"rendered":"https:\/\/www.softub.ch\/?post_type=product&#038;p=66910"},"modified":"2025-01-23T10:37:46","modified_gmt":"2025-01-23T09:37:46","slug":"biohort-steuerungsset","status":"publish","type":"product","link":"https:\/\/www.softub.ch\/fr\/produit\/biohort-steuerungsset\/","title":{"rendered":"biohort Pergola Steuerungsset"},"content":{"rendered":"<div class=\"fusion-fullwidth fullwidth-box fusion-builder-row-1 fusion-flex-container has-pattern-background has-mask-background nonhundred-percent-fullwidth non-hundred-percent-height-scrolling\" style=\"--awb-border-radius-top-left:0px;--awb-border-radius-top-right:0px;--awb-border-radius-bottom-right:0px;--awb-border-radius-bottom-left:0px;--awb-flex-wrap:wrap;\" ><div class=\"fusion-builder-row fusion-row fusion-flex-align-items-flex-start fusion-flex-content-wrap\" style=\"max-width:1248px;margin-left: calc(-4% \/ 2 );margin-right: calc(-4% \/ 2 );\"><div class=\"fusion-layout-column fusion_builder_column fusion-builder-column-0 fusion_builder_column_4_5 4_5 fusion-flex-column\" style=\"--awb-bg-size:cover;--awb-width-large:80%;--awb-margin-top-large:0px;--awb-spacing-right-large:2.4%;--awb-margin-bottom-large:20px;--awb-spacing-left-large:2.4%;--awb-width-medium:100%;--awb-order-medium:0;--awb-spacing-right-medium:1.92%;--awb-spacing-left-medium:1.92%;--awb-width-small:100%;--awb-order-small:0;--awb-spacing-right-small:1.92%;--awb-spacing-left-small:1.92%;\"><div class=\"fusion-column-wrapper fusion-column-has-shadow fusion-flex-justify-content-flex-start fusion-content-layout-column\"><div class=\"fusion-text fusion-text-1\"><h1>Biohort Steuerungsset<\/h1>\n<p>Das Biohort Steuerungsset mit Fernbedienung. Dank eigens f\u00fcr Biohort entwickelter Steuerung, Fernbedienung, Netzteil (max. 320W) und Verl\u00e4ngerungskabel kann der Elektroantrieb und\/oder die dimmbare LED-Beleuchtung jederzeit bequem nachger\u00fcstet werden.<\/p>\n<h3 class=\"fusion-responsive-typography-calculated\" data-fontsize=\"18\" data-lineheight=\"27px\"><strong>Zubeh\u00f6r f\u00fcr Ihr Zuhause:<\/strong><\/h3>\n<div id=\"colors-and-sizes\" class=\"tab-holder\">\n<div class=\"tab-wrapper\">\n<div class=\"tab-content colors-and-sizes\">\n<div class=\"api-content\">\n<div id=\"c8205\" class=\"ecx-cframe ecx-layout0 ecx-imagepos-17 \">\n<div class=\"ecx-ctype ecx-ctype-textmedia\">\n<div class=\"ce-textpic ce-right ce-intext\">\n<div class=\"ce-bodytext\">\n<p>Wir haben ein reichhaltiges Zubeh\u00f6rsortiment f\u00fcr Sie zusammengestellt, so dass Sie sich die passenden Produkte in Ruhe in unserem Onlineshop ausw\u00e4hlen k\u00f6nnen. Wenn Sie sich dar\u00fcber hinaus Ihre ganz pers\u00f6nliche Wellness-Oase schaffen wollen, so schauen Sie sich doch einfach unsere Softub\u00a0<a href=\"https:\/\/www.softub.ch\/fr\/softub-suisse-shop\/softub-spa\/\" target=\"_blank\" rel=\"noopener\">Whirlpools<\/a>\u00a0oder\u00a0<a href=\"https:\/\/softub.ch\/shop\/saunen-zubehoer\/\" target=\"_blank\" rel=\"noopener\">Weka Saunen<\/a>\u00a0an \u2013 eventuell auch in Kombination mit einem\u00a0<a href=\"https:\/\/meinschattenspender.ch\/\">Unosider-<\/a><a href=\"https:\/\/meinschattenspender.ch\/\">Pavillon<\/a>.<\/p>\n<p>Wir beraten Sie gerne, telefonisch, in einem unserer Showrooms oder bei Ihnen Zuhause.<\/p>\n<\/div>\n<\/div>\n<\/div>\n<\/div>\n<\/div>\n<\/div>\n<\/div>\n<\/div>\n<\/div><\/div><\/div><\/div><\/div>\n","protected":false},"excerpt":{"rendered":"<h2>biohort Steuerungsset<\/h2>\n<p>Zum Verstellen der biohort Pergola Dachlamellen.<\/p>\n","protected":false},"featured_media":67156,"template":"","meta":{"_acf_changed":false},"product_brand":[],"product_cat":[6275],"product_tag":[8587,9004,9027,2315,4949],"woo-feed-brand":[],"class_list":{"0":"post-66910","1":"product","2":"type-product","3":"status-publish","4":"has-post-thumbnail","6":"product_cat-accessoires-et-pieces-detachees-biohort","7":"product_tag-biohort-fr","8":"product_tag-biohort-pergola-fr","9":"product_tag-pergola-elektroantrieb-fr","10":"product_tag-softub-fr-2","11":"product_tag-softub-suisse","12":"product_shipping_class-biohort-kostenlose-lieferung","14":"first","15":"instock","16":"sale","17":"taxable","18":"shipping-taxable","19":"purchasable","20":"product-type-variable"},"acf":[],"yoast_head":"<!-- This site is optimized with the Yoast SEO Premium plugin v27.4 (Yoast SEO v27.4) - https:\/\/yoast.com\/product\/yoast-seo-premium-wordpress\/ -->\n<title>biohort Steuerungsset - Softub Schweiz<\/title>\n<meta name=\"description\" content=\"Biohort Steuerungsset mit Fernbedienung, Netzteil und Verl\u00e4ngerungskabel. Biohort Zubeh\u00f6r und Ersatzteile f\u00fcr die biohort Pergola bei Softub Schweiz.\" \/>\n<meta name=\"robots\" content=\"index, follow, max-snippet:-1, max-image-preview:large, max-video-preview:-1\" \/>\n<link rel=\"canonical\" href=\"https:\/\/www.softub.ch\/fr\/produit\/biohort-steuerungsset\/\" \/>\n<meta property=\"og:locale\" content=\"fr_FR\" \/>\n<meta property=\"og:type\" content=\"article\" \/>\n<meta property=\"og:title\" content=\"biohort Pergola Steuerungsset\" \/>\n<meta property=\"og:description\" content=\"Biohort Steuerungsset mit Fernbedienung, Netzteil und Verl\u00e4ngerungskabel. Biohort Zubeh\u00f6r und Ersatzteile f\u00fcr die biohort Pergola bei Softub Schweiz.\" \/>\n<meta property=\"og:url\" content=\"https:\/\/www.softub.ch\/fr\/produit\/biohort-steuerungsset\/\" \/>\n<meta property=\"og:site_name\" content=\"Softub Schweiz\" \/>\n<meta property=\"article:publisher\" content=\"https:\/\/www.facebook.com\/softubschweiz\" \/>\n<meta property=\"article:modified_time\" content=\"2025-01-23T09:37:46+00:00\" \/>\n<meta property=\"og:image\" content=\"https:\/\/www.softub.ch\/wp-content\/uploads\/Biohort_Steuerungsset_CH_Elektroantrieb_LED-Beleuchtung_Collage_Zubehoer_Softub_Schweiz-scaled.jpg\" \/>\n\t<meta property=\"og:image:width\" content=\"2560\" \/>\n\t<meta property=\"og:image:height\" content=\"1551\" \/>\n\t<meta property=\"og:image:type\" content=\"image\/jpeg\" \/>\n<meta name=\"twitter:card\" content=\"summary_large_image\" \/>\n<meta name=\"twitter:label1\" content=\"Dur\u00e9e de lecture estim\u00e9e\" \/>\n\t<meta name=\"twitter:data1\" content=\"6 minutes\" \/>\n<script type=\"application\/ld+json\" class=\"yoast-schema-graph\">{\"@context\":\"https:\\\/\\\/schema.org\",\"@graph\":[{\"@type\":\"WebPage\",\"@id\":\"https:\\\/\\\/www.softub.ch\\\/fr\\\/produit\\\/biohort-steuerungsset\\\/\",\"url\":\"https:\\\/\\\/www.softub.ch\\\/fr\\\/produit\\\/biohort-steuerungsset\\\/\",\"name\":\"biohort Steuerungsset - Softub Schweiz\",\"isPartOf\":{\"@id\":\"https:\\\/\\\/www.softub.ch\\\/fr\\\/#website\"},\"primaryImageOfPage\":{\"@id\":\"https:\\\/\\\/www.softub.ch\\\/fr\\\/produit\\\/biohort-steuerungsset\\\/#primaryimage\"},\"image\":{\"@id\":\"https:\\\/\\\/www.softub.ch\\\/fr\\\/produit\\\/biohort-steuerungsset\\\/#primaryimage\"},\"thumbnailUrl\":\"https:\\\/\\\/www.softub.ch\\\/wp-content\\\/uploads\\\/Biohort_Steuerungsset_CH_Elektroantrieb_LED-Beleuchtung_Collage_Zubehoer_Softub_Schweiz-scaled.jpg\",\"datePublished\":\"2025-01-13T14:49:23+00:00\",\"dateModified\":\"2025-01-23T09:37:46+00:00\",\"description\":\"Biohort Steuerungsset mit Fernbedienung, Netzteil und Verl\u00e4ngerungskabel. Biohort Zubeh\u00f6r und Ersatzteile f\u00fcr die biohort Pergola bei Softub Schweiz.\",\"breadcrumb\":{\"@id\":\"https:\\\/\\\/www.softub.ch\\\/fr\\\/produit\\\/biohort-steuerungsset\\\/#breadcrumb\"},\"inLanguage\":\"fr-FR\",\"potentialAction\":[{\"@type\":\"ReadAction\",\"target\":[\"https:\\\/\\\/www.softub.ch\\\/fr\\\/produit\\\/biohort-steuerungsset\\\/\"]}]},{\"@type\":\"ImageObject\",\"inLanguage\":\"fr-FR\",\"@id\":\"https:\\\/\\\/www.softub.ch\\\/fr\\\/produit\\\/biohort-steuerungsset\\\/#primaryimage\",\"url\":\"https:\\\/\\\/www.softub.ch\\\/wp-content\\\/uploads\\\/Biohort_Steuerungsset_CH_Elektroantrieb_LED-Beleuchtung_Collage_Zubehoer_Softub_Schweiz-scaled.jpg\",\"contentUrl\":\"https:\\\/\\\/www.softub.ch\\\/wp-content\\\/uploads\\\/Biohort_Steuerungsset_CH_Elektroantrieb_LED-Beleuchtung_Collage_Zubehoer_Softub_Schweiz-scaled.jpg\",\"width\":2560,\"height\":1551,\"caption\":\"Steuerungsset mit Zubeh\u00f6r Softub Schweiz\"},{\"@type\":\"BreadcrumbList\",\"@id\":\"https:\\\/\\\/www.softub.ch\\\/fr\\\/produit\\\/biohort-steuerungsset\\\/#breadcrumb\",\"itemListElement\":[{\"@type\":\"ListItem\",\"position\":1,\"name\":\"Startseite\",\"item\":\"https:\\\/\\\/www.softub.ch\\\/fr\\\/\"},{\"@type\":\"ListItem\",\"position\":2,\"name\":\"Shop\",\"item\":\"https:\\\/\\\/www.softub.ch\\\/fr\\\/softub-suisse-shop\\\/\"},{\"@type\":\"ListItem\",\"position\":3,\"name\":\"biohort Pergola Steuerungsset\"}]},{\"@type\":\"WebSite\",\"@id\":\"https:\\\/\\\/www.softub.ch\\\/fr\\\/#website\",\"url\":\"https:\\\/\\\/www.softub.ch\\\/fr\\\/\",\"name\":\"Softub Schweiz\",\"description\":\"Softub - Wir machen Ferien Zuhause\",\"publisher\":{\"@id\":\"https:\\\/\\\/www.softub.ch\\\/fr\\\/#organization\"},\"potentialAction\":[{\"@type\":\"SearchAction\",\"target\":{\"@type\":\"EntryPoint\",\"urlTemplate\":\"https:\\\/\\\/www.softub.ch\\\/fr\\\/?s={search_term_string}\"},\"query-input\":{\"@type\":\"PropertyValueSpecification\",\"valueRequired\":true,\"valueName\":\"search_term_string\"}}],\"inLanguage\":\"fr-FR\"},{\"@type\":\"Organization\",\"@id\":\"https:\\\/\\\/www.softub.ch\\\/fr\\\/#organization\",\"name\":\"Softub Schweiz AG\",\"url\":\"https:\\\/\\\/www.softub.ch\\\/fr\\\/\",\"logo\":{\"@type\":\"ImageObject\",\"inLanguage\":\"fr-FR\",\"@id\":\"https:\\\/\\\/www.softub.ch\\\/fr\\\/#\\\/schema\\\/logo\\\/image\\\/\",\"url\":\"https:\\\/\\\/www.softub.ch\\\/wp-content\\\/uploads\\\/Softub-Logo-Softub-Schweiz-.png\",\"contentUrl\":\"https:\\\/\\\/www.softub.ch\\\/wp-content\\\/uploads\\\/Softub-Logo-Softub-Schweiz-.png\",\"width\":200,\"height\":73,\"caption\":\"Softub Schweiz AG\"},\"image\":{\"@id\":\"https:\\\/\\\/www.softub.ch\\\/fr\\\/#\\\/schema\\\/logo\\\/image\\\/\"},\"sameAs\":[\"https:\\\/\\\/www.facebook.com\\\/softubschweiz\",\"https:\\\/\\\/www.instagram.com\\\/softub_schweiz\\\/\",\"https:\\\/\\\/ch.pinterest.com\\\/softub_schweiz\\\/\",\"https:\\\/\\\/www.linkedin.com\\\/company\\\/softub-schweiz-ag\\\/\"]}]}<\/script>\n<!-- \/ Yoast SEO Premium plugin. -->","yoast_head_json":{"title":"biohort Steuerungsset - Softub Schweiz","description":"Biohort Steuerungsset mit Fernbedienung, Netzteil und Verl\u00e4ngerungskabel. Biohort Zubeh\u00f6r und Ersatzteile f\u00fcr die biohort Pergola bei Softub Schweiz.","robots":{"index":"index","follow":"follow","max-snippet":"max-snippet:-1","max-image-preview":"max-image-preview:large","max-video-preview":"max-video-preview:-1"},"canonical":"https:\/\/www.softub.ch\/fr\/produit\/biohort-steuerungsset\/","og_locale":"fr_FR","og_type":"article","og_title":"biohort Pergola Steuerungsset","og_description":"Biohort Steuerungsset mit Fernbedienung, Netzteil und Verl\u00e4ngerungskabel. Biohort Zubeh\u00f6r und Ersatzteile f\u00fcr die biohort Pergola bei Softub Schweiz.","og_url":"https:\/\/www.softub.ch\/fr\/produit\/biohort-steuerungsset\/","og_site_name":"Softub Schweiz","article_publisher":"https:\/\/www.facebook.com\/softubschweiz","article_modified_time":"2025-01-23T09:37:46+00:00","og_image":[{"width":2560,"height":1551,"url":"https:\/\/www.softub.ch\/wp-content\/uploads\/Biohort_Steuerungsset_CH_Elektroantrieb_LED-Beleuchtung_Collage_Zubehoer_Softub_Schweiz-scaled.jpg","type":"image\/jpeg"}],"twitter_card":"summary_large_image","twitter_misc":{"Dur\u00e9e de lecture estim\u00e9e":"6 minutes"},"schema":{"@context":"https:\/\/schema.org","@graph":[{"@type":"WebPage","@id":"https:\/\/www.softub.ch\/fr\/produit\/biohort-steuerungsset\/","url":"https:\/\/www.softub.ch\/fr\/produit\/biohort-steuerungsset\/","name":"biohort Steuerungsset - Softub Schweiz","isPartOf":{"@id":"https:\/\/www.softub.ch\/fr\/#website"},"primaryImageOfPage":{"@id":"https:\/\/www.softub.ch\/fr\/produit\/biohort-steuerungsset\/#primaryimage"},"image":{"@id":"https:\/\/www.softub.ch\/fr\/produit\/biohort-steuerungsset\/#primaryimage"},"thumbnailUrl":"https:\/\/www.softub.ch\/wp-content\/uploads\/Biohort_Steuerungsset_CH_Elektroantrieb_LED-Beleuchtung_Collage_Zubehoer_Softub_Schweiz-scaled.jpg","datePublished":"2025-01-13T14:49:23+00:00","dateModified":"2025-01-23T09:37:46+00:00","description":"Biohort Steuerungsset mit Fernbedienung, Netzteil und Verl\u00e4ngerungskabel. Biohort Zubeh\u00f6r und Ersatzteile f\u00fcr die biohort Pergola bei Softub Schweiz.","breadcrumb":{"@id":"https:\/\/www.softub.ch\/fr\/produit\/biohort-steuerungsset\/#breadcrumb"},"inLanguage":"fr-FR","potentialAction":[{"@type":"ReadAction","target":["https:\/\/www.softub.ch\/fr\/produit\/biohort-steuerungsset\/"]}]},{"@type":"ImageObject","inLanguage":"fr-FR","@id":"https:\/\/www.softub.ch\/fr\/produit\/biohort-steuerungsset\/#primaryimage","url":"https:\/\/www.softub.ch\/wp-content\/uploads\/Biohort_Steuerungsset_CH_Elektroantrieb_LED-Beleuchtung_Collage_Zubehoer_Softub_Schweiz-scaled.jpg","contentUrl":"https:\/\/www.softub.ch\/wp-content\/uploads\/Biohort_Steuerungsset_CH_Elektroantrieb_LED-Beleuchtung_Collage_Zubehoer_Softub_Schweiz-scaled.jpg","width":2560,"height":1551,"caption":"Steuerungsset mit Zubeh\u00f6r Softub Schweiz"},{"@type":"BreadcrumbList","@id":"https:\/\/www.softub.ch\/fr\/produit\/biohort-steuerungsset\/#breadcrumb","itemListElement":[{"@type":"ListItem","position":1,"name":"Startseite","item":"https:\/\/www.softub.ch\/fr\/"},{"@type":"ListItem","position":2,"name":"Shop","item":"https:\/\/www.softub.ch\/fr\/softub-suisse-shop\/"},{"@type":"ListItem","position":3,"name":"biohort Pergola Steuerungsset"}]},{"@type":"WebSite","@id":"https:\/\/www.softub.ch\/fr\/#website","url":"https:\/\/www.softub.ch\/fr\/","name":"Softub Schweiz","description":"Softub - Wir machen Ferien Zuhause","publisher":{"@id":"https:\/\/www.softub.ch\/fr\/#organization"},"potentialAction":[{"@type":"SearchAction","target":{"@type":"EntryPoint","urlTemplate":"https:\/\/www.softub.ch\/fr\/?s={search_term_string}"},"query-input":{"@type":"PropertyValueSpecification","valueRequired":true,"valueName":"search_term_string"}}],"inLanguage":"fr-FR"},{"@type":"Organization","@id":"https:\/\/www.softub.ch\/fr\/#organization","name":"Softub Schweiz AG","url":"https:\/\/www.softub.ch\/fr\/","logo":{"@type":"ImageObject","inLanguage":"fr-FR","@id":"https:\/\/www.softub.ch\/fr\/#\/schema\/logo\/image\/","url":"https:\/\/www.softub.ch\/wp-content\/uploads\/Softub-Logo-Softub-Schweiz-.png","contentUrl":"https:\/\/www.softub.ch\/wp-content\/uploads\/Softub-Logo-Softub-Schweiz-.png","width":200,"height":73,"caption":"Softub Schweiz AG"},"image":{"@id":"https:\/\/www.softub.ch\/fr\/#\/schema\/logo\/image\/"},"sameAs":["https:\/\/www.facebook.com\/softubschweiz","https:\/\/www.instagram.com\/softub_schweiz\/","https:\/\/ch.pinterest.com\/softub_schweiz\/","https:\/\/www.linkedin.com\/company\/softub-schweiz-ag\/"]}]}},"_links":{"self":[{"href":"https:\/\/www.softub.ch\/fr\/wp-json\/wp\/v2\/product\/66910","targetHints":{"allow":["GET"]}}],"collection":[{"href":"https:\/\/www.softub.ch\/fr\/wp-json\/wp\/v2\/product"}],"about":[{"href":"https:\/\/www.softub.ch\/fr\/wp-json\/wp\/v2\/types\/product"}],"wp:featuredmedia":[{"embeddable":true,"href":"https:\/\/www.softub.ch\/fr\/wp-json\/wp\/v2\/media\/67156"}],"wp:attachment":[{"href":"https:\/\/www.softub.ch\/fr\/wp-json\/wp\/v2\/media?parent=66910"}],"wp:term":[{"taxonomy":"product_brand","embeddable":true,"href":"https:\/\/www.softub.ch\/fr\/wp-json\/wp\/v2\/product_brand?post=66910"},{"taxonomy":"product_cat","embeddable":true,"href":"https:\/\/www.softub.ch\/fr\/wp-json\/wp\/v2\/product_cat?post=66910"},{"taxonomy":"product_tag","embeddable":true,"href":"https:\/\/www.softub.ch\/fr\/wp-json\/wp\/v2\/product_tag?post=66910"},{"taxonomy":"woo-feed-brand","embeddable":true,"href":"https:\/\/www.softub.ch\/fr\/wp-json\/wp\/v2\/woo-feed-brand?post=66910"}],"curies":[{"name":"wp","href":"https:\/\/api.w.org\/{rel}","templated":true}]}}