{"id":69879,"date":"2021-02-03T14:42:35","date_gmt":"2021-02-03T14:42:35","guid":{"rendered":"https:\/\/www.softub.ch\/product\/spazazz-destination-kristalle\/"},"modified":"2025-04-09T11:37:28","modified_gmt":"2025-04-09T09:37:28","slug":"spazazz-destination-kristalle","status":"publish","type":"product","link":"https:\/\/www.softub.ch\/fr\/produit\/spazazz-destination-kristalle\/","title":{"rendered":"Spazazz Destination Kristalle &#8211; weg von der Realit\u00e4t"},"content":{"rendered":"<div class=\"fusion-fullwidth fullwidth-box fusion-builder-row-1 fusion-flex-container nonhundred-percent-fullwidth non-hundred-percent-height-scrolling\" style=\"--awb-border-radius-top-left:0px;--awb-border-radius-top-right:0px;--awb-border-radius-bottom-right:0px;--awb-border-radius-bottom-left:0px;--awb-flex-wrap:wrap;\" ><div class=\"fusion-builder-row fusion-row fusion-flex-align-items-flex-start fusion-flex-content-wrap\" style=\"max-width:1248px;margin-left: calc(-4% \/ 2 );margin-right: calc(-4% \/ 2 );\"><div class=\"fusion-layout-column fusion_builder_column fusion-builder-column-0 fusion_builder_column_1_1 1_1 fusion-flex-column\" style=\"--awb-bg-size:cover;--awb-width-large:100%;--awb-margin-top-large:0px;--awb-spacing-right-large:1.92%;--awb-margin-bottom-large:0px;--awb-spacing-left-large:1.92%;--awb-width-medium:100%;--awb-spacing-right-medium:1.92%;--awb-spacing-left-medium:1.92%;--awb-width-small:100%;--awb-spacing-right-small:1.92%;--awb-spacing-left-small:1.92%;\"><div class=\"fusion-column-wrapper fusion-flex-justify-content-flex-start fusion-content-layout-column\"><div class=\"fusion-text fusion-text-1\"><h1><span style=\"color: #429bba;\">Spazazz Destination Kristalle<\/span><\/h1>\n<p>Die Spazazz Destination Kristalle sind ein erschwinglicher Genuss, der Ihr Whirlpool-Erlebnis bei jedem Einstieg verbessern wird. Die feuchtigkeitsspendenden Botanicals erh\u00f6hen die Hautfeuchtigkeit und verw\u00f6hnen Ihre Haut, w\u00e4hrend die lang anhaltenden Aromen Ihre Sinne beruhigen.<\/p>\n<p>Die Kristalle wurden speziell f\u00fcr die Verwendung in Spas, Whirlpools und Badewannen entwickelt. Sie wirken sich nicht nachteilig auf das Wasser Ihres Whirlpools aus und hinterlassen keine \u00f6ligen R\u00fcckst\u00e4nde.<\/p>\n<h3>Vorteile:<\/h3>\n<ul>\n<li>Mit nat\u00fcrlichen Inhaltsstoffe<\/li>\n<li>Spa Sicher &amp; \u00d6lfrei<\/li>\n<li>Entz\u00fcndungshemmend<\/li>\n<li>Stressabbauend<\/li>\n<\/ul>\n<h3>Drei verschiedene D\u00fcfte:<\/h3>\n<ul>\n<li><strong>City of Love<\/strong> &#8211; Verlieben Sie sich in den \u00fcppigen Duft der sch\u00f6nen Blumen und Frischobst\u00e4nde, die verlockenden Aromen der nahen Patisserie und die berauschenden D\u00fcfte der Passanten auf den Champs-Elyse\u00e9s, wenn die Nacht auf die Stadt der Lichter f\u00e4llt.<\/li>\n<li><strong>Aloha Paradise<\/strong> &#8211; Begr\u00fcssen Sie das Paradies mit einem unvergesslichen Lai, entspannen Sie sich in einem Strandstuhl mit Ihren Zehen im Sand und einem tropischen Drink in der Hand. Lassen Sie die warmen, bernsteinfarbenen Zitrusd\u00fcfte auf sich wirken, w\u00e4hrend der Geschmack von salziger Luft auf sonnengek\u00fcsster Haut Ihre Sinne belebt<\/li>\n<li><strong>Big Apple\u00a0<\/strong> &#8211; Das Abenteuer beginnt mit einem sonnigen Morgenspaziergang auf den gewundenen Pfaden des Central Park, ges\u00e4umt von Wildblumen und frisch geschnittenem Gras.<br \/>\nWenn der Tag in die sp\u00e4te Nacht \u00fcbergeht, bringt der Rausch des Broadway den frischen Duft von glitzernden \u00c4pfeln, die Neonlichter des Time Square und die leichte Brise des Hafens hervor.<\/li>\n<\/ul>\n<h3 data-fontsize=\"18\" data-lineheight=\"25\">Gebrauchsanweisung:<\/h3>\n<p>F\u00fcgen sie 28 g. Kristalle zu 380 Liter Wasser in Ihren Spa oder Whirlpool hinzu, um das gew\u00fcnschte Aroma zu erreichen.\u00a0Eine Dose reicht f\u00fcr ca. 15 Badeg\u00e4nge. Der Duft verfl\u00fcchtigt sich innerhalb von ca. 1 Stunde.<\/p>\n<p>Inhalt: 650 gr.<\/p>\n<h3 data-fontsize=\"18\" data-lineheight=\"25\">Extra Zubeh\u00f6r:<\/h3>\n<p>Wir haben ein reichhaltiges Zubeh\u00f6rsortiment f\u00fcr Sie zusammengestellt, so dass Sie sich die passenden Produkte in Ruhe in unserem Onlineshop ausw\u00e4hlen k\u00f6nnen. Wenn Sie sich dar\u00fcber hinaus Ihre ganz pers\u00f6nliche Wellness-Oase schaffen wollen, so schauen Sie sich doch einfach unsere Softub <a href=\"https:\/\/softub.ch\/simply-relaxing\/softub-whirlpools\/\">Whirlpools<\/a> an \u2013 eventuell auch in Kombination mit einem <a href=\"https:\/\/meinschattenspender.ch\/\">Unosider-<\/a><a href=\"https:\/\/meinschattenspender.ch\/\">Pavillon<\/a>.<\/p>\n<p>Wir beraten Sie gerne, telefonisch, in einem unserer Showrooms oder bei Ihnen Zuhause.<\/p>\n<\/div><\/div><\/div><\/div><\/div>\n","protected":false},"excerpt":{"rendered":"<h1><span style=\"color: #429bba;\">Spazazz Destination Kristalle<\/span><\/h1>\n<p>Mit der neuen Destinations-Serie werden Sie zu entfernten Zielen in verschiedenen L\u00e4ndern transportiert und k\u00f6nnen an allem teilnehmen, was diese Orte so wunderbar macht. Lassen Sie Ihre Sinne verw\u00f6hnen und erleben Sie Paris, New York und Hawaii bei sich zu Hause.<\/p>\n","protected":false},"featured_media":24473,"template":"","meta":{"_acf_changed":false},"product_brand":[],"product_cat":[211],"product_tag":[278,9836,9864,9865,9866,9867,9868,9869,4948,277,279,7314,7027,9870,2315,4949,9871,270,256,9872],"woo-feed-brand":[],"class_list":{"0":"post-69879","1":"product","2":"type-product","3":"status-publish","4":"has-post-thumbnail","6":"product_cat-aromatherapie-parfums","7":"product_tag-aromatherapie-fr","8":"product_tag-bathbomb-fr","9":"product_tag-die-besten-whirlpool-duefte-fr","10":"product_tag-duefte-fuer-den-whirlpool-fr","11":"product_tag-fragrances-fr","12":"product_tag-hawaii-fr","13":"product_tag-kristalle-fuer-den-whirlpool-fr","14":"product_tag-new-york-fr","15":"product_tag-oasis-de-wellness","16":"product_tag-parfum","17":"product_tag-parfums","18":"product_tag-parfums-pour-une-spa","19":"product_tag-parfums-spazazz","20":"product_tag-paris-fr","21":"product_tag-softub-fr-2","22":"product_tag-softub-suisse","23":"product_tag-spazazz-kristalle-fr","24":"product_tag-wellness-fr","25":"product_tag-whirlpool-fr","26":"product_tag-whirlpool-kristalle-fr","27":"product_shipping_class-post-15","29":"first","30":"instock","31":"taxable","32":"shipping-taxable","33":"purchasable","34":"product-type-variable"},"acf":[],"yoast_head":"<!-- This site is optimized with the Yoast SEO Premium plugin v27.4 (Yoast SEO v27.4) - https:\/\/yoast.com\/product\/yoast-seo-premium-wordpress\/ -->\n<title>Spazazz Destination Kristalle<\/title>\n<meta name=\"description\" content=\"Spazazz Destination Kristalle transportierrm Sie zu entfernten Zielen in verschiedenen L\u00e4ndern. Mit nat\u00fcrlichen Inhaltsstoffen. Paris, New York, Hawaii\" \/>\n<meta name=\"robots\" content=\"index, follow, max-snippet:-1, max-image-preview:large, max-video-preview:-1\" \/>\n<link rel=\"canonical\" href=\"https:\/\/www.softub.ch\/fr\/produit\/spazazz-destination-kristalle\/\" \/>\n<meta property=\"og:locale\" content=\"fr_FR\" \/>\n<meta property=\"og:type\" content=\"article\" \/>\n<meta property=\"og:title\" content=\"Spazazz Destination Kristalle - weg von der Realit\u00e4t\" \/>\n<meta property=\"og:description\" content=\"Spazazz Destination Kristalle transportierrm Sie zu entfernten Zielen in verschiedenen L\u00e4ndern. Mit nat\u00fcrlichen Inhaltsstoffen. Paris, New York, Hawaii\" \/>\n<meta property=\"og:url\" content=\"https:\/\/www.softub.ch\/fr\/produit\/spazazz-destination-kristalle\/\" \/>\n<meta property=\"og:site_name\" content=\"Softub Schweiz\" \/>\n<meta property=\"article:publisher\" content=\"https:\/\/www.facebook.com\/softubschweiz\" \/>\n<meta property=\"article:modified_time\" content=\"2025-04-09T09:37:28+00:00\" \/>\n<meta property=\"og:image\" content=\"https:\/\/www.softub.ch\/wp-content\/uploads\/Spazazz-Destination-Crystals-Softub-Schweiz-3.jpg\" \/>\n\t<meta property=\"og:image:width\" content=\"825\" \/>\n\t<meta property=\"og:image:height\" content=\"500\" \/>\n\t<meta property=\"og:image:type\" content=\"image\/jpeg\" \/>\n<meta name=\"twitter:card\" content=\"summary_large_image\" \/>\n<meta name=\"twitter:label1\" content=\"Dur\u00e9e de lecture estim\u00e9e\" \/>\n\t<meta name=\"twitter:data1\" content=\"3 minutes\" \/>\n<script type=\"application\/ld+json\" class=\"yoast-schema-graph\">{\"@context\":\"https:\\\/\\\/schema.org\",\"@graph\":[{\"@type\":\"WebPage\",\"@id\":\"https:\\\/\\\/www.softub.ch\\\/fr\\\/produit\\\/spazazz-destination-kristalle\\\/\",\"url\":\"https:\\\/\\\/www.softub.ch\\\/fr\\\/produit\\\/spazazz-destination-kristalle\\\/\",\"name\":\"Spazazz Destination Kristalle\",\"isPartOf\":{\"@id\":\"https:\\\/\\\/www.softub.ch\\\/fr\\\/#website\"},\"primaryImageOfPage\":{\"@id\":\"https:\\\/\\\/www.softub.ch\\\/fr\\\/produit\\\/spazazz-destination-kristalle\\\/#primaryimage\"},\"image\":{\"@id\":\"https:\\\/\\\/www.softub.ch\\\/fr\\\/produit\\\/spazazz-destination-kristalle\\\/#primaryimage\"},\"thumbnailUrl\":\"https:\\\/\\\/www.softub.ch\\\/wp-content\\\/uploads\\\/Spazazz-Destination-Crystals-Softub-Schweiz-3.jpg\",\"datePublished\":\"2021-02-03T14:42:35+00:00\",\"dateModified\":\"2025-04-09T09:37:28+00:00\",\"description\":\"Spazazz Destination Kristalle transportierrm Sie zu entfernten Zielen in verschiedenen L\u00e4ndern. Mit nat\u00fcrlichen Inhaltsstoffen. Paris, New York, Hawaii\",\"breadcrumb\":{\"@id\":\"https:\\\/\\\/www.softub.ch\\\/fr\\\/produit\\\/spazazz-destination-kristalle\\\/#breadcrumb\"},\"inLanguage\":\"fr-FR\",\"potentialAction\":[{\"@type\":\"ReadAction\",\"target\":[\"https:\\\/\\\/www.softub.ch\\\/fr\\\/produit\\\/spazazz-destination-kristalle\\\/\"]}]},{\"@type\":\"ImageObject\",\"inLanguage\":\"fr-FR\",\"@id\":\"https:\\\/\\\/www.softub.ch\\\/fr\\\/produit\\\/spazazz-destination-kristalle\\\/#primaryimage\",\"url\":\"https:\\\/\\\/www.softub.ch\\\/wp-content\\\/uploads\\\/Spazazz-Destination-Crystals-Softub-Schweiz-3.jpg\",\"contentUrl\":\"https:\\\/\\\/www.softub.ch\\\/wp-content\\\/uploads\\\/Spazazz-Destination-Crystals-Softub-Schweiz-3.jpg\",\"width\":825,\"height\":500},{\"@type\":\"BreadcrumbList\",\"@id\":\"https:\\\/\\\/www.softub.ch\\\/fr\\\/produit\\\/spazazz-destination-kristalle\\\/#breadcrumb\",\"itemListElement\":[{\"@type\":\"ListItem\",\"position\":1,\"name\":\"Startseite\",\"item\":\"https:\\\/\\\/www.softub.ch\\\/fr\\\/\"},{\"@type\":\"ListItem\",\"position\":2,\"name\":\"Shop\",\"item\":\"https:\\\/\\\/www.softub.ch\\\/fr\\\/softub-suisse-shop\\\/\"},{\"@type\":\"ListItem\",\"position\":3,\"name\":\"Spazazz Destination Kristalle &#8211; weg von der Realit\u00e4t\"}]},{\"@type\":\"WebSite\",\"@id\":\"https:\\\/\\\/www.softub.ch\\\/fr\\\/#website\",\"url\":\"https:\\\/\\\/www.softub.ch\\\/fr\\\/\",\"name\":\"Softub Schweiz\",\"description\":\"Softub - Wir machen Ferien Zuhause\",\"publisher\":{\"@id\":\"https:\\\/\\\/www.softub.ch\\\/fr\\\/#organization\"},\"potentialAction\":[{\"@type\":\"SearchAction\",\"target\":{\"@type\":\"EntryPoint\",\"urlTemplate\":\"https:\\\/\\\/www.softub.ch\\\/fr\\\/?s={search_term_string}\"},\"query-input\":{\"@type\":\"PropertyValueSpecification\",\"valueRequired\":true,\"valueName\":\"search_term_string\"}}],\"inLanguage\":\"fr-FR\"},{\"@type\":\"Organization\",\"@id\":\"https:\\\/\\\/www.softub.ch\\\/fr\\\/#organization\",\"name\":\"Softub Schweiz AG\",\"url\":\"https:\\\/\\\/www.softub.ch\\\/fr\\\/\",\"logo\":{\"@type\":\"ImageObject\",\"inLanguage\":\"fr-FR\",\"@id\":\"https:\\\/\\\/www.softub.ch\\\/fr\\\/#\\\/schema\\\/logo\\\/image\\\/\",\"url\":\"https:\\\/\\\/www.softub.ch\\\/wp-content\\\/uploads\\\/Softub-Logo-Softub-Schweiz-.png\",\"contentUrl\":\"https:\\\/\\\/www.softub.ch\\\/wp-content\\\/uploads\\\/Softub-Logo-Softub-Schweiz-.png\",\"width\":200,\"height\":73,\"caption\":\"Softub Schweiz AG\"},\"image\":{\"@id\":\"https:\\\/\\\/www.softub.ch\\\/fr\\\/#\\\/schema\\\/logo\\\/image\\\/\"},\"sameAs\":[\"https:\\\/\\\/www.facebook.com\\\/softubschweiz\",\"https:\\\/\\\/www.instagram.com\\\/softub_schweiz\\\/\",\"https:\\\/\\\/ch.pinterest.com\\\/softub_schweiz\\\/\",\"https:\\\/\\\/www.linkedin.com\\\/company\\\/softub-schweiz-ag\\\/\"]}]}<\/script>\n<!-- \/ Yoast SEO Premium plugin. -->","yoast_head_json":{"title":"Spazazz Destination Kristalle","description":"Spazazz Destination Kristalle transportierrm Sie zu entfernten Zielen in verschiedenen L\u00e4ndern. Mit nat\u00fcrlichen Inhaltsstoffen. Paris, New York, Hawaii","robots":{"index":"index","follow":"follow","max-snippet":"max-snippet:-1","max-image-preview":"max-image-preview:large","max-video-preview":"max-video-preview:-1"},"canonical":"https:\/\/www.softub.ch\/fr\/produit\/spazazz-destination-kristalle\/","og_locale":"fr_FR","og_type":"article","og_title":"Spazazz Destination Kristalle - weg von der Realit\u00e4t","og_description":"Spazazz Destination Kristalle transportierrm Sie zu entfernten Zielen in verschiedenen L\u00e4ndern. Mit nat\u00fcrlichen Inhaltsstoffen. Paris, New York, Hawaii","og_url":"https:\/\/www.softub.ch\/fr\/produit\/spazazz-destination-kristalle\/","og_site_name":"Softub Schweiz","article_publisher":"https:\/\/www.facebook.com\/softubschweiz","article_modified_time":"2025-04-09T09:37:28+00:00","og_image":[{"width":825,"height":500,"url":"https:\/\/www.softub.ch\/wp-content\/uploads\/Spazazz-Destination-Crystals-Softub-Schweiz-3.jpg","type":"image\/jpeg"}],"twitter_card":"summary_large_image","twitter_misc":{"Dur\u00e9e de lecture estim\u00e9e":"3 minutes"},"schema":{"@context":"https:\/\/schema.org","@graph":[{"@type":"WebPage","@id":"https:\/\/www.softub.ch\/fr\/produit\/spazazz-destination-kristalle\/","url":"https:\/\/www.softub.ch\/fr\/produit\/spazazz-destination-kristalle\/","name":"Spazazz Destination Kristalle","isPartOf":{"@id":"https:\/\/www.softub.ch\/fr\/#website"},"primaryImageOfPage":{"@id":"https:\/\/www.softub.ch\/fr\/produit\/spazazz-destination-kristalle\/#primaryimage"},"image":{"@id":"https:\/\/www.softub.ch\/fr\/produit\/spazazz-destination-kristalle\/#primaryimage"},"thumbnailUrl":"https:\/\/www.softub.ch\/wp-content\/uploads\/Spazazz-Destination-Crystals-Softub-Schweiz-3.jpg","datePublished":"2021-02-03T14:42:35+00:00","dateModified":"2025-04-09T09:37:28+00:00","description":"Spazazz Destination Kristalle transportierrm Sie zu entfernten Zielen in verschiedenen L\u00e4ndern. Mit nat\u00fcrlichen Inhaltsstoffen. Paris, New York, Hawaii","breadcrumb":{"@id":"https:\/\/www.softub.ch\/fr\/produit\/spazazz-destination-kristalle\/#breadcrumb"},"inLanguage":"fr-FR","potentialAction":[{"@type":"ReadAction","target":["https:\/\/www.softub.ch\/fr\/produit\/spazazz-destination-kristalle\/"]}]},{"@type":"ImageObject","inLanguage":"fr-FR","@id":"https:\/\/www.softub.ch\/fr\/produit\/spazazz-destination-kristalle\/#primaryimage","url":"https:\/\/www.softub.ch\/wp-content\/uploads\/Spazazz-Destination-Crystals-Softub-Schweiz-3.jpg","contentUrl":"https:\/\/www.softub.ch\/wp-content\/uploads\/Spazazz-Destination-Crystals-Softub-Schweiz-3.jpg","width":825,"height":500},{"@type":"BreadcrumbList","@id":"https:\/\/www.softub.ch\/fr\/produit\/spazazz-destination-kristalle\/#breadcrumb","itemListElement":[{"@type":"ListItem","position":1,"name":"Startseite","item":"https:\/\/www.softub.ch\/fr\/"},{"@type":"ListItem","position":2,"name":"Shop","item":"https:\/\/www.softub.ch\/fr\/softub-suisse-shop\/"},{"@type":"ListItem","position":3,"name":"Spazazz Destination Kristalle &#8211; weg von der Realit\u00e4t"}]},{"@type":"WebSite","@id":"https:\/\/www.softub.ch\/fr\/#website","url":"https:\/\/www.softub.ch\/fr\/","name":"Softub Schweiz","description":"Softub - Wir machen Ferien Zuhause","publisher":{"@id":"https:\/\/www.softub.ch\/fr\/#organization"},"potentialAction":[{"@type":"SearchAction","target":{"@type":"EntryPoint","urlTemplate":"https:\/\/www.softub.ch\/fr\/?s={search_term_string}"},"query-input":{"@type":"PropertyValueSpecification","valueRequired":true,"valueName":"search_term_string"}}],"inLanguage":"fr-FR"},{"@type":"Organization","@id":"https:\/\/www.softub.ch\/fr\/#organization","name":"Softub Schweiz AG","url":"https:\/\/www.softub.ch\/fr\/","logo":{"@type":"ImageObject","inLanguage":"fr-FR","@id":"https:\/\/www.softub.ch\/fr\/#\/schema\/logo\/image\/","url":"https:\/\/www.softub.ch\/wp-content\/uploads\/Softub-Logo-Softub-Schweiz-.png","contentUrl":"https:\/\/www.softub.ch\/wp-content\/uploads\/Softub-Logo-Softub-Schweiz-.png","width":200,"height":73,"caption":"Softub Schweiz AG"},"image":{"@id":"https:\/\/www.softub.ch\/fr\/#\/schema\/logo\/image\/"},"sameAs":["https:\/\/www.facebook.com\/softubschweiz","https:\/\/www.instagram.com\/softub_schweiz\/","https:\/\/ch.pinterest.com\/softub_schweiz\/","https:\/\/www.linkedin.com\/company\/softub-schweiz-ag\/"]}]}},"_links":{"self":[{"href":"https:\/\/www.softub.ch\/fr\/wp-json\/wp\/v2\/product\/69879","targetHints":{"allow":["GET"]}}],"collection":[{"href":"https:\/\/www.softub.ch\/fr\/wp-json\/wp\/v2\/product"}],"about":[{"href":"https:\/\/www.softub.ch\/fr\/wp-json\/wp\/v2\/types\/product"}],"wp:featuredmedia":[{"embeddable":true,"href":"https:\/\/www.softub.ch\/fr\/wp-json\/wp\/v2\/media\/24473"}],"wp:attachment":[{"href":"https:\/\/www.softub.ch\/fr\/wp-json\/wp\/v2\/media?parent=69879"}],"wp:term":[{"taxonomy":"product_brand","embeddable":true,"href":"https:\/\/www.softub.ch\/fr\/wp-json\/wp\/v2\/product_brand?post=69879"},{"taxonomy":"product_cat","embeddable":true,"href":"https:\/\/www.softub.ch\/fr\/wp-json\/wp\/v2\/product_cat?post=69879"},{"taxonomy":"product_tag","embeddable":true,"href":"https:\/\/www.softub.ch\/fr\/wp-json\/wp\/v2\/product_tag?post=69879"},{"taxonomy":"woo-feed-brand","embeddable":true,"href":"https:\/\/www.softub.ch\/fr\/wp-json\/wp\/v2\/woo-feed-brand?post=69879"}],"curies":[{"name":"wp","href":"https:\/\/api.w.org\/{rel}","templated":true}]}}