{"id":71589,"date":"2020-06-03T14:56:56","date_gmt":"2020-06-03T14:56:56","guid":{"rendered":"https:\/\/www.softub.ch\/product\/die-weka-sauna-laukkala\/"},"modified":"2025-07-02T11:30:08","modified_gmt":"2025-07-02T09:30:08","slug":"die-weka-sauna-laukkala","status":"publish","type":"product","link":"https:\/\/www.softub.ch\/fr\/produit\/die-weka-sauna-laukkala\/","title":{"rendered":"Weka Massivholz-Elementsauna LAUKKALA &#8211; 38mm"},"content":{"rendered":"<div class=\"fusion-fullwidth fullwidth-box fusion-builder-row-1 fusion-flex-container nonhundred-percent-fullwidth non-hundred-percent-height-scrolling\" style=\"--awb-border-radius-top-left:0px;--awb-border-radius-top-right:0px;--awb-border-radius-bottom-right:0px;--awb-border-radius-bottom-left:0px;--awb-flex-wrap:wrap;\" ><div class=\"fusion-builder-row fusion-row fusion-flex-align-items-flex-start fusion-flex-content-wrap\" style=\"max-width:1248px;margin-left: calc(-4% \/ 2 );margin-right: calc(-4% \/ 2 );\"><div class=\"fusion-layout-column fusion_builder_column fusion-builder-column-0 fusion_builder_column_1_1 1_1 fusion-flex-column\" style=\"--awb-bg-size:cover;--awb-width-large:100%;--awb-margin-top-large:0px;--awb-spacing-right-large:1.92%;--awb-margin-bottom-large:0px;--awb-spacing-left-large:1.92%;--awb-width-medium:100%;--awb-spacing-right-medium:1.92%;--awb-spacing-left-medium:1.92%;--awb-width-small:100%;--awb-spacing-right-small:1.92%;--awb-spacing-left-small:1.92%;\"><div class=\"fusion-column-wrapper fusion-flex-justify-content-flex-start fusion-content-layout-column\"><div class=\"fusion-text fusion-text-1\"><h1><span style=\"color: #3c9bba;\">Die Weka Sauna Laukkala<\/span><\/h1>\n<p>Die Weka Sauna Laukkala eignet sich f\u00fcr freie Ecken in Ihrem Badezimmer. Sie verf\u00fcgt \u00fcber breite, stabile Liegen f\u00fcr entspanntes Saunieren. Egal ob allein oder zu zweit.<\/p>\n<h3>Vorteile:<\/h3>\n<div class=\"layout pb-2\">\n<ul>\n<li class=\"list-bullet-point-item\">38 mm Massivholz-Elementsauna aus naturbelassenem Fichtenholz<\/li>\n<li class=\"list-bullet-point-item\">ein Fensterelement und moderne Ganzglast\u00fcr mit Sicherheitsglas, rechts oder links anschlagbar<\/li>\n<li class=\"list-bullet-point-item\">zwei 55 cm tiefe Liegen und zwei Kopfst\u00fctzen<\/li>\n<li class=\"list-bullet-point-item\">einfacher, schneller Element-Aufbau<\/li>\n<li class=\"list-bullet-point-item\">sichere Kabelf\u00fchrung durch in die Wand eingearbeitete Kan\u00e4le<\/li>\n<\/ul>\n<\/div>\n<h3>Inklusive:<\/h3>\n<ul>\n<li>Ofenschutz<\/li>\n<li>Breite und stabile Liegen<\/li>\n<li>Kopfst\u00fctzen (bei Gr\u00f6sse 2 und 3)<\/li>\n<li>Montagematerial und Aufbauanleitung<\/li>\n<li><a href=\"https:\/\/softub.ch\/warenkorb\/\">Sauna-Leuchtenset\u00a0<\/a><\/li>\n<\/ul>\n<h3>Abmessungen (Breite x Tiefe x H\u00f6he)<\/h3>\n<ul>\n<li><strong>Gr\u00f6sse 1:\u00a0<\/strong>\n<ul>\n<li>Aussenmass: B 144 x T 144 x H 200 cm<\/li>\n<li>Sockelmass: 138,60 x 138,60<\/li>\n<\/ul>\n<\/li>\n<li><strong>Gr\u00f6sse 2:<\/strong>\n<ul>\n<li>Aussenmass: B 192 x T 144 x H 200 cm<\/li>\n<li>Sockelmass: 186,60 x 138,60<\/li>\n<\/ul>\n<\/li>\n<li><strong>Gr\u00f6sse 3:<\/strong>\n<ul>\n<li>Aussenmass: B 192 x T 192 x H 200 cm<\/li>\n<li>Sockelmass: 186,60 x 186,60<\/li>\n<\/ul>\n<\/li>\n<\/ul>\n<h3>Ausstattung:<\/h3>\n<ul>\n<li>Gr\u00f6sse 1: 2 x 50 cm breite Sitzb\u00e4nke (untere 31 cm nutzbar)<br \/>\n<strong>mit Glast\u00fcre<\/strong><\/li>\n<li>Gr\u00f6sse 2: 2 x 55 cm breite Sitzb\u00e4nke (untere 26.5 cm nutzbar)<br \/>\n<strong>mit Glast\u00fcre und Fenster<\/strong><\/li>\n<li>Gr\u00f6sse 3: 2 x 55 cm breite Sitzb\u00e4nke<br \/>\n<strong>mit Glast\u00fcre und Fenster<\/strong><\/li>\n<li>45 mm starke Deckenelemente aus Blockbohlen<\/li>\n<li>1 oder 2 Kopfst\u00fctzen (Gr\u00f6sse 1 ohne)<\/li>\n<li>Ofenschutz<\/li>\n<li>Bodenmatte<\/li>\n<li>Inkl. Saunaleuchte<\/li>\n<li>Inklusive Montagematerial und Montageanleitung<\/li>\n<li><strong><em>OHNE Ofen &#8211; Diesen k\u00f6nnen sie in unserem Shop unter <a href=\"https:\/\/softub.ch\/shop\/saunen-zubehoer\/\">Saunen &amp; Zubeh\u00f6r<\/a> ausw\u00e4hlen<\/em><\/strong><\/li>\n<\/ul>\n<h3>Ofenset gleich mitbestellen:<\/h3>\n<p>Sie haben die Wahl aus den Weka Saunaofen Sets <a href=\"https:\/\/softub.ch\/produkt\/weka-saunaofen-set-klassik\/\">Klassik<\/a>, <a href=\"https:\/\/softub.ch\/produkt\/weka-saunaofen-set-kompakt-fuer-richtig-guten-dampf-kopie\/\">Kompakt<\/a> oder <a href=\"https:\/\/softub.ch\/produkt\/weka-saunaofen-set-bioaktiv\/\">BioAktiv<\/a> (alle Sets enthalten die n\u00f6tigen Anschlusskabel, Saunasteine sowie eine Steuerung):<\/p>\n<ul>\n<li>Gr\u00f6sse 1:\n<ul>\n<li>Weka Saunaofen Set Klassik: 3,6 oder 4,5 kW<\/li>\n<li>Weka Saunaofen Set Kompakt: 3,6 kW<\/li>\n<li>Weka Saunaofen Set BioAktiv: 3,6 oder 4,5 kW<\/li>\n<\/ul>\n<\/li>\n<li>Gr\u00f6sse 2:\n<ul>\n<li>Weka Saunaofen Set Klassik: 4,5 oder 7,5 kW<\/li>\n<li>Weka Saunaofen Set Kompakt: 5,4 kW<\/li>\n<li>Weka Saunaofen Set BioAktiv: 4,5 oder 7,5 kW<\/li>\n<\/ul>\n<\/li>\n<li>Gr\u00f6sse 3:\n<ul>\n<li>Weka Saunaofen Set Klassik: 7,5 kW<\/li>\n<li>Weka Saunaofen Set Kompakt: 9,0 kW<\/li>\n<li>Weka Saunaofen Set BioAktiv: 7,5 kW<\/li>\n<\/ul>\n<\/li>\n<\/ul>\n<p>W\u00e4hlen Sie den richtigen Ofen nach Ihren Anforderungen aus. Sie werden nach kurzer Zeit feststellen, dass Sie mit einer unserer Weka Saunen die richtige Wahl getroffen haben.<\/p>\n<h3>Sicherheit und Service:<\/h3>\n<ul>\n<li>Sichere Kabelf\u00fchrung durch in die Wandbohlen eingearbeitete Kan\u00e4le<\/li>\n<li>Ausf\u00fchrliche Aufbau- &amp; Bedienungsanleitung<\/li>\n<li>Montagematerial<\/li>\n<li><strong>Mindestraumh\u00f6he:<\/strong>\u00a0210 cm<\/li>\n<\/ul>\n<p>(Abb. ohne Zubeh\u00f6r und Dekoration)<\/p>\n<h3>Montage:<\/h3>\n<p>F\u00fcr die Installation ihrer neuen Sauna m\u00fcssen Sie sich keine Gedanken machen! Wir stellen Ihnen gerne unser Hauseigen, fachm\u00e4nnisches Installationsteam f\u00fcr die Montage zur Verf\u00fcgung.<\/p>\n<h3>Weiteres Zubeh\u00f6r:<\/h3>\n<p>Wir haben ein reichhaltiges Zubeh\u00f6rsortiment f\u00fcr Sie zusammengestellt, so dass Sie sich die passenden Produkte in Ruhe in unserem Onlineshop ausw\u00e4hlen k\u00f6nnen. Wenn Sie sich dar\u00fcber hinaus Ihre ganz pers\u00f6nliche Wellness-Oase schaffen wollen, so schauen Sie sich doch einfach unsere Softub <a href=\"https:\/\/softub.ch\/simply-relaxing\/softub-whirlpools\/\">Whirlpools<\/a> an &#8211; eventuell auch in Kombination mit einem <a href=\"https:\/\/meinschattenspender.ch\/\">Unosider-<\/a><a href=\"https:\/\/meinschattenspender.ch\/\">Pavillon<\/a>.<\/p>\n<p>Wir beraten Sie gerne, telefonisch, in einem unserer Showrooms oder bei Ihnen Zuhause.<\/p>\n<\/div><\/div><\/div><\/div><\/div>\n","protected":false},"excerpt":{"rendered":"<h1><span style=\"color: #3c9bba;\">Die Weka Sauna Laukkala<\/span><\/h1>\n<p>Mit der Massivholz-Elementsauna Laukkala k\u00f6nnen Sie die freie Ecke in Ihrem Badezimmer optimal ausnutzen. Sie verf\u00fcgt \u00fcber breite, stabile Liegen f\u00fcr entspanntes Saunieren. Egal ob allein oder zu zweit.<\/p>\n","protected":false},"featured_media":13570,"template":"","meta":{"_acf_changed":false},"product_brand":[],"product_cat":[6277,6292],"product_tag":[6651,10037,10077,10078,10079,10080,10081,10082,259,10083,4948,8663,10084,10085,6321,6471,6472,10086,10087,2315,9992,4949,7615,7617,270,256],"woo-feed-brand":[],"class_list":{"0":"post-71589","1":"product","2":"type-product","3":"status-publish","4":"has-post-thumbnail","6":"product_cat-sauna-element-weka","7":"product_cat-sauna-en-bois-massif","8":"product_tag-bois","9":"product_tag-detente","10":"product_tag-die-beste-sauna-fr","11":"product_tag-die-besten-saunen-fr","12":"product_tag-die-schoensten-saunen-fr","13":"product_tag-elementsauna-fr","14":"product_tag-holz-sauna-fr","15":"product_tag-holz-saunen-fr","16":"product_tag-jacuzzi-fr-2","17":"product_tag-massivholz-fr","18":"product_tag-oasis-de-wellness","19":"product_tag-panorama-fr","20":"product_tag-premium-fr","21":"product_tag-qualitaet-fr","22":"product_tag-sauna-fr","23":"product_tag-sauna-en-bois","24":"product_tag-sauna-en-bois-fr","25":"product_tag-sauna-fuer-badezimmer-fr","26":"product_tag-sauna-von-weka-fr","27":"product_tag-softub-fr-2","28":"product_tag-softub-schweiz-ag-fr","29":"product_tag-softub-suisse","30":"product_tag-weka-fr","31":"product_tag-weka-sauna-fr","32":"product_tag-wellness-fr","33":"product_tag-whirlpool-fr","34":"product_shipping_class-lkw","36":"first","37":"instock","38":"sale","39":"taxable","40":"shipping-taxable","41":"purchasable","42":"product-type-variable"},"acf":[],"yoast_head":"<!-- This site is optimized with the Yoast SEO Premium plugin v27.5 (Yoast SEO v27.5) - https:\/\/yoast.com\/product\/yoast-seo-premium-wordpress\/ -->\n<title>Die Weka Sauna Laukkala - SOFTUB Schweiz<\/title>\n<meta name=\"description\" content=\"Die Weka Sauna Laukkala. Eine Massivholz-Elementsauna f\u00fcr freie Ecken in Ihrem Badezimmer inklusive einer reichhaltigen Ausstattung.\" \/>\n<meta name=\"robots\" content=\"index, follow, max-snippet:-1, max-image-preview:large, max-video-preview:-1\" \/>\n<link rel=\"canonical\" href=\"https:\/\/www.softub.ch\/fr\/produit\/die-weka-sauna-laukkala\/\" \/>\n<meta property=\"og:locale\" content=\"fr_FR\" \/>\n<meta property=\"og:type\" content=\"article\" \/>\n<meta property=\"og:title\" content=\"Weka Massivholz-Elementsauna LAUKKALA - 38mm\" \/>\n<meta property=\"og:description\" content=\"Die Weka Sauna Laukkala. Eine Massivholz-Elementsauna f\u00fcr freie Ecken in Ihrem Badezimmer inklusive einer reichhaltigen Ausstattung.\" \/>\n<meta property=\"og:url\" content=\"https:\/\/www.softub.ch\/fr\/produit\/die-weka-sauna-laukkala\/\" \/>\n<meta property=\"og:site_name\" content=\"Softub Schweiz\" \/>\n<meta property=\"article:publisher\" content=\"https:\/\/www.facebook.com\/softubschweiz\" \/>\n<meta property=\"article:modified_time\" content=\"2025-07-02T09:30:08+00:00\" \/>\n<meta property=\"og:image\" content=\"https:\/\/www.softub.ch\/wp-content\/uploads\/Laukkala-3-0-1-1.jpg\" \/>\n\t<meta property=\"og:image:width\" content=\"2519\" \/>\n\t<meta property=\"og:image:height\" content=\"1680\" \/>\n\t<meta property=\"og:image:type\" content=\"image\/jpeg\" \/>\n<meta name=\"twitter:card\" content=\"summary_large_image\" \/>\n<meta name=\"twitter:label1\" content=\"Dur\u00e9e de lecture estim\u00e9e\" \/>\n\t<meta name=\"twitter:data1\" content=\"3 minutes\" \/>\n<script type=\"application\/ld+json\" class=\"yoast-schema-graph\">{\"@context\":\"https:\\\/\\\/schema.org\",\"@graph\":[{\"@type\":\"WebPage\",\"@id\":\"https:\\\/\\\/www.softub.ch\\\/fr\\\/produit\\\/die-weka-sauna-laukkala\\\/\",\"url\":\"https:\\\/\\\/www.softub.ch\\\/fr\\\/produit\\\/die-weka-sauna-laukkala\\\/\",\"name\":\"Die Weka Sauna Laukkala - SOFTUB Schweiz\",\"isPartOf\":{\"@id\":\"https:\\\/\\\/www.softub.ch\\\/fr\\\/#website\"},\"primaryImageOfPage\":{\"@id\":\"https:\\\/\\\/www.softub.ch\\\/fr\\\/produit\\\/die-weka-sauna-laukkala\\\/#primaryimage\"},\"image\":{\"@id\":\"https:\\\/\\\/www.softub.ch\\\/fr\\\/produit\\\/die-weka-sauna-laukkala\\\/#primaryimage\"},\"thumbnailUrl\":\"https:\\\/\\\/www.softub.ch\\\/wp-content\\\/uploads\\\/Laukkala-3-0-1-1.jpg\",\"datePublished\":\"2020-06-03T14:56:56+00:00\",\"dateModified\":\"2025-07-02T09:30:08+00:00\",\"description\":\"Die Weka Sauna Laukkala. Eine Massivholz-Elementsauna f\u00fcr freie Ecken in Ihrem Badezimmer inklusive einer reichhaltigen Ausstattung.\",\"breadcrumb\":{\"@id\":\"https:\\\/\\\/www.softub.ch\\\/fr\\\/produit\\\/die-weka-sauna-laukkala\\\/#breadcrumb\"},\"inLanguage\":\"fr-FR\",\"potentialAction\":[{\"@type\":\"ReadAction\",\"target\":[\"https:\\\/\\\/www.softub.ch\\\/fr\\\/produit\\\/die-weka-sauna-laukkala\\\/\"]}]},{\"@type\":\"ImageObject\",\"inLanguage\":\"fr-FR\",\"@id\":\"https:\\\/\\\/www.softub.ch\\\/fr\\\/produit\\\/die-weka-sauna-laukkala\\\/#primaryimage\",\"url\":\"https:\\\/\\\/www.softub.ch\\\/wp-content\\\/uploads\\\/Laukkala-3-0-1-1.jpg\",\"contentUrl\":\"https:\\\/\\\/www.softub.ch\\\/wp-content\\\/uploads\\\/Laukkala-3-0-1-1.jpg\",\"width\":2519,\"height\":1680,\"caption\":\"Die Qualit\u00e4tssauna Laukkala von Weka\"},{\"@type\":\"BreadcrumbList\",\"@id\":\"https:\\\/\\\/www.softub.ch\\\/fr\\\/produit\\\/die-weka-sauna-laukkala\\\/#breadcrumb\",\"itemListElement\":[{\"@type\":\"ListItem\",\"position\":1,\"name\":\"Startseite\",\"item\":\"https:\\\/\\\/www.softub.ch\\\/fr\\\/\"},{\"@type\":\"ListItem\",\"position\":2,\"name\":\"Shop\",\"item\":\"https:\\\/\\\/www.softub.ch\\\/fr\\\/softub-suisse-shop\\\/\"},{\"@type\":\"ListItem\",\"position\":3,\"name\":\"Weka Massivholz-Elementsauna LAUKKALA &#8211; 38mm\"}]},{\"@type\":\"WebSite\",\"@id\":\"https:\\\/\\\/www.softub.ch\\\/fr\\\/#website\",\"url\":\"https:\\\/\\\/www.softub.ch\\\/fr\\\/\",\"name\":\"Softub Schweiz\",\"description\":\"Softub - Wir machen Ferien Zuhause\",\"publisher\":{\"@id\":\"https:\\\/\\\/www.softub.ch\\\/fr\\\/#organization\"},\"potentialAction\":[{\"@type\":\"SearchAction\",\"target\":{\"@type\":\"EntryPoint\",\"urlTemplate\":\"https:\\\/\\\/www.softub.ch\\\/fr\\\/?s={search_term_string}\"},\"query-input\":{\"@type\":\"PropertyValueSpecification\",\"valueRequired\":true,\"valueName\":\"search_term_string\"}}],\"inLanguage\":\"fr-FR\"},{\"@type\":\"Organization\",\"@id\":\"https:\\\/\\\/www.softub.ch\\\/fr\\\/#organization\",\"name\":\"Softub Schweiz AG\",\"url\":\"https:\\\/\\\/www.softub.ch\\\/fr\\\/\",\"logo\":{\"@type\":\"ImageObject\",\"inLanguage\":\"fr-FR\",\"@id\":\"https:\\\/\\\/www.softub.ch\\\/fr\\\/#\\\/schema\\\/logo\\\/image\\\/\",\"url\":\"https:\\\/\\\/www.softub.ch\\\/wp-content\\\/uploads\\\/Softub-Logo-Softub-Schweiz-.png\",\"contentUrl\":\"https:\\\/\\\/www.softub.ch\\\/wp-content\\\/uploads\\\/Softub-Logo-Softub-Schweiz-.png\",\"width\":200,\"height\":73,\"caption\":\"Softub Schweiz AG\"},\"image\":{\"@id\":\"https:\\\/\\\/www.softub.ch\\\/fr\\\/#\\\/schema\\\/logo\\\/image\\\/\"},\"sameAs\":[\"https:\\\/\\\/www.facebook.com\\\/softubschweiz\",\"https:\\\/\\\/www.instagram.com\\\/softub_schweiz\\\/\",\"https:\\\/\\\/ch.pinterest.com\\\/softub_schweiz\\\/\",\"https:\\\/\\\/www.linkedin.com\\\/company\\\/softub-schweiz-ag\\\/\"]}]}<\/script>\n<!-- \/ Yoast SEO Premium plugin. -->","yoast_head_json":{"title":"Die Weka Sauna Laukkala - SOFTUB Schweiz","description":"Die Weka Sauna Laukkala. Eine Massivholz-Elementsauna f\u00fcr freie Ecken in Ihrem Badezimmer inklusive einer reichhaltigen Ausstattung.","robots":{"index":"index","follow":"follow","max-snippet":"max-snippet:-1","max-image-preview":"max-image-preview:large","max-video-preview":"max-video-preview:-1"},"canonical":"https:\/\/www.softub.ch\/fr\/produit\/die-weka-sauna-laukkala\/","og_locale":"fr_FR","og_type":"article","og_title":"Weka Massivholz-Elementsauna LAUKKALA - 38mm","og_description":"Die Weka Sauna Laukkala. Eine Massivholz-Elementsauna f\u00fcr freie Ecken in Ihrem Badezimmer inklusive einer reichhaltigen Ausstattung.","og_url":"https:\/\/www.softub.ch\/fr\/produit\/die-weka-sauna-laukkala\/","og_site_name":"Softub Schweiz","article_publisher":"https:\/\/www.facebook.com\/softubschweiz","article_modified_time":"2025-07-02T09:30:08+00:00","og_image":[{"width":2519,"height":1680,"url":"https:\/\/www.softub.ch\/wp-content\/uploads\/Laukkala-3-0-1-1.jpg","type":"image\/jpeg"}],"twitter_card":"summary_large_image","twitter_misc":{"Dur\u00e9e de lecture estim\u00e9e":"3 minutes"},"schema":{"@context":"https:\/\/schema.org","@graph":[{"@type":"WebPage","@id":"https:\/\/www.softub.ch\/fr\/produit\/die-weka-sauna-laukkala\/","url":"https:\/\/www.softub.ch\/fr\/produit\/die-weka-sauna-laukkala\/","name":"Die Weka Sauna Laukkala - SOFTUB Schweiz","isPartOf":{"@id":"https:\/\/www.softub.ch\/fr\/#website"},"primaryImageOfPage":{"@id":"https:\/\/www.softub.ch\/fr\/produit\/die-weka-sauna-laukkala\/#primaryimage"},"image":{"@id":"https:\/\/www.softub.ch\/fr\/produit\/die-weka-sauna-laukkala\/#primaryimage"},"thumbnailUrl":"https:\/\/www.softub.ch\/wp-content\/uploads\/Laukkala-3-0-1-1.jpg","datePublished":"2020-06-03T14:56:56+00:00","dateModified":"2025-07-02T09:30:08+00:00","description":"Die Weka Sauna Laukkala. Eine Massivholz-Elementsauna f\u00fcr freie Ecken in Ihrem Badezimmer inklusive einer reichhaltigen Ausstattung.","breadcrumb":{"@id":"https:\/\/www.softub.ch\/fr\/produit\/die-weka-sauna-laukkala\/#breadcrumb"},"inLanguage":"fr-FR","potentialAction":[{"@type":"ReadAction","target":["https:\/\/www.softub.ch\/fr\/produit\/die-weka-sauna-laukkala\/"]}]},{"@type":"ImageObject","inLanguage":"fr-FR","@id":"https:\/\/www.softub.ch\/fr\/produit\/die-weka-sauna-laukkala\/#primaryimage","url":"https:\/\/www.softub.ch\/wp-content\/uploads\/Laukkala-3-0-1-1.jpg","contentUrl":"https:\/\/www.softub.ch\/wp-content\/uploads\/Laukkala-3-0-1-1.jpg","width":2519,"height":1680,"caption":"Die Qualit\u00e4tssauna Laukkala von Weka"},{"@type":"BreadcrumbList","@id":"https:\/\/www.softub.ch\/fr\/produit\/die-weka-sauna-laukkala\/#breadcrumb","itemListElement":[{"@type":"ListItem","position":1,"name":"Startseite","item":"https:\/\/www.softub.ch\/fr\/"},{"@type":"ListItem","position":2,"name":"Shop","item":"https:\/\/www.softub.ch\/fr\/softub-suisse-shop\/"},{"@type":"ListItem","position":3,"name":"Weka Massivholz-Elementsauna LAUKKALA &#8211; 38mm"}]},{"@type":"WebSite","@id":"https:\/\/www.softub.ch\/fr\/#website","url":"https:\/\/www.softub.ch\/fr\/","name":"Softub Schweiz","description":"Softub - Wir machen Ferien Zuhause","publisher":{"@id":"https:\/\/www.softub.ch\/fr\/#organization"},"potentialAction":[{"@type":"SearchAction","target":{"@type":"EntryPoint","urlTemplate":"https:\/\/www.softub.ch\/fr\/?s={search_term_string}"},"query-input":{"@type":"PropertyValueSpecification","valueRequired":true,"valueName":"search_term_string"}}],"inLanguage":"fr-FR"},{"@type":"Organization","@id":"https:\/\/www.softub.ch\/fr\/#organization","name":"Softub Schweiz AG","url":"https:\/\/www.softub.ch\/fr\/","logo":{"@type":"ImageObject","inLanguage":"fr-FR","@id":"https:\/\/www.softub.ch\/fr\/#\/schema\/logo\/image\/","url":"https:\/\/www.softub.ch\/wp-content\/uploads\/Softub-Logo-Softub-Schweiz-.png","contentUrl":"https:\/\/www.softub.ch\/wp-content\/uploads\/Softub-Logo-Softub-Schweiz-.png","width":200,"height":73,"caption":"Softub Schweiz AG"},"image":{"@id":"https:\/\/www.softub.ch\/fr\/#\/schema\/logo\/image\/"},"sameAs":["https:\/\/www.facebook.com\/softubschweiz","https:\/\/www.instagram.com\/softub_schweiz\/","https:\/\/ch.pinterest.com\/softub_schweiz\/","https:\/\/www.linkedin.com\/company\/softub-schweiz-ag\/"]}]}},"_links":{"self":[{"href":"https:\/\/www.softub.ch\/fr\/wp-json\/wp\/v2\/product\/71589","targetHints":{"allow":["GET"]}}],"collection":[{"href":"https:\/\/www.softub.ch\/fr\/wp-json\/wp\/v2\/product"}],"about":[{"href":"https:\/\/www.softub.ch\/fr\/wp-json\/wp\/v2\/types\/product"}],"wp:featuredmedia":[{"embeddable":true,"href":"https:\/\/www.softub.ch\/fr\/wp-json\/wp\/v2\/media\/13570"}],"wp:attachment":[{"href":"https:\/\/www.softub.ch\/fr\/wp-json\/wp\/v2\/media?parent=71589"}],"wp:term":[{"taxonomy":"product_brand","embeddable":true,"href":"https:\/\/www.softub.ch\/fr\/wp-json\/wp\/v2\/product_brand?post=71589"},{"taxonomy":"product_cat","embeddable":true,"href":"https:\/\/www.softub.ch\/fr\/wp-json\/wp\/v2\/product_cat?post=71589"},{"taxonomy":"product_tag","embeddable":true,"href":"https:\/\/www.softub.ch\/fr\/wp-json\/wp\/v2\/product_tag?post=71589"},{"taxonomy":"woo-feed-brand","embeddable":true,"href":"https:\/\/www.softub.ch\/fr\/wp-json\/wp\/v2\/woo-feed-brand?post=71589"}],"curies":[{"name":"wp","href":"https:\/\/api.w.org\/{rel}","templated":true}]}}