{"id":71591,"date":"2020-06-12T15:48:29","date_gmt":"2020-06-12T15:48:29","guid":{"rendered":"https:\/\/www.softub.ch\/product\/massivholz-elementsauna-kemi-panorama\/"},"modified":"2025-07-02T11:28:49","modified_gmt":"2025-07-02T09:28:49","slug":"massivholz-elementsauna-kemi-panorama","status":"publish","type":"product","link":"https:\/\/www.softub.ch\/fr\/produit\/massivholz-elementsauna-kemi-panorama\/","title":{"rendered":"Weka Massivholz Elementsauna KEMI Panorama &#8211; 45mm"},"content":{"rendered":"<div class=\"fusion-fullwidth fullwidth-box fusion-builder-row-1 fusion-flex-container nonhundred-percent-fullwidth non-hundred-percent-height-scrolling\" style=\"--awb-border-radius-top-left:0px;--awb-border-radius-top-right:0px;--awb-border-radius-bottom-right:0px;--awb-border-radius-bottom-left:0px;--awb-flex-wrap:wrap;\" ><div class=\"fusion-builder-row fusion-row fusion-flex-align-items-flex-start fusion-flex-content-wrap\" style=\"max-width:1248px;margin-left: calc(-4% \/ 2 );margin-right: calc(-4% \/ 2 );\"><div class=\"fusion-layout-column fusion_builder_column fusion-builder-column-0 fusion_builder_column_1_1 1_1 fusion-flex-column\" style=\"--awb-bg-size:cover;--awb-width-large:100%;--awb-margin-top-large:0px;--awb-spacing-right-large:1.92%;--awb-margin-bottom-large:0px;--awb-spacing-left-large:1.92%;--awb-width-medium:100%;--awb-spacing-right-medium:1.92%;--awb-spacing-left-medium:1.92%;--awb-width-small:100%;--awb-spacing-right-small:1.92%;--awb-spacing-left-small:1.92%;\"><div class=\"fusion-column-wrapper fusion-flex-justify-content-flex-start fusion-content-layout-column\"><div class=\"fusion-text fusion-text-1\"><h1>Die Massivholz Elementsauna KEMI Panorama<\/h1>\n<p>Ihnen fehlt Wellness im Badezimmer? Die Massivholz-Elementsauna Kemi Panorama mit grossz\u00fcgiger Glasfront und Sternenhimmel ist die Weka Sauna des Jahres!<\/p>\n<h3><span style=\"color: #000000;\">Vorteile:<\/span><\/h3>\n<ul>\n<li class=\"list-bullet-point-item\">45 mm Premium-Massivholz-Elementsauna aus naturbelassenem Fichtenholz<\/li>\n<li class=\"list-bullet-point-item\">zwei Fensterelemente und moderne Ganzglast\u00fcr mit Sicherheitsglas<\/li>\n<li class=\"list-bullet-point-item\">zwei 55 cm tiefe Liegen und zwei Kopfst\u00fctzen<\/li>\n<li class=\"list-bullet-point-item\">sichere Kabelf\u00fchrung durch in die Wand eingearbeitete Kan\u00e4le<\/li>\n<\/ul>\n<h3><span style=\"color: #000000;\">Inklusive:<\/span><\/h3>\n<ul>\n<li>Farbvisionen-Set A und Komfortpaket mit Liegenblende und R\u00fcckenlehnen<\/li>\n<li>7,5 kW OS Saunaofen, digitaler Steuerung und Silikonanschlusskabel<\/li>\n<li>Ofenschutz und Bodenmatte<\/li>\n<li>Saunasteine<\/li>\n<li>Montagematerial und ausf\u00fchrlicher Aufbauanleitung<\/li>\n<\/ul>\n<h3><span style=\"color: #000000;\">Abmessungen (Breite, Tiefe, H\u00f6he):<\/span><\/h3>\n<ul>\n<li>Gr\u00f6sse 1: B 162 x T 193 x H 200 cm\n<ul>\n<li>Sockelmass: B 155,5 x T 188<\/li>\n<\/ul>\n<\/li>\n<li>Gr\u00f6sse 2: B 211 x T 169 x H 200 cm\n<ul>\n<li>Sockelmass: B 203,5 x T 164<\/li>\n<\/ul>\n<\/li>\n<li>Gr\u00f6sse 3: B 211 x T 210 x H 200 cm\n<ul>\n<li>Sockelmass: B 203,5 x T 205,5<\/li>\n<\/ul>\n<\/li>\n<\/ul>\n<h3><span style=\"color: #000000;\">Ausstattung:<\/span><\/h3>\n<ul>\n<li>Gr\u00f6sse 1: 2 x 55 cm breite Sitzb\u00e4nke (untere\u00a023 cm nutzbar) mit Glast\u00fcre und 2 Fenster<\/li>\n<li>Gr\u00f6sse 2: 2 x 55 cm breite Sitzb\u00e4nke (untere\u00a039 cm nutzbar) mit Glast\u00fcre und 2 Fenster<\/li>\n<li>Gr\u00f6sse 3: 2 x 55 cm breite Sitzb\u00e4nke mit Glast\u00fcre und 2 Fenster<\/li>\n<\/ul>\n<h3><span style=\"color: #000000;\">Ofensets:<\/span><\/h3>\n<p>Folgende <a href=\"https:\/\/softub.ch\/produkt-kategorie\/saunaofen-und-steuergeraet\/\">Ofensets<\/a>\u00a0<strong>sind inklusive f\u00fcr die drei verschiedenen Gr\u00f6ssen<\/strong> (alle Sets enthalten die n\u00f6tigen Anschlusskabel, Saunasteine sowie eine digitale Steuerung):<\/p>\n<ul>\n<li>Klassischer Saunaofen 7,5 kW<\/li>\n<li>BioAktiv Saunaofen 7,5 kW<\/li>\n<\/ul>\n<p>W\u00e4hlen Sie den richtigen Ofen nach Ihren Anforderungen aus. Sie werden nach kurzer Zeit feststellen, dass Sie mit einer unserer Weka Saunen die richtige Wahl getroffen haben. Die Sauna mit Panoramablick! Mit dem perfekten Komfortpacket und eine Ganzglast\u00fcr in Graphit-Optik f\u00fcr Ihr Wohlbefinden.<\/p>\n<h3><span style=\"color: #000000;\">Sicherheit und Service:<\/span><\/h3>\n<ul>\n<li>Sichere Kabelf\u00fchrung durch in die Wandbohlen eingearbeitete Kan\u00e4le<\/li>\n<li>Ausf\u00fchrliche Aufbau- &amp; Bedienungsanleitung<\/li>\n<li>Montagematerial<\/li>\n<li>Mindestraumh\u00f6he: 210 cm<\/li>\n<\/ul>\n<p>(Abb. ohne Zubeh\u00f6r und Dekoration)<\/p>\n<h3><span style=\"color: #000000;\">Montage:<\/span><\/h3>\n<p>F\u00fcr die Installation Ihrer neuen Sauna m\u00fcssen Sie sich keine Gedanken machen! Wir stellen Ihnen gerne unser Hauseigen, fachm\u00e4nnisches Installationsteam f\u00fcr die Montage zur Verf\u00fcgung.<\/p>\n<h3><span style=\"color: #000000;\">Zubeh\u00f6r f\u00fcr die Sauna mit Panorama Blick:<\/span><\/h3>\n<p>Wir haben ein reichhaltiges Zubeh\u00f6rsortiment f\u00fcr Sie zusammengestellt, so dass Sie sich die passenden Produkte in Ruhe in unserem Onlineshop ausw\u00e4hlen k\u00f6nnen. Wenn Sie sich dar\u00fcber hinaus Ihre ganz pers\u00f6nliche Wellness-Oase schaffen wollen, so schauen Sie sich doch einfach unsere Softub <a href=\"https:\/\/softub.ch\/simply-relaxing\/softub-whirlpools\/\">Whirlpools<\/a> an &#8211; eventuell auch in Kombination mit einem <a href=\"https:\/\/meinschattenspender.ch\/\">Unosider-<\/a><a href=\"https:\/\/meinschattenspender.ch\/\">Pavillon<\/a>.<\/p>\n<p>Wir beraten Sie gerne, telefonisch, in einem unserer Showrooms oder bei Ihnen Zuhause.<\/p>\n<\/div><\/div><\/div><\/div><\/div>\n","protected":false},"excerpt":{"rendered":"<h1>Die Massivholz Elementsauna KEMI Panorama<\/h1>\n<p><strong>Die Sauna mit Panoramablick, <\/strong>schafft f\u00fcr Sie\u00a0ein perfektes Ruhegef\u00fchl und kommt in drei verschiedenen Gr\u00f6ssen.\u00a0Diese 45mm Premium Sauna \u00fcberzeugt mit extra starken, vorgefertigten Wandelementen f\u00fcr ein besonderes Saunaklima und eine einfache Montage. Inkl. Komfortpaket mit R\u00fcckenlehnen und Liegenblenden, Ganzglast\u00fcr in Graphit-Optik sowie 2 Fenstern.<\/p>\n<ul>\n<li>Gr\u00f6sse 1: B 162 x T 193 x H 200 cm<\/li>\n<li>Gr\u00f6sse 2: B 211 x T 169 x H 200 cm<\/li>\n<li>Gr\u00f6sse 3: B 211 x T 210 x H 200 cm<\/li>\n<\/ul>\n","protected":false},"featured_media":13089,"template":"","meta":{"_acf_changed":false},"product_brand":[],"product_cat":[6277,6292],"product_tag":[6651,10037,10080,259,10083,4948,8663,10084,10085,6321,6471,10086,2315,9992,4949,7615,10088,10090,270,256],"woo-feed-brand":[],"class_list":{"0":"post-71591","1":"product","2":"type-product","3":"status-publish","4":"has-post-thumbnail","6":"product_cat-sauna-element-weka","7":"product_cat-sauna-en-bois-massif","8":"product_tag-bois","9":"product_tag-detente","10":"product_tag-elementsauna-fr","11":"product_tag-jacuzzi-fr-2","12":"product_tag-massivholz-fr","13":"product_tag-oasis-de-wellness","14":"product_tag-panorama-fr","15":"product_tag-premium-fr","16":"product_tag-qualitaet-fr","17":"product_tag-sauna-fr","18":"product_tag-sauna-en-bois","19":"product_tag-sauna-fuer-badezimmer-fr","20":"product_tag-softub-fr-2","21":"product_tag-softub-schweiz-ag-fr","22":"product_tag-softub-suisse","23":"product_tag-weka-fr","24":"product_tag-weka-holzsaunen-fr","25":"product_tag-weka-saunen-fr","26":"product_tag-wellness-fr","27":"product_tag-whirlpool-fr","28":"product_shipping_class-lkw","30":"first","31":"instock","32":"sale","33":"taxable","34":"shipping-taxable","35":"purchasable","36":"product-type-variable"},"acf":[],"yoast_head":"<!-- This site is optimized with the Yoast SEO Premium plugin v27.5 (Yoast SEO v27.5) - https:\/\/yoast.com\/product\/yoast-seo-premium-wordpress\/ -->\n<title>Massivholz Elementsauna KEMI Panorama - SOFTUB Schweiz<\/title>\n<meta name=\"description\" content=\"Die Massivholz Elementsauna Kemi Panorama bietet eine grossz\u00fcgige Glasfront und einen Sternehimmel. Die Weka Sauna des Jahres, hier bei Softub Schweiz.\" \/>\n<meta name=\"robots\" content=\"index, follow, max-snippet:-1, max-image-preview:large, max-video-preview:-1\" \/>\n<link rel=\"canonical\" href=\"https:\/\/www.softub.ch\/fr\/produit\/massivholz-elementsauna-kemi-panorama\/\" \/>\n<meta property=\"og:locale\" content=\"fr_FR\" \/>\n<meta property=\"og:type\" content=\"article\" \/>\n<meta property=\"og:title\" content=\"Weka Massivholz Elementsauna KEMI Panorama - 45mm\" \/>\n<meta property=\"og:description\" content=\"Die Massivholz Elementsauna Kemi Panorama bietet eine grossz\u00fcgige Glasfront und einen Sternehimmel. Die Weka Sauna des Jahres, hier bei Softub Schweiz.\" \/>\n<meta property=\"og:url\" content=\"https:\/\/www.softub.ch\/fr\/produit\/massivholz-elementsauna-kemi-panorama\/\" \/>\n<meta property=\"og:site_name\" content=\"Softub Schweiz\" \/>\n<meta property=\"article:publisher\" content=\"https:\/\/www.facebook.com\/softubschweiz\" \/>\n<meta property=\"article:modified_time\" content=\"2025-07-02T09:28:49+00:00\" \/>\n<meta property=\"og:image\" content=\"https:\/\/www.softub.ch\/wp-content\/uploads\/KEMI-Panorama-0-.jpg\" \/>\n\t<meta property=\"og:image:width\" content=\"440\" \/>\n\t<meta property=\"og:image:height\" content=\"330\" \/>\n\t<meta property=\"og:image:type\" content=\"image\/jpeg\" \/>\n<meta name=\"twitter:card\" content=\"summary_large_image\" \/>\n<meta name=\"twitter:label1\" content=\"Dur\u00e9e de lecture estim\u00e9e\" \/>\n\t<meta name=\"twitter:data1\" content=\"3 minutes\" \/>\n<script type=\"application\/ld+json\" class=\"yoast-schema-graph\">{\"@context\":\"https:\\\/\\\/schema.org\",\"@graph\":[{\"@type\":\"WebPage\",\"@id\":\"https:\\\/\\\/www.softub.ch\\\/fr\\\/produit\\\/massivholz-elementsauna-kemi-panorama\\\/\",\"url\":\"https:\\\/\\\/www.softub.ch\\\/fr\\\/produit\\\/massivholz-elementsauna-kemi-panorama\\\/\",\"name\":\"Massivholz Elementsauna KEMI Panorama - SOFTUB Schweiz\",\"isPartOf\":{\"@id\":\"https:\\\/\\\/www.softub.ch\\\/fr\\\/#website\"},\"primaryImageOfPage\":{\"@id\":\"https:\\\/\\\/www.softub.ch\\\/fr\\\/produit\\\/massivholz-elementsauna-kemi-panorama\\\/#primaryimage\"},\"image\":{\"@id\":\"https:\\\/\\\/www.softub.ch\\\/fr\\\/produit\\\/massivholz-elementsauna-kemi-panorama\\\/#primaryimage\"},\"thumbnailUrl\":\"https:\\\/\\\/www.softub.ch\\\/wp-content\\\/uploads\\\/KEMI-Panorama-0-.jpg\",\"datePublished\":\"2020-06-12T15:48:29+00:00\",\"dateModified\":\"2025-07-02T09:28:49+00:00\",\"description\":\"Die Massivholz Elementsauna Kemi Panorama bietet eine grossz\u00fcgige Glasfront und einen Sternehimmel. Die Weka Sauna des Jahres, hier bei Softub Schweiz.\",\"breadcrumb\":{\"@id\":\"https:\\\/\\\/www.softub.ch\\\/fr\\\/produit\\\/massivholz-elementsauna-kemi-panorama\\\/#breadcrumb\"},\"inLanguage\":\"fr-FR\",\"potentialAction\":[{\"@type\":\"ReadAction\",\"target\":[\"https:\\\/\\\/www.softub.ch\\\/fr\\\/produit\\\/massivholz-elementsauna-kemi-panorama\\\/\"]}]},{\"@type\":\"ImageObject\",\"inLanguage\":\"fr-FR\",\"@id\":\"https:\\\/\\\/www.softub.ch\\\/fr\\\/produit\\\/massivholz-elementsauna-kemi-panorama\\\/#primaryimage\",\"url\":\"https:\\\/\\\/www.softub.ch\\\/wp-content\\\/uploads\\\/KEMI-Panorama-0-.jpg\",\"contentUrl\":\"https:\\\/\\\/www.softub.ch\\\/wp-content\\\/uploads\\\/KEMI-Panorama-0-.jpg\",\"width\":440,\"height\":330,\"caption\":\"Die Sauna mit Panoramablick\"},{\"@type\":\"BreadcrumbList\",\"@id\":\"https:\\\/\\\/www.softub.ch\\\/fr\\\/produit\\\/massivholz-elementsauna-kemi-panorama\\\/#breadcrumb\",\"itemListElement\":[{\"@type\":\"ListItem\",\"position\":1,\"name\":\"Startseite\",\"item\":\"https:\\\/\\\/www.softub.ch\\\/fr\\\/\"},{\"@type\":\"ListItem\",\"position\":2,\"name\":\"Shop\",\"item\":\"https:\\\/\\\/www.softub.ch\\\/fr\\\/softub-suisse-shop\\\/\"},{\"@type\":\"ListItem\",\"position\":3,\"name\":\"Weka Massivholz Elementsauna KEMI Panorama &#8211; 45mm\"}]},{\"@type\":\"WebSite\",\"@id\":\"https:\\\/\\\/www.softub.ch\\\/fr\\\/#website\",\"url\":\"https:\\\/\\\/www.softub.ch\\\/fr\\\/\",\"name\":\"Softub Schweiz\",\"description\":\"Softub - Wir machen Ferien Zuhause\",\"publisher\":{\"@id\":\"https:\\\/\\\/www.softub.ch\\\/fr\\\/#organization\"},\"potentialAction\":[{\"@type\":\"SearchAction\",\"target\":{\"@type\":\"EntryPoint\",\"urlTemplate\":\"https:\\\/\\\/www.softub.ch\\\/fr\\\/?s={search_term_string}\"},\"query-input\":{\"@type\":\"PropertyValueSpecification\",\"valueRequired\":true,\"valueName\":\"search_term_string\"}}],\"inLanguage\":\"fr-FR\"},{\"@type\":\"Organization\",\"@id\":\"https:\\\/\\\/www.softub.ch\\\/fr\\\/#organization\",\"name\":\"Softub Schweiz AG\",\"url\":\"https:\\\/\\\/www.softub.ch\\\/fr\\\/\",\"logo\":{\"@type\":\"ImageObject\",\"inLanguage\":\"fr-FR\",\"@id\":\"https:\\\/\\\/www.softub.ch\\\/fr\\\/#\\\/schema\\\/logo\\\/image\\\/\",\"url\":\"https:\\\/\\\/www.softub.ch\\\/wp-content\\\/uploads\\\/Softub-Logo-Softub-Schweiz-.png\",\"contentUrl\":\"https:\\\/\\\/www.softub.ch\\\/wp-content\\\/uploads\\\/Softub-Logo-Softub-Schweiz-.png\",\"width\":200,\"height\":73,\"caption\":\"Softub Schweiz AG\"},\"image\":{\"@id\":\"https:\\\/\\\/www.softub.ch\\\/fr\\\/#\\\/schema\\\/logo\\\/image\\\/\"},\"sameAs\":[\"https:\\\/\\\/www.facebook.com\\\/softubschweiz\",\"https:\\\/\\\/www.instagram.com\\\/softub_schweiz\\\/\",\"https:\\\/\\\/ch.pinterest.com\\\/softub_schweiz\\\/\",\"https:\\\/\\\/www.linkedin.com\\\/company\\\/softub-schweiz-ag\\\/\"]}]}<\/script>\n<!-- \/ Yoast SEO Premium plugin. -->","yoast_head_json":{"title":"Massivholz Elementsauna KEMI Panorama - SOFTUB Schweiz","description":"Die Massivholz Elementsauna Kemi Panorama bietet eine grossz\u00fcgige Glasfront und einen Sternehimmel. Die Weka Sauna des Jahres, hier bei Softub Schweiz.","robots":{"index":"index","follow":"follow","max-snippet":"max-snippet:-1","max-image-preview":"max-image-preview:large","max-video-preview":"max-video-preview:-1"},"canonical":"https:\/\/www.softub.ch\/fr\/produit\/massivholz-elementsauna-kemi-panorama\/","og_locale":"fr_FR","og_type":"article","og_title":"Weka Massivholz Elementsauna KEMI Panorama - 45mm","og_description":"Die Massivholz Elementsauna Kemi Panorama bietet eine grossz\u00fcgige Glasfront und einen Sternehimmel. Die Weka Sauna des Jahres, hier bei Softub Schweiz.","og_url":"https:\/\/www.softub.ch\/fr\/produit\/massivholz-elementsauna-kemi-panorama\/","og_site_name":"Softub Schweiz","article_publisher":"https:\/\/www.facebook.com\/softubschweiz","article_modified_time":"2025-07-02T09:28:49+00:00","og_image":[{"width":440,"height":330,"url":"https:\/\/www.softub.ch\/wp-content\/uploads\/KEMI-Panorama-0-.jpg","type":"image\/jpeg"}],"twitter_card":"summary_large_image","twitter_misc":{"Dur\u00e9e de lecture estim\u00e9e":"3 minutes"},"schema":{"@context":"https:\/\/schema.org","@graph":[{"@type":"WebPage","@id":"https:\/\/www.softub.ch\/fr\/produit\/massivholz-elementsauna-kemi-panorama\/","url":"https:\/\/www.softub.ch\/fr\/produit\/massivholz-elementsauna-kemi-panorama\/","name":"Massivholz Elementsauna KEMI Panorama - SOFTUB Schweiz","isPartOf":{"@id":"https:\/\/www.softub.ch\/fr\/#website"},"primaryImageOfPage":{"@id":"https:\/\/www.softub.ch\/fr\/produit\/massivholz-elementsauna-kemi-panorama\/#primaryimage"},"image":{"@id":"https:\/\/www.softub.ch\/fr\/produit\/massivholz-elementsauna-kemi-panorama\/#primaryimage"},"thumbnailUrl":"https:\/\/www.softub.ch\/wp-content\/uploads\/KEMI-Panorama-0-.jpg","datePublished":"2020-06-12T15:48:29+00:00","dateModified":"2025-07-02T09:28:49+00:00","description":"Die Massivholz Elementsauna Kemi Panorama bietet eine grossz\u00fcgige Glasfront und einen Sternehimmel. Die Weka Sauna des Jahres, hier bei Softub Schweiz.","breadcrumb":{"@id":"https:\/\/www.softub.ch\/fr\/produit\/massivholz-elementsauna-kemi-panorama\/#breadcrumb"},"inLanguage":"fr-FR","potentialAction":[{"@type":"ReadAction","target":["https:\/\/www.softub.ch\/fr\/produit\/massivholz-elementsauna-kemi-panorama\/"]}]},{"@type":"ImageObject","inLanguage":"fr-FR","@id":"https:\/\/www.softub.ch\/fr\/produit\/massivholz-elementsauna-kemi-panorama\/#primaryimage","url":"https:\/\/www.softub.ch\/wp-content\/uploads\/KEMI-Panorama-0-.jpg","contentUrl":"https:\/\/www.softub.ch\/wp-content\/uploads\/KEMI-Panorama-0-.jpg","width":440,"height":330,"caption":"Die Sauna mit Panoramablick"},{"@type":"BreadcrumbList","@id":"https:\/\/www.softub.ch\/fr\/produit\/massivholz-elementsauna-kemi-panorama\/#breadcrumb","itemListElement":[{"@type":"ListItem","position":1,"name":"Startseite","item":"https:\/\/www.softub.ch\/fr\/"},{"@type":"ListItem","position":2,"name":"Shop","item":"https:\/\/www.softub.ch\/fr\/softub-suisse-shop\/"},{"@type":"ListItem","position":3,"name":"Weka Massivholz Elementsauna KEMI Panorama &#8211; 45mm"}]},{"@type":"WebSite","@id":"https:\/\/www.softub.ch\/fr\/#website","url":"https:\/\/www.softub.ch\/fr\/","name":"Softub Schweiz","description":"Softub - Wir machen Ferien Zuhause","publisher":{"@id":"https:\/\/www.softub.ch\/fr\/#organization"},"potentialAction":[{"@type":"SearchAction","target":{"@type":"EntryPoint","urlTemplate":"https:\/\/www.softub.ch\/fr\/?s={search_term_string}"},"query-input":{"@type":"PropertyValueSpecification","valueRequired":true,"valueName":"search_term_string"}}],"inLanguage":"fr-FR"},{"@type":"Organization","@id":"https:\/\/www.softub.ch\/fr\/#organization","name":"Softub Schweiz AG","url":"https:\/\/www.softub.ch\/fr\/","logo":{"@type":"ImageObject","inLanguage":"fr-FR","@id":"https:\/\/www.softub.ch\/fr\/#\/schema\/logo\/image\/","url":"https:\/\/www.softub.ch\/wp-content\/uploads\/Softub-Logo-Softub-Schweiz-.png","contentUrl":"https:\/\/www.softub.ch\/wp-content\/uploads\/Softub-Logo-Softub-Schweiz-.png","width":200,"height":73,"caption":"Softub Schweiz AG"},"image":{"@id":"https:\/\/www.softub.ch\/fr\/#\/schema\/logo\/image\/"},"sameAs":["https:\/\/www.facebook.com\/softubschweiz","https:\/\/www.instagram.com\/softub_schweiz\/","https:\/\/ch.pinterest.com\/softub_schweiz\/","https:\/\/www.linkedin.com\/company\/softub-schweiz-ag\/"]}]}},"_links":{"self":[{"href":"https:\/\/www.softub.ch\/fr\/wp-json\/wp\/v2\/product\/71591","targetHints":{"allow":["GET"]}}],"collection":[{"href":"https:\/\/www.softub.ch\/fr\/wp-json\/wp\/v2\/product"}],"about":[{"href":"https:\/\/www.softub.ch\/fr\/wp-json\/wp\/v2\/types\/product"}],"wp:featuredmedia":[{"embeddable":true,"href":"https:\/\/www.softub.ch\/fr\/wp-json\/wp\/v2\/media\/13089"}],"wp:attachment":[{"href":"https:\/\/www.softub.ch\/fr\/wp-json\/wp\/v2\/media?parent=71591"}],"wp:term":[{"taxonomy":"product_brand","embeddable":true,"href":"https:\/\/www.softub.ch\/fr\/wp-json\/wp\/v2\/product_brand?post=71591"},{"taxonomy":"product_cat","embeddable":true,"href":"https:\/\/www.softub.ch\/fr\/wp-json\/wp\/v2\/product_cat?post=71591"},{"taxonomy":"product_tag","embeddable":true,"href":"https:\/\/www.softub.ch\/fr\/wp-json\/wp\/v2\/product_tag?post=71591"},{"taxonomy":"woo-feed-brand","embeddable":true,"href":"https:\/\/www.softub.ch\/fr\/wp-json\/wp\/v2\/woo-feed-brand?post=71591"}],"curies":[{"name":"wp","href":"https:\/\/api.w.org\/{rel}","templated":true}]}}