{"id":71592,"date":"2020-06-11T13:12:19","date_gmt":"2020-06-11T13:12:19","guid":{"rendered":"https:\/\/www.softub.ch\/product\/weka-element-design-sauna-sara-2\/"},"modified":"2025-07-02T11:14:32","modified_gmt":"2025-07-02T09:14:32","slug":"weka-element-design-sauna-sara-2","status":"publish","type":"product","link":"https:\/\/www.softub.ch\/fr\/produit\/weka-element-design-sauna-sara-2\/","title":{"rendered":"Weka Element-Design-Sauna SARA &#8211; inkl. 7,5 kW Saunaofen"},"content":{"rendered":"<div class=\"fusion-fullwidth fullwidth-box fusion-builder-row-1 fusion-flex-container nonhundred-percent-fullwidth non-hundred-percent-height-scrolling\" style=\"--awb-border-radius-top-left:0px;--awb-border-radius-top-right:0px;--awb-border-radius-bottom-right:0px;--awb-border-radius-bottom-left:0px;--awb-flex-wrap:wrap;\" ><div class=\"fusion-builder-row fusion-row fusion-flex-align-items-flex-start fusion-flex-content-wrap\" style=\"max-width:1248px;margin-left: calc(-4% \/ 2 );margin-right: calc(-4% \/ 2 );\"><div class=\"fusion-layout-column fusion_builder_column fusion-builder-column-0 fusion_builder_column_1_1 1_1 fusion-flex-column\" style=\"--awb-bg-size:cover;--awb-width-large:100%;--awb-margin-top-large:0px;--awb-spacing-right-large:1.92%;--awb-margin-bottom-large:0px;--awb-spacing-left-large:1.92%;--awb-width-medium:100%;--awb-spacing-right-medium:1.92%;--awb-spacing-left-medium:1.92%;--awb-width-small:100%;--awb-spacing-right-small:1.92%;--awb-spacing-left-small:1.92%;\"><div class=\"fusion-column-wrapper fusion-flex-justify-content-flex-start fusion-content-layout-column\"><div class=\"fusion-text fusion-text-1\"><h1><span style=\"color: #429bba;\">Weka Design Sauna Sara<\/span><\/h1>\n<h3><span style=\"color: #000000;\">Vorteile der Weka Design Sauna Sara:\u00a0<\/span><\/h3>\n<ul>\n<li class=\"list-bullet-point-item\">Elementsauna aus naturbelassenem Fichtenholz<\/li>\n<li class=\"list-bullet-point-item\">elegant abgerundete Glasfront, Premium-Ganzglast\u00fcr mit Sicherheitsglas<\/li>\n<li class=\"list-bullet-point-item\">eine 55 cm tiefe Liege, eine 50 cm tiefe Liege, eine 50 cm tiefe Querliege und zwei Kopfst\u00fctzen<\/li>\n<li class=\"list-bullet-point-item\">sichere Kabelf\u00fchrung durch in die Wand eingearbeitete Kan\u00e4le<\/li>\n<\/ul>\n<h3>Inklusive:<\/h3>\n<ul class=\"list-bullet-point\">\n<li class=\"list-bullet-point-item\">Komfortpaket mit Liegenblende und R\u00fcckenlehne<\/li>\n<li class=\"list-bullet-point-item\">9 kW Klassikofen, digitaler Steuerung und Silikonanschlusskabel<\/li>\n<li class=\"list-bullet-point-item\">Design-Ofenschutz und Bodenmatte<\/li>\n<li>Montagematerial und ausf\u00fchrlicher Aufbauanleitung<\/li>\n<\/ul>\n<h3><span style=\"color: #000000;\">Abmessungen (Breite x Tiefe x H\u00f6he cm):<\/span><\/h3>\n<ul>\n<li><span style=\"color: #000000;\">Aussenmass: B 194 x T 194 x H 199 cm o<\/span><span style=\"color: #000000;\">der B 244 x T 194 x H 199 cm<\/span><\/li>\n<\/ul>\n<h3><span style=\"color: #000000;\">Sparset inklusive:<\/span><\/h3>\n<ul>\n<li><strong><span style=\"color: #000000;\">7,5 kW Saunaofen (T\u00dcV-gepr\u00fcft)<\/span><\/strong><\/li>\n<li><span style=\"color: #000000;\"><a style=\"color: #000000;\" href=\"https:\/\/softub.ch\/produkt\/ofenschutzgitter-fuer-kompaktoefen\">Ofenschutz<\/a> &amp; <a style=\"color: #000000;\" href=\"https:\/\/softub.ch\/produkt\/weka-bodenmatte-sauberkeit-und-hygiene-im-fussbereich-ihrer-sauna\/?preview_id=7916&amp;preview_nonce=b9232d01e9&amp;_thumbnail_id=7922&amp;preview=true\">Bodenmatte<\/a><\/span><\/li>\n<li><span style=\"color: #000000;\">Komfortpaket (Liegenblende, R\u00fcckenlehne)<\/span><\/li>\n<li><span style=\"color: #000000;\">Design-Ofenschutz<\/span><\/li>\n<li><span style=\"color: #000000;\">Ofenanschlusskabel<\/span><\/li>\n<li><span style=\"color: #000000;\">Digitale Steuerung<\/span><\/li>\n<\/ul>\n<h3><span style=\"color: #000000;\">Ausstattung der Weka Design Sauna Sara:\u00a0<\/span><\/h3>\n<ul>\n<li><span style=\"color: #000000;\">Ganzglast\u00fcr aus 8 mm starkem, klarem Sicherheitsglas in Graphit-Optik, rechts oder links anschlagbar<\/span><\/li>\n<li><span style=\"color: #000000;\">2 stabile Liegen (55 + 50 cm) und eine Querliege (50 cm)<\/span><\/li>\n<li><span style=\"color: #000000;\">Elementsauna aus naturbelassenem Fichtenholz<\/span><\/li>\n<li>1 Fensterelement<\/li>\n<li>2 Kopfst\u00fctzen<\/li>\n<li>Hochwertige R\u00fcckenlehnen und Liegenblenden<\/li>\n<li>1 Design-Ofenschutzgitter<\/li>\n<li>1 hygienische Bodenmatte<\/li>\n<li>1 abgerundete Glasfront<\/li>\n<\/ul>\n<h3>Ofensets:<\/h3>\n<ul>\n<li>7,5 kW Ofen mit externer Steuerung<\/li>\n<li>7,5 kW BioAktiv-Ofen mit externer Steuerung<\/li>\n<\/ul>\n<h3><span style=\"color: #000000;\">Sicherheit und Service:<\/span><\/h3>\n<ul>\n<li><span style=\"color: #000000;\">Sichere Kabelf\u00fchrung durch in die Wandbohlen eingearbeitete Kan\u00e4le<\/span><\/li>\n<li><span style=\"color: #000000;\">Ausf\u00fchrliche Aufbau- &amp; Bedienungsanleitung<\/span><\/li>\n<li><span style=\"color: #000000;\">Montagematerial<\/span><\/li>\n<li><span style=\"color: #000000;\"><strong>Mindestraumh\u00f6he:<\/strong>\u00a0210 cm<\/span><\/li>\n<\/ul>\n<p><span style=\"color: #000000;\">(Abb. ohne Zubeh\u00f6r und Dekoration)<\/span><\/p>\n<h3><span style=\"color: #000000;\">Montage:<\/span><\/h3>\n<p><span style=\"color: #000000;\">F\u00fcr die Installation ihrer neuen Sauna m\u00fcssen Sie sich keine Gedanken machen! Wir stellen Ihnen gerne unser Hauseigen, fachm\u00e4nnisches Installationsteam f\u00fcr die Montage zur Verf\u00fcgung.<\/span><\/p>\n<h3><span style=\"color: #000000;\"><strong>Weiteres Zubeh\u00f6r:\u00a0<\/strong><\/span><\/h3>\n<p><span style=\"color: #000000;\">Wir haben ein reichhaltiges Zubeh\u00f6rsortiment f\u00fcr Sie zusammengestellt, so dass Sie sich die passenden Produkte in Ruhe in unserem Onlineshop ausw\u00e4hlen k\u00f6nnen. Wenn Sie sich dar\u00fcber hinaus Ihre ganz pers\u00f6nliche Wellness-Oase schaffen wollen, so schauen Sie sich doch einfach unsere Softub <a style=\"color: #000000;\" href=\"https:\/\/softub.ch\/simply-relaxing\/softub-whirlpools\/\">Whirlpools<\/a> an &#8211; eventuell auch in Kombination mit einem <a style=\"color: #000000;\" href=\"https:\/\/meinschattenspender.ch\/\">Unosider-<\/a><a style=\"color: #000000;\" href=\"https:\/\/meinschattenspender.ch\/\">Pavillon<\/a>.<\/span><\/p>\n<p><span style=\"color: #000000;\">Wir beraten Sie gerne, telefonisch, in einem unserer Showrooms oder bei Ihnen Zuhause.<\/span><\/p>\n<\/div><\/div><\/div><\/div><\/div>\n","protected":false},"excerpt":{"rendered":"<h1><span style=\"color: #429bba;\"><strong>Weka Designsauna Sara<\/strong><\/span><\/h1>\n<p>Dieses Sparset enth\u00e4lt die Design-Sauna Sara 1 oder 2 mit abgerundeter Glasfront, 3 stabile Liegen, schicke Liegen- und Bankblenden, 1 Design-<a href=\"https:\/\/softub.ch\/produkt\/ofenschutzgitter\">Ofenschutzgitter<\/a> sowie ein Saunaofen Ihrer Wahl: 9 kW mit oder ohne Dampfbad-Funktion (BioAktiv).<\/p>\n<p>Aussenmasse: B 194 x T 194 x H 199 cm oder B 244 x T 194 x H 199 cm<\/p>\n","protected":false},"featured_media":7288,"template":"","meta":{"_acf_changed":false},"product_brand":[],"product_cat":[6276,6277],"product_tag":[10089,10078,10079,10081,10091,259,4948,6321,6471,6472,10092,6498,7024,10087,10073,10093,2315,9992,4949,7615,10094,7617,10090,270,256],"woo-feed-brand":[],"class_list":{"0":"post-71592","1":"product","2":"type-product","3":"status-publish","4":"has-post-thumbnail","6":"product_cat-sauna-design-weka","7":"product_cat-sauna-element-weka","8":"product_tag-design-sauna-sara-fr","9":"product_tag-die-besten-saunen-fr","10":"product_tag-die-schoensten-saunen-fr","11":"product_tag-holz-sauna-fr","12":"product_tag-holzsaunen-fr","13":"product_tag-jacuzzi-fr-2","14":"product_tag-oasis-de-wellness","15":"product_tag-sauna-fr","16":"product_tag-sauna-en-bois","17":"product_tag-sauna-en-bois-fr","18":"product_tag-sauna-kaufen-fr","19":"product_tag-sauna-moderne","20":"product_tag-sauna-suisse","21":"product_tag-sauna-von-weka-fr","22":"product_tag-saunas-fr","23":"product_tag-saunen-aus-holz-fr","24":"product_tag-softub-fr-2","25":"product_tag-softub-schweiz-ag-fr","26":"product_tag-softub-suisse","27":"product_tag-weka-fr","28":"product_tag-weka-design-sauna-sara-fr","29":"product_tag-weka-sauna-fr","30":"product_tag-weka-saunen-fr","31":"product_tag-wellness-fr","32":"product_tag-whirlpool-fr","33":"product_shipping_class-lkw","35":"first","36":"instock","37":"sale","38":"taxable","39":"shipping-taxable","40":"purchasable","41":"product-type-variable"},"acf":[],"yoast_head":"<!-- This site is optimized with the Yoast SEO Premium plugin v27.5 (Yoast SEO v27.5) - https:\/\/yoast.com\/product\/yoast-seo-premium-wordpress\/ -->\n<title>Weka Design Sauna Sara - im Sparset inkl. Ofen - 68 mm<\/title>\n<meta name=\"description\" content=\"Die Weka Design Sauna Sara mit der formsch\u00f6nen, runden Ecke ist optimal zum entspannten Verweilen und luxuri\u00f6sen Saunieren.\" \/>\n<meta name=\"robots\" content=\"index, follow, max-snippet:-1, max-image-preview:large, max-video-preview:-1\" \/>\n<link rel=\"canonical\" href=\"https:\/\/www.softub.ch\/fr\/produit\/weka-element-design-sauna-sara-2\/\" \/>\n<meta property=\"og:locale\" content=\"fr_FR\" \/>\n<meta property=\"og:type\" content=\"article\" \/>\n<meta property=\"og:title\" content=\"Weka Element-Design-Sauna SARA - inkl. 7,5 kW Saunaofen\" \/>\n<meta property=\"og:description\" content=\"Die Weka Design Sauna Sara mit der formsch\u00f6nen, runden Ecke ist optimal zum entspannten Verweilen und luxuri\u00f6sen Saunieren.\" \/>\n<meta property=\"og:url\" content=\"https:\/\/www.softub.ch\/fr\/produit\/weka-element-design-sauna-sara-2\/\" \/>\n<meta property=\"og:site_name\" content=\"Softub Schweiz\" \/>\n<meta property=\"article:publisher\" content=\"https:\/\/www.facebook.com\/softubschweiz\" \/>\n<meta property=\"article:modified_time\" content=\"2025-07-02T09:14:32+00:00\" \/>\n<meta property=\"og:image\" content=\"https:\/\/www.softub.ch\/wp-content\/uploads\/weka-sauna-sara-0.jpg\" \/>\n\t<meta property=\"og:image:width\" content=\"1791\" \/>\n\t<meta property=\"og:image:height\" content=\"1280\" \/>\n\t<meta property=\"og:image:type\" content=\"image\/jpeg\" \/>\n<meta name=\"twitter:card\" content=\"summary_large_image\" \/>\n<meta name=\"twitter:label1\" content=\"Dur\u00e9e de lecture estim\u00e9e\" \/>\n\t<meta name=\"twitter:data1\" content=\"2 minutes\" \/>\n<script type=\"application\/ld+json\" class=\"yoast-schema-graph\">{\"@context\":\"https:\\\/\\\/schema.org\",\"@graph\":[{\"@type\":\"WebPage\",\"@id\":\"https:\\\/\\\/www.softub.ch\\\/fr\\\/produit\\\/weka-element-design-sauna-sara-2\\\/\",\"url\":\"https:\\\/\\\/www.softub.ch\\\/fr\\\/produit\\\/weka-element-design-sauna-sara-2\\\/\",\"name\":\"Weka Design Sauna Sara - im Sparset inkl. Ofen - 68 mm\",\"isPartOf\":{\"@id\":\"https:\\\/\\\/www.softub.ch\\\/fr\\\/#website\"},\"primaryImageOfPage\":{\"@id\":\"https:\\\/\\\/www.softub.ch\\\/fr\\\/produit\\\/weka-element-design-sauna-sara-2\\\/#primaryimage\"},\"image\":{\"@id\":\"https:\\\/\\\/www.softub.ch\\\/fr\\\/produit\\\/weka-element-design-sauna-sara-2\\\/#primaryimage\"},\"thumbnailUrl\":\"https:\\\/\\\/www.softub.ch\\\/wp-content\\\/uploads\\\/weka-sauna-sara-0.jpg\",\"datePublished\":\"2020-06-11T13:12:19+00:00\",\"dateModified\":\"2025-07-02T09:14:32+00:00\",\"description\":\"Die Weka Design Sauna Sara mit der formsch\u00f6nen, runden Ecke ist optimal zum entspannten Verweilen und luxuri\u00f6sen Saunieren.\",\"breadcrumb\":{\"@id\":\"https:\\\/\\\/www.softub.ch\\\/fr\\\/produit\\\/weka-element-design-sauna-sara-2\\\/#breadcrumb\"},\"inLanguage\":\"fr-FR\",\"potentialAction\":[{\"@type\":\"ReadAction\",\"target\":[\"https:\\\/\\\/www.softub.ch\\\/fr\\\/produit\\\/weka-element-design-sauna-sara-2\\\/\"]}]},{\"@type\":\"ImageObject\",\"inLanguage\":\"fr-FR\",\"@id\":\"https:\\\/\\\/www.softub.ch\\\/fr\\\/produit\\\/weka-element-design-sauna-sara-2\\\/#primaryimage\",\"url\":\"https:\\\/\\\/www.softub.ch\\\/wp-content\\\/uploads\\\/weka-sauna-sara-0.jpg\",\"contentUrl\":\"https:\\\/\\\/www.softub.ch\\\/wp-content\\\/uploads\\\/weka-sauna-sara-0.jpg\",\"width\":1791,\"height\":1280,\"caption\":\"Weka Element-Design-Sauna Sara im Sparset inkl. Ofen.\"},{\"@type\":\"BreadcrumbList\",\"@id\":\"https:\\\/\\\/www.softub.ch\\\/fr\\\/produit\\\/weka-element-design-sauna-sara-2\\\/#breadcrumb\",\"itemListElement\":[{\"@type\":\"ListItem\",\"position\":1,\"name\":\"Startseite\",\"item\":\"https:\\\/\\\/www.softub.ch\\\/fr\\\/\"},{\"@type\":\"ListItem\",\"position\":2,\"name\":\"Shop\",\"item\":\"https:\\\/\\\/www.softub.ch\\\/fr\\\/softub-suisse-shop\\\/\"},{\"@type\":\"ListItem\",\"position\":3,\"name\":\"Weka Element-Design-Sauna SARA &#8211; inkl. 7,5 kW Saunaofen\"}]},{\"@type\":\"WebSite\",\"@id\":\"https:\\\/\\\/www.softub.ch\\\/fr\\\/#website\",\"url\":\"https:\\\/\\\/www.softub.ch\\\/fr\\\/\",\"name\":\"Softub Schweiz\",\"description\":\"Softub - Wir machen Ferien Zuhause\",\"publisher\":{\"@id\":\"https:\\\/\\\/www.softub.ch\\\/fr\\\/#organization\"},\"potentialAction\":[{\"@type\":\"SearchAction\",\"target\":{\"@type\":\"EntryPoint\",\"urlTemplate\":\"https:\\\/\\\/www.softub.ch\\\/fr\\\/?s={search_term_string}\"},\"query-input\":{\"@type\":\"PropertyValueSpecification\",\"valueRequired\":true,\"valueName\":\"search_term_string\"}}],\"inLanguage\":\"fr-FR\"},{\"@type\":\"Organization\",\"@id\":\"https:\\\/\\\/www.softub.ch\\\/fr\\\/#organization\",\"name\":\"Softub Schweiz AG\",\"url\":\"https:\\\/\\\/www.softub.ch\\\/fr\\\/\",\"logo\":{\"@type\":\"ImageObject\",\"inLanguage\":\"fr-FR\",\"@id\":\"https:\\\/\\\/www.softub.ch\\\/fr\\\/#\\\/schema\\\/logo\\\/image\\\/\",\"url\":\"https:\\\/\\\/www.softub.ch\\\/wp-content\\\/uploads\\\/Softub-Logo-Softub-Schweiz-.png\",\"contentUrl\":\"https:\\\/\\\/www.softub.ch\\\/wp-content\\\/uploads\\\/Softub-Logo-Softub-Schweiz-.png\",\"width\":200,\"height\":73,\"caption\":\"Softub Schweiz AG\"},\"image\":{\"@id\":\"https:\\\/\\\/www.softub.ch\\\/fr\\\/#\\\/schema\\\/logo\\\/image\\\/\"},\"sameAs\":[\"https:\\\/\\\/www.facebook.com\\\/softubschweiz\",\"https:\\\/\\\/www.instagram.com\\\/softub_schweiz\\\/\",\"https:\\\/\\\/ch.pinterest.com\\\/softub_schweiz\\\/\",\"https:\\\/\\\/www.linkedin.com\\\/company\\\/softub-schweiz-ag\\\/\"]}]}<\/script>\n<!-- \/ Yoast SEO Premium plugin. -->","yoast_head_json":{"title":"Weka Design Sauna Sara - im Sparset inkl. Ofen - 68 mm","description":"Die Weka Design Sauna Sara mit der formsch\u00f6nen, runden Ecke ist optimal zum entspannten Verweilen und luxuri\u00f6sen Saunieren.","robots":{"index":"index","follow":"follow","max-snippet":"max-snippet:-1","max-image-preview":"max-image-preview:large","max-video-preview":"max-video-preview:-1"},"canonical":"https:\/\/www.softub.ch\/fr\/produit\/weka-element-design-sauna-sara-2\/","og_locale":"fr_FR","og_type":"article","og_title":"Weka Element-Design-Sauna SARA - inkl. 7,5 kW Saunaofen","og_description":"Die Weka Design Sauna Sara mit der formsch\u00f6nen, runden Ecke ist optimal zum entspannten Verweilen und luxuri\u00f6sen Saunieren.","og_url":"https:\/\/www.softub.ch\/fr\/produit\/weka-element-design-sauna-sara-2\/","og_site_name":"Softub Schweiz","article_publisher":"https:\/\/www.facebook.com\/softubschweiz","article_modified_time":"2025-07-02T09:14:32+00:00","og_image":[{"width":1791,"height":1280,"url":"https:\/\/www.softub.ch\/wp-content\/uploads\/weka-sauna-sara-0.jpg","type":"image\/jpeg"}],"twitter_card":"summary_large_image","twitter_misc":{"Dur\u00e9e de lecture estim\u00e9e":"2 minutes"},"schema":{"@context":"https:\/\/schema.org","@graph":[{"@type":"WebPage","@id":"https:\/\/www.softub.ch\/fr\/produit\/weka-element-design-sauna-sara-2\/","url":"https:\/\/www.softub.ch\/fr\/produit\/weka-element-design-sauna-sara-2\/","name":"Weka Design Sauna Sara - im Sparset inkl. Ofen - 68 mm","isPartOf":{"@id":"https:\/\/www.softub.ch\/fr\/#website"},"primaryImageOfPage":{"@id":"https:\/\/www.softub.ch\/fr\/produit\/weka-element-design-sauna-sara-2\/#primaryimage"},"image":{"@id":"https:\/\/www.softub.ch\/fr\/produit\/weka-element-design-sauna-sara-2\/#primaryimage"},"thumbnailUrl":"https:\/\/www.softub.ch\/wp-content\/uploads\/weka-sauna-sara-0.jpg","datePublished":"2020-06-11T13:12:19+00:00","dateModified":"2025-07-02T09:14:32+00:00","description":"Die Weka Design Sauna Sara mit der formsch\u00f6nen, runden Ecke ist optimal zum entspannten Verweilen und luxuri\u00f6sen Saunieren.","breadcrumb":{"@id":"https:\/\/www.softub.ch\/fr\/produit\/weka-element-design-sauna-sara-2\/#breadcrumb"},"inLanguage":"fr-FR","potentialAction":[{"@type":"ReadAction","target":["https:\/\/www.softub.ch\/fr\/produit\/weka-element-design-sauna-sara-2\/"]}]},{"@type":"ImageObject","inLanguage":"fr-FR","@id":"https:\/\/www.softub.ch\/fr\/produit\/weka-element-design-sauna-sara-2\/#primaryimage","url":"https:\/\/www.softub.ch\/wp-content\/uploads\/weka-sauna-sara-0.jpg","contentUrl":"https:\/\/www.softub.ch\/wp-content\/uploads\/weka-sauna-sara-0.jpg","width":1791,"height":1280,"caption":"Weka Element-Design-Sauna Sara im Sparset inkl. Ofen."},{"@type":"BreadcrumbList","@id":"https:\/\/www.softub.ch\/fr\/produit\/weka-element-design-sauna-sara-2\/#breadcrumb","itemListElement":[{"@type":"ListItem","position":1,"name":"Startseite","item":"https:\/\/www.softub.ch\/fr\/"},{"@type":"ListItem","position":2,"name":"Shop","item":"https:\/\/www.softub.ch\/fr\/softub-suisse-shop\/"},{"@type":"ListItem","position":3,"name":"Weka Element-Design-Sauna SARA &#8211; inkl. 7,5 kW Saunaofen"}]},{"@type":"WebSite","@id":"https:\/\/www.softub.ch\/fr\/#website","url":"https:\/\/www.softub.ch\/fr\/","name":"Softub Schweiz","description":"Softub - Wir machen Ferien Zuhause","publisher":{"@id":"https:\/\/www.softub.ch\/fr\/#organization"},"potentialAction":[{"@type":"SearchAction","target":{"@type":"EntryPoint","urlTemplate":"https:\/\/www.softub.ch\/fr\/?s={search_term_string}"},"query-input":{"@type":"PropertyValueSpecification","valueRequired":true,"valueName":"search_term_string"}}],"inLanguage":"fr-FR"},{"@type":"Organization","@id":"https:\/\/www.softub.ch\/fr\/#organization","name":"Softub Schweiz AG","url":"https:\/\/www.softub.ch\/fr\/","logo":{"@type":"ImageObject","inLanguage":"fr-FR","@id":"https:\/\/www.softub.ch\/fr\/#\/schema\/logo\/image\/","url":"https:\/\/www.softub.ch\/wp-content\/uploads\/Softub-Logo-Softub-Schweiz-.png","contentUrl":"https:\/\/www.softub.ch\/wp-content\/uploads\/Softub-Logo-Softub-Schweiz-.png","width":200,"height":73,"caption":"Softub Schweiz AG"},"image":{"@id":"https:\/\/www.softub.ch\/fr\/#\/schema\/logo\/image\/"},"sameAs":["https:\/\/www.facebook.com\/softubschweiz","https:\/\/www.instagram.com\/softub_schweiz\/","https:\/\/ch.pinterest.com\/softub_schweiz\/","https:\/\/www.linkedin.com\/company\/softub-schweiz-ag\/"]}]}},"_links":{"self":[{"href":"https:\/\/www.softub.ch\/fr\/wp-json\/wp\/v2\/product\/71592","targetHints":{"allow":["GET"]}}],"collection":[{"href":"https:\/\/www.softub.ch\/fr\/wp-json\/wp\/v2\/product"}],"about":[{"href":"https:\/\/www.softub.ch\/fr\/wp-json\/wp\/v2\/types\/product"}],"wp:featuredmedia":[{"embeddable":true,"href":"https:\/\/www.softub.ch\/fr\/wp-json\/wp\/v2\/media\/7288"}],"wp:attachment":[{"href":"https:\/\/www.softub.ch\/fr\/wp-json\/wp\/v2\/media?parent=71592"}],"wp:term":[{"taxonomy":"product_brand","embeddable":true,"href":"https:\/\/www.softub.ch\/fr\/wp-json\/wp\/v2\/product_brand?post=71592"},{"taxonomy":"product_cat","embeddable":true,"href":"https:\/\/www.softub.ch\/fr\/wp-json\/wp\/v2\/product_cat?post=71592"},{"taxonomy":"product_tag","embeddable":true,"href":"https:\/\/www.softub.ch\/fr\/wp-json\/wp\/v2\/product_tag?post=71592"},{"taxonomy":"woo-feed-brand","embeddable":true,"href":"https:\/\/www.softub.ch\/fr\/wp-json\/wp\/v2\/woo-feed-brand?post=71592"}],"curies":[{"name":"wp","href":"https:\/\/api.w.org\/{rel}","templated":true}]}}