{"id":71593,"date":"2020-06-09T13:23:00","date_gmt":"2020-06-09T13:23:00","guid":{"rendered":"https:\/\/www.softub.ch\/product\/die-weka-varberg-familiensauna\/"},"modified":"2025-07-02T11:14:51","modified_gmt":"2025-07-02T09:14:51","slug":"die-weka-varberg-familiensauna","status":"publish","type":"product","link":"https:\/\/www.softub.ch\/fr\/produit\/die-weka-varberg-familiensauna\/","title":{"rendered":"Weka Premium Elementsauna VARBERG &#8211; die Familiensauna"},"content":{"rendered":"<div class=\"fusion-fullwidth fullwidth-box fusion-builder-row-1 fusion-flex-container nonhundred-percent-fullwidth non-hundred-percent-height-scrolling\" style=\"--awb-border-radius-top-left:0px;--awb-border-radius-top-right:0px;--awb-border-radius-bottom-right:0px;--awb-border-radius-bottom-left:0px;--awb-flex-wrap:wrap;\" ><div class=\"fusion-builder-row fusion-row fusion-flex-align-items-flex-start fusion-flex-content-wrap\" style=\"max-width:1248px;margin-left: calc(-4% \/ 2 );margin-right: calc(-4% \/ 2 );\"><div class=\"fusion-layout-column fusion_builder_column fusion-builder-column-0 fusion_builder_column_1_1 1_1 fusion-flex-column\" style=\"--awb-bg-size:cover;--awb-width-large:100%;--awb-margin-top-large:0px;--awb-spacing-right-large:1.92%;--awb-margin-bottom-large:0px;--awb-spacing-left-large:1.92%;--awb-width-medium:100%;--awb-spacing-right-medium:1.92%;--awb-spacing-left-medium:1.92%;--awb-width-small:100%;--awb-spacing-right-small:1.92%;--awb-spacing-left-small:1.92%;\"><div class=\"fusion-column-wrapper fusion-flex-justify-content-flex-start fusion-content-layout-column\"><div class=\"fusion-text fusion-text-1\"><h1><span style=\"color: #429bba;\">Die Weka Varberg Familiensauna<\/span><\/h1>\n<h3>Vorteile:<\/h3>\n<div class=\"layout pb-2\">\n<div class=\"layout pb-2\">\n<div class=\"layout pb-2\">\n<div class=\"layout pb-2\">\n<ul>\n<li class=\"list-bullet-point-item\">Elementsauna aus naturbelassenem Fichtenholz<\/li>\n<li class=\"list-bullet-point-item\">ein Fensterelement und moderne Ganzglast\u00fcr mit Sicherheitsglas<\/li>\n<li class=\"list-bullet-point-item\">zwei 55 cm tiefe Liegen und eine 50 cm tiefe Querliege<\/li>\n<li class=\"list-bullet-point-item\">zwei Kopfst\u00fctzen<\/li>\n<li class=\"list-bullet-point-item\"><strong>ideale Familiensauna mit platzsparendem Eckeinstieg<\/strong><\/li>\n<\/ul>\n<\/div>\n<\/div>\n<\/div>\n<\/div>\n<h3>Inklusive:<\/h3>\n<ul>\n<li>Ofenschutz<\/li>\n<li>Bodenmatte<\/li>\n<li>2 x 55 cm tiefe, stabile Liegen<\/li>\n<li>Querliege, 50 cm tief<\/li>\n<li>2 Kopfst\u00fctzen<\/li>\n<li>Sichere Kabelf\u00fchrung durch in die Wandelemente<\/li>\n<li>Ausf\u00fchrliche Aufbau- &amp; Bedienungsanleitung<\/li>\n<li>Montagematerial<\/li>\n<\/ul>\n<h3>Abmessungen und Variationen (Breite, Tiefe, H\u00f6he):<\/h3>\n<ul>\n<li>Gr\u00f6sse 3:\n<ul>\n<li>Aussenmass: B 194 x T 194 x H 199 cm<\/li>\n<li>Sockelmass: B 192 x T 194 cm<\/li>\n<li>Mit Holzt\u00fcr, Glast\u00fcr oder mit Glast\u00fcr &amp; Fenster (naturbelassen)<\/li>\n<li>Mit Glast\u00fcr oder mit Glast\u00fcr &amp; Fenster (weiss lasiert)<\/li>\n<\/ul>\n<\/li>\n<li>Gr\u00f6sse 4:\n<ul>\n<li>Aussenmass: B 244 x T 194 x H 199 cm<\/li>\n<li>Sockelmass: B 242 x T 192 cm<\/li>\n<li>Mit Holzt\u00fcr, Glast\u00fcr oder mit Glast\u00fcr &amp; Fenster (naturbelassen)<\/li>\n<li>Mit Glast\u00fcr oder mit Glast\u00fcr &amp; Fenster (weiss lasiert)<\/li>\n<\/ul>\n<\/li>\n<\/ul>\n<h3>Ausstattung:<\/h3>\n<ul>\n<li>Wandst\u00e4rke 68mm<\/li>\n<li>Material: Ausgesuchtes nordisches Holz<\/li>\n<li>Ausf\u00fchrung: Naturbelassen oder weiss lasiert (Glast\u00fcr und Glast\u00fcr &amp; Fenster)<\/li>\n<li>T\u00fcr: Speziell isolierte Holzt\u00fcr inkl. Glasausschnitt und Sicherheitsrollverschluss<\/li>\n<li>Ganzglast\u00fcr aus 8mm starkem Sicherheitsglas in Graphit-Optik<\/li>\n<li>T\u00fcrgriff: hoch-wertiger Edelstahl-Saunat\u00fcrgriff<\/li>\n<li>Platzsparendem Eckeinstieg<\/li>\n<li>Sichere Kabelf\u00fchrung durch in die Wandelemente eingearbeitete Kan\u00e4le<\/li>\n<li>Ausf\u00fchrliche Aufbau- &amp; Bedienungsanleitung<\/li>\n<li>Montagematerial<\/li>\n<li>Obere Liege 55 cm<\/li>\n<li>Querliege, 50cm tief<\/li>\n<li>Untere Liege\u00a024 cm oder 55 cm nutzbar<\/li>\n<li>2 Kopfst\u00fctzen<\/li>\n<li>Ofenschutz<\/li>\n<li>Bodenmatte<\/li>\n<li><strong>Ofenset ist nicht im Lieferumfang enthalten<\/strong><\/li>\n<\/ul>\n<h3>Ofensets:<\/h3>\n<p>Wir empfehlen Ihnen folgende <a href=\"https:\/\/softub.ch\/produkt-kategorie\/saunaofen-und-steuergeraet\/\">Ofensets<\/a>\u00a0f\u00fcr diese Familiensauna die Sie selbst in unserem Zubeh\u00f6r ausw\u00e4hlen k\u00f6nnen\u00a0(alle Sets enthalten die n\u00f6tigen Anschlusskabel, Saunasteine sowie eine Steuerung):<\/p>\n<ul>\n<li>Klassischer Saunaofen 7,5 kW<\/li>\n<li>Saunaofen BioAktiv 7,5 kW<\/li>\n<li>Kompakt Saunaofen 9,0 kW<\/li>\n<\/ul>\n<p>W\u00e4hlen Sie den richtigen Ofen nach Ihren Anforderungen aus. Sie werden nach kurzer Zeit feststellen, dass Sie mit einer unserer Weka Saunen die richtige Wahl getroffen haben.<\/p>\n<h3>Sicherheit und Service:<\/h3>\n<ul>\n<li>Sichere Kabelf\u00fchrung durch in die Wandbohlen eingearbeitete Kan\u00e4le<\/li>\n<li>Ausf\u00fchrliche Aufbau- &amp; Bedienungsanleitung<\/li>\n<li>Montagematerial<\/li>\n<li>Mindestraumh\u00f6he: 210 cm<\/li>\n<\/ul>\n<p>(Abb. ohne Zubeh\u00f6r und Dekoration)<\/p>\n<h3>Montage:<\/h3>\n<p>F\u00fcr die Installation Ihrer neuen Sauna m\u00fcssen Sie sich keine Gedanken machen! Wir stellen Ihnen gerne unser Hauseigen, fachm\u00e4nnisches Installationsteam f\u00fcr die Montage zur Verf\u00fcgung.<\/p>\n<h3>Weiteres Zubeh\u00f6r:<\/h3>\n<p>Wir haben ein reichhaltiges Zubeh\u00f6rsortiment f\u00fcr Sie zusammengestellt, so dass Sie sich die passenden Produkte in Ruhe in unserem Onlineshop ausw\u00e4hlen k\u00f6nnen. Wenn Sie sich dar\u00fcber hinaus Ihre ganz pers\u00f6nliche Wellness-Oase schaffen wollen, so schauen Sie sich doch einfach unsere Softub <a href=\"https:\/\/softub.ch\/simply-relaxing\/softub-whirlpools\/\">Whirlpools<\/a> an &#8211; eventuell auch in Kombination mit einem <a href=\"https:\/\/meinschattenspender.ch\/\">Unosider-<\/a><a href=\"https:\/\/meinschattenspender.ch\/\">Pavillon<\/a>.<\/p>\n<p>Wir beraten Sie gerne, telefonisch, in einem unserer Showrooms oder bei Ihnen Zuhause.<\/p>\n<\/div><\/div><\/div><\/div><\/div>\n","protected":false},"excerpt":{"rendered":"<h1><span style=\"color: #429bba;\">Die Weka Varberg Familiensauna<\/span><\/h1>\n<p>Die Elementsauna in WEKA Qualit\u00e4t ist platzsparend mit einem Eckeinstieg. Dieses Modell ist perfekt geeignet f\u00fcr eine Familie, die Platz f\u00fcr bis zu 5 Personen hat. Je nach Wunsch kann man das Varberg Familiensauna Modell mit einer Holzt\u00fcre, Glast\u00fcre oder mit Glast\u00fcr &amp; Fenster direkt bei uns bestellen. Geniessen Sie die kalten Tage in Ihrer Wunschsauna.<\/p>\n","protected":false},"featured_media":13888,"template":"","meta":{"_acf_changed":false},"product_brand":[],"product_cat":[6277],"product_tag":[10037,10078,10079,10080,10095,10081,10091,4948,10084,10085,6321,6471,6472,10086,10096,6498,10098,10099,10100,10101,2315,4949,7615,10088,7617,10090,270],"woo-feed-brand":[],"class_list":{"0":"post-71593","1":"product","2":"type-product","3":"status-publish","4":"has-post-thumbnail","6":"product_cat-sauna-element-weka","7":"product_tag-detente","8":"product_tag-die-besten-saunen-fr","9":"product_tag-die-schoensten-saunen-fr","10":"product_tag-elementsauna-fr","11":"product_tag-familiensauna-fr","12":"product_tag-holz-sauna-fr","13":"product_tag-holzsaunen-fr","14":"product_tag-oasis-de-wellness","15":"product_tag-premium-fr","16":"product_tag-qualitaet-fr","17":"product_tag-sauna-fr","18":"product_tag-sauna-en-bois","19":"product_tag-sauna-en-bois-fr","20":"product_tag-sauna-fuer-badezimmer-fr","21":"product_tag-sauna-fuer-innen-fr","22":"product_tag-sauna-moderne","23":"product_tag-saunawelt-fr","24":"product_tag-saunen-von-weka-fr","25":"product_tag-saunieren-fr","26":"product_tag-schoensten-saunen-fr","27":"product_tag-softub-fr-2","28":"product_tag-softub-suisse","29":"product_tag-weka-fr","30":"product_tag-weka-holzsaunen-fr","31":"product_tag-weka-sauna-fr","32":"product_tag-weka-saunen-fr","33":"product_tag-wellness-fr","34":"product_shipping_class-lkw","36":"first","37":"instock","38":"sale","39":"taxable","40":"shipping-taxable","41":"purchasable","42":"product-type-variable"},"acf":[],"yoast_head":"<!-- This site is optimized with the Yoast SEO Premium plugin v27.5 (Yoast SEO v27.5) - https:\/\/yoast.com\/product\/yoast-seo-premium-wordpress\/ -->\n<title>Die Weka Varberg Familiensauna - SOFTUB Schweiz<\/title>\n<meta name=\"description\" content=\"Die Weka Varberg Familiensauna kommt in verschiedenen Variationen. Geniessen Sie die kalten Tage in Ihrer Wunschsauna mit der Familie!\" \/>\n<meta name=\"robots\" content=\"index, follow, max-snippet:-1, max-image-preview:large, max-video-preview:-1\" \/>\n<link rel=\"canonical\" href=\"https:\/\/www.softub.ch\/fr\/produit\/die-weka-varberg-familiensauna\/\" \/>\n<meta property=\"og:locale\" content=\"fr_FR\" \/>\n<meta property=\"og:type\" content=\"article\" \/>\n<meta property=\"og:title\" content=\"Weka Premium Elementsauna VARBERG - die Familiensauna\" \/>\n<meta property=\"og:description\" content=\"Die Weka Varberg Familiensauna kommt in verschiedenen Variationen. Geniessen Sie die kalten Tage in Ihrer Wunschsauna mit der Familie!\" \/>\n<meta property=\"og:url\" content=\"https:\/\/www.softub.ch\/fr\/produit\/die-weka-varberg-familiensauna\/\" \/>\n<meta property=\"og:site_name\" content=\"Softub Schweiz\" \/>\n<meta property=\"article:publisher\" content=\"https:\/\/www.facebook.com\/softubschweiz\" \/>\n<meta property=\"article:modified_time\" content=\"2025-07-02T09:14:51+00:00\" \/>\n<meta property=\"og:image\" content=\"https:\/\/www.softub.ch\/wp-content\/uploads\/Varberg-Familiensauna-0-.jpg\" \/>\n\t<meta property=\"og:image:width\" content=\"1680\" \/>\n\t<meta property=\"og:image:height\" content=\"1680\" \/>\n\t<meta property=\"og:image:type\" content=\"image\/jpeg\" \/>\n<meta name=\"twitter:card\" content=\"summary_large_image\" \/>\n<meta name=\"twitter:label1\" content=\"Dur\u00e9e de lecture estim\u00e9e\" \/>\n\t<meta name=\"twitter:data1\" content=\"3 minutes\" \/>\n<script type=\"application\/ld+json\" class=\"yoast-schema-graph\">{\"@context\":\"https:\\\/\\\/schema.org\",\"@graph\":[{\"@type\":\"WebPage\",\"@id\":\"https:\\\/\\\/www.softub.ch\\\/fr\\\/produit\\\/die-weka-varberg-familiensauna\\\/\",\"url\":\"https:\\\/\\\/www.softub.ch\\\/fr\\\/produit\\\/die-weka-varberg-familiensauna\\\/\",\"name\":\"Die Weka Varberg Familiensauna - SOFTUB Schweiz\",\"isPartOf\":{\"@id\":\"https:\\\/\\\/www.softub.ch\\\/fr\\\/#website\"},\"primaryImageOfPage\":{\"@id\":\"https:\\\/\\\/www.softub.ch\\\/fr\\\/produit\\\/die-weka-varberg-familiensauna\\\/#primaryimage\"},\"image\":{\"@id\":\"https:\\\/\\\/www.softub.ch\\\/fr\\\/produit\\\/die-weka-varberg-familiensauna\\\/#primaryimage\"},\"thumbnailUrl\":\"https:\\\/\\\/www.softub.ch\\\/wp-content\\\/uploads\\\/Varberg-Familiensauna-0-.jpg\",\"datePublished\":\"2020-06-09T13:23:00+00:00\",\"dateModified\":\"2025-07-02T09:14:51+00:00\",\"description\":\"Die Weka Varberg Familiensauna kommt in verschiedenen Variationen. Geniessen Sie die kalten Tage in Ihrer Wunschsauna mit der Familie!\",\"breadcrumb\":{\"@id\":\"https:\\\/\\\/www.softub.ch\\\/fr\\\/produit\\\/die-weka-varberg-familiensauna\\\/#breadcrumb\"},\"inLanguage\":\"fr-FR\",\"potentialAction\":[{\"@type\":\"ReadAction\",\"target\":[\"https:\\\/\\\/www.softub.ch\\\/fr\\\/produit\\\/die-weka-varberg-familiensauna\\\/\"]}]},{\"@type\":\"ImageObject\",\"inLanguage\":\"fr-FR\",\"@id\":\"https:\\\/\\\/www.softub.ch\\\/fr\\\/produit\\\/die-weka-varberg-familiensauna\\\/#primaryimage\",\"url\":\"https:\\\/\\\/www.softub.ch\\\/wp-content\\\/uploads\\\/Varberg-Familiensauna-0-.jpg\",\"contentUrl\":\"https:\\\/\\\/www.softub.ch\\\/wp-content\\\/uploads\\\/Varberg-Familiensauna-0-.jpg\",\"width\":1680,\"height\":1680,\"caption\":\"Die Elementsauna f\u00fcr die Familie\"},{\"@type\":\"BreadcrumbList\",\"@id\":\"https:\\\/\\\/www.softub.ch\\\/fr\\\/produit\\\/die-weka-varberg-familiensauna\\\/#breadcrumb\",\"itemListElement\":[{\"@type\":\"ListItem\",\"position\":1,\"name\":\"Startseite\",\"item\":\"https:\\\/\\\/www.softub.ch\\\/fr\\\/\"},{\"@type\":\"ListItem\",\"position\":2,\"name\":\"Shop\",\"item\":\"https:\\\/\\\/www.softub.ch\\\/fr\\\/softub-suisse-shop\\\/\"},{\"@type\":\"ListItem\",\"position\":3,\"name\":\"Weka Premium Elementsauna VARBERG &#8211; die Familiensauna\"}]},{\"@type\":\"WebSite\",\"@id\":\"https:\\\/\\\/www.softub.ch\\\/fr\\\/#website\",\"url\":\"https:\\\/\\\/www.softub.ch\\\/fr\\\/\",\"name\":\"Softub Schweiz\",\"description\":\"Softub - Wir machen Ferien Zuhause\",\"publisher\":{\"@id\":\"https:\\\/\\\/www.softub.ch\\\/fr\\\/#organization\"},\"potentialAction\":[{\"@type\":\"SearchAction\",\"target\":{\"@type\":\"EntryPoint\",\"urlTemplate\":\"https:\\\/\\\/www.softub.ch\\\/fr\\\/?s={search_term_string}\"},\"query-input\":{\"@type\":\"PropertyValueSpecification\",\"valueRequired\":true,\"valueName\":\"search_term_string\"}}],\"inLanguage\":\"fr-FR\"},{\"@type\":\"Organization\",\"@id\":\"https:\\\/\\\/www.softub.ch\\\/fr\\\/#organization\",\"name\":\"Softub Schweiz AG\",\"url\":\"https:\\\/\\\/www.softub.ch\\\/fr\\\/\",\"logo\":{\"@type\":\"ImageObject\",\"inLanguage\":\"fr-FR\",\"@id\":\"https:\\\/\\\/www.softub.ch\\\/fr\\\/#\\\/schema\\\/logo\\\/image\\\/\",\"url\":\"https:\\\/\\\/www.softub.ch\\\/wp-content\\\/uploads\\\/Softub-Logo-Softub-Schweiz-.png\",\"contentUrl\":\"https:\\\/\\\/www.softub.ch\\\/wp-content\\\/uploads\\\/Softub-Logo-Softub-Schweiz-.png\",\"width\":200,\"height\":73,\"caption\":\"Softub Schweiz AG\"},\"image\":{\"@id\":\"https:\\\/\\\/www.softub.ch\\\/fr\\\/#\\\/schema\\\/logo\\\/image\\\/\"},\"sameAs\":[\"https:\\\/\\\/www.facebook.com\\\/softubschweiz\",\"https:\\\/\\\/www.instagram.com\\\/softub_schweiz\\\/\",\"https:\\\/\\\/ch.pinterest.com\\\/softub_schweiz\\\/\",\"https:\\\/\\\/www.linkedin.com\\\/company\\\/softub-schweiz-ag\\\/\"]}]}<\/script>\n<!-- \/ Yoast SEO Premium plugin. -->","yoast_head_json":{"title":"Die Weka Varberg Familiensauna - SOFTUB Schweiz","description":"Die Weka Varberg Familiensauna kommt in verschiedenen Variationen. Geniessen Sie die kalten Tage in Ihrer Wunschsauna mit der Familie!","robots":{"index":"index","follow":"follow","max-snippet":"max-snippet:-1","max-image-preview":"max-image-preview:large","max-video-preview":"max-video-preview:-1"},"canonical":"https:\/\/www.softub.ch\/fr\/produit\/die-weka-varberg-familiensauna\/","og_locale":"fr_FR","og_type":"article","og_title":"Weka Premium Elementsauna VARBERG - die Familiensauna","og_description":"Die Weka Varberg Familiensauna kommt in verschiedenen Variationen. Geniessen Sie die kalten Tage in Ihrer Wunschsauna mit der Familie!","og_url":"https:\/\/www.softub.ch\/fr\/produit\/die-weka-varberg-familiensauna\/","og_site_name":"Softub Schweiz","article_publisher":"https:\/\/www.facebook.com\/softubschweiz","article_modified_time":"2025-07-02T09:14:51+00:00","og_image":[{"width":1680,"height":1680,"url":"https:\/\/www.softub.ch\/wp-content\/uploads\/Varberg-Familiensauna-0-.jpg","type":"image\/jpeg"}],"twitter_card":"summary_large_image","twitter_misc":{"Dur\u00e9e de lecture estim\u00e9e":"3 minutes"},"schema":{"@context":"https:\/\/schema.org","@graph":[{"@type":"WebPage","@id":"https:\/\/www.softub.ch\/fr\/produit\/die-weka-varberg-familiensauna\/","url":"https:\/\/www.softub.ch\/fr\/produit\/die-weka-varberg-familiensauna\/","name":"Die Weka Varberg Familiensauna - SOFTUB Schweiz","isPartOf":{"@id":"https:\/\/www.softub.ch\/fr\/#website"},"primaryImageOfPage":{"@id":"https:\/\/www.softub.ch\/fr\/produit\/die-weka-varberg-familiensauna\/#primaryimage"},"image":{"@id":"https:\/\/www.softub.ch\/fr\/produit\/die-weka-varberg-familiensauna\/#primaryimage"},"thumbnailUrl":"https:\/\/www.softub.ch\/wp-content\/uploads\/Varberg-Familiensauna-0-.jpg","datePublished":"2020-06-09T13:23:00+00:00","dateModified":"2025-07-02T09:14:51+00:00","description":"Die Weka Varberg Familiensauna kommt in verschiedenen Variationen. Geniessen Sie die kalten Tage in Ihrer Wunschsauna mit der Familie!","breadcrumb":{"@id":"https:\/\/www.softub.ch\/fr\/produit\/die-weka-varberg-familiensauna\/#breadcrumb"},"inLanguage":"fr-FR","potentialAction":[{"@type":"ReadAction","target":["https:\/\/www.softub.ch\/fr\/produit\/die-weka-varberg-familiensauna\/"]}]},{"@type":"ImageObject","inLanguage":"fr-FR","@id":"https:\/\/www.softub.ch\/fr\/produit\/die-weka-varberg-familiensauna\/#primaryimage","url":"https:\/\/www.softub.ch\/wp-content\/uploads\/Varberg-Familiensauna-0-.jpg","contentUrl":"https:\/\/www.softub.ch\/wp-content\/uploads\/Varberg-Familiensauna-0-.jpg","width":1680,"height":1680,"caption":"Die Elementsauna f\u00fcr die Familie"},{"@type":"BreadcrumbList","@id":"https:\/\/www.softub.ch\/fr\/produit\/die-weka-varberg-familiensauna\/#breadcrumb","itemListElement":[{"@type":"ListItem","position":1,"name":"Startseite","item":"https:\/\/www.softub.ch\/fr\/"},{"@type":"ListItem","position":2,"name":"Shop","item":"https:\/\/www.softub.ch\/fr\/softub-suisse-shop\/"},{"@type":"ListItem","position":3,"name":"Weka Premium Elementsauna VARBERG &#8211; die Familiensauna"}]},{"@type":"WebSite","@id":"https:\/\/www.softub.ch\/fr\/#website","url":"https:\/\/www.softub.ch\/fr\/","name":"Softub Schweiz","description":"Softub - Wir machen Ferien Zuhause","publisher":{"@id":"https:\/\/www.softub.ch\/fr\/#organization"},"potentialAction":[{"@type":"SearchAction","target":{"@type":"EntryPoint","urlTemplate":"https:\/\/www.softub.ch\/fr\/?s={search_term_string}"},"query-input":{"@type":"PropertyValueSpecification","valueRequired":true,"valueName":"search_term_string"}}],"inLanguage":"fr-FR"},{"@type":"Organization","@id":"https:\/\/www.softub.ch\/fr\/#organization","name":"Softub Schweiz AG","url":"https:\/\/www.softub.ch\/fr\/","logo":{"@type":"ImageObject","inLanguage":"fr-FR","@id":"https:\/\/www.softub.ch\/fr\/#\/schema\/logo\/image\/","url":"https:\/\/www.softub.ch\/wp-content\/uploads\/Softub-Logo-Softub-Schweiz-.png","contentUrl":"https:\/\/www.softub.ch\/wp-content\/uploads\/Softub-Logo-Softub-Schweiz-.png","width":200,"height":73,"caption":"Softub Schweiz AG"},"image":{"@id":"https:\/\/www.softub.ch\/fr\/#\/schema\/logo\/image\/"},"sameAs":["https:\/\/www.facebook.com\/softubschweiz","https:\/\/www.instagram.com\/softub_schweiz\/","https:\/\/ch.pinterest.com\/softub_schweiz\/","https:\/\/www.linkedin.com\/company\/softub-schweiz-ag\/"]}]}},"_links":{"self":[{"href":"https:\/\/www.softub.ch\/fr\/wp-json\/wp\/v2\/product\/71593","targetHints":{"allow":["GET"]}}],"collection":[{"href":"https:\/\/www.softub.ch\/fr\/wp-json\/wp\/v2\/product"}],"about":[{"href":"https:\/\/www.softub.ch\/fr\/wp-json\/wp\/v2\/types\/product"}],"wp:featuredmedia":[{"embeddable":true,"href":"https:\/\/www.softub.ch\/fr\/wp-json\/wp\/v2\/media\/13888"}],"wp:attachment":[{"href":"https:\/\/www.softub.ch\/fr\/wp-json\/wp\/v2\/media?parent=71593"}],"wp:term":[{"taxonomy":"product_brand","embeddable":true,"href":"https:\/\/www.softub.ch\/fr\/wp-json\/wp\/v2\/product_brand?post=71593"},{"taxonomy":"product_cat","embeddable":true,"href":"https:\/\/www.softub.ch\/fr\/wp-json\/wp\/v2\/product_cat?post=71593"},{"taxonomy":"product_tag","embeddable":true,"href":"https:\/\/www.softub.ch\/fr\/wp-json\/wp\/v2\/product_tag?post=71593"},{"taxonomy":"woo-feed-brand","embeddable":true,"href":"https:\/\/www.softub.ch\/fr\/wp-json\/wp\/v2\/woo-feed-brand?post=71593"}],"curies":[{"name":"wp","href":"https:\/\/api.w.org\/{rel}","templated":true}]}}