{"id":71599,"date":"2021-06-23T07:18:25","date_gmt":"2021-06-23T05:18:25","guid":{"rendered":"https:\/\/www.softub.ch\/product\/weka-design-saunhaus-farsund\/"},"modified":"2025-07-02T11:24:04","modified_gmt":"2025-07-02T09:24:04","slug":"weka-design-saunhaus-farsund","status":"publish","type":"product","link":"https:\/\/www.softub.ch\/fr\/produit\/weka-design-saunhaus-farsund\/","title":{"rendered":"Weka Design-Saunahaus FARSUND &#8211; saunieren und gleichzeitig entspannen"},"content":{"rendered":"<div class=\"fusion-fullwidth fullwidth-box fusion-builder-row-1 fusion-flex-container nonhundred-percent-fullwidth non-hundred-percent-height-scrolling\" style=\"--awb-border-radius-top-left:0px;--awb-border-radius-top-right:0px;--awb-border-radius-bottom-right:0px;--awb-border-radius-bottom-left:0px;--awb-flex-wrap:wrap;\" ><div class=\"fusion-builder-row fusion-row fusion-flex-align-items-flex-start fusion-flex-content-wrap\" style=\"max-width:1248px;margin-left: calc(-4% \/ 2 );margin-right: calc(-4% \/ 2 );\"><div class=\"fusion-layout-column fusion_builder_column fusion-builder-column-0 fusion_builder_column_1_1 1_1 fusion-flex-column\" style=\"--awb-bg-size:cover;--awb-width-large:100%;--awb-margin-top-large:0px;--awb-spacing-right-large:1.92%;--awb-margin-bottom-large:0px;--awb-spacing-left-large:1.92%;--awb-width-medium:100%;--awb-spacing-right-medium:1.92%;--awb-spacing-left-medium:1.92%;--awb-width-small:100%;--awb-spacing-right-small:1.92%;--awb-spacing-left-small:1.92%;\"><div class=\"fusion-column-wrapper fusion-flex-justify-content-flex-start fusion-content-layout-column\"><div class=\"fusion-text fusion-text-1\"><h1><span style=\"color: #429bba;\">Weka Design Saunahaus Farsund<\/span><\/h1>\n<p>Mit dem <strong>Weka Design Saunahaus Farsund<\/strong> k\u00f6nnen Sie saunieren und gleichzeitig entspannen. Im grossz\u00fcgigen Vorraum ist Platz f\u00fcr eine kleine Ruheinsel. Die Sauna ist mit zwei Liegen und einer Querliege ausgestattet, sodass Sie allein oder zu zweit Ihre Auszeit vom Alltag geniessen k\u00f6nnen.<\/p>\n<h3>Vorteile:<\/h3>\n<ul>\n<li>Saunahaus aus 38 mm Blockbohlen mit 19 mm Massivholzdach<\/li>\n<li>innenliegende Kabelf\u00fchrung f\u00fcr mehr Sicherheit<\/li>\n<li>zwei 55 cm tiefe Liegen, eine 50 cm tiefe Querliege und zwei Kopfst\u00fctzen<\/li>\n<li>bel\u00fcfteter Dachbereich mit Wetterschutzgittern inklusive Insektenschutz<\/li>\n<\/ul>\n<h3>Inklusive:<\/h3>\n<ul>\n<li>Speziell isolierter Zwischendecke<\/li>\n<li>Grossem Ruheraum<\/li>\n<li>Insektenschutz<\/li>\n<li>Ofenschutz<\/li>\n<li>Bodenmatte<\/li>\n<li>2 Kopfst\u00fctzen<\/li>\n<li>hochwertiger Rahment\u00fcr mit Lichtausschnitten und einem schmalen, feststehenden Fenster (Farsund 1)<\/li>\n<li>hochwertiger Rahment\u00fcr mit Lichtausschnitten und einem bodentiefen, feststehenden Fenster (Farsund 2)<\/li>\n<\/ul>\n<h3>Masse (Breite x Tiefe x H\u00f6he cm) f\u00fcr beide Modelle:<\/h3>\n<ul>\n<li>Aussenmass: 415 x 250 x 253<\/li>\n<li>Innenmass: 382 x 179 x 203<\/li>\n<li>Sockelmass: 390 x 187<\/li>\n<li>Wandst\u00e4rke: 38 mm<\/li>\n<\/ul>\n<h3>Unterschiede zwischen den Modellen:<\/h3>\n<ul>\n<li>Farsund 1: Panorama Einzelt\u00fcr<\/li>\n<li>Farsund: Einzelt\u00fcr<\/li>\n<\/ul>\n<h3>Konstruktionsdetails:<\/h3>\n<ul>\n<li>Umbauter Raum: 18, 20 m3<\/li>\n<li>Grundfl\u00e4che: 7,29 m2<\/li>\n<li>Bauweise: Blockbohlenbauweise<\/li>\n<li>Hauptt\u00fcr Durchgangsmass in cm: 80,5 x 172,5<\/li>\n<li>Nebent\u00fcr Art: Holzt\u00fcr<\/li>\n<li>Nebent\u00fcr Durchgangsmass in cm: 51,4 x 173,9<\/li>\n<li>Gewicht: 950,01 kg<\/li>\n<li>Materialart: Europ\u00e4ische Fichte<\/li>\n<\/ul>\n<h3>Ofensets:<\/h3>\n<p>Sie haben die Wahl aus folgenden\u00a0<a href=\"https:\/\/softub.ch\/produkt-kategorie\/saunaofen-und-steuergeraet\/\">Ofensets<\/a>, die sie bei uns im Shop gegen Aufpreis finden werden (alle Sets enthalten die n\u00f6tigen Anschlusskabel, Saunasteine sowie eine Steuerung):<\/p>\n<ul>\n<li>Ofen inkl. Technikpaket 9 kW<\/li>\n<\/ul>\n<h3 class=\"fusion-responsive-typography-calculated\" data-fontsize=\"18\" data-lineheight=\"27px\">Sicherheit und Service:<\/h3>\n<ul>\n<li>Sichere Kabelf\u00fchrung durch in die Wandbohlen eingearbeitete Kan\u00e4le<\/li>\n<li>Ausf\u00fchrliche Aufbau- &amp; Bedienungsanleitung<\/li>\n<li>Montagematerial<\/li>\n<\/ul>\n<p>(Abb. ohne Zubeh\u00f6r und Dekoration)<\/p>\n<h3 class=\"fusion-responsive-typography-calculated\" data-fontsize=\"18\" data-lineheight=\"27px\">Montage:<\/h3>\n<p>F\u00fcr die Installation\u00a0<span lang=\"DE-CH\">I<\/span>hrer neuen Sauna m\u00fcssen Sie sich keine Gedanken machen! Wir stellen Ihnen gerne unser Hauseigen, fachm\u00e4nnisches Installationsteam f\u00fcr die Montage zur Verf\u00fcgung.<\/p>\n<h3 class=\"fusion-responsive-typography-calculated\" data-fontsize=\"18\" data-lineheight=\"27px\">Weiteres Zubeh\u00f6r:<\/h3>\n<p>Wir haben ein reichhaltiges Zubeh\u00f6rsortiment f\u00fcr Sie zusammengestellt, so dass Sie sich die passenden Produkte in Ruhe in unserem Onlineshop ausw\u00e4hlen k\u00f6nnen. Wenn Sie sich dar\u00fcber hinaus Ihre ganz pers\u00f6nliche Wellness-Oase schaffen wollen, so schauen Sie sich doch einfach unsere Softub\u00a0<a href=\"https:\/\/softub.ch\/simply-relaxing\/softub-whirlpools\/\">Whirlpools<\/a>\u00a0an \u2013 eventuell auch in Kombination mit einem\u00a0<a href=\"https:\/\/meinschattenspender.ch\/\">Unosider-<\/a><a href=\"https:\/\/meinschattenspender.ch\/\">Pavillon<\/a>.<\/p>\n<p>Wir beraten Sie gerne, telefonisch, in einem unserer Showrooms oder bei Ihnen Zuhause.<\/p>\n<\/div><\/div><\/div><\/div><\/div>\n","protected":false},"excerpt":{"rendered":"<h1><span style=\"color: #429bba;\">Weka Design Saunahaus Farsund<\/span><\/h1>\n<p>Mit dem Design-Saunahaus Farsund k\u00f6nnen Sie saunieren und gleichzeitig entspannen. Im grossz\u00fcgigen Vorraum ist Platz f\u00fcr eine kleine Ruheinsel. Die Sauna ist mit zwei Liegen und einer Querliege ausgestattet, sodass Sie allein oder zu zweit Ihre Auszeit vom Alltag geniessen k\u00f6nnen.<\/p>\n","protected":false},"featured_media":33034,"template":"","meta":{"_acf_changed":false},"product_brand":[],"product_cat":[6276],"product_tag":[10078,10079,10109,10110,10081,10111,10112,4954,4948,6321,6471,10087,10113,10114,10100,2315,9992,4949,10115,10116,7617,10117,10118,10119,10120],"woo-feed-brand":[],"class_list":{"0":"post-71599","1":"product","2":"type-product","3":"status-publish","4":"has-post-thumbnail","6":"product_cat-sauna-design-weka","7":"product_tag-die-besten-saunen-fr","8":"product_tag-die-schoensten-saunen-fr","9":"product_tag-farsund-fr","10":"product_tag-helle-sauna-fr","11":"product_tag-holz-sauna-fr","12":"product_tag-holz-sauna-von-weka-fr","13":"product_tag-naturbelassene-sauna-fr","14":"product_tag-oasis-de-bien-etre","15":"product_tag-oasis-de-wellness","16":"product_tag-sauna-fr","17":"product_tag-sauna-en-bois","18":"product_tag-sauna-von-weka-fr","19":"product_tag-saunahaus-fr","20":"product_tag-saunahaus-farsund-fr","21":"product_tag-saunieren-fr","22":"product_tag-softub-fr-2","23":"product_tag-softub-schweiz-ag-fr","24":"product_tag-softub-suisse","25":"product_tag-weka-design-saunahaus-farsund-fr","26":"product_tag-weka-holz-sauna-fr","27":"product_tag-weka-sauna-fr","28":"product_tag-weka-saunahaus-fr","29":"product_tag-weka-saunahaus-farsund-fr","30":"product_tag-weka-zubehoer-fr","31":"product_tag-zubehoer-von-weka-fr","32":"product_shipping_class-lkw-mit-kran-350-fr","34":"first","35":"instock","36":"sale","37":"taxable","38":"shipping-taxable","39":"purchasable","40":"product-type-variable"},"acf":[],"yoast_head":"<!-- This site is optimized with the Yoast SEO Premium plugin v27.5 (Yoast SEO v27.5) - https:\/\/yoast.com\/product\/yoast-seo-premium-wordpress\/ -->\n<title>Weka Design Saunahaus Farsund - saunieren und entspannen<\/title>\n<meta name=\"description\" content=\"Das Weka Design Saunahaus Farsund! Saunieren und entspannen. Mit grossz\u00fcgigem Vorraum, wo Platz ist f\u00fcr eine kleine Ruheinsel.\" \/>\n<meta name=\"robots\" content=\"index, follow, max-snippet:-1, max-image-preview:large, max-video-preview:-1\" \/>\n<link rel=\"canonical\" href=\"https:\/\/www.softub.ch\/fr\/produit\/weka-design-saunhaus-farsund\/\" \/>\n<meta property=\"og:locale\" content=\"fr_FR\" \/>\n<meta property=\"og:type\" content=\"article\" \/>\n<meta property=\"og:title\" content=\"Weka Design-Saunahaus FARSUND - saunieren und gleichzeitig entspannen\" \/>\n<meta property=\"og:description\" content=\"Das Weka Design Saunahaus Farsund! Saunieren und entspannen. Mit grossz\u00fcgigem Vorraum, wo Platz ist f\u00fcr eine kleine Ruheinsel.\" \/>\n<meta property=\"og:url\" content=\"https:\/\/www.softub.ch\/fr\/produit\/weka-design-saunhaus-farsund\/\" \/>\n<meta property=\"og:site_name\" content=\"Softub Schweiz\" \/>\n<meta property=\"article:publisher\" content=\"https:\/\/www.facebook.com\/softubschweiz\" \/>\n<meta property=\"article:modified_time\" content=\"2025-07-02T09:24:04+00:00\" \/>\n<meta property=\"og:image\" content=\"https:\/\/www.softub.ch\/wp-content\/uploads\/Weka-Design-Saunahaus-Farsund-Softub-Schweiz-0.jpg\" \/>\n\t<meta property=\"og:image:width\" content=\"1920\" \/>\n\t<meta property=\"og:image:height\" content=\"1080\" \/>\n\t<meta property=\"og:image:type\" content=\"image\/jpeg\" \/>\n<meta name=\"twitter:card\" content=\"summary_large_image\" \/>\n<meta name=\"twitter:label1\" content=\"Dur\u00e9e de lecture estim\u00e9e\" \/>\n\t<meta name=\"twitter:data1\" content=\"3 minutes\" \/>\n<script type=\"application\/ld+json\" class=\"yoast-schema-graph\">{\"@context\":\"https:\\\/\\\/schema.org\",\"@graph\":[{\"@type\":\"WebPage\",\"@id\":\"https:\\\/\\\/www.softub.ch\\\/fr\\\/produit\\\/weka-design-saunhaus-farsund\\\/\",\"url\":\"https:\\\/\\\/www.softub.ch\\\/fr\\\/produit\\\/weka-design-saunhaus-farsund\\\/\",\"name\":\"Weka Design Saunahaus Farsund - saunieren und entspannen\",\"isPartOf\":{\"@id\":\"https:\\\/\\\/www.softub.ch\\\/fr\\\/#website\"},\"primaryImageOfPage\":{\"@id\":\"https:\\\/\\\/www.softub.ch\\\/fr\\\/produit\\\/weka-design-saunhaus-farsund\\\/#primaryimage\"},\"image\":{\"@id\":\"https:\\\/\\\/www.softub.ch\\\/fr\\\/produit\\\/weka-design-saunhaus-farsund\\\/#primaryimage\"},\"thumbnailUrl\":\"https:\\\/\\\/www.softub.ch\\\/wp-content\\\/uploads\\\/Weka-Design-Saunahaus-Farsund-Softub-Schweiz-0.jpg\",\"datePublished\":\"2021-06-23T05:18:25+00:00\",\"dateModified\":\"2025-07-02T09:24:04+00:00\",\"description\":\"Das Weka Design Saunahaus Farsund! Saunieren und entspannen. Mit grossz\u00fcgigem Vorraum, wo Platz ist f\u00fcr eine kleine Ruheinsel.\",\"breadcrumb\":{\"@id\":\"https:\\\/\\\/www.softub.ch\\\/fr\\\/produit\\\/weka-design-saunhaus-farsund\\\/#breadcrumb\"},\"inLanguage\":\"fr-FR\",\"potentialAction\":[{\"@type\":\"ReadAction\",\"target\":[\"https:\\\/\\\/www.softub.ch\\\/fr\\\/produit\\\/weka-design-saunhaus-farsund\\\/\"]}]},{\"@type\":\"ImageObject\",\"inLanguage\":\"fr-FR\",\"@id\":\"https:\\\/\\\/www.softub.ch\\\/fr\\\/produit\\\/weka-design-saunhaus-farsund\\\/#primaryimage\",\"url\":\"https:\\\/\\\/www.softub.ch\\\/wp-content\\\/uploads\\\/Weka-Design-Saunahaus-Farsund-Softub-Schweiz-0.jpg\",\"contentUrl\":\"https:\\\/\\\/www.softub.ch\\\/wp-content\\\/uploads\\\/Weka-Design-Saunahaus-Farsund-Softub-Schweiz-0.jpg\",\"width\":1920,\"height\":1080,\"caption\":\"Weka Design Saunahaus Farsund Softub Schweiz\"},{\"@type\":\"BreadcrumbList\",\"@id\":\"https:\\\/\\\/www.softub.ch\\\/fr\\\/produit\\\/weka-design-saunhaus-farsund\\\/#breadcrumb\",\"itemListElement\":[{\"@type\":\"ListItem\",\"position\":1,\"name\":\"Startseite\",\"item\":\"https:\\\/\\\/www.softub.ch\\\/fr\\\/\"},{\"@type\":\"ListItem\",\"position\":2,\"name\":\"Shop\",\"item\":\"https:\\\/\\\/www.softub.ch\\\/fr\\\/softub-suisse-shop\\\/\"},{\"@type\":\"ListItem\",\"position\":3,\"name\":\"Weka Design-Saunahaus FARSUND &#8211; saunieren und gleichzeitig entspannen\"}]},{\"@type\":\"WebSite\",\"@id\":\"https:\\\/\\\/www.softub.ch\\\/fr\\\/#website\",\"url\":\"https:\\\/\\\/www.softub.ch\\\/fr\\\/\",\"name\":\"Softub Schweiz\",\"description\":\"Softub - Wir machen Ferien Zuhause\",\"publisher\":{\"@id\":\"https:\\\/\\\/www.softub.ch\\\/fr\\\/#organization\"},\"potentialAction\":[{\"@type\":\"SearchAction\",\"target\":{\"@type\":\"EntryPoint\",\"urlTemplate\":\"https:\\\/\\\/www.softub.ch\\\/fr\\\/?s={search_term_string}\"},\"query-input\":{\"@type\":\"PropertyValueSpecification\",\"valueRequired\":true,\"valueName\":\"search_term_string\"}}],\"inLanguage\":\"fr-FR\"},{\"@type\":\"Organization\",\"@id\":\"https:\\\/\\\/www.softub.ch\\\/fr\\\/#organization\",\"name\":\"Softub Schweiz AG\",\"url\":\"https:\\\/\\\/www.softub.ch\\\/fr\\\/\",\"logo\":{\"@type\":\"ImageObject\",\"inLanguage\":\"fr-FR\",\"@id\":\"https:\\\/\\\/www.softub.ch\\\/fr\\\/#\\\/schema\\\/logo\\\/image\\\/\",\"url\":\"https:\\\/\\\/www.softub.ch\\\/wp-content\\\/uploads\\\/Softub-Logo-Softub-Schweiz-.png\",\"contentUrl\":\"https:\\\/\\\/www.softub.ch\\\/wp-content\\\/uploads\\\/Softub-Logo-Softub-Schweiz-.png\",\"width\":200,\"height\":73,\"caption\":\"Softub Schweiz AG\"},\"image\":{\"@id\":\"https:\\\/\\\/www.softub.ch\\\/fr\\\/#\\\/schema\\\/logo\\\/image\\\/\"},\"sameAs\":[\"https:\\\/\\\/www.facebook.com\\\/softubschweiz\",\"https:\\\/\\\/www.instagram.com\\\/softub_schweiz\\\/\",\"https:\\\/\\\/ch.pinterest.com\\\/softub_schweiz\\\/\",\"https:\\\/\\\/www.linkedin.com\\\/company\\\/softub-schweiz-ag\\\/\"]}]}<\/script>\n<!-- \/ Yoast SEO Premium plugin. -->","yoast_head_json":{"title":"Weka Design Saunahaus Farsund - saunieren und entspannen","description":"Das Weka Design Saunahaus Farsund! Saunieren und entspannen. Mit grossz\u00fcgigem Vorraum, wo Platz ist f\u00fcr eine kleine Ruheinsel.","robots":{"index":"index","follow":"follow","max-snippet":"max-snippet:-1","max-image-preview":"max-image-preview:large","max-video-preview":"max-video-preview:-1"},"canonical":"https:\/\/www.softub.ch\/fr\/produit\/weka-design-saunhaus-farsund\/","og_locale":"fr_FR","og_type":"article","og_title":"Weka Design-Saunahaus FARSUND - saunieren und gleichzeitig entspannen","og_description":"Das Weka Design Saunahaus Farsund! Saunieren und entspannen. Mit grossz\u00fcgigem Vorraum, wo Platz ist f\u00fcr eine kleine Ruheinsel.","og_url":"https:\/\/www.softub.ch\/fr\/produit\/weka-design-saunhaus-farsund\/","og_site_name":"Softub Schweiz","article_publisher":"https:\/\/www.facebook.com\/softubschweiz","article_modified_time":"2025-07-02T09:24:04+00:00","og_image":[{"width":1920,"height":1080,"url":"https:\/\/www.softub.ch\/wp-content\/uploads\/Weka-Design-Saunahaus-Farsund-Softub-Schweiz-0.jpg","type":"image\/jpeg"}],"twitter_card":"summary_large_image","twitter_misc":{"Dur\u00e9e de lecture estim\u00e9e":"3 minutes"},"schema":{"@context":"https:\/\/schema.org","@graph":[{"@type":"WebPage","@id":"https:\/\/www.softub.ch\/fr\/produit\/weka-design-saunhaus-farsund\/","url":"https:\/\/www.softub.ch\/fr\/produit\/weka-design-saunhaus-farsund\/","name":"Weka Design Saunahaus Farsund - saunieren und entspannen","isPartOf":{"@id":"https:\/\/www.softub.ch\/fr\/#website"},"primaryImageOfPage":{"@id":"https:\/\/www.softub.ch\/fr\/produit\/weka-design-saunhaus-farsund\/#primaryimage"},"image":{"@id":"https:\/\/www.softub.ch\/fr\/produit\/weka-design-saunhaus-farsund\/#primaryimage"},"thumbnailUrl":"https:\/\/www.softub.ch\/wp-content\/uploads\/Weka-Design-Saunahaus-Farsund-Softub-Schweiz-0.jpg","datePublished":"2021-06-23T05:18:25+00:00","dateModified":"2025-07-02T09:24:04+00:00","description":"Das Weka Design Saunahaus Farsund! Saunieren und entspannen. Mit grossz\u00fcgigem Vorraum, wo Platz ist f\u00fcr eine kleine Ruheinsel.","breadcrumb":{"@id":"https:\/\/www.softub.ch\/fr\/produit\/weka-design-saunhaus-farsund\/#breadcrumb"},"inLanguage":"fr-FR","potentialAction":[{"@type":"ReadAction","target":["https:\/\/www.softub.ch\/fr\/produit\/weka-design-saunhaus-farsund\/"]}]},{"@type":"ImageObject","inLanguage":"fr-FR","@id":"https:\/\/www.softub.ch\/fr\/produit\/weka-design-saunhaus-farsund\/#primaryimage","url":"https:\/\/www.softub.ch\/wp-content\/uploads\/Weka-Design-Saunahaus-Farsund-Softub-Schweiz-0.jpg","contentUrl":"https:\/\/www.softub.ch\/wp-content\/uploads\/Weka-Design-Saunahaus-Farsund-Softub-Schweiz-0.jpg","width":1920,"height":1080,"caption":"Weka Design Saunahaus Farsund Softub Schweiz"},{"@type":"BreadcrumbList","@id":"https:\/\/www.softub.ch\/fr\/produit\/weka-design-saunhaus-farsund\/#breadcrumb","itemListElement":[{"@type":"ListItem","position":1,"name":"Startseite","item":"https:\/\/www.softub.ch\/fr\/"},{"@type":"ListItem","position":2,"name":"Shop","item":"https:\/\/www.softub.ch\/fr\/softub-suisse-shop\/"},{"@type":"ListItem","position":3,"name":"Weka Design-Saunahaus FARSUND &#8211; saunieren und gleichzeitig entspannen"}]},{"@type":"WebSite","@id":"https:\/\/www.softub.ch\/fr\/#website","url":"https:\/\/www.softub.ch\/fr\/","name":"Softub Schweiz","description":"Softub - Wir machen Ferien Zuhause","publisher":{"@id":"https:\/\/www.softub.ch\/fr\/#organization"},"potentialAction":[{"@type":"SearchAction","target":{"@type":"EntryPoint","urlTemplate":"https:\/\/www.softub.ch\/fr\/?s={search_term_string}"},"query-input":{"@type":"PropertyValueSpecification","valueRequired":true,"valueName":"search_term_string"}}],"inLanguage":"fr-FR"},{"@type":"Organization","@id":"https:\/\/www.softub.ch\/fr\/#organization","name":"Softub Schweiz AG","url":"https:\/\/www.softub.ch\/fr\/","logo":{"@type":"ImageObject","inLanguage":"fr-FR","@id":"https:\/\/www.softub.ch\/fr\/#\/schema\/logo\/image\/","url":"https:\/\/www.softub.ch\/wp-content\/uploads\/Softub-Logo-Softub-Schweiz-.png","contentUrl":"https:\/\/www.softub.ch\/wp-content\/uploads\/Softub-Logo-Softub-Schweiz-.png","width":200,"height":73,"caption":"Softub Schweiz AG"},"image":{"@id":"https:\/\/www.softub.ch\/fr\/#\/schema\/logo\/image\/"},"sameAs":["https:\/\/www.facebook.com\/softubschweiz","https:\/\/www.instagram.com\/softub_schweiz\/","https:\/\/ch.pinterest.com\/softub_schweiz\/","https:\/\/www.linkedin.com\/company\/softub-schweiz-ag\/"]}]}},"_links":{"self":[{"href":"https:\/\/www.softub.ch\/fr\/wp-json\/wp\/v2\/product\/71599","targetHints":{"allow":["GET"]}}],"collection":[{"href":"https:\/\/www.softub.ch\/fr\/wp-json\/wp\/v2\/product"}],"about":[{"href":"https:\/\/www.softub.ch\/fr\/wp-json\/wp\/v2\/types\/product"}],"wp:featuredmedia":[{"embeddable":true,"href":"https:\/\/www.softub.ch\/fr\/wp-json\/wp\/v2\/media\/33034"}],"wp:attachment":[{"href":"https:\/\/www.softub.ch\/fr\/wp-json\/wp\/v2\/media?parent=71599"}],"wp:term":[{"taxonomy":"product_brand","embeddable":true,"href":"https:\/\/www.softub.ch\/fr\/wp-json\/wp\/v2\/product_brand?post=71599"},{"taxonomy":"product_cat","embeddable":true,"href":"https:\/\/www.softub.ch\/fr\/wp-json\/wp\/v2\/product_cat?post=71599"},{"taxonomy":"product_tag","embeddable":true,"href":"https:\/\/www.softub.ch\/fr\/wp-json\/wp\/v2\/product_tag?post=71599"},{"taxonomy":"woo-feed-brand","embeddable":true,"href":"https:\/\/www.softub.ch\/fr\/wp-json\/wp\/v2\/woo-feed-brand?post=71599"}],"curies":[{"name":"wp","href":"https:\/\/api.w.org\/{rel}","templated":true}]}}