{"id":71602,"date":"2020-06-29T11:59:31","date_gmt":"2020-06-29T09:59:31","guid":{"rendered":"https:\/\/www.softub.ch\/product\/das-weka-saunahaus-cubilis\/"},"modified":"2025-07-02T11:42:35","modified_gmt":"2025-07-02T09:42:35","slug":"das-weka-saunahaus-cubilis","status":"publish","type":"product","link":"https:\/\/www.softub.ch\/fr\/produit\/das-weka-saunahaus-cubilis\/","title":{"rendered":"Weka Saunahaus CUBILIS &#8211; Design und Gesundheit unter einem Dach"},"content":{"rendered":"<div class=\"fusion-fullwidth fullwidth-box fusion-builder-row-1 fusion-flex-container nonhundred-percent-fullwidth non-hundred-percent-height-scrolling\" style=\"--awb-border-radius-top-left:0px;--awb-border-radius-top-right:0px;--awb-border-radius-bottom-right:0px;--awb-border-radius-bottom-left:0px;--awb-flex-wrap:wrap;\" ><div class=\"fusion-builder-row fusion-row fusion-flex-align-items-flex-start fusion-flex-content-wrap\" style=\"max-width:1248px;margin-left: calc(-4% \/ 2 );margin-right: calc(-4% \/ 2 );\"><div class=\"fusion-layout-column fusion_builder_column fusion-builder-column-0 fusion_builder_column_1_1 1_1 fusion-flex-column\" style=\"--awb-bg-size:cover;--awb-width-large:100%;--awb-margin-top-large:0px;--awb-spacing-right-large:1.92%;--awb-margin-bottom-large:0px;--awb-spacing-left-large:1.92%;--awb-width-medium:100%;--awb-spacing-right-medium:1.92%;--awb-spacing-left-medium:1.92%;--awb-width-small:100%;--awb-spacing-right-small:1.92%;--awb-spacing-left-small:1.92%;\"><div class=\"fusion-column-wrapper fusion-flex-justify-content-flex-start fusion-content-layout-column\"><div class=\"fusion-text fusion-text-1\"><h1><span style=\"color: #429bba;\"><strong>Weka Saunahaus Cubilis<\/strong><\/span><\/h1>\n<h3>Vorteile:<\/h3>\n<ul>\n<li class=\"list-bullet-point-item\">Saunahaus aus 45 mm Blockbohlen in modernem wekaLine-Profil<\/li>\n<li class=\"list-bullet-point-item\">68 mm starke Wandelemente und Ganzglast\u00fcr mit T\u00fcrgriff aussen Premium-Edelstahl, innen Holz<\/li>\n<li class=\"list-bullet-point-item\">drei breite Fensterelemente und eine extra hohe T\u00fcr in Graphit Optik<\/li>\n<\/ul>\n<h3>Inklusiv:<\/h3>\n<ul>\n<li><strong>hochwertige Elementsauna \u00ab\u00a0Varberg 3\u00a0\u00bb<\/strong><\/li>\n<li>Lieferung frei Bordsteinkante innerhalb des deutschen Festlandes<\/li>\n<li class=\"list-bullet-point-item\">Ofenschutz und Bodenmatte<\/li>\n<li class=\"list-bullet-point-item\">Montagematerial und ausf\u00fchrlicher Aufbauanleitung<\/li>\n<li class=\"list-bullet-point-item\">zwei 55 cm tiefe Liegen, eine 50 cm tiefe Querliege und zwei Kopfst\u00fctzen<\/li>\n<\/ul>\n<h3>Konstruktionsdetails:<\/h3>\n<table class=\"sw-text-editor-table\" style=\"height: 322px;\" width=\"432\">\n<tbody class=\"sw-text-editor-table__body\">\n<tr class=\"sw-text-editor-table__row\">\n<td class=\"sw-text-editor-table__col\">Gewicht<\/td>\n<td class=\"sw-text-editor-table__col\">1.698,44 kg<\/td>\n<\/tr>\n<tr class=\"sw-text-editor-table__row\">\n<td class=\"sw-text-editor-table__col\">Grundfl\u00e4che<\/td>\n<td class=\"sw-text-editor-table__col\">11,40 m<sup>2<\/sup><\/td>\n<\/tr>\n<tr class=\"sw-text-editor-table__row\">\n<td class=\"sw-text-editor-table__col\">umbauter Raum<\/td>\n<td class=\"sw-text-editor-table__col\">28,40 m<sup>3<\/sup><\/td>\n<\/tr>\n<tr class=\"sw-text-editor-table__row\">\n<td class=\"sw-text-editor-table__col\">Bauweise<\/td>\n<td class=\"sw-text-editor-table__col\">Elementbauweise<\/td>\n<\/tr>\n<tr class=\"sw-text-editor-table__row\">\n<td class=\"sw-text-editor-table__col\">Hauptt\u00fcr Durchgangsmass<\/td>\n<td class=\"sw-text-editor-table__col\">82,0 x 187,0 cm<\/td>\n<\/tr>\n<tr class=\"sw-text-editor-table__row\">\n<td class=\"sw-text-editor-table__col\">Nebent\u00fcr Art<\/td>\n<td class=\"sw-text-editor-table__col\">Ganzglast\u00fcr<\/td>\n<\/tr>\n<tr class=\"sw-text-editor-table__row\">\n<td class=\"sw-text-editor-table__col\">Nebent\u00fcr Durchgangsmass<\/td>\n<td class=\"sw-text-editor-table__col\">52,6 x 174,5 cm<\/td>\n<\/tr>\n<tr class=\"sw-text-editor-table__row\">\n<td class=\"sw-text-editor-table__col\">Wandst\u00e4rke Sauna<\/td>\n<td class=\"sw-text-editor-table__col\">68,00 mm<\/td>\n<\/tr>\n<tr class=\"sw-text-editor-table__row\">\n<td class=\"sw-text-editor-table__col\">Sauna flexibel<\/td>\n<td class=\"sw-text-editor-table__col\">ja<\/td>\n<\/tr>\n<tr class=\"sw-text-editor-table__row\">\n<td class=\"sw-text-editor-table__col\">Materialart<\/td>\n<td class=\"sw-text-editor-table__col\">Europ\u00e4ische Fichte<\/td>\n<\/tr>\n<\/tbody>\n<\/table>\n<h3>Ofensets zus\u00e4tzlich w\u00e4hlbar:<\/h3>\n<p>Sie haben die Wahl aus folgenden Ofensets (alle Sets enthalten die n\u00f6tigen Anschlusskabel, Saunasteine sowie eine Steuerung):<\/p>\n<ul>\n<li>Klassischer Saunaofen 7.5 &#8211; 9.0 kW mit Steuerger\u00e4t<\/li>\n<li>BioAktiv Saunaofen 7.5 &#8211; 9.0 kW mit Dampfbadfunktion inkl. Steuerger\u00e4t<\/li>\n<\/ul>\n<p><strong>Steuerung:<\/strong><\/p>\n<ul>\n<li>Digitales Steuerger\u00e4t mit Vorlauftimer, Benutzerspeicher<\/li>\n<li>Inklusive Temperaturf\u00fchler<\/li>\n<\/ul>\n<p><strong>Anschlusswert:<\/strong><\/p>\n<ul>\n<li>380\u00a0Volt \/ 16 Amp.<\/li>\n<\/ul>\n<p>W\u00e4hlen Sie den richtigen Ofen nach Ihren Anforderungen aus. Sie werden nach kurzer Zeit feststellen, dass Sie mit einer unserer Weka Saunen die richtige Wahl getroffen haben. Weka Qualit\u00e4tssauna made in Germany for users all over the world.<\/p>\n<h3>Transportkosten:<\/h3>\n<p>Auf Anfrage.<\/p>\n<h3>Montage:<\/h3>\n<p>F\u00fcr die Installation ihrer neuen Sauna m\u00fcssen Sie sich keine Gedanken machen! Wir stellen Ihnen gerne unser Hauseigen, fachm\u00e4nnisches Installationsteam f\u00fcr die Montage zur Verf\u00fcgung.<\/p>\n<h3>Sicherheit und Service:<\/h3>\n<ul>\n<li>Sichere Kabelf\u00fchrung durch eingearbeitete Kan\u00e4le<\/li>\n<li>Ausf\u00fchrliche Aufbau- &amp; Bedienungsanleitung<\/li>\n<li>Montagematerial<\/li>\n<\/ul>\n<p>(Abb. ohne Zubeh\u00f6r und Dekoration \u2013 siehe Skizze)<\/p>\n<h3>Weiteres Zubeh\u00f6r:<\/h3>\n<p>Wir haben ein reichhaltiges Zubeh\u00f6rsortiment f\u00fcr Sie zusammengestellt, so dass Sie sich die passenden Produkte in Ruhe in unserem Onlineshop ausw\u00e4hlen k\u00f6nnen. Wenn Sie sich dar\u00fcber hinaus Ihre ganz pers\u00f6nliche Wellness-Oase schaffen wollen, so schauen Sie sich doch einfach unsere Softub <a href=\"https:\/\/softub.ch\/simply-relaxing\/softub-whirlpools\/\">Whirlpools<\/a> an &#8211; eventuell auch in Kombination mit einem <a href=\"https:\/\/meinschattenspender.ch\/\">Unosider-<\/a><a href=\"https:\/\/meinschattenspender.ch\/\">Pavillon<\/a>.<\/p>\n<p>Wir beraten Sie gerne, telefonisch, in einem unserer Showrooms oder bei Ihnen Zuhause.<\/p>\n<\/div><\/div><\/div><\/div><\/div>\n","protected":false},"excerpt":{"rendered":"<h1><span style=\"color: #429bba;\"><strong>Weka Saunahaus Cubilis<\/strong><\/span><\/h1>\n<p>Das Design-Saunahaus Cubilis mit eleganter Glasfront und modernem wekaLine Profil bietet pure Exklusivit\u00e4t. So k\u00f6nnen Sie K\u00f6rper und Geist stilvoll entspannen. Ein besonderes Plus bei diesem Saunahaus ist die kostenfreie Lieferung frei Bordsteinkante innerhalb des deutschen Festlandes.<\/p>\n<p>Aussenmasse: B 388 x T 314 x H 249 cm<br \/>\nSockelmasse: B 380 x T 300 cm<\/p>\n","protected":false},"featured_media":8429,"template":"","meta":{"_acf_changed":false},"product_brand":[],"product_cat":[6276,6271],"product_tag":[10122,10037,10078,10079,10123,4948,10107,10124,6321,10072,6502,6499,10113,10125,10126,2315,9992,4949,7615,10090,270],"woo-feed-brand":[],"class_list":{"0":"post-71602","1":"product","2":"type-product","3":"status-publish","4":"has-post-thumbnail","6":"product_cat-sauna-design-weka","7":"product_cat-saunas-exterieurs","8":"product_tag-design-sauna-fr","9":"product_tag-detente","10":"product_tag-die-besten-saunen-fr","11":"product_tag-die-schoensten-saunen-fr","12":"product_tag-elegante-holz-sauna-fr","13":"product_tag-oasis-de-wellness","14":"product_tag-optimales-saunieren-fr","15":"product_tag-outdoor-sauna-fr","16":"product_tag-sauna-fr","17":"product_tag-sauna-de-jardin","18":"product_tag-sauna-elegant","19":"product_tag-sauna-exterieur","20":"product_tag-saunahaus-fr","21":"product_tag-saunahaus-cubilis-fr","22":"product_tag-schoene-sauna-fuer-garten-fr","23":"product_tag-softub-fr-2","24":"product_tag-softub-schweiz-ag-fr","25":"product_tag-softub-suisse","26":"product_tag-weka-fr","27":"product_tag-weka-saunen-fr","28":"product_tag-wellness-fr","29":"product_shipping_class-lkw-250","31":"first","32":"instock","33":"taxable","34":"shipping-taxable","35":"purchasable","36":"product-type-simple"},"acf":[],"yoast_head":"<!-- This site is optimized with the Yoast SEO Premium plugin v27.5 (Yoast SEO v27.5) - https:\/\/yoast.com\/product\/yoast-seo-premium-wordpress\/ -->\n<title>Das Weka Saunahaus Cubilis - SOFTUB Schweiz<\/title>\n<meta name=\"description\" content=\"Das Weka Saunahaus Cubilis - Design und Gesundheit unter einem Dach. Geniessen Sie komfortabel lange Sommern\u00e4chte und kalte Wintertage.\" \/>\n<meta name=\"robots\" content=\"index, follow, max-snippet:-1, max-image-preview:large, max-video-preview:-1\" \/>\n<link rel=\"canonical\" href=\"https:\/\/www.softub.ch\/fr\/produit\/das-weka-saunahaus-cubilis\/\" \/>\n<meta property=\"og:locale\" content=\"fr_FR\" \/>\n<meta property=\"og:type\" content=\"article\" \/>\n<meta property=\"og:title\" content=\"Weka Saunahaus CUBILIS - Design und Gesundheit unter einem Dach\" \/>\n<meta property=\"og:description\" content=\"Das Weka Saunahaus Cubilis - Design und Gesundheit unter einem Dach. Geniessen Sie komfortabel lange Sommern\u00e4chte und kalte Wintertage.\" \/>\n<meta property=\"og:url\" content=\"https:\/\/www.softub.ch\/fr\/produit\/das-weka-saunahaus-cubilis\/\" \/>\n<meta property=\"og:site_name\" content=\"Softub Schweiz\" \/>\n<meta property=\"article:publisher\" content=\"https:\/\/www.facebook.com\/softubschweiz\" \/>\n<meta property=\"article:modified_time\" content=\"2025-07-02T09:42:35+00:00\" \/>\n<meta property=\"og:image\" content=\"https:\/\/www.softub.ch\/wp-content\/uploads\/wek-saunahaus-Cubilis-0.jpg\" \/>\n\t<meta property=\"og:image:width\" content=\"440\" \/>\n\t<meta property=\"og:image:height\" content=\"330\" \/>\n\t<meta property=\"og:image:type\" content=\"image\/jpeg\" \/>\n<meta name=\"twitter:card\" content=\"summary_large_image\" \/>\n<meta name=\"twitter:label1\" content=\"Dur\u00e9e de lecture estim\u00e9e\" \/>\n\t<meta name=\"twitter:data1\" content=\"3 minutes\" \/>\n<script type=\"application\/ld+json\" class=\"yoast-schema-graph\">{\"@context\":\"https:\\\/\\\/schema.org\",\"@graph\":[{\"@type\":\"WebPage\",\"@id\":\"https:\\\/\\\/www.softub.ch\\\/fr\\\/produit\\\/das-weka-saunahaus-cubilis\\\/\",\"url\":\"https:\\\/\\\/www.softub.ch\\\/fr\\\/produit\\\/das-weka-saunahaus-cubilis\\\/\",\"name\":\"Das Weka Saunahaus Cubilis - SOFTUB Schweiz\",\"isPartOf\":{\"@id\":\"https:\\\/\\\/www.softub.ch\\\/fr\\\/#website\"},\"primaryImageOfPage\":{\"@id\":\"https:\\\/\\\/www.softub.ch\\\/fr\\\/produit\\\/das-weka-saunahaus-cubilis\\\/#primaryimage\"},\"image\":{\"@id\":\"https:\\\/\\\/www.softub.ch\\\/fr\\\/produit\\\/das-weka-saunahaus-cubilis\\\/#primaryimage\"},\"thumbnailUrl\":\"https:\\\/\\\/www.softub.ch\\\/wp-content\\\/uploads\\\/wek-saunahaus-Cubilis-0.jpg\",\"datePublished\":\"2020-06-29T09:59:31+00:00\",\"dateModified\":\"2025-07-02T09:42:35+00:00\",\"description\":\"Das Weka Saunahaus Cubilis - Design und Gesundheit unter einem Dach. Geniessen Sie komfortabel lange Sommern\u00e4chte und kalte Wintertage.\",\"breadcrumb\":{\"@id\":\"https:\\\/\\\/www.softub.ch\\\/fr\\\/produit\\\/das-weka-saunahaus-cubilis\\\/#breadcrumb\"},\"inLanguage\":\"fr-FR\",\"potentialAction\":[{\"@type\":\"ReadAction\",\"target\":[\"https:\\\/\\\/www.softub.ch\\\/fr\\\/produit\\\/das-weka-saunahaus-cubilis\\\/\"]}]},{\"@type\":\"ImageObject\",\"inLanguage\":\"fr-FR\",\"@id\":\"https:\\\/\\\/www.softub.ch\\\/fr\\\/produit\\\/das-weka-saunahaus-cubilis\\\/#primaryimage\",\"url\":\"https:\\\/\\\/www.softub.ch\\\/wp-content\\\/uploads\\\/wek-saunahaus-Cubilis-0.jpg\",\"contentUrl\":\"https:\\\/\\\/www.softub.ch\\\/wp-content\\\/uploads\\\/wek-saunahaus-Cubilis-0.jpg\",\"width\":440,\"height\":330},{\"@type\":\"BreadcrumbList\",\"@id\":\"https:\\\/\\\/www.softub.ch\\\/fr\\\/produit\\\/das-weka-saunahaus-cubilis\\\/#breadcrumb\",\"itemListElement\":[{\"@type\":\"ListItem\",\"position\":1,\"name\":\"Startseite\",\"item\":\"https:\\\/\\\/www.softub.ch\\\/fr\\\/\"},{\"@type\":\"ListItem\",\"position\":2,\"name\":\"Shop\",\"item\":\"https:\\\/\\\/www.softub.ch\\\/fr\\\/softub-suisse-shop\\\/\"},{\"@type\":\"ListItem\",\"position\":3,\"name\":\"Weka Saunahaus CUBILIS &#8211; Design und Gesundheit unter einem Dach\"}]},{\"@type\":\"WebSite\",\"@id\":\"https:\\\/\\\/www.softub.ch\\\/fr\\\/#website\",\"url\":\"https:\\\/\\\/www.softub.ch\\\/fr\\\/\",\"name\":\"Softub Schweiz\",\"description\":\"Softub - Wir machen Ferien Zuhause\",\"publisher\":{\"@id\":\"https:\\\/\\\/www.softub.ch\\\/fr\\\/#organization\"},\"potentialAction\":[{\"@type\":\"SearchAction\",\"target\":{\"@type\":\"EntryPoint\",\"urlTemplate\":\"https:\\\/\\\/www.softub.ch\\\/fr\\\/?s={search_term_string}\"},\"query-input\":{\"@type\":\"PropertyValueSpecification\",\"valueRequired\":true,\"valueName\":\"search_term_string\"}}],\"inLanguage\":\"fr-FR\"},{\"@type\":\"Organization\",\"@id\":\"https:\\\/\\\/www.softub.ch\\\/fr\\\/#organization\",\"name\":\"Softub Schweiz AG\",\"url\":\"https:\\\/\\\/www.softub.ch\\\/fr\\\/\",\"logo\":{\"@type\":\"ImageObject\",\"inLanguage\":\"fr-FR\",\"@id\":\"https:\\\/\\\/www.softub.ch\\\/fr\\\/#\\\/schema\\\/logo\\\/image\\\/\",\"url\":\"https:\\\/\\\/www.softub.ch\\\/wp-content\\\/uploads\\\/Softub-Logo-Softub-Schweiz-.png\",\"contentUrl\":\"https:\\\/\\\/www.softub.ch\\\/wp-content\\\/uploads\\\/Softub-Logo-Softub-Schweiz-.png\",\"width\":200,\"height\":73,\"caption\":\"Softub Schweiz AG\"},\"image\":{\"@id\":\"https:\\\/\\\/www.softub.ch\\\/fr\\\/#\\\/schema\\\/logo\\\/image\\\/\"},\"sameAs\":[\"https:\\\/\\\/www.facebook.com\\\/softubschweiz\",\"https:\\\/\\\/www.instagram.com\\\/softub_schweiz\\\/\",\"https:\\\/\\\/ch.pinterest.com\\\/softub_schweiz\\\/\",\"https:\\\/\\\/www.linkedin.com\\\/company\\\/softub-schweiz-ag\\\/\"]}]}<\/script>\n<!-- \/ Yoast SEO Premium plugin. -->","yoast_head_json":{"title":"Das Weka Saunahaus Cubilis - SOFTUB Schweiz","description":"Das Weka Saunahaus Cubilis - Design und Gesundheit unter einem Dach. Geniessen Sie komfortabel lange Sommern\u00e4chte und kalte Wintertage.","robots":{"index":"index","follow":"follow","max-snippet":"max-snippet:-1","max-image-preview":"max-image-preview:large","max-video-preview":"max-video-preview:-1"},"canonical":"https:\/\/www.softub.ch\/fr\/produit\/das-weka-saunahaus-cubilis\/","og_locale":"fr_FR","og_type":"article","og_title":"Weka Saunahaus CUBILIS - Design und Gesundheit unter einem Dach","og_description":"Das Weka Saunahaus Cubilis - Design und Gesundheit unter einem Dach. Geniessen Sie komfortabel lange Sommern\u00e4chte und kalte Wintertage.","og_url":"https:\/\/www.softub.ch\/fr\/produit\/das-weka-saunahaus-cubilis\/","og_site_name":"Softub Schweiz","article_publisher":"https:\/\/www.facebook.com\/softubschweiz","article_modified_time":"2025-07-02T09:42:35+00:00","og_image":[{"width":440,"height":330,"url":"https:\/\/www.softub.ch\/wp-content\/uploads\/wek-saunahaus-Cubilis-0.jpg","type":"image\/jpeg"}],"twitter_card":"summary_large_image","twitter_misc":{"Dur\u00e9e de lecture estim\u00e9e":"3 minutes"},"schema":{"@context":"https:\/\/schema.org","@graph":[{"@type":"WebPage","@id":"https:\/\/www.softub.ch\/fr\/produit\/das-weka-saunahaus-cubilis\/","url":"https:\/\/www.softub.ch\/fr\/produit\/das-weka-saunahaus-cubilis\/","name":"Das Weka Saunahaus Cubilis - SOFTUB Schweiz","isPartOf":{"@id":"https:\/\/www.softub.ch\/fr\/#website"},"primaryImageOfPage":{"@id":"https:\/\/www.softub.ch\/fr\/produit\/das-weka-saunahaus-cubilis\/#primaryimage"},"image":{"@id":"https:\/\/www.softub.ch\/fr\/produit\/das-weka-saunahaus-cubilis\/#primaryimage"},"thumbnailUrl":"https:\/\/www.softub.ch\/wp-content\/uploads\/wek-saunahaus-Cubilis-0.jpg","datePublished":"2020-06-29T09:59:31+00:00","dateModified":"2025-07-02T09:42:35+00:00","description":"Das Weka Saunahaus Cubilis - Design und Gesundheit unter einem Dach. Geniessen Sie komfortabel lange Sommern\u00e4chte und kalte Wintertage.","breadcrumb":{"@id":"https:\/\/www.softub.ch\/fr\/produit\/das-weka-saunahaus-cubilis\/#breadcrumb"},"inLanguage":"fr-FR","potentialAction":[{"@type":"ReadAction","target":["https:\/\/www.softub.ch\/fr\/produit\/das-weka-saunahaus-cubilis\/"]}]},{"@type":"ImageObject","inLanguage":"fr-FR","@id":"https:\/\/www.softub.ch\/fr\/produit\/das-weka-saunahaus-cubilis\/#primaryimage","url":"https:\/\/www.softub.ch\/wp-content\/uploads\/wek-saunahaus-Cubilis-0.jpg","contentUrl":"https:\/\/www.softub.ch\/wp-content\/uploads\/wek-saunahaus-Cubilis-0.jpg","width":440,"height":330},{"@type":"BreadcrumbList","@id":"https:\/\/www.softub.ch\/fr\/produit\/das-weka-saunahaus-cubilis\/#breadcrumb","itemListElement":[{"@type":"ListItem","position":1,"name":"Startseite","item":"https:\/\/www.softub.ch\/fr\/"},{"@type":"ListItem","position":2,"name":"Shop","item":"https:\/\/www.softub.ch\/fr\/softub-suisse-shop\/"},{"@type":"ListItem","position":3,"name":"Weka Saunahaus CUBILIS &#8211; Design und Gesundheit unter einem Dach"}]},{"@type":"WebSite","@id":"https:\/\/www.softub.ch\/fr\/#website","url":"https:\/\/www.softub.ch\/fr\/","name":"Softub Schweiz","description":"Softub - Wir machen Ferien Zuhause","publisher":{"@id":"https:\/\/www.softub.ch\/fr\/#organization"},"potentialAction":[{"@type":"SearchAction","target":{"@type":"EntryPoint","urlTemplate":"https:\/\/www.softub.ch\/fr\/?s={search_term_string}"},"query-input":{"@type":"PropertyValueSpecification","valueRequired":true,"valueName":"search_term_string"}}],"inLanguage":"fr-FR"},{"@type":"Organization","@id":"https:\/\/www.softub.ch\/fr\/#organization","name":"Softub Schweiz AG","url":"https:\/\/www.softub.ch\/fr\/","logo":{"@type":"ImageObject","inLanguage":"fr-FR","@id":"https:\/\/www.softub.ch\/fr\/#\/schema\/logo\/image\/","url":"https:\/\/www.softub.ch\/wp-content\/uploads\/Softub-Logo-Softub-Schweiz-.png","contentUrl":"https:\/\/www.softub.ch\/wp-content\/uploads\/Softub-Logo-Softub-Schweiz-.png","width":200,"height":73,"caption":"Softub Schweiz AG"},"image":{"@id":"https:\/\/www.softub.ch\/fr\/#\/schema\/logo\/image\/"},"sameAs":["https:\/\/www.facebook.com\/softubschweiz","https:\/\/www.instagram.com\/softub_schweiz\/","https:\/\/ch.pinterest.com\/softub_schweiz\/","https:\/\/www.linkedin.com\/company\/softub-schweiz-ag\/"]}]}},"_links":{"self":[{"href":"https:\/\/www.softub.ch\/fr\/wp-json\/wp\/v2\/product\/71602","targetHints":{"allow":["GET"]}}],"collection":[{"href":"https:\/\/www.softub.ch\/fr\/wp-json\/wp\/v2\/product"}],"about":[{"href":"https:\/\/www.softub.ch\/fr\/wp-json\/wp\/v2\/types\/product"}],"wp:featuredmedia":[{"embeddable":true,"href":"https:\/\/www.softub.ch\/fr\/wp-json\/wp\/v2\/media\/8429"}],"wp:attachment":[{"href":"https:\/\/www.softub.ch\/fr\/wp-json\/wp\/v2\/media?parent=71602"}],"wp:term":[{"taxonomy":"product_brand","embeddable":true,"href":"https:\/\/www.softub.ch\/fr\/wp-json\/wp\/v2\/product_brand?post=71602"},{"taxonomy":"product_cat","embeddable":true,"href":"https:\/\/www.softub.ch\/fr\/wp-json\/wp\/v2\/product_cat?post=71602"},{"taxonomy":"product_tag","embeddable":true,"href":"https:\/\/www.softub.ch\/fr\/wp-json\/wp\/v2\/product_tag?post=71602"},{"taxonomy":"woo-feed-brand","embeddable":true,"href":"https:\/\/www.softub.ch\/fr\/wp-json\/wp\/v2\/woo-feed-brand?post=71602"}],"curies":[{"name":"wp","href":"https:\/\/api.w.org\/{rel}","templated":true}]}}