{"id":71610,"date":"2020-06-04T08:26:31","date_gmt":"2020-06-04T08:26:31","guid":{"rendered":"https:\/\/www.softub.ch\/product\/weka-massivholzsauna-valida-sparset\/"},"modified":"2025-07-02T11:30:05","modified_gmt":"2025-07-02T09:30:05","slug":"weka-massivholzsauna-valida-sparset","status":"publish","type":"product","link":"https:\/\/www.softub.ch\/fr\/produit\/weka-massivholzsauna-valida-sparset\/","title":{"rendered":"Weka Massivholzsauna VALIDA Sparset &#8211; 38mm"},"content":{"rendered":"<div class=\"fusion-fullwidth fullwidth-box fusion-builder-row-1 fusion-flex-container nonhundred-percent-fullwidth non-hundred-percent-height-scrolling\" style=\"--awb-border-radius-top-left:0px;--awb-border-radius-top-right:0px;--awb-border-radius-bottom-right:0px;--awb-border-radius-bottom-left:0px;--awb-flex-wrap:wrap;\" ><div class=\"fusion-builder-row fusion-row fusion-flex-align-items-flex-start fusion-flex-content-wrap\" style=\"max-width:1248px;margin-left: calc(-4% \/ 2 );margin-right: calc(-4% \/ 2 );\"><div class=\"fusion-layout-column fusion_builder_column fusion-builder-column-0 fusion_builder_column_1_1 1_1 fusion-flex-column\" style=\"--awb-bg-size:cover;--awb-width-large:100%;--awb-margin-top-large:0px;--awb-spacing-right-large:1.92%;--awb-margin-bottom-large:0px;--awb-spacing-left-large:1.92%;--awb-width-medium:100%;--awb-spacing-right-medium:1.92%;--awb-spacing-left-medium:1.92%;--awb-width-small:100%;--awb-spacing-right-small:1.92%;--awb-spacing-left-small:1.92%;\"><div class=\"fusion-column-wrapper fusion-flex-justify-content-flex-start fusion-content-layout-column\"><div class=\"fusion-text fusion-text-1\"><h1>Weka Massivholzsauna Valida Sparset<\/h1>\n<h3>Vorteile:<\/h3>\n<ul>\n<li class=\"list-bullet-point-item\">38 mm Massivholzsauna aus naturbelassenem Fichtenholz<\/li>\n<li class=\"list-bullet-point-item\">ein Fensterelement und moderne Ganzglast\u00fcr mit Sicherheitsglas, rechts oder links anschlagbar<\/li>\n<li class=\"list-bullet-point-item\">zwei 55 cm tiefe Liegen und zwei Kopfst\u00fctzen<\/li>\n<li class=\"list-bullet-point-item\">sichere Kabelf\u00fchrung durch in die Wand eingearbeitete Kan\u00e4le<\/li>\n<\/ul>\n<h3>Sparset inklusive:<\/h3>\n<ul>\n<li><a href=\"https:\/\/softub.ch\/produkt\/weka-saunaofen-set-klassik\/\">9 kW Saunaofen mit digitaler Steuerung\u00a0<\/a><\/li>\n<li><a href=\"https:\/\/softub.ch\/produkt\/weka-sauna-leuchten-set-und-es-werde-licht\/\">Saunaleuchtenset<\/a><\/li>\n<li>Ofenschutz und Bodenmatte<\/li>\n<li>Anschlusskabel<\/li>\n<li>2 Kopfst\u00fctzen<\/li>\n<li>2 stabile Liegen (55cm)<\/li>\n<li>Montagematerial und ausf\u00fchrliche Aufbauanleitung<\/li>\n<\/ul>\n<h3>Abmessungen (Breite \/ Tiefe \/ H\u00f6he):<\/h3>\n<ul>\n<li>Aussenmass B 189 x T 172 x H 203,5 cm<\/li>\n<li>Sockelmass:\u00a0 B 187 x T 170<\/li>\n<\/ul>\n<h3>Ausstattung:<\/h3>\n<ul>\n<li>Premium Massivholzsauna<\/li>\n<li><strong>Sparset Inkl<\/strong>. <a href=\"https:\/\/softub.ch\/produkt\/weka-saunaofen-set-klassik\/\">9 kW Saunaofen<\/a>\u00a0&amp;\u00a0<a href=\"https:\/\/softub.ch\/produkt\/weka-sauna-leuchten-set-und-es-werde-licht\/\">Sauna-Leuchtenset<\/a><\/li>\n<li>Wandst\u00e4rke: 38 mm extra starkes, naturbelassenes Fichtenholz f\u00fcr bestes Saunaklima<\/li>\n<li>Konstruktion: Nordische Fichte in Blockbohlenbauweise<\/li>\n<li>Fronteinstieg (auch mit Eckeinstieg erh\u00e4ltlich)<\/li>\n<li>Ganzglast\u00fcr aus 6 mm starkem, klarem Sicherheitsglas<\/li>\n<li>T\u00fcr mit ergonomisch geformtem, lackiertem T\u00fcrgriff im exklusiven Weka-Design, inklusive Sicherheitsrollverschluss, rechts oder links anschlagbar<\/li>\n<li>T\u00fcrgriff: ergonormisch geformt aus Sauna-Spezialholz<\/li>\n<li>2 stabile Liegen, untere Liege\u00a055 cm nutzbar<\/li>\n<li>2 Kopfst\u00fctzen<\/li>\n<li>Anschlusskabel aus Silikon<\/li>\n<li>Sichere Kabelf\u00fchrung durch in die Wandbohlen eingearbeitete Kan\u00e4le<\/li>\n<li>Ofenschutz<\/li>\n<li>Inklusive Ausf\u00fchrliche Aufbau- &amp; Bedienungsanleitung<\/li>\n<\/ul>\n<h3>Ofensets:<\/h3>\n<p>Das folgende <a href=\"https:\/\/softub.ch\/produkt\/weka-saunaofen-set-klassik\/\">Ofenset<\/a>, <strong>ist im Lieferumfang enthalten<\/strong> (das Set enth\u00e4lt eine digitale Steuerung und das Silikonkabel):<\/p>\n<ul>\n<li>Klassischer Saunaofen 9 kW mit digitaler Steuerung<\/li>\n<\/ul>\n<p>Sie werden nach kurzer Zeit feststellen, dass Sie mit einer unserer Weka Saunen die richtige Wahl getroffen haben.<\/p>\n<h3>Sicherheit und Service:<\/h3>\n<ul>\n<li>Sichere Kabelf\u00fchrung durch in die Wandbohlen eingearbeitete Kan\u00e4le<\/li>\n<li>Ausf\u00fchrliche Aufbau- &amp; Bedienungsanleitung<\/li>\n<li>Montagematerial<\/li>\n<li><strong>Mindestraumh\u00f6he:<\/strong> 220 cm<\/li>\n<\/ul>\n<p>(Abb. ohne Zubeh\u00f6r und Dekoration)<\/p>\n<h3>Montage:<\/h3>\n<p>F\u00fcr die Installation Ihrer neuen Sauna m\u00fcssen Sie sich keine Gedanken machen! Wir stellen Ihnen gerne unser Hauseigen, fachm\u00e4nnisches Installationsteam f\u00fcr die Montage zur Verf\u00fcgung.<\/p>\n<h3 class=\"fusion-responsive-typography-calculated\" data-fontsize=\"18\" data-lineheight=\"25.882352828979492px\">Lieferzeit:<\/h3>\n<p>Derzeit sind alle Saunen ab Herbst 2021 lieferbar.<\/p>\n<h3>Weiteres Zubeh\u00f6r:<\/h3>\n<p>Wir haben ein reichhaltiges Zubeh\u00f6rsortiment f\u00fcr Sie zusammengestellt, so dass Sie sich die passenden Produkte in Ruhe in unserem Onlineshop ausw\u00e4hlen k\u00f6nnen. Wenn Sie sich dar\u00fcber hinaus Ihre ganz pers\u00f6nliche Wellness-Oase schaffen wollen, so schauen Sie sich doch einfach unsere Softub <a href=\"https:\/\/softub.ch\/simply-relaxing\/softub-whirlpools\/\">Whirlpools<\/a> an &#8211; eventuell auch in Kombination mit einem <a href=\"https:\/\/meinschattenspender.ch\/\">Unosider-<\/a><a href=\"https:\/\/meinschattenspender.ch\/\">Pavillon<\/a>.<\/p>\n<p>Wir beraten Sie gerne, telefonisch, in einem unserer Showrooms oder bei Ihnen Zuhause.<\/p>\n<\/div><\/div><\/div><\/div><\/div>\n","protected":false},"excerpt":{"rendered":"<h1>Weka Massivholzsauna Valida Sparset<\/h1>\n<p>Sanieren in den eigenen vier W\u00e4nden &#8211; die Massivholzsauna Valida kann dank ihrer kompakten Bauform auch in kleinen R\u00e4umen positioniert werden. Mit diesem <em><strong>Valida Sparset<\/strong><\/em> k\u00f6nnen Sie auf finnische Art saunieren und entspannen.<\/p>\n","protected":false},"featured_media":13138,"template":"","meta":{"_acf_changed":false},"product_brand":[],"product_cat":[593],"product_tag":[795,1114,4004,4005,768,4006,183,764,1125,766,763,776,430,1519,2829,1198,2828,1513,567,1179,431,1202,1502,184,180],"woo-feed-brand":[],"class_list":{"0":"post-71610","1":"product","2":"type-product","3":"status-publish","4":"has-post-thumbnail","6":"product_cat-massivholz-sauna","7":"product_tag-holz","8":"product_tag-entspannung","9":"product_tag-die-besten-saunen","10":"product_tag-die-schoensten-saunen","11":"product_tag-elementsauna","12":"product_tag-holz-sauna","13":"product_tag-jacuzzi","14":"product_tag-massivholz","15":"product_tag-wellnessoase","16":"product_tag-panorama","17":"product_tag-premium","18":"product_tag-qualitaet","19":"product_tag-sauna","20":"product_tag-holzsauna","21":"product_tag-sauna-aus-holz","22":"product_tag-sauna-fuer-badezimmer","23":"product_tag-sauna-von-weka","24":"product_tag-saunen-von-weka","25":"product_tag-softub","26":"product_tag-softub-schweiz","27":"product_tag-weka","28":"product_tag-weka-sauna","29":"product_tag-weka-saunen","30":"product_tag-wellness","31":"product_tag-whirlpool","32":"product_shipping_class-lkw-160","34":"first","35":"instock","36":"sale","37":"taxable","38":"shipping-taxable","39":"purchasable","40":"product-type-simple"},"acf":[],"yoast_head":"<!-- This site is optimized with the Yoast SEO Premium plugin v27.5 (Yoast SEO v27.5) - https:\/\/yoast.com\/product\/yoast-seo-premium-wordpress\/ -->\n<title>Weka Massivholzsauna Valida Sparset - SOFTUB Schweiz<\/title>\n<meta name=\"description\" content=\"Die Weka Massivholzsauna Valida Sparset. Saunieren Sie in Ihren eigenen vier W\u00e4nden mit diesem Weka Sparset. In kleinen R\u00e4umen positionierbar.\" \/>\n<meta name=\"robots\" content=\"index, follow, max-snippet:-1, max-image-preview:large, max-video-preview:-1\" \/>\n<link rel=\"canonical\" href=\"https:\/\/www.softub.ch\/fr\/produit\/weka-massivholzsauna-valida-sparset\/\" \/>\n<meta property=\"og:locale\" content=\"fr_FR\" \/>\n<meta property=\"og:type\" content=\"article\" \/>\n<meta property=\"og:title\" content=\"Weka Massivholzsauna VALIDA Sparset - 38mm\" \/>\n<meta property=\"og:description\" content=\"Die Weka Massivholzsauna Valida Sparset. Saunieren Sie in Ihren eigenen vier W\u00e4nden mit diesem Weka Sparset. In kleinen R\u00e4umen positionierbar.\" \/>\n<meta property=\"og:url\" content=\"https:\/\/www.softub.ch\/fr\/produit\/weka-massivholzsauna-valida-sparset\/\" \/>\n<meta property=\"og:site_name\" content=\"Softub Schweiz\" \/>\n<meta property=\"article:publisher\" content=\"https:\/\/www.facebook.com\/softubschweiz\" \/>\n<meta property=\"article:modified_time\" content=\"2025-07-02T09:30:05+00:00\" \/>\n<meta property=\"og:image\" content=\"https:\/\/www.softub.ch\/wp-content\/uploads\/Valida-Plus-Sparset-0-.jpg\" \/>\n\t<meta property=\"og:image:width\" content=\"440\" \/>\n\t<meta property=\"og:image:height\" content=\"330\" \/>\n\t<meta property=\"og:image:type\" content=\"image\/jpeg\" \/>\n<meta name=\"twitter:card\" content=\"summary_large_image\" \/>\n<meta name=\"twitter:label1\" content=\"Dur\u00e9e de lecture estim\u00e9e\" \/>\n\t<meta name=\"twitter:data1\" content=\"3 minutes\" \/>\n<script type=\"application\/ld+json\" class=\"yoast-schema-graph\">{\"@context\":\"https:\\\/\\\/schema.org\",\"@graph\":[{\"@type\":\"WebPage\",\"@id\":\"https:\\\/\\\/www.softub.ch\\\/fr\\\/produit\\\/weka-massivholzsauna-valida-sparset\\\/\",\"url\":\"https:\\\/\\\/www.softub.ch\\\/fr\\\/produit\\\/weka-massivholzsauna-valida-sparset\\\/\",\"name\":\"Weka Massivholzsauna Valida Sparset - SOFTUB Schweiz\",\"isPartOf\":{\"@id\":\"https:\\\/\\\/www.softub.ch\\\/fr\\\/#website\"},\"primaryImageOfPage\":{\"@id\":\"https:\\\/\\\/www.softub.ch\\\/fr\\\/produit\\\/weka-massivholzsauna-valida-sparset\\\/#primaryimage\"},\"image\":{\"@id\":\"https:\\\/\\\/www.softub.ch\\\/fr\\\/produit\\\/weka-massivholzsauna-valida-sparset\\\/#primaryimage\"},\"thumbnailUrl\":\"https:\\\/\\\/www.softub.ch\\\/wp-content\\\/uploads\\\/Valida-Plus-Sparset-0-.jpg\",\"datePublished\":\"2020-06-04T08:26:31+00:00\",\"dateModified\":\"2025-07-02T09:30:05+00:00\",\"description\":\"Die Weka Massivholzsauna Valida Sparset. Saunieren Sie in Ihren eigenen vier W\u00e4nden mit diesem Weka Sparset. In kleinen R\u00e4umen positionierbar.\",\"breadcrumb\":{\"@id\":\"https:\\\/\\\/www.softub.ch\\\/fr\\\/produit\\\/weka-massivholzsauna-valida-sparset\\\/#breadcrumb\"},\"inLanguage\":\"fr-FR\",\"potentialAction\":[{\"@type\":\"ReadAction\",\"target\":[\"https:\\\/\\\/www.softub.ch\\\/fr\\\/produit\\\/weka-massivholzsauna-valida-sparset\\\/\"]}]},{\"@type\":\"ImageObject\",\"inLanguage\":\"fr-FR\",\"@id\":\"https:\\\/\\\/www.softub.ch\\\/fr\\\/produit\\\/weka-massivholzsauna-valida-sparset\\\/#primaryimage\",\"url\":\"https:\\\/\\\/www.softub.ch\\\/wp-content\\\/uploads\\\/Valida-Plus-Sparset-0-.jpg\",\"contentUrl\":\"https:\\\/\\\/www.softub.ch\\\/wp-content\\\/uploads\\\/Valida-Plus-Sparset-0-.jpg\",\"width\":440,\"height\":330,\"caption\":\"Valida Plus Qualit\u00e4tssauna von Weka\"},{\"@type\":\"BreadcrumbList\",\"@id\":\"https:\\\/\\\/www.softub.ch\\\/fr\\\/produit\\\/weka-massivholzsauna-valida-sparset\\\/#breadcrumb\",\"itemListElement\":[{\"@type\":\"ListItem\",\"position\":1,\"name\":\"Startseite\",\"item\":\"https:\\\/\\\/www.softub.ch\\\/fr\\\/\"},{\"@type\":\"ListItem\",\"position\":2,\"name\":\"Shop\",\"item\":\"https:\\\/\\\/www.softub.ch\\\/fr\\\/softub-suisse-shop\\\/\"},{\"@type\":\"ListItem\",\"position\":3,\"name\":\"Weka Massivholzsauna VALIDA Sparset &#8211; 38mm\"}]},{\"@type\":\"WebSite\",\"@id\":\"https:\\\/\\\/www.softub.ch\\\/fr\\\/#website\",\"url\":\"https:\\\/\\\/www.softub.ch\\\/fr\\\/\",\"name\":\"Softub Schweiz\",\"description\":\"Softub - Wir machen Ferien Zuhause\",\"publisher\":{\"@id\":\"https:\\\/\\\/www.softub.ch\\\/fr\\\/#organization\"},\"potentialAction\":[{\"@type\":\"SearchAction\",\"target\":{\"@type\":\"EntryPoint\",\"urlTemplate\":\"https:\\\/\\\/www.softub.ch\\\/fr\\\/?s={search_term_string}\"},\"query-input\":{\"@type\":\"PropertyValueSpecification\",\"valueRequired\":true,\"valueName\":\"search_term_string\"}}],\"inLanguage\":\"fr-FR\"},{\"@type\":\"Organization\",\"@id\":\"https:\\\/\\\/www.softub.ch\\\/fr\\\/#organization\",\"name\":\"Softub Schweiz AG\",\"url\":\"https:\\\/\\\/www.softub.ch\\\/fr\\\/\",\"logo\":{\"@type\":\"ImageObject\",\"inLanguage\":\"fr-FR\",\"@id\":\"https:\\\/\\\/www.softub.ch\\\/fr\\\/#\\\/schema\\\/logo\\\/image\\\/\",\"url\":\"https:\\\/\\\/www.softub.ch\\\/wp-content\\\/uploads\\\/Softub-Logo-Softub-Schweiz-.png\",\"contentUrl\":\"https:\\\/\\\/www.softub.ch\\\/wp-content\\\/uploads\\\/Softub-Logo-Softub-Schweiz-.png\",\"width\":200,\"height\":73,\"caption\":\"Softub Schweiz AG\"},\"image\":{\"@id\":\"https:\\\/\\\/www.softub.ch\\\/fr\\\/#\\\/schema\\\/logo\\\/image\\\/\"},\"sameAs\":[\"https:\\\/\\\/www.facebook.com\\\/softubschweiz\",\"https:\\\/\\\/www.instagram.com\\\/softub_schweiz\\\/\",\"https:\\\/\\\/ch.pinterest.com\\\/softub_schweiz\\\/\",\"https:\\\/\\\/www.linkedin.com\\\/company\\\/softub-schweiz-ag\\\/\"]}]}<\/script>\n<!-- \/ Yoast SEO Premium plugin. -->","yoast_head_json":{"title":"Weka Massivholzsauna Valida Sparset - SOFTUB Schweiz","description":"Die Weka Massivholzsauna Valida Sparset. Saunieren Sie in Ihren eigenen vier W\u00e4nden mit diesem Weka Sparset. In kleinen R\u00e4umen positionierbar.","robots":{"index":"index","follow":"follow","max-snippet":"max-snippet:-1","max-image-preview":"max-image-preview:large","max-video-preview":"max-video-preview:-1"},"canonical":"https:\/\/www.softub.ch\/fr\/produit\/weka-massivholzsauna-valida-sparset\/","og_locale":"fr_FR","og_type":"article","og_title":"Weka Massivholzsauna VALIDA Sparset - 38mm","og_description":"Die Weka Massivholzsauna Valida Sparset. Saunieren Sie in Ihren eigenen vier W\u00e4nden mit diesem Weka Sparset. In kleinen R\u00e4umen positionierbar.","og_url":"https:\/\/www.softub.ch\/fr\/produit\/weka-massivholzsauna-valida-sparset\/","og_site_name":"Softub Schweiz","article_publisher":"https:\/\/www.facebook.com\/softubschweiz","article_modified_time":"2025-07-02T09:30:05+00:00","og_image":[{"width":440,"height":330,"url":"https:\/\/www.softub.ch\/wp-content\/uploads\/Valida-Plus-Sparset-0-.jpg","type":"image\/jpeg"}],"twitter_card":"summary_large_image","twitter_misc":{"Dur\u00e9e de lecture estim\u00e9e":"3 minutes"},"schema":{"@context":"https:\/\/schema.org","@graph":[{"@type":"WebPage","@id":"https:\/\/www.softub.ch\/fr\/produit\/weka-massivholzsauna-valida-sparset\/","url":"https:\/\/www.softub.ch\/fr\/produit\/weka-massivholzsauna-valida-sparset\/","name":"Weka Massivholzsauna Valida Sparset - SOFTUB Schweiz","isPartOf":{"@id":"https:\/\/www.softub.ch\/fr\/#website"},"primaryImageOfPage":{"@id":"https:\/\/www.softub.ch\/fr\/produit\/weka-massivholzsauna-valida-sparset\/#primaryimage"},"image":{"@id":"https:\/\/www.softub.ch\/fr\/produit\/weka-massivholzsauna-valida-sparset\/#primaryimage"},"thumbnailUrl":"https:\/\/www.softub.ch\/wp-content\/uploads\/Valida-Plus-Sparset-0-.jpg","datePublished":"2020-06-04T08:26:31+00:00","dateModified":"2025-07-02T09:30:05+00:00","description":"Die Weka Massivholzsauna Valida Sparset. Saunieren Sie in Ihren eigenen vier W\u00e4nden mit diesem Weka Sparset. In kleinen R\u00e4umen positionierbar.","breadcrumb":{"@id":"https:\/\/www.softub.ch\/fr\/produit\/weka-massivholzsauna-valida-sparset\/#breadcrumb"},"inLanguage":"fr-FR","potentialAction":[{"@type":"ReadAction","target":["https:\/\/www.softub.ch\/fr\/produit\/weka-massivholzsauna-valida-sparset\/"]}]},{"@type":"ImageObject","inLanguage":"fr-FR","@id":"https:\/\/www.softub.ch\/fr\/produit\/weka-massivholzsauna-valida-sparset\/#primaryimage","url":"https:\/\/www.softub.ch\/wp-content\/uploads\/Valida-Plus-Sparset-0-.jpg","contentUrl":"https:\/\/www.softub.ch\/wp-content\/uploads\/Valida-Plus-Sparset-0-.jpg","width":440,"height":330,"caption":"Valida Plus Qualit\u00e4tssauna von Weka"},{"@type":"BreadcrumbList","@id":"https:\/\/www.softub.ch\/fr\/produit\/weka-massivholzsauna-valida-sparset\/#breadcrumb","itemListElement":[{"@type":"ListItem","position":1,"name":"Startseite","item":"https:\/\/www.softub.ch\/fr\/"},{"@type":"ListItem","position":2,"name":"Shop","item":"https:\/\/www.softub.ch\/fr\/softub-suisse-shop\/"},{"@type":"ListItem","position":3,"name":"Weka Massivholzsauna VALIDA Sparset &#8211; 38mm"}]},{"@type":"WebSite","@id":"https:\/\/www.softub.ch\/fr\/#website","url":"https:\/\/www.softub.ch\/fr\/","name":"Softub Schweiz","description":"Softub - Wir machen Ferien Zuhause","publisher":{"@id":"https:\/\/www.softub.ch\/fr\/#organization"},"potentialAction":[{"@type":"SearchAction","target":{"@type":"EntryPoint","urlTemplate":"https:\/\/www.softub.ch\/fr\/?s={search_term_string}"},"query-input":{"@type":"PropertyValueSpecification","valueRequired":true,"valueName":"search_term_string"}}],"inLanguage":"fr-FR"},{"@type":"Organization","@id":"https:\/\/www.softub.ch\/fr\/#organization","name":"Softub Schweiz AG","url":"https:\/\/www.softub.ch\/fr\/","logo":{"@type":"ImageObject","inLanguage":"fr-FR","@id":"https:\/\/www.softub.ch\/fr\/#\/schema\/logo\/image\/","url":"https:\/\/www.softub.ch\/wp-content\/uploads\/Softub-Logo-Softub-Schweiz-.png","contentUrl":"https:\/\/www.softub.ch\/wp-content\/uploads\/Softub-Logo-Softub-Schweiz-.png","width":200,"height":73,"caption":"Softub Schweiz AG"},"image":{"@id":"https:\/\/www.softub.ch\/fr\/#\/schema\/logo\/image\/"},"sameAs":["https:\/\/www.facebook.com\/softubschweiz","https:\/\/www.instagram.com\/softub_schweiz\/","https:\/\/ch.pinterest.com\/softub_schweiz\/","https:\/\/www.linkedin.com\/company\/softub-schweiz-ag\/"]}]}},"_links":{"self":[{"href":"https:\/\/www.softub.ch\/fr\/wp-json\/wp\/v2\/product\/71610","targetHints":{"allow":["GET"]}}],"collection":[{"href":"https:\/\/www.softub.ch\/fr\/wp-json\/wp\/v2\/product"}],"about":[{"href":"https:\/\/www.softub.ch\/fr\/wp-json\/wp\/v2\/types\/product"}],"wp:featuredmedia":[{"embeddable":true,"href":"https:\/\/www.softub.ch\/fr\/wp-json\/wp\/v2\/media\/13138"}],"wp:attachment":[{"href":"https:\/\/www.softub.ch\/fr\/wp-json\/wp\/v2\/media?parent=71610"}],"wp:term":[{"taxonomy":"product_brand","embeddable":true,"href":"https:\/\/www.softub.ch\/fr\/wp-json\/wp\/v2\/product_brand?post=71610"},{"taxonomy":"product_cat","embeddable":true,"href":"https:\/\/www.softub.ch\/fr\/wp-json\/wp\/v2\/product_cat?post=71610"},{"taxonomy":"product_tag","embeddable":true,"href":"https:\/\/www.softub.ch\/fr\/wp-json\/wp\/v2\/product_tag?post=71610"},{"taxonomy":"woo-feed-brand","embeddable":true,"href":"https:\/\/www.softub.ch\/fr\/wp-json\/wp\/v2\/woo-feed-brand?post=71610"}],"curies":[{"name":"wp","href":"https:\/\/api.w.org\/{rel}","templated":true}]}}