{"id":71612,"date":"2020-06-01T15:06:35","date_gmt":"2020-06-01T15:06:35","guid":{"rendered":"https:\/\/www.softub.ch\/product\/weka-massivholzsauna-valida-eck\/"},"modified":"2025-07-02T11:30:14","modified_gmt":"2025-07-02T09:30:14","slug":"weka-massivholzsauna-valida-eck","status":"publish","type":"product","link":"https:\/\/www.softub.ch\/fr\/produit\/weka-massivholzsauna-valida-eck\/","title":{"rendered":"Weka Massivholzsauna VALIDA Eck &#8211; 38mm"},"content":{"rendered":"<div class=\"fusion-fullwidth fullwidth-box fusion-builder-row-1 fusion-flex-container nonhundred-percent-fullwidth non-hundred-percent-height-scrolling\" style=\"--awb-border-radius-top-left:0px;--awb-border-radius-top-right:0px;--awb-border-radius-bottom-right:0px;--awb-border-radius-bottom-left:0px;--awb-flex-wrap:wrap;\" ><div class=\"fusion-builder-row fusion-row fusion-flex-align-items-flex-start fusion-flex-content-wrap\" style=\"max-width:1248px;margin-left: calc(-4% \/ 2 );margin-right: calc(-4% \/ 2 );\"><div class=\"fusion-layout-column fusion_builder_column fusion-builder-column-0 fusion_builder_column_1_1 1_1 fusion-flex-column\" style=\"--awb-bg-size:cover;--awb-width-large:100%;--awb-margin-top-large:0px;--awb-spacing-right-large:1.92%;--awb-margin-bottom-large:0px;--awb-spacing-left-large:1.92%;--awb-width-medium:100%;--awb-spacing-right-medium:1.92%;--awb-spacing-left-medium:1.92%;--awb-width-small:100%;--awb-spacing-right-small:1.92%;--awb-spacing-left-small:1.92%;\"><div class=\"fusion-column-wrapper fusion-flex-justify-content-flex-start fusion-content-layout-column\"><div class=\"fusion-text fusion-text-1\"><h1>Weka Massivholzsauna VALIDA Eck<\/h1>\n<p>Dank der kompakten Bauformder Weka Massivholzsauna Valida Eck kann sie selbst in kleinen Badezimmern positioniert werden. Gefertigt aus massivem, naturbelassenem Fichtenholz garantiert sie ein nat\u00fcrliches Saunaklima und bietet Ihnen so maximale Entspannung. Die T\u00fcr besteht komplett aus klarem Sicherheitsglas und l\u00e4sst den Innenraum damit lichtdurchflutet erscheinen.<\/p>\n<h3>Vorteile:<\/h3>\n<ul>\n<li class=\"list-bullet-point-item\">38 mm Massivholzsauna aus naturbelassenem Fichtenholz<\/li>\n<li class=\"list-bullet-point-item\">moderne Ganzglast\u00fcr mit Sicherheitsglas, rechts oder links anschlagbar<\/li>\n<li class=\"list-bullet-point-item\">platzsparender Eckeinstieg<\/li>\n<li class=\"list-bullet-point-item\">sichere Kabelf\u00fchrung durch in die Wand eingearbeitete Kan\u00e4le<\/li>\n<\/ul>\n<h3>Inklusive:<\/h3>\n<ul>\n<li>Ofenschutz<\/li>\n<li>Montagematerial und Montageanleitung<\/li>\n<li>zwei 55 cm tiefe Liegen und zwei Kopfst\u00fctzen<\/li>\n<\/ul>\n<h3>Abmessungen\u00a0(Breite \/ Tiefe \/ H\u00f6he):<\/h3>\n<ul>\n<li><strong>Gr\u00f6sse 1<\/strong>\n<ul>\n<li>Aussenmass: B 189 x T 139 x H 203,5 cm<\/li>\n<li>Sockelmass:\u00a0 B 187 x T 137<\/li>\n<\/ul>\n<\/li>\n<li><strong>Gr\u00f6sse 1.8<\/strong>\n<ul>\n<li>Aussenmass: B 189 x T 172 x H 203,5 cm<\/li>\n<li>Sockelmass: B 187 x T 170<\/li>\n<\/ul>\n<\/li>\n<li><strong>Gr\u00f6sse 2<\/strong>\n<ul>\n<li>Aussenmass: B 189 x T 189 x H 203,5 cm<\/li>\n<li>Sockelmass: B 187 x T 187<\/li>\n<\/ul>\n<\/li>\n<li><strong>Gr\u00f6sse 3<\/strong>\n<ul>\n<li>Aussenmass: B 239 x T 189 x H 203,5 cm<\/li>\n<li>Sockelmass: B 237 x T 187<\/li>\n<\/ul>\n<\/li>\n<\/ul>\n<h3>Gr\u00f6ssen kommen mit diversen Ausstattungen:<\/h3>\n<ul>\n<li>Gr\u00f6sse 1: mit Glast\u00fcr oder Glast\u00fcr &amp; Fenster<\/li>\n<li>Gr\u00f6sse 1.8: mit Glast\u00fcr oder Glast\u00fcr &amp; Fenster<\/li>\n<li>Gr\u00f6sse 2: mit Glast\u00fcr oder Glast\u00fcr &amp; Fenster<\/li>\n<li>Gr\u00f6sse 3: mit Glast\u00fcr oder Glast\u00fcr &amp; Fenster<\/li>\n<\/ul>\n<h3>Ausstattung:<\/h3>\n<ul>\n<li>Premium Massivholz<\/li>\n<li>Konstruktion: Nordische Fichte\u00a0in Blockbohlenbauweise<\/li>\n<li>Wandelelemente: 38 mm starke Blockbohlen aus\u00a0naturbelassenem Fichtenholz<\/li>\n<li>Gr\u00f6sse 1: 2 x 55 cm breite Sitzb\u00e4nke (untere\u00a024 cm nutzbar)<br \/>\nmit Glast\u00fcre \u2013 nach Wunsch mit Fenster<\/li>\n<li>Gr\u00f6sse 2: 2 x 55 cm breite Sitzb\u00e4nke<br \/>\nmit Glast\u00fcre \u2013 nach Wunsch mit Fenster<\/li>\n<li>Gr\u00f6sse 3: 2 x 55 cm breite Sitzb\u00e4nke<br \/>\nmit Glast\u00fcre \u2013 nach Wunsch mit Fenster<\/li>\n<li>38 mm Blockbohlen<\/li>\n<li>Ofenschutz<\/li>\n<li>Inklusive Montagematerial und Montageanleitung<\/li>\n<li><em><strong>Ohne Ofen &#8211; Diesen k\u00f6nnen sie aus unserem <a href=\"https:\/\/softub.ch\/produkt-kategorie\/saunaofen-und-steuergeraet\/\">Ofenset<\/a> Sortiment ausw\u00e4hlen<\/strong><\/em><\/li>\n<\/ul>\n<h3>Ofensets:<\/h3>\n<p>Sie k\u00f6nnen nach Wunsch ihr\u00a0<a href=\"https:\/\/softub.ch\/produkt\/weka-saunaofen-set-klassik\/\">Ofenset<\/a>\u00a0ab 7,5 kW im Zubeh\u00f6r ausw\u00e4hlen (alle Sets enthalten die n\u00f6tigen Anschlusskabel, Saunasteine sowie eine Steuerung):<\/p>\n<ul>\n<li>Ofenset ab 7,5 kW<\/li>\n<\/ul>\n<p>Sie werden nach kurzer Zeit feststellen, dass Sie mit einer unserer Weka Saunen die richtige Wahl getroffen haben.<\/p>\n<h3>Sicherheit und Service:<\/h3>\n<ul>\n<li>Sichere Kabelf\u00fchrung durch in die Wandbohlen eingearbeitete Kan\u00e4le<\/li>\n<li>Ausf\u00fchrliche Aufbau- &amp; Bedienungsanleitung<\/li>\n<li>Montagematerial<\/li>\n<li><strong>Mindestraumh\u00f6he:<\/strong> 220 cm<\/li>\n<\/ul>\n<p>(Abb. ohne Zubeh\u00f6r und Dekoration)<\/p>\n<h3>Montage:<\/h3>\n<p>F\u00fcr die Installation Ihrer neuen Sauna m\u00fcssen Sie sich keine Gedanken machen! Wir stellen Ihnen gerne unser Hauseigen, fachm\u00e4nnisches Installationsteam f\u00fcr die Montage zur Verf\u00fcgung.<\/p>\n<h3>Weiteres Zubeh\u00f6r:<\/h3>\n<p>Wir haben ein reichhaltiges Zubeh\u00f6rsortiment f\u00fcr Sie zusammengestellt, so dass Sie sich die passenden Produkte in Ruhe in unserem Onlineshop ausw\u00e4hlen k\u00f6nnen. Wenn Sie sich dar\u00fcber hinaus Ihre ganz pers\u00f6nliche Wellness-Oase schaffen wollen, so schauen Sie sich doch einfach unsere Softub <a href=\"https:\/\/softub.ch\/simply-relaxing\/softub-whirlpools\/\">Whirlpools<\/a> an &#8211; eventuell auch in Kombination mit einem <a href=\"https:\/\/meinschattenspender.ch\/\">Unosider-<\/a><a href=\"https:\/\/meinschattenspender.ch\/\">Pavillon<\/a>.<\/p>\n<p>Wir beraten Sie gerne, telefonisch, in einem unserer Showrooms oder bei Ihnen Zuhause.<\/p>\n<\/div><\/div><\/div><\/div><\/div>\n","protected":false},"excerpt":{"rendered":"<h1><span style=\"color: #3c9bba;\">Weka Sauna Valida mit Eckeinstieg<\/span><\/h1>\n<p>Sie haben eine freie Ecke und wollen diese optimal nutzen? Die\u00a0<strong>Weka Massivholzsauna Valida Eck<\/strong> ist hierf\u00fcr perfekt geeignet. Freuen Sie sich auf nat\u00fcrliches Saunaklima und eine kleine Auszeit vom Alltag.<\/p>\n","protected":false},"featured_media":13282,"template":"","meta":{"_acf_changed":false},"product_brand":[],"product_cat":[6292],"product_tag":[6651,10037,10135,10132,10133,10136,259,10083,4948,8663,10084,10085,6321,10086,10073,2315,9992,4949,7615,10131,7617,10090,270,256],"woo-feed-brand":[],"class_list":{"0":"post-71612","1":"product","2":"type-product","3":"status-publish","4":"has-post-thumbnail","6":"product_cat-sauna-en-bois-massif","7":"product_tag-bois","8":"product_tag-detente","9":"product_tag-die-besten-infrarotkabinen-fr","10":"product_tag-ecksauna-fr","11":"product_tag-infrarotkabine-fr","12":"product_tag-infrarotkabinen-fr","13":"product_tag-jacuzzi-fr-2","14":"product_tag-massivholz-fr","15":"product_tag-oasis-de-wellness","16":"product_tag-panorama-fr","17":"product_tag-premium-fr","18":"product_tag-qualitaet-fr","19":"product_tag-sauna-fr","20":"product_tag-sauna-fuer-badezimmer-fr","21":"product_tag-saunas-fr","22":"product_tag-softub-fr-2","23":"product_tag-softub-schweiz-ag-fr","24":"product_tag-softub-suisse","25":"product_tag-weka-fr","26":"product_tag-weka-infrarotkabine-fr","27":"product_tag-weka-sauna-fr","28":"product_tag-weka-saunen-fr","29":"product_tag-wellness-fr","30":"product_tag-whirlpool-fr","31":"product_shipping_class-lkw","33":"first","34":"instock","35":"sale","36":"taxable","37":"shipping-taxable","38":"purchasable","39":"product-type-variable"},"acf":[],"yoast_head":"<!-- This site is optimized with the Yoast SEO Premium plugin v27.5 (Yoast SEO v27.5) - https:\/\/yoast.com\/product\/yoast-seo-premium-wordpress\/ -->\n<title>Weka Massivholzsauna VALIDA Eck - SOFTUB Schweiz<\/title>\n<meta name=\"description\" content=\"Sie haben eine freie Ecke und wollen diese optimal nutzen? Die Weka Massivholzsauna Valida Eck ist ideal f\u00fcr Sie und Ihre pers\u00f6nliche Ruheoase.\" \/>\n<meta name=\"robots\" content=\"index, follow, max-snippet:-1, max-image-preview:large, max-video-preview:-1\" \/>\n<link rel=\"canonical\" href=\"https:\/\/www.softub.ch\/fr\/produit\/weka-massivholzsauna-valida-eck\/\" \/>\n<meta property=\"og:locale\" content=\"fr_FR\" \/>\n<meta property=\"og:type\" content=\"article\" \/>\n<meta property=\"og:title\" content=\"Weka Massivholzsauna VALIDA Eck - 38mm\" \/>\n<meta property=\"og:description\" content=\"Sie haben eine freie Ecke und wollen diese optimal nutzen? Die Weka Massivholzsauna Valida Eck ist ideal f\u00fcr Sie und Ihre pers\u00f6nliche Ruheoase.\" \/>\n<meta property=\"og:url\" content=\"https:\/\/www.softub.ch\/fr\/produit\/weka-massivholzsauna-valida-eck\/\" \/>\n<meta property=\"og:site_name\" content=\"Softub Schweiz\" \/>\n<meta property=\"article:publisher\" content=\"https:\/\/www.facebook.com\/softubschweiz\" \/>\n<meta property=\"article:modified_time\" content=\"2025-07-02T09:30:14+00:00\" \/>\n<meta property=\"og:image\" content=\"https:\/\/www.softub.ch\/wp-content\/uploads\/Valida-Eckeneinstieg-0-.jpg\" \/>\n\t<meta property=\"og:image:width\" content=\"2351\" \/>\n\t<meta property=\"og:image:height\" content=\"1680\" \/>\n\t<meta property=\"og:image:type\" content=\"image\/jpeg\" \/>\n<meta name=\"twitter:card\" content=\"summary_large_image\" \/>\n<meta name=\"twitter:label1\" content=\"Dur\u00e9e de lecture estim\u00e9e\" \/>\n\t<meta name=\"twitter:data1\" content=\"3 minutes\" \/>\n<script type=\"application\/ld+json\" class=\"yoast-schema-graph\">{\"@context\":\"https:\\\/\\\/schema.org\",\"@graph\":[{\"@type\":\"WebPage\",\"@id\":\"https:\\\/\\\/www.softub.ch\\\/fr\\\/produit\\\/weka-massivholzsauna-valida-eck\\\/\",\"url\":\"https:\\\/\\\/www.softub.ch\\\/fr\\\/produit\\\/weka-massivholzsauna-valida-eck\\\/\",\"name\":\"Weka Massivholzsauna VALIDA Eck - SOFTUB Schweiz\",\"isPartOf\":{\"@id\":\"https:\\\/\\\/www.softub.ch\\\/fr\\\/#website\"},\"primaryImageOfPage\":{\"@id\":\"https:\\\/\\\/www.softub.ch\\\/fr\\\/produit\\\/weka-massivholzsauna-valida-eck\\\/#primaryimage\"},\"image\":{\"@id\":\"https:\\\/\\\/www.softub.ch\\\/fr\\\/produit\\\/weka-massivholzsauna-valida-eck\\\/#primaryimage\"},\"thumbnailUrl\":\"https:\\\/\\\/www.softub.ch\\\/wp-content\\\/uploads\\\/Valida-Eckeneinstieg-0-.jpg\",\"datePublished\":\"2020-06-01T15:06:35+00:00\",\"dateModified\":\"2025-07-02T09:30:14+00:00\",\"description\":\"Sie haben eine freie Ecke und wollen diese optimal nutzen? Die Weka Massivholzsauna Valida Eck ist ideal f\u00fcr Sie und Ihre pers\u00f6nliche Ruheoase.\",\"breadcrumb\":{\"@id\":\"https:\\\/\\\/www.softub.ch\\\/fr\\\/produit\\\/weka-massivholzsauna-valida-eck\\\/#breadcrumb\"},\"inLanguage\":\"fr-FR\",\"potentialAction\":[{\"@type\":\"ReadAction\",\"target\":[\"https:\\\/\\\/www.softub.ch\\\/fr\\\/produit\\\/weka-massivholzsauna-valida-eck\\\/\"]}]},{\"@type\":\"ImageObject\",\"inLanguage\":\"fr-FR\",\"@id\":\"https:\\\/\\\/www.softub.ch\\\/fr\\\/produit\\\/weka-massivholzsauna-valida-eck\\\/#primaryimage\",\"url\":\"https:\\\/\\\/www.softub.ch\\\/wp-content\\\/uploads\\\/Valida-Eckeneinstieg-0-.jpg\",\"contentUrl\":\"https:\\\/\\\/www.softub.ch\\\/wp-content\\\/uploads\\\/Valida-Eckeneinstieg-0-.jpg\",\"width\":2351,\"height\":1680,\"caption\":\"Weka Sauna Valida mit Eckeinstieg\"},{\"@type\":\"BreadcrumbList\",\"@id\":\"https:\\\/\\\/www.softub.ch\\\/fr\\\/produit\\\/weka-massivholzsauna-valida-eck\\\/#breadcrumb\",\"itemListElement\":[{\"@type\":\"ListItem\",\"position\":1,\"name\":\"Startseite\",\"item\":\"https:\\\/\\\/www.softub.ch\\\/fr\\\/\"},{\"@type\":\"ListItem\",\"position\":2,\"name\":\"Shop\",\"item\":\"https:\\\/\\\/www.softub.ch\\\/fr\\\/softub-suisse-shop\\\/\"},{\"@type\":\"ListItem\",\"position\":3,\"name\":\"Weka Massivholzsauna VALIDA Eck &#8211; 38mm\"}]},{\"@type\":\"WebSite\",\"@id\":\"https:\\\/\\\/www.softub.ch\\\/fr\\\/#website\",\"url\":\"https:\\\/\\\/www.softub.ch\\\/fr\\\/\",\"name\":\"Softub Schweiz\",\"description\":\"Softub - Wir machen Ferien Zuhause\",\"publisher\":{\"@id\":\"https:\\\/\\\/www.softub.ch\\\/fr\\\/#organization\"},\"potentialAction\":[{\"@type\":\"SearchAction\",\"target\":{\"@type\":\"EntryPoint\",\"urlTemplate\":\"https:\\\/\\\/www.softub.ch\\\/fr\\\/?s={search_term_string}\"},\"query-input\":{\"@type\":\"PropertyValueSpecification\",\"valueRequired\":true,\"valueName\":\"search_term_string\"}}],\"inLanguage\":\"fr-FR\"},{\"@type\":\"Organization\",\"@id\":\"https:\\\/\\\/www.softub.ch\\\/fr\\\/#organization\",\"name\":\"Softub Schweiz AG\",\"url\":\"https:\\\/\\\/www.softub.ch\\\/fr\\\/\",\"logo\":{\"@type\":\"ImageObject\",\"inLanguage\":\"fr-FR\",\"@id\":\"https:\\\/\\\/www.softub.ch\\\/fr\\\/#\\\/schema\\\/logo\\\/image\\\/\",\"url\":\"https:\\\/\\\/www.softub.ch\\\/wp-content\\\/uploads\\\/Softub-Logo-Softub-Schweiz-.png\",\"contentUrl\":\"https:\\\/\\\/www.softub.ch\\\/wp-content\\\/uploads\\\/Softub-Logo-Softub-Schweiz-.png\",\"width\":200,\"height\":73,\"caption\":\"Softub Schweiz AG\"},\"image\":{\"@id\":\"https:\\\/\\\/www.softub.ch\\\/fr\\\/#\\\/schema\\\/logo\\\/image\\\/\"},\"sameAs\":[\"https:\\\/\\\/www.facebook.com\\\/softubschweiz\",\"https:\\\/\\\/www.instagram.com\\\/softub_schweiz\\\/\",\"https:\\\/\\\/ch.pinterest.com\\\/softub_schweiz\\\/\",\"https:\\\/\\\/www.linkedin.com\\\/company\\\/softub-schweiz-ag\\\/\"]}]}<\/script>\n<!-- \/ Yoast SEO Premium plugin. -->","yoast_head_json":{"title":"Weka Massivholzsauna VALIDA Eck - SOFTUB Schweiz","description":"Sie haben eine freie Ecke und wollen diese optimal nutzen? Die Weka Massivholzsauna Valida Eck ist ideal f\u00fcr Sie und Ihre pers\u00f6nliche Ruheoase.","robots":{"index":"index","follow":"follow","max-snippet":"max-snippet:-1","max-image-preview":"max-image-preview:large","max-video-preview":"max-video-preview:-1"},"canonical":"https:\/\/www.softub.ch\/fr\/produit\/weka-massivholzsauna-valida-eck\/","og_locale":"fr_FR","og_type":"article","og_title":"Weka Massivholzsauna VALIDA Eck - 38mm","og_description":"Sie haben eine freie Ecke und wollen diese optimal nutzen? Die Weka Massivholzsauna Valida Eck ist ideal f\u00fcr Sie und Ihre pers\u00f6nliche Ruheoase.","og_url":"https:\/\/www.softub.ch\/fr\/produit\/weka-massivholzsauna-valida-eck\/","og_site_name":"Softub Schweiz","article_publisher":"https:\/\/www.facebook.com\/softubschweiz","article_modified_time":"2025-07-02T09:30:14+00:00","og_image":[{"width":2351,"height":1680,"url":"https:\/\/www.softub.ch\/wp-content\/uploads\/Valida-Eckeneinstieg-0-.jpg","type":"image\/jpeg"}],"twitter_card":"summary_large_image","twitter_misc":{"Dur\u00e9e de lecture estim\u00e9e":"3 minutes"},"schema":{"@context":"https:\/\/schema.org","@graph":[{"@type":"WebPage","@id":"https:\/\/www.softub.ch\/fr\/produit\/weka-massivholzsauna-valida-eck\/","url":"https:\/\/www.softub.ch\/fr\/produit\/weka-massivholzsauna-valida-eck\/","name":"Weka Massivholzsauna VALIDA Eck - SOFTUB Schweiz","isPartOf":{"@id":"https:\/\/www.softub.ch\/fr\/#website"},"primaryImageOfPage":{"@id":"https:\/\/www.softub.ch\/fr\/produit\/weka-massivholzsauna-valida-eck\/#primaryimage"},"image":{"@id":"https:\/\/www.softub.ch\/fr\/produit\/weka-massivholzsauna-valida-eck\/#primaryimage"},"thumbnailUrl":"https:\/\/www.softub.ch\/wp-content\/uploads\/Valida-Eckeneinstieg-0-.jpg","datePublished":"2020-06-01T15:06:35+00:00","dateModified":"2025-07-02T09:30:14+00:00","description":"Sie haben eine freie Ecke und wollen diese optimal nutzen? Die Weka Massivholzsauna Valida Eck ist ideal f\u00fcr Sie und Ihre pers\u00f6nliche Ruheoase.","breadcrumb":{"@id":"https:\/\/www.softub.ch\/fr\/produit\/weka-massivholzsauna-valida-eck\/#breadcrumb"},"inLanguage":"fr-FR","potentialAction":[{"@type":"ReadAction","target":["https:\/\/www.softub.ch\/fr\/produit\/weka-massivholzsauna-valida-eck\/"]}]},{"@type":"ImageObject","inLanguage":"fr-FR","@id":"https:\/\/www.softub.ch\/fr\/produit\/weka-massivholzsauna-valida-eck\/#primaryimage","url":"https:\/\/www.softub.ch\/wp-content\/uploads\/Valida-Eckeneinstieg-0-.jpg","contentUrl":"https:\/\/www.softub.ch\/wp-content\/uploads\/Valida-Eckeneinstieg-0-.jpg","width":2351,"height":1680,"caption":"Weka Sauna Valida mit Eckeinstieg"},{"@type":"BreadcrumbList","@id":"https:\/\/www.softub.ch\/fr\/produit\/weka-massivholzsauna-valida-eck\/#breadcrumb","itemListElement":[{"@type":"ListItem","position":1,"name":"Startseite","item":"https:\/\/www.softub.ch\/fr\/"},{"@type":"ListItem","position":2,"name":"Shop","item":"https:\/\/www.softub.ch\/fr\/softub-suisse-shop\/"},{"@type":"ListItem","position":3,"name":"Weka Massivholzsauna VALIDA Eck &#8211; 38mm"}]},{"@type":"WebSite","@id":"https:\/\/www.softub.ch\/fr\/#website","url":"https:\/\/www.softub.ch\/fr\/","name":"Softub Schweiz","description":"Softub - Wir machen Ferien Zuhause","publisher":{"@id":"https:\/\/www.softub.ch\/fr\/#organization"},"potentialAction":[{"@type":"SearchAction","target":{"@type":"EntryPoint","urlTemplate":"https:\/\/www.softub.ch\/fr\/?s={search_term_string}"},"query-input":{"@type":"PropertyValueSpecification","valueRequired":true,"valueName":"search_term_string"}}],"inLanguage":"fr-FR"},{"@type":"Organization","@id":"https:\/\/www.softub.ch\/fr\/#organization","name":"Softub Schweiz AG","url":"https:\/\/www.softub.ch\/fr\/","logo":{"@type":"ImageObject","inLanguage":"fr-FR","@id":"https:\/\/www.softub.ch\/fr\/#\/schema\/logo\/image\/","url":"https:\/\/www.softub.ch\/wp-content\/uploads\/Softub-Logo-Softub-Schweiz-.png","contentUrl":"https:\/\/www.softub.ch\/wp-content\/uploads\/Softub-Logo-Softub-Schweiz-.png","width":200,"height":73,"caption":"Softub Schweiz AG"},"image":{"@id":"https:\/\/www.softub.ch\/fr\/#\/schema\/logo\/image\/"},"sameAs":["https:\/\/www.facebook.com\/softubschweiz","https:\/\/www.instagram.com\/softub_schweiz\/","https:\/\/ch.pinterest.com\/softub_schweiz\/","https:\/\/www.linkedin.com\/company\/softub-schweiz-ag\/"]}]}},"_links":{"self":[{"href":"https:\/\/www.softub.ch\/fr\/wp-json\/wp\/v2\/product\/71612","targetHints":{"allow":["GET"]}}],"collection":[{"href":"https:\/\/www.softub.ch\/fr\/wp-json\/wp\/v2\/product"}],"about":[{"href":"https:\/\/www.softub.ch\/fr\/wp-json\/wp\/v2\/types\/product"}],"wp:featuredmedia":[{"embeddable":true,"href":"https:\/\/www.softub.ch\/fr\/wp-json\/wp\/v2\/media\/13282"}],"wp:attachment":[{"href":"https:\/\/www.softub.ch\/fr\/wp-json\/wp\/v2\/media?parent=71612"}],"wp:term":[{"taxonomy":"product_brand","embeddable":true,"href":"https:\/\/www.softub.ch\/fr\/wp-json\/wp\/v2\/product_brand?post=71612"},{"taxonomy":"product_cat","embeddable":true,"href":"https:\/\/www.softub.ch\/fr\/wp-json\/wp\/v2\/product_cat?post=71612"},{"taxonomy":"product_tag","embeddable":true,"href":"https:\/\/www.softub.ch\/fr\/wp-json\/wp\/v2\/product_tag?post=71612"},{"taxonomy":"woo-feed-brand","embeddable":true,"href":"https:\/\/www.softub.ch\/fr\/wp-json\/wp\/v2\/woo-feed-brand?post=71612"}],"curies":[{"name":"wp","href":"https:\/\/api.w.org\/{rel}","templated":true}]}}