{"id":71613,"date":"2020-10-14T08:52:55","date_gmt":"2020-10-14T08:52:55","guid":{"rendered":"https:\/\/www.softub.ch\/product\/saunahaus-naantali-von-weka\/"},"modified":"2025-07-02T11:42:38","modified_gmt":"2025-07-02T09:42:38","slug":"saunahaus-naantali-von-weka","status":"publish","type":"product","link":"https:\/\/www.softub.ch\/fr\/produit\/saunahaus-naantali-von-weka\/","title":{"rendered":"Weka Saunahaus NAANTALI &#8211; als Sparset erh\u00e4ltlich"},"content":{"rendered":"<div class=\"fusion-fullwidth fullwidth-box fusion-builder-row-1 fusion-flex-container nonhundred-percent-fullwidth non-hundred-percent-height-scrolling\" style=\"--awb-border-radius-top-left:0px;--awb-border-radius-top-right:0px;--awb-border-radius-bottom-right:0px;--awb-border-radius-bottom-left:0px;--awb-flex-wrap:wrap;\" ><div class=\"fusion-builder-row fusion-row fusion-flex-align-items-flex-start fusion-flex-content-wrap\" style=\"max-width:1248px;margin-left: calc(-4% \/ 2 );margin-right: calc(-4% \/ 2 );\"><div class=\"fusion-layout-column fusion_builder_column fusion-builder-column-0 fusion_builder_column_1_1 1_1 fusion-flex-column\" style=\"--awb-bg-size:cover;--awb-width-large:100%;--awb-margin-top-large:0px;--awb-spacing-right-large:1.92%;--awb-margin-bottom-large:0px;--awb-spacing-left-large:1.92%;--awb-width-medium:100%;--awb-spacing-right-medium:1.92%;--awb-spacing-left-medium:1.92%;--awb-width-small:100%;--awb-spacing-right-small:1.92%;--awb-spacing-left-small:1.92%;\"><div class=\"fusion-column-wrapper fusion-flex-justify-content-flex-start fusion-content-layout-column\"><div class=\"fusion-text fusion-text-1\"><h1><span style=\"color: #429bba;\">Saunahaus Naantali von Weka<\/span><\/h1>\n<p>Das Saunahaus Naantali ist eine tolle Erg\u00e4nzung f\u00fcr Ihren eigenen Ort zum Entspannen im Garten. Es ist kompakt und mit einer extra hohen T\u00fcr ausgestattet. Das Besondere: Die T\u00fcr hat aussen einen Edelstahlgriff, innen einen Griff aus Holz sowie einen Sicherheitsrollverschluss.<\/p>\n<p><em><strong>Als Sparset erh\u00e4ltlich mit 9 kW Kompakt, OS oder BioS Ofen.\u00a0<\/strong><\/em><\/p>\n<h3>Vorteile:<\/h3>\n<div class=\"layout pb-2\">\n<div class=\"layout pb-2\">\n<div class=\"layout pb-2\">\n<ul>\n<li class=\"styled-contents\">Saunahaus aus 38 mm Blockbohlen mit 19 mm Massivholzdach<\/li>\n<li>Zwei 55 cm tiefe Liegen und zwei Kopfst\u00fctzen<\/li>\n<li>Grosse Zu und Abluft\u00f6ffnung f\u00fcr optimale Luftzirkulation<\/li>\n<li>Reichhaltige Ausstattung inklusive<\/li>\n<\/ul>\n<\/div>\n<\/div>\n<\/div>\n<h3>Inklusive:<\/h3>\n<ul>\n<li><strong>Im SPARSET inklusive: 9 kW Kompakt, Classic oder BioS Saunaofen mit ca. 12 kg Saunasteine<\/strong><\/li>\n<li>Speziell isolierter Zwischendecke und extra hoher T\u00fcr mit Doppel-Isolierverglasung<\/li>\n<li>Selbstklebender Dachbahn<\/li>\n<li>Ofenschutz und Wetterschutz f\u00fcr die Ofensteuerung<\/li>\n<li>Spezialleuchten-Set<\/li>\n<li>Zwei 55 cm tiefe Liegen und zwei Kopfst\u00fctzen<\/li>\n<\/ul>\n<h3>Aussen und -Sockelmass f\u00fcr alle Varianten gleich:<\/h3>\n<ul>\n<li>Aussenmass: B 210 x T 249 x H 253 cm<\/li>\n<li>Innenmass: B 179 x T 179 x H 203<\/li>\n<li>Sockelmass: B 186 x T 186 cm<\/li>\n<\/ul>\n<h3>Ausf\u00fchrungen mit (Sparset) oder ohne Ofen:<\/h3>\n<ul>\n<li>Saunahaus Naantali<\/li>\n<li>Saunahaus Naantali Sparset 1: mit 9 kW Kompakt<\/li>\n<li>Saunahaus Naantali Sparset 2: mit 9 kW Classik<\/li>\n<li>Saunahaus Naantali Spaarset 2: mit 9 kW BioS<\/li>\n<\/ul>\n<h3>Ausstattung:<\/h3>\n<ul>\n<li>Saunahaus aus 38 mm starken Blockbohlen<\/li>\n<li>19 mm starkes Massivholzdach<\/li>\n<li>19 mm starker Massivholzboden<\/li>\n<li>Speziell isolierte, hochwertige Rahment\u00fcr mit innenliegendem Sicherheits-Rollverschluss, hochwerigem T\u00fcrgriff (aussen Edelstahl, innen Holz) und Lichtausschnitten aus 14 mm starkem Isolierglas<\/li>\n<li>Zus\u00e4tzliche, speziell isolierte Zwischendecke<\/li>\n<li>Gesamth\u00f6he 253 cm<\/li>\n<li>Bitumendachbelag zur Ersteindeckung<\/li>\n<\/ul>\n<h3>Bestens isoliert &#8211; der WEKA-Vorteil f\u00fcr optimales Saunaklima<\/h3>\n<p>Die besonderen Ausstattungsmerkmale sorgen daf\u00fcr, dass die W\u00e4rme im Inneren des Hauses bleibt:<\/p>\n<ul>\n<li>Speziell isolierte Zwischendecke<\/li>\n<li>Isolierte T\u00fcr mit Dampfsperre<\/li>\n<li>Doppel-Isolierverglasung<\/li>\n<li>Grosse Zu und Abluft\u00f6ffnung aus Metall mit Insektenschutz f\u00fcr optimale Luftzirkulation<\/li>\n<\/ul>\n<h3>Sicherheit und Service:<\/h3>\n<ul>\n<li>Sichere Kabelf\u00fchrung durch eingearbeitete Kan\u00e4le<\/li>\n<li>Ausf\u00fchrliche Aufbau- &amp; Bedienungsanleitung<\/li>\n<li>Montagematerial<\/li>\n<\/ul>\n<h3>Montage:<\/h3>\n<p>F\u00fcr die Installation ihrer neuen Sauna m\u00fcssen Sie sich keine Gedanken machen! Wir stellen Ihnen gerne unser Hauseigen, fachm\u00e4nnisches Installationsteam f\u00fcr die Montage zur Verf\u00fcgung.<\/p>\n<h3>Ofensets inklusive:<\/h3>\n<p>Folgende\u00a0<a href=\"https:\/\/softub.ch\/produkt-kategorie\/saunaofen-und-steuergeraet\/\">Ofensets<\/a>\u00a0sind inklusive (alle <strong>Sets<\/strong> enthalten die n\u00f6tigen Anschlusskabel, Saunasteine sowie eine Steuerung):<\/p>\n<ul>\n<li><a href=\"https:\/\/softub.ch\/produkt\/weka-saunaofen-klassik\/\">9 kW Saunaofen Klassisch<\/a><\/li>\n<li><a href=\"https:\/\/softub.ch\/produkt\/weka-kombiofen-bioaktiv\/\">9 kW BioAktiv<\/a><\/li>\n<\/ul>\n<p><strong>Steuerung:<\/strong><\/p>\n<ul>\n<li>Digitales Steuerger\u00e4t mit Vorlauftimer, Benutzerspeicher<\/li>\n<li>Inklusive Temperaturf\u00fchler<\/li>\n<\/ul>\n<h3>Zubeh\u00f6r f\u00fcr das Saunahaus Naantali von Weka:<\/h3>\n<p>Wir haben ein reichhaltiges Zubeh\u00f6rsortiment f\u00fcr Sie zusammengestellt, so dass Sie sich die passenden Produkte in Ruhe in unserem Onlineshop ausw\u00e4hlen k\u00f6nnen. Wenn Sie sich dar\u00fcber hinaus Ihre ganz pers\u00f6nliche Wellness-Oase schaffen wollen, so schauen Sie sich doch einfach unsere Softub <a href=\"https:\/\/softub.ch\/simply-relaxing\/softub-whirlpools\/\">Whirlpools<\/a> an &#8211; eventuell auch in Kombination mit einem <a href=\"https:\/\/meinschattenspender.ch\/\">Unosider-<\/a><a href=\"https:\/\/meinschattenspender.ch\/\">Pavillon<\/a>.<\/p>\n<p>Wir beraten Sie gerne, telefonisch, in einem unserer Showrooms oder bei Ihnen Zuhause.<\/p>\n<\/div><\/div><\/div><\/div><\/div>\n","protected":false},"excerpt":{"rendered":"<h1><span style=\"color: #429bba;\">Saunahaus Naantali von Weka<\/span><\/h1>\n<div class=\"product-detail-description lead text-secondary mb-5\">Das Saunahaus Naantali ist eine tolle Erg\u00e4nzung f\u00fcr einen eigenen Ort zum Entspannen im Garten. Es ist kompakt, f\u00fcr kleine G\u00e4rten geeignet und mit einer extra hohen T\u00fcr ausgestattet. Das Besondere: Die T\u00fcr hat aussen einen Edelstahlgriff, innen einen Griff aus Holz sowie einen Sicherheitsrollverschluss.<\/div>\n","protected":false},"featured_media":20507,"template":"","meta":{"_acf_changed":false},"product_brand":[],"product_cat":[6271],"product_tag":[10037,10123,10080,9977,10083,4948,10107,10124,10085,6321,10072,6502,6499,10113,10125,10126,2315,4949,7615,10090,270],"woo-feed-brand":[],"class_list":{"0":"post-71613","1":"product","2":"type-product","3":"status-publish","4":"has-post-thumbnail","6":"product_cat-saunas-exterieurs","7":"product_tag-detente","8":"product_tag-elegante-holz-sauna-fr","9":"product_tag-elementsauna-fr","10":"product_tag-garten-fr","11":"product_tag-massivholz-fr","12":"product_tag-oasis-de-wellness","13":"product_tag-optimales-saunieren-fr","14":"product_tag-outdoor-sauna-fr","15":"product_tag-qualitaet-fr","16":"product_tag-sauna-fr","17":"product_tag-sauna-de-jardin","18":"product_tag-sauna-elegant","19":"product_tag-sauna-exterieur","20":"product_tag-saunahaus-fr","21":"product_tag-saunahaus-cubilis-fr","22":"product_tag-schoene-sauna-fuer-garten-fr","23":"product_tag-softub-fr-2","24":"product_tag-softub-suisse","25":"product_tag-weka-fr","26":"product_tag-weka-saunen-fr","27":"product_tag-wellness-fr","28":"product_shipping_class-lkw","30":"first","31":"instock","32":"sale","33":"taxable","34":"shipping-taxable","35":"purchasable","36":"product-type-variable"},"acf":[],"yoast_head":"<!-- This site is optimized with the Yoast SEO Premium plugin v27.4 (Yoast SEO v27.4) - https:\/\/yoast.com\/product\/yoast-seo-premium-wordpress\/ -->\n<title>Saunahaus Naantali von Weka - tolle Erg\u00e4nzung f\u00fcr Ihren Garten<\/title>\n<meta name=\"description\" content=\"Saunahaus Naantali von Weka ist kompakt, f\u00fcr kleine G\u00e4rten geeignet und mit einer extra hohen T\u00fcr ausgestattet. Die perfekte Erg\u00e4nzung f\u00fcr Ihren Garten.\" \/>\n<meta name=\"robots\" content=\"index, follow, max-snippet:-1, max-image-preview:large, max-video-preview:-1\" \/>\n<link rel=\"canonical\" href=\"https:\/\/www.softub.ch\/fr\/produit\/saunahaus-naantali-von-weka\/\" \/>\n<meta property=\"og:locale\" content=\"fr_FR\" \/>\n<meta property=\"og:type\" content=\"article\" \/>\n<meta property=\"og:title\" content=\"Weka Saunahaus NAANTALI - als Sparset erh\u00e4ltlich\" \/>\n<meta property=\"og:description\" content=\"Saunahaus Naantali von Weka ist kompakt, f\u00fcr kleine G\u00e4rten geeignet und mit einer extra hohen T\u00fcr ausgestattet. Die perfekte Erg\u00e4nzung f\u00fcr Ihren Garten.\" \/>\n<meta property=\"og:url\" content=\"https:\/\/www.softub.ch\/fr\/produit\/saunahaus-naantali-von-weka\/\" \/>\n<meta property=\"og:site_name\" content=\"Softub Schweiz\" \/>\n<meta property=\"article:publisher\" content=\"https:\/\/www.facebook.com\/softubschweiz\" \/>\n<meta property=\"article:modified_time\" content=\"2025-07-02T09:42:38+00:00\" \/>\n<meta property=\"og:image\" content=\"https:\/\/www.softub.ch\/wp-content\/uploads\/Naantali-0-.jpg\" \/>\n\t<meta property=\"og:image:width\" content=\"1920\" \/>\n\t<meta property=\"og:image:height\" content=\"1080\" \/>\n\t<meta property=\"og:image:type\" content=\"image\/jpeg\" \/>\n<meta name=\"twitter:card\" content=\"summary_large_image\" \/>\n<meta name=\"twitter:label1\" content=\"Dur\u00e9e de lecture estim\u00e9e\" \/>\n\t<meta name=\"twitter:data1\" content=\"3 minutes\" \/>\n<script type=\"application\/ld+json\" class=\"yoast-schema-graph\">{\"@context\":\"https:\\\/\\\/schema.org\",\"@graph\":[{\"@type\":\"WebPage\",\"@id\":\"https:\\\/\\\/www.softub.ch\\\/fr\\\/produit\\\/saunahaus-naantali-von-weka\\\/\",\"url\":\"https:\\\/\\\/www.softub.ch\\\/fr\\\/produit\\\/saunahaus-naantali-von-weka\\\/\",\"name\":\"Saunahaus Naantali von Weka - tolle Erg\u00e4nzung f\u00fcr Ihren Garten\",\"isPartOf\":{\"@id\":\"https:\\\/\\\/www.softub.ch\\\/fr\\\/#website\"},\"primaryImageOfPage\":{\"@id\":\"https:\\\/\\\/www.softub.ch\\\/fr\\\/produit\\\/saunahaus-naantali-von-weka\\\/#primaryimage\"},\"image\":{\"@id\":\"https:\\\/\\\/www.softub.ch\\\/fr\\\/produit\\\/saunahaus-naantali-von-weka\\\/#primaryimage\"},\"thumbnailUrl\":\"https:\\\/\\\/www.softub.ch\\\/wp-content\\\/uploads\\\/Naantali-0-.jpg\",\"datePublished\":\"2020-10-14T08:52:55+00:00\",\"dateModified\":\"2025-07-02T09:42:38+00:00\",\"description\":\"Saunahaus Naantali von Weka ist kompakt, f\u00fcr kleine G\u00e4rten geeignet und mit einer extra hohen T\u00fcr ausgestattet. Die perfekte Erg\u00e4nzung f\u00fcr Ihren Garten.\",\"breadcrumb\":{\"@id\":\"https:\\\/\\\/www.softub.ch\\\/fr\\\/produit\\\/saunahaus-naantali-von-weka\\\/#breadcrumb\"},\"inLanguage\":\"fr-FR\",\"potentialAction\":[{\"@type\":\"ReadAction\",\"target\":[\"https:\\\/\\\/www.softub.ch\\\/fr\\\/produit\\\/saunahaus-naantali-von-weka\\\/\"]}]},{\"@type\":\"ImageObject\",\"inLanguage\":\"fr-FR\",\"@id\":\"https:\\\/\\\/www.softub.ch\\\/fr\\\/produit\\\/saunahaus-naantali-von-weka\\\/#primaryimage\",\"url\":\"https:\\\/\\\/www.softub.ch\\\/wp-content\\\/uploads\\\/Naantali-0-.jpg\",\"contentUrl\":\"https:\\\/\\\/www.softub.ch\\\/wp-content\\\/uploads\\\/Naantali-0-.jpg\",\"width\":1920,\"height\":1080,\"caption\":\"Naantali Saunahaus von Weka. Softub Schweiz. Softub. Weka Saunah\u00e4user.\"},{\"@type\":\"BreadcrumbList\",\"@id\":\"https:\\\/\\\/www.softub.ch\\\/fr\\\/produit\\\/saunahaus-naantali-von-weka\\\/#breadcrumb\",\"itemListElement\":[{\"@type\":\"ListItem\",\"position\":1,\"name\":\"Startseite\",\"item\":\"https:\\\/\\\/www.softub.ch\\\/fr\\\/\"},{\"@type\":\"ListItem\",\"position\":2,\"name\":\"Shop\",\"item\":\"https:\\\/\\\/www.softub.ch\\\/fr\\\/softub-suisse-shop\\\/\"},{\"@type\":\"ListItem\",\"position\":3,\"name\":\"Weka Saunahaus NAANTALI &#8211; als Sparset erh\u00e4ltlich\"}]},{\"@type\":\"WebSite\",\"@id\":\"https:\\\/\\\/www.softub.ch\\\/fr\\\/#website\",\"url\":\"https:\\\/\\\/www.softub.ch\\\/fr\\\/\",\"name\":\"Softub Schweiz\",\"description\":\"Softub - Wir machen Ferien Zuhause\",\"publisher\":{\"@id\":\"https:\\\/\\\/www.softub.ch\\\/fr\\\/#organization\"},\"potentialAction\":[{\"@type\":\"SearchAction\",\"target\":{\"@type\":\"EntryPoint\",\"urlTemplate\":\"https:\\\/\\\/www.softub.ch\\\/fr\\\/?s={search_term_string}\"},\"query-input\":{\"@type\":\"PropertyValueSpecification\",\"valueRequired\":true,\"valueName\":\"search_term_string\"}}],\"inLanguage\":\"fr-FR\"},{\"@type\":\"Organization\",\"@id\":\"https:\\\/\\\/www.softub.ch\\\/fr\\\/#organization\",\"name\":\"Softub Schweiz AG\",\"url\":\"https:\\\/\\\/www.softub.ch\\\/fr\\\/\",\"logo\":{\"@type\":\"ImageObject\",\"inLanguage\":\"fr-FR\",\"@id\":\"https:\\\/\\\/www.softub.ch\\\/fr\\\/#\\\/schema\\\/logo\\\/image\\\/\",\"url\":\"https:\\\/\\\/www.softub.ch\\\/wp-content\\\/uploads\\\/Softub-Logo-Softub-Schweiz-.png\",\"contentUrl\":\"https:\\\/\\\/www.softub.ch\\\/wp-content\\\/uploads\\\/Softub-Logo-Softub-Schweiz-.png\",\"width\":200,\"height\":73,\"caption\":\"Softub Schweiz AG\"},\"image\":{\"@id\":\"https:\\\/\\\/www.softub.ch\\\/fr\\\/#\\\/schema\\\/logo\\\/image\\\/\"},\"sameAs\":[\"https:\\\/\\\/www.facebook.com\\\/softubschweiz\",\"https:\\\/\\\/www.instagram.com\\\/softub_schweiz\\\/\",\"https:\\\/\\\/ch.pinterest.com\\\/softub_schweiz\\\/\",\"https:\\\/\\\/www.linkedin.com\\\/company\\\/softub-schweiz-ag\\\/\"]}]}<\/script>\n<!-- \/ Yoast SEO Premium plugin. -->","yoast_head_json":{"title":"Saunahaus Naantali von Weka - tolle Erg\u00e4nzung f\u00fcr Ihren Garten","description":"Saunahaus Naantali von Weka ist kompakt, f\u00fcr kleine G\u00e4rten geeignet und mit einer extra hohen T\u00fcr ausgestattet. Die perfekte Erg\u00e4nzung f\u00fcr Ihren Garten.","robots":{"index":"index","follow":"follow","max-snippet":"max-snippet:-1","max-image-preview":"max-image-preview:large","max-video-preview":"max-video-preview:-1"},"canonical":"https:\/\/www.softub.ch\/fr\/produit\/saunahaus-naantali-von-weka\/","og_locale":"fr_FR","og_type":"article","og_title":"Weka Saunahaus NAANTALI - als Sparset erh\u00e4ltlich","og_description":"Saunahaus Naantali von Weka ist kompakt, f\u00fcr kleine G\u00e4rten geeignet und mit einer extra hohen T\u00fcr ausgestattet. Die perfekte Erg\u00e4nzung f\u00fcr Ihren Garten.","og_url":"https:\/\/www.softub.ch\/fr\/produit\/saunahaus-naantali-von-weka\/","og_site_name":"Softub Schweiz","article_publisher":"https:\/\/www.facebook.com\/softubschweiz","article_modified_time":"2025-07-02T09:42:38+00:00","og_image":[{"width":1920,"height":1080,"url":"https:\/\/www.softub.ch\/wp-content\/uploads\/Naantali-0-.jpg","type":"image\/jpeg"}],"twitter_card":"summary_large_image","twitter_misc":{"Dur\u00e9e de lecture estim\u00e9e":"3 minutes"},"schema":{"@context":"https:\/\/schema.org","@graph":[{"@type":"WebPage","@id":"https:\/\/www.softub.ch\/fr\/produit\/saunahaus-naantali-von-weka\/","url":"https:\/\/www.softub.ch\/fr\/produit\/saunahaus-naantali-von-weka\/","name":"Saunahaus Naantali von Weka - tolle Erg\u00e4nzung f\u00fcr Ihren Garten","isPartOf":{"@id":"https:\/\/www.softub.ch\/fr\/#website"},"primaryImageOfPage":{"@id":"https:\/\/www.softub.ch\/fr\/produit\/saunahaus-naantali-von-weka\/#primaryimage"},"image":{"@id":"https:\/\/www.softub.ch\/fr\/produit\/saunahaus-naantali-von-weka\/#primaryimage"},"thumbnailUrl":"https:\/\/www.softub.ch\/wp-content\/uploads\/Naantali-0-.jpg","datePublished":"2020-10-14T08:52:55+00:00","dateModified":"2025-07-02T09:42:38+00:00","description":"Saunahaus Naantali von Weka ist kompakt, f\u00fcr kleine G\u00e4rten geeignet und mit einer extra hohen T\u00fcr ausgestattet. Die perfekte Erg\u00e4nzung f\u00fcr Ihren Garten.","breadcrumb":{"@id":"https:\/\/www.softub.ch\/fr\/produit\/saunahaus-naantali-von-weka\/#breadcrumb"},"inLanguage":"fr-FR","potentialAction":[{"@type":"ReadAction","target":["https:\/\/www.softub.ch\/fr\/produit\/saunahaus-naantali-von-weka\/"]}]},{"@type":"ImageObject","inLanguage":"fr-FR","@id":"https:\/\/www.softub.ch\/fr\/produit\/saunahaus-naantali-von-weka\/#primaryimage","url":"https:\/\/www.softub.ch\/wp-content\/uploads\/Naantali-0-.jpg","contentUrl":"https:\/\/www.softub.ch\/wp-content\/uploads\/Naantali-0-.jpg","width":1920,"height":1080,"caption":"Naantali Saunahaus von Weka. Softub Schweiz. Softub. Weka Saunah\u00e4user."},{"@type":"BreadcrumbList","@id":"https:\/\/www.softub.ch\/fr\/produit\/saunahaus-naantali-von-weka\/#breadcrumb","itemListElement":[{"@type":"ListItem","position":1,"name":"Startseite","item":"https:\/\/www.softub.ch\/fr\/"},{"@type":"ListItem","position":2,"name":"Shop","item":"https:\/\/www.softub.ch\/fr\/softub-suisse-shop\/"},{"@type":"ListItem","position":3,"name":"Weka Saunahaus NAANTALI &#8211; als Sparset erh\u00e4ltlich"}]},{"@type":"WebSite","@id":"https:\/\/www.softub.ch\/fr\/#website","url":"https:\/\/www.softub.ch\/fr\/","name":"Softub Schweiz","description":"Softub - Wir machen Ferien Zuhause","publisher":{"@id":"https:\/\/www.softub.ch\/fr\/#organization"},"potentialAction":[{"@type":"SearchAction","target":{"@type":"EntryPoint","urlTemplate":"https:\/\/www.softub.ch\/fr\/?s={search_term_string}"},"query-input":{"@type":"PropertyValueSpecification","valueRequired":true,"valueName":"search_term_string"}}],"inLanguage":"fr-FR"},{"@type":"Organization","@id":"https:\/\/www.softub.ch\/fr\/#organization","name":"Softub Schweiz AG","url":"https:\/\/www.softub.ch\/fr\/","logo":{"@type":"ImageObject","inLanguage":"fr-FR","@id":"https:\/\/www.softub.ch\/fr\/#\/schema\/logo\/image\/","url":"https:\/\/www.softub.ch\/wp-content\/uploads\/Softub-Logo-Softub-Schweiz-.png","contentUrl":"https:\/\/www.softub.ch\/wp-content\/uploads\/Softub-Logo-Softub-Schweiz-.png","width":200,"height":73,"caption":"Softub Schweiz AG"},"image":{"@id":"https:\/\/www.softub.ch\/fr\/#\/schema\/logo\/image\/"},"sameAs":["https:\/\/www.facebook.com\/softubschweiz","https:\/\/www.instagram.com\/softub_schweiz\/","https:\/\/ch.pinterest.com\/softub_schweiz\/","https:\/\/www.linkedin.com\/company\/softub-schweiz-ag\/"]}]}},"_links":{"self":[{"href":"https:\/\/www.softub.ch\/fr\/wp-json\/wp\/v2\/product\/71613","targetHints":{"allow":["GET"]}}],"collection":[{"href":"https:\/\/www.softub.ch\/fr\/wp-json\/wp\/v2\/product"}],"about":[{"href":"https:\/\/www.softub.ch\/fr\/wp-json\/wp\/v2\/types\/product"}],"wp:featuredmedia":[{"embeddable":true,"href":"https:\/\/www.softub.ch\/fr\/wp-json\/wp\/v2\/media\/20507"}],"wp:attachment":[{"href":"https:\/\/www.softub.ch\/fr\/wp-json\/wp\/v2\/media?parent=71613"}],"wp:term":[{"taxonomy":"product_brand","embeddable":true,"href":"https:\/\/www.softub.ch\/fr\/wp-json\/wp\/v2\/product_brand?post=71613"},{"taxonomy":"product_cat","embeddable":true,"href":"https:\/\/www.softub.ch\/fr\/wp-json\/wp\/v2\/product_cat?post=71613"},{"taxonomy":"product_tag","embeddable":true,"href":"https:\/\/www.softub.ch\/fr\/wp-json\/wp\/v2\/product_tag?post=71613"},{"taxonomy":"woo-feed-brand","embeddable":true,"href":"https:\/\/www.softub.ch\/fr\/wp-json\/wp\/v2\/woo-feed-brand?post=71613"}],"curies":[{"name":"wp","href":"https:\/\/api.w.org\/{rel}","templated":true}]}}